{"id":15073,"date":"2023-03-10T10:59:21","date_gmt":"2023-03-10T09:59:21","guid":{"rendered":"https:\/\/www.akuryprodukte.de\/?post_type=product&#038;p=15073"},"modified":"2023-09-26T10:57:43","modified_gmt":"2023-09-26T08:57:43","slug":"haut-01-schuppenflechte-psoriasis","status":"publish","type":"product","link":"https:\/\/www.akuryprodukte.de\/en\/shop\/haut-01-schuppenflechte-psoriasis\/","title":{"rendered":"HAUT 01 Schuppenflechte\/ Psoriasis"},"content":{"rendered":"<p style=\"margin: 0cm; line-height: 16.5pt; background: white;\"><span style=\"font-family: 'Arial',sans-serif; color: #202124; background: white;\">Die Schuppenflechte (Psoriasis) ist eine\u00a0entz\u00fcndliche, nicht ansteckende Erkrankung. Sie macht sich vor allem durch r\u00f6tliche, schuppende Hautver\u00e4nderungen bemerkbar, die jucken k\u00f6nnen. Die chronische Erkrankung verl\u00e4uft typischerweise in Sch\u00fcben mit mal st\u00e4rkeren, mal leichteren oder gar keinen Hautproblemen.<\/span><\/p>\n<p style=\"margin: 0cm; line-height: 16.5pt; background: white;\"><span style=\"font-family: 'Arial',sans-serif; color: #202124; background: white;\">Als\u00a0Psoriasis-Ursache gilt ein Zusammenspiel von zwei Faktoren: Eine genetische Veranlagung sowie bestimmte Ausl\u00f6ser wie Stress, Infekte und mechanische Reize auf der Haut. Die Krankheit tritt allerdings nicht bei jedem auf, der die Veranlagung hat.<\/span><\/p>\n<p style=\"margin: 0cm; line-height: 16.5pt; background: white;\"><span style=\"font-family: 'Arial',sans-serif; color: #202124; background: white;\">Der Chip enth\u00e4lt Informationen und Frequenzen, welche die Linderung der Schuppenflechte auf der physischen und psychischen Ebene unterst\u00fctzen sollen.<\/span><\/p>\n","protected":false},"excerpt":{"rendered":"<p>Die Schuppenflechte (Psoriasis) ist eine\u00a0entz\u00fcndliche, nicht ansteckende Erkrankung. Sie macht sich vor allem durch r\u00f6tliche, schuppende Hautver\u00e4nderungen bemerkbar, die jucken k\u00f6nnen. Die chronische Erkrankung verl\u00e4uft typischerweise in Sch\u00fcben mit mal st\u00e4rkeren, mal leichteren oder gar keinen Hautproblemen. Als\u00a0Psoriasis-Ursache gilt ein Zusammenspiel von zwei Faktoren: Eine genetische Veranlagung sowie bestimmte Ausl\u00f6ser wie Stress, Infekte und mechanische [&hellip;]<\/p>\n","protected":false},"featured_media":17318,"comment_status":"open","ping_status":"closed","template":"","meta":[],"product_brand":[],"product_cat":[2979,3011,3008,34,490,2007,1440],"product_tag":[],"class_list":{"0":"post-15073","1":"product","2":"type-product","3":"status-publish","4":"has-post-thumbnail","6":"product_cat-info-chips-hautprobleme","7":"product_cat-info-chips-infektion-entzuendung","8":"product_cat-info-chips-stuetz-und-bewegungsapparat-haut-schleimhaut","9":"product_cat-info-chips-a-z","10":"product_cat-info-chips-themenbereiche","11":"product_cat-info-chips-stoffwechsel","12":"product_cat-info-chips-psyche","14":"first","15":"instock","16":"taxable","17":"shipping-taxable","18":"purchasable","19":"product-type-simple"},"yoast_head":"<!-- This site is optimized with the Yoast SEO plugin v27.3 - https:\/\/yoast.com\/product\/yoast-seo-wordpress\/ -->\n<title>HAUT 01 Schuppenflechte\/ Psoriasis - akury<\/title>\n<meta name=\"robots\" content=\"index, follow, max-snippet:-1, max-image-preview:large, max-video-preview:-1\" \/>\n<link rel=\"canonical\" href=\"https:\/\/www.akuryprodukte.de\/en\/shop\/haut-01-schuppenflechte-psoriasis\/\" \/>\n<meta property=\"og:locale\" content=\"en_US\" \/>\n<meta property=\"og:type\" content=\"article\" \/>\n<meta property=\"og:title\" content=\"HAUT 01 Schuppenflechte\/ Psoriasis - akury\" \/>\n<meta property=\"og:description\" content=\"Die Schuppenflechte (Psoriasis) ist eine\u00a0entz\u00fcndliche, nicht ansteckende Erkrankung. Sie macht sich vor allem durch r\u00f6tliche, schuppende Hautver\u00e4nderungen bemerkbar, die jucken k\u00f6nnen. Die chronische Erkrankung verl\u00e4uft typischerweise in Sch\u00fcben mit mal st\u00e4rkeren, mal leichteren oder gar keinen Hautproblemen. Als\u00a0Psoriasis-Ursache gilt ein Zusammenspiel von zwei Faktoren: Eine genetische Veranlagung sowie bestimmte Ausl\u00f6ser wie Stress, Infekte und mechanische [&hellip;]\" \/>\n<meta property=\"og:url\" content=\"https:\/\/www.akuryprodukte.de\/en\/shop\/haut-01-schuppenflechte-psoriasis\/\" \/>\n<meta property=\"og:site_name\" content=\"akury\" \/>\n<meta property=\"article:publisher\" content=\"https:\/\/de-de.facebook.com\/bioenergetischesinformationsmanagement\/\" \/>\n<meta property=\"article:modified_time\" content=\"2023-09-26T08:57:43+00:00\" \/>\n<meta property=\"og:image\" content=\"https:\/\/www.akuryprodukte.de\/wp-content\/uploads\/2023\/03\/HAUT-1-1.png\" \/>\n\t<meta property=\"og:image:width\" content=\"575\" \/>\n\t<meta property=\"og:image:height\" content=\"575\" \/>\n\t<meta property=\"og:image:type\" content=\"image\/png\" \/>\n<meta name=\"twitter:card\" content=\"summary_large_image\" \/>\n<meta name=\"twitter:site\" content=\"@heiko_wenner\" \/>\n<meta name=\"twitter:label1\" content=\"Est. reading time\" \/>\n\t<meta name=\"twitter:data1\" content=\"1 minute\" \/>\n<script type=\"application\/ld+json\" class=\"yoast-schema-graph\">{\"@context\":\"https:\\\/\\\/schema.org\",\"@graph\":[{\"@type\":\"WebPage\",\"@id\":\"https:\\\/\\\/www.akuryprodukte.de\\\/en\\\/shop\\\/haut-01-schuppenflechte-psoriasis\\\/\",\"url\":\"https:\\\/\\\/www.akuryprodukte.de\\\/en\\\/shop\\\/haut-01-schuppenflechte-psoriasis\\\/\",\"name\":\"HAUT 01 Schuppenflechte\\\/ Psoriasis - akury\",\"isPartOf\":{\"@id\":\"https:\\\/\\\/www.akuryprodukte.de\\\/en\\\/#website\"},\"primaryImageOfPage\":{\"@id\":\"https:\\\/\\\/www.akuryprodukte.de\\\/en\\\/shop\\\/haut-01-schuppenflechte-psoriasis\\\/#primaryimage\"},\"image\":{\"@id\":\"https:\\\/\\\/www.akuryprodukte.de\\\/en\\\/shop\\\/haut-01-schuppenflechte-psoriasis\\\/#primaryimage\"},\"thumbnailUrl\":\"https:\\\/\\\/www.akuryprodukte.de\\\/wp-content\\\/uploads\\\/2023\\\/03\\\/HAUT-1-1.png\",\"datePublished\":\"2023-03-10T09:59:21+00:00\",\"dateModified\":\"2023-09-26T08:57:43+00:00\",\"breadcrumb\":{\"@id\":\"https:\\\/\\\/www.akuryprodukte.de\\\/en\\\/shop\\\/haut-01-schuppenflechte-psoriasis\\\/#breadcrumb\"},\"inLanguage\":\"en-US\",\"potentialAction\":[{\"@type\":\"ReadAction\",\"target\":[\"https:\\\/\\\/www.akuryprodukte.de\\\/en\\\/shop\\\/haut-01-schuppenflechte-psoriasis\\\/\"]}]},{\"@type\":\"ImageObject\",\"inLanguage\":\"en-US\",\"@id\":\"https:\\\/\\\/www.akuryprodukte.de\\\/en\\\/shop\\\/haut-01-schuppenflechte-psoriasis\\\/#primaryimage\",\"url\":\"https:\\\/\\\/www.akuryprodukte.de\\\/wp-content\\\/uploads\\\/2023\\\/03\\\/HAUT-1-1.png\",\"contentUrl\":\"https:\\\/\\\/www.akuryprodukte.de\\\/wp-content\\\/uploads\\\/2023\\\/03\\\/HAUT-1-1.png\",\"width\":575,\"height\":575},{\"@type\":\"BreadcrumbList\",\"@id\":\"https:\\\/\\\/www.akuryprodukte.de\\\/en\\\/shop\\\/haut-01-schuppenflechte-psoriasis\\\/#breadcrumb\",\"itemListElement\":[{\"@type\":\"ListItem\",\"position\":1,\"name\":\"Startseite\",\"item\":\"https:\\\/\\\/www.akuryprodukte.de\\\/en\\\/\"},{\"@type\":\"ListItem\",\"position\":2,\"name\":\"Shop\",\"item\":\"https:\\\/\\\/www.akuryprodukte.de\\\/en\\\/shop-en\\\/\"},{\"@type\":\"ListItem\",\"position\":3,\"name\":\"HAUT 01 Schuppenflechte\\\/ Psoriasis\"}]},{\"@type\":\"WebSite\",\"@id\":\"https:\\\/\\\/www.akuryprodukte.de\\\/en\\\/#website\",\"url\":\"https:\\\/\\\/www.akuryprodukte.de\\\/en\\\/\",\"name\":\"akury\",\"description\":\"Produkte f\u00fcr Ihr Wohlbefinden\",\"publisher\":{\"@id\":\"https:\\\/\\\/www.akuryprodukte.de\\\/en\\\/#organization\"},\"potentialAction\":[{\"@type\":\"SearchAction\",\"target\":{\"@type\":\"EntryPoint\",\"urlTemplate\":\"https:\\\/\\\/www.akuryprodukte.de\\\/en\\\/?s={search_term_string}\"},\"query-input\":{\"@type\":\"PropertyValueSpecification\",\"valueRequired\":true,\"valueName\":\"search_term_string\"}}],\"inLanguage\":\"en-US\"},{\"@type\":\"Organization\",\"@id\":\"https:\\\/\\\/www.akuryprodukte.de\\\/en\\\/#organization\",\"name\":\"AkuRy GmbH\",\"url\":\"https:\\\/\\\/www.akuryprodukte.de\\\/en\\\/\",\"logo\":{\"@type\":\"ImageObject\",\"inLanguage\":\"en-US\",\"@id\":\"https:\\\/\\\/www.akuryprodukte.de\\\/en\\\/#\\\/schema\\\/logo\\\/image\\\/\",\"url\":\"https:\\\/\\\/www.akuryprodukte.de\\\/wp-content\\\/uploads\\\/2020\\\/09\\\/Logo_AKY-p-512.jpg\",\"contentUrl\":\"https:\\\/\\\/www.akuryprodukte.de\\\/wp-content\\\/uploads\\\/2020\\\/09\\\/Logo_AKY-p-512.jpg\",\"width\":512,\"height\":512,\"caption\":\"AkuRy GmbH\"},\"image\":{\"@id\":\"https:\\\/\\\/www.akuryprodukte.de\\\/en\\\/#\\\/schema\\\/logo\\\/image\\\/\"},\"sameAs\":[\"https:\\\/\\\/de-de.facebook.com\\\/bioenergetischesinformationsmanagement\\\/\",\"https:\\\/\\\/x.com\\\/heiko_wenner\",\"https:\\\/\\\/www.instagram.com\\\/akury_gmbh\\\/\",\"https:\\\/\\\/www.youtube.com\\\/channel\\\/UCyItRPbJUon1m0Gq6kV2Izw\"]}]}<\/script>\n<!-- \/ Yoast SEO plugin. -->","yoast_head_json":{"title":"HAUT 01 Schuppenflechte\/ Psoriasis - akury","robots":{"index":"index","follow":"follow","max-snippet":"max-snippet:-1","max-image-preview":"max-image-preview:large","max-video-preview":"max-video-preview:-1"},"canonical":"https:\/\/www.akuryprodukte.de\/en\/shop\/haut-01-schuppenflechte-psoriasis\/","og_locale":"en_US","og_type":"article","og_title":"HAUT 01 Schuppenflechte\/ Psoriasis - akury","og_description":"Die Schuppenflechte (Psoriasis) ist eine\u00a0entz\u00fcndliche, nicht ansteckende Erkrankung. Sie macht sich vor allem durch r\u00f6tliche, schuppende Hautver\u00e4nderungen bemerkbar, die jucken k\u00f6nnen. Die chronische Erkrankung verl\u00e4uft typischerweise in Sch\u00fcben mit mal st\u00e4rkeren, mal leichteren oder gar keinen Hautproblemen. Als\u00a0Psoriasis-Ursache gilt ein Zusammenspiel von zwei Faktoren: Eine genetische Veranlagung sowie bestimmte Ausl\u00f6ser wie Stress, Infekte und mechanische [&hellip;]","og_url":"https:\/\/www.akuryprodukte.de\/en\/shop\/haut-01-schuppenflechte-psoriasis\/","og_site_name":"akury","article_publisher":"https:\/\/de-de.facebook.com\/bioenergetischesinformationsmanagement\/","article_modified_time":"2023-09-26T08:57:43+00:00","og_image":[{"width":575,"height":575,"url":"https:\/\/www.akuryprodukte.de\/wp-content\/uploads\/2023\/03\/HAUT-1-1.png","type":"image\/png"}],"twitter_card":"summary_large_image","twitter_site":"@heiko_wenner","twitter_misc":{"Est. reading time":"1 minute"},"schema":{"@context":"https:\/\/schema.org","@graph":[{"@type":"WebPage","@id":"https:\/\/www.akuryprodukte.de\/en\/shop\/haut-01-schuppenflechte-psoriasis\/","url":"https:\/\/www.akuryprodukte.de\/en\/shop\/haut-01-schuppenflechte-psoriasis\/","name":"HAUT 01 Schuppenflechte\/ Psoriasis - akury","isPartOf":{"@id":"https:\/\/www.akuryprodukte.de\/en\/#website"},"primaryImageOfPage":{"@id":"https:\/\/www.akuryprodukte.de\/en\/shop\/haut-01-schuppenflechte-psoriasis\/#primaryimage"},"image":{"@id":"https:\/\/www.akuryprodukte.de\/en\/shop\/haut-01-schuppenflechte-psoriasis\/#primaryimage"},"thumbnailUrl":"https:\/\/www.akuryprodukte.de\/wp-content\/uploads\/2023\/03\/HAUT-1-1.png","datePublished":"2023-03-10T09:59:21+00:00","dateModified":"2023-09-26T08:57:43+00:00","breadcrumb":{"@id":"https:\/\/www.akuryprodukte.de\/en\/shop\/haut-01-schuppenflechte-psoriasis\/#breadcrumb"},"inLanguage":"en-US","potentialAction":[{"@type":"ReadAction","target":["https:\/\/www.akuryprodukte.de\/en\/shop\/haut-01-schuppenflechte-psoriasis\/"]}]},{"@type":"ImageObject","inLanguage":"en-US","@id":"https:\/\/www.akuryprodukte.de\/en\/shop\/haut-01-schuppenflechte-psoriasis\/#primaryimage","url":"https:\/\/www.akuryprodukte.de\/wp-content\/uploads\/2023\/03\/HAUT-1-1.png","contentUrl":"https:\/\/www.akuryprodukte.de\/wp-content\/uploads\/2023\/03\/HAUT-1-1.png","width":575,"height":575},{"@type":"BreadcrumbList","@id":"https:\/\/www.akuryprodukte.de\/en\/shop\/haut-01-schuppenflechte-psoriasis\/#breadcrumb","itemListElement":[{"@type":"ListItem","position":1,"name":"Startseite","item":"https:\/\/www.akuryprodukte.de\/en\/"},{"@type":"ListItem","position":2,"name":"Shop","item":"https:\/\/www.akuryprodukte.de\/en\/shop-en\/"},{"@type":"ListItem","position":3,"name":"HAUT 01 Schuppenflechte\/ Psoriasis"}]},{"@type":"WebSite","@id":"https:\/\/www.akuryprodukte.de\/en\/#website","url":"https:\/\/www.akuryprodukte.de\/en\/","name":"akury","description":"Produkte f\u00fcr Ihr Wohlbefinden","publisher":{"@id":"https:\/\/www.akuryprodukte.de\/en\/#organization"},"potentialAction":[{"@type":"SearchAction","target":{"@type":"EntryPoint","urlTemplate":"https:\/\/www.akuryprodukte.de\/en\/?s={search_term_string}"},"query-input":{"@type":"PropertyValueSpecification","valueRequired":true,"valueName":"search_term_string"}}],"inLanguage":"en-US"},{"@type":"Organization","@id":"https:\/\/www.akuryprodukte.de\/en\/#organization","name":"AkuRy GmbH","url":"https:\/\/www.akuryprodukte.de\/en\/","logo":{"@type":"ImageObject","inLanguage":"en-US","@id":"https:\/\/www.akuryprodukte.de\/en\/#\/schema\/logo\/image\/","url":"https:\/\/www.akuryprodukte.de\/wp-content\/uploads\/2020\/09\/Logo_AKY-p-512.jpg","contentUrl":"https:\/\/www.akuryprodukte.de\/wp-content\/uploads\/2020\/09\/Logo_AKY-p-512.jpg","width":512,"height":512,"caption":"AkuRy GmbH"},"image":{"@id":"https:\/\/www.akuryprodukte.de\/en\/#\/schema\/logo\/image\/"},"sameAs":["https:\/\/de-de.facebook.com\/bioenergetischesinformationsmanagement\/","https:\/\/x.com\/heiko_wenner","https:\/\/www.instagram.com\/akury_gmbh\/","https:\/\/www.youtube.com\/channel\/UCyItRPbJUon1m0Gq6kV2Izw"]}]}},"_links":{"self":[{"href":"https:\/\/www.akuryprodukte.de\/en\/wp-json\/wp\/v2\/product\/15073","targetHints":{"allow":["GET"]}}],"collection":[{"href":"https:\/\/www.akuryprodukte.de\/en\/wp-json\/wp\/v2\/product"}],"about":[{"href":"https:\/\/www.akuryprodukte.de\/en\/wp-json\/wp\/v2\/types\/product"}],"replies":[{"embeddable":true,"href":"https:\/\/www.akuryprodukte.de\/en\/wp-json\/wp\/v2\/comments?post=15073"}],"wp:featuredmedia":[{"embeddable":true,"href":"https:\/\/www.akuryprodukte.de\/en\/wp-json\/wp\/v2\/media\/17318"}],"wp:attachment":[{"href":"https:\/\/www.akuryprodukte.de\/en\/wp-json\/wp\/v2\/media?parent=15073"}],"wp:term":[{"taxonomy":"product_brand","embeddable":true,"href":"https:\/\/www.akuryprodukte.de\/en\/wp-json\/wp\/v2\/product_brand?post=15073"},{"taxonomy":"product_cat","embeddable":true,"href":"https:\/\/www.akuryprodukte.de\/en\/wp-json\/wp\/v2\/product_cat?post=15073"},{"taxonomy":"product_tag","embeddable":true,"href":"https:\/\/www.akuryprodukte.de\/en\/wp-json\/wp\/v2\/product_tag?post=15073"}],"curies":[{"name":"wp","href":"https:\/\/api.w.org\/{rel}","templated":true}]}}