{"id":17359,"date":"2023-05-07T11:29:23","date_gmt":"2023-05-07T09:29:23","guid":{"rendered":"https:\/\/www.akuryprodukte.de\/?post_type=product&#038;p=17359"},"modified":"2023-09-26T10:57:39","modified_gmt":"2023-09-26T08:57:39","slug":"haut-04-juckreiz","status":"publish","type":"product","link":"https:\/\/www.akuryprodukte.de\/en\/shop\/haut-04-juckreiz\/","title":{"rendered":"HAUT 04 Juckreiz"},"content":{"rendered":"<p><strong>HAUT 04 Juckreiz<\/strong><\/p>\n<p>Juckreiz (Pruritus) l\u00f6st das Verlangen aus, die entsprechende Stelle zu kratzen. Die Hautstelle, die juckt, sieht manchmal normal aus, in anderen F\u00e4llen ist sie durch eine (Haut)Krankheit ver\u00e4ndert. Klingt der Juckreiz nach sechs Wochen nicht ab, sprechen \u00c4rzte von chronischem Pruritus.<\/p>\n<p>Juckreiz ist eine st\u00f6rende, teilweise sogar qu\u00e4lende Sinneswahrnehmung, die mit einem unstillbaren Drang des Kratzens einhergeht. Wenn die H\u00e4nde die juckende Stelle nicht erreichen, nehmen Betroffene zum Teil Gegenst\u00e4nde zur Hilfe. Pruritus macht sich meist\u00a0an bestimmten K\u00f6rperstellen (lokalisiert)\u00a0bemerkbar, in einigen F\u00e4llen tritt Juckreiz aber auch\u00a0am ganzen K\u00f6rper (generalisiert)\u00a0auf.<\/p>\n<p>Oberk\u00f6rper auftritt, h\u00e4ngt von seiner Ursache ab: Manchmal stecken eine Allergie oder eine Hauterkrankung wie Neurodermitis (atopisches Ekzem) dahinter, manchmal ist es eine Pilzinfektion oder einfach trockene Haut. Je nach Ursache f\u00e4llt der Juckreiz unterschiedlich stark aus. Mal ist er Tag und Nacht pr\u00e4sent, mal tritt der Juckreiz erst dann auf, wenn man zur Ruhe kommt.<\/p>\n<p>Der Chip enth\u00e4lt Frequenzen und Informationen, die dazu beitragen sollen, den Juckreiz zu lindern.<\/p>\n","protected":false},"excerpt":{"rendered":"<p>HAUT 04 Juckreiz Juckreiz (Pruritus) l\u00f6st das Verlangen aus, die entsprechende Stelle zu kratzen. Die Hautstelle, die juckt, sieht manchmal normal aus, in anderen F\u00e4llen ist sie durch eine (Haut)Krankheit ver\u00e4ndert. Klingt der Juckreiz nach sechs Wochen nicht ab, sprechen \u00c4rzte von chronischem Pruritus. Juckreiz ist eine st\u00f6rende, teilweise sogar qu\u00e4lende Sinneswahrnehmung, die mit einem [&hellip;]<\/p>\n","protected":false},"featured_media":17363,"comment_status":"open","ping_status":"closed","template":"","meta":[],"product_brand":[],"product_cat":[2979,34,490],"product_tag":[],"class_list":{"0":"post-17359","1":"product","2":"type-product","3":"status-publish","4":"has-post-thumbnail","6":"product_cat-info-chips-hautprobleme","7":"product_cat-info-chips-a-z","8":"product_cat-info-chips-themenbereiche","10":"first","11":"instock","12":"taxable","13":"shipping-taxable","14":"purchasable","15":"product-type-simple"},"yoast_head":"<!-- This site is optimized with the Yoast SEO plugin v27.3 - https:\/\/yoast.com\/product\/yoast-seo-wordpress\/ -->\n<title>HAUT 04 Juckreiz - akury<\/title>\n<meta name=\"robots\" content=\"index, follow, max-snippet:-1, max-image-preview:large, max-video-preview:-1\" \/>\n<link rel=\"canonical\" href=\"https:\/\/www.akuryprodukte.de\/en\/shop\/haut-04-juckreiz\/\" \/>\n<meta property=\"og:locale\" content=\"en_US\" \/>\n<meta property=\"og:type\" content=\"article\" \/>\n<meta property=\"og:title\" content=\"HAUT 04 Juckreiz - akury\" \/>\n<meta property=\"og:description\" content=\"HAUT 04 Juckreiz Juckreiz (Pruritus) l\u00f6st das Verlangen aus, die entsprechende Stelle zu kratzen. Die Hautstelle, die juckt, sieht manchmal normal aus, in anderen F\u00e4llen ist sie durch eine (Haut)Krankheit ver\u00e4ndert. Klingt der Juckreiz nach sechs Wochen nicht ab, sprechen \u00c4rzte von chronischem Pruritus. Juckreiz ist eine st\u00f6rende, teilweise sogar qu\u00e4lende Sinneswahrnehmung, die mit einem [&hellip;]\" \/>\n<meta property=\"og:url\" content=\"https:\/\/www.akuryprodukte.de\/en\/shop\/haut-04-juckreiz\/\" \/>\n<meta property=\"og:site_name\" content=\"akury\" \/>\n<meta property=\"article:publisher\" content=\"https:\/\/de-de.facebook.com\/bioenergetischesinformationsmanagement\/\" \/>\n<meta property=\"article:modified_time\" content=\"2023-09-26T08:57:39+00:00\" \/>\n<meta property=\"og:image\" content=\"https:\/\/www.akuryprodukte.de\/wp-content\/uploads\/2023\/05\/HAUT-04-1.png\" \/>\n\t<meta property=\"og:image:width\" content=\"575\" \/>\n\t<meta property=\"og:image:height\" content=\"575\" \/>\n\t<meta property=\"og:image:type\" content=\"image\/png\" \/>\n<meta name=\"twitter:card\" content=\"summary_large_image\" \/>\n<meta name=\"twitter:site\" content=\"@heiko_wenner\" \/>\n<meta name=\"twitter:label1\" content=\"Est. reading time\" \/>\n\t<meta name=\"twitter:data1\" content=\"1 minute\" \/>\n<script type=\"application\/ld+json\" class=\"yoast-schema-graph\">{\"@context\":\"https:\\\/\\\/schema.org\",\"@graph\":[{\"@type\":\"WebPage\",\"@id\":\"https:\\\/\\\/www.akuryprodukte.de\\\/en\\\/shop\\\/haut-04-juckreiz\\\/\",\"url\":\"https:\\\/\\\/www.akuryprodukte.de\\\/en\\\/shop\\\/haut-04-juckreiz\\\/\",\"name\":\"HAUT 04 Juckreiz - akury\",\"isPartOf\":{\"@id\":\"https:\\\/\\\/www.akuryprodukte.de\\\/en\\\/#website\"},\"primaryImageOfPage\":{\"@id\":\"https:\\\/\\\/www.akuryprodukte.de\\\/en\\\/shop\\\/haut-04-juckreiz\\\/#primaryimage\"},\"image\":{\"@id\":\"https:\\\/\\\/www.akuryprodukte.de\\\/en\\\/shop\\\/haut-04-juckreiz\\\/#primaryimage\"},\"thumbnailUrl\":\"https:\\\/\\\/www.akuryprodukte.de\\\/wp-content\\\/uploads\\\/2023\\\/05\\\/HAUT-04-1.png\",\"datePublished\":\"2023-05-07T09:29:23+00:00\",\"dateModified\":\"2023-09-26T08:57:39+00:00\",\"breadcrumb\":{\"@id\":\"https:\\\/\\\/www.akuryprodukte.de\\\/en\\\/shop\\\/haut-04-juckreiz\\\/#breadcrumb\"},\"inLanguage\":\"en-US\",\"potentialAction\":[{\"@type\":\"ReadAction\",\"target\":[\"https:\\\/\\\/www.akuryprodukte.de\\\/en\\\/shop\\\/haut-04-juckreiz\\\/\"]}]},{\"@type\":\"ImageObject\",\"inLanguage\":\"en-US\",\"@id\":\"https:\\\/\\\/www.akuryprodukte.de\\\/en\\\/shop\\\/haut-04-juckreiz\\\/#primaryimage\",\"url\":\"https:\\\/\\\/www.akuryprodukte.de\\\/wp-content\\\/uploads\\\/2023\\\/05\\\/HAUT-04-1.png\",\"contentUrl\":\"https:\\\/\\\/www.akuryprodukte.de\\\/wp-content\\\/uploads\\\/2023\\\/05\\\/HAUT-04-1.png\",\"width\":575,\"height\":575},{\"@type\":\"BreadcrumbList\",\"@id\":\"https:\\\/\\\/www.akuryprodukte.de\\\/en\\\/shop\\\/haut-04-juckreiz\\\/#breadcrumb\",\"itemListElement\":[{\"@type\":\"ListItem\",\"position\":1,\"name\":\"Startseite\",\"item\":\"https:\\\/\\\/www.akuryprodukte.de\\\/en\\\/\"},{\"@type\":\"ListItem\",\"position\":2,\"name\":\"Shop\",\"item\":\"https:\\\/\\\/www.akuryprodukte.de\\\/en\\\/shop-en\\\/\"},{\"@type\":\"ListItem\",\"position\":3,\"name\":\"HAUT 04 Juckreiz\"}]},{\"@type\":\"WebSite\",\"@id\":\"https:\\\/\\\/www.akuryprodukte.de\\\/en\\\/#website\",\"url\":\"https:\\\/\\\/www.akuryprodukte.de\\\/en\\\/\",\"name\":\"akury\",\"description\":\"Produkte f\u00fcr Ihr Wohlbefinden\",\"publisher\":{\"@id\":\"https:\\\/\\\/www.akuryprodukte.de\\\/en\\\/#organization\"},\"potentialAction\":[{\"@type\":\"SearchAction\",\"target\":{\"@type\":\"EntryPoint\",\"urlTemplate\":\"https:\\\/\\\/www.akuryprodukte.de\\\/en\\\/?s={search_term_string}\"},\"query-input\":{\"@type\":\"PropertyValueSpecification\",\"valueRequired\":true,\"valueName\":\"search_term_string\"}}],\"inLanguage\":\"en-US\"},{\"@type\":\"Organization\",\"@id\":\"https:\\\/\\\/www.akuryprodukte.de\\\/en\\\/#organization\",\"name\":\"AkuRy GmbH\",\"url\":\"https:\\\/\\\/www.akuryprodukte.de\\\/en\\\/\",\"logo\":{\"@type\":\"ImageObject\",\"inLanguage\":\"en-US\",\"@id\":\"https:\\\/\\\/www.akuryprodukte.de\\\/en\\\/#\\\/schema\\\/logo\\\/image\\\/\",\"url\":\"https:\\\/\\\/www.akuryprodukte.de\\\/wp-content\\\/uploads\\\/2020\\\/09\\\/Logo_AKY-p-512.jpg\",\"contentUrl\":\"https:\\\/\\\/www.akuryprodukte.de\\\/wp-content\\\/uploads\\\/2020\\\/09\\\/Logo_AKY-p-512.jpg\",\"width\":512,\"height\":512,\"caption\":\"AkuRy GmbH\"},\"image\":{\"@id\":\"https:\\\/\\\/www.akuryprodukte.de\\\/en\\\/#\\\/schema\\\/logo\\\/image\\\/\"},\"sameAs\":[\"https:\\\/\\\/de-de.facebook.com\\\/bioenergetischesinformationsmanagement\\\/\",\"https:\\\/\\\/x.com\\\/heiko_wenner\",\"https:\\\/\\\/www.instagram.com\\\/akury_gmbh\\\/\",\"https:\\\/\\\/www.youtube.com\\\/channel\\\/UCyItRPbJUon1m0Gq6kV2Izw\"]}]}<\/script>\n<!-- \/ Yoast SEO plugin. -->","yoast_head_json":{"title":"HAUT 04 Juckreiz - akury","robots":{"index":"index","follow":"follow","max-snippet":"max-snippet:-1","max-image-preview":"max-image-preview:large","max-video-preview":"max-video-preview:-1"},"canonical":"https:\/\/www.akuryprodukte.de\/en\/shop\/haut-04-juckreiz\/","og_locale":"en_US","og_type":"article","og_title":"HAUT 04 Juckreiz - akury","og_description":"HAUT 04 Juckreiz Juckreiz (Pruritus) l\u00f6st das Verlangen aus, die entsprechende Stelle zu kratzen. Die Hautstelle, die juckt, sieht manchmal normal aus, in anderen F\u00e4llen ist sie durch eine (Haut)Krankheit ver\u00e4ndert. Klingt der Juckreiz nach sechs Wochen nicht ab, sprechen \u00c4rzte von chronischem Pruritus. Juckreiz ist eine st\u00f6rende, teilweise sogar qu\u00e4lende Sinneswahrnehmung, die mit einem [&hellip;]","og_url":"https:\/\/www.akuryprodukte.de\/en\/shop\/haut-04-juckreiz\/","og_site_name":"akury","article_publisher":"https:\/\/de-de.facebook.com\/bioenergetischesinformationsmanagement\/","article_modified_time":"2023-09-26T08:57:39+00:00","og_image":[{"width":575,"height":575,"url":"https:\/\/www.akuryprodukte.de\/wp-content\/uploads\/2023\/05\/HAUT-04-1.png","type":"image\/png"}],"twitter_card":"summary_large_image","twitter_site":"@heiko_wenner","twitter_misc":{"Est. reading time":"1 minute"},"schema":{"@context":"https:\/\/schema.org","@graph":[{"@type":"WebPage","@id":"https:\/\/www.akuryprodukte.de\/en\/shop\/haut-04-juckreiz\/","url":"https:\/\/www.akuryprodukte.de\/en\/shop\/haut-04-juckreiz\/","name":"HAUT 04 Juckreiz - akury","isPartOf":{"@id":"https:\/\/www.akuryprodukte.de\/en\/#website"},"primaryImageOfPage":{"@id":"https:\/\/www.akuryprodukte.de\/en\/shop\/haut-04-juckreiz\/#primaryimage"},"image":{"@id":"https:\/\/www.akuryprodukte.de\/en\/shop\/haut-04-juckreiz\/#primaryimage"},"thumbnailUrl":"https:\/\/www.akuryprodukte.de\/wp-content\/uploads\/2023\/05\/HAUT-04-1.png","datePublished":"2023-05-07T09:29:23+00:00","dateModified":"2023-09-26T08:57:39+00:00","breadcrumb":{"@id":"https:\/\/www.akuryprodukte.de\/en\/shop\/haut-04-juckreiz\/#breadcrumb"},"inLanguage":"en-US","potentialAction":[{"@type":"ReadAction","target":["https:\/\/www.akuryprodukte.de\/en\/shop\/haut-04-juckreiz\/"]}]},{"@type":"ImageObject","inLanguage":"en-US","@id":"https:\/\/www.akuryprodukte.de\/en\/shop\/haut-04-juckreiz\/#primaryimage","url":"https:\/\/www.akuryprodukte.de\/wp-content\/uploads\/2023\/05\/HAUT-04-1.png","contentUrl":"https:\/\/www.akuryprodukte.de\/wp-content\/uploads\/2023\/05\/HAUT-04-1.png","width":575,"height":575},{"@type":"BreadcrumbList","@id":"https:\/\/www.akuryprodukte.de\/en\/shop\/haut-04-juckreiz\/#breadcrumb","itemListElement":[{"@type":"ListItem","position":1,"name":"Startseite","item":"https:\/\/www.akuryprodukte.de\/en\/"},{"@type":"ListItem","position":2,"name":"Shop","item":"https:\/\/www.akuryprodukte.de\/en\/shop-en\/"},{"@type":"ListItem","position":3,"name":"HAUT 04 Juckreiz"}]},{"@type":"WebSite","@id":"https:\/\/www.akuryprodukte.de\/en\/#website","url":"https:\/\/www.akuryprodukte.de\/en\/","name":"akury","description":"Produkte f\u00fcr Ihr Wohlbefinden","publisher":{"@id":"https:\/\/www.akuryprodukte.de\/en\/#organization"},"potentialAction":[{"@type":"SearchAction","target":{"@type":"EntryPoint","urlTemplate":"https:\/\/www.akuryprodukte.de\/en\/?s={search_term_string}"},"query-input":{"@type":"PropertyValueSpecification","valueRequired":true,"valueName":"search_term_string"}}],"inLanguage":"en-US"},{"@type":"Organization","@id":"https:\/\/www.akuryprodukte.de\/en\/#organization","name":"AkuRy GmbH","url":"https:\/\/www.akuryprodukte.de\/en\/","logo":{"@type":"ImageObject","inLanguage":"en-US","@id":"https:\/\/www.akuryprodukte.de\/en\/#\/schema\/logo\/image\/","url":"https:\/\/www.akuryprodukte.de\/wp-content\/uploads\/2020\/09\/Logo_AKY-p-512.jpg","contentUrl":"https:\/\/www.akuryprodukte.de\/wp-content\/uploads\/2020\/09\/Logo_AKY-p-512.jpg","width":512,"height":512,"caption":"AkuRy GmbH"},"image":{"@id":"https:\/\/www.akuryprodukte.de\/en\/#\/schema\/logo\/image\/"},"sameAs":["https:\/\/de-de.facebook.com\/bioenergetischesinformationsmanagement\/","https:\/\/x.com\/heiko_wenner","https:\/\/www.instagram.com\/akury_gmbh\/","https:\/\/www.youtube.com\/channel\/UCyItRPbJUon1m0Gq6kV2Izw"]}]}},"_links":{"self":[{"href":"https:\/\/www.akuryprodukte.de\/en\/wp-json\/wp\/v2\/product\/17359","targetHints":{"allow":["GET"]}}],"collection":[{"href":"https:\/\/www.akuryprodukte.de\/en\/wp-json\/wp\/v2\/product"}],"about":[{"href":"https:\/\/www.akuryprodukte.de\/en\/wp-json\/wp\/v2\/types\/product"}],"replies":[{"embeddable":true,"href":"https:\/\/www.akuryprodukte.de\/en\/wp-json\/wp\/v2\/comments?post=17359"}],"wp:featuredmedia":[{"embeddable":true,"href":"https:\/\/www.akuryprodukte.de\/en\/wp-json\/wp\/v2\/media\/17363"}],"wp:attachment":[{"href":"https:\/\/www.akuryprodukte.de\/en\/wp-json\/wp\/v2\/media?parent=17359"}],"wp:term":[{"taxonomy":"product_brand","embeddable":true,"href":"https:\/\/www.akuryprodukte.de\/en\/wp-json\/wp\/v2\/product_brand?post=17359"},{"taxonomy":"product_cat","embeddable":true,"href":"https:\/\/www.akuryprodukte.de\/en\/wp-json\/wp\/v2\/product_cat?post=17359"},{"taxonomy":"product_tag","embeddable":true,"href":"https:\/\/www.akuryprodukte.de\/en\/wp-json\/wp\/v2\/product_tag?post=17359"}],"curies":[{"name":"wp","href":"https:\/\/api.w.org\/{rel}","templated":true}]}}