{"id":17360,"date":"2023-05-07T11:35:33","date_gmt":"2023-05-07T09:35:33","guid":{"rendered":"https:\/\/www.akuryprodukte.de\/?post_type=product&#038;p=17360"},"modified":"2023-09-26T10:57:38","modified_gmt":"2023-09-26T08:57:38","slug":"haut-06-zecken-floehe-milben-laeuse","status":"publish","type":"product","link":"https:\/\/www.akuryprodukte.de\/en\/shop\/haut-06-zecken-floehe-milben-laeuse\/","title":{"rendered":"HAUT 06 Zecken, Fl\u00f6he, Milben, L\u00e4use"},"content":{"rendered":"<p><strong>HAUT 06 Zecken, Fl\u00f6he, Milben, L\u00e4use <\/strong><\/p>\n<p>Durch die immer milderen Winter m\u00fcssen wir inzwischen das ganze Jahr \u00fcber Vorsorge gegen Parasitenbefall betreiben. Nicht nur drau\u00dfen, sondern auch in unseren gut geheizten Wohnungen f\u00fchlen sich eingeschleppte Parasiten wie z.B. Fl\u00f6he, L\u00e4use\u00a0und Milben, unabh\u00e4ngig von der Jahreszeit, sehr wohl und sind auch im Winter hochaktiv.<br \/>\nEktoparasiten oder auch Au\u00dfen Parasiten befinden sich auf ihrem Gastgeber und leben von Blut, Gewebsfl\u00fcssigkeit oder Hautsubstanzen ihrer Beute. Ektoparasiten sind h\u00e4ufig auch \u00dcbertr\u00e4ger von schweren Infektionserkrankungen, die f\u00fcr Ihre Tiere lebensbedrohlich sein k\u00f6nnen. Manche Parasiten k\u00f6nnen auch auf den Menschen \u00fcbersiedeln.<\/p>\n<p>Der Chip soll dazu beitragen, den Parasitenbefall zu lindern\/einzud\u00e4mmen.<\/p>\n","protected":false},"excerpt":{"rendered":"<p>HAUT 06 Zecken, Fl\u00f6he, Milben, L\u00e4use Durch die immer milderen Winter m\u00fcssen wir inzwischen das ganze Jahr \u00fcber Vorsorge gegen Parasitenbefall betreiben. Nicht nur drau\u00dfen, sondern auch in unseren gut geheizten Wohnungen f\u00fchlen sich eingeschleppte Parasiten wie z.B. Fl\u00f6he, L\u00e4use\u00a0und Milben, unabh\u00e4ngig von der Jahreszeit, sehr wohl und sind auch im Winter hochaktiv. Ektoparasiten oder [&hellip;]<\/p>\n","protected":false},"featured_media":17365,"comment_status":"open","ping_status":"closed","template":"","meta":[],"product_brand":[],"product_cat":[2979,34,490],"product_tag":[],"class_list":{"0":"post-17360","1":"product","2":"type-product","3":"status-publish","4":"has-post-thumbnail","6":"product_cat-info-chips-hautprobleme","7":"product_cat-info-chips-a-z","8":"product_cat-info-chips-themenbereiche","10":"first","11":"instock","12":"taxable","13":"shipping-taxable","14":"purchasable","15":"product-type-simple"},"yoast_head":"<!-- This site is optimized with the Yoast SEO plugin v27.3 - https:\/\/yoast.com\/product\/yoast-seo-wordpress\/ -->\n<title>HAUT 06 Zecken, Fl\u00f6he, Milben, L\u00e4use - akury<\/title>\n<meta name=\"robots\" content=\"index, follow, max-snippet:-1, max-image-preview:large, max-video-preview:-1\" \/>\n<link rel=\"canonical\" href=\"https:\/\/www.akuryprodukte.de\/en\/shop\/haut-06-zecken-floehe-milben-laeuse\/\" \/>\n<meta property=\"og:locale\" content=\"en_US\" \/>\n<meta property=\"og:type\" content=\"article\" \/>\n<meta property=\"og:title\" content=\"HAUT 06 Zecken, Fl\u00f6he, Milben, L\u00e4use - akury\" \/>\n<meta property=\"og:description\" content=\"HAUT 06 Zecken, Fl\u00f6he, Milben, L\u00e4use Durch die immer milderen Winter m\u00fcssen wir inzwischen das ganze Jahr \u00fcber Vorsorge gegen Parasitenbefall betreiben. Nicht nur drau\u00dfen, sondern auch in unseren gut geheizten Wohnungen f\u00fchlen sich eingeschleppte Parasiten wie z.B. Fl\u00f6he, L\u00e4use\u00a0und Milben, unabh\u00e4ngig von der Jahreszeit, sehr wohl und sind auch im Winter hochaktiv. Ektoparasiten oder [&hellip;]\" \/>\n<meta property=\"og:url\" content=\"https:\/\/www.akuryprodukte.de\/en\/shop\/haut-06-zecken-floehe-milben-laeuse\/\" \/>\n<meta property=\"og:site_name\" content=\"akury\" \/>\n<meta property=\"article:publisher\" content=\"https:\/\/de-de.facebook.com\/bioenergetischesinformationsmanagement\/\" \/>\n<meta property=\"article:modified_time\" content=\"2023-09-26T08:57:38+00:00\" \/>\n<meta property=\"og:image\" content=\"https:\/\/www.akuryprodukte.de\/wp-content\/uploads\/2023\/05\/HAUT-06-1.png\" \/>\n\t<meta property=\"og:image:width\" content=\"575\" \/>\n\t<meta property=\"og:image:height\" content=\"575\" \/>\n\t<meta property=\"og:image:type\" content=\"image\/png\" \/>\n<meta name=\"twitter:card\" content=\"summary_large_image\" \/>\n<meta name=\"twitter:site\" content=\"@heiko_wenner\" \/>\n<meta name=\"twitter:label1\" content=\"Est. reading time\" \/>\n\t<meta name=\"twitter:data1\" content=\"1 minute\" \/>\n<script type=\"application\/ld+json\" class=\"yoast-schema-graph\">{\"@context\":\"https:\\\/\\\/schema.org\",\"@graph\":[{\"@type\":\"WebPage\",\"@id\":\"https:\\\/\\\/www.akuryprodukte.de\\\/en\\\/shop\\\/haut-06-zecken-floehe-milben-laeuse\\\/\",\"url\":\"https:\\\/\\\/www.akuryprodukte.de\\\/en\\\/shop\\\/haut-06-zecken-floehe-milben-laeuse\\\/\",\"name\":\"HAUT 06 Zecken, Fl\u00f6he, Milben, L\u00e4use - akury\",\"isPartOf\":{\"@id\":\"https:\\\/\\\/www.akuryprodukte.de\\\/en\\\/#website\"},\"primaryImageOfPage\":{\"@id\":\"https:\\\/\\\/www.akuryprodukte.de\\\/en\\\/shop\\\/haut-06-zecken-floehe-milben-laeuse\\\/#primaryimage\"},\"image\":{\"@id\":\"https:\\\/\\\/www.akuryprodukte.de\\\/en\\\/shop\\\/haut-06-zecken-floehe-milben-laeuse\\\/#primaryimage\"},\"thumbnailUrl\":\"https:\\\/\\\/www.akuryprodukte.de\\\/wp-content\\\/uploads\\\/2023\\\/05\\\/HAUT-06-1.png\",\"datePublished\":\"2023-05-07T09:35:33+00:00\",\"dateModified\":\"2023-09-26T08:57:38+00:00\",\"breadcrumb\":{\"@id\":\"https:\\\/\\\/www.akuryprodukte.de\\\/en\\\/shop\\\/haut-06-zecken-floehe-milben-laeuse\\\/#breadcrumb\"},\"inLanguage\":\"en-US\",\"potentialAction\":[{\"@type\":\"ReadAction\",\"target\":[\"https:\\\/\\\/www.akuryprodukte.de\\\/en\\\/shop\\\/haut-06-zecken-floehe-milben-laeuse\\\/\"]}]},{\"@type\":\"ImageObject\",\"inLanguage\":\"en-US\",\"@id\":\"https:\\\/\\\/www.akuryprodukte.de\\\/en\\\/shop\\\/haut-06-zecken-floehe-milben-laeuse\\\/#primaryimage\",\"url\":\"https:\\\/\\\/www.akuryprodukte.de\\\/wp-content\\\/uploads\\\/2023\\\/05\\\/HAUT-06-1.png\",\"contentUrl\":\"https:\\\/\\\/www.akuryprodukte.de\\\/wp-content\\\/uploads\\\/2023\\\/05\\\/HAUT-06-1.png\",\"width\":575,\"height\":575},{\"@type\":\"BreadcrumbList\",\"@id\":\"https:\\\/\\\/www.akuryprodukte.de\\\/en\\\/shop\\\/haut-06-zecken-floehe-milben-laeuse\\\/#breadcrumb\",\"itemListElement\":[{\"@type\":\"ListItem\",\"position\":1,\"name\":\"Startseite\",\"item\":\"https:\\\/\\\/www.akuryprodukte.de\\\/en\\\/\"},{\"@type\":\"ListItem\",\"position\":2,\"name\":\"Shop\",\"item\":\"https:\\\/\\\/www.akuryprodukte.de\\\/en\\\/shop-en\\\/\"},{\"@type\":\"ListItem\",\"position\":3,\"name\":\"HAUT 06 Zecken, Fl\u00f6he, Milben, L\u00e4use\"}]},{\"@type\":\"WebSite\",\"@id\":\"https:\\\/\\\/www.akuryprodukte.de\\\/en\\\/#website\",\"url\":\"https:\\\/\\\/www.akuryprodukte.de\\\/en\\\/\",\"name\":\"akury\",\"description\":\"Produkte f\u00fcr Ihr Wohlbefinden\",\"publisher\":{\"@id\":\"https:\\\/\\\/www.akuryprodukte.de\\\/en\\\/#organization\"},\"potentialAction\":[{\"@type\":\"SearchAction\",\"target\":{\"@type\":\"EntryPoint\",\"urlTemplate\":\"https:\\\/\\\/www.akuryprodukte.de\\\/en\\\/?s={search_term_string}\"},\"query-input\":{\"@type\":\"PropertyValueSpecification\",\"valueRequired\":true,\"valueName\":\"search_term_string\"}}],\"inLanguage\":\"en-US\"},{\"@type\":\"Organization\",\"@id\":\"https:\\\/\\\/www.akuryprodukte.de\\\/en\\\/#organization\",\"name\":\"AkuRy GmbH\",\"url\":\"https:\\\/\\\/www.akuryprodukte.de\\\/en\\\/\",\"logo\":{\"@type\":\"ImageObject\",\"inLanguage\":\"en-US\",\"@id\":\"https:\\\/\\\/www.akuryprodukte.de\\\/en\\\/#\\\/schema\\\/logo\\\/image\\\/\",\"url\":\"https:\\\/\\\/www.akuryprodukte.de\\\/wp-content\\\/uploads\\\/2020\\\/09\\\/Logo_AKY-p-512.jpg\",\"contentUrl\":\"https:\\\/\\\/www.akuryprodukte.de\\\/wp-content\\\/uploads\\\/2020\\\/09\\\/Logo_AKY-p-512.jpg\",\"width\":512,\"height\":512,\"caption\":\"AkuRy GmbH\"},\"image\":{\"@id\":\"https:\\\/\\\/www.akuryprodukte.de\\\/en\\\/#\\\/schema\\\/logo\\\/image\\\/\"},\"sameAs\":[\"https:\\\/\\\/de-de.facebook.com\\\/bioenergetischesinformationsmanagement\\\/\",\"https:\\\/\\\/x.com\\\/heiko_wenner\",\"https:\\\/\\\/www.instagram.com\\\/akury_gmbh\\\/\",\"https:\\\/\\\/www.youtube.com\\\/channel\\\/UCyItRPbJUon1m0Gq6kV2Izw\"]}]}<\/script>\n<!-- \/ Yoast SEO plugin. -->","yoast_head_json":{"title":"HAUT 06 Zecken, Fl\u00f6he, Milben, L\u00e4use - akury","robots":{"index":"index","follow":"follow","max-snippet":"max-snippet:-1","max-image-preview":"max-image-preview:large","max-video-preview":"max-video-preview:-1"},"canonical":"https:\/\/www.akuryprodukte.de\/en\/shop\/haut-06-zecken-floehe-milben-laeuse\/","og_locale":"en_US","og_type":"article","og_title":"HAUT 06 Zecken, Fl\u00f6he, Milben, L\u00e4use - akury","og_description":"HAUT 06 Zecken, Fl\u00f6he, Milben, L\u00e4use Durch die immer milderen Winter m\u00fcssen wir inzwischen das ganze Jahr \u00fcber Vorsorge gegen Parasitenbefall betreiben. Nicht nur drau\u00dfen, sondern auch in unseren gut geheizten Wohnungen f\u00fchlen sich eingeschleppte Parasiten wie z.B. Fl\u00f6he, L\u00e4use\u00a0und Milben, unabh\u00e4ngig von der Jahreszeit, sehr wohl und sind auch im Winter hochaktiv. Ektoparasiten oder [&hellip;]","og_url":"https:\/\/www.akuryprodukte.de\/en\/shop\/haut-06-zecken-floehe-milben-laeuse\/","og_site_name":"akury","article_publisher":"https:\/\/de-de.facebook.com\/bioenergetischesinformationsmanagement\/","article_modified_time":"2023-09-26T08:57:38+00:00","og_image":[{"width":575,"height":575,"url":"https:\/\/www.akuryprodukte.de\/wp-content\/uploads\/2023\/05\/HAUT-06-1.png","type":"image\/png"}],"twitter_card":"summary_large_image","twitter_site":"@heiko_wenner","twitter_misc":{"Est. reading time":"1 minute"},"schema":{"@context":"https:\/\/schema.org","@graph":[{"@type":"WebPage","@id":"https:\/\/www.akuryprodukte.de\/en\/shop\/haut-06-zecken-floehe-milben-laeuse\/","url":"https:\/\/www.akuryprodukte.de\/en\/shop\/haut-06-zecken-floehe-milben-laeuse\/","name":"HAUT 06 Zecken, Fl\u00f6he, Milben, L\u00e4use - akury","isPartOf":{"@id":"https:\/\/www.akuryprodukte.de\/en\/#website"},"primaryImageOfPage":{"@id":"https:\/\/www.akuryprodukte.de\/en\/shop\/haut-06-zecken-floehe-milben-laeuse\/#primaryimage"},"image":{"@id":"https:\/\/www.akuryprodukte.de\/en\/shop\/haut-06-zecken-floehe-milben-laeuse\/#primaryimage"},"thumbnailUrl":"https:\/\/www.akuryprodukte.de\/wp-content\/uploads\/2023\/05\/HAUT-06-1.png","datePublished":"2023-05-07T09:35:33+00:00","dateModified":"2023-09-26T08:57:38+00:00","breadcrumb":{"@id":"https:\/\/www.akuryprodukte.de\/en\/shop\/haut-06-zecken-floehe-milben-laeuse\/#breadcrumb"},"inLanguage":"en-US","potentialAction":[{"@type":"ReadAction","target":["https:\/\/www.akuryprodukte.de\/en\/shop\/haut-06-zecken-floehe-milben-laeuse\/"]}]},{"@type":"ImageObject","inLanguage":"en-US","@id":"https:\/\/www.akuryprodukte.de\/en\/shop\/haut-06-zecken-floehe-milben-laeuse\/#primaryimage","url":"https:\/\/www.akuryprodukte.de\/wp-content\/uploads\/2023\/05\/HAUT-06-1.png","contentUrl":"https:\/\/www.akuryprodukte.de\/wp-content\/uploads\/2023\/05\/HAUT-06-1.png","width":575,"height":575},{"@type":"BreadcrumbList","@id":"https:\/\/www.akuryprodukte.de\/en\/shop\/haut-06-zecken-floehe-milben-laeuse\/#breadcrumb","itemListElement":[{"@type":"ListItem","position":1,"name":"Startseite","item":"https:\/\/www.akuryprodukte.de\/en\/"},{"@type":"ListItem","position":2,"name":"Shop","item":"https:\/\/www.akuryprodukte.de\/en\/shop-en\/"},{"@type":"ListItem","position":3,"name":"HAUT 06 Zecken, Fl\u00f6he, Milben, L\u00e4use"}]},{"@type":"WebSite","@id":"https:\/\/www.akuryprodukte.de\/en\/#website","url":"https:\/\/www.akuryprodukte.de\/en\/","name":"akury","description":"Produkte f\u00fcr Ihr Wohlbefinden","publisher":{"@id":"https:\/\/www.akuryprodukte.de\/en\/#organization"},"potentialAction":[{"@type":"SearchAction","target":{"@type":"EntryPoint","urlTemplate":"https:\/\/www.akuryprodukte.de\/en\/?s={search_term_string}"},"query-input":{"@type":"PropertyValueSpecification","valueRequired":true,"valueName":"search_term_string"}}],"inLanguage":"en-US"},{"@type":"Organization","@id":"https:\/\/www.akuryprodukte.de\/en\/#organization","name":"AkuRy GmbH","url":"https:\/\/www.akuryprodukte.de\/en\/","logo":{"@type":"ImageObject","inLanguage":"en-US","@id":"https:\/\/www.akuryprodukte.de\/en\/#\/schema\/logo\/image\/","url":"https:\/\/www.akuryprodukte.de\/wp-content\/uploads\/2020\/09\/Logo_AKY-p-512.jpg","contentUrl":"https:\/\/www.akuryprodukte.de\/wp-content\/uploads\/2020\/09\/Logo_AKY-p-512.jpg","width":512,"height":512,"caption":"AkuRy GmbH"},"image":{"@id":"https:\/\/www.akuryprodukte.de\/en\/#\/schema\/logo\/image\/"},"sameAs":["https:\/\/de-de.facebook.com\/bioenergetischesinformationsmanagement\/","https:\/\/x.com\/heiko_wenner","https:\/\/www.instagram.com\/akury_gmbh\/","https:\/\/www.youtube.com\/channel\/UCyItRPbJUon1m0Gq6kV2Izw"]}]}},"_links":{"self":[{"href":"https:\/\/www.akuryprodukte.de\/en\/wp-json\/wp\/v2\/product\/17360","targetHints":{"allow":["GET"]}}],"collection":[{"href":"https:\/\/www.akuryprodukte.de\/en\/wp-json\/wp\/v2\/product"}],"about":[{"href":"https:\/\/www.akuryprodukte.de\/en\/wp-json\/wp\/v2\/types\/product"}],"replies":[{"embeddable":true,"href":"https:\/\/www.akuryprodukte.de\/en\/wp-json\/wp\/v2\/comments?post=17360"}],"wp:featuredmedia":[{"embeddable":true,"href":"https:\/\/www.akuryprodukte.de\/en\/wp-json\/wp\/v2\/media\/17365"}],"wp:attachment":[{"href":"https:\/\/www.akuryprodukte.de\/en\/wp-json\/wp\/v2\/media?parent=17360"}],"wp:term":[{"taxonomy":"product_brand","embeddable":true,"href":"https:\/\/www.akuryprodukte.de\/en\/wp-json\/wp\/v2\/product_brand?post=17360"},{"taxonomy":"product_cat","embeddable":true,"href":"https:\/\/www.akuryprodukte.de\/en\/wp-json\/wp\/v2\/product_cat?post=17360"},{"taxonomy":"product_tag","embeddable":true,"href":"https:\/\/www.akuryprodukte.de\/en\/wp-json\/wp\/v2\/product_tag?post=17360"}],"curies":[{"name":"wp","href":"https:\/\/api.w.org\/{rel}","templated":true}]}}