{"id":17361,"date":"2023-05-07T11:39:20","date_gmt":"2023-05-07T09:39:20","guid":{"rendered":"https:\/\/www.akuryprodukte.de\/?post_type=product&#038;p=17361"},"modified":"2023-05-07T12:13:12","modified_gmt":"2023-05-07T10:13:12","slug":"psy-17-6-selbstmitgefuehl","status":"publish","type":"product","link":"https:\/\/www.akuryprodukte.de\/en\/shop\/psy-17-6-selbstmitgefuehl\/","title":{"rendered":"PSY 17\/6 &#8211; Selbstmitgef\u00fchl"},"content":{"rendered":"<p>Selbst\u00admitgef\u00fchl bedeutet, angesichts unserer Fehler freundlich und verst\u00e4ndnis\u00advoll uns selbst gegen\u00fcber zu bleiben, anstatt uns hart zu verurteilen oder uns scharf f\u00fcr alle vermeint\u00adlichen Unzul\u00e4ng\u00adlich\u00adkeiten zu kritisieren. Wer hat denn je behauptet, dass man perfekt sein muss? Wir k\u00f6nnen selbst\u00adverst\u00e4ndlich versuchen, uns selbst oder unser Verhalten zu \u00e4ndern. Mit Selbst\u00admitgef\u00fchl geschieht das jedoch, weil wir uns selbst am Herzen liegen und nicht, weil wir inakzep\u00adtabel und wertlos w\u00e4ren, so wie wir jetzt sind. Mitgef\u00fchl mit sich selbst zu haben bedeutet, dass man seine Mensch\u00adlichkeit annimmt und w\u00fcrdigt. Die Dinge gelingen nicht immer so, wie wir sie gerne h\u00e4tten. Wir erleben Frustration und Verluste, wir machen Fehler, sto\u00dfen an unsere Grenzen und bleiben hinter unseren Ideal\u00advorstel\u00adlungen zur\u00fcck. Das ist einfach die menschliche Natur.<\/p>\n<p>Der Chip soll dazu beitragen, das Selbstmitgef\u00fchl zu f\u00f6rdern<\/p>\n","protected":false},"excerpt":{"rendered":"<p>Selbst\u00admitgef\u00fchl bedeutet, angesichts unserer Fehler freundlich und verst\u00e4ndnis\u00advoll uns selbst gegen\u00fcber zu bleiben, anstatt uns hart zu verurteilen oder uns scharf f\u00fcr alle vermeint\u00adlichen Unzul\u00e4ng\u00adlich\u00adkeiten zu kritisieren. Wer hat denn je behauptet, dass man perfekt sein muss? Wir k\u00f6nnen selbst\u00adverst\u00e4ndlich versuchen, uns selbst oder unser Verhalten zu \u00e4ndern. Mit Selbst\u00admitgef\u00fchl geschieht das jedoch, weil wir [&hellip;]<\/p>\n","protected":false},"featured_media":17369,"comment_status":"open","ping_status":"closed","template":"","meta":[],"product_brand":[],"product_cat":[1441],"product_tag":[],"class_list":{"0":"post-17361","1":"product","2":"type-product","3":"status-publish","4":"has-post-thumbnail","6":"product_cat-info-chips-psyche-psych-zustaende","8":"first","9":"instock","10":"taxable","11":"shipping-taxable","12":"purchasable","13":"product-type-simple"},"yoast_head":"<!-- This site is optimized with the Yoast SEO plugin v27.5 - https:\/\/yoast.com\/product\/yoast-seo-wordpress\/ -->\n<title>PSY 17\/6 - Selbstmitgef\u00fchl - akury<\/title>\n<meta name=\"robots\" content=\"index, follow, max-snippet:-1, max-image-preview:large, max-video-preview:-1\" \/>\n<link rel=\"canonical\" href=\"https:\/\/www.akuryprodukte.de\/en\/shop\/psy-17-6-selbstmitgefuehl\/\" \/>\n<meta property=\"og:locale\" content=\"en_US\" \/>\n<meta property=\"og:type\" content=\"article\" \/>\n<meta property=\"og:title\" content=\"PSY 17\/6 - Selbstmitgef\u00fchl - akury\" \/>\n<meta property=\"og:description\" content=\"Selbst\u00admitgef\u00fchl bedeutet, angesichts unserer Fehler freundlich und verst\u00e4ndnis\u00advoll uns selbst gegen\u00fcber zu bleiben, anstatt uns hart zu verurteilen oder uns scharf f\u00fcr alle vermeint\u00adlichen Unzul\u00e4ng\u00adlich\u00adkeiten zu kritisieren. Wer hat denn je behauptet, dass man perfekt sein muss? Wir k\u00f6nnen selbst\u00adverst\u00e4ndlich versuchen, uns selbst oder unser Verhalten zu \u00e4ndern. Mit Selbst\u00admitgef\u00fchl geschieht das jedoch, weil wir [&hellip;]\" \/>\n<meta property=\"og:url\" content=\"https:\/\/www.akuryprodukte.de\/en\/shop\/psy-17-6-selbstmitgefuehl\/\" \/>\n<meta property=\"og:site_name\" content=\"akury\" \/>\n<meta property=\"article:publisher\" content=\"https:\/\/de-de.facebook.com\/bioenergetischesinformationsmanagement\/\" \/>\n<meta property=\"article:modified_time\" content=\"2023-05-07T10:13:12+00:00\" \/>\n<meta property=\"og:image\" content=\"https:\/\/www.akuryprodukte.de\/wp-content\/uploads\/2023\/05\/PSY-17-6-1.png\" \/>\n\t<meta property=\"og:image:width\" content=\"575\" \/>\n\t<meta property=\"og:image:height\" content=\"575\" \/>\n\t<meta property=\"og:image:type\" content=\"image\/png\" \/>\n<meta name=\"twitter:card\" content=\"summary_large_image\" \/>\n<meta name=\"twitter:site\" content=\"@heiko_wenner\" \/>\n<meta name=\"twitter:label1\" content=\"Est. reading time\" \/>\n\t<meta name=\"twitter:data1\" content=\"1 minute\" \/>\n<script type=\"application\/ld+json\" class=\"yoast-schema-graph\">{\"@context\":\"https:\\\/\\\/schema.org\",\"@graph\":[{\"@type\":\"WebPage\",\"@id\":\"https:\\\/\\\/www.akuryprodukte.de\\\/en\\\/shop\\\/psy-17-6-selbstmitgefuehl\\\/\",\"url\":\"https:\\\/\\\/www.akuryprodukte.de\\\/en\\\/shop\\\/psy-17-6-selbstmitgefuehl\\\/\",\"name\":\"PSY 17\\\/6 - Selbstmitgef\u00fchl - akury\",\"isPartOf\":{\"@id\":\"https:\\\/\\\/www.akuryprodukte.de\\\/en\\\/#website\"},\"primaryImageOfPage\":{\"@id\":\"https:\\\/\\\/www.akuryprodukte.de\\\/en\\\/shop\\\/psy-17-6-selbstmitgefuehl\\\/#primaryimage\"},\"image\":{\"@id\":\"https:\\\/\\\/www.akuryprodukte.de\\\/en\\\/shop\\\/psy-17-6-selbstmitgefuehl\\\/#primaryimage\"},\"thumbnailUrl\":\"https:\\\/\\\/www.akuryprodukte.de\\\/wp-content\\\/uploads\\\/2023\\\/05\\\/PSY-17-6-1.png\",\"datePublished\":\"2023-05-07T09:39:20+00:00\",\"dateModified\":\"2023-05-07T10:13:12+00:00\",\"breadcrumb\":{\"@id\":\"https:\\\/\\\/www.akuryprodukte.de\\\/en\\\/shop\\\/psy-17-6-selbstmitgefuehl\\\/#breadcrumb\"},\"inLanguage\":\"en-US\",\"potentialAction\":[{\"@type\":\"ReadAction\",\"target\":[\"https:\\\/\\\/www.akuryprodukte.de\\\/en\\\/shop\\\/psy-17-6-selbstmitgefuehl\\\/\"]}]},{\"@type\":\"ImageObject\",\"inLanguage\":\"en-US\",\"@id\":\"https:\\\/\\\/www.akuryprodukte.de\\\/en\\\/shop\\\/psy-17-6-selbstmitgefuehl\\\/#primaryimage\",\"url\":\"https:\\\/\\\/www.akuryprodukte.de\\\/wp-content\\\/uploads\\\/2023\\\/05\\\/PSY-17-6-1.png\",\"contentUrl\":\"https:\\\/\\\/www.akuryprodukte.de\\\/wp-content\\\/uploads\\\/2023\\\/05\\\/PSY-17-6-1.png\",\"width\":575,\"height\":575},{\"@type\":\"BreadcrumbList\",\"@id\":\"https:\\\/\\\/www.akuryprodukte.de\\\/en\\\/shop\\\/psy-17-6-selbstmitgefuehl\\\/#breadcrumb\",\"itemListElement\":[{\"@type\":\"ListItem\",\"position\":1,\"name\":\"Startseite\",\"item\":\"https:\\\/\\\/www.akuryprodukte.de\\\/en\\\/\"},{\"@type\":\"ListItem\",\"position\":2,\"name\":\"Shop\",\"item\":\"https:\\\/\\\/www.akuryprodukte.de\\\/en\\\/shop-en\\\/\"},{\"@type\":\"ListItem\",\"position\":3,\"name\":\"PSY 17\\\/6 &#8211; Selbstmitgef\u00fchl\"}]},{\"@type\":\"WebSite\",\"@id\":\"https:\\\/\\\/www.akuryprodukte.de\\\/en\\\/#website\",\"url\":\"https:\\\/\\\/www.akuryprodukte.de\\\/en\\\/\",\"name\":\"akury\",\"description\":\"Produkte f\u00fcr Ihr Wohlbefinden\",\"publisher\":{\"@id\":\"https:\\\/\\\/www.akuryprodukte.de\\\/en\\\/#organization\"},\"potentialAction\":[{\"@type\":\"SearchAction\",\"target\":{\"@type\":\"EntryPoint\",\"urlTemplate\":\"https:\\\/\\\/www.akuryprodukte.de\\\/en\\\/?s={search_term_string}\"},\"query-input\":{\"@type\":\"PropertyValueSpecification\",\"valueRequired\":true,\"valueName\":\"search_term_string\"}}],\"inLanguage\":\"en-US\"},{\"@type\":\"Organization\",\"@id\":\"https:\\\/\\\/www.akuryprodukte.de\\\/en\\\/#organization\",\"name\":\"AkuRy GmbH\",\"url\":\"https:\\\/\\\/www.akuryprodukte.de\\\/en\\\/\",\"logo\":{\"@type\":\"ImageObject\",\"inLanguage\":\"en-US\",\"@id\":\"https:\\\/\\\/www.akuryprodukte.de\\\/en\\\/#\\\/schema\\\/logo\\\/image\\\/\",\"url\":\"https:\\\/\\\/www.akuryprodukte.de\\\/wp-content\\\/uploads\\\/2020\\\/09\\\/Logo_AKY-p-512.jpg\",\"contentUrl\":\"https:\\\/\\\/www.akuryprodukte.de\\\/wp-content\\\/uploads\\\/2020\\\/09\\\/Logo_AKY-p-512.jpg\",\"width\":512,\"height\":512,\"caption\":\"AkuRy GmbH\"},\"image\":{\"@id\":\"https:\\\/\\\/www.akuryprodukte.de\\\/en\\\/#\\\/schema\\\/logo\\\/image\\\/\"},\"sameAs\":[\"https:\\\/\\\/de-de.facebook.com\\\/bioenergetischesinformationsmanagement\\\/\",\"https:\\\/\\\/x.com\\\/heiko_wenner\",\"https:\\\/\\\/www.instagram.com\\\/akury_gmbh\\\/\",\"https:\\\/\\\/www.youtube.com\\\/channel\\\/UCyItRPbJUon1m0Gq6kV2Izw\"]}]}<\/script>\n<!-- \/ Yoast SEO plugin. -->","yoast_head_json":{"title":"PSY 17\/6 - Selbstmitgef\u00fchl - akury","robots":{"index":"index","follow":"follow","max-snippet":"max-snippet:-1","max-image-preview":"max-image-preview:large","max-video-preview":"max-video-preview:-1"},"canonical":"https:\/\/www.akuryprodukte.de\/en\/shop\/psy-17-6-selbstmitgefuehl\/","og_locale":"en_US","og_type":"article","og_title":"PSY 17\/6 - Selbstmitgef\u00fchl - akury","og_description":"Selbst\u00admitgef\u00fchl bedeutet, angesichts unserer Fehler freundlich und verst\u00e4ndnis\u00advoll uns selbst gegen\u00fcber zu bleiben, anstatt uns hart zu verurteilen oder uns scharf f\u00fcr alle vermeint\u00adlichen Unzul\u00e4ng\u00adlich\u00adkeiten zu kritisieren. Wer hat denn je behauptet, dass man perfekt sein muss? Wir k\u00f6nnen selbst\u00adverst\u00e4ndlich versuchen, uns selbst oder unser Verhalten zu \u00e4ndern. Mit Selbst\u00admitgef\u00fchl geschieht das jedoch, weil wir [&hellip;]","og_url":"https:\/\/www.akuryprodukte.de\/en\/shop\/psy-17-6-selbstmitgefuehl\/","og_site_name":"akury","article_publisher":"https:\/\/de-de.facebook.com\/bioenergetischesinformationsmanagement\/","article_modified_time":"2023-05-07T10:13:12+00:00","og_image":[{"width":575,"height":575,"url":"https:\/\/www.akuryprodukte.de\/wp-content\/uploads\/2023\/05\/PSY-17-6-1.png","type":"image\/png"}],"twitter_card":"summary_large_image","twitter_site":"@heiko_wenner","twitter_misc":{"Est. reading time":"1 minute"},"schema":{"@context":"https:\/\/schema.org","@graph":[{"@type":"WebPage","@id":"https:\/\/www.akuryprodukte.de\/en\/shop\/psy-17-6-selbstmitgefuehl\/","url":"https:\/\/www.akuryprodukte.de\/en\/shop\/psy-17-6-selbstmitgefuehl\/","name":"PSY 17\/6 - Selbstmitgef\u00fchl - akury","isPartOf":{"@id":"https:\/\/www.akuryprodukte.de\/en\/#website"},"primaryImageOfPage":{"@id":"https:\/\/www.akuryprodukte.de\/en\/shop\/psy-17-6-selbstmitgefuehl\/#primaryimage"},"image":{"@id":"https:\/\/www.akuryprodukte.de\/en\/shop\/psy-17-6-selbstmitgefuehl\/#primaryimage"},"thumbnailUrl":"https:\/\/www.akuryprodukte.de\/wp-content\/uploads\/2023\/05\/PSY-17-6-1.png","datePublished":"2023-05-07T09:39:20+00:00","dateModified":"2023-05-07T10:13:12+00:00","breadcrumb":{"@id":"https:\/\/www.akuryprodukte.de\/en\/shop\/psy-17-6-selbstmitgefuehl\/#breadcrumb"},"inLanguage":"en-US","potentialAction":[{"@type":"ReadAction","target":["https:\/\/www.akuryprodukte.de\/en\/shop\/psy-17-6-selbstmitgefuehl\/"]}]},{"@type":"ImageObject","inLanguage":"en-US","@id":"https:\/\/www.akuryprodukte.de\/en\/shop\/psy-17-6-selbstmitgefuehl\/#primaryimage","url":"https:\/\/www.akuryprodukte.de\/wp-content\/uploads\/2023\/05\/PSY-17-6-1.png","contentUrl":"https:\/\/www.akuryprodukte.de\/wp-content\/uploads\/2023\/05\/PSY-17-6-1.png","width":575,"height":575},{"@type":"BreadcrumbList","@id":"https:\/\/www.akuryprodukte.de\/en\/shop\/psy-17-6-selbstmitgefuehl\/#breadcrumb","itemListElement":[{"@type":"ListItem","position":1,"name":"Startseite","item":"https:\/\/www.akuryprodukte.de\/en\/"},{"@type":"ListItem","position":2,"name":"Shop","item":"https:\/\/www.akuryprodukte.de\/en\/shop-en\/"},{"@type":"ListItem","position":3,"name":"PSY 17\/6 &#8211; Selbstmitgef\u00fchl"}]},{"@type":"WebSite","@id":"https:\/\/www.akuryprodukte.de\/en\/#website","url":"https:\/\/www.akuryprodukte.de\/en\/","name":"akury","description":"Produkte f\u00fcr Ihr Wohlbefinden","publisher":{"@id":"https:\/\/www.akuryprodukte.de\/en\/#organization"},"potentialAction":[{"@type":"SearchAction","target":{"@type":"EntryPoint","urlTemplate":"https:\/\/www.akuryprodukte.de\/en\/?s={search_term_string}"},"query-input":{"@type":"PropertyValueSpecification","valueRequired":true,"valueName":"search_term_string"}}],"inLanguage":"en-US"},{"@type":"Organization","@id":"https:\/\/www.akuryprodukte.de\/en\/#organization","name":"AkuRy GmbH","url":"https:\/\/www.akuryprodukte.de\/en\/","logo":{"@type":"ImageObject","inLanguage":"en-US","@id":"https:\/\/www.akuryprodukte.de\/en\/#\/schema\/logo\/image\/","url":"https:\/\/www.akuryprodukte.de\/wp-content\/uploads\/2020\/09\/Logo_AKY-p-512.jpg","contentUrl":"https:\/\/www.akuryprodukte.de\/wp-content\/uploads\/2020\/09\/Logo_AKY-p-512.jpg","width":512,"height":512,"caption":"AkuRy GmbH"},"image":{"@id":"https:\/\/www.akuryprodukte.de\/en\/#\/schema\/logo\/image\/"},"sameAs":["https:\/\/de-de.facebook.com\/bioenergetischesinformationsmanagement\/","https:\/\/x.com\/heiko_wenner","https:\/\/www.instagram.com\/akury_gmbh\/","https:\/\/www.youtube.com\/channel\/UCyItRPbJUon1m0Gq6kV2Izw"]}]}},"_links":{"self":[{"href":"https:\/\/www.akuryprodukte.de\/en\/wp-json\/wp\/v2\/product\/17361","targetHints":{"allow":["GET"]}}],"collection":[{"href":"https:\/\/www.akuryprodukte.de\/en\/wp-json\/wp\/v2\/product"}],"about":[{"href":"https:\/\/www.akuryprodukte.de\/en\/wp-json\/wp\/v2\/types\/product"}],"replies":[{"embeddable":true,"href":"https:\/\/www.akuryprodukte.de\/en\/wp-json\/wp\/v2\/comments?post=17361"}],"wp:featuredmedia":[{"embeddable":true,"href":"https:\/\/www.akuryprodukte.de\/en\/wp-json\/wp\/v2\/media\/17369"}],"wp:attachment":[{"href":"https:\/\/www.akuryprodukte.de\/en\/wp-json\/wp\/v2\/media?parent=17361"}],"wp:term":[{"taxonomy":"product_brand","embeddable":true,"href":"https:\/\/www.akuryprodukte.de\/en\/wp-json\/wp\/v2\/product_brand?post=17361"},{"taxonomy":"product_cat","embeddable":true,"href":"https:\/\/www.akuryprodukte.de\/en\/wp-json\/wp\/v2\/product_cat?post=17361"},{"taxonomy":"product_tag","embeddable":true,"href":"https:\/\/www.akuryprodukte.de\/en\/wp-json\/wp\/v2\/product_tag?post=17361"}],"curies":[{"name":"wp","href":"https:\/\/api.w.org\/{rel}","templated":true}]}}