{"id":17401,"date":"2023-05-10T09:24:29","date_gmt":"2023-05-10T07:24:29","guid":{"rendered":"https:\/\/www.akuryprodukte.de\/?post_type=product&#038;p=17401"},"modified":"2023-05-10T09:29:42","modified_gmt":"2023-05-10T07:29:42","slug":"s-21","status":"publish","type":"product","link":"https:\/\/www.akuryprodukte.de\/en\/shop\/s-21\/","title":{"rendered":"S 21 &#8211; Chelidonium majus \/ Sch\u00f6llkraut"},"content":{"rendered":"<p>Besonders wertvoll ist Chelidonium bei so genannten Fernsymptomen einer Gallenst\u00f6rung. Diese k\u00f6nnen sich als rechtsseitige Kopfschmerzen (vor allem neuralgisch \u00fcber dem rechten Auge) zeigen, als Schmerz unter dem rechten Schulterblatt, rheumatische Schmerzen in Schultern und H\u00fcften oder neuralgischen Schmerz im Bereich der Augen mit periodisch auftretenden Sehst\u00f6rungen (Funken, verschwommene Buchstaben). Ebenso empfindlich sind der Magen-Darm-Trakt (Gastritis) und die Atemwege (Bronchitis, Pneumonie, Asthma). Auch herpesartige Hautausschl\u00e4ge k\u00f6nnen sich als Folge der Gallenschw\u00e4che einstellen. Chelidonium ist ein typisch rechtsseitiges Mittel und seine Beschwerden bessern sich h\u00e4ufig abends und durch W\u00e4rme. Zudem wird es als Begleitmittel zur Therapie von Warzen gebraucht.<\/p>\n<p><strong>Transformationsziele auf der k\u00f6rperlichen Ebene: <\/strong><\/p>\n<p>\u2013 Entz\u00fcndliche und schmerzhafte St\u00f6rungen im Bereich Leber und Galle folgenlos ausheilen. \u2013 Den K\u00f6rper bei Gallenfunktionsst\u00f6rungen stabil und f\u00fcr Fernwirkungen widerstandsf\u00e4hig halten.<\/p>\n<p>\u2013 Warzen und herpesartige Ausschl\u00e4ge rasch und nachhaltig abheilen k\u00f6nnen.<\/p>\n<p><strong>Transformationsziele auf der seelisch, geistigen Ebene: <\/strong><\/p>\n<p>\u2013 Das Leben im Einklang mit den W\u00fcnschen anderer f\u00fchren und auf diese eingehen k\u00f6nnen.<\/p>\n<p>\u2013 Die eigenen Gef\u00fchle akzeptieren und sie vertrauensvoll \u00e4u\u00dfern.<\/p>\n<p>\u2013 Flexibel an der Entwicklung des eigenen Lebenskonzeptes arbeiten.<\/p>\n<p>Der S 21 Chip enth\u00e4lt Frequenzen und Informationen, welche die Eigenschaften und Transformationsziele des Sch\u00f6llkrautes auf der k\u00f6rperlichen, wie auch auf der seelisch geistigen Ebene unterst\u00fctzen soll.<\/p>\n","protected":false},"excerpt":{"rendered":"<p>Besonders wertvoll ist Chelidonium bei so genannten Fernsymptomen einer Gallenst\u00f6rung. Diese k\u00f6nnen sich als rechtsseitige Kopfschmerzen (vor allem neuralgisch \u00fcber dem rechten Auge) zeigen, als Schmerz unter dem rechten Schulterblatt, rheumatische Schmerzen in Schultern und H\u00fcften oder neuralgischen Schmerz im Bereich der Augen mit periodisch auftretenden Sehst\u00f6rungen (Funken, verschwommene Buchstaben). Ebenso empfindlich sind der Magen-Darm-Trakt [&hellip;]<\/p>\n","protected":false},"featured_media":17403,"comment_status":"open","ping_status":"closed","template":"","meta":[],"product_brand":[],"product_cat":[1367,1705],"product_tag":[],"class_list":{"0":"post-17401","1":"product","2":"type-product","3":"status-publish","4":"has-post-thumbnail","6":"product_cat-info-chips-spagyrik","7":"product_cat-info-chips-spagyrik-essenzen","9":"first","10":"instock","11":"taxable","12":"shipping-taxable","13":"purchasable","14":"product-type-simple"},"yoast_head":"<!-- This site is optimized with the Yoast SEO plugin v27.3 - https:\/\/yoast.com\/product\/yoast-seo-wordpress\/ -->\n<title>S 21 - Chelidonium majus \/ Sch\u00f6llkraut - akury<\/title>\n<meta name=\"robots\" content=\"index, follow, max-snippet:-1, max-image-preview:large, max-video-preview:-1\" \/>\n<link rel=\"canonical\" href=\"https:\/\/www.akuryprodukte.de\/en\/shop\/s-21\/\" \/>\n<meta property=\"og:locale\" content=\"en_US\" \/>\n<meta property=\"og:type\" content=\"article\" \/>\n<meta property=\"og:title\" content=\"S 21 - Chelidonium majus \/ Sch\u00f6llkraut - akury\" \/>\n<meta property=\"og:description\" content=\"Besonders wertvoll ist Chelidonium bei so genannten Fernsymptomen einer Gallenst\u00f6rung. Diese k\u00f6nnen sich als rechtsseitige Kopfschmerzen (vor allem neuralgisch \u00fcber dem rechten Auge) zeigen, als Schmerz unter dem rechten Schulterblatt, rheumatische Schmerzen in Schultern und H\u00fcften oder neuralgischen Schmerz im Bereich der Augen mit periodisch auftretenden Sehst\u00f6rungen (Funken, verschwommene Buchstaben). Ebenso empfindlich sind der Magen-Darm-Trakt [&hellip;]\" \/>\n<meta property=\"og:url\" content=\"https:\/\/www.akuryprodukte.de\/en\/shop\/s-21\/\" \/>\n<meta property=\"og:site_name\" content=\"akury\" \/>\n<meta property=\"article:publisher\" content=\"https:\/\/de-de.facebook.com\/bioenergetischesinformationsmanagement\/\" \/>\n<meta property=\"article:modified_time\" content=\"2023-05-10T07:29:42+00:00\" \/>\n<meta property=\"og:image\" content=\"https:\/\/www.akuryprodukte.de\/wp-content\/uploads\/2023\/05\/S21-1.png\" \/>\n\t<meta property=\"og:image:width\" content=\"575\" \/>\n\t<meta property=\"og:image:height\" content=\"575\" \/>\n\t<meta property=\"og:image:type\" content=\"image\/png\" \/>\n<meta name=\"twitter:card\" content=\"summary_large_image\" \/>\n<meta name=\"twitter:site\" content=\"@heiko_wenner\" \/>\n<meta name=\"twitter:label1\" content=\"Est. reading time\" \/>\n\t<meta name=\"twitter:data1\" content=\"2 minutes\" \/>\n<script type=\"application\/ld+json\" class=\"yoast-schema-graph\">{\"@context\":\"https:\\\/\\\/schema.org\",\"@graph\":[{\"@type\":\"WebPage\",\"@id\":\"https:\\\/\\\/www.akuryprodukte.de\\\/en\\\/shop\\\/s-21\\\/\",\"url\":\"https:\\\/\\\/www.akuryprodukte.de\\\/en\\\/shop\\\/s-21\\\/\",\"name\":\"S 21 - Chelidonium majus \\\/ Sch\u00f6llkraut - akury\",\"isPartOf\":{\"@id\":\"https:\\\/\\\/www.akuryprodukte.de\\\/en\\\/#website\"},\"primaryImageOfPage\":{\"@id\":\"https:\\\/\\\/www.akuryprodukte.de\\\/en\\\/shop\\\/s-21\\\/#primaryimage\"},\"image\":{\"@id\":\"https:\\\/\\\/www.akuryprodukte.de\\\/en\\\/shop\\\/s-21\\\/#primaryimage\"},\"thumbnailUrl\":\"https:\\\/\\\/www.akuryprodukte.de\\\/wp-content\\\/uploads\\\/2023\\\/05\\\/S21-1.png\",\"datePublished\":\"2023-05-10T07:24:29+00:00\",\"dateModified\":\"2023-05-10T07:29:42+00:00\",\"breadcrumb\":{\"@id\":\"https:\\\/\\\/www.akuryprodukte.de\\\/en\\\/shop\\\/s-21\\\/#breadcrumb\"},\"inLanguage\":\"en-US\",\"potentialAction\":[{\"@type\":\"ReadAction\",\"target\":[\"https:\\\/\\\/www.akuryprodukte.de\\\/en\\\/shop\\\/s-21\\\/\"]}]},{\"@type\":\"ImageObject\",\"inLanguage\":\"en-US\",\"@id\":\"https:\\\/\\\/www.akuryprodukte.de\\\/en\\\/shop\\\/s-21\\\/#primaryimage\",\"url\":\"https:\\\/\\\/www.akuryprodukte.de\\\/wp-content\\\/uploads\\\/2023\\\/05\\\/S21-1.png\",\"contentUrl\":\"https:\\\/\\\/www.akuryprodukte.de\\\/wp-content\\\/uploads\\\/2023\\\/05\\\/S21-1.png\",\"width\":575,\"height\":575},{\"@type\":\"BreadcrumbList\",\"@id\":\"https:\\\/\\\/www.akuryprodukte.de\\\/en\\\/shop\\\/s-21\\\/#breadcrumb\",\"itemListElement\":[{\"@type\":\"ListItem\",\"position\":1,\"name\":\"Startseite\",\"item\":\"https:\\\/\\\/www.akuryprodukte.de\\\/en\\\/\"},{\"@type\":\"ListItem\",\"position\":2,\"name\":\"Shop\",\"item\":\"https:\\\/\\\/www.akuryprodukte.de\\\/en\\\/shop-en\\\/\"},{\"@type\":\"ListItem\",\"position\":3,\"name\":\"S 21 &#8211; Chelidonium majus \\\/ Sch\u00f6llkraut\"}]},{\"@type\":\"WebSite\",\"@id\":\"https:\\\/\\\/www.akuryprodukte.de\\\/en\\\/#website\",\"url\":\"https:\\\/\\\/www.akuryprodukte.de\\\/en\\\/\",\"name\":\"akury\",\"description\":\"Produkte f\u00fcr Ihr Wohlbefinden\",\"publisher\":{\"@id\":\"https:\\\/\\\/www.akuryprodukte.de\\\/en\\\/#organization\"},\"potentialAction\":[{\"@type\":\"SearchAction\",\"target\":{\"@type\":\"EntryPoint\",\"urlTemplate\":\"https:\\\/\\\/www.akuryprodukte.de\\\/en\\\/?s={search_term_string}\"},\"query-input\":{\"@type\":\"PropertyValueSpecification\",\"valueRequired\":true,\"valueName\":\"search_term_string\"}}],\"inLanguage\":\"en-US\"},{\"@type\":\"Organization\",\"@id\":\"https:\\\/\\\/www.akuryprodukte.de\\\/en\\\/#organization\",\"name\":\"AkuRy GmbH\",\"url\":\"https:\\\/\\\/www.akuryprodukte.de\\\/en\\\/\",\"logo\":{\"@type\":\"ImageObject\",\"inLanguage\":\"en-US\",\"@id\":\"https:\\\/\\\/www.akuryprodukte.de\\\/en\\\/#\\\/schema\\\/logo\\\/image\\\/\",\"url\":\"https:\\\/\\\/www.akuryprodukte.de\\\/wp-content\\\/uploads\\\/2020\\\/09\\\/Logo_AKY-p-512.jpg\",\"contentUrl\":\"https:\\\/\\\/www.akuryprodukte.de\\\/wp-content\\\/uploads\\\/2020\\\/09\\\/Logo_AKY-p-512.jpg\",\"width\":512,\"height\":512,\"caption\":\"AkuRy GmbH\"},\"image\":{\"@id\":\"https:\\\/\\\/www.akuryprodukte.de\\\/en\\\/#\\\/schema\\\/logo\\\/image\\\/\"},\"sameAs\":[\"https:\\\/\\\/de-de.facebook.com\\\/bioenergetischesinformationsmanagement\\\/\",\"https:\\\/\\\/x.com\\\/heiko_wenner\",\"https:\\\/\\\/www.instagram.com\\\/akury_gmbh\\\/\",\"https:\\\/\\\/www.youtube.com\\\/channel\\\/UCyItRPbJUon1m0Gq6kV2Izw\"]}]}<\/script>\n<!-- \/ Yoast SEO plugin. -->","yoast_head_json":{"title":"S 21 - Chelidonium majus \/ Sch\u00f6llkraut - akury","robots":{"index":"index","follow":"follow","max-snippet":"max-snippet:-1","max-image-preview":"max-image-preview:large","max-video-preview":"max-video-preview:-1"},"canonical":"https:\/\/www.akuryprodukte.de\/en\/shop\/s-21\/","og_locale":"en_US","og_type":"article","og_title":"S 21 - Chelidonium majus \/ Sch\u00f6llkraut - akury","og_description":"Besonders wertvoll ist Chelidonium bei so genannten Fernsymptomen einer Gallenst\u00f6rung. Diese k\u00f6nnen sich als rechtsseitige Kopfschmerzen (vor allem neuralgisch \u00fcber dem rechten Auge) zeigen, als Schmerz unter dem rechten Schulterblatt, rheumatische Schmerzen in Schultern und H\u00fcften oder neuralgischen Schmerz im Bereich der Augen mit periodisch auftretenden Sehst\u00f6rungen (Funken, verschwommene Buchstaben). Ebenso empfindlich sind der Magen-Darm-Trakt [&hellip;]","og_url":"https:\/\/www.akuryprodukte.de\/en\/shop\/s-21\/","og_site_name":"akury","article_publisher":"https:\/\/de-de.facebook.com\/bioenergetischesinformationsmanagement\/","article_modified_time":"2023-05-10T07:29:42+00:00","og_image":[{"width":575,"height":575,"url":"https:\/\/www.akuryprodukte.de\/wp-content\/uploads\/2023\/05\/S21-1.png","type":"image\/png"}],"twitter_card":"summary_large_image","twitter_site":"@heiko_wenner","twitter_misc":{"Est. reading time":"2 minutes"},"schema":{"@context":"https:\/\/schema.org","@graph":[{"@type":"WebPage","@id":"https:\/\/www.akuryprodukte.de\/en\/shop\/s-21\/","url":"https:\/\/www.akuryprodukte.de\/en\/shop\/s-21\/","name":"S 21 - Chelidonium majus \/ Sch\u00f6llkraut - akury","isPartOf":{"@id":"https:\/\/www.akuryprodukte.de\/en\/#website"},"primaryImageOfPage":{"@id":"https:\/\/www.akuryprodukte.de\/en\/shop\/s-21\/#primaryimage"},"image":{"@id":"https:\/\/www.akuryprodukte.de\/en\/shop\/s-21\/#primaryimage"},"thumbnailUrl":"https:\/\/www.akuryprodukte.de\/wp-content\/uploads\/2023\/05\/S21-1.png","datePublished":"2023-05-10T07:24:29+00:00","dateModified":"2023-05-10T07:29:42+00:00","breadcrumb":{"@id":"https:\/\/www.akuryprodukte.de\/en\/shop\/s-21\/#breadcrumb"},"inLanguage":"en-US","potentialAction":[{"@type":"ReadAction","target":["https:\/\/www.akuryprodukte.de\/en\/shop\/s-21\/"]}]},{"@type":"ImageObject","inLanguage":"en-US","@id":"https:\/\/www.akuryprodukte.de\/en\/shop\/s-21\/#primaryimage","url":"https:\/\/www.akuryprodukte.de\/wp-content\/uploads\/2023\/05\/S21-1.png","contentUrl":"https:\/\/www.akuryprodukte.de\/wp-content\/uploads\/2023\/05\/S21-1.png","width":575,"height":575},{"@type":"BreadcrumbList","@id":"https:\/\/www.akuryprodukte.de\/en\/shop\/s-21\/#breadcrumb","itemListElement":[{"@type":"ListItem","position":1,"name":"Startseite","item":"https:\/\/www.akuryprodukte.de\/en\/"},{"@type":"ListItem","position":2,"name":"Shop","item":"https:\/\/www.akuryprodukte.de\/en\/shop-en\/"},{"@type":"ListItem","position":3,"name":"S 21 &#8211; Chelidonium majus \/ Sch\u00f6llkraut"}]},{"@type":"WebSite","@id":"https:\/\/www.akuryprodukte.de\/en\/#website","url":"https:\/\/www.akuryprodukte.de\/en\/","name":"akury","description":"Produkte f\u00fcr Ihr Wohlbefinden","publisher":{"@id":"https:\/\/www.akuryprodukte.de\/en\/#organization"},"potentialAction":[{"@type":"SearchAction","target":{"@type":"EntryPoint","urlTemplate":"https:\/\/www.akuryprodukte.de\/en\/?s={search_term_string}"},"query-input":{"@type":"PropertyValueSpecification","valueRequired":true,"valueName":"search_term_string"}}],"inLanguage":"en-US"},{"@type":"Organization","@id":"https:\/\/www.akuryprodukte.de\/en\/#organization","name":"AkuRy GmbH","url":"https:\/\/www.akuryprodukte.de\/en\/","logo":{"@type":"ImageObject","inLanguage":"en-US","@id":"https:\/\/www.akuryprodukte.de\/en\/#\/schema\/logo\/image\/","url":"https:\/\/www.akuryprodukte.de\/wp-content\/uploads\/2020\/09\/Logo_AKY-p-512.jpg","contentUrl":"https:\/\/www.akuryprodukte.de\/wp-content\/uploads\/2020\/09\/Logo_AKY-p-512.jpg","width":512,"height":512,"caption":"AkuRy GmbH"},"image":{"@id":"https:\/\/www.akuryprodukte.de\/en\/#\/schema\/logo\/image\/"},"sameAs":["https:\/\/de-de.facebook.com\/bioenergetischesinformationsmanagement\/","https:\/\/x.com\/heiko_wenner","https:\/\/www.instagram.com\/akury_gmbh\/","https:\/\/www.youtube.com\/channel\/UCyItRPbJUon1m0Gq6kV2Izw"]}]}},"_links":{"self":[{"href":"https:\/\/www.akuryprodukte.de\/en\/wp-json\/wp\/v2\/product\/17401","targetHints":{"allow":["GET"]}}],"collection":[{"href":"https:\/\/www.akuryprodukte.de\/en\/wp-json\/wp\/v2\/product"}],"about":[{"href":"https:\/\/www.akuryprodukte.de\/en\/wp-json\/wp\/v2\/types\/product"}],"replies":[{"embeddable":true,"href":"https:\/\/www.akuryprodukte.de\/en\/wp-json\/wp\/v2\/comments?post=17401"}],"wp:featuredmedia":[{"embeddable":true,"href":"https:\/\/www.akuryprodukte.de\/en\/wp-json\/wp\/v2\/media\/17403"}],"wp:attachment":[{"href":"https:\/\/www.akuryprodukte.de\/en\/wp-json\/wp\/v2\/media?parent=17401"}],"wp:term":[{"taxonomy":"product_brand","embeddable":true,"href":"https:\/\/www.akuryprodukte.de\/en\/wp-json\/wp\/v2\/product_brand?post=17401"},{"taxonomy":"product_cat","embeddable":true,"href":"https:\/\/www.akuryprodukte.de\/en\/wp-json\/wp\/v2\/product_cat?post=17401"},{"taxonomy":"product_tag","embeddable":true,"href":"https:\/\/www.akuryprodukte.de\/en\/wp-json\/wp\/v2\/product_tag?post=17401"}],"curies":[{"name":"wp","href":"https:\/\/api.w.org\/{rel}","templated":true}]}}