{"id":17421,"date":"2023-05-10T09:30:04","date_gmt":"2023-05-10T07:30:04","guid":{"rendered":"https:\/\/www.akuryprodukte.de\/?post_type=product&#038;p=17421"},"modified":"2023-05-10T09:32:22","modified_gmt":"2023-05-10T07:32:22","slug":"s-22-china-chinarinde","status":"publish","type":"product","link":"https:\/\/www.akuryprodukte.de\/en\/shop\/s-22-china-chinarinde\/","title":{"rendered":"S 22 &#8211; China \/ Chinarinde"},"content":{"rendered":"<p><strong>S 22 China \/ Chinarinde<\/strong><\/p>\n<p>China ist eine blutwirksame Essenz. Sie verbessert die Blutbildung und Blutbeschaffenheit und hat hierbei auch einen Einfluss auf Milz und Leber. China st\u00e4rkt und baut auf. Daher gibt man die Essenz oft bei Schw\u00e4che und Ersch\u00f6pfungszust\u00e4nden aller Art. Gleichzeitig reguliert sie die Verdauungsfunktionen, hebt den Appetit und entbl\u00e4ht. Das Mittel ist h\u00e4ufig angezeigt bei schwacher Verdauungsfunktion mit starker Gasbildung in Verbindung mit gleichzeitiger Leberschw\u00e4che und Anf\u00e4lligkeit der Milz (Stauungen, Schwellung). Die Betroffenen leiden unter st\u00e4ndigem Aufsto\u00dfen und h\u00e4ufigem Schluckauf. Die Verdauungsprobleme werden oft durch Obst oder Tee ausgel\u00f6st oder verschlimmert. Auch Milch wird schlecht vertragen.<\/p>\n<p><strong>Transformationsziele auf der k\u00f6rperlichen Ebene:<\/strong><\/p>\n<p>\u2013 Die Funktionen von Verdauung, Leber und Milz st\u00e4rken und stabil halten k\u00f6nnen.<\/p>\n<p>\u2013 Den Organismus nach Fl\u00fcssigkeitsverlusten und Krankheiten rasch wieder aufbauen.<\/p>\n<p>\u2013Schmerzhafte St\u00f6rungen und neurovegetative Beschwerden folgenlos \u00fcberwinden k\u00f6nnen.<\/p>\n<p><strong>Transformationsziele auf der seelisch, geistigen Ebene: <\/strong><\/p>\n<p>\u2013 Sich aus Abh\u00e4ngigkeiten l\u00f6sen k\u00f6nnen.<\/p>\n<p>\u2013 Lernen, die Initiative zu \u00fcbernehmen und Ver\u00e4nderungen real umzusetzen.<\/p>\n<p>\u2013 Lebensfreude und Lebensmut entwickeln.<\/p>\n<p>Der S 22 Chip enth\u00e4lt Frequenzen und Informationen, welche die Eigenschaften und Transformationsziele der Chinarinde auf der k\u00f6rperlichen, wie auch auf der seelisch geistigen Ebene unterst\u00fctzen soll.<\/p>\n","protected":false},"excerpt":{"rendered":"<p>S 22 China \/ Chinarinde China ist eine blutwirksame Essenz. Sie verbessert die Blutbildung und Blutbeschaffenheit und hat hierbei auch einen Einfluss auf Milz und Leber. China st\u00e4rkt und baut auf. Daher gibt man die Essenz oft bei Schw\u00e4che und Ersch\u00f6pfungszust\u00e4nden aller Art. Gleichzeitig reguliert sie die Verdauungsfunktionen, hebt den Appetit und entbl\u00e4ht. Das Mittel [&hellip;]<\/p>\n","protected":false},"featured_media":17405,"comment_status":"open","ping_status":"closed","template":"","meta":[],"product_brand":[],"product_cat":[1367,1705],"product_tag":[],"class_list":{"0":"post-17421","1":"product","2":"type-product","3":"status-publish","4":"has-post-thumbnail","6":"product_cat-info-chips-spagyrik","7":"product_cat-info-chips-spagyrik-essenzen","9":"first","10":"instock","11":"taxable","12":"shipping-taxable","13":"purchasable","14":"product-type-simple"},"yoast_head":"<!-- This site is optimized with the Yoast SEO plugin v27.3 - https:\/\/yoast.com\/product\/yoast-seo-wordpress\/ -->\n<title>S 22 - China \/ Chinarinde - akury<\/title>\n<meta name=\"robots\" content=\"index, follow, max-snippet:-1, max-image-preview:large, max-video-preview:-1\" \/>\n<link rel=\"canonical\" href=\"https:\/\/www.akuryprodukte.de\/en\/shop\/s-22-china-chinarinde\/\" \/>\n<meta property=\"og:locale\" content=\"en_US\" \/>\n<meta property=\"og:type\" content=\"article\" \/>\n<meta property=\"og:title\" content=\"S 22 - China \/ Chinarinde - akury\" \/>\n<meta property=\"og:description\" content=\"S 22 China \/ Chinarinde China ist eine blutwirksame Essenz. Sie verbessert die Blutbildung und Blutbeschaffenheit und hat hierbei auch einen Einfluss auf Milz und Leber. China st\u00e4rkt und baut auf. Daher gibt man die Essenz oft bei Schw\u00e4che und Ersch\u00f6pfungszust\u00e4nden aller Art. Gleichzeitig reguliert sie die Verdauungsfunktionen, hebt den Appetit und entbl\u00e4ht. Das Mittel [&hellip;]\" \/>\n<meta property=\"og:url\" content=\"https:\/\/www.akuryprodukte.de\/en\/shop\/s-22-china-chinarinde\/\" \/>\n<meta property=\"og:site_name\" content=\"akury\" \/>\n<meta property=\"article:publisher\" content=\"https:\/\/de-de.facebook.com\/bioenergetischesinformationsmanagement\/\" \/>\n<meta property=\"article:modified_time\" content=\"2023-05-10T07:32:22+00:00\" \/>\n<meta property=\"og:image\" content=\"https:\/\/www.akuryprodukte.de\/wp-content\/uploads\/2023\/05\/S22-1.png\" \/>\n\t<meta property=\"og:image:width\" content=\"575\" \/>\n\t<meta property=\"og:image:height\" content=\"575\" \/>\n\t<meta property=\"og:image:type\" content=\"image\/png\" \/>\n<meta name=\"twitter:card\" content=\"summary_large_image\" \/>\n<meta name=\"twitter:site\" content=\"@heiko_wenner\" \/>\n<meta name=\"twitter:label1\" content=\"Est. reading time\" \/>\n\t<meta name=\"twitter:data1\" content=\"2 minutes\" \/>\n<script type=\"application\/ld+json\" class=\"yoast-schema-graph\">{\"@context\":\"https:\\\/\\\/schema.org\",\"@graph\":[{\"@type\":\"WebPage\",\"@id\":\"https:\\\/\\\/www.akuryprodukte.de\\\/en\\\/shop\\\/s-22-china-chinarinde\\\/\",\"url\":\"https:\\\/\\\/www.akuryprodukte.de\\\/en\\\/shop\\\/s-22-china-chinarinde\\\/\",\"name\":\"S 22 - China \\\/ Chinarinde - akury\",\"isPartOf\":{\"@id\":\"https:\\\/\\\/www.akuryprodukte.de\\\/en\\\/#website\"},\"primaryImageOfPage\":{\"@id\":\"https:\\\/\\\/www.akuryprodukte.de\\\/en\\\/shop\\\/s-22-china-chinarinde\\\/#primaryimage\"},\"image\":{\"@id\":\"https:\\\/\\\/www.akuryprodukte.de\\\/en\\\/shop\\\/s-22-china-chinarinde\\\/#primaryimage\"},\"thumbnailUrl\":\"https:\\\/\\\/www.akuryprodukte.de\\\/wp-content\\\/uploads\\\/2023\\\/05\\\/S22-1.png\",\"datePublished\":\"2023-05-10T07:30:04+00:00\",\"dateModified\":\"2023-05-10T07:32:22+00:00\",\"breadcrumb\":{\"@id\":\"https:\\\/\\\/www.akuryprodukte.de\\\/en\\\/shop\\\/s-22-china-chinarinde\\\/#breadcrumb\"},\"inLanguage\":\"en-US\",\"potentialAction\":[{\"@type\":\"ReadAction\",\"target\":[\"https:\\\/\\\/www.akuryprodukte.de\\\/en\\\/shop\\\/s-22-china-chinarinde\\\/\"]}]},{\"@type\":\"ImageObject\",\"inLanguage\":\"en-US\",\"@id\":\"https:\\\/\\\/www.akuryprodukte.de\\\/en\\\/shop\\\/s-22-china-chinarinde\\\/#primaryimage\",\"url\":\"https:\\\/\\\/www.akuryprodukte.de\\\/wp-content\\\/uploads\\\/2023\\\/05\\\/S22-1.png\",\"contentUrl\":\"https:\\\/\\\/www.akuryprodukte.de\\\/wp-content\\\/uploads\\\/2023\\\/05\\\/S22-1.png\",\"width\":575,\"height\":575},{\"@type\":\"BreadcrumbList\",\"@id\":\"https:\\\/\\\/www.akuryprodukte.de\\\/en\\\/shop\\\/s-22-china-chinarinde\\\/#breadcrumb\",\"itemListElement\":[{\"@type\":\"ListItem\",\"position\":1,\"name\":\"Startseite\",\"item\":\"https:\\\/\\\/www.akuryprodukte.de\\\/en\\\/\"},{\"@type\":\"ListItem\",\"position\":2,\"name\":\"Shop\",\"item\":\"https:\\\/\\\/www.akuryprodukte.de\\\/en\\\/shop-en\\\/\"},{\"@type\":\"ListItem\",\"position\":3,\"name\":\"S 22 &#8211; China \\\/ Chinarinde\"}]},{\"@type\":\"WebSite\",\"@id\":\"https:\\\/\\\/www.akuryprodukte.de\\\/en\\\/#website\",\"url\":\"https:\\\/\\\/www.akuryprodukte.de\\\/en\\\/\",\"name\":\"akury\",\"description\":\"Produkte f\u00fcr Ihr Wohlbefinden\",\"publisher\":{\"@id\":\"https:\\\/\\\/www.akuryprodukte.de\\\/en\\\/#organization\"},\"potentialAction\":[{\"@type\":\"SearchAction\",\"target\":{\"@type\":\"EntryPoint\",\"urlTemplate\":\"https:\\\/\\\/www.akuryprodukte.de\\\/en\\\/?s={search_term_string}\"},\"query-input\":{\"@type\":\"PropertyValueSpecification\",\"valueRequired\":true,\"valueName\":\"search_term_string\"}}],\"inLanguage\":\"en-US\"},{\"@type\":\"Organization\",\"@id\":\"https:\\\/\\\/www.akuryprodukte.de\\\/en\\\/#organization\",\"name\":\"AkuRy GmbH\",\"url\":\"https:\\\/\\\/www.akuryprodukte.de\\\/en\\\/\",\"logo\":{\"@type\":\"ImageObject\",\"inLanguage\":\"en-US\",\"@id\":\"https:\\\/\\\/www.akuryprodukte.de\\\/en\\\/#\\\/schema\\\/logo\\\/image\\\/\",\"url\":\"https:\\\/\\\/www.akuryprodukte.de\\\/wp-content\\\/uploads\\\/2020\\\/09\\\/Logo_AKY-p-512.jpg\",\"contentUrl\":\"https:\\\/\\\/www.akuryprodukte.de\\\/wp-content\\\/uploads\\\/2020\\\/09\\\/Logo_AKY-p-512.jpg\",\"width\":512,\"height\":512,\"caption\":\"AkuRy GmbH\"},\"image\":{\"@id\":\"https:\\\/\\\/www.akuryprodukte.de\\\/en\\\/#\\\/schema\\\/logo\\\/image\\\/\"},\"sameAs\":[\"https:\\\/\\\/de-de.facebook.com\\\/bioenergetischesinformationsmanagement\\\/\",\"https:\\\/\\\/x.com\\\/heiko_wenner\",\"https:\\\/\\\/www.instagram.com\\\/akury_gmbh\\\/\",\"https:\\\/\\\/www.youtube.com\\\/channel\\\/UCyItRPbJUon1m0Gq6kV2Izw\"]}]}<\/script>\n<!-- \/ Yoast SEO plugin. -->","yoast_head_json":{"title":"S 22 - China \/ Chinarinde - akury","robots":{"index":"index","follow":"follow","max-snippet":"max-snippet:-1","max-image-preview":"max-image-preview:large","max-video-preview":"max-video-preview:-1"},"canonical":"https:\/\/www.akuryprodukte.de\/en\/shop\/s-22-china-chinarinde\/","og_locale":"en_US","og_type":"article","og_title":"S 22 - China \/ Chinarinde - akury","og_description":"S 22 China \/ Chinarinde China ist eine blutwirksame Essenz. Sie verbessert die Blutbildung und Blutbeschaffenheit und hat hierbei auch einen Einfluss auf Milz und Leber. China st\u00e4rkt und baut auf. Daher gibt man die Essenz oft bei Schw\u00e4che und Ersch\u00f6pfungszust\u00e4nden aller Art. Gleichzeitig reguliert sie die Verdauungsfunktionen, hebt den Appetit und entbl\u00e4ht. Das Mittel [&hellip;]","og_url":"https:\/\/www.akuryprodukte.de\/en\/shop\/s-22-china-chinarinde\/","og_site_name":"akury","article_publisher":"https:\/\/de-de.facebook.com\/bioenergetischesinformationsmanagement\/","article_modified_time":"2023-05-10T07:32:22+00:00","og_image":[{"width":575,"height":575,"url":"https:\/\/www.akuryprodukte.de\/wp-content\/uploads\/2023\/05\/S22-1.png","type":"image\/png"}],"twitter_card":"summary_large_image","twitter_site":"@heiko_wenner","twitter_misc":{"Est. reading time":"2 minutes"},"schema":{"@context":"https:\/\/schema.org","@graph":[{"@type":"WebPage","@id":"https:\/\/www.akuryprodukte.de\/en\/shop\/s-22-china-chinarinde\/","url":"https:\/\/www.akuryprodukte.de\/en\/shop\/s-22-china-chinarinde\/","name":"S 22 - China \/ Chinarinde - akury","isPartOf":{"@id":"https:\/\/www.akuryprodukte.de\/en\/#website"},"primaryImageOfPage":{"@id":"https:\/\/www.akuryprodukte.de\/en\/shop\/s-22-china-chinarinde\/#primaryimage"},"image":{"@id":"https:\/\/www.akuryprodukte.de\/en\/shop\/s-22-china-chinarinde\/#primaryimage"},"thumbnailUrl":"https:\/\/www.akuryprodukte.de\/wp-content\/uploads\/2023\/05\/S22-1.png","datePublished":"2023-05-10T07:30:04+00:00","dateModified":"2023-05-10T07:32:22+00:00","breadcrumb":{"@id":"https:\/\/www.akuryprodukte.de\/en\/shop\/s-22-china-chinarinde\/#breadcrumb"},"inLanguage":"en-US","potentialAction":[{"@type":"ReadAction","target":["https:\/\/www.akuryprodukte.de\/en\/shop\/s-22-china-chinarinde\/"]}]},{"@type":"ImageObject","inLanguage":"en-US","@id":"https:\/\/www.akuryprodukte.de\/en\/shop\/s-22-china-chinarinde\/#primaryimage","url":"https:\/\/www.akuryprodukte.de\/wp-content\/uploads\/2023\/05\/S22-1.png","contentUrl":"https:\/\/www.akuryprodukte.de\/wp-content\/uploads\/2023\/05\/S22-1.png","width":575,"height":575},{"@type":"BreadcrumbList","@id":"https:\/\/www.akuryprodukte.de\/en\/shop\/s-22-china-chinarinde\/#breadcrumb","itemListElement":[{"@type":"ListItem","position":1,"name":"Startseite","item":"https:\/\/www.akuryprodukte.de\/en\/"},{"@type":"ListItem","position":2,"name":"Shop","item":"https:\/\/www.akuryprodukte.de\/en\/shop-en\/"},{"@type":"ListItem","position":3,"name":"S 22 &#8211; China \/ Chinarinde"}]},{"@type":"WebSite","@id":"https:\/\/www.akuryprodukte.de\/en\/#website","url":"https:\/\/www.akuryprodukte.de\/en\/","name":"akury","description":"Produkte f\u00fcr Ihr Wohlbefinden","publisher":{"@id":"https:\/\/www.akuryprodukte.de\/en\/#organization"},"potentialAction":[{"@type":"SearchAction","target":{"@type":"EntryPoint","urlTemplate":"https:\/\/www.akuryprodukte.de\/en\/?s={search_term_string}"},"query-input":{"@type":"PropertyValueSpecification","valueRequired":true,"valueName":"search_term_string"}}],"inLanguage":"en-US"},{"@type":"Organization","@id":"https:\/\/www.akuryprodukte.de\/en\/#organization","name":"AkuRy GmbH","url":"https:\/\/www.akuryprodukte.de\/en\/","logo":{"@type":"ImageObject","inLanguage":"en-US","@id":"https:\/\/www.akuryprodukte.de\/en\/#\/schema\/logo\/image\/","url":"https:\/\/www.akuryprodukte.de\/wp-content\/uploads\/2020\/09\/Logo_AKY-p-512.jpg","contentUrl":"https:\/\/www.akuryprodukte.de\/wp-content\/uploads\/2020\/09\/Logo_AKY-p-512.jpg","width":512,"height":512,"caption":"AkuRy GmbH"},"image":{"@id":"https:\/\/www.akuryprodukte.de\/en\/#\/schema\/logo\/image\/"},"sameAs":["https:\/\/de-de.facebook.com\/bioenergetischesinformationsmanagement\/","https:\/\/x.com\/heiko_wenner","https:\/\/www.instagram.com\/akury_gmbh\/","https:\/\/www.youtube.com\/channel\/UCyItRPbJUon1m0Gq6kV2Izw"]}]}},"_links":{"self":[{"href":"https:\/\/www.akuryprodukte.de\/en\/wp-json\/wp\/v2\/product\/17421","targetHints":{"allow":["GET"]}}],"collection":[{"href":"https:\/\/www.akuryprodukte.de\/en\/wp-json\/wp\/v2\/product"}],"about":[{"href":"https:\/\/www.akuryprodukte.de\/en\/wp-json\/wp\/v2\/types\/product"}],"replies":[{"embeddable":true,"href":"https:\/\/www.akuryprodukte.de\/en\/wp-json\/wp\/v2\/comments?post=17421"}],"wp:featuredmedia":[{"embeddable":true,"href":"https:\/\/www.akuryprodukte.de\/en\/wp-json\/wp\/v2\/media\/17405"}],"wp:attachment":[{"href":"https:\/\/www.akuryprodukte.de\/en\/wp-json\/wp\/v2\/media?parent=17421"}],"wp:term":[{"taxonomy":"product_brand","embeddable":true,"href":"https:\/\/www.akuryprodukte.de\/en\/wp-json\/wp\/v2\/product_brand?post=17421"},{"taxonomy":"product_cat","embeddable":true,"href":"https:\/\/www.akuryprodukte.de\/en\/wp-json\/wp\/v2\/product_cat?post=17421"},{"taxonomy":"product_tag","embeddable":true,"href":"https:\/\/www.akuryprodukte.de\/en\/wp-json\/wp\/v2\/product_tag?post=17421"}],"curies":[{"name":"wp","href":"https:\/\/api.w.org\/{rel}","templated":true}]}}