{"id":17429,"date":"2023-05-10T09:43:37","date_gmt":"2023-05-10T07:43:37","guid":{"rendered":"https:\/\/www.akuryprodukte.de\/?post_type=product&#038;p=17429"},"modified":"2024-09-13T10:27:07","modified_gmt":"2024-09-13T08:27:07","slug":"s-28-echinacea-sonnenhut","status":"publish","type":"product","link":"https:\/\/www.akuryprodukte.de\/en\/shop\/s-28-echinacea-sonnenhut\/","title":{"rendered":"S 28 &#8211; Echinacea \/ Sonnenhut"},"content":{"rendered":"<p>Sie st\u00e4rkt das Immunsystem und verleiht eine gute Resistenz gegen krankmachende Erreger gleich welcher Art. Bei bestehenden Infekten verhilft die Essenz zu einem schnelleren \u00dcberwinden der Erkrankung. Entz\u00fcndungen werden ebenfalls besser abgebaut und damit einhergehende Beschwerden schnell gelindert.<\/p>\n<p><strong>Indikationen:<\/strong> \u2013 Abwehrschw\u00e4che \u2013 grippaler Infekt \u2013 fieberhafte Infektionen aller Art und jeder Lokalisation \u2013 Entz\u00fcndungen \u2013 Abszesse, Eiterungen \u2013 Furunkel, Karbunkel \u2013 Erysipel \u2013 Wunden \u2013 Insektenstiche \u2013 Tierbisse \u2013 Impffolgen \u2013 Krebsschmerzen \u2013 Schw\u00e4che bei und nach Infektionen<\/p>\n<p><strong>Transformationsziele auf der k\u00f6rperlichen Ebene: <\/strong><\/p>\n<p>\u2013 Das Immunsystem bei Angriffen von Krankheitserregern aller Art st\u00e4rken.<\/p>\n<p>\u2013 Erreger- und Tiergifte rasch und vollst\u00e4ndig ausscheiden k\u00f6nnen.<\/p>\n<p>\u2013 Haut und Gewebe st\u00e4rken und eine Eiter- und Geschw\u00fcrbildung abwehren.<\/p>\n<p><strong>Transformationsziele auf der geistig seelischen Ebene: <\/strong><\/p>\n<p>\u2013 Sich klar und bewusst Neuem stellen.<\/p>\n<p>\u2013 Die pers\u00f6nlichen Bed\u00fcrfnisse erkennen und einfordern.<\/p>\n<p>\u2013 Mutig die eigenen Impulse umsetzen.<\/p>\n<p>Der S 28 Chip enth\u00e4lt Frequenzen und Informationen, welche die Eigenschaften und Transformationsziele der Echinacea auf der k\u00f6rperlichen, wie auch auf der seelisch geistigen Ebene unterst\u00fctzen soll.<\/p>\n","protected":false},"excerpt":{"rendered":"<p>Sie st\u00e4rkt das Immunsystem und verleiht eine gute Resistenz gegen krankmachende Erreger gleich welcher Art. Bei bestehenden Infekten verhilft die Essenz zu einem schnelleren \u00dcberwinden der Erkrankung. Entz\u00fcndungen werden ebenfalls besser abgebaut und damit einhergehende Beschwerden schnell gelindert. Indikationen: \u2013 Abwehrschw\u00e4che \u2013 grippaler Infekt \u2013 fieberhafte Infektionen aller Art und jeder Lokalisation \u2013 Entz\u00fcndungen \u2013 [&hellip;]<\/p>\n","protected":false},"featured_media":17411,"comment_status":"open","ping_status":"closed","template":"","meta":[],"product_brand":[],"product_cat":[1367,1705],"product_tag":[],"class_list":{"0":"post-17429","1":"product","2":"type-product","3":"status-publish","4":"has-post-thumbnail","6":"product_cat-info-chips-spagyrik","7":"product_cat-info-chips-spagyrik-essenzen","9":"first","10":"instock","11":"taxable","12":"shipping-taxable","13":"purchasable","14":"product-type-simple"},"yoast_head":"<!-- This site is optimized with the Yoast SEO plugin v27.3 - https:\/\/yoast.com\/product\/yoast-seo-wordpress\/ -->\n<title>S 28 - Echinacea \/ Sonnenhut - akury<\/title>\n<meta name=\"robots\" content=\"index, follow, max-snippet:-1, max-image-preview:large, max-video-preview:-1\" \/>\n<link rel=\"canonical\" href=\"https:\/\/www.akuryprodukte.de\/en\/shop\/s-28-echinacea-sonnenhut\/\" \/>\n<meta property=\"og:locale\" content=\"en_US\" \/>\n<meta property=\"og:type\" content=\"article\" \/>\n<meta property=\"og:title\" content=\"S 28 - Echinacea \/ Sonnenhut - akury\" \/>\n<meta property=\"og:description\" content=\"Sie st\u00e4rkt das Immunsystem und verleiht eine gute Resistenz gegen krankmachende Erreger gleich welcher Art. Bei bestehenden Infekten verhilft die Essenz zu einem schnelleren \u00dcberwinden der Erkrankung. Entz\u00fcndungen werden ebenfalls besser abgebaut und damit einhergehende Beschwerden schnell gelindert. Indikationen: \u2013 Abwehrschw\u00e4che \u2013 grippaler Infekt \u2013 fieberhafte Infektionen aller Art und jeder Lokalisation \u2013 Entz\u00fcndungen \u2013 [&hellip;]\" \/>\n<meta property=\"og:url\" content=\"https:\/\/www.akuryprodukte.de\/en\/shop\/s-28-echinacea-sonnenhut\/\" \/>\n<meta property=\"og:site_name\" content=\"akury\" \/>\n<meta property=\"article:publisher\" content=\"https:\/\/de-de.facebook.com\/bioenergetischesinformationsmanagement\/\" \/>\n<meta property=\"article:modified_time\" content=\"2024-09-13T08:27:07+00:00\" \/>\n<meta property=\"og:image\" content=\"https:\/\/www.akuryprodukte.de\/wp-content\/uploads\/2023\/05\/S28-1.png\" \/>\n\t<meta property=\"og:image:width\" content=\"575\" \/>\n\t<meta property=\"og:image:height\" content=\"575\" \/>\n\t<meta property=\"og:image:type\" content=\"image\/png\" \/>\n<meta name=\"twitter:card\" content=\"summary_large_image\" \/>\n<meta name=\"twitter:site\" content=\"@heiko_wenner\" \/>\n<meta name=\"twitter:label1\" content=\"Est. reading time\" \/>\n\t<meta name=\"twitter:data1\" content=\"2 minutes\" \/>\n<script type=\"application\/ld+json\" class=\"yoast-schema-graph\">{\"@context\":\"https:\\\/\\\/schema.org\",\"@graph\":[{\"@type\":\"WebPage\",\"@id\":\"https:\\\/\\\/www.akuryprodukte.de\\\/en\\\/shop\\\/s-28-echinacea-sonnenhut\\\/\",\"url\":\"https:\\\/\\\/www.akuryprodukte.de\\\/en\\\/shop\\\/s-28-echinacea-sonnenhut\\\/\",\"name\":\"S 28 - Echinacea \\\/ Sonnenhut - akury\",\"isPartOf\":{\"@id\":\"https:\\\/\\\/www.akuryprodukte.de\\\/en\\\/#website\"},\"primaryImageOfPage\":{\"@id\":\"https:\\\/\\\/www.akuryprodukte.de\\\/en\\\/shop\\\/s-28-echinacea-sonnenhut\\\/#primaryimage\"},\"image\":{\"@id\":\"https:\\\/\\\/www.akuryprodukte.de\\\/en\\\/shop\\\/s-28-echinacea-sonnenhut\\\/#primaryimage\"},\"thumbnailUrl\":\"https:\\\/\\\/www.akuryprodukte.de\\\/wp-content\\\/uploads\\\/2023\\\/05\\\/S28-1.png\",\"datePublished\":\"2023-05-10T07:43:37+00:00\",\"dateModified\":\"2024-09-13T08:27:07+00:00\",\"breadcrumb\":{\"@id\":\"https:\\\/\\\/www.akuryprodukte.de\\\/en\\\/shop\\\/s-28-echinacea-sonnenhut\\\/#breadcrumb\"},\"inLanguage\":\"en-US\",\"potentialAction\":[{\"@type\":\"ReadAction\",\"target\":[\"https:\\\/\\\/www.akuryprodukte.de\\\/en\\\/shop\\\/s-28-echinacea-sonnenhut\\\/\"]}]},{\"@type\":\"ImageObject\",\"inLanguage\":\"en-US\",\"@id\":\"https:\\\/\\\/www.akuryprodukte.de\\\/en\\\/shop\\\/s-28-echinacea-sonnenhut\\\/#primaryimage\",\"url\":\"https:\\\/\\\/www.akuryprodukte.de\\\/wp-content\\\/uploads\\\/2023\\\/05\\\/S28-1.png\",\"contentUrl\":\"https:\\\/\\\/www.akuryprodukte.de\\\/wp-content\\\/uploads\\\/2023\\\/05\\\/S28-1.png\",\"width\":575,\"height\":575},{\"@type\":\"BreadcrumbList\",\"@id\":\"https:\\\/\\\/www.akuryprodukte.de\\\/en\\\/shop\\\/s-28-echinacea-sonnenhut\\\/#breadcrumb\",\"itemListElement\":[{\"@type\":\"ListItem\",\"position\":1,\"name\":\"Startseite\",\"item\":\"https:\\\/\\\/www.akuryprodukte.de\\\/en\\\/\"},{\"@type\":\"ListItem\",\"position\":2,\"name\":\"Shop\",\"item\":\"https:\\\/\\\/www.akuryprodukte.de\\\/en\\\/shop-en\\\/\"},{\"@type\":\"ListItem\",\"position\":3,\"name\":\"S 28 &#8211; Echinacea \\\/ Sonnenhut\"}]},{\"@type\":\"WebSite\",\"@id\":\"https:\\\/\\\/www.akuryprodukte.de\\\/en\\\/#website\",\"url\":\"https:\\\/\\\/www.akuryprodukte.de\\\/en\\\/\",\"name\":\"akury\",\"description\":\"Produkte f\u00fcr Ihr Wohlbefinden\",\"publisher\":{\"@id\":\"https:\\\/\\\/www.akuryprodukte.de\\\/en\\\/#organization\"},\"potentialAction\":[{\"@type\":\"SearchAction\",\"target\":{\"@type\":\"EntryPoint\",\"urlTemplate\":\"https:\\\/\\\/www.akuryprodukte.de\\\/en\\\/?s={search_term_string}\"},\"query-input\":{\"@type\":\"PropertyValueSpecification\",\"valueRequired\":true,\"valueName\":\"search_term_string\"}}],\"inLanguage\":\"en-US\"},{\"@type\":\"Organization\",\"@id\":\"https:\\\/\\\/www.akuryprodukte.de\\\/en\\\/#organization\",\"name\":\"AkuRy GmbH\",\"url\":\"https:\\\/\\\/www.akuryprodukte.de\\\/en\\\/\",\"logo\":{\"@type\":\"ImageObject\",\"inLanguage\":\"en-US\",\"@id\":\"https:\\\/\\\/www.akuryprodukte.de\\\/en\\\/#\\\/schema\\\/logo\\\/image\\\/\",\"url\":\"https:\\\/\\\/www.akuryprodukte.de\\\/wp-content\\\/uploads\\\/2020\\\/09\\\/Logo_AKY-p-512.jpg\",\"contentUrl\":\"https:\\\/\\\/www.akuryprodukte.de\\\/wp-content\\\/uploads\\\/2020\\\/09\\\/Logo_AKY-p-512.jpg\",\"width\":512,\"height\":512,\"caption\":\"AkuRy GmbH\"},\"image\":{\"@id\":\"https:\\\/\\\/www.akuryprodukte.de\\\/en\\\/#\\\/schema\\\/logo\\\/image\\\/\"},\"sameAs\":[\"https:\\\/\\\/de-de.facebook.com\\\/bioenergetischesinformationsmanagement\\\/\",\"https:\\\/\\\/x.com\\\/heiko_wenner\",\"https:\\\/\\\/www.instagram.com\\\/akury_gmbh\\\/\",\"https:\\\/\\\/www.youtube.com\\\/channel\\\/UCyItRPbJUon1m0Gq6kV2Izw\"]}]}<\/script>\n<!-- \/ Yoast SEO plugin. -->","yoast_head_json":{"title":"S 28 - Echinacea \/ Sonnenhut - akury","robots":{"index":"index","follow":"follow","max-snippet":"max-snippet:-1","max-image-preview":"max-image-preview:large","max-video-preview":"max-video-preview:-1"},"canonical":"https:\/\/www.akuryprodukte.de\/en\/shop\/s-28-echinacea-sonnenhut\/","og_locale":"en_US","og_type":"article","og_title":"S 28 - Echinacea \/ Sonnenhut - akury","og_description":"Sie st\u00e4rkt das Immunsystem und verleiht eine gute Resistenz gegen krankmachende Erreger gleich welcher Art. Bei bestehenden Infekten verhilft die Essenz zu einem schnelleren \u00dcberwinden der Erkrankung. Entz\u00fcndungen werden ebenfalls besser abgebaut und damit einhergehende Beschwerden schnell gelindert. Indikationen: \u2013 Abwehrschw\u00e4che \u2013 grippaler Infekt \u2013 fieberhafte Infektionen aller Art und jeder Lokalisation \u2013 Entz\u00fcndungen \u2013 [&hellip;]","og_url":"https:\/\/www.akuryprodukte.de\/en\/shop\/s-28-echinacea-sonnenhut\/","og_site_name":"akury","article_publisher":"https:\/\/de-de.facebook.com\/bioenergetischesinformationsmanagement\/","article_modified_time":"2024-09-13T08:27:07+00:00","og_image":[{"width":575,"height":575,"url":"https:\/\/www.akuryprodukte.de\/wp-content\/uploads\/2023\/05\/S28-1.png","type":"image\/png"}],"twitter_card":"summary_large_image","twitter_site":"@heiko_wenner","twitter_misc":{"Est. reading time":"2 minutes"},"schema":{"@context":"https:\/\/schema.org","@graph":[{"@type":"WebPage","@id":"https:\/\/www.akuryprodukte.de\/en\/shop\/s-28-echinacea-sonnenhut\/","url":"https:\/\/www.akuryprodukte.de\/en\/shop\/s-28-echinacea-sonnenhut\/","name":"S 28 - Echinacea \/ Sonnenhut - akury","isPartOf":{"@id":"https:\/\/www.akuryprodukte.de\/en\/#website"},"primaryImageOfPage":{"@id":"https:\/\/www.akuryprodukte.de\/en\/shop\/s-28-echinacea-sonnenhut\/#primaryimage"},"image":{"@id":"https:\/\/www.akuryprodukte.de\/en\/shop\/s-28-echinacea-sonnenhut\/#primaryimage"},"thumbnailUrl":"https:\/\/www.akuryprodukte.de\/wp-content\/uploads\/2023\/05\/S28-1.png","datePublished":"2023-05-10T07:43:37+00:00","dateModified":"2024-09-13T08:27:07+00:00","breadcrumb":{"@id":"https:\/\/www.akuryprodukte.de\/en\/shop\/s-28-echinacea-sonnenhut\/#breadcrumb"},"inLanguage":"en-US","potentialAction":[{"@type":"ReadAction","target":["https:\/\/www.akuryprodukte.de\/en\/shop\/s-28-echinacea-sonnenhut\/"]}]},{"@type":"ImageObject","inLanguage":"en-US","@id":"https:\/\/www.akuryprodukte.de\/en\/shop\/s-28-echinacea-sonnenhut\/#primaryimage","url":"https:\/\/www.akuryprodukte.de\/wp-content\/uploads\/2023\/05\/S28-1.png","contentUrl":"https:\/\/www.akuryprodukte.de\/wp-content\/uploads\/2023\/05\/S28-1.png","width":575,"height":575},{"@type":"BreadcrumbList","@id":"https:\/\/www.akuryprodukte.de\/en\/shop\/s-28-echinacea-sonnenhut\/#breadcrumb","itemListElement":[{"@type":"ListItem","position":1,"name":"Startseite","item":"https:\/\/www.akuryprodukte.de\/en\/"},{"@type":"ListItem","position":2,"name":"Shop","item":"https:\/\/www.akuryprodukte.de\/en\/shop-en\/"},{"@type":"ListItem","position":3,"name":"S 28 &#8211; Echinacea \/ Sonnenhut"}]},{"@type":"WebSite","@id":"https:\/\/www.akuryprodukte.de\/en\/#website","url":"https:\/\/www.akuryprodukte.de\/en\/","name":"akury","description":"Produkte f\u00fcr Ihr Wohlbefinden","publisher":{"@id":"https:\/\/www.akuryprodukte.de\/en\/#organization"},"potentialAction":[{"@type":"SearchAction","target":{"@type":"EntryPoint","urlTemplate":"https:\/\/www.akuryprodukte.de\/en\/?s={search_term_string}"},"query-input":{"@type":"PropertyValueSpecification","valueRequired":true,"valueName":"search_term_string"}}],"inLanguage":"en-US"},{"@type":"Organization","@id":"https:\/\/www.akuryprodukte.de\/en\/#organization","name":"AkuRy GmbH","url":"https:\/\/www.akuryprodukte.de\/en\/","logo":{"@type":"ImageObject","inLanguage":"en-US","@id":"https:\/\/www.akuryprodukte.de\/en\/#\/schema\/logo\/image\/","url":"https:\/\/www.akuryprodukte.de\/wp-content\/uploads\/2020\/09\/Logo_AKY-p-512.jpg","contentUrl":"https:\/\/www.akuryprodukte.de\/wp-content\/uploads\/2020\/09\/Logo_AKY-p-512.jpg","width":512,"height":512,"caption":"AkuRy GmbH"},"image":{"@id":"https:\/\/www.akuryprodukte.de\/en\/#\/schema\/logo\/image\/"},"sameAs":["https:\/\/de-de.facebook.com\/bioenergetischesinformationsmanagement\/","https:\/\/x.com\/heiko_wenner","https:\/\/www.instagram.com\/akury_gmbh\/","https:\/\/www.youtube.com\/channel\/UCyItRPbJUon1m0Gq6kV2Izw"]}]}},"_links":{"self":[{"href":"https:\/\/www.akuryprodukte.de\/en\/wp-json\/wp\/v2\/product\/17429","targetHints":{"allow":["GET"]}}],"collection":[{"href":"https:\/\/www.akuryprodukte.de\/en\/wp-json\/wp\/v2\/product"}],"about":[{"href":"https:\/\/www.akuryprodukte.de\/en\/wp-json\/wp\/v2\/types\/product"}],"replies":[{"embeddable":true,"href":"https:\/\/www.akuryprodukte.de\/en\/wp-json\/wp\/v2\/comments?post=17429"}],"wp:featuredmedia":[{"embeddable":true,"href":"https:\/\/www.akuryprodukte.de\/en\/wp-json\/wp\/v2\/media\/17411"}],"wp:attachment":[{"href":"https:\/\/www.akuryprodukte.de\/en\/wp-json\/wp\/v2\/media?parent=17429"}],"wp:term":[{"taxonomy":"product_brand","embeddable":true,"href":"https:\/\/www.akuryprodukte.de\/en\/wp-json\/wp\/v2\/product_brand?post=17429"},{"taxonomy":"product_cat","embeddable":true,"href":"https:\/\/www.akuryprodukte.de\/en\/wp-json\/wp\/v2\/product_cat?post=17429"},{"taxonomy":"product_tag","embeddable":true,"href":"https:\/\/www.akuryprodukte.de\/en\/wp-json\/wp\/v2\/product_tag?post=17429"}],"curies":[{"name":"wp","href":"https:\/\/api.w.org\/{rel}","templated":true}]}}