{"id":17431,"date":"2023-05-10T09:46:46","date_gmt":"2023-05-10T07:46:46","guid":{"rendered":"https:\/\/www.akuryprodukte.de\/?post_type=product&#038;p=17431"},"modified":"2023-05-10T09:49:51","modified_gmt":"2023-05-10T07:49:51","slug":"s-30-eleutherococcus-ginseng-taigawurzel","status":"publish","type":"product","link":"https:\/\/www.akuryprodukte.de\/en\/shop\/s-30-eleutherococcus-ginseng-taigawurzel\/","title":{"rendered":"S 30 &#8211; Eleutherococcus \/ Ginseng, Taigawurzel"},"content":{"rendered":"<p>Mit Eleutherococcus l\u00e4sst sich die Stressresistenz f\u00f6rdern und psychosomatische Reaktionen abfangen. Nach Krankheiten unterst\u00fctzt das Mittel die Rekonvaleszenz und st\u00e4rkt die K\u00f6rperkr\u00e4fte. Eleutherococcus kann jedoch auch im Vorfeld und w\u00e4hrend Krankheitssituationen sinnvoll sein, da es die Abwehrkr\u00e4fte unterst\u00fctzt und sich speziell bei viralen Infektionen als hilfreich erwiesen hat. Auch bei nachlassenden Immunkr\u00e4ften im vorger\u00fcckten Alter ist die Essenz anwendbar.<\/p>\n<p><strong>Indikationen:<\/strong> \u2013 k\u00f6rperliche und seelisch-geistige Belastungssituationen \u2013 verminderte Stressresistenz \u2013 Nervenschw\u00e4che \u2013 Ersch\u00f6pfungs- und Schw\u00e4chezust\u00e4nde \u2013 nachlassende Leistungsf\u00e4higkeit \u2013 Burnout-Syndrom \u2013 Konzentrations- und Ged\u00e4chtnisst\u00f6rungen \u2013 Altersschw\u00e4che \u2013 Abwehrschw\u00e4che \u2013 allgemeine Krankheitsanf\u00e4lligkeit \u2013 rezidivierende Infekte \u2013 Begleitbehandlung von Virusinfektionen \u2013 verz\u00f6gerte Rekonvaleszenz<\/p>\n<p><strong>Transformationsziele auf der k\u00f6rperlichen Ebene: <\/strong><\/p>\n<p>\u2013 K\u00f6rperliche Schw\u00e4chen nach \u00dcberlastungen rasch ausgleichen und den Organismus \u00a0 kr\u00e4ftigen.<\/p>\n<p>\u2013 F\u00fcr ein starkes und stabiles Immunsystem sorgen.<\/p>\n<p>\u2013 K\u00f6rperfunktionen nach Krankheiten und Belastungen wieder neu aufbauen und \u00a0 widerstandsf\u00e4hig halten.<\/p>\n<p><strong>Transformationsziele auf der geistig seelischen Ebene: <\/strong><\/p>\n<p>\u2013 Die eigenen Kr\u00e4fte einsch\u00e4tzen lernen.<\/p>\n<p>\u2013 Konzentriertes und zielgerichtetes Arbeiten im Wechsel mit Erholung und Regeneration.<\/p>\n<p>\u2013 Die Last des Lebens unter Beachtung der eigenen F\u00e4higkeiten tragen lernen.<\/p>\n<p>Der S 30 Chip enth\u00e4lt Frequenzen und Informationen, welche die Eigenschaften und Transformationsziele der Taigawurzel auf der k\u00f6rperlichen, wie auch auf der seelisch geistigen Ebene unterst\u00fctzen soll.<\/p>\n","protected":false},"excerpt":{"rendered":"<p>Mit Eleutherococcus l\u00e4sst sich die Stressresistenz f\u00f6rdern und psychosomatische Reaktionen abfangen. Nach Krankheiten unterst\u00fctzt das Mittel die Rekonvaleszenz und st\u00e4rkt die K\u00f6rperkr\u00e4fte. Eleutherococcus kann jedoch auch im Vorfeld und w\u00e4hrend Krankheitssituationen sinnvoll sein, da es die Abwehrkr\u00e4fte unterst\u00fctzt und sich speziell bei viralen Infektionen als hilfreich erwiesen hat. Auch bei nachlassenden Immunkr\u00e4ften im vorger\u00fcckten Alter [&hellip;]<\/p>\n","protected":false},"featured_media":17413,"comment_status":"open","ping_status":"closed","template":"","meta":[],"product_brand":[],"product_cat":[1367,1705],"product_tag":[],"class_list":{"0":"post-17431","1":"product","2":"type-product","3":"status-publish","4":"has-post-thumbnail","6":"product_cat-info-chips-spagyrik","7":"product_cat-info-chips-spagyrik-essenzen","9":"first","10":"instock","11":"taxable","12":"shipping-taxable","13":"purchasable","14":"product-type-simple"},"yoast_head":"<!-- This site is optimized with the Yoast SEO plugin v27.3 - https:\/\/yoast.com\/product\/yoast-seo-wordpress\/ -->\n<title>S 30 - Eleutherococcus \/ Ginseng, Taigawurzel - akury<\/title>\n<meta name=\"robots\" content=\"index, follow, max-snippet:-1, max-image-preview:large, max-video-preview:-1\" \/>\n<link rel=\"canonical\" href=\"https:\/\/www.akuryprodukte.de\/en\/shop\/s-30-eleutherococcus-ginseng-taigawurzel\/\" \/>\n<meta property=\"og:locale\" content=\"en_US\" \/>\n<meta property=\"og:type\" content=\"article\" \/>\n<meta property=\"og:title\" content=\"S 30 - Eleutherococcus \/ Ginseng, Taigawurzel - akury\" \/>\n<meta property=\"og:description\" content=\"Mit Eleutherococcus l\u00e4sst sich die Stressresistenz f\u00f6rdern und psychosomatische Reaktionen abfangen. Nach Krankheiten unterst\u00fctzt das Mittel die Rekonvaleszenz und st\u00e4rkt die K\u00f6rperkr\u00e4fte. Eleutherococcus kann jedoch auch im Vorfeld und w\u00e4hrend Krankheitssituationen sinnvoll sein, da es die Abwehrkr\u00e4fte unterst\u00fctzt und sich speziell bei viralen Infektionen als hilfreich erwiesen hat. Auch bei nachlassenden Immunkr\u00e4ften im vorger\u00fcckten Alter [&hellip;]\" \/>\n<meta property=\"og:url\" content=\"https:\/\/www.akuryprodukte.de\/en\/shop\/s-30-eleutherococcus-ginseng-taigawurzel\/\" \/>\n<meta property=\"og:site_name\" content=\"akury\" \/>\n<meta property=\"article:publisher\" content=\"https:\/\/de-de.facebook.com\/bioenergetischesinformationsmanagement\/\" \/>\n<meta property=\"article:modified_time\" content=\"2023-05-10T07:49:51+00:00\" \/>\n<meta property=\"og:image\" content=\"https:\/\/www.akuryprodukte.de\/wp-content\/uploads\/2023\/05\/S30-1.png\" \/>\n\t<meta property=\"og:image:width\" content=\"575\" \/>\n\t<meta property=\"og:image:height\" content=\"575\" \/>\n\t<meta property=\"og:image:type\" content=\"image\/png\" \/>\n<meta name=\"twitter:card\" content=\"summary_large_image\" \/>\n<meta name=\"twitter:site\" content=\"@heiko_wenner\" \/>\n<meta name=\"twitter:label1\" content=\"Est. reading time\" \/>\n\t<meta name=\"twitter:data1\" content=\"1 minute\" \/>\n<script type=\"application\/ld+json\" class=\"yoast-schema-graph\">{\"@context\":\"https:\\\/\\\/schema.org\",\"@graph\":[{\"@type\":\"WebPage\",\"@id\":\"https:\\\/\\\/www.akuryprodukte.de\\\/en\\\/shop\\\/s-30-eleutherococcus-ginseng-taigawurzel\\\/\",\"url\":\"https:\\\/\\\/www.akuryprodukte.de\\\/en\\\/shop\\\/s-30-eleutherococcus-ginseng-taigawurzel\\\/\",\"name\":\"S 30 - Eleutherococcus \\\/ Ginseng, Taigawurzel - akury\",\"isPartOf\":{\"@id\":\"https:\\\/\\\/www.akuryprodukte.de\\\/en\\\/#website\"},\"primaryImageOfPage\":{\"@id\":\"https:\\\/\\\/www.akuryprodukte.de\\\/en\\\/shop\\\/s-30-eleutherococcus-ginseng-taigawurzel\\\/#primaryimage\"},\"image\":{\"@id\":\"https:\\\/\\\/www.akuryprodukte.de\\\/en\\\/shop\\\/s-30-eleutherococcus-ginseng-taigawurzel\\\/#primaryimage\"},\"thumbnailUrl\":\"https:\\\/\\\/www.akuryprodukte.de\\\/wp-content\\\/uploads\\\/2023\\\/05\\\/S30-1.png\",\"datePublished\":\"2023-05-10T07:46:46+00:00\",\"dateModified\":\"2023-05-10T07:49:51+00:00\",\"breadcrumb\":{\"@id\":\"https:\\\/\\\/www.akuryprodukte.de\\\/en\\\/shop\\\/s-30-eleutherococcus-ginseng-taigawurzel\\\/#breadcrumb\"},\"inLanguage\":\"en-US\",\"potentialAction\":[{\"@type\":\"ReadAction\",\"target\":[\"https:\\\/\\\/www.akuryprodukte.de\\\/en\\\/shop\\\/s-30-eleutherococcus-ginseng-taigawurzel\\\/\"]}]},{\"@type\":\"ImageObject\",\"inLanguage\":\"en-US\",\"@id\":\"https:\\\/\\\/www.akuryprodukte.de\\\/en\\\/shop\\\/s-30-eleutherococcus-ginseng-taigawurzel\\\/#primaryimage\",\"url\":\"https:\\\/\\\/www.akuryprodukte.de\\\/wp-content\\\/uploads\\\/2023\\\/05\\\/S30-1.png\",\"contentUrl\":\"https:\\\/\\\/www.akuryprodukte.de\\\/wp-content\\\/uploads\\\/2023\\\/05\\\/S30-1.png\",\"width\":575,\"height\":575},{\"@type\":\"BreadcrumbList\",\"@id\":\"https:\\\/\\\/www.akuryprodukte.de\\\/en\\\/shop\\\/s-30-eleutherococcus-ginseng-taigawurzel\\\/#breadcrumb\",\"itemListElement\":[{\"@type\":\"ListItem\",\"position\":1,\"name\":\"Startseite\",\"item\":\"https:\\\/\\\/www.akuryprodukte.de\\\/en\\\/\"},{\"@type\":\"ListItem\",\"position\":2,\"name\":\"Shop\",\"item\":\"https:\\\/\\\/www.akuryprodukte.de\\\/en\\\/shop-en\\\/\"},{\"@type\":\"ListItem\",\"position\":3,\"name\":\"S 30 &#8211; Eleutherococcus \\\/ Ginseng, Taigawurzel\"}]},{\"@type\":\"WebSite\",\"@id\":\"https:\\\/\\\/www.akuryprodukte.de\\\/en\\\/#website\",\"url\":\"https:\\\/\\\/www.akuryprodukte.de\\\/en\\\/\",\"name\":\"akury\",\"description\":\"Produkte f\u00fcr Ihr Wohlbefinden\",\"publisher\":{\"@id\":\"https:\\\/\\\/www.akuryprodukte.de\\\/en\\\/#organization\"},\"potentialAction\":[{\"@type\":\"SearchAction\",\"target\":{\"@type\":\"EntryPoint\",\"urlTemplate\":\"https:\\\/\\\/www.akuryprodukte.de\\\/en\\\/?s={search_term_string}\"},\"query-input\":{\"@type\":\"PropertyValueSpecification\",\"valueRequired\":true,\"valueName\":\"search_term_string\"}}],\"inLanguage\":\"en-US\"},{\"@type\":\"Organization\",\"@id\":\"https:\\\/\\\/www.akuryprodukte.de\\\/en\\\/#organization\",\"name\":\"AkuRy GmbH\",\"url\":\"https:\\\/\\\/www.akuryprodukte.de\\\/en\\\/\",\"logo\":{\"@type\":\"ImageObject\",\"inLanguage\":\"en-US\",\"@id\":\"https:\\\/\\\/www.akuryprodukte.de\\\/en\\\/#\\\/schema\\\/logo\\\/image\\\/\",\"url\":\"https:\\\/\\\/www.akuryprodukte.de\\\/wp-content\\\/uploads\\\/2020\\\/09\\\/Logo_AKY-p-512.jpg\",\"contentUrl\":\"https:\\\/\\\/www.akuryprodukte.de\\\/wp-content\\\/uploads\\\/2020\\\/09\\\/Logo_AKY-p-512.jpg\",\"width\":512,\"height\":512,\"caption\":\"AkuRy GmbH\"},\"image\":{\"@id\":\"https:\\\/\\\/www.akuryprodukte.de\\\/en\\\/#\\\/schema\\\/logo\\\/image\\\/\"},\"sameAs\":[\"https:\\\/\\\/de-de.facebook.com\\\/bioenergetischesinformationsmanagement\\\/\",\"https:\\\/\\\/x.com\\\/heiko_wenner\",\"https:\\\/\\\/www.instagram.com\\\/akury_gmbh\\\/\",\"https:\\\/\\\/www.youtube.com\\\/channel\\\/UCyItRPbJUon1m0Gq6kV2Izw\"]}]}<\/script>\n<!-- \/ Yoast SEO plugin. -->","yoast_head_json":{"title":"S 30 - Eleutherococcus \/ Ginseng, Taigawurzel - akury","robots":{"index":"index","follow":"follow","max-snippet":"max-snippet:-1","max-image-preview":"max-image-preview:large","max-video-preview":"max-video-preview:-1"},"canonical":"https:\/\/www.akuryprodukte.de\/en\/shop\/s-30-eleutherococcus-ginseng-taigawurzel\/","og_locale":"en_US","og_type":"article","og_title":"S 30 - Eleutherococcus \/ Ginseng, Taigawurzel - akury","og_description":"Mit Eleutherococcus l\u00e4sst sich die Stressresistenz f\u00f6rdern und psychosomatische Reaktionen abfangen. Nach Krankheiten unterst\u00fctzt das Mittel die Rekonvaleszenz und st\u00e4rkt die K\u00f6rperkr\u00e4fte. Eleutherococcus kann jedoch auch im Vorfeld und w\u00e4hrend Krankheitssituationen sinnvoll sein, da es die Abwehrkr\u00e4fte unterst\u00fctzt und sich speziell bei viralen Infektionen als hilfreich erwiesen hat. Auch bei nachlassenden Immunkr\u00e4ften im vorger\u00fcckten Alter [&hellip;]","og_url":"https:\/\/www.akuryprodukte.de\/en\/shop\/s-30-eleutherococcus-ginseng-taigawurzel\/","og_site_name":"akury","article_publisher":"https:\/\/de-de.facebook.com\/bioenergetischesinformationsmanagement\/","article_modified_time":"2023-05-10T07:49:51+00:00","og_image":[{"width":575,"height":575,"url":"https:\/\/www.akuryprodukte.de\/wp-content\/uploads\/2023\/05\/S30-1.png","type":"image\/png"}],"twitter_card":"summary_large_image","twitter_site":"@heiko_wenner","twitter_misc":{"Est. reading time":"1 minute"},"schema":{"@context":"https:\/\/schema.org","@graph":[{"@type":"WebPage","@id":"https:\/\/www.akuryprodukte.de\/en\/shop\/s-30-eleutherococcus-ginseng-taigawurzel\/","url":"https:\/\/www.akuryprodukte.de\/en\/shop\/s-30-eleutherococcus-ginseng-taigawurzel\/","name":"S 30 - Eleutherococcus \/ Ginseng, Taigawurzel - akury","isPartOf":{"@id":"https:\/\/www.akuryprodukte.de\/en\/#website"},"primaryImageOfPage":{"@id":"https:\/\/www.akuryprodukte.de\/en\/shop\/s-30-eleutherococcus-ginseng-taigawurzel\/#primaryimage"},"image":{"@id":"https:\/\/www.akuryprodukte.de\/en\/shop\/s-30-eleutherococcus-ginseng-taigawurzel\/#primaryimage"},"thumbnailUrl":"https:\/\/www.akuryprodukte.de\/wp-content\/uploads\/2023\/05\/S30-1.png","datePublished":"2023-05-10T07:46:46+00:00","dateModified":"2023-05-10T07:49:51+00:00","breadcrumb":{"@id":"https:\/\/www.akuryprodukte.de\/en\/shop\/s-30-eleutherococcus-ginseng-taigawurzel\/#breadcrumb"},"inLanguage":"en-US","potentialAction":[{"@type":"ReadAction","target":["https:\/\/www.akuryprodukte.de\/en\/shop\/s-30-eleutherococcus-ginseng-taigawurzel\/"]}]},{"@type":"ImageObject","inLanguage":"en-US","@id":"https:\/\/www.akuryprodukte.de\/en\/shop\/s-30-eleutherococcus-ginseng-taigawurzel\/#primaryimage","url":"https:\/\/www.akuryprodukte.de\/wp-content\/uploads\/2023\/05\/S30-1.png","contentUrl":"https:\/\/www.akuryprodukte.de\/wp-content\/uploads\/2023\/05\/S30-1.png","width":575,"height":575},{"@type":"BreadcrumbList","@id":"https:\/\/www.akuryprodukte.de\/en\/shop\/s-30-eleutherococcus-ginseng-taigawurzel\/#breadcrumb","itemListElement":[{"@type":"ListItem","position":1,"name":"Startseite","item":"https:\/\/www.akuryprodukte.de\/en\/"},{"@type":"ListItem","position":2,"name":"Shop","item":"https:\/\/www.akuryprodukte.de\/en\/shop-en\/"},{"@type":"ListItem","position":3,"name":"S 30 &#8211; Eleutherococcus \/ Ginseng, Taigawurzel"}]},{"@type":"WebSite","@id":"https:\/\/www.akuryprodukte.de\/en\/#website","url":"https:\/\/www.akuryprodukte.de\/en\/","name":"akury","description":"Produkte f\u00fcr Ihr Wohlbefinden","publisher":{"@id":"https:\/\/www.akuryprodukte.de\/en\/#organization"},"potentialAction":[{"@type":"SearchAction","target":{"@type":"EntryPoint","urlTemplate":"https:\/\/www.akuryprodukte.de\/en\/?s={search_term_string}"},"query-input":{"@type":"PropertyValueSpecification","valueRequired":true,"valueName":"search_term_string"}}],"inLanguage":"en-US"},{"@type":"Organization","@id":"https:\/\/www.akuryprodukte.de\/en\/#organization","name":"AkuRy GmbH","url":"https:\/\/www.akuryprodukte.de\/en\/","logo":{"@type":"ImageObject","inLanguage":"en-US","@id":"https:\/\/www.akuryprodukte.de\/en\/#\/schema\/logo\/image\/","url":"https:\/\/www.akuryprodukte.de\/wp-content\/uploads\/2020\/09\/Logo_AKY-p-512.jpg","contentUrl":"https:\/\/www.akuryprodukte.de\/wp-content\/uploads\/2020\/09\/Logo_AKY-p-512.jpg","width":512,"height":512,"caption":"AkuRy GmbH"},"image":{"@id":"https:\/\/www.akuryprodukte.de\/en\/#\/schema\/logo\/image\/"},"sameAs":["https:\/\/de-de.facebook.com\/bioenergetischesinformationsmanagement\/","https:\/\/x.com\/heiko_wenner","https:\/\/www.instagram.com\/akury_gmbh\/","https:\/\/www.youtube.com\/channel\/UCyItRPbJUon1m0Gq6kV2Izw"]}]}},"_links":{"self":[{"href":"https:\/\/www.akuryprodukte.de\/en\/wp-json\/wp\/v2\/product\/17431","targetHints":{"allow":["GET"]}}],"collection":[{"href":"https:\/\/www.akuryprodukte.de\/en\/wp-json\/wp\/v2\/product"}],"about":[{"href":"https:\/\/www.akuryprodukte.de\/en\/wp-json\/wp\/v2\/types\/product"}],"replies":[{"embeddable":true,"href":"https:\/\/www.akuryprodukte.de\/en\/wp-json\/wp\/v2\/comments?post=17431"}],"wp:featuredmedia":[{"embeddable":true,"href":"https:\/\/www.akuryprodukte.de\/en\/wp-json\/wp\/v2\/media\/17413"}],"wp:attachment":[{"href":"https:\/\/www.akuryprodukte.de\/en\/wp-json\/wp\/v2\/media?parent=17431"}],"wp:term":[{"taxonomy":"product_brand","embeddable":true,"href":"https:\/\/www.akuryprodukte.de\/en\/wp-json\/wp\/v2\/product_brand?post=17431"},{"taxonomy":"product_cat","embeddable":true,"href":"https:\/\/www.akuryprodukte.de\/en\/wp-json\/wp\/v2\/product_cat?post=17431"},{"taxonomy":"product_tag","embeddable":true,"href":"https:\/\/www.akuryprodukte.de\/en\/wp-json\/wp\/v2\/product_tag?post=17431"}],"curies":[{"name":"wp","href":"https:\/\/api.w.org\/{rel}","templated":true}]}}