{"id":17435,"date":"2023-05-10T09:53:48","date_gmt":"2023-05-10T07:53:48","guid":{"rendered":"https:\/\/www.akuryprodukte.de\/?post_type=product&#038;p=17435"},"modified":"2023-05-10T09:56:36","modified_gmt":"2023-05-10T07:56:36","slug":"s-31-ephedra-meertraeubchen","status":"publish","type":"product","link":"https:\/\/www.akuryprodukte.de\/en\/shop\/s-31-ephedra-meertraeubchen\/","title":{"rendered":"S 31 &#8211; Ephedra \/ Meertr\u00e4ubchen"},"content":{"rendered":"<p>Ephedra distachya erstreckt ihre positiven Wirkungen besonders auf die Organe der Atemwege. Die Essenz hilft bei Infektionen mit Husten und lindert zugleich allergische Zust\u00e4nde in diesem Bereich. Sie ist somit ein gutes Hilfsmittel bei Beschwerdebildern wie Heuschnupfen, Asthma bronchiale und Katarrhen der Atemwege mit einem krampfhaften Husten.<\/p>\n<p><strong>Indikationen:<\/strong> \u2013 Asthma bronchiale \u2013 Heuschnupfen \u2013 Bronchitis \u2013 Krampfhusten \u2013 Keuchhusten \u2013 Herz-Kreislaufschw\u00e4che \u2013 niedriger Blutdruck \u2013 Kopfschmerz, Migr\u00e4ne \u2013 Schw\u00e4che- und Ersch\u00f6pfungszust\u00e4nde<\/p>\n<p><strong>Transformationsziele auf der k\u00f6rperlichen Ebene: <\/strong><\/p>\n<p>\u2013 \u00dcberempfindlichkeiten im Bereich der Atemwege abbauen und die Organfunktionen<\/p>\n<p>stabilisieren.<\/p>\n<p>\u2013 Die Herz- und Kreislauffunktionen regulieren und festigen.<\/p>\n<p>\u2013 Die K\u00f6rperkr\u00e4fte st\u00e4rken und die Lebensenergie anregen.<\/p>\n<p><strong>\u00a0<\/strong><strong>Transformationsziele auf der seelisch, geistigen Ebene: <\/strong><\/p>\n<p>\u2013 In der Gemeinschaft ausgeglichen und ruhig agieren k\u00f6nnen.<\/p>\n<p>\u2013 Die eigene innere St\u00e4rke erkennen und aus ihr heraus handeln.<\/p>\n<p>\u2013 Sexualit\u00e4t als Teil des Lebens annehmen und als Bereicherung erfahren.<\/p>\n<p>Der S 31 Chip enth\u00e4lt Frequenzen und Informationen, welche die Eigenschaften und Transformationsziele des Meertr\u00e4ubchens auf der k\u00f6rperlichen, wie auch auf der seelisch geistigen Ebene unterst\u00fctzen soll.<\/p>\n","protected":false},"excerpt":{"rendered":"<p>Ephedra distachya erstreckt ihre positiven Wirkungen besonders auf die Organe der Atemwege. Die Essenz hilft bei Infektionen mit Husten und lindert zugleich allergische Zust\u00e4nde in diesem Bereich. Sie ist somit ein gutes Hilfsmittel bei Beschwerdebildern wie Heuschnupfen, Asthma bronchiale und Katarrhen der Atemwege mit einem krampfhaften Husten. Indikationen: \u2013 Asthma bronchiale \u2013 Heuschnupfen \u2013 Bronchitis [&hellip;]<\/p>\n","protected":false},"featured_media":17415,"comment_status":"open","ping_status":"closed","template":"","meta":[],"product_brand":[],"product_cat":[1367,1705],"product_tag":[],"class_list":{"0":"post-17435","1":"product","2":"type-product","3":"status-publish","4":"has-post-thumbnail","6":"product_cat-info-chips-spagyrik","7":"product_cat-info-chips-spagyrik-essenzen","9":"first","10":"instock","11":"taxable","12":"shipping-taxable","13":"purchasable","14":"product-type-simple"},"yoast_head":"<!-- This site is optimized with the Yoast SEO plugin v27.3 - https:\/\/yoast.com\/product\/yoast-seo-wordpress\/ -->\n<title>S 31 - Ephedra \/ Meertr\u00e4ubchen - akury<\/title>\n<meta name=\"robots\" content=\"index, follow, max-snippet:-1, max-image-preview:large, max-video-preview:-1\" \/>\n<link rel=\"canonical\" href=\"https:\/\/www.akuryprodukte.de\/en\/shop\/s-31-ephedra-meertraeubchen\/\" \/>\n<meta property=\"og:locale\" content=\"en_US\" \/>\n<meta property=\"og:type\" content=\"article\" \/>\n<meta property=\"og:title\" content=\"S 31 - Ephedra \/ Meertr\u00e4ubchen - akury\" \/>\n<meta property=\"og:description\" content=\"Ephedra distachya erstreckt ihre positiven Wirkungen besonders auf die Organe der Atemwege. Die Essenz hilft bei Infektionen mit Husten und lindert zugleich allergische Zust\u00e4nde in diesem Bereich. Sie ist somit ein gutes Hilfsmittel bei Beschwerdebildern wie Heuschnupfen, Asthma bronchiale und Katarrhen der Atemwege mit einem krampfhaften Husten. Indikationen: \u2013 Asthma bronchiale \u2013 Heuschnupfen \u2013 Bronchitis [&hellip;]\" \/>\n<meta property=\"og:url\" content=\"https:\/\/www.akuryprodukte.de\/en\/shop\/s-31-ephedra-meertraeubchen\/\" \/>\n<meta property=\"og:site_name\" content=\"akury\" \/>\n<meta property=\"article:publisher\" content=\"https:\/\/de-de.facebook.com\/bioenergetischesinformationsmanagement\/\" \/>\n<meta property=\"article:modified_time\" content=\"2023-05-10T07:56:36+00:00\" \/>\n<meta property=\"og:image\" content=\"https:\/\/www.akuryprodukte.de\/wp-content\/uploads\/2023\/05\/S31-1.png\" \/>\n\t<meta property=\"og:image:width\" content=\"575\" \/>\n\t<meta property=\"og:image:height\" content=\"575\" \/>\n\t<meta property=\"og:image:type\" content=\"image\/png\" \/>\n<meta name=\"twitter:card\" content=\"summary_large_image\" \/>\n<meta name=\"twitter:site\" content=\"@heiko_wenner\" \/>\n<meta name=\"twitter:label1\" content=\"Est. reading time\" \/>\n\t<meta name=\"twitter:data1\" content=\"1 minute\" \/>\n<script type=\"application\/ld+json\" class=\"yoast-schema-graph\">{\"@context\":\"https:\\\/\\\/schema.org\",\"@graph\":[{\"@type\":\"WebPage\",\"@id\":\"https:\\\/\\\/www.akuryprodukte.de\\\/en\\\/shop\\\/s-31-ephedra-meertraeubchen\\\/\",\"url\":\"https:\\\/\\\/www.akuryprodukte.de\\\/en\\\/shop\\\/s-31-ephedra-meertraeubchen\\\/\",\"name\":\"S 31 - Ephedra \\\/ Meertr\u00e4ubchen - akury\",\"isPartOf\":{\"@id\":\"https:\\\/\\\/www.akuryprodukte.de\\\/en\\\/#website\"},\"primaryImageOfPage\":{\"@id\":\"https:\\\/\\\/www.akuryprodukte.de\\\/en\\\/shop\\\/s-31-ephedra-meertraeubchen\\\/#primaryimage\"},\"image\":{\"@id\":\"https:\\\/\\\/www.akuryprodukte.de\\\/en\\\/shop\\\/s-31-ephedra-meertraeubchen\\\/#primaryimage\"},\"thumbnailUrl\":\"https:\\\/\\\/www.akuryprodukte.de\\\/wp-content\\\/uploads\\\/2023\\\/05\\\/S31-1.png\",\"datePublished\":\"2023-05-10T07:53:48+00:00\",\"dateModified\":\"2023-05-10T07:56:36+00:00\",\"breadcrumb\":{\"@id\":\"https:\\\/\\\/www.akuryprodukte.de\\\/en\\\/shop\\\/s-31-ephedra-meertraeubchen\\\/#breadcrumb\"},\"inLanguage\":\"en-US\",\"potentialAction\":[{\"@type\":\"ReadAction\",\"target\":[\"https:\\\/\\\/www.akuryprodukte.de\\\/en\\\/shop\\\/s-31-ephedra-meertraeubchen\\\/\"]}]},{\"@type\":\"ImageObject\",\"inLanguage\":\"en-US\",\"@id\":\"https:\\\/\\\/www.akuryprodukte.de\\\/en\\\/shop\\\/s-31-ephedra-meertraeubchen\\\/#primaryimage\",\"url\":\"https:\\\/\\\/www.akuryprodukte.de\\\/wp-content\\\/uploads\\\/2023\\\/05\\\/S31-1.png\",\"contentUrl\":\"https:\\\/\\\/www.akuryprodukte.de\\\/wp-content\\\/uploads\\\/2023\\\/05\\\/S31-1.png\",\"width\":575,\"height\":575},{\"@type\":\"BreadcrumbList\",\"@id\":\"https:\\\/\\\/www.akuryprodukte.de\\\/en\\\/shop\\\/s-31-ephedra-meertraeubchen\\\/#breadcrumb\",\"itemListElement\":[{\"@type\":\"ListItem\",\"position\":1,\"name\":\"Startseite\",\"item\":\"https:\\\/\\\/www.akuryprodukte.de\\\/en\\\/\"},{\"@type\":\"ListItem\",\"position\":2,\"name\":\"Shop\",\"item\":\"https:\\\/\\\/www.akuryprodukte.de\\\/en\\\/shop-en\\\/\"},{\"@type\":\"ListItem\",\"position\":3,\"name\":\"S 31 &#8211; Ephedra \\\/ Meertr\u00e4ubchen\"}]},{\"@type\":\"WebSite\",\"@id\":\"https:\\\/\\\/www.akuryprodukte.de\\\/en\\\/#website\",\"url\":\"https:\\\/\\\/www.akuryprodukte.de\\\/en\\\/\",\"name\":\"akury\",\"description\":\"Produkte f\u00fcr Ihr Wohlbefinden\",\"publisher\":{\"@id\":\"https:\\\/\\\/www.akuryprodukte.de\\\/en\\\/#organization\"},\"potentialAction\":[{\"@type\":\"SearchAction\",\"target\":{\"@type\":\"EntryPoint\",\"urlTemplate\":\"https:\\\/\\\/www.akuryprodukte.de\\\/en\\\/?s={search_term_string}\"},\"query-input\":{\"@type\":\"PropertyValueSpecification\",\"valueRequired\":true,\"valueName\":\"search_term_string\"}}],\"inLanguage\":\"en-US\"},{\"@type\":\"Organization\",\"@id\":\"https:\\\/\\\/www.akuryprodukte.de\\\/en\\\/#organization\",\"name\":\"AkuRy GmbH\",\"url\":\"https:\\\/\\\/www.akuryprodukte.de\\\/en\\\/\",\"logo\":{\"@type\":\"ImageObject\",\"inLanguage\":\"en-US\",\"@id\":\"https:\\\/\\\/www.akuryprodukte.de\\\/en\\\/#\\\/schema\\\/logo\\\/image\\\/\",\"url\":\"https:\\\/\\\/www.akuryprodukte.de\\\/wp-content\\\/uploads\\\/2020\\\/09\\\/Logo_AKY-p-512.jpg\",\"contentUrl\":\"https:\\\/\\\/www.akuryprodukte.de\\\/wp-content\\\/uploads\\\/2020\\\/09\\\/Logo_AKY-p-512.jpg\",\"width\":512,\"height\":512,\"caption\":\"AkuRy GmbH\"},\"image\":{\"@id\":\"https:\\\/\\\/www.akuryprodukte.de\\\/en\\\/#\\\/schema\\\/logo\\\/image\\\/\"},\"sameAs\":[\"https:\\\/\\\/de-de.facebook.com\\\/bioenergetischesinformationsmanagement\\\/\",\"https:\\\/\\\/x.com\\\/heiko_wenner\",\"https:\\\/\\\/www.instagram.com\\\/akury_gmbh\\\/\",\"https:\\\/\\\/www.youtube.com\\\/channel\\\/UCyItRPbJUon1m0Gq6kV2Izw\"]}]}<\/script>\n<!-- \/ Yoast SEO plugin. -->","yoast_head_json":{"title":"S 31 - Ephedra \/ Meertr\u00e4ubchen - akury","robots":{"index":"index","follow":"follow","max-snippet":"max-snippet:-1","max-image-preview":"max-image-preview:large","max-video-preview":"max-video-preview:-1"},"canonical":"https:\/\/www.akuryprodukte.de\/en\/shop\/s-31-ephedra-meertraeubchen\/","og_locale":"en_US","og_type":"article","og_title":"S 31 - Ephedra \/ Meertr\u00e4ubchen - akury","og_description":"Ephedra distachya erstreckt ihre positiven Wirkungen besonders auf die Organe der Atemwege. Die Essenz hilft bei Infektionen mit Husten und lindert zugleich allergische Zust\u00e4nde in diesem Bereich. Sie ist somit ein gutes Hilfsmittel bei Beschwerdebildern wie Heuschnupfen, Asthma bronchiale und Katarrhen der Atemwege mit einem krampfhaften Husten. Indikationen: \u2013 Asthma bronchiale \u2013 Heuschnupfen \u2013 Bronchitis [&hellip;]","og_url":"https:\/\/www.akuryprodukte.de\/en\/shop\/s-31-ephedra-meertraeubchen\/","og_site_name":"akury","article_publisher":"https:\/\/de-de.facebook.com\/bioenergetischesinformationsmanagement\/","article_modified_time":"2023-05-10T07:56:36+00:00","og_image":[{"width":575,"height":575,"url":"https:\/\/www.akuryprodukte.de\/wp-content\/uploads\/2023\/05\/S31-1.png","type":"image\/png"}],"twitter_card":"summary_large_image","twitter_site":"@heiko_wenner","twitter_misc":{"Est. reading time":"1 minute"},"schema":{"@context":"https:\/\/schema.org","@graph":[{"@type":"WebPage","@id":"https:\/\/www.akuryprodukte.de\/en\/shop\/s-31-ephedra-meertraeubchen\/","url":"https:\/\/www.akuryprodukte.de\/en\/shop\/s-31-ephedra-meertraeubchen\/","name":"S 31 - Ephedra \/ Meertr\u00e4ubchen - akury","isPartOf":{"@id":"https:\/\/www.akuryprodukte.de\/en\/#website"},"primaryImageOfPage":{"@id":"https:\/\/www.akuryprodukte.de\/en\/shop\/s-31-ephedra-meertraeubchen\/#primaryimage"},"image":{"@id":"https:\/\/www.akuryprodukte.de\/en\/shop\/s-31-ephedra-meertraeubchen\/#primaryimage"},"thumbnailUrl":"https:\/\/www.akuryprodukte.de\/wp-content\/uploads\/2023\/05\/S31-1.png","datePublished":"2023-05-10T07:53:48+00:00","dateModified":"2023-05-10T07:56:36+00:00","breadcrumb":{"@id":"https:\/\/www.akuryprodukte.de\/en\/shop\/s-31-ephedra-meertraeubchen\/#breadcrumb"},"inLanguage":"en-US","potentialAction":[{"@type":"ReadAction","target":["https:\/\/www.akuryprodukte.de\/en\/shop\/s-31-ephedra-meertraeubchen\/"]}]},{"@type":"ImageObject","inLanguage":"en-US","@id":"https:\/\/www.akuryprodukte.de\/en\/shop\/s-31-ephedra-meertraeubchen\/#primaryimage","url":"https:\/\/www.akuryprodukte.de\/wp-content\/uploads\/2023\/05\/S31-1.png","contentUrl":"https:\/\/www.akuryprodukte.de\/wp-content\/uploads\/2023\/05\/S31-1.png","width":575,"height":575},{"@type":"BreadcrumbList","@id":"https:\/\/www.akuryprodukte.de\/en\/shop\/s-31-ephedra-meertraeubchen\/#breadcrumb","itemListElement":[{"@type":"ListItem","position":1,"name":"Startseite","item":"https:\/\/www.akuryprodukte.de\/en\/"},{"@type":"ListItem","position":2,"name":"Shop","item":"https:\/\/www.akuryprodukte.de\/en\/shop-en\/"},{"@type":"ListItem","position":3,"name":"S 31 &#8211; Ephedra \/ Meertr\u00e4ubchen"}]},{"@type":"WebSite","@id":"https:\/\/www.akuryprodukte.de\/en\/#website","url":"https:\/\/www.akuryprodukte.de\/en\/","name":"akury","description":"Produkte f\u00fcr Ihr Wohlbefinden","publisher":{"@id":"https:\/\/www.akuryprodukte.de\/en\/#organization"},"potentialAction":[{"@type":"SearchAction","target":{"@type":"EntryPoint","urlTemplate":"https:\/\/www.akuryprodukte.de\/en\/?s={search_term_string}"},"query-input":{"@type":"PropertyValueSpecification","valueRequired":true,"valueName":"search_term_string"}}],"inLanguage":"en-US"},{"@type":"Organization","@id":"https:\/\/www.akuryprodukte.de\/en\/#organization","name":"AkuRy GmbH","url":"https:\/\/www.akuryprodukte.de\/en\/","logo":{"@type":"ImageObject","inLanguage":"en-US","@id":"https:\/\/www.akuryprodukte.de\/en\/#\/schema\/logo\/image\/","url":"https:\/\/www.akuryprodukte.de\/wp-content\/uploads\/2020\/09\/Logo_AKY-p-512.jpg","contentUrl":"https:\/\/www.akuryprodukte.de\/wp-content\/uploads\/2020\/09\/Logo_AKY-p-512.jpg","width":512,"height":512,"caption":"AkuRy GmbH"},"image":{"@id":"https:\/\/www.akuryprodukte.de\/en\/#\/schema\/logo\/image\/"},"sameAs":["https:\/\/de-de.facebook.com\/bioenergetischesinformationsmanagement\/","https:\/\/x.com\/heiko_wenner","https:\/\/www.instagram.com\/akury_gmbh\/","https:\/\/www.youtube.com\/channel\/UCyItRPbJUon1m0Gq6kV2Izw"]}]}},"_links":{"self":[{"href":"https:\/\/www.akuryprodukte.de\/en\/wp-json\/wp\/v2\/product\/17435","targetHints":{"allow":["GET"]}}],"collection":[{"href":"https:\/\/www.akuryprodukte.de\/en\/wp-json\/wp\/v2\/product"}],"about":[{"href":"https:\/\/www.akuryprodukte.de\/en\/wp-json\/wp\/v2\/types\/product"}],"replies":[{"embeddable":true,"href":"https:\/\/www.akuryprodukte.de\/en\/wp-json\/wp\/v2\/comments?post=17435"}],"wp:featuredmedia":[{"embeddable":true,"href":"https:\/\/www.akuryprodukte.de\/en\/wp-json\/wp\/v2\/media\/17415"}],"wp:attachment":[{"href":"https:\/\/www.akuryprodukte.de\/en\/wp-json\/wp\/v2\/media?parent=17435"}],"wp:term":[{"taxonomy":"product_brand","embeddable":true,"href":"https:\/\/www.akuryprodukte.de\/en\/wp-json\/wp\/v2\/product_brand?post=17435"},{"taxonomy":"product_cat","embeddable":true,"href":"https:\/\/www.akuryprodukte.de\/en\/wp-json\/wp\/v2\/product_cat?post=17435"},{"taxonomy":"product_tag","embeddable":true,"href":"https:\/\/www.akuryprodukte.de\/en\/wp-json\/wp\/v2\/product_tag?post=17435"}],"curies":[{"name":"wp","href":"https:\/\/api.w.org\/{rel}","templated":true}]}}