{"id":17437,"date":"2023-05-10T09:57:07","date_gmt":"2023-05-10T07:57:07","guid":{"rendered":"https:\/\/www.akuryprodukte.de\/?post_type=product&#038;p=17437"},"modified":"2023-05-10T09:59:42","modified_gmt":"2023-05-10T07:59:42","slug":"s-33-eupatorium-perfoliatum-wasserhanf","status":"publish","type":"product","link":"https:\/\/www.akuryprodukte.de\/en\/shop\/s-33-eupatorium-perfoliatum-wasserhanf\/","title":{"rendered":"S 33 &#8211; Eupatorium perfoliatum \/ Wasserhanf"},"content":{"rendered":"<p>Eupatorium perfoliatum st\u00e4rkt das k\u00f6rpereigene Abwehrsystem und ist ein wichtiges Mittel zur Behandlung von Infektionen wie Erk\u00e4ltungen und Grippe. Dabei lindert die Essenz besonders die bei solchen Infekten nicht selten vorkommenden Knochen-, Muskel- und Gliederschmerzen. Die Schmerzen werden tief im Gewebe und wie zerschlagen empfunden als ob die Knochen verrenkt oder gebrochen w\u00e4ren. Sie k\u00f6nnen in den Gliedma\u00dfen oder am ganzen K\u00f6rper wahrgenommen werden.<\/p>\n<p><strong>Indikationen:<\/strong> \u2013 fieberhafter, grippaler Infekt \u2013 Atemwegsinfektionen \u2013 Schnupfen, Heiserkeit, Husten \u2013 Zerschlagenheitsgef\u00fchl der Glieder \u2013 Knochenschmerzen \u2013 Wachstumsschmerzen \u2013 R\u00fcckenschmerzen \u2013 Kopfschmerzen \u2013 Schmerzen der Leber-Galleregion \u2013 Durchfall, Erbrechen \u2013 Schluckauf \u2013 Gicht<\/p>\n<p><strong>Transformationsziele auf der k\u00f6rperlichen Ebene:<\/strong><\/p>\n<p>\u2013 Die Selbstheilkr\u00e4fte bei fieberhaften Infektionen st\u00e4rken und die Erkrankung rasch\u00a0\u00a0\u00a0 \u00fcberwinden.<\/p>\n<p>\u2013 Zerschlagenheitsgef\u00fchle und Schmerzen in Knochen und Muskeln l\u00f6sen.<\/p>\n<p>\u2013 Bei Infekten die Verdauungswege und den Leber-Gallebereich widerstandsf\u00e4hig halten.<\/p>\n<p><strong>Transformationsziele auf der seelisch geistigen Ebene:<\/strong><\/p>\n<p>\u2013 Eine optimistische Lebenseinstellung entwickeln und aus ihr heraus leben.<\/p>\n<p>\u2013 Stets auf die inneren Kr\u00e4fte vertrauen k\u00f6nnen.<\/p>\n<p>\u2013 Der Umwelt und den Mitmenschen positiv und offen gegen\u00fcbertreten.<\/p>\n<p><strong>\u00a0<\/strong>Der S 33 Chip enth\u00e4lt Frequenzen und Informationen, welche die Eigenschaften und Transformationsziele des Wasserhanfes auf der k\u00f6rperlichen, wie auch auf der seelisch geistigen Ebene unterst\u00fctzen soll.<\/p>\n","protected":false},"excerpt":{"rendered":"<p>Eupatorium perfoliatum st\u00e4rkt das k\u00f6rpereigene Abwehrsystem und ist ein wichtiges Mittel zur Behandlung von Infektionen wie Erk\u00e4ltungen und Grippe. Dabei lindert die Essenz besonders die bei solchen Infekten nicht selten vorkommenden Knochen-, Muskel- und Gliederschmerzen. Die Schmerzen werden tief im Gewebe und wie zerschlagen empfunden als ob die Knochen verrenkt oder gebrochen w\u00e4ren. Sie k\u00f6nnen [&hellip;]<\/p>\n","protected":false},"featured_media":17417,"comment_status":"open","ping_status":"closed","template":"","meta":[],"product_brand":[],"product_cat":[1367,1705],"product_tag":[],"class_list":{"0":"post-17437","1":"product","2":"type-product","3":"status-publish","4":"has-post-thumbnail","6":"product_cat-info-chips-spagyrik","7":"product_cat-info-chips-spagyrik-essenzen","9":"first","10":"instock","11":"taxable","12":"shipping-taxable","13":"purchasable","14":"product-type-simple"},"yoast_head":"<!-- This site is optimized with the Yoast SEO plugin v27.3 - https:\/\/yoast.com\/product\/yoast-seo-wordpress\/ -->\n<title>S 33 - Eupatorium perfoliatum \/ Wasserhanf - akury<\/title>\n<meta name=\"robots\" content=\"index, follow, max-snippet:-1, max-image-preview:large, max-video-preview:-1\" \/>\n<link rel=\"canonical\" href=\"https:\/\/www.akuryprodukte.de\/en\/shop\/s-33-eupatorium-perfoliatum-wasserhanf\/\" \/>\n<meta property=\"og:locale\" content=\"en_US\" \/>\n<meta property=\"og:type\" content=\"article\" \/>\n<meta property=\"og:title\" content=\"S 33 - Eupatorium perfoliatum \/ Wasserhanf - akury\" \/>\n<meta property=\"og:description\" content=\"Eupatorium perfoliatum st\u00e4rkt das k\u00f6rpereigene Abwehrsystem und ist ein wichtiges Mittel zur Behandlung von Infektionen wie Erk\u00e4ltungen und Grippe. Dabei lindert die Essenz besonders die bei solchen Infekten nicht selten vorkommenden Knochen-, Muskel- und Gliederschmerzen. Die Schmerzen werden tief im Gewebe und wie zerschlagen empfunden als ob die Knochen verrenkt oder gebrochen w\u00e4ren. Sie k\u00f6nnen [&hellip;]\" \/>\n<meta property=\"og:url\" content=\"https:\/\/www.akuryprodukte.de\/en\/shop\/s-33-eupatorium-perfoliatum-wasserhanf\/\" \/>\n<meta property=\"og:site_name\" content=\"akury\" \/>\n<meta property=\"article:publisher\" content=\"https:\/\/de-de.facebook.com\/bioenergetischesinformationsmanagement\/\" \/>\n<meta property=\"article:modified_time\" content=\"2023-05-10T07:59:42+00:00\" \/>\n<meta property=\"og:image\" content=\"https:\/\/www.akuryprodukte.de\/wp-content\/uploads\/2023\/05\/S32-1.png\" \/>\n\t<meta property=\"og:image:width\" content=\"575\" \/>\n\t<meta property=\"og:image:height\" content=\"575\" \/>\n\t<meta property=\"og:image:type\" content=\"image\/png\" \/>\n<meta name=\"twitter:card\" content=\"summary_large_image\" \/>\n<meta name=\"twitter:site\" content=\"@heiko_wenner\" \/>\n<meta name=\"twitter:label1\" content=\"Est. reading time\" \/>\n\t<meta name=\"twitter:data1\" content=\"1 minute\" \/>\n<script type=\"application\/ld+json\" class=\"yoast-schema-graph\">{\"@context\":\"https:\\\/\\\/schema.org\",\"@graph\":[{\"@type\":\"WebPage\",\"@id\":\"https:\\\/\\\/www.akuryprodukte.de\\\/en\\\/shop\\\/s-33-eupatorium-perfoliatum-wasserhanf\\\/\",\"url\":\"https:\\\/\\\/www.akuryprodukte.de\\\/en\\\/shop\\\/s-33-eupatorium-perfoliatum-wasserhanf\\\/\",\"name\":\"S 33 - Eupatorium perfoliatum \\\/ Wasserhanf - akury\",\"isPartOf\":{\"@id\":\"https:\\\/\\\/www.akuryprodukte.de\\\/en\\\/#website\"},\"primaryImageOfPage\":{\"@id\":\"https:\\\/\\\/www.akuryprodukte.de\\\/en\\\/shop\\\/s-33-eupatorium-perfoliatum-wasserhanf\\\/#primaryimage\"},\"image\":{\"@id\":\"https:\\\/\\\/www.akuryprodukte.de\\\/en\\\/shop\\\/s-33-eupatorium-perfoliatum-wasserhanf\\\/#primaryimage\"},\"thumbnailUrl\":\"https:\\\/\\\/www.akuryprodukte.de\\\/wp-content\\\/uploads\\\/2023\\\/05\\\/S32-1.png\",\"datePublished\":\"2023-05-10T07:57:07+00:00\",\"dateModified\":\"2023-05-10T07:59:42+00:00\",\"breadcrumb\":{\"@id\":\"https:\\\/\\\/www.akuryprodukte.de\\\/en\\\/shop\\\/s-33-eupatorium-perfoliatum-wasserhanf\\\/#breadcrumb\"},\"inLanguage\":\"en-US\",\"potentialAction\":[{\"@type\":\"ReadAction\",\"target\":[\"https:\\\/\\\/www.akuryprodukte.de\\\/en\\\/shop\\\/s-33-eupatorium-perfoliatum-wasserhanf\\\/\"]}]},{\"@type\":\"ImageObject\",\"inLanguage\":\"en-US\",\"@id\":\"https:\\\/\\\/www.akuryprodukte.de\\\/en\\\/shop\\\/s-33-eupatorium-perfoliatum-wasserhanf\\\/#primaryimage\",\"url\":\"https:\\\/\\\/www.akuryprodukte.de\\\/wp-content\\\/uploads\\\/2023\\\/05\\\/S32-1.png\",\"contentUrl\":\"https:\\\/\\\/www.akuryprodukte.de\\\/wp-content\\\/uploads\\\/2023\\\/05\\\/S32-1.png\",\"width\":575,\"height\":575},{\"@type\":\"BreadcrumbList\",\"@id\":\"https:\\\/\\\/www.akuryprodukte.de\\\/en\\\/shop\\\/s-33-eupatorium-perfoliatum-wasserhanf\\\/#breadcrumb\",\"itemListElement\":[{\"@type\":\"ListItem\",\"position\":1,\"name\":\"Startseite\",\"item\":\"https:\\\/\\\/www.akuryprodukte.de\\\/en\\\/\"},{\"@type\":\"ListItem\",\"position\":2,\"name\":\"Shop\",\"item\":\"https:\\\/\\\/www.akuryprodukte.de\\\/en\\\/shop-en\\\/\"},{\"@type\":\"ListItem\",\"position\":3,\"name\":\"S 33 &#8211; Eupatorium perfoliatum \\\/ Wasserhanf\"}]},{\"@type\":\"WebSite\",\"@id\":\"https:\\\/\\\/www.akuryprodukte.de\\\/en\\\/#website\",\"url\":\"https:\\\/\\\/www.akuryprodukte.de\\\/en\\\/\",\"name\":\"akury\",\"description\":\"Produkte f\u00fcr Ihr Wohlbefinden\",\"publisher\":{\"@id\":\"https:\\\/\\\/www.akuryprodukte.de\\\/en\\\/#organization\"},\"potentialAction\":[{\"@type\":\"SearchAction\",\"target\":{\"@type\":\"EntryPoint\",\"urlTemplate\":\"https:\\\/\\\/www.akuryprodukte.de\\\/en\\\/?s={search_term_string}\"},\"query-input\":{\"@type\":\"PropertyValueSpecification\",\"valueRequired\":true,\"valueName\":\"search_term_string\"}}],\"inLanguage\":\"en-US\"},{\"@type\":\"Organization\",\"@id\":\"https:\\\/\\\/www.akuryprodukte.de\\\/en\\\/#organization\",\"name\":\"AkuRy GmbH\",\"url\":\"https:\\\/\\\/www.akuryprodukte.de\\\/en\\\/\",\"logo\":{\"@type\":\"ImageObject\",\"inLanguage\":\"en-US\",\"@id\":\"https:\\\/\\\/www.akuryprodukte.de\\\/en\\\/#\\\/schema\\\/logo\\\/image\\\/\",\"url\":\"https:\\\/\\\/www.akuryprodukte.de\\\/wp-content\\\/uploads\\\/2020\\\/09\\\/Logo_AKY-p-512.jpg\",\"contentUrl\":\"https:\\\/\\\/www.akuryprodukte.de\\\/wp-content\\\/uploads\\\/2020\\\/09\\\/Logo_AKY-p-512.jpg\",\"width\":512,\"height\":512,\"caption\":\"AkuRy GmbH\"},\"image\":{\"@id\":\"https:\\\/\\\/www.akuryprodukte.de\\\/en\\\/#\\\/schema\\\/logo\\\/image\\\/\"},\"sameAs\":[\"https:\\\/\\\/de-de.facebook.com\\\/bioenergetischesinformationsmanagement\\\/\",\"https:\\\/\\\/x.com\\\/heiko_wenner\",\"https:\\\/\\\/www.instagram.com\\\/akury_gmbh\\\/\",\"https:\\\/\\\/www.youtube.com\\\/channel\\\/UCyItRPbJUon1m0Gq6kV2Izw\"]}]}<\/script>\n<!-- \/ Yoast SEO plugin. -->","yoast_head_json":{"title":"S 33 - Eupatorium perfoliatum \/ Wasserhanf - akury","robots":{"index":"index","follow":"follow","max-snippet":"max-snippet:-1","max-image-preview":"max-image-preview:large","max-video-preview":"max-video-preview:-1"},"canonical":"https:\/\/www.akuryprodukte.de\/en\/shop\/s-33-eupatorium-perfoliatum-wasserhanf\/","og_locale":"en_US","og_type":"article","og_title":"S 33 - Eupatorium perfoliatum \/ Wasserhanf - akury","og_description":"Eupatorium perfoliatum st\u00e4rkt das k\u00f6rpereigene Abwehrsystem und ist ein wichtiges Mittel zur Behandlung von Infektionen wie Erk\u00e4ltungen und Grippe. Dabei lindert die Essenz besonders die bei solchen Infekten nicht selten vorkommenden Knochen-, Muskel- und Gliederschmerzen. Die Schmerzen werden tief im Gewebe und wie zerschlagen empfunden als ob die Knochen verrenkt oder gebrochen w\u00e4ren. Sie k\u00f6nnen [&hellip;]","og_url":"https:\/\/www.akuryprodukte.de\/en\/shop\/s-33-eupatorium-perfoliatum-wasserhanf\/","og_site_name":"akury","article_publisher":"https:\/\/de-de.facebook.com\/bioenergetischesinformationsmanagement\/","article_modified_time":"2023-05-10T07:59:42+00:00","og_image":[{"width":575,"height":575,"url":"https:\/\/www.akuryprodukte.de\/wp-content\/uploads\/2023\/05\/S32-1.png","type":"image\/png"}],"twitter_card":"summary_large_image","twitter_site":"@heiko_wenner","twitter_misc":{"Est. reading time":"1 minute"},"schema":{"@context":"https:\/\/schema.org","@graph":[{"@type":"WebPage","@id":"https:\/\/www.akuryprodukte.de\/en\/shop\/s-33-eupatorium-perfoliatum-wasserhanf\/","url":"https:\/\/www.akuryprodukte.de\/en\/shop\/s-33-eupatorium-perfoliatum-wasserhanf\/","name":"S 33 - Eupatorium perfoliatum \/ Wasserhanf - akury","isPartOf":{"@id":"https:\/\/www.akuryprodukte.de\/en\/#website"},"primaryImageOfPage":{"@id":"https:\/\/www.akuryprodukte.de\/en\/shop\/s-33-eupatorium-perfoliatum-wasserhanf\/#primaryimage"},"image":{"@id":"https:\/\/www.akuryprodukte.de\/en\/shop\/s-33-eupatorium-perfoliatum-wasserhanf\/#primaryimage"},"thumbnailUrl":"https:\/\/www.akuryprodukte.de\/wp-content\/uploads\/2023\/05\/S32-1.png","datePublished":"2023-05-10T07:57:07+00:00","dateModified":"2023-05-10T07:59:42+00:00","breadcrumb":{"@id":"https:\/\/www.akuryprodukte.de\/en\/shop\/s-33-eupatorium-perfoliatum-wasserhanf\/#breadcrumb"},"inLanguage":"en-US","potentialAction":[{"@type":"ReadAction","target":["https:\/\/www.akuryprodukte.de\/en\/shop\/s-33-eupatorium-perfoliatum-wasserhanf\/"]}]},{"@type":"ImageObject","inLanguage":"en-US","@id":"https:\/\/www.akuryprodukte.de\/en\/shop\/s-33-eupatorium-perfoliatum-wasserhanf\/#primaryimage","url":"https:\/\/www.akuryprodukte.de\/wp-content\/uploads\/2023\/05\/S32-1.png","contentUrl":"https:\/\/www.akuryprodukte.de\/wp-content\/uploads\/2023\/05\/S32-1.png","width":575,"height":575},{"@type":"BreadcrumbList","@id":"https:\/\/www.akuryprodukte.de\/en\/shop\/s-33-eupatorium-perfoliatum-wasserhanf\/#breadcrumb","itemListElement":[{"@type":"ListItem","position":1,"name":"Startseite","item":"https:\/\/www.akuryprodukte.de\/en\/"},{"@type":"ListItem","position":2,"name":"Shop","item":"https:\/\/www.akuryprodukte.de\/en\/shop-en\/"},{"@type":"ListItem","position":3,"name":"S 33 &#8211; Eupatorium perfoliatum \/ Wasserhanf"}]},{"@type":"WebSite","@id":"https:\/\/www.akuryprodukte.de\/en\/#website","url":"https:\/\/www.akuryprodukte.de\/en\/","name":"akury","description":"Produkte f\u00fcr Ihr Wohlbefinden","publisher":{"@id":"https:\/\/www.akuryprodukte.de\/en\/#organization"},"potentialAction":[{"@type":"SearchAction","target":{"@type":"EntryPoint","urlTemplate":"https:\/\/www.akuryprodukte.de\/en\/?s={search_term_string}"},"query-input":{"@type":"PropertyValueSpecification","valueRequired":true,"valueName":"search_term_string"}}],"inLanguage":"en-US"},{"@type":"Organization","@id":"https:\/\/www.akuryprodukte.de\/en\/#organization","name":"AkuRy GmbH","url":"https:\/\/www.akuryprodukte.de\/en\/","logo":{"@type":"ImageObject","inLanguage":"en-US","@id":"https:\/\/www.akuryprodukte.de\/en\/#\/schema\/logo\/image\/","url":"https:\/\/www.akuryprodukte.de\/wp-content\/uploads\/2020\/09\/Logo_AKY-p-512.jpg","contentUrl":"https:\/\/www.akuryprodukte.de\/wp-content\/uploads\/2020\/09\/Logo_AKY-p-512.jpg","width":512,"height":512,"caption":"AkuRy GmbH"},"image":{"@id":"https:\/\/www.akuryprodukte.de\/en\/#\/schema\/logo\/image\/"},"sameAs":["https:\/\/de-de.facebook.com\/bioenergetischesinformationsmanagement\/","https:\/\/x.com\/heiko_wenner","https:\/\/www.instagram.com\/akury_gmbh\/","https:\/\/www.youtube.com\/channel\/UCyItRPbJUon1m0Gq6kV2Izw"]}]}},"_links":{"self":[{"href":"https:\/\/www.akuryprodukte.de\/en\/wp-json\/wp\/v2\/product\/17437","targetHints":{"allow":["GET"]}}],"collection":[{"href":"https:\/\/www.akuryprodukte.de\/en\/wp-json\/wp\/v2\/product"}],"about":[{"href":"https:\/\/www.akuryprodukte.de\/en\/wp-json\/wp\/v2\/types\/product"}],"replies":[{"embeddable":true,"href":"https:\/\/www.akuryprodukte.de\/en\/wp-json\/wp\/v2\/comments?post=17437"}],"wp:featuredmedia":[{"embeddable":true,"href":"https:\/\/www.akuryprodukte.de\/en\/wp-json\/wp\/v2\/media\/17417"}],"wp:attachment":[{"href":"https:\/\/www.akuryprodukte.de\/en\/wp-json\/wp\/v2\/media?parent=17437"}],"wp:term":[{"taxonomy":"product_brand","embeddable":true,"href":"https:\/\/www.akuryprodukte.de\/en\/wp-json\/wp\/v2\/product_brand?post=17437"},{"taxonomy":"product_cat","embeddable":true,"href":"https:\/\/www.akuryprodukte.de\/en\/wp-json\/wp\/v2\/product_cat?post=17437"},{"taxonomy":"product_tag","embeddable":true,"href":"https:\/\/www.akuryprodukte.de\/en\/wp-json\/wp\/v2\/product_tag?post=17437"}],"curies":[{"name":"wp","href":"https:\/\/api.w.org\/{rel}","templated":true}]}}