{"id":17439,"date":"2023-05-10T10:00:04","date_gmt":"2023-05-10T08:00:04","guid":{"rendered":"https:\/\/www.akuryprodukte.de\/?post_type=product&#038;p=17439"},"modified":"2023-05-10T10:02:20","modified_gmt":"2023-05-10T08:02:20","slug":"s-35-fagopyrum-esculentum-buchweizen","status":"publish","type":"product","link":"https:\/\/www.akuryprodukte.de\/en\/shop\/s-35-fagopyrum-esculentum-buchweizen\/","title":{"rendered":"S 35 &#8211; Fagopyrum esculentum \/ Buchweizen"},"content":{"rendered":"<p>Ein Mittel, das vor allem auf die Bereiche Gef\u00e4\u00dfe und Haut wirkt. Die Essenz greift vornehmlich an den Venenw\u00e4nden an, f\u00f6rdert ihre Stabilit\u00e4t und hemmt deren krankhafte Ausweitung sowie den Fl\u00fcssigkeitsaustritt in umliegendes Gewebe. Damit geh\u00f6rt Fagopyrum zu den wertvollen Venenmitteln.<\/p>\n<p><strong>Indikationen:<\/strong> \u2013 Venenschw\u00e4che \u2013 Krampfadern \u2013 H\u00e4morrhoiden \u2013 ven\u00f6se Stauungen \u2013 gest\u00f6rte Mikrozirkulation \u2013 Augenvenenthrombose \u2013 periphere arterielle Verschlusskrankheit (pAVK) \u2013 Arterioskleroseprophylaxe \u2013 Sonnenallergie \u2013 Folgen von Bestrahlung \u2013 Sonnenbrand \u2013 Juckreiz ohne Hautausschlag \u2013 Altersjucken \u2013 beginnende Demenz<\/p>\n<p><strong>Transformationsziele auf der k\u00f6rperlichen Ebene:<\/strong><\/p>\n<p>\u2013 Die Venenw\u00e4nde kr\u00e4ftigen und einen guten Blutfluss erm\u00f6glichen.<\/p>\n<p>\u2013 Die Mikrozirkulation im Gef\u00e4ssbereich von Arterien und Venen anregen.<\/p>\n<p>\u2013 Die Hautempfindlichkeit reduzieren und entz\u00fcndliche Reaktionen abbauen<\/p>\n<p><strong>Transformationsziele auf der geistig, seelischen Ebene:<\/strong><\/p>\n<p><strong>\u00a0<\/strong>\u2013 Sich gut und ausdauernd konzentrieren k\u00f6nnen.<\/p>\n<p>\u2013 Gen\u00fcgend Energie f\u00fcr geistige Arbeiten aufbringen.<\/p>\n<p>\u2013 Sich bei auftretender geistiger Schw\u00e4che in Gesellschaft anderer Menschen neu ausrichten<\/p>\n<p><strong>\u00a0<\/strong>Der S 35 Chip enth\u00e4lt Frequenzen und Informationen, welche die Eigenschaften und Transformationsziele des Buchweizen auf der k\u00f6rperlichen, wie auch auf der seelisch geistigen Ebene unterst\u00fctzen soll.<\/p>\n","protected":false},"excerpt":{"rendered":"<p>Ein Mittel, das vor allem auf die Bereiche Gef\u00e4\u00dfe und Haut wirkt. Die Essenz greift vornehmlich an den Venenw\u00e4nden an, f\u00f6rdert ihre Stabilit\u00e4t und hemmt deren krankhafte Ausweitung sowie den Fl\u00fcssigkeitsaustritt in umliegendes Gewebe. Damit geh\u00f6rt Fagopyrum zu den wertvollen Venenmitteln. Indikationen: \u2013 Venenschw\u00e4che \u2013 Krampfadern \u2013 H\u00e4morrhoiden \u2013 ven\u00f6se Stauungen \u2013 gest\u00f6rte Mikrozirkulation \u2013 [&hellip;]<\/p>\n","protected":false},"featured_media":17419,"comment_status":"open","ping_status":"closed","template":"","meta":[],"product_brand":[],"product_cat":[1367,1705],"product_tag":[],"class_list":{"0":"post-17439","1":"product","2":"type-product","3":"status-publish","4":"has-post-thumbnail","6":"product_cat-info-chips-spagyrik","7":"product_cat-info-chips-spagyrik-essenzen","9":"first","10":"instock","11":"taxable","12":"shipping-taxable","13":"purchasable","14":"product-type-simple"},"yoast_head":"<!-- This site is optimized with the Yoast SEO plugin v27.3 - https:\/\/yoast.com\/product\/yoast-seo-wordpress\/ -->\n<title>S 35 - Fagopyrum esculentum \/ Buchweizen - akury<\/title>\n<meta name=\"robots\" content=\"index, follow, max-snippet:-1, max-image-preview:large, max-video-preview:-1\" \/>\n<link rel=\"canonical\" href=\"https:\/\/www.akuryprodukte.de\/en\/shop\/s-35-fagopyrum-esculentum-buchweizen\/\" \/>\n<meta property=\"og:locale\" content=\"en_US\" \/>\n<meta property=\"og:type\" content=\"article\" \/>\n<meta property=\"og:title\" content=\"S 35 - Fagopyrum esculentum \/ Buchweizen - akury\" \/>\n<meta property=\"og:description\" content=\"Ein Mittel, das vor allem auf die Bereiche Gef\u00e4\u00dfe und Haut wirkt. Die Essenz greift vornehmlich an den Venenw\u00e4nden an, f\u00f6rdert ihre Stabilit\u00e4t und hemmt deren krankhafte Ausweitung sowie den Fl\u00fcssigkeitsaustritt in umliegendes Gewebe. Damit geh\u00f6rt Fagopyrum zu den wertvollen Venenmitteln. Indikationen: \u2013 Venenschw\u00e4che \u2013 Krampfadern \u2013 H\u00e4morrhoiden \u2013 ven\u00f6se Stauungen \u2013 gest\u00f6rte Mikrozirkulation \u2013 [&hellip;]\" \/>\n<meta property=\"og:url\" content=\"https:\/\/www.akuryprodukte.de\/en\/shop\/s-35-fagopyrum-esculentum-buchweizen\/\" \/>\n<meta property=\"og:site_name\" content=\"akury\" \/>\n<meta property=\"article:publisher\" content=\"https:\/\/de-de.facebook.com\/bioenergetischesinformationsmanagement\/\" \/>\n<meta property=\"article:modified_time\" content=\"2023-05-10T08:02:20+00:00\" \/>\n<meta property=\"og:image\" content=\"https:\/\/www.akuryprodukte.de\/wp-content\/uploads\/2023\/05\/S35-1.png\" \/>\n\t<meta property=\"og:image:width\" content=\"575\" \/>\n\t<meta property=\"og:image:height\" content=\"575\" \/>\n\t<meta property=\"og:image:type\" content=\"image\/png\" \/>\n<meta name=\"twitter:card\" content=\"summary_large_image\" \/>\n<meta name=\"twitter:site\" content=\"@heiko_wenner\" \/>\n<meta name=\"twitter:label1\" content=\"Est. reading time\" \/>\n\t<meta name=\"twitter:data1\" content=\"1 minute\" \/>\n<script type=\"application\/ld+json\" class=\"yoast-schema-graph\">{\"@context\":\"https:\\\/\\\/schema.org\",\"@graph\":[{\"@type\":\"WebPage\",\"@id\":\"https:\\\/\\\/www.akuryprodukte.de\\\/en\\\/shop\\\/s-35-fagopyrum-esculentum-buchweizen\\\/\",\"url\":\"https:\\\/\\\/www.akuryprodukte.de\\\/en\\\/shop\\\/s-35-fagopyrum-esculentum-buchweizen\\\/\",\"name\":\"S 35 - Fagopyrum esculentum \\\/ Buchweizen - akury\",\"isPartOf\":{\"@id\":\"https:\\\/\\\/www.akuryprodukte.de\\\/en\\\/#website\"},\"primaryImageOfPage\":{\"@id\":\"https:\\\/\\\/www.akuryprodukte.de\\\/en\\\/shop\\\/s-35-fagopyrum-esculentum-buchweizen\\\/#primaryimage\"},\"image\":{\"@id\":\"https:\\\/\\\/www.akuryprodukte.de\\\/en\\\/shop\\\/s-35-fagopyrum-esculentum-buchweizen\\\/#primaryimage\"},\"thumbnailUrl\":\"https:\\\/\\\/www.akuryprodukte.de\\\/wp-content\\\/uploads\\\/2023\\\/05\\\/S35-1.png\",\"datePublished\":\"2023-05-10T08:00:04+00:00\",\"dateModified\":\"2023-05-10T08:02:20+00:00\",\"breadcrumb\":{\"@id\":\"https:\\\/\\\/www.akuryprodukte.de\\\/en\\\/shop\\\/s-35-fagopyrum-esculentum-buchweizen\\\/#breadcrumb\"},\"inLanguage\":\"en-US\",\"potentialAction\":[{\"@type\":\"ReadAction\",\"target\":[\"https:\\\/\\\/www.akuryprodukte.de\\\/en\\\/shop\\\/s-35-fagopyrum-esculentum-buchweizen\\\/\"]}]},{\"@type\":\"ImageObject\",\"inLanguage\":\"en-US\",\"@id\":\"https:\\\/\\\/www.akuryprodukte.de\\\/en\\\/shop\\\/s-35-fagopyrum-esculentum-buchweizen\\\/#primaryimage\",\"url\":\"https:\\\/\\\/www.akuryprodukte.de\\\/wp-content\\\/uploads\\\/2023\\\/05\\\/S35-1.png\",\"contentUrl\":\"https:\\\/\\\/www.akuryprodukte.de\\\/wp-content\\\/uploads\\\/2023\\\/05\\\/S35-1.png\",\"width\":575,\"height\":575},{\"@type\":\"BreadcrumbList\",\"@id\":\"https:\\\/\\\/www.akuryprodukte.de\\\/en\\\/shop\\\/s-35-fagopyrum-esculentum-buchweizen\\\/#breadcrumb\",\"itemListElement\":[{\"@type\":\"ListItem\",\"position\":1,\"name\":\"Startseite\",\"item\":\"https:\\\/\\\/www.akuryprodukte.de\\\/en\\\/\"},{\"@type\":\"ListItem\",\"position\":2,\"name\":\"Shop\",\"item\":\"https:\\\/\\\/www.akuryprodukte.de\\\/en\\\/shop-en\\\/\"},{\"@type\":\"ListItem\",\"position\":3,\"name\":\"S 35 &#8211; Fagopyrum esculentum \\\/ Buchweizen\"}]},{\"@type\":\"WebSite\",\"@id\":\"https:\\\/\\\/www.akuryprodukte.de\\\/en\\\/#website\",\"url\":\"https:\\\/\\\/www.akuryprodukte.de\\\/en\\\/\",\"name\":\"akury\",\"description\":\"Produkte f\u00fcr Ihr Wohlbefinden\",\"publisher\":{\"@id\":\"https:\\\/\\\/www.akuryprodukte.de\\\/en\\\/#organization\"},\"potentialAction\":[{\"@type\":\"SearchAction\",\"target\":{\"@type\":\"EntryPoint\",\"urlTemplate\":\"https:\\\/\\\/www.akuryprodukte.de\\\/en\\\/?s={search_term_string}\"},\"query-input\":{\"@type\":\"PropertyValueSpecification\",\"valueRequired\":true,\"valueName\":\"search_term_string\"}}],\"inLanguage\":\"en-US\"},{\"@type\":\"Organization\",\"@id\":\"https:\\\/\\\/www.akuryprodukte.de\\\/en\\\/#organization\",\"name\":\"AkuRy GmbH\",\"url\":\"https:\\\/\\\/www.akuryprodukte.de\\\/en\\\/\",\"logo\":{\"@type\":\"ImageObject\",\"inLanguage\":\"en-US\",\"@id\":\"https:\\\/\\\/www.akuryprodukte.de\\\/en\\\/#\\\/schema\\\/logo\\\/image\\\/\",\"url\":\"https:\\\/\\\/www.akuryprodukte.de\\\/wp-content\\\/uploads\\\/2020\\\/09\\\/Logo_AKY-p-512.jpg\",\"contentUrl\":\"https:\\\/\\\/www.akuryprodukte.de\\\/wp-content\\\/uploads\\\/2020\\\/09\\\/Logo_AKY-p-512.jpg\",\"width\":512,\"height\":512,\"caption\":\"AkuRy GmbH\"},\"image\":{\"@id\":\"https:\\\/\\\/www.akuryprodukte.de\\\/en\\\/#\\\/schema\\\/logo\\\/image\\\/\"},\"sameAs\":[\"https:\\\/\\\/de-de.facebook.com\\\/bioenergetischesinformationsmanagement\\\/\",\"https:\\\/\\\/x.com\\\/heiko_wenner\",\"https:\\\/\\\/www.instagram.com\\\/akury_gmbh\\\/\",\"https:\\\/\\\/www.youtube.com\\\/channel\\\/UCyItRPbJUon1m0Gq6kV2Izw\"]}]}<\/script>\n<!-- \/ Yoast SEO plugin. -->","yoast_head_json":{"title":"S 35 - Fagopyrum esculentum \/ Buchweizen - akury","robots":{"index":"index","follow":"follow","max-snippet":"max-snippet:-1","max-image-preview":"max-image-preview:large","max-video-preview":"max-video-preview:-1"},"canonical":"https:\/\/www.akuryprodukte.de\/en\/shop\/s-35-fagopyrum-esculentum-buchweizen\/","og_locale":"en_US","og_type":"article","og_title":"S 35 - Fagopyrum esculentum \/ Buchweizen - akury","og_description":"Ein Mittel, das vor allem auf die Bereiche Gef\u00e4\u00dfe und Haut wirkt. Die Essenz greift vornehmlich an den Venenw\u00e4nden an, f\u00f6rdert ihre Stabilit\u00e4t und hemmt deren krankhafte Ausweitung sowie den Fl\u00fcssigkeitsaustritt in umliegendes Gewebe. Damit geh\u00f6rt Fagopyrum zu den wertvollen Venenmitteln. Indikationen: \u2013 Venenschw\u00e4che \u2013 Krampfadern \u2013 H\u00e4morrhoiden \u2013 ven\u00f6se Stauungen \u2013 gest\u00f6rte Mikrozirkulation \u2013 [&hellip;]","og_url":"https:\/\/www.akuryprodukte.de\/en\/shop\/s-35-fagopyrum-esculentum-buchweizen\/","og_site_name":"akury","article_publisher":"https:\/\/de-de.facebook.com\/bioenergetischesinformationsmanagement\/","article_modified_time":"2023-05-10T08:02:20+00:00","og_image":[{"width":575,"height":575,"url":"https:\/\/www.akuryprodukte.de\/wp-content\/uploads\/2023\/05\/S35-1.png","type":"image\/png"}],"twitter_card":"summary_large_image","twitter_site":"@heiko_wenner","twitter_misc":{"Est. reading time":"1 minute"},"schema":{"@context":"https:\/\/schema.org","@graph":[{"@type":"WebPage","@id":"https:\/\/www.akuryprodukte.de\/en\/shop\/s-35-fagopyrum-esculentum-buchweizen\/","url":"https:\/\/www.akuryprodukte.de\/en\/shop\/s-35-fagopyrum-esculentum-buchweizen\/","name":"S 35 - Fagopyrum esculentum \/ Buchweizen - akury","isPartOf":{"@id":"https:\/\/www.akuryprodukte.de\/en\/#website"},"primaryImageOfPage":{"@id":"https:\/\/www.akuryprodukte.de\/en\/shop\/s-35-fagopyrum-esculentum-buchweizen\/#primaryimage"},"image":{"@id":"https:\/\/www.akuryprodukte.de\/en\/shop\/s-35-fagopyrum-esculentum-buchweizen\/#primaryimage"},"thumbnailUrl":"https:\/\/www.akuryprodukte.de\/wp-content\/uploads\/2023\/05\/S35-1.png","datePublished":"2023-05-10T08:00:04+00:00","dateModified":"2023-05-10T08:02:20+00:00","breadcrumb":{"@id":"https:\/\/www.akuryprodukte.de\/en\/shop\/s-35-fagopyrum-esculentum-buchweizen\/#breadcrumb"},"inLanguage":"en-US","potentialAction":[{"@type":"ReadAction","target":["https:\/\/www.akuryprodukte.de\/en\/shop\/s-35-fagopyrum-esculentum-buchweizen\/"]}]},{"@type":"ImageObject","inLanguage":"en-US","@id":"https:\/\/www.akuryprodukte.de\/en\/shop\/s-35-fagopyrum-esculentum-buchweizen\/#primaryimage","url":"https:\/\/www.akuryprodukte.de\/wp-content\/uploads\/2023\/05\/S35-1.png","contentUrl":"https:\/\/www.akuryprodukte.de\/wp-content\/uploads\/2023\/05\/S35-1.png","width":575,"height":575},{"@type":"BreadcrumbList","@id":"https:\/\/www.akuryprodukte.de\/en\/shop\/s-35-fagopyrum-esculentum-buchweizen\/#breadcrumb","itemListElement":[{"@type":"ListItem","position":1,"name":"Startseite","item":"https:\/\/www.akuryprodukte.de\/en\/"},{"@type":"ListItem","position":2,"name":"Shop","item":"https:\/\/www.akuryprodukte.de\/en\/shop-en\/"},{"@type":"ListItem","position":3,"name":"S 35 &#8211; Fagopyrum esculentum \/ Buchweizen"}]},{"@type":"WebSite","@id":"https:\/\/www.akuryprodukte.de\/en\/#website","url":"https:\/\/www.akuryprodukte.de\/en\/","name":"akury","description":"Produkte f\u00fcr Ihr Wohlbefinden","publisher":{"@id":"https:\/\/www.akuryprodukte.de\/en\/#organization"},"potentialAction":[{"@type":"SearchAction","target":{"@type":"EntryPoint","urlTemplate":"https:\/\/www.akuryprodukte.de\/en\/?s={search_term_string}"},"query-input":{"@type":"PropertyValueSpecification","valueRequired":true,"valueName":"search_term_string"}}],"inLanguage":"en-US"},{"@type":"Organization","@id":"https:\/\/www.akuryprodukte.de\/en\/#organization","name":"AkuRy GmbH","url":"https:\/\/www.akuryprodukte.de\/en\/","logo":{"@type":"ImageObject","inLanguage":"en-US","@id":"https:\/\/www.akuryprodukte.de\/en\/#\/schema\/logo\/image\/","url":"https:\/\/www.akuryprodukte.de\/wp-content\/uploads\/2020\/09\/Logo_AKY-p-512.jpg","contentUrl":"https:\/\/www.akuryprodukte.de\/wp-content\/uploads\/2020\/09\/Logo_AKY-p-512.jpg","width":512,"height":512,"caption":"AkuRy GmbH"},"image":{"@id":"https:\/\/www.akuryprodukte.de\/en\/#\/schema\/logo\/image\/"},"sameAs":["https:\/\/de-de.facebook.com\/bioenergetischesinformationsmanagement\/","https:\/\/x.com\/heiko_wenner","https:\/\/www.instagram.com\/akury_gmbh\/","https:\/\/www.youtube.com\/channel\/UCyItRPbJUon1m0Gq6kV2Izw"]}]}},"_links":{"self":[{"href":"https:\/\/www.akuryprodukte.de\/en\/wp-json\/wp\/v2\/product\/17439","targetHints":{"allow":["GET"]}}],"collection":[{"href":"https:\/\/www.akuryprodukte.de\/en\/wp-json\/wp\/v2\/product"}],"about":[{"href":"https:\/\/www.akuryprodukte.de\/en\/wp-json\/wp\/v2\/types\/product"}],"replies":[{"embeddable":true,"href":"https:\/\/www.akuryprodukte.de\/en\/wp-json\/wp\/v2\/comments?post=17439"}],"wp:featuredmedia":[{"embeddable":true,"href":"https:\/\/www.akuryprodukte.de\/en\/wp-json\/wp\/v2\/media\/17419"}],"wp:attachment":[{"href":"https:\/\/www.akuryprodukte.de\/en\/wp-json\/wp\/v2\/media?parent=17439"}],"wp:term":[{"taxonomy":"product_brand","embeddable":true,"href":"https:\/\/www.akuryprodukte.de\/en\/wp-json\/wp\/v2\/product_brand?post=17439"},{"taxonomy":"product_cat","embeddable":true,"href":"https:\/\/www.akuryprodukte.de\/en\/wp-json\/wp\/v2\/product_cat?post=17439"},{"taxonomy":"product_tag","embeddable":true,"href":"https:\/\/www.akuryprodukte.de\/en\/wp-json\/wp\/v2\/product_tag?post=17439"}],"curies":[{"name":"wp","href":"https:\/\/api.w.org\/{rel}","templated":true}]}}