{"id":17441,"date":"2023-05-10T10:06:10","date_gmt":"2023-05-10T08:06:10","guid":{"rendered":"https:\/\/www.akuryprodukte.de\/?post_type=product&#038;p=17441"},"modified":"2023-05-24T09:44:20","modified_gmt":"2023-05-24T07:44:20","slug":"s-12-artemisa-vulgaris-beifuss","status":"publish","type":"product","link":"https:\/\/www.akuryprodukte.de\/en\/shop\/s-12-artemisa-vulgaris-beifuss\/","title":{"rendered":"S 12 &#8211; Artemisa vulgaris\/Beifu\u00df"},"content":{"rendered":"<p><strong>S 12 Artemisa vulgaris\/Beifu\u00df<\/strong><\/p>\n<p>Beifu\u00df z\u00e4hlt zu den \u00e4ltesten Heilpflanzen der Menschheit und wurde schon in antiken Hochkulturen rund um den Globus hochgesch\u00e4tzt. Gem\u00e4\u00df der engen Verwandtschaft zum Wermut hat die Heilpflanze \u00e4hnliche Wirkeigenschaften, vor allem, was die Beeinflussung der Magen-Darmfunktionen betrifft.<\/p>\n<p><strong>Transformationsziele k\u00f6rperlich:<\/strong><\/p>\n<p>\u2013 Eine gute Verdauung der zugef\u00fchrten Nahrung gew\u00e4hrleisten, vor allem der Fette.<\/p>\n<p>\u2013 Das zentrale Nervensystem stabil halten und bei \u00dcberreizung schnell beruhigen k\u00f6nnen.<\/p>\n<p>\u2013 Anfallsartige Nervenst\u00f6rungen regulieren und beruhigen.<\/p>\n<p><strong>Transformationsziele geistig-seelisch: <\/strong><\/p>\n<p>\u2013 \u00dcberreizungen im Nervensystem mit Ruhe und Gelassenheit begegnen k\u00f6nnen.<\/p>\n<p>\u2013 Den Alltag mit geistiger Wachheit bew\u00e4ltigen k\u00f6nnen.<\/p>\n<p>\u2013 Eine klare Sicht auf die im Leben wirklich wichtigen Dinge entwickeln.<\/p>\n<p><strong>\u00a0<\/strong>Der S 12 Chip enth\u00e4lt Frequenzen und Informationen, welche die Eigenschaften und Transformationsziele des Beifu\u00df auf der k\u00f6rperlichen, wie auch auf der seelisch geistigen Ebene unterst\u00fctzen soll.<\/p>\n","protected":false},"excerpt":{"rendered":"<p>S 12 Artemisa vulgaris\/Beifu\u00df Beifu\u00df z\u00e4hlt zu den \u00e4ltesten Heilpflanzen der Menschheit und wurde schon in antiken Hochkulturen rund um den Globus hochgesch\u00e4tzt. Gem\u00e4\u00df der engen Verwandtschaft zum Wermut hat die Heilpflanze \u00e4hnliche Wirkeigenschaften, vor allem, was die Beeinflussung der Magen-Darmfunktionen betrifft. Transformationsziele k\u00f6rperlich: \u2013 Eine gute Verdauung der zugef\u00fchrten Nahrung gew\u00e4hrleisten, vor allem der [&hellip;]<\/p>\n","protected":false},"featured_media":17443,"comment_status":"open","ping_status":"closed","template":"","meta":[],"product_brand":[],"product_cat":[3010,3008,1367,1705],"product_tag":[],"class_list":{"0":"post-17441","1":"product","2":"type-product","3":"status-publish","4":"has-post-thumbnail","6":"product_cat-info-chips-organe-blutgefaesse-gewebe","7":"product_cat-info-chips-stuetz-und-bewegungsapparat-haut-schleimhaut","8":"product_cat-info-chips-spagyrik","9":"product_cat-info-chips-spagyrik-essenzen","11":"first","12":"instock","13":"taxable","14":"shipping-taxable","15":"purchasable","16":"product-type-simple"},"yoast_head":"<!-- This site is optimized with the Yoast SEO plugin v27.3 - https:\/\/yoast.com\/product\/yoast-seo-wordpress\/ -->\n<title>S 12 - Artemisa vulgaris\/Beifu\u00df - akury<\/title>\n<meta name=\"robots\" content=\"index, follow, max-snippet:-1, max-image-preview:large, max-video-preview:-1\" \/>\n<link rel=\"canonical\" href=\"https:\/\/www.akuryprodukte.de\/en\/shop\/s-12-artemisa-vulgaris-beifuss\/\" \/>\n<meta property=\"og:locale\" content=\"en_US\" \/>\n<meta property=\"og:type\" content=\"article\" \/>\n<meta property=\"og:title\" content=\"S 12 - Artemisa vulgaris\/Beifu\u00df - akury\" \/>\n<meta property=\"og:description\" content=\"S 12 Artemisa vulgaris\/Beifu\u00df Beifu\u00df z\u00e4hlt zu den \u00e4ltesten Heilpflanzen der Menschheit und wurde schon in antiken Hochkulturen rund um den Globus hochgesch\u00e4tzt. Gem\u00e4\u00df der engen Verwandtschaft zum Wermut hat die Heilpflanze \u00e4hnliche Wirkeigenschaften, vor allem, was die Beeinflussung der Magen-Darmfunktionen betrifft. Transformationsziele k\u00f6rperlich: \u2013 Eine gute Verdauung der zugef\u00fchrten Nahrung gew\u00e4hrleisten, vor allem der [&hellip;]\" \/>\n<meta property=\"og:url\" content=\"https:\/\/www.akuryprodukte.de\/en\/shop\/s-12-artemisa-vulgaris-beifuss\/\" \/>\n<meta property=\"og:site_name\" content=\"akury\" \/>\n<meta property=\"article:publisher\" content=\"https:\/\/de-de.facebook.com\/bioenergetischesinformationsmanagement\/\" \/>\n<meta property=\"article:modified_time\" content=\"2023-05-24T07:44:20+00:00\" \/>\n<meta property=\"og:image\" content=\"https:\/\/www.akuryprodukte.de\/wp-content\/uploads\/2023\/05\/S12-2.png\" \/>\n\t<meta property=\"og:image:width\" content=\"575\" \/>\n\t<meta property=\"og:image:height\" content=\"575\" \/>\n\t<meta property=\"og:image:type\" content=\"image\/png\" \/>\n<meta name=\"twitter:card\" content=\"summary_large_image\" \/>\n<meta name=\"twitter:site\" content=\"@heiko_wenner\" \/>\n<meta name=\"twitter:label1\" content=\"Est. reading time\" \/>\n\t<meta name=\"twitter:data1\" content=\"1 minute\" \/>\n<script type=\"application\/ld+json\" class=\"yoast-schema-graph\">{\"@context\":\"https:\\\/\\\/schema.org\",\"@graph\":[{\"@type\":\"WebPage\",\"@id\":\"https:\\\/\\\/www.akuryprodukte.de\\\/en\\\/shop\\\/s-12-artemisa-vulgaris-beifuss\\\/\",\"url\":\"https:\\\/\\\/www.akuryprodukte.de\\\/en\\\/shop\\\/s-12-artemisa-vulgaris-beifuss\\\/\",\"name\":\"S 12 - Artemisa vulgaris\\\/Beifu\u00df - akury\",\"isPartOf\":{\"@id\":\"https:\\\/\\\/www.akuryprodukte.de\\\/en\\\/#website\"},\"primaryImageOfPage\":{\"@id\":\"https:\\\/\\\/www.akuryprodukte.de\\\/en\\\/shop\\\/s-12-artemisa-vulgaris-beifuss\\\/#primaryimage\"},\"image\":{\"@id\":\"https:\\\/\\\/www.akuryprodukte.de\\\/en\\\/shop\\\/s-12-artemisa-vulgaris-beifuss\\\/#primaryimage\"},\"thumbnailUrl\":\"https:\\\/\\\/www.akuryprodukte.de\\\/wp-content\\\/uploads\\\/2023\\\/05\\\/S12-2.png\",\"datePublished\":\"2023-05-10T08:06:10+00:00\",\"dateModified\":\"2023-05-24T07:44:20+00:00\",\"breadcrumb\":{\"@id\":\"https:\\\/\\\/www.akuryprodukte.de\\\/en\\\/shop\\\/s-12-artemisa-vulgaris-beifuss\\\/#breadcrumb\"},\"inLanguage\":\"en-US\",\"potentialAction\":[{\"@type\":\"ReadAction\",\"target\":[\"https:\\\/\\\/www.akuryprodukte.de\\\/en\\\/shop\\\/s-12-artemisa-vulgaris-beifuss\\\/\"]}]},{\"@type\":\"ImageObject\",\"inLanguage\":\"en-US\",\"@id\":\"https:\\\/\\\/www.akuryprodukte.de\\\/en\\\/shop\\\/s-12-artemisa-vulgaris-beifuss\\\/#primaryimage\",\"url\":\"https:\\\/\\\/www.akuryprodukte.de\\\/wp-content\\\/uploads\\\/2023\\\/05\\\/S12-2.png\",\"contentUrl\":\"https:\\\/\\\/www.akuryprodukte.de\\\/wp-content\\\/uploads\\\/2023\\\/05\\\/S12-2.png\",\"width\":575,\"height\":575},{\"@type\":\"BreadcrumbList\",\"@id\":\"https:\\\/\\\/www.akuryprodukte.de\\\/en\\\/shop\\\/s-12-artemisa-vulgaris-beifuss\\\/#breadcrumb\",\"itemListElement\":[{\"@type\":\"ListItem\",\"position\":1,\"name\":\"Startseite\",\"item\":\"https:\\\/\\\/www.akuryprodukte.de\\\/en\\\/\"},{\"@type\":\"ListItem\",\"position\":2,\"name\":\"Shop\",\"item\":\"https:\\\/\\\/www.akuryprodukte.de\\\/en\\\/shop-en\\\/\"},{\"@type\":\"ListItem\",\"position\":3,\"name\":\"S 12 &#8211; Artemisa vulgaris\\\/Beifu\u00df\"}]},{\"@type\":\"WebSite\",\"@id\":\"https:\\\/\\\/www.akuryprodukte.de\\\/en\\\/#website\",\"url\":\"https:\\\/\\\/www.akuryprodukte.de\\\/en\\\/\",\"name\":\"akury\",\"description\":\"Produkte f\u00fcr Ihr Wohlbefinden\",\"publisher\":{\"@id\":\"https:\\\/\\\/www.akuryprodukte.de\\\/en\\\/#organization\"},\"potentialAction\":[{\"@type\":\"SearchAction\",\"target\":{\"@type\":\"EntryPoint\",\"urlTemplate\":\"https:\\\/\\\/www.akuryprodukte.de\\\/en\\\/?s={search_term_string}\"},\"query-input\":{\"@type\":\"PropertyValueSpecification\",\"valueRequired\":true,\"valueName\":\"search_term_string\"}}],\"inLanguage\":\"en-US\"},{\"@type\":\"Organization\",\"@id\":\"https:\\\/\\\/www.akuryprodukte.de\\\/en\\\/#organization\",\"name\":\"AkuRy GmbH\",\"url\":\"https:\\\/\\\/www.akuryprodukte.de\\\/en\\\/\",\"logo\":{\"@type\":\"ImageObject\",\"inLanguage\":\"en-US\",\"@id\":\"https:\\\/\\\/www.akuryprodukte.de\\\/en\\\/#\\\/schema\\\/logo\\\/image\\\/\",\"url\":\"https:\\\/\\\/www.akuryprodukte.de\\\/wp-content\\\/uploads\\\/2020\\\/09\\\/Logo_AKY-p-512.jpg\",\"contentUrl\":\"https:\\\/\\\/www.akuryprodukte.de\\\/wp-content\\\/uploads\\\/2020\\\/09\\\/Logo_AKY-p-512.jpg\",\"width\":512,\"height\":512,\"caption\":\"AkuRy GmbH\"},\"image\":{\"@id\":\"https:\\\/\\\/www.akuryprodukte.de\\\/en\\\/#\\\/schema\\\/logo\\\/image\\\/\"},\"sameAs\":[\"https:\\\/\\\/de-de.facebook.com\\\/bioenergetischesinformationsmanagement\\\/\",\"https:\\\/\\\/x.com\\\/heiko_wenner\",\"https:\\\/\\\/www.instagram.com\\\/akury_gmbh\\\/\",\"https:\\\/\\\/www.youtube.com\\\/channel\\\/UCyItRPbJUon1m0Gq6kV2Izw\"]}]}<\/script>\n<!-- \/ Yoast SEO plugin. -->","yoast_head_json":{"title":"S 12 - Artemisa vulgaris\/Beifu\u00df - akury","robots":{"index":"index","follow":"follow","max-snippet":"max-snippet:-1","max-image-preview":"max-image-preview:large","max-video-preview":"max-video-preview:-1"},"canonical":"https:\/\/www.akuryprodukte.de\/en\/shop\/s-12-artemisa-vulgaris-beifuss\/","og_locale":"en_US","og_type":"article","og_title":"S 12 - Artemisa vulgaris\/Beifu\u00df - akury","og_description":"S 12 Artemisa vulgaris\/Beifu\u00df Beifu\u00df z\u00e4hlt zu den \u00e4ltesten Heilpflanzen der Menschheit und wurde schon in antiken Hochkulturen rund um den Globus hochgesch\u00e4tzt. Gem\u00e4\u00df der engen Verwandtschaft zum Wermut hat die Heilpflanze \u00e4hnliche Wirkeigenschaften, vor allem, was die Beeinflussung der Magen-Darmfunktionen betrifft. Transformationsziele k\u00f6rperlich: \u2013 Eine gute Verdauung der zugef\u00fchrten Nahrung gew\u00e4hrleisten, vor allem der [&hellip;]","og_url":"https:\/\/www.akuryprodukte.de\/en\/shop\/s-12-artemisa-vulgaris-beifuss\/","og_site_name":"akury","article_publisher":"https:\/\/de-de.facebook.com\/bioenergetischesinformationsmanagement\/","article_modified_time":"2023-05-24T07:44:20+00:00","og_image":[{"width":575,"height":575,"url":"https:\/\/www.akuryprodukte.de\/wp-content\/uploads\/2023\/05\/S12-2.png","type":"image\/png"}],"twitter_card":"summary_large_image","twitter_site":"@heiko_wenner","twitter_misc":{"Est. reading time":"1 minute"},"schema":{"@context":"https:\/\/schema.org","@graph":[{"@type":"WebPage","@id":"https:\/\/www.akuryprodukte.de\/en\/shop\/s-12-artemisa-vulgaris-beifuss\/","url":"https:\/\/www.akuryprodukte.de\/en\/shop\/s-12-artemisa-vulgaris-beifuss\/","name":"S 12 - Artemisa vulgaris\/Beifu\u00df - akury","isPartOf":{"@id":"https:\/\/www.akuryprodukte.de\/en\/#website"},"primaryImageOfPage":{"@id":"https:\/\/www.akuryprodukte.de\/en\/shop\/s-12-artemisa-vulgaris-beifuss\/#primaryimage"},"image":{"@id":"https:\/\/www.akuryprodukte.de\/en\/shop\/s-12-artemisa-vulgaris-beifuss\/#primaryimage"},"thumbnailUrl":"https:\/\/www.akuryprodukte.de\/wp-content\/uploads\/2023\/05\/S12-2.png","datePublished":"2023-05-10T08:06:10+00:00","dateModified":"2023-05-24T07:44:20+00:00","breadcrumb":{"@id":"https:\/\/www.akuryprodukte.de\/en\/shop\/s-12-artemisa-vulgaris-beifuss\/#breadcrumb"},"inLanguage":"en-US","potentialAction":[{"@type":"ReadAction","target":["https:\/\/www.akuryprodukte.de\/en\/shop\/s-12-artemisa-vulgaris-beifuss\/"]}]},{"@type":"ImageObject","inLanguage":"en-US","@id":"https:\/\/www.akuryprodukte.de\/en\/shop\/s-12-artemisa-vulgaris-beifuss\/#primaryimage","url":"https:\/\/www.akuryprodukte.de\/wp-content\/uploads\/2023\/05\/S12-2.png","contentUrl":"https:\/\/www.akuryprodukte.de\/wp-content\/uploads\/2023\/05\/S12-2.png","width":575,"height":575},{"@type":"BreadcrumbList","@id":"https:\/\/www.akuryprodukte.de\/en\/shop\/s-12-artemisa-vulgaris-beifuss\/#breadcrumb","itemListElement":[{"@type":"ListItem","position":1,"name":"Startseite","item":"https:\/\/www.akuryprodukte.de\/en\/"},{"@type":"ListItem","position":2,"name":"Shop","item":"https:\/\/www.akuryprodukte.de\/en\/shop-en\/"},{"@type":"ListItem","position":3,"name":"S 12 &#8211; Artemisa vulgaris\/Beifu\u00df"}]},{"@type":"WebSite","@id":"https:\/\/www.akuryprodukte.de\/en\/#website","url":"https:\/\/www.akuryprodukte.de\/en\/","name":"akury","description":"Produkte f\u00fcr Ihr Wohlbefinden","publisher":{"@id":"https:\/\/www.akuryprodukte.de\/en\/#organization"},"potentialAction":[{"@type":"SearchAction","target":{"@type":"EntryPoint","urlTemplate":"https:\/\/www.akuryprodukte.de\/en\/?s={search_term_string}"},"query-input":{"@type":"PropertyValueSpecification","valueRequired":true,"valueName":"search_term_string"}}],"inLanguage":"en-US"},{"@type":"Organization","@id":"https:\/\/www.akuryprodukte.de\/en\/#organization","name":"AkuRy GmbH","url":"https:\/\/www.akuryprodukte.de\/en\/","logo":{"@type":"ImageObject","inLanguage":"en-US","@id":"https:\/\/www.akuryprodukte.de\/en\/#\/schema\/logo\/image\/","url":"https:\/\/www.akuryprodukte.de\/wp-content\/uploads\/2020\/09\/Logo_AKY-p-512.jpg","contentUrl":"https:\/\/www.akuryprodukte.de\/wp-content\/uploads\/2020\/09\/Logo_AKY-p-512.jpg","width":512,"height":512,"caption":"AkuRy GmbH"},"image":{"@id":"https:\/\/www.akuryprodukte.de\/en\/#\/schema\/logo\/image\/"},"sameAs":["https:\/\/de-de.facebook.com\/bioenergetischesinformationsmanagement\/","https:\/\/x.com\/heiko_wenner","https:\/\/www.instagram.com\/akury_gmbh\/","https:\/\/www.youtube.com\/channel\/UCyItRPbJUon1m0Gq6kV2Izw"]}]}},"_links":{"self":[{"href":"https:\/\/www.akuryprodukte.de\/en\/wp-json\/wp\/v2\/product\/17441","targetHints":{"allow":["GET"]}}],"collection":[{"href":"https:\/\/www.akuryprodukte.de\/en\/wp-json\/wp\/v2\/product"}],"about":[{"href":"https:\/\/www.akuryprodukte.de\/en\/wp-json\/wp\/v2\/types\/product"}],"replies":[{"embeddable":true,"href":"https:\/\/www.akuryprodukte.de\/en\/wp-json\/wp\/v2\/comments?post=17441"}],"wp:featuredmedia":[{"embeddable":true,"href":"https:\/\/www.akuryprodukte.de\/en\/wp-json\/wp\/v2\/media\/17443"}],"wp:attachment":[{"href":"https:\/\/www.akuryprodukte.de\/en\/wp-json\/wp\/v2\/media?parent=17441"}],"wp:term":[{"taxonomy":"product_brand","embeddable":true,"href":"https:\/\/www.akuryprodukte.de\/en\/wp-json\/wp\/v2\/product_brand?post=17441"},{"taxonomy":"product_cat","embeddable":true,"href":"https:\/\/www.akuryprodukte.de\/en\/wp-json\/wp\/v2\/product_cat?post=17441"},{"taxonomy":"product_tag","embeddable":true,"href":"https:\/\/www.akuryprodukte.de\/en\/wp-json\/wp\/v2\/product_tag?post=17441"}],"curies":[{"name":"wp","href":"https:\/\/api.w.org\/{rel}","templated":true}]}}