{"id":18535,"date":"2023-09-21T10:21:09","date_gmt":"2023-09-21T08:21:09","guid":{"rendered":"https:\/\/www.akuryprodukte.de\/?post_type=product&#038;p=18535"},"modified":"2023-09-21T10:24:09","modified_gmt":"2023-09-21T08:24:09","slug":"leben-26-liebeskummer","status":"publish","type":"product","link":"https:\/\/www.akuryprodukte.de\/en\/shop\/leben-26-liebeskummer\/","title":{"rendered":"LEBEN 26 Liebeskummer"},"content":{"rendered":"<p><strong>LEBEN 26 Liebeskummer<\/strong><\/p>\n<p>Liebeskummer entsteht h\u00e4ufig durch den Verlust oder die Trennung von Menschen, zu denen eine emotionale Bindung bestand. Eine weitere Form des Liebeskummers ist die Sehnsucht oder Eifersucht zu einer Frau oder einem Mann, in die\/den man sich trotz einer bestehenden Partnerschaft verliebt hat. Auch bei unerwiderter Liebe\u00a0sowie in F\u00e4llen, in denen es nicht zu einer Bindung zwischen Menschen kommt, diese aber von mindestens einem der Betroffenen gew\u00fcnscht ist, kann es zu Liebeskummer kommen.<\/p>\n<p>Wissenschaftler sagen, dass der Liebeskummer uns nicht nur die k\u00f6rpereigenen Wohlf\u00fchlstoffe entzieht, er f\u00fchrt auch zu physischen Reaktionen, die den Herzschmerz verursachen. Wenn wir pl\u00f6tzlich verlassen werden, bricht eine Welt f\u00fcr uns zusammen. Alles ist au\u00dfer Kontrolle und wir wissen nicht, was uns in Zukunft erwartet. Innerer Stress macht sich breit. Was dann passiert, erkl\u00e4rt uns die Medizin: Um den Stress zu \u00fcberstehen, braucht unser K\u00f6rper viel Energie. Diese erh\u00e4lt er f\u00fcr kurze Zeit durch das Aufputschhormon Adrenalin, das auf Dauer von Cortisol abgel\u00f6st wird. Cortisol ist zwar schw\u00e4cher, hat daf\u00fcr aber mehr Ausdauer als Adrenalin und l\u00f6st in unserem K\u00f6rper ungeahnte Kr\u00e4fte aus. Werden diese Kr\u00e4fte nicht ausreichend abgebaut, was bei Liebeskummer oft der Fall ist, werden wir kraftlos. Halten die Stressphasen lange an, was in den ersten Wochen der Trennung \u00fcblich ist, so kommt es zu k\u00f6rperlichen Beschwerden, wie beispielsweise Schmerzen im Brustkorb.<\/p>\n<p><strong>Der Chip soll dazu beitragen, den Liebeskummer schneller zu \u00fcberwinden und die Symptome zu lindern.<\/strong><\/p>\n","protected":false},"excerpt":{"rendered":"<p>LEBEN 26 Liebeskummer Liebeskummer entsteht h\u00e4ufig durch den Verlust oder die Trennung von Menschen, zu denen eine emotionale Bindung bestand. Eine weitere Form des Liebeskummers ist die Sehnsucht oder Eifersucht zu einer Frau oder einem Mann, in die\/den man sich trotz einer bestehenden Partnerschaft verliebt hat. Auch bei unerwiderter Liebe\u00a0sowie in F\u00e4llen, in denen es [&hellip;]<\/p>\n","protected":false},"featured_media":18537,"comment_status":"open","ping_status":"closed","template":"","meta":[],"product_brand":[],"product_cat":[1249],"product_tag":[],"class_list":{"0":"post-18535","1":"product","2":"type-product","3":"status-publish","4":"has-post-thumbnail","6":"product_cat-info-chips-lebenssituationen","8":"first","9":"instock","10":"taxable","11":"shipping-taxable","12":"purchasable","13":"product-type-simple"},"yoast_head":"<!-- This site is optimized with the Yoast SEO plugin v27.3 - https:\/\/yoast.com\/product\/yoast-seo-wordpress\/ -->\n<title>LEBEN 26 Liebeskummer - akury<\/title>\n<meta name=\"robots\" content=\"index, follow, max-snippet:-1, max-image-preview:large, max-video-preview:-1\" \/>\n<link rel=\"canonical\" href=\"https:\/\/www.akuryprodukte.de\/en\/shop\/leben-26-liebeskummer\/\" \/>\n<meta property=\"og:locale\" content=\"en_US\" \/>\n<meta property=\"og:type\" content=\"article\" \/>\n<meta property=\"og:title\" content=\"LEBEN 26 Liebeskummer - akury\" \/>\n<meta property=\"og:description\" content=\"LEBEN 26 Liebeskummer Liebeskummer entsteht h\u00e4ufig durch den Verlust oder die Trennung von Menschen, zu denen eine emotionale Bindung bestand. Eine weitere Form des Liebeskummers ist die Sehnsucht oder Eifersucht zu einer Frau oder einem Mann, in die\/den man sich trotz einer bestehenden Partnerschaft verliebt hat. Auch bei unerwiderter Liebe\u00a0sowie in F\u00e4llen, in denen es [&hellip;]\" \/>\n<meta property=\"og:url\" content=\"https:\/\/www.akuryprodukte.de\/en\/shop\/leben-26-liebeskummer\/\" \/>\n<meta property=\"og:site_name\" content=\"akury\" \/>\n<meta property=\"article:publisher\" content=\"https:\/\/de-de.facebook.com\/bioenergetischesinformationsmanagement\/\" \/>\n<meta property=\"article:modified_time\" content=\"2023-09-21T08:24:09+00:00\" \/>\n<meta property=\"og:image\" content=\"https:\/\/www.akuryprodukte.de\/wp-content\/uploads\/2023\/09\/LEBEN-26-Liebeskummer-1.png\" \/>\n\t<meta property=\"og:image:width\" content=\"575\" \/>\n\t<meta property=\"og:image:height\" content=\"575\" \/>\n\t<meta property=\"og:image:type\" content=\"image\/png\" \/>\n<meta name=\"twitter:card\" content=\"summary_large_image\" \/>\n<meta name=\"twitter:site\" content=\"@heiko_wenner\" \/>\n<meta name=\"twitter:label1\" content=\"Est. reading time\" \/>\n\t<meta name=\"twitter:data1\" content=\"2 minutes\" \/>\n<script type=\"application\/ld+json\" class=\"yoast-schema-graph\">{\"@context\":\"https:\\\/\\\/schema.org\",\"@graph\":[{\"@type\":\"WebPage\",\"@id\":\"https:\\\/\\\/www.akuryprodukte.de\\\/en\\\/shop\\\/leben-26-liebeskummer\\\/\",\"url\":\"https:\\\/\\\/www.akuryprodukte.de\\\/en\\\/shop\\\/leben-26-liebeskummer\\\/\",\"name\":\"LEBEN 26 Liebeskummer - akury\",\"isPartOf\":{\"@id\":\"https:\\\/\\\/www.akuryprodukte.de\\\/en\\\/#website\"},\"primaryImageOfPage\":{\"@id\":\"https:\\\/\\\/www.akuryprodukte.de\\\/en\\\/shop\\\/leben-26-liebeskummer\\\/#primaryimage\"},\"image\":{\"@id\":\"https:\\\/\\\/www.akuryprodukte.de\\\/en\\\/shop\\\/leben-26-liebeskummer\\\/#primaryimage\"},\"thumbnailUrl\":\"https:\\\/\\\/www.akuryprodukte.de\\\/wp-content\\\/uploads\\\/2023\\\/09\\\/LEBEN-26-Liebeskummer-1.png\",\"datePublished\":\"2023-09-21T08:21:09+00:00\",\"dateModified\":\"2023-09-21T08:24:09+00:00\",\"breadcrumb\":{\"@id\":\"https:\\\/\\\/www.akuryprodukte.de\\\/en\\\/shop\\\/leben-26-liebeskummer\\\/#breadcrumb\"},\"inLanguage\":\"en-US\",\"potentialAction\":[{\"@type\":\"ReadAction\",\"target\":[\"https:\\\/\\\/www.akuryprodukte.de\\\/en\\\/shop\\\/leben-26-liebeskummer\\\/\"]}]},{\"@type\":\"ImageObject\",\"inLanguage\":\"en-US\",\"@id\":\"https:\\\/\\\/www.akuryprodukte.de\\\/en\\\/shop\\\/leben-26-liebeskummer\\\/#primaryimage\",\"url\":\"https:\\\/\\\/www.akuryprodukte.de\\\/wp-content\\\/uploads\\\/2023\\\/09\\\/LEBEN-26-Liebeskummer-1.png\",\"contentUrl\":\"https:\\\/\\\/www.akuryprodukte.de\\\/wp-content\\\/uploads\\\/2023\\\/09\\\/LEBEN-26-Liebeskummer-1.png\",\"width\":575,\"height\":575},{\"@type\":\"BreadcrumbList\",\"@id\":\"https:\\\/\\\/www.akuryprodukte.de\\\/en\\\/shop\\\/leben-26-liebeskummer\\\/#breadcrumb\",\"itemListElement\":[{\"@type\":\"ListItem\",\"position\":1,\"name\":\"Startseite\",\"item\":\"https:\\\/\\\/www.akuryprodukte.de\\\/en\\\/\"},{\"@type\":\"ListItem\",\"position\":2,\"name\":\"Shop\",\"item\":\"https:\\\/\\\/www.akuryprodukte.de\\\/en\\\/shop-en\\\/\"},{\"@type\":\"ListItem\",\"position\":3,\"name\":\"LEBEN 26 Liebeskummer\"}]},{\"@type\":\"WebSite\",\"@id\":\"https:\\\/\\\/www.akuryprodukte.de\\\/en\\\/#website\",\"url\":\"https:\\\/\\\/www.akuryprodukte.de\\\/en\\\/\",\"name\":\"akury\",\"description\":\"Produkte f\u00fcr Ihr Wohlbefinden\",\"publisher\":{\"@id\":\"https:\\\/\\\/www.akuryprodukte.de\\\/en\\\/#organization\"},\"potentialAction\":[{\"@type\":\"SearchAction\",\"target\":{\"@type\":\"EntryPoint\",\"urlTemplate\":\"https:\\\/\\\/www.akuryprodukte.de\\\/en\\\/?s={search_term_string}\"},\"query-input\":{\"@type\":\"PropertyValueSpecification\",\"valueRequired\":true,\"valueName\":\"search_term_string\"}}],\"inLanguage\":\"en-US\"},{\"@type\":\"Organization\",\"@id\":\"https:\\\/\\\/www.akuryprodukte.de\\\/en\\\/#organization\",\"name\":\"AkuRy GmbH\",\"url\":\"https:\\\/\\\/www.akuryprodukte.de\\\/en\\\/\",\"logo\":{\"@type\":\"ImageObject\",\"inLanguage\":\"en-US\",\"@id\":\"https:\\\/\\\/www.akuryprodukte.de\\\/en\\\/#\\\/schema\\\/logo\\\/image\\\/\",\"url\":\"https:\\\/\\\/www.akuryprodukte.de\\\/wp-content\\\/uploads\\\/2020\\\/09\\\/Logo_AKY-p-512.jpg\",\"contentUrl\":\"https:\\\/\\\/www.akuryprodukte.de\\\/wp-content\\\/uploads\\\/2020\\\/09\\\/Logo_AKY-p-512.jpg\",\"width\":512,\"height\":512,\"caption\":\"AkuRy GmbH\"},\"image\":{\"@id\":\"https:\\\/\\\/www.akuryprodukte.de\\\/en\\\/#\\\/schema\\\/logo\\\/image\\\/\"},\"sameAs\":[\"https:\\\/\\\/de-de.facebook.com\\\/bioenergetischesinformationsmanagement\\\/\",\"https:\\\/\\\/x.com\\\/heiko_wenner\",\"https:\\\/\\\/www.instagram.com\\\/akury_gmbh\\\/\",\"https:\\\/\\\/www.youtube.com\\\/channel\\\/UCyItRPbJUon1m0Gq6kV2Izw\"]}]}<\/script>\n<!-- \/ Yoast SEO plugin. -->","yoast_head_json":{"title":"LEBEN 26 Liebeskummer - akury","robots":{"index":"index","follow":"follow","max-snippet":"max-snippet:-1","max-image-preview":"max-image-preview:large","max-video-preview":"max-video-preview:-1"},"canonical":"https:\/\/www.akuryprodukte.de\/en\/shop\/leben-26-liebeskummer\/","og_locale":"en_US","og_type":"article","og_title":"LEBEN 26 Liebeskummer - akury","og_description":"LEBEN 26 Liebeskummer Liebeskummer entsteht h\u00e4ufig durch den Verlust oder die Trennung von Menschen, zu denen eine emotionale Bindung bestand. Eine weitere Form des Liebeskummers ist die Sehnsucht oder Eifersucht zu einer Frau oder einem Mann, in die\/den man sich trotz einer bestehenden Partnerschaft verliebt hat. Auch bei unerwiderter Liebe\u00a0sowie in F\u00e4llen, in denen es [&hellip;]","og_url":"https:\/\/www.akuryprodukte.de\/en\/shop\/leben-26-liebeskummer\/","og_site_name":"akury","article_publisher":"https:\/\/de-de.facebook.com\/bioenergetischesinformationsmanagement\/","article_modified_time":"2023-09-21T08:24:09+00:00","og_image":[{"width":575,"height":575,"url":"https:\/\/www.akuryprodukte.de\/wp-content\/uploads\/2023\/09\/LEBEN-26-Liebeskummer-1.png","type":"image\/png"}],"twitter_card":"summary_large_image","twitter_site":"@heiko_wenner","twitter_misc":{"Est. reading time":"2 minutes"},"schema":{"@context":"https:\/\/schema.org","@graph":[{"@type":"WebPage","@id":"https:\/\/www.akuryprodukte.de\/en\/shop\/leben-26-liebeskummer\/","url":"https:\/\/www.akuryprodukte.de\/en\/shop\/leben-26-liebeskummer\/","name":"LEBEN 26 Liebeskummer - akury","isPartOf":{"@id":"https:\/\/www.akuryprodukte.de\/en\/#website"},"primaryImageOfPage":{"@id":"https:\/\/www.akuryprodukte.de\/en\/shop\/leben-26-liebeskummer\/#primaryimage"},"image":{"@id":"https:\/\/www.akuryprodukte.de\/en\/shop\/leben-26-liebeskummer\/#primaryimage"},"thumbnailUrl":"https:\/\/www.akuryprodukte.de\/wp-content\/uploads\/2023\/09\/LEBEN-26-Liebeskummer-1.png","datePublished":"2023-09-21T08:21:09+00:00","dateModified":"2023-09-21T08:24:09+00:00","breadcrumb":{"@id":"https:\/\/www.akuryprodukte.de\/en\/shop\/leben-26-liebeskummer\/#breadcrumb"},"inLanguage":"en-US","potentialAction":[{"@type":"ReadAction","target":["https:\/\/www.akuryprodukte.de\/en\/shop\/leben-26-liebeskummer\/"]}]},{"@type":"ImageObject","inLanguage":"en-US","@id":"https:\/\/www.akuryprodukte.de\/en\/shop\/leben-26-liebeskummer\/#primaryimage","url":"https:\/\/www.akuryprodukte.de\/wp-content\/uploads\/2023\/09\/LEBEN-26-Liebeskummer-1.png","contentUrl":"https:\/\/www.akuryprodukte.de\/wp-content\/uploads\/2023\/09\/LEBEN-26-Liebeskummer-1.png","width":575,"height":575},{"@type":"BreadcrumbList","@id":"https:\/\/www.akuryprodukte.de\/en\/shop\/leben-26-liebeskummer\/#breadcrumb","itemListElement":[{"@type":"ListItem","position":1,"name":"Startseite","item":"https:\/\/www.akuryprodukte.de\/en\/"},{"@type":"ListItem","position":2,"name":"Shop","item":"https:\/\/www.akuryprodukte.de\/en\/shop-en\/"},{"@type":"ListItem","position":3,"name":"LEBEN 26 Liebeskummer"}]},{"@type":"WebSite","@id":"https:\/\/www.akuryprodukte.de\/en\/#website","url":"https:\/\/www.akuryprodukte.de\/en\/","name":"akury","description":"Produkte f\u00fcr Ihr Wohlbefinden","publisher":{"@id":"https:\/\/www.akuryprodukte.de\/en\/#organization"},"potentialAction":[{"@type":"SearchAction","target":{"@type":"EntryPoint","urlTemplate":"https:\/\/www.akuryprodukte.de\/en\/?s={search_term_string}"},"query-input":{"@type":"PropertyValueSpecification","valueRequired":true,"valueName":"search_term_string"}}],"inLanguage":"en-US"},{"@type":"Organization","@id":"https:\/\/www.akuryprodukte.de\/en\/#organization","name":"AkuRy GmbH","url":"https:\/\/www.akuryprodukte.de\/en\/","logo":{"@type":"ImageObject","inLanguage":"en-US","@id":"https:\/\/www.akuryprodukte.de\/en\/#\/schema\/logo\/image\/","url":"https:\/\/www.akuryprodukte.de\/wp-content\/uploads\/2020\/09\/Logo_AKY-p-512.jpg","contentUrl":"https:\/\/www.akuryprodukte.de\/wp-content\/uploads\/2020\/09\/Logo_AKY-p-512.jpg","width":512,"height":512,"caption":"AkuRy GmbH"},"image":{"@id":"https:\/\/www.akuryprodukte.de\/en\/#\/schema\/logo\/image\/"},"sameAs":["https:\/\/de-de.facebook.com\/bioenergetischesinformationsmanagement\/","https:\/\/x.com\/heiko_wenner","https:\/\/www.instagram.com\/akury_gmbh\/","https:\/\/www.youtube.com\/channel\/UCyItRPbJUon1m0Gq6kV2Izw"]}]}},"_links":{"self":[{"href":"https:\/\/www.akuryprodukte.de\/en\/wp-json\/wp\/v2\/product\/18535","targetHints":{"allow":["GET"]}}],"collection":[{"href":"https:\/\/www.akuryprodukte.de\/en\/wp-json\/wp\/v2\/product"}],"about":[{"href":"https:\/\/www.akuryprodukte.de\/en\/wp-json\/wp\/v2\/types\/product"}],"replies":[{"embeddable":true,"href":"https:\/\/www.akuryprodukte.de\/en\/wp-json\/wp\/v2\/comments?post=18535"}],"wp:featuredmedia":[{"embeddable":true,"href":"https:\/\/www.akuryprodukte.de\/en\/wp-json\/wp\/v2\/media\/18537"}],"wp:attachment":[{"href":"https:\/\/www.akuryprodukte.de\/en\/wp-json\/wp\/v2\/media?parent=18535"}],"wp:term":[{"taxonomy":"product_brand","embeddable":true,"href":"https:\/\/www.akuryprodukte.de\/en\/wp-json\/wp\/v2\/product_brand?post=18535"},{"taxonomy":"product_cat","embeddable":true,"href":"https:\/\/www.akuryprodukte.de\/en\/wp-json\/wp\/v2\/product_cat?post=18535"},{"taxonomy":"product_tag","embeddable":true,"href":"https:\/\/www.akuryprodukte.de\/en\/wp-json\/wp\/v2\/product_tag?post=18535"}],"curies":[{"name":"wp","href":"https:\/\/api.w.org\/{rel}","templated":true}]}}