{"id":18717,"date":"2023-10-17T18:00:01","date_gmt":"2023-10-17T16:00:01","guid":{"rendered":"https:\/\/www.akuryprodukte.de\/?post_type=product&#038;p=18717"},"modified":"2023-10-17T18:03:01","modified_gmt":"2023-10-17T16:03:01","slug":"hnn-viii-nervus-vestibulocochlearis","status":"publish","type":"product","link":"https:\/\/www.akuryprodukte.de\/en\/shop\/hnn-viii-nervus-vestibulocochlearis\/","title":{"rendered":"HNN VIII Nervus vestibulocochlearis\u00a0"},"content":{"rendered":"<p>Der paarige\u00a0<strong>Nervus vestibulocochlearis<\/strong> ist der 8. Hirnnerv. Er leitet die von den inneren Haarzellen kommenden elektrischen Impulse zum Hirnstamm auf die H\u00f6rbahn sowie Impulse von den Sinneszellen des <a href=\"https:\/\/flexikon.doccheck.com\/de\/Vestibularorgan\">Vestibularorgans<\/a>\u00a0zu den zentralen\u00a0<a href=\"https:\/\/flexikon.doccheck.com\/de\/Vestibulariskern\">Vestibulariskernen<\/a>. Zus\u00e4tzlich f\u00fchrt er efferente Fasern, welche die \u00e4u\u00dferen Haarzellen modulieren.<\/p>\n<p>Ein Ausfall des Nervus vestibulocochlearis f\u00fchrt zu Taubheit und Gleichgewichtsst\u00f6rungen.<\/p>\n<p><strong>Der Chip dient dazu, den 8. Hirnnerv N.<\/strong><strong> vestibulocochlearis<\/strong><strong> zu stabilisieren und mit allen seinen Funktionen zu unterst\u00fctzen.<\/strong><\/p>\n","protected":false},"excerpt":{"rendered":"<p>Der paarige\u00a0Nervus vestibulocochlearis ist der 8. Hirnnerv. Er leitet die von den inneren Haarzellen kommenden elektrischen Impulse zum Hirnstamm auf die H\u00f6rbahn sowie Impulse von den Sinneszellen des Vestibularorgans\u00a0zu den zentralen\u00a0Vestibulariskernen. Zus\u00e4tzlich f\u00fchrt er efferente Fasern, welche die \u00e4u\u00dferen Haarzellen modulieren. Ein Ausfall des Nervus vestibulocochlearis f\u00fchrt zu Taubheit und Gleichgewichtsst\u00f6rungen. Der Chip dient dazu, [&hellip;]<\/p>\n","protected":false},"featured_media":18719,"comment_status":"open","ping_status":"closed","template":"","meta":[],"product_brand":[],"product_cat":[3003,34,490],"product_tag":[],"class_list":{"0":"post-18717","1":"product","2":"type-product","3":"status-publish","4":"has-post-thumbnail","6":"product_cat-info-chips-gehirn","7":"product_cat-info-chips-a-z","8":"product_cat-info-chips-themenbereiche","10":"first","11":"instock","12":"taxable","13":"shipping-taxable","14":"purchasable","15":"product-type-simple"},"yoast_head":"<!-- This site is optimized with the Yoast SEO plugin v27.3 - https:\/\/yoast.com\/product\/yoast-seo-wordpress\/ -->\n<title>HNN VIII Nervus vestibulocochlearis\u00a0 - akury<\/title>\n<meta name=\"robots\" content=\"index, follow, max-snippet:-1, max-image-preview:large, max-video-preview:-1\" \/>\n<link rel=\"canonical\" href=\"https:\/\/www.akuryprodukte.de\/en\/shop\/hnn-viii-nervus-vestibulocochlearis\/\" \/>\n<meta property=\"og:locale\" content=\"en_US\" \/>\n<meta property=\"og:type\" content=\"article\" \/>\n<meta property=\"og:title\" content=\"HNN VIII Nervus vestibulocochlearis\u00a0 - akury\" \/>\n<meta property=\"og:description\" content=\"Der paarige\u00a0Nervus vestibulocochlearis ist der 8. Hirnnerv. Er leitet die von den inneren Haarzellen kommenden elektrischen Impulse zum Hirnstamm auf die H\u00f6rbahn sowie Impulse von den Sinneszellen des Vestibularorgans\u00a0zu den zentralen\u00a0Vestibulariskernen. Zus\u00e4tzlich f\u00fchrt er efferente Fasern, welche die \u00e4u\u00dferen Haarzellen modulieren. Ein Ausfall des Nervus vestibulocochlearis f\u00fchrt zu Taubheit und Gleichgewichtsst\u00f6rungen. Der Chip dient dazu, [&hellip;]\" \/>\n<meta property=\"og:url\" content=\"https:\/\/www.akuryprodukte.de\/en\/shop\/hnn-viii-nervus-vestibulocochlearis\/\" \/>\n<meta property=\"og:site_name\" content=\"akury\" \/>\n<meta property=\"article:publisher\" content=\"https:\/\/de-de.facebook.com\/bioenergetischesinformationsmanagement\/\" \/>\n<meta property=\"article:modified_time\" content=\"2023-10-17T16:03:01+00:00\" \/>\n<meta property=\"og:image\" content=\"https:\/\/www.akuryprodukte.de\/wp-content\/uploads\/2023\/10\/HNN-VIII-neu.png\" \/>\n\t<meta property=\"og:image:width\" content=\"575\" \/>\n\t<meta property=\"og:image:height\" content=\"575\" \/>\n\t<meta property=\"og:image:type\" content=\"image\/png\" \/>\n<meta name=\"twitter:card\" content=\"summary_large_image\" \/>\n<meta name=\"twitter:site\" content=\"@heiko_wenner\" \/>\n<meta name=\"twitter:label1\" content=\"Est. reading time\" \/>\n\t<meta name=\"twitter:data1\" content=\"1 minute\" \/>\n<script type=\"application\/ld+json\" class=\"yoast-schema-graph\">{\"@context\":\"https:\\\/\\\/schema.org\",\"@graph\":[{\"@type\":\"WebPage\",\"@id\":\"https:\\\/\\\/www.akuryprodukte.de\\\/en\\\/shop\\\/hnn-viii-nervus-vestibulocochlearis\\\/\",\"url\":\"https:\\\/\\\/www.akuryprodukte.de\\\/en\\\/shop\\\/hnn-viii-nervus-vestibulocochlearis\\\/\",\"name\":\"HNN VIII Nervus vestibulocochlearis\u00a0 - akury\",\"isPartOf\":{\"@id\":\"https:\\\/\\\/www.akuryprodukte.de\\\/en\\\/#website\"},\"primaryImageOfPage\":{\"@id\":\"https:\\\/\\\/www.akuryprodukte.de\\\/en\\\/shop\\\/hnn-viii-nervus-vestibulocochlearis\\\/#primaryimage\"},\"image\":{\"@id\":\"https:\\\/\\\/www.akuryprodukte.de\\\/en\\\/shop\\\/hnn-viii-nervus-vestibulocochlearis\\\/#primaryimage\"},\"thumbnailUrl\":\"https:\\\/\\\/www.akuryprodukte.de\\\/wp-content\\\/uploads\\\/2023\\\/10\\\/HNN-VIII-neu.png\",\"datePublished\":\"2023-10-17T16:00:01+00:00\",\"dateModified\":\"2023-10-17T16:03:01+00:00\",\"breadcrumb\":{\"@id\":\"https:\\\/\\\/www.akuryprodukte.de\\\/en\\\/shop\\\/hnn-viii-nervus-vestibulocochlearis\\\/#breadcrumb\"},\"inLanguage\":\"en-US\",\"potentialAction\":[{\"@type\":\"ReadAction\",\"target\":[\"https:\\\/\\\/www.akuryprodukte.de\\\/en\\\/shop\\\/hnn-viii-nervus-vestibulocochlearis\\\/\"]}]},{\"@type\":\"ImageObject\",\"inLanguage\":\"en-US\",\"@id\":\"https:\\\/\\\/www.akuryprodukte.de\\\/en\\\/shop\\\/hnn-viii-nervus-vestibulocochlearis\\\/#primaryimage\",\"url\":\"https:\\\/\\\/www.akuryprodukte.de\\\/wp-content\\\/uploads\\\/2023\\\/10\\\/HNN-VIII-neu.png\",\"contentUrl\":\"https:\\\/\\\/www.akuryprodukte.de\\\/wp-content\\\/uploads\\\/2023\\\/10\\\/HNN-VIII-neu.png\",\"width\":575,\"height\":575},{\"@type\":\"BreadcrumbList\",\"@id\":\"https:\\\/\\\/www.akuryprodukte.de\\\/en\\\/shop\\\/hnn-viii-nervus-vestibulocochlearis\\\/#breadcrumb\",\"itemListElement\":[{\"@type\":\"ListItem\",\"position\":1,\"name\":\"Startseite\",\"item\":\"https:\\\/\\\/www.akuryprodukte.de\\\/en\\\/\"},{\"@type\":\"ListItem\",\"position\":2,\"name\":\"Shop\",\"item\":\"https:\\\/\\\/www.akuryprodukte.de\\\/en\\\/shop-en\\\/\"},{\"@type\":\"ListItem\",\"position\":3,\"name\":\"HNN VIII Nervus vestibulocochlearis\u00a0\"}]},{\"@type\":\"WebSite\",\"@id\":\"https:\\\/\\\/www.akuryprodukte.de\\\/en\\\/#website\",\"url\":\"https:\\\/\\\/www.akuryprodukte.de\\\/en\\\/\",\"name\":\"akury\",\"description\":\"Produkte f\u00fcr Ihr Wohlbefinden\",\"publisher\":{\"@id\":\"https:\\\/\\\/www.akuryprodukte.de\\\/en\\\/#organization\"},\"potentialAction\":[{\"@type\":\"SearchAction\",\"target\":{\"@type\":\"EntryPoint\",\"urlTemplate\":\"https:\\\/\\\/www.akuryprodukte.de\\\/en\\\/?s={search_term_string}\"},\"query-input\":{\"@type\":\"PropertyValueSpecification\",\"valueRequired\":true,\"valueName\":\"search_term_string\"}}],\"inLanguage\":\"en-US\"},{\"@type\":\"Organization\",\"@id\":\"https:\\\/\\\/www.akuryprodukte.de\\\/en\\\/#organization\",\"name\":\"AkuRy GmbH\",\"url\":\"https:\\\/\\\/www.akuryprodukte.de\\\/en\\\/\",\"logo\":{\"@type\":\"ImageObject\",\"inLanguage\":\"en-US\",\"@id\":\"https:\\\/\\\/www.akuryprodukte.de\\\/en\\\/#\\\/schema\\\/logo\\\/image\\\/\",\"url\":\"https:\\\/\\\/www.akuryprodukte.de\\\/wp-content\\\/uploads\\\/2020\\\/09\\\/Logo_AKY-p-512.jpg\",\"contentUrl\":\"https:\\\/\\\/www.akuryprodukte.de\\\/wp-content\\\/uploads\\\/2020\\\/09\\\/Logo_AKY-p-512.jpg\",\"width\":512,\"height\":512,\"caption\":\"AkuRy GmbH\"},\"image\":{\"@id\":\"https:\\\/\\\/www.akuryprodukte.de\\\/en\\\/#\\\/schema\\\/logo\\\/image\\\/\"},\"sameAs\":[\"https:\\\/\\\/de-de.facebook.com\\\/bioenergetischesinformationsmanagement\\\/\",\"https:\\\/\\\/x.com\\\/heiko_wenner\",\"https:\\\/\\\/www.instagram.com\\\/akury_gmbh\\\/\",\"https:\\\/\\\/www.youtube.com\\\/channel\\\/UCyItRPbJUon1m0Gq6kV2Izw\"]}]}<\/script>\n<!-- \/ Yoast SEO plugin. -->","yoast_head_json":{"title":"HNN VIII Nervus vestibulocochlearis\u00a0 - akury","robots":{"index":"index","follow":"follow","max-snippet":"max-snippet:-1","max-image-preview":"max-image-preview:large","max-video-preview":"max-video-preview:-1"},"canonical":"https:\/\/www.akuryprodukte.de\/en\/shop\/hnn-viii-nervus-vestibulocochlearis\/","og_locale":"en_US","og_type":"article","og_title":"HNN VIII Nervus vestibulocochlearis\u00a0 - akury","og_description":"Der paarige\u00a0Nervus vestibulocochlearis ist der 8. Hirnnerv. Er leitet die von den inneren Haarzellen kommenden elektrischen Impulse zum Hirnstamm auf die H\u00f6rbahn sowie Impulse von den Sinneszellen des Vestibularorgans\u00a0zu den zentralen\u00a0Vestibulariskernen. Zus\u00e4tzlich f\u00fchrt er efferente Fasern, welche die \u00e4u\u00dferen Haarzellen modulieren. Ein Ausfall des Nervus vestibulocochlearis f\u00fchrt zu Taubheit und Gleichgewichtsst\u00f6rungen. Der Chip dient dazu, [&hellip;]","og_url":"https:\/\/www.akuryprodukte.de\/en\/shop\/hnn-viii-nervus-vestibulocochlearis\/","og_site_name":"akury","article_publisher":"https:\/\/de-de.facebook.com\/bioenergetischesinformationsmanagement\/","article_modified_time":"2023-10-17T16:03:01+00:00","og_image":[{"width":575,"height":575,"url":"https:\/\/www.akuryprodukte.de\/wp-content\/uploads\/2023\/10\/HNN-VIII-neu.png","type":"image\/png"}],"twitter_card":"summary_large_image","twitter_site":"@heiko_wenner","twitter_misc":{"Est. reading time":"1 minute"},"schema":{"@context":"https:\/\/schema.org","@graph":[{"@type":"WebPage","@id":"https:\/\/www.akuryprodukte.de\/en\/shop\/hnn-viii-nervus-vestibulocochlearis\/","url":"https:\/\/www.akuryprodukte.de\/en\/shop\/hnn-viii-nervus-vestibulocochlearis\/","name":"HNN VIII Nervus vestibulocochlearis\u00a0 - akury","isPartOf":{"@id":"https:\/\/www.akuryprodukte.de\/en\/#website"},"primaryImageOfPage":{"@id":"https:\/\/www.akuryprodukte.de\/en\/shop\/hnn-viii-nervus-vestibulocochlearis\/#primaryimage"},"image":{"@id":"https:\/\/www.akuryprodukte.de\/en\/shop\/hnn-viii-nervus-vestibulocochlearis\/#primaryimage"},"thumbnailUrl":"https:\/\/www.akuryprodukte.de\/wp-content\/uploads\/2023\/10\/HNN-VIII-neu.png","datePublished":"2023-10-17T16:00:01+00:00","dateModified":"2023-10-17T16:03:01+00:00","breadcrumb":{"@id":"https:\/\/www.akuryprodukte.de\/en\/shop\/hnn-viii-nervus-vestibulocochlearis\/#breadcrumb"},"inLanguage":"en-US","potentialAction":[{"@type":"ReadAction","target":["https:\/\/www.akuryprodukte.de\/en\/shop\/hnn-viii-nervus-vestibulocochlearis\/"]}]},{"@type":"ImageObject","inLanguage":"en-US","@id":"https:\/\/www.akuryprodukte.de\/en\/shop\/hnn-viii-nervus-vestibulocochlearis\/#primaryimage","url":"https:\/\/www.akuryprodukte.de\/wp-content\/uploads\/2023\/10\/HNN-VIII-neu.png","contentUrl":"https:\/\/www.akuryprodukte.de\/wp-content\/uploads\/2023\/10\/HNN-VIII-neu.png","width":575,"height":575},{"@type":"BreadcrumbList","@id":"https:\/\/www.akuryprodukte.de\/en\/shop\/hnn-viii-nervus-vestibulocochlearis\/#breadcrumb","itemListElement":[{"@type":"ListItem","position":1,"name":"Startseite","item":"https:\/\/www.akuryprodukte.de\/en\/"},{"@type":"ListItem","position":2,"name":"Shop","item":"https:\/\/www.akuryprodukte.de\/en\/shop-en\/"},{"@type":"ListItem","position":3,"name":"HNN VIII Nervus vestibulocochlearis\u00a0"}]},{"@type":"WebSite","@id":"https:\/\/www.akuryprodukte.de\/en\/#website","url":"https:\/\/www.akuryprodukte.de\/en\/","name":"akury","description":"Produkte f\u00fcr Ihr Wohlbefinden","publisher":{"@id":"https:\/\/www.akuryprodukte.de\/en\/#organization"},"potentialAction":[{"@type":"SearchAction","target":{"@type":"EntryPoint","urlTemplate":"https:\/\/www.akuryprodukte.de\/en\/?s={search_term_string}"},"query-input":{"@type":"PropertyValueSpecification","valueRequired":true,"valueName":"search_term_string"}}],"inLanguage":"en-US"},{"@type":"Organization","@id":"https:\/\/www.akuryprodukte.de\/en\/#organization","name":"AkuRy GmbH","url":"https:\/\/www.akuryprodukte.de\/en\/","logo":{"@type":"ImageObject","inLanguage":"en-US","@id":"https:\/\/www.akuryprodukte.de\/en\/#\/schema\/logo\/image\/","url":"https:\/\/www.akuryprodukte.de\/wp-content\/uploads\/2020\/09\/Logo_AKY-p-512.jpg","contentUrl":"https:\/\/www.akuryprodukte.de\/wp-content\/uploads\/2020\/09\/Logo_AKY-p-512.jpg","width":512,"height":512,"caption":"AkuRy GmbH"},"image":{"@id":"https:\/\/www.akuryprodukte.de\/en\/#\/schema\/logo\/image\/"},"sameAs":["https:\/\/de-de.facebook.com\/bioenergetischesinformationsmanagement\/","https:\/\/x.com\/heiko_wenner","https:\/\/www.instagram.com\/akury_gmbh\/","https:\/\/www.youtube.com\/channel\/UCyItRPbJUon1m0Gq6kV2Izw"]}]}},"_links":{"self":[{"href":"https:\/\/www.akuryprodukte.de\/en\/wp-json\/wp\/v2\/product\/18717","targetHints":{"allow":["GET"]}}],"collection":[{"href":"https:\/\/www.akuryprodukte.de\/en\/wp-json\/wp\/v2\/product"}],"about":[{"href":"https:\/\/www.akuryprodukte.de\/en\/wp-json\/wp\/v2\/types\/product"}],"replies":[{"embeddable":true,"href":"https:\/\/www.akuryprodukte.de\/en\/wp-json\/wp\/v2\/comments?post=18717"}],"wp:featuredmedia":[{"embeddable":true,"href":"https:\/\/www.akuryprodukte.de\/en\/wp-json\/wp\/v2\/media\/18719"}],"wp:attachment":[{"href":"https:\/\/www.akuryprodukte.de\/en\/wp-json\/wp\/v2\/media?parent=18717"}],"wp:term":[{"taxonomy":"product_brand","embeddable":true,"href":"https:\/\/www.akuryprodukte.de\/en\/wp-json\/wp\/v2\/product_brand?post=18717"},{"taxonomy":"product_cat","embeddable":true,"href":"https:\/\/www.akuryprodukte.de\/en\/wp-json\/wp\/v2\/product_cat?post=18717"},{"taxonomy":"product_tag","embeddable":true,"href":"https:\/\/www.akuryprodukte.de\/en\/wp-json\/wp\/v2\/product_tag?post=18717"}],"curies":[{"name":"wp","href":"https:\/\/api.w.org\/{rel}","templated":true}]}}