{"id":18721,"date":"2023-10-17T18:03:28","date_gmt":"2023-10-17T16:03:28","guid":{"rendered":"https:\/\/www.akuryprodukte.de\/?post_type=product&#038;p=18721"},"modified":"2023-10-17T18:11:14","modified_gmt":"2023-10-17T16:11:14","slug":"hnn-ix-nervus-glossopharyngeus","status":"publish","type":"product","link":"https:\/\/www.akuryprodukte.de\/en\/shop\/hnn-ix-nervus-glossopharyngeus\/","title":{"rendered":"HNN IX Nervus glossopharyngeus"},"content":{"rendered":"<p><strong>IX HNN Nervus glossopharyngeus (Zungen-Rachen-Nerv)<\/strong><\/p>\n<p>Der Nervus glossopharyngeus (Zungen-Rachen-Nerv) ist der\u00a0<strong>IX. Hirnnerv<\/strong>. Es handelt sich somit um einen komplexen Hirnnerven, der in die vegetative, sensible\u00a0und gustatorische Versorgung eingebunden ist.<\/p>\n<p>Durch den Ausfall des Nerven entf\u00e4llt die sensible Innervation des Rachens, so dass der W\u00fcrgereflex nicht mehr ausl\u00f6sbar ist. Ein weiteres Kennzeichen ist die fehlende Geschmacksempfindungen im hinteren Drittel der Zunge sowie die Abweichung des Gaumensegels zur gesunden Seite. Der Ausfall der Rami pharyngei f\u00fchrt ebenfalls dazu, dass aufgenommene Nahrung h\u00e4ufig durch die Nase\u00a0austritt.<\/p>\n<p>Ein gemeinsamer Ausfall des Nerven mit dem Nervus vagus\u00a0kommt zum Beispiel beim\u00a0<a href=\"https:\/\/flexikon.doccheck.com\/de\/Avellis-Longhi-Syndrom\">Avellis-Longhi-Syndrom<\/a>\u00a0vor.<\/p>\n<p><strong>Der Chip dient dazu, den 9. H<\/strong><strong>irnne<\/strong><strong>rv N.<\/strong> <strong>G<\/strong><strong>lossopharyngeus<\/strong><strong> zu stabilisieren und mit allen seinen Funktionen zu unterst\u00fctzen<\/strong><\/p>\n","protected":false},"excerpt":{"rendered":"<p>IX HNN Nervus glossopharyngeus (Zungen-Rachen-Nerv) Der Nervus glossopharyngeus (Zungen-Rachen-Nerv) ist der\u00a0IX. Hirnnerv. Es handelt sich somit um einen komplexen Hirnnerven, der in die vegetative, sensible\u00a0und gustatorische Versorgung eingebunden ist. Durch den Ausfall des Nerven entf\u00e4llt die sensible Innervation des Rachens, so dass der W\u00fcrgereflex nicht mehr ausl\u00f6sbar ist. Ein weiteres Kennzeichen ist die fehlende Geschmacksempfindungen [&hellip;]<\/p>\n","protected":false},"featured_media":18729,"comment_status":"open","ping_status":"closed","template":"","meta":[],"product_brand":[],"product_cat":[3003,34,490],"product_tag":[],"class_list":{"0":"post-18721","1":"product","2":"type-product","3":"status-publish","4":"has-post-thumbnail","6":"product_cat-info-chips-gehirn","7":"product_cat-info-chips-a-z","8":"product_cat-info-chips-themenbereiche","10":"first","11":"instock","12":"taxable","13":"shipping-taxable","14":"purchasable","15":"product-type-simple"},"yoast_head":"<!-- This site is optimized with the Yoast SEO plugin v27.3 - https:\/\/yoast.com\/product\/yoast-seo-wordpress\/ -->\n<title>HNN IX Nervus glossopharyngeus - akury<\/title>\n<meta name=\"robots\" content=\"index, follow, max-snippet:-1, max-image-preview:large, max-video-preview:-1\" \/>\n<link rel=\"canonical\" href=\"https:\/\/www.akuryprodukte.de\/en\/shop\/hnn-ix-nervus-glossopharyngeus\/\" \/>\n<meta property=\"og:locale\" content=\"en_US\" \/>\n<meta property=\"og:type\" content=\"article\" \/>\n<meta property=\"og:title\" content=\"HNN IX Nervus glossopharyngeus - akury\" \/>\n<meta property=\"og:description\" content=\"IX HNN Nervus glossopharyngeus (Zungen-Rachen-Nerv) Der Nervus glossopharyngeus (Zungen-Rachen-Nerv) ist der\u00a0IX. Hirnnerv. Es handelt sich somit um einen komplexen Hirnnerven, der in die vegetative, sensible\u00a0und gustatorische Versorgung eingebunden ist. Durch den Ausfall des Nerven entf\u00e4llt die sensible Innervation des Rachens, so dass der W\u00fcrgereflex nicht mehr ausl\u00f6sbar ist. Ein weiteres Kennzeichen ist die fehlende Geschmacksempfindungen [&hellip;]\" \/>\n<meta property=\"og:url\" content=\"https:\/\/www.akuryprodukte.de\/en\/shop\/hnn-ix-nervus-glossopharyngeus\/\" \/>\n<meta property=\"og:site_name\" content=\"akury\" \/>\n<meta property=\"article:publisher\" content=\"https:\/\/de-de.facebook.com\/bioenergetischesinformationsmanagement\/\" \/>\n<meta property=\"article:modified_time\" content=\"2023-10-17T16:11:14+00:00\" \/>\n<meta property=\"og:image\" content=\"https:\/\/www.akuryprodukte.de\/wp-content\/uploads\/2023\/10\/HNN-IX-neu.png\" \/>\n\t<meta property=\"og:image:width\" content=\"575\" \/>\n\t<meta property=\"og:image:height\" content=\"575\" \/>\n\t<meta property=\"og:image:type\" content=\"image\/png\" \/>\n<meta name=\"twitter:card\" content=\"summary_large_image\" \/>\n<meta name=\"twitter:site\" content=\"@heiko_wenner\" \/>\n<meta name=\"twitter:label1\" content=\"Est. reading time\" \/>\n\t<meta name=\"twitter:data1\" content=\"1 minute\" \/>\n<script type=\"application\/ld+json\" class=\"yoast-schema-graph\">{\"@context\":\"https:\\\/\\\/schema.org\",\"@graph\":[{\"@type\":\"WebPage\",\"@id\":\"https:\\\/\\\/www.akuryprodukte.de\\\/en\\\/shop\\\/hnn-ix-nervus-glossopharyngeus\\\/\",\"url\":\"https:\\\/\\\/www.akuryprodukte.de\\\/en\\\/shop\\\/hnn-ix-nervus-glossopharyngeus\\\/\",\"name\":\"HNN IX Nervus glossopharyngeus - akury\",\"isPartOf\":{\"@id\":\"https:\\\/\\\/www.akuryprodukte.de\\\/en\\\/#website\"},\"primaryImageOfPage\":{\"@id\":\"https:\\\/\\\/www.akuryprodukte.de\\\/en\\\/shop\\\/hnn-ix-nervus-glossopharyngeus\\\/#primaryimage\"},\"image\":{\"@id\":\"https:\\\/\\\/www.akuryprodukte.de\\\/en\\\/shop\\\/hnn-ix-nervus-glossopharyngeus\\\/#primaryimage\"},\"thumbnailUrl\":\"https:\\\/\\\/www.akuryprodukte.de\\\/wp-content\\\/uploads\\\/2023\\\/10\\\/HNN-IX-neu.png\",\"datePublished\":\"2023-10-17T16:03:28+00:00\",\"dateModified\":\"2023-10-17T16:11:14+00:00\",\"breadcrumb\":{\"@id\":\"https:\\\/\\\/www.akuryprodukte.de\\\/en\\\/shop\\\/hnn-ix-nervus-glossopharyngeus\\\/#breadcrumb\"},\"inLanguage\":\"en-US\",\"potentialAction\":[{\"@type\":\"ReadAction\",\"target\":[\"https:\\\/\\\/www.akuryprodukte.de\\\/en\\\/shop\\\/hnn-ix-nervus-glossopharyngeus\\\/\"]}]},{\"@type\":\"ImageObject\",\"inLanguage\":\"en-US\",\"@id\":\"https:\\\/\\\/www.akuryprodukte.de\\\/en\\\/shop\\\/hnn-ix-nervus-glossopharyngeus\\\/#primaryimage\",\"url\":\"https:\\\/\\\/www.akuryprodukte.de\\\/wp-content\\\/uploads\\\/2023\\\/10\\\/HNN-IX-neu.png\",\"contentUrl\":\"https:\\\/\\\/www.akuryprodukte.de\\\/wp-content\\\/uploads\\\/2023\\\/10\\\/HNN-IX-neu.png\",\"width\":575,\"height\":575},{\"@type\":\"BreadcrumbList\",\"@id\":\"https:\\\/\\\/www.akuryprodukte.de\\\/en\\\/shop\\\/hnn-ix-nervus-glossopharyngeus\\\/#breadcrumb\",\"itemListElement\":[{\"@type\":\"ListItem\",\"position\":1,\"name\":\"Startseite\",\"item\":\"https:\\\/\\\/www.akuryprodukte.de\\\/en\\\/\"},{\"@type\":\"ListItem\",\"position\":2,\"name\":\"Shop\",\"item\":\"https:\\\/\\\/www.akuryprodukte.de\\\/en\\\/shop-en\\\/\"},{\"@type\":\"ListItem\",\"position\":3,\"name\":\"HNN IX Nervus glossopharyngeus\"}]},{\"@type\":\"WebSite\",\"@id\":\"https:\\\/\\\/www.akuryprodukte.de\\\/en\\\/#website\",\"url\":\"https:\\\/\\\/www.akuryprodukte.de\\\/en\\\/\",\"name\":\"akury\",\"description\":\"Produkte f\u00fcr Ihr Wohlbefinden\",\"publisher\":{\"@id\":\"https:\\\/\\\/www.akuryprodukte.de\\\/en\\\/#organization\"},\"potentialAction\":[{\"@type\":\"SearchAction\",\"target\":{\"@type\":\"EntryPoint\",\"urlTemplate\":\"https:\\\/\\\/www.akuryprodukte.de\\\/en\\\/?s={search_term_string}\"},\"query-input\":{\"@type\":\"PropertyValueSpecification\",\"valueRequired\":true,\"valueName\":\"search_term_string\"}}],\"inLanguage\":\"en-US\"},{\"@type\":\"Organization\",\"@id\":\"https:\\\/\\\/www.akuryprodukte.de\\\/en\\\/#organization\",\"name\":\"AkuRy GmbH\",\"url\":\"https:\\\/\\\/www.akuryprodukte.de\\\/en\\\/\",\"logo\":{\"@type\":\"ImageObject\",\"inLanguage\":\"en-US\",\"@id\":\"https:\\\/\\\/www.akuryprodukte.de\\\/en\\\/#\\\/schema\\\/logo\\\/image\\\/\",\"url\":\"https:\\\/\\\/www.akuryprodukte.de\\\/wp-content\\\/uploads\\\/2020\\\/09\\\/Logo_AKY-p-512.jpg\",\"contentUrl\":\"https:\\\/\\\/www.akuryprodukte.de\\\/wp-content\\\/uploads\\\/2020\\\/09\\\/Logo_AKY-p-512.jpg\",\"width\":512,\"height\":512,\"caption\":\"AkuRy GmbH\"},\"image\":{\"@id\":\"https:\\\/\\\/www.akuryprodukte.de\\\/en\\\/#\\\/schema\\\/logo\\\/image\\\/\"},\"sameAs\":[\"https:\\\/\\\/de-de.facebook.com\\\/bioenergetischesinformationsmanagement\\\/\",\"https:\\\/\\\/x.com\\\/heiko_wenner\",\"https:\\\/\\\/www.instagram.com\\\/akury_gmbh\\\/\",\"https:\\\/\\\/www.youtube.com\\\/channel\\\/UCyItRPbJUon1m0Gq6kV2Izw\"]}]}<\/script>\n<!-- \/ Yoast SEO plugin. -->","yoast_head_json":{"title":"HNN IX Nervus glossopharyngeus - akury","robots":{"index":"index","follow":"follow","max-snippet":"max-snippet:-1","max-image-preview":"max-image-preview:large","max-video-preview":"max-video-preview:-1"},"canonical":"https:\/\/www.akuryprodukte.de\/en\/shop\/hnn-ix-nervus-glossopharyngeus\/","og_locale":"en_US","og_type":"article","og_title":"HNN IX Nervus glossopharyngeus - akury","og_description":"IX HNN Nervus glossopharyngeus (Zungen-Rachen-Nerv) Der Nervus glossopharyngeus (Zungen-Rachen-Nerv) ist der\u00a0IX. Hirnnerv. Es handelt sich somit um einen komplexen Hirnnerven, der in die vegetative, sensible\u00a0und gustatorische Versorgung eingebunden ist. Durch den Ausfall des Nerven entf\u00e4llt die sensible Innervation des Rachens, so dass der W\u00fcrgereflex nicht mehr ausl\u00f6sbar ist. Ein weiteres Kennzeichen ist die fehlende Geschmacksempfindungen [&hellip;]","og_url":"https:\/\/www.akuryprodukte.de\/en\/shop\/hnn-ix-nervus-glossopharyngeus\/","og_site_name":"akury","article_publisher":"https:\/\/de-de.facebook.com\/bioenergetischesinformationsmanagement\/","article_modified_time":"2023-10-17T16:11:14+00:00","og_image":[{"width":575,"height":575,"url":"https:\/\/www.akuryprodukte.de\/wp-content\/uploads\/2023\/10\/HNN-IX-neu.png","type":"image\/png"}],"twitter_card":"summary_large_image","twitter_site":"@heiko_wenner","twitter_misc":{"Est. reading time":"1 minute"},"schema":{"@context":"https:\/\/schema.org","@graph":[{"@type":"WebPage","@id":"https:\/\/www.akuryprodukte.de\/en\/shop\/hnn-ix-nervus-glossopharyngeus\/","url":"https:\/\/www.akuryprodukte.de\/en\/shop\/hnn-ix-nervus-glossopharyngeus\/","name":"HNN IX Nervus glossopharyngeus - akury","isPartOf":{"@id":"https:\/\/www.akuryprodukte.de\/en\/#website"},"primaryImageOfPage":{"@id":"https:\/\/www.akuryprodukte.de\/en\/shop\/hnn-ix-nervus-glossopharyngeus\/#primaryimage"},"image":{"@id":"https:\/\/www.akuryprodukte.de\/en\/shop\/hnn-ix-nervus-glossopharyngeus\/#primaryimage"},"thumbnailUrl":"https:\/\/www.akuryprodukte.de\/wp-content\/uploads\/2023\/10\/HNN-IX-neu.png","datePublished":"2023-10-17T16:03:28+00:00","dateModified":"2023-10-17T16:11:14+00:00","breadcrumb":{"@id":"https:\/\/www.akuryprodukte.de\/en\/shop\/hnn-ix-nervus-glossopharyngeus\/#breadcrumb"},"inLanguage":"en-US","potentialAction":[{"@type":"ReadAction","target":["https:\/\/www.akuryprodukte.de\/en\/shop\/hnn-ix-nervus-glossopharyngeus\/"]}]},{"@type":"ImageObject","inLanguage":"en-US","@id":"https:\/\/www.akuryprodukte.de\/en\/shop\/hnn-ix-nervus-glossopharyngeus\/#primaryimage","url":"https:\/\/www.akuryprodukte.de\/wp-content\/uploads\/2023\/10\/HNN-IX-neu.png","contentUrl":"https:\/\/www.akuryprodukte.de\/wp-content\/uploads\/2023\/10\/HNN-IX-neu.png","width":575,"height":575},{"@type":"BreadcrumbList","@id":"https:\/\/www.akuryprodukte.de\/en\/shop\/hnn-ix-nervus-glossopharyngeus\/#breadcrumb","itemListElement":[{"@type":"ListItem","position":1,"name":"Startseite","item":"https:\/\/www.akuryprodukte.de\/en\/"},{"@type":"ListItem","position":2,"name":"Shop","item":"https:\/\/www.akuryprodukte.de\/en\/shop-en\/"},{"@type":"ListItem","position":3,"name":"HNN IX Nervus glossopharyngeus"}]},{"@type":"WebSite","@id":"https:\/\/www.akuryprodukte.de\/en\/#website","url":"https:\/\/www.akuryprodukte.de\/en\/","name":"akury","description":"Produkte f\u00fcr Ihr Wohlbefinden","publisher":{"@id":"https:\/\/www.akuryprodukte.de\/en\/#organization"},"potentialAction":[{"@type":"SearchAction","target":{"@type":"EntryPoint","urlTemplate":"https:\/\/www.akuryprodukte.de\/en\/?s={search_term_string}"},"query-input":{"@type":"PropertyValueSpecification","valueRequired":true,"valueName":"search_term_string"}}],"inLanguage":"en-US"},{"@type":"Organization","@id":"https:\/\/www.akuryprodukte.de\/en\/#organization","name":"AkuRy GmbH","url":"https:\/\/www.akuryprodukte.de\/en\/","logo":{"@type":"ImageObject","inLanguage":"en-US","@id":"https:\/\/www.akuryprodukte.de\/en\/#\/schema\/logo\/image\/","url":"https:\/\/www.akuryprodukte.de\/wp-content\/uploads\/2020\/09\/Logo_AKY-p-512.jpg","contentUrl":"https:\/\/www.akuryprodukte.de\/wp-content\/uploads\/2020\/09\/Logo_AKY-p-512.jpg","width":512,"height":512,"caption":"AkuRy GmbH"},"image":{"@id":"https:\/\/www.akuryprodukte.de\/en\/#\/schema\/logo\/image\/"},"sameAs":["https:\/\/de-de.facebook.com\/bioenergetischesinformationsmanagement\/","https:\/\/x.com\/heiko_wenner","https:\/\/www.instagram.com\/akury_gmbh\/","https:\/\/www.youtube.com\/channel\/UCyItRPbJUon1m0Gq6kV2Izw"]}]}},"_links":{"self":[{"href":"https:\/\/www.akuryprodukte.de\/en\/wp-json\/wp\/v2\/product\/18721","targetHints":{"allow":["GET"]}}],"collection":[{"href":"https:\/\/www.akuryprodukte.de\/en\/wp-json\/wp\/v2\/product"}],"about":[{"href":"https:\/\/www.akuryprodukte.de\/en\/wp-json\/wp\/v2\/types\/product"}],"replies":[{"embeddable":true,"href":"https:\/\/www.akuryprodukte.de\/en\/wp-json\/wp\/v2\/comments?post=18721"}],"wp:featuredmedia":[{"embeddable":true,"href":"https:\/\/www.akuryprodukte.de\/en\/wp-json\/wp\/v2\/media\/18729"}],"wp:attachment":[{"href":"https:\/\/www.akuryprodukte.de\/en\/wp-json\/wp\/v2\/media?parent=18721"}],"wp:term":[{"taxonomy":"product_brand","embeddable":true,"href":"https:\/\/www.akuryprodukte.de\/en\/wp-json\/wp\/v2\/product_brand?post=18721"},{"taxonomy":"product_cat","embeddable":true,"href":"https:\/\/www.akuryprodukte.de\/en\/wp-json\/wp\/v2\/product_cat?post=18721"},{"taxonomy":"product_tag","embeddable":true,"href":"https:\/\/www.akuryprodukte.de\/en\/wp-json\/wp\/v2\/product_tag?post=18721"}],"curies":[{"name":"wp","href":"https:\/\/api.w.org\/{rel}","templated":true}]}}