{"id":18851,"date":"2023-10-31T10:14:57","date_gmt":"2023-10-31T09:14:57","guid":{"rendered":"https:\/\/www.akuryprodukte.de\/?post_type=product&#038;p=18851"},"modified":"2023-10-31T10:30:18","modified_gmt":"2023-10-31T09:30:18","slug":"s-38-gelsemium-sempervirens-wilder-jasmin","status":"publish","type":"product","link":"https:\/\/www.akuryprodukte.de\/en\/shop\/s-38-gelsemium-sempervirens-wilder-jasmin\/","title":{"rendered":"S 38 Gelsemium sempervirens (Wilder Jasmin)"},"content":{"rendered":"<p><strong>S 38 Gelsemium sempervirens (Wilder Jasmin)<\/strong><\/p>\n<p>Gelsemium ist eine wichtige spagyrische Essenz bei fieberhaften Infektionen und Nervenst\u00f6rungen verschiedenster Art. Die Essenz passt bei grippalen Infekten mit deutlicher Nervenbeteiligung. Eine solche zeigt sich u.a. in Kopfschmerzen, Benommenheit und apathischer Tr\u00e4gheit.<\/p>\n<p><strong>Transformationsziele (K\u00f6rperliche Ebene)<\/strong><\/p>\n<p>\u2013 Die Nervenfunktionen bei fieberhaften Infekten aktiv und stabil halten k\u00f6nnen.<\/p>\n<p>\u2013 Ausfallserscheinungen im Nervensystem ausgleichen und die Funktionen harmonisieren.<\/p>\n<p>\u2013 Das Herz-Kreislaufsystem bei witterungsbedingten St\u00f6reinfl\u00fcssen widerstandsf\u00e4hig halten.<\/p>\n<p><strong>\u00a0<\/strong><\/p>\n<p><strong>Transformationsziele (Seelisch, geistige Ebene)<\/strong><\/p>\n<p>\u2013 Innere Stabilit\u00e4t und Sicherheit entwickeln.<\/p>\n<p>\u2013 Blockierende Reaktionsmuster \u00fcberwinden.<\/p>\n<p>\u2013 Die Zuversicht finden, sich auf sich selbst verlassen zu k\u00f6nnen.<\/p>\n<p>&nbsp;<\/p>\n<p>Der Chip soll die Transformationsziele des Wilden Jasmin auf allen Ebenen unterst\u00fctzen.<\/p>\n","protected":false},"excerpt":{"rendered":"<p>S 38 Gelsemium sempervirens (Wilder Jasmin) Gelsemium ist eine wichtige spagyrische Essenz bei fieberhaften Infektionen und Nervenst\u00f6rungen verschiedenster Art. Die Essenz passt bei grippalen Infekten mit deutlicher Nervenbeteiligung. Eine solche zeigt sich u.a. in Kopfschmerzen, Benommenheit und apathischer Tr\u00e4gheit. Transformationsziele (K\u00f6rperliche Ebene) \u2013 Die Nervenfunktionen bei fieberhaften Infekten aktiv und stabil halten k\u00f6nnen. \u2013 Ausfallserscheinungen [&hellip;]<\/p>\n","protected":false},"featured_media":18852,"comment_status":"open","ping_status":"closed","template":"","meta":[],"product_brand":[],"product_cat":[3011,3005,1367,1705],"product_tag":[],"class_list":{"0":"post-18851","1":"product","2":"type-product","3":"status-publish","4":"has-post-thumbnail","6":"product_cat-info-chips-infektion-entzuendung","7":"product_cat-info-chips-schmerzen","8":"product_cat-info-chips-spagyrik","9":"product_cat-info-chips-spagyrik-essenzen","11":"first","12":"instock","13":"taxable","14":"shipping-taxable","15":"purchasable","16":"product-type-simple"},"yoast_head":"<!-- This site is optimized with the Yoast SEO plugin v27.3 - https:\/\/yoast.com\/product\/yoast-seo-wordpress\/ -->\n<title>S 38 Gelsemium sempervirens (Wilder Jasmin) - akury<\/title>\n<meta name=\"robots\" content=\"index, follow, max-snippet:-1, max-image-preview:large, max-video-preview:-1\" \/>\n<link rel=\"canonical\" href=\"https:\/\/www.akuryprodukte.de\/en\/shop\/s-38-gelsemium-sempervirens-wilder-jasmin\/\" \/>\n<meta property=\"og:locale\" content=\"en_US\" \/>\n<meta property=\"og:type\" content=\"article\" \/>\n<meta property=\"og:title\" content=\"S 38 Gelsemium sempervirens (Wilder Jasmin) - akury\" \/>\n<meta property=\"og:description\" content=\"S 38 Gelsemium sempervirens (Wilder Jasmin) Gelsemium ist eine wichtige spagyrische Essenz bei fieberhaften Infektionen und Nervenst\u00f6rungen verschiedenster Art. Die Essenz passt bei grippalen Infekten mit deutlicher Nervenbeteiligung. Eine solche zeigt sich u.a. in Kopfschmerzen, Benommenheit und apathischer Tr\u00e4gheit. Transformationsziele (K\u00f6rperliche Ebene) \u2013 Die Nervenfunktionen bei fieberhaften Infekten aktiv und stabil halten k\u00f6nnen. \u2013 Ausfallserscheinungen [&hellip;]\" \/>\n<meta property=\"og:url\" content=\"https:\/\/www.akuryprodukte.de\/en\/shop\/s-38-gelsemium-sempervirens-wilder-jasmin\/\" \/>\n<meta property=\"og:site_name\" content=\"akury\" \/>\n<meta property=\"article:publisher\" content=\"https:\/\/de-de.facebook.com\/bioenergetischesinformationsmanagement\/\" \/>\n<meta property=\"article:modified_time\" content=\"2023-10-31T09:30:18+00:00\" \/>\n<meta property=\"og:image\" content=\"https:\/\/www.akuryprodukte.de\/wp-content\/uploads\/2023\/10\/S-38.png\" \/>\n\t<meta property=\"og:image:width\" content=\"575\" \/>\n\t<meta property=\"og:image:height\" content=\"575\" \/>\n\t<meta property=\"og:image:type\" content=\"image\/png\" \/>\n<meta name=\"twitter:card\" content=\"summary_large_image\" \/>\n<meta name=\"twitter:site\" content=\"@heiko_wenner\" \/>\n<meta name=\"twitter:label1\" content=\"Est. reading time\" \/>\n\t<meta name=\"twitter:data1\" content=\"1 minute\" \/>\n<script type=\"application\/ld+json\" class=\"yoast-schema-graph\">{\"@context\":\"https:\\\/\\\/schema.org\",\"@graph\":[{\"@type\":\"WebPage\",\"@id\":\"https:\\\/\\\/www.akuryprodukte.de\\\/en\\\/shop\\\/s-38-gelsemium-sempervirens-wilder-jasmin\\\/\",\"url\":\"https:\\\/\\\/www.akuryprodukte.de\\\/en\\\/shop\\\/s-38-gelsemium-sempervirens-wilder-jasmin\\\/\",\"name\":\"S 38 Gelsemium sempervirens (Wilder Jasmin) - akury\",\"isPartOf\":{\"@id\":\"https:\\\/\\\/www.akuryprodukte.de\\\/en\\\/#website\"},\"primaryImageOfPage\":{\"@id\":\"https:\\\/\\\/www.akuryprodukte.de\\\/en\\\/shop\\\/s-38-gelsemium-sempervirens-wilder-jasmin\\\/#primaryimage\"},\"image\":{\"@id\":\"https:\\\/\\\/www.akuryprodukte.de\\\/en\\\/shop\\\/s-38-gelsemium-sempervirens-wilder-jasmin\\\/#primaryimage\"},\"thumbnailUrl\":\"https:\\\/\\\/www.akuryprodukte.de\\\/wp-content\\\/uploads\\\/2023\\\/10\\\/S-38.png\",\"datePublished\":\"2023-10-31T09:14:57+00:00\",\"dateModified\":\"2023-10-31T09:30:18+00:00\",\"breadcrumb\":{\"@id\":\"https:\\\/\\\/www.akuryprodukte.de\\\/en\\\/shop\\\/s-38-gelsemium-sempervirens-wilder-jasmin\\\/#breadcrumb\"},\"inLanguage\":\"en-US\",\"potentialAction\":[{\"@type\":\"ReadAction\",\"target\":[\"https:\\\/\\\/www.akuryprodukte.de\\\/en\\\/shop\\\/s-38-gelsemium-sempervirens-wilder-jasmin\\\/\"]}]},{\"@type\":\"ImageObject\",\"inLanguage\":\"en-US\",\"@id\":\"https:\\\/\\\/www.akuryprodukte.de\\\/en\\\/shop\\\/s-38-gelsemium-sempervirens-wilder-jasmin\\\/#primaryimage\",\"url\":\"https:\\\/\\\/www.akuryprodukte.de\\\/wp-content\\\/uploads\\\/2023\\\/10\\\/S-38.png\",\"contentUrl\":\"https:\\\/\\\/www.akuryprodukte.de\\\/wp-content\\\/uploads\\\/2023\\\/10\\\/S-38.png\",\"width\":575,\"height\":575},{\"@type\":\"BreadcrumbList\",\"@id\":\"https:\\\/\\\/www.akuryprodukte.de\\\/en\\\/shop\\\/s-38-gelsemium-sempervirens-wilder-jasmin\\\/#breadcrumb\",\"itemListElement\":[{\"@type\":\"ListItem\",\"position\":1,\"name\":\"Startseite\",\"item\":\"https:\\\/\\\/www.akuryprodukte.de\\\/en\\\/\"},{\"@type\":\"ListItem\",\"position\":2,\"name\":\"Shop\",\"item\":\"https:\\\/\\\/www.akuryprodukte.de\\\/en\\\/shop-en\\\/\"},{\"@type\":\"ListItem\",\"position\":3,\"name\":\"S 38 Gelsemium sempervirens (Wilder Jasmin)\"}]},{\"@type\":\"WebSite\",\"@id\":\"https:\\\/\\\/www.akuryprodukte.de\\\/en\\\/#website\",\"url\":\"https:\\\/\\\/www.akuryprodukte.de\\\/en\\\/\",\"name\":\"akury\",\"description\":\"Produkte f\u00fcr Ihr Wohlbefinden\",\"publisher\":{\"@id\":\"https:\\\/\\\/www.akuryprodukte.de\\\/en\\\/#organization\"},\"potentialAction\":[{\"@type\":\"SearchAction\",\"target\":{\"@type\":\"EntryPoint\",\"urlTemplate\":\"https:\\\/\\\/www.akuryprodukte.de\\\/en\\\/?s={search_term_string}\"},\"query-input\":{\"@type\":\"PropertyValueSpecification\",\"valueRequired\":true,\"valueName\":\"search_term_string\"}}],\"inLanguage\":\"en-US\"},{\"@type\":\"Organization\",\"@id\":\"https:\\\/\\\/www.akuryprodukte.de\\\/en\\\/#organization\",\"name\":\"AkuRy GmbH\",\"url\":\"https:\\\/\\\/www.akuryprodukte.de\\\/en\\\/\",\"logo\":{\"@type\":\"ImageObject\",\"inLanguage\":\"en-US\",\"@id\":\"https:\\\/\\\/www.akuryprodukte.de\\\/en\\\/#\\\/schema\\\/logo\\\/image\\\/\",\"url\":\"https:\\\/\\\/www.akuryprodukte.de\\\/wp-content\\\/uploads\\\/2020\\\/09\\\/Logo_AKY-p-512.jpg\",\"contentUrl\":\"https:\\\/\\\/www.akuryprodukte.de\\\/wp-content\\\/uploads\\\/2020\\\/09\\\/Logo_AKY-p-512.jpg\",\"width\":512,\"height\":512,\"caption\":\"AkuRy GmbH\"},\"image\":{\"@id\":\"https:\\\/\\\/www.akuryprodukte.de\\\/en\\\/#\\\/schema\\\/logo\\\/image\\\/\"},\"sameAs\":[\"https:\\\/\\\/de-de.facebook.com\\\/bioenergetischesinformationsmanagement\\\/\",\"https:\\\/\\\/x.com\\\/heiko_wenner\",\"https:\\\/\\\/www.instagram.com\\\/akury_gmbh\\\/\",\"https:\\\/\\\/www.youtube.com\\\/channel\\\/UCyItRPbJUon1m0Gq6kV2Izw\"]}]}<\/script>\n<!-- \/ Yoast SEO plugin. -->","yoast_head_json":{"title":"S 38 Gelsemium sempervirens (Wilder Jasmin) - akury","robots":{"index":"index","follow":"follow","max-snippet":"max-snippet:-1","max-image-preview":"max-image-preview:large","max-video-preview":"max-video-preview:-1"},"canonical":"https:\/\/www.akuryprodukte.de\/en\/shop\/s-38-gelsemium-sempervirens-wilder-jasmin\/","og_locale":"en_US","og_type":"article","og_title":"S 38 Gelsemium sempervirens (Wilder Jasmin) - akury","og_description":"S 38 Gelsemium sempervirens (Wilder Jasmin) Gelsemium ist eine wichtige spagyrische Essenz bei fieberhaften Infektionen und Nervenst\u00f6rungen verschiedenster Art. Die Essenz passt bei grippalen Infekten mit deutlicher Nervenbeteiligung. Eine solche zeigt sich u.a. in Kopfschmerzen, Benommenheit und apathischer Tr\u00e4gheit. Transformationsziele (K\u00f6rperliche Ebene) \u2013 Die Nervenfunktionen bei fieberhaften Infekten aktiv und stabil halten k\u00f6nnen. \u2013 Ausfallserscheinungen [&hellip;]","og_url":"https:\/\/www.akuryprodukte.de\/en\/shop\/s-38-gelsemium-sempervirens-wilder-jasmin\/","og_site_name":"akury","article_publisher":"https:\/\/de-de.facebook.com\/bioenergetischesinformationsmanagement\/","article_modified_time":"2023-10-31T09:30:18+00:00","og_image":[{"width":575,"height":575,"url":"https:\/\/www.akuryprodukte.de\/wp-content\/uploads\/2023\/10\/S-38.png","type":"image\/png"}],"twitter_card":"summary_large_image","twitter_site":"@heiko_wenner","twitter_misc":{"Est. reading time":"1 minute"},"schema":{"@context":"https:\/\/schema.org","@graph":[{"@type":"WebPage","@id":"https:\/\/www.akuryprodukte.de\/en\/shop\/s-38-gelsemium-sempervirens-wilder-jasmin\/","url":"https:\/\/www.akuryprodukte.de\/en\/shop\/s-38-gelsemium-sempervirens-wilder-jasmin\/","name":"S 38 Gelsemium sempervirens (Wilder Jasmin) - akury","isPartOf":{"@id":"https:\/\/www.akuryprodukte.de\/en\/#website"},"primaryImageOfPage":{"@id":"https:\/\/www.akuryprodukte.de\/en\/shop\/s-38-gelsemium-sempervirens-wilder-jasmin\/#primaryimage"},"image":{"@id":"https:\/\/www.akuryprodukte.de\/en\/shop\/s-38-gelsemium-sempervirens-wilder-jasmin\/#primaryimage"},"thumbnailUrl":"https:\/\/www.akuryprodukte.de\/wp-content\/uploads\/2023\/10\/S-38.png","datePublished":"2023-10-31T09:14:57+00:00","dateModified":"2023-10-31T09:30:18+00:00","breadcrumb":{"@id":"https:\/\/www.akuryprodukte.de\/en\/shop\/s-38-gelsemium-sempervirens-wilder-jasmin\/#breadcrumb"},"inLanguage":"en-US","potentialAction":[{"@type":"ReadAction","target":["https:\/\/www.akuryprodukte.de\/en\/shop\/s-38-gelsemium-sempervirens-wilder-jasmin\/"]}]},{"@type":"ImageObject","inLanguage":"en-US","@id":"https:\/\/www.akuryprodukte.de\/en\/shop\/s-38-gelsemium-sempervirens-wilder-jasmin\/#primaryimage","url":"https:\/\/www.akuryprodukte.de\/wp-content\/uploads\/2023\/10\/S-38.png","contentUrl":"https:\/\/www.akuryprodukte.de\/wp-content\/uploads\/2023\/10\/S-38.png","width":575,"height":575},{"@type":"BreadcrumbList","@id":"https:\/\/www.akuryprodukte.de\/en\/shop\/s-38-gelsemium-sempervirens-wilder-jasmin\/#breadcrumb","itemListElement":[{"@type":"ListItem","position":1,"name":"Startseite","item":"https:\/\/www.akuryprodukte.de\/en\/"},{"@type":"ListItem","position":2,"name":"Shop","item":"https:\/\/www.akuryprodukte.de\/en\/shop-en\/"},{"@type":"ListItem","position":3,"name":"S 38 Gelsemium sempervirens (Wilder Jasmin)"}]},{"@type":"WebSite","@id":"https:\/\/www.akuryprodukte.de\/en\/#website","url":"https:\/\/www.akuryprodukte.de\/en\/","name":"akury","description":"Produkte f\u00fcr Ihr Wohlbefinden","publisher":{"@id":"https:\/\/www.akuryprodukte.de\/en\/#organization"},"potentialAction":[{"@type":"SearchAction","target":{"@type":"EntryPoint","urlTemplate":"https:\/\/www.akuryprodukte.de\/en\/?s={search_term_string}"},"query-input":{"@type":"PropertyValueSpecification","valueRequired":true,"valueName":"search_term_string"}}],"inLanguage":"en-US"},{"@type":"Organization","@id":"https:\/\/www.akuryprodukte.de\/en\/#organization","name":"AkuRy GmbH","url":"https:\/\/www.akuryprodukte.de\/en\/","logo":{"@type":"ImageObject","inLanguage":"en-US","@id":"https:\/\/www.akuryprodukte.de\/en\/#\/schema\/logo\/image\/","url":"https:\/\/www.akuryprodukte.de\/wp-content\/uploads\/2020\/09\/Logo_AKY-p-512.jpg","contentUrl":"https:\/\/www.akuryprodukte.de\/wp-content\/uploads\/2020\/09\/Logo_AKY-p-512.jpg","width":512,"height":512,"caption":"AkuRy GmbH"},"image":{"@id":"https:\/\/www.akuryprodukte.de\/en\/#\/schema\/logo\/image\/"},"sameAs":["https:\/\/de-de.facebook.com\/bioenergetischesinformationsmanagement\/","https:\/\/x.com\/heiko_wenner","https:\/\/www.instagram.com\/akury_gmbh\/","https:\/\/www.youtube.com\/channel\/UCyItRPbJUon1m0Gq6kV2Izw"]}]}},"_links":{"self":[{"href":"https:\/\/www.akuryprodukte.de\/en\/wp-json\/wp\/v2\/product\/18851","targetHints":{"allow":["GET"]}}],"collection":[{"href":"https:\/\/www.akuryprodukte.de\/en\/wp-json\/wp\/v2\/product"}],"about":[{"href":"https:\/\/www.akuryprodukte.de\/en\/wp-json\/wp\/v2\/types\/product"}],"replies":[{"embeddable":true,"href":"https:\/\/www.akuryprodukte.de\/en\/wp-json\/wp\/v2\/comments?post=18851"}],"wp:featuredmedia":[{"embeddable":true,"href":"https:\/\/www.akuryprodukte.de\/en\/wp-json\/wp\/v2\/media\/18852"}],"wp:attachment":[{"href":"https:\/\/www.akuryprodukte.de\/en\/wp-json\/wp\/v2\/media?parent=18851"}],"wp:term":[{"taxonomy":"product_brand","embeddable":true,"href":"https:\/\/www.akuryprodukte.de\/en\/wp-json\/wp\/v2\/product_brand?post=18851"},{"taxonomy":"product_cat","embeddable":true,"href":"https:\/\/www.akuryprodukte.de\/en\/wp-json\/wp\/v2\/product_cat?post=18851"},{"taxonomy":"product_tag","embeddable":true,"href":"https:\/\/www.akuryprodukte.de\/en\/wp-json\/wp\/v2\/product_tag?post=18851"}],"curies":[{"name":"wp","href":"https:\/\/api.w.org\/{rel}","templated":true}]}}