{"id":18866,"date":"2023-10-31T16:02:27","date_gmt":"2023-10-31T15:02:27","guid":{"rendered":"https:\/\/www.akuryprodukte.de\/?post_type=product&#038;p=18866"},"modified":"2023-10-31T16:08:46","modified_gmt":"2023-10-31T15:08:46","slug":"s-40-ginkgo-biloba-ginkgobaum","status":"publish","type":"product","link":"https:\/\/www.akuryprodukte.de\/en\/shop\/s-40-ginkgo-biloba-ginkgobaum\/","title":{"rendered":"S 40 Ginkgo biloba (Ginkgobaum)"},"content":{"rendered":"<p><strong>S 40 Ginkgo biloba (Ginkgobaum)<\/strong><\/p>\n<p><strong>Ginkgo\u00a0<\/strong>zeigt gute Wirkungen bei Beschwerden, die auf St\u00f6rungen in der arteriellen Durchblutung zur\u00fcckzuf\u00fchren sind. Dazu z\u00e4hlen Durchblutungsst\u00f6rungen im Gehirn (auch altersbedingt), im Ohrbereich und in den Beinen. Damit hilft Ginkgo u.a. bei Schwindel, Ged\u00e4chtnisst\u00f6rungen, kalten H\u00e4nden und F\u00fcssen, Wadenschmerzen und Ohrensausen. Die Essenz stabilisiert die Gef\u00e4\u00dfe und erh\u00f6hte die Flie\u00dfeigenschaft des Blutes.<\/p>\n<p><strong>Transformationsziele k\u00f6rperlich:<\/strong><\/p>\n<p>\u2013 Die Arterien gut durchbluten und die Blutversorgung aufrechterhalten k\u00f6nnen.<\/p>\n<p>\u2013 Im Alter die geistigen F\u00e4higkeiten stabil halten.<\/p>\n<p>\u2013 Konzentriert arbeiten und geistig leistungsf\u00e4hig bleiben.<\/p>\n<p><strong>Transformationsziele geistig, seelisch:<\/strong><\/p>\n<p>\u2013 Konzentriert und selbstsicher eigene Anspr\u00fcche vertreten.<\/p>\n<p>\u2013 Ein positives Selbstbild entwickeln k\u00f6nnen.<\/p>\n<p>\u2013 Sich aus vermeintlich falscher Verantwortung l\u00f6sen.<\/p>\n<p>Der Chip soll die Transformationsziele des Ginkgobaumes auf allen Ebenen unterst\u00fctzen.<\/p>\n","protected":false},"excerpt":{"rendered":"<p>S 40 Ginkgo biloba (Ginkgobaum) Ginkgo\u00a0zeigt gute Wirkungen bei Beschwerden, die auf St\u00f6rungen in der arteriellen Durchblutung zur\u00fcckzuf\u00fchren sind. Dazu z\u00e4hlen Durchblutungsst\u00f6rungen im Gehirn (auch altersbedingt), im Ohrbereich und in den Beinen. Damit hilft Ginkgo u.a. bei Schwindel, Ged\u00e4chtnisst\u00f6rungen, kalten H\u00e4nden und F\u00fcssen, Wadenschmerzen und Ohrensausen. Die Essenz stabilisiert die Gef\u00e4\u00dfe und erh\u00f6hte die Flie\u00dfeigenschaft [&hellip;]<\/p>\n","protected":false},"featured_media":18867,"comment_status":"open","ping_status":"closed","template":"","meta":[],"product_brand":[],"product_cat":[3010,1367,1705],"product_tag":[],"class_list":{"0":"post-18866","1":"product","2":"type-product","3":"status-publish","4":"has-post-thumbnail","6":"product_cat-info-chips-organe-blutgefaesse-gewebe","7":"product_cat-info-chips-spagyrik","8":"product_cat-info-chips-spagyrik-essenzen","10":"first","11":"instock","12":"taxable","13":"shipping-taxable","14":"purchasable","15":"product-type-simple"},"yoast_head":"<!-- This site is optimized with the Yoast SEO plugin v27.3 - https:\/\/yoast.com\/product\/yoast-seo-wordpress\/ -->\n<title>S 40 Ginkgo biloba (Ginkgobaum) - akury<\/title>\n<meta name=\"robots\" content=\"index, follow, max-snippet:-1, max-image-preview:large, max-video-preview:-1\" \/>\n<link rel=\"canonical\" href=\"https:\/\/www.akuryprodukte.de\/en\/shop\/s-40-ginkgo-biloba-ginkgobaum\/\" \/>\n<meta property=\"og:locale\" content=\"en_US\" \/>\n<meta property=\"og:type\" content=\"article\" \/>\n<meta property=\"og:title\" content=\"S 40 Ginkgo biloba (Ginkgobaum) - akury\" \/>\n<meta property=\"og:description\" content=\"S 40 Ginkgo biloba (Ginkgobaum) Ginkgo\u00a0zeigt gute Wirkungen bei Beschwerden, die auf St\u00f6rungen in der arteriellen Durchblutung zur\u00fcckzuf\u00fchren sind. Dazu z\u00e4hlen Durchblutungsst\u00f6rungen im Gehirn (auch altersbedingt), im Ohrbereich und in den Beinen. Damit hilft Ginkgo u.a. bei Schwindel, Ged\u00e4chtnisst\u00f6rungen, kalten H\u00e4nden und F\u00fcssen, Wadenschmerzen und Ohrensausen. Die Essenz stabilisiert die Gef\u00e4\u00dfe und erh\u00f6hte die Flie\u00dfeigenschaft [&hellip;]\" \/>\n<meta property=\"og:url\" content=\"https:\/\/www.akuryprodukte.de\/en\/shop\/s-40-ginkgo-biloba-ginkgobaum\/\" \/>\n<meta property=\"og:site_name\" content=\"akury\" \/>\n<meta property=\"article:publisher\" content=\"https:\/\/de-de.facebook.com\/bioenergetischesinformationsmanagement\/\" \/>\n<meta property=\"article:modified_time\" content=\"2023-10-31T15:08:46+00:00\" \/>\n<meta property=\"og:image\" content=\"https:\/\/www.akuryprodukte.de\/wp-content\/uploads\/2023\/10\/S-40.png\" \/>\n\t<meta property=\"og:image:width\" content=\"575\" \/>\n\t<meta property=\"og:image:height\" content=\"575\" \/>\n\t<meta property=\"og:image:type\" content=\"image\/png\" \/>\n<meta name=\"twitter:card\" content=\"summary_large_image\" \/>\n<meta name=\"twitter:site\" content=\"@heiko_wenner\" \/>\n<meta name=\"twitter:label1\" content=\"Est. reading time\" \/>\n\t<meta name=\"twitter:data1\" content=\"1 minute\" \/>\n<script type=\"application\/ld+json\" class=\"yoast-schema-graph\">{\"@context\":\"https:\\\/\\\/schema.org\",\"@graph\":[{\"@type\":\"WebPage\",\"@id\":\"https:\\\/\\\/www.akuryprodukte.de\\\/en\\\/shop\\\/s-40-ginkgo-biloba-ginkgobaum\\\/\",\"url\":\"https:\\\/\\\/www.akuryprodukte.de\\\/en\\\/shop\\\/s-40-ginkgo-biloba-ginkgobaum\\\/\",\"name\":\"S 40 Ginkgo biloba (Ginkgobaum) - akury\",\"isPartOf\":{\"@id\":\"https:\\\/\\\/www.akuryprodukte.de\\\/en\\\/#website\"},\"primaryImageOfPage\":{\"@id\":\"https:\\\/\\\/www.akuryprodukte.de\\\/en\\\/shop\\\/s-40-ginkgo-biloba-ginkgobaum\\\/#primaryimage\"},\"image\":{\"@id\":\"https:\\\/\\\/www.akuryprodukte.de\\\/en\\\/shop\\\/s-40-ginkgo-biloba-ginkgobaum\\\/#primaryimage\"},\"thumbnailUrl\":\"https:\\\/\\\/www.akuryprodukte.de\\\/wp-content\\\/uploads\\\/2023\\\/10\\\/S-40.png\",\"datePublished\":\"2023-10-31T15:02:27+00:00\",\"dateModified\":\"2023-10-31T15:08:46+00:00\",\"breadcrumb\":{\"@id\":\"https:\\\/\\\/www.akuryprodukte.de\\\/en\\\/shop\\\/s-40-ginkgo-biloba-ginkgobaum\\\/#breadcrumb\"},\"inLanguage\":\"en-US\",\"potentialAction\":[{\"@type\":\"ReadAction\",\"target\":[\"https:\\\/\\\/www.akuryprodukte.de\\\/en\\\/shop\\\/s-40-ginkgo-biloba-ginkgobaum\\\/\"]}]},{\"@type\":\"ImageObject\",\"inLanguage\":\"en-US\",\"@id\":\"https:\\\/\\\/www.akuryprodukte.de\\\/en\\\/shop\\\/s-40-ginkgo-biloba-ginkgobaum\\\/#primaryimage\",\"url\":\"https:\\\/\\\/www.akuryprodukte.de\\\/wp-content\\\/uploads\\\/2023\\\/10\\\/S-40.png\",\"contentUrl\":\"https:\\\/\\\/www.akuryprodukte.de\\\/wp-content\\\/uploads\\\/2023\\\/10\\\/S-40.png\",\"width\":575,\"height\":575},{\"@type\":\"BreadcrumbList\",\"@id\":\"https:\\\/\\\/www.akuryprodukte.de\\\/en\\\/shop\\\/s-40-ginkgo-biloba-ginkgobaum\\\/#breadcrumb\",\"itemListElement\":[{\"@type\":\"ListItem\",\"position\":1,\"name\":\"Startseite\",\"item\":\"https:\\\/\\\/www.akuryprodukte.de\\\/en\\\/\"},{\"@type\":\"ListItem\",\"position\":2,\"name\":\"Shop\",\"item\":\"https:\\\/\\\/www.akuryprodukte.de\\\/en\\\/shop-en\\\/\"},{\"@type\":\"ListItem\",\"position\":3,\"name\":\"S 40 Ginkgo biloba (Ginkgobaum)\"}]},{\"@type\":\"WebSite\",\"@id\":\"https:\\\/\\\/www.akuryprodukte.de\\\/en\\\/#website\",\"url\":\"https:\\\/\\\/www.akuryprodukte.de\\\/en\\\/\",\"name\":\"akury\",\"description\":\"Produkte f\u00fcr Ihr Wohlbefinden\",\"publisher\":{\"@id\":\"https:\\\/\\\/www.akuryprodukte.de\\\/en\\\/#organization\"},\"potentialAction\":[{\"@type\":\"SearchAction\",\"target\":{\"@type\":\"EntryPoint\",\"urlTemplate\":\"https:\\\/\\\/www.akuryprodukte.de\\\/en\\\/?s={search_term_string}\"},\"query-input\":{\"@type\":\"PropertyValueSpecification\",\"valueRequired\":true,\"valueName\":\"search_term_string\"}}],\"inLanguage\":\"en-US\"},{\"@type\":\"Organization\",\"@id\":\"https:\\\/\\\/www.akuryprodukte.de\\\/en\\\/#organization\",\"name\":\"AkuRy GmbH\",\"url\":\"https:\\\/\\\/www.akuryprodukte.de\\\/en\\\/\",\"logo\":{\"@type\":\"ImageObject\",\"inLanguage\":\"en-US\",\"@id\":\"https:\\\/\\\/www.akuryprodukte.de\\\/en\\\/#\\\/schema\\\/logo\\\/image\\\/\",\"url\":\"https:\\\/\\\/www.akuryprodukte.de\\\/wp-content\\\/uploads\\\/2020\\\/09\\\/Logo_AKY-p-512.jpg\",\"contentUrl\":\"https:\\\/\\\/www.akuryprodukte.de\\\/wp-content\\\/uploads\\\/2020\\\/09\\\/Logo_AKY-p-512.jpg\",\"width\":512,\"height\":512,\"caption\":\"AkuRy GmbH\"},\"image\":{\"@id\":\"https:\\\/\\\/www.akuryprodukte.de\\\/en\\\/#\\\/schema\\\/logo\\\/image\\\/\"},\"sameAs\":[\"https:\\\/\\\/de-de.facebook.com\\\/bioenergetischesinformationsmanagement\\\/\",\"https:\\\/\\\/x.com\\\/heiko_wenner\",\"https:\\\/\\\/www.instagram.com\\\/akury_gmbh\\\/\",\"https:\\\/\\\/www.youtube.com\\\/channel\\\/UCyItRPbJUon1m0Gq6kV2Izw\"]}]}<\/script>\n<!-- \/ Yoast SEO plugin. -->","yoast_head_json":{"title":"S 40 Ginkgo biloba (Ginkgobaum) - akury","robots":{"index":"index","follow":"follow","max-snippet":"max-snippet:-1","max-image-preview":"max-image-preview:large","max-video-preview":"max-video-preview:-1"},"canonical":"https:\/\/www.akuryprodukte.de\/en\/shop\/s-40-ginkgo-biloba-ginkgobaum\/","og_locale":"en_US","og_type":"article","og_title":"S 40 Ginkgo biloba (Ginkgobaum) - akury","og_description":"S 40 Ginkgo biloba (Ginkgobaum) Ginkgo\u00a0zeigt gute Wirkungen bei Beschwerden, die auf St\u00f6rungen in der arteriellen Durchblutung zur\u00fcckzuf\u00fchren sind. Dazu z\u00e4hlen Durchblutungsst\u00f6rungen im Gehirn (auch altersbedingt), im Ohrbereich und in den Beinen. Damit hilft Ginkgo u.a. bei Schwindel, Ged\u00e4chtnisst\u00f6rungen, kalten H\u00e4nden und F\u00fcssen, Wadenschmerzen und Ohrensausen. Die Essenz stabilisiert die Gef\u00e4\u00dfe und erh\u00f6hte die Flie\u00dfeigenschaft [&hellip;]","og_url":"https:\/\/www.akuryprodukte.de\/en\/shop\/s-40-ginkgo-biloba-ginkgobaum\/","og_site_name":"akury","article_publisher":"https:\/\/de-de.facebook.com\/bioenergetischesinformationsmanagement\/","article_modified_time":"2023-10-31T15:08:46+00:00","og_image":[{"width":575,"height":575,"url":"https:\/\/www.akuryprodukte.de\/wp-content\/uploads\/2023\/10\/S-40.png","type":"image\/png"}],"twitter_card":"summary_large_image","twitter_site":"@heiko_wenner","twitter_misc":{"Est. reading time":"1 minute"},"schema":{"@context":"https:\/\/schema.org","@graph":[{"@type":"WebPage","@id":"https:\/\/www.akuryprodukte.de\/en\/shop\/s-40-ginkgo-biloba-ginkgobaum\/","url":"https:\/\/www.akuryprodukte.de\/en\/shop\/s-40-ginkgo-biloba-ginkgobaum\/","name":"S 40 Ginkgo biloba (Ginkgobaum) - akury","isPartOf":{"@id":"https:\/\/www.akuryprodukte.de\/en\/#website"},"primaryImageOfPage":{"@id":"https:\/\/www.akuryprodukte.de\/en\/shop\/s-40-ginkgo-biloba-ginkgobaum\/#primaryimage"},"image":{"@id":"https:\/\/www.akuryprodukte.de\/en\/shop\/s-40-ginkgo-biloba-ginkgobaum\/#primaryimage"},"thumbnailUrl":"https:\/\/www.akuryprodukte.de\/wp-content\/uploads\/2023\/10\/S-40.png","datePublished":"2023-10-31T15:02:27+00:00","dateModified":"2023-10-31T15:08:46+00:00","breadcrumb":{"@id":"https:\/\/www.akuryprodukte.de\/en\/shop\/s-40-ginkgo-biloba-ginkgobaum\/#breadcrumb"},"inLanguage":"en-US","potentialAction":[{"@type":"ReadAction","target":["https:\/\/www.akuryprodukte.de\/en\/shop\/s-40-ginkgo-biloba-ginkgobaum\/"]}]},{"@type":"ImageObject","inLanguage":"en-US","@id":"https:\/\/www.akuryprodukte.de\/en\/shop\/s-40-ginkgo-biloba-ginkgobaum\/#primaryimage","url":"https:\/\/www.akuryprodukte.de\/wp-content\/uploads\/2023\/10\/S-40.png","contentUrl":"https:\/\/www.akuryprodukte.de\/wp-content\/uploads\/2023\/10\/S-40.png","width":575,"height":575},{"@type":"BreadcrumbList","@id":"https:\/\/www.akuryprodukte.de\/en\/shop\/s-40-ginkgo-biloba-ginkgobaum\/#breadcrumb","itemListElement":[{"@type":"ListItem","position":1,"name":"Startseite","item":"https:\/\/www.akuryprodukte.de\/en\/"},{"@type":"ListItem","position":2,"name":"Shop","item":"https:\/\/www.akuryprodukte.de\/en\/shop-en\/"},{"@type":"ListItem","position":3,"name":"S 40 Ginkgo biloba (Ginkgobaum)"}]},{"@type":"WebSite","@id":"https:\/\/www.akuryprodukte.de\/en\/#website","url":"https:\/\/www.akuryprodukte.de\/en\/","name":"akury","description":"Produkte f\u00fcr Ihr Wohlbefinden","publisher":{"@id":"https:\/\/www.akuryprodukte.de\/en\/#organization"},"potentialAction":[{"@type":"SearchAction","target":{"@type":"EntryPoint","urlTemplate":"https:\/\/www.akuryprodukte.de\/en\/?s={search_term_string}"},"query-input":{"@type":"PropertyValueSpecification","valueRequired":true,"valueName":"search_term_string"}}],"inLanguage":"en-US"},{"@type":"Organization","@id":"https:\/\/www.akuryprodukte.de\/en\/#organization","name":"AkuRy GmbH","url":"https:\/\/www.akuryprodukte.de\/en\/","logo":{"@type":"ImageObject","inLanguage":"en-US","@id":"https:\/\/www.akuryprodukte.de\/en\/#\/schema\/logo\/image\/","url":"https:\/\/www.akuryprodukte.de\/wp-content\/uploads\/2020\/09\/Logo_AKY-p-512.jpg","contentUrl":"https:\/\/www.akuryprodukte.de\/wp-content\/uploads\/2020\/09\/Logo_AKY-p-512.jpg","width":512,"height":512,"caption":"AkuRy GmbH"},"image":{"@id":"https:\/\/www.akuryprodukte.de\/en\/#\/schema\/logo\/image\/"},"sameAs":["https:\/\/de-de.facebook.com\/bioenergetischesinformationsmanagement\/","https:\/\/x.com\/heiko_wenner","https:\/\/www.instagram.com\/akury_gmbh\/","https:\/\/www.youtube.com\/channel\/UCyItRPbJUon1m0Gq6kV2Izw"]}]}},"_links":{"self":[{"href":"https:\/\/www.akuryprodukte.de\/en\/wp-json\/wp\/v2\/product\/18866","targetHints":{"allow":["GET"]}}],"collection":[{"href":"https:\/\/www.akuryprodukte.de\/en\/wp-json\/wp\/v2\/product"}],"about":[{"href":"https:\/\/www.akuryprodukte.de\/en\/wp-json\/wp\/v2\/types\/product"}],"replies":[{"embeddable":true,"href":"https:\/\/www.akuryprodukte.de\/en\/wp-json\/wp\/v2\/comments?post=18866"}],"wp:featuredmedia":[{"embeddable":true,"href":"https:\/\/www.akuryprodukte.de\/en\/wp-json\/wp\/v2\/media\/18867"}],"wp:attachment":[{"href":"https:\/\/www.akuryprodukte.de\/en\/wp-json\/wp\/v2\/media?parent=18866"}],"wp:term":[{"taxonomy":"product_brand","embeddable":true,"href":"https:\/\/www.akuryprodukte.de\/en\/wp-json\/wp\/v2\/product_brand?post=18866"},{"taxonomy":"product_cat","embeddable":true,"href":"https:\/\/www.akuryprodukte.de\/en\/wp-json\/wp\/v2\/product_cat?post=18866"},{"taxonomy":"product_tag","embeddable":true,"href":"https:\/\/www.akuryprodukte.de\/en\/wp-json\/wp\/v2\/product_tag?post=18866"}],"curies":[{"name":"wp","href":"https:\/\/api.w.org\/{rel}","templated":true}]}}