{"id":18894,"date":"2023-11-01T12:10:09","date_gmt":"2023-11-01T11:10:09","guid":{"rendered":"https:\/\/www.akuryprodukte.de\/?post_type=product&#038;p=18894"},"modified":"2023-11-01T12:13:17","modified_gmt":"2023-11-01T11:13:17","slug":"s-42-hydrastis-canadensis-kanadische-gelbwurz","status":"publish","type":"product","link":"https:\/\/www.akuryprodukte.de\/en\/shop\/s-42-hydrastis-canadensis-kanadische-gelbwurz\/","title":{"rendered":"S 42 Hydrastis canadensis (Kanadische Gelbwurz)"},"content":{"rendered":"<p><strong>Hydrastis<\/strong>\u00a0zeigt gute Wirkungen bei Schleimhautentz\u00fcndungen, die zum Chronisch werden neigen. Die Essenz greift dabei am geschw\u00e4chten Stoffwechsel an und aktiviert diesen. Kennzeichen dieser Stoffwechseltr\u00e4gheit ist oft eine Schw\u00e4che. Entz\u00fcndungserscheinungen, bei denen die spagyrische Hydrastis-Essenz h\u00e4ufig eingesetzt wird, sind z.B. Nebenh\u00f6hlenentz\u00fcndungen, Blasenentz\u00fcndungen, Entz\u00fcndungen im Verdauungskanal und im Unterleib.<\/p>\n<p><strong>Transformationsziele k\u00f6rperlich: <\/strong><\/p>\n<p>\u2013 Entz\u00fcndete Schleimh\u00e4ute rasch und folgenlos ausheilen.<\/p>\n<p>\u2013 Chronisch gereizte Schleimh\u00e4ute vor degenerativen Prozessen sch\u00fctzen.<\/p>\n<p>\u2013 Den Organismus bei chronischen Abbauprozessen st\u00e4rken und stabilisieren.<\/p>\n<p>&nbsp;<\/p>\n<p><strong>Transformationsziele geistig-seelisch: <\/strong><\/p>\n<p>\u2013 Vertrauen und Sicherheit in das eigene Leben und seine Umst\u00e4nde entwickeln.<\/p>\n<p>\u2013 Belastende Lebenssituationen klar erkennen und bewusst \u00fcberwinden k\u00f6nnen.<\/p>\n<p>\u2013 Sich als aktiven Teil des Lebens f\u00fchlen und Freude am Leben entwickeln<\/p>\n<p><strong>\u00a0<\/strong><\/p>\n<p>Der Chip soll die Transformationsziele der kanadischen Gelbwurz auf allen Ebenen unterst\u00fctzen.<\/p>\n<p><strong>\u00a0<\/strong><\/p>\n","protected":false},"excerpt":{"rendered":"<p>Hydrastis\u00a0zeigt gute Wirkungen bei Schleimhautentz\u00fcndungen, die zum Chronisch werden neigen. Die Essenz greift dabei am geschw\u00e4chten Stoffwechsel an und aktiviert diesen. Kennzeichen dieser Stoffwechseltr\u00e4gheit ist oft eine Schw\u00e4che. Entz\u00fcndungserscheinungen, bei denen die spagyrische Hydrastis-Essenz h\u00e4ufig eingesetzt wird, sind z.B. Nebenh\u00f6hlenentz\u00fcndungen, Blasenentz\u00fcndungen, Entz\u00fcndungen im Verdauungskanal und im Unterleib. Transformationsziele k\u00f6rperlich: \u2013 Entz\u00fcndete Schleimh\u00e4ute rasch und folgenlos [&hellip;]<\/p>\n","protected":false},"featured_media":18896,"comment_status":"open","ping_status":"closed","template":"","meta":[],"product_brand":[],"product_cat":[3012,3008,1367,1705],"product_tag":[],"class_list":{"0":"post-18894","1":"product","2":"type-product","3":"status-publish","4":"has-post-thumbnail","6":"product_cat-info-chips-frauen-und-maennerprobleme","7":"product_cat-info-chips-stuetz-und-bewegungsapparat-haut-schleimhaut","8":"product_cat-info-chips-spagyrik","9":"product_cat-info-chips-spagyrik-essenzen","11":"first","12":"instock","13":"taxable","14":"shipping-taxable","15":"purchasable","16":"product-type-simple"},"yoast_head":"<!-- This site is optimized with the Yoast SEO plugin v27.3 - https:\/\/yoast.com\/product\/yoast-seo-wordpress\/ -->\n<title>S 42 Hydrastis canadensis (Kanadische Gelbwurz) - akury<\/title>\n<meta name=\"robots\" content=\"index, follow, max-snippet:-1, max-image-preview:large, max-video-preview:-1\" \/>\n<link rel=\"canonical\" href=\"https:\/\/www.akuryprodukte.de\/en\/shop\/s-42-hydrastis-canadensis-kanadische-gelbwurz\/\" \/>\n<meta property=\"og:locale\" content=\"en_US\" \/>\n<meta property=\"og:type\" content=\"article\" \/>\n<meta property=\"og:title\" content=\"S 42 Hydrastis canadensis (Kanadische Gelbwurz) - akury\" \/>\n<meta property=\"og:description\" content=\"Hydrastis\u00a0zeigt gute Wirkungen bei Schleimhautentz\u00fcndungen, die zum Chronisch werden neigen. Die Essenz greift dabei am geschw\u00e4chten Stoffwechsel an und aktiviert diesen. Kennzeichen dieser Stoffwechseltr\u00e4gheit ist oft eine Schw\u00e4che. Entz\u00fcndungserscheinungen, bei denen die spagyrische Hydrastis-Essenz h\u00e4ufig eingesetzt wird, sind z.B. Nebenh\u00f6hlenentz\u00fcndungen, Blasenentz\u00fcndungen, Entz\u00fcndungen im Verdauungskanal und im Unterleib. Transformationsziele k\u00f6rperlich: \u2013 Entz\u00fcndete Schleimh\u00e4ute rasch und folgenlos [&hellip;]\" \/>\n<meta property=\"og:url\" content=\"https:\/\/www.akuryprodukte.de\/en\/shop\/s-42-hydrastis-canadensis-kanadische-gelbwurz\/\" \/>\n<meta property=\"og:site_name\" content=\"akury\" \/>\n<meta property=\"article:publisher\" content=\"https:\/\/de-de.facebook.com\/bioenergetischesinformationsmanagement\/\" \/>\n<meta property=\"article:modified_time\" content=\"2023-11-01T11:13:17+00:00\" \/>\n<meta property=\"og:image\" content=\"https:\/\/www.akuryprodukte.de\/wp-content\/uploads\/2023\/11\/S-42.png\" \/>\n\t<meta property=\"og:image:width\" content=\"575\" \/>\n\t<meta property=\"og:image:height\" content=\"575\" \/>\n\t<meta property=\"og:image:type\" content=\"image\/png\" \/>\n<meta name=\"twitter:card\" content=\"summary_large_image\" \/>\n<meta name=\"twitter:site\" content=\"@heiko_wenner\" \/>\n<meta name=\"twitter:label1\" content=\"Est. reading time\" \/>\n\t<meta name=\"twitter:data1\" content=\"1 minute\" \/>\n<script type=\"application\/ld+json\" class=\"yoast-schema-graph\">{\"@context\":\"https:\\\/\\\/schema.org\",\"@graph\":[{\"@type\":\"WebPage\",\"@id\":\"https:\\\/\\\/www.akuryprodukte.de\\\/en\\\/shop\\\/s-42-hydrastis-canadensis-kanadische-gelbwurz\\\/\",\"url\":\"https:\\\/\\\/www.akuryprodukte.de\\\/en\\\/shop\\\/s-42-hydrastis-canadensis-kanadische-gelbwurz\\\/\",\"name\":\"S 42 Hydrastis canadensis (Kanadische Gelbwurz) - akury\",\"isPartOf\":{\"@id\":\"https:\\\/\\\/www.akuryprodukte.de\\\/en\\\/#website\"},\"primaryImageOfPage\":{\"@id\":\"https:\\\/\\\/www.akuryprodukte.de\\\/en\\\/shop\\\/s-42-hydrastis-canadensis-kanadische-gelbwurz\\\/#primaryimage\"},\"image\":{\"@id\":\"https:\\\/\\\/www.akuryprodukte.de\\\/en\\\/shop\\\/s-42-hydrastis-canadensis-kanadische-gelbwurz\\\/#primaryimage\"},\"thumbnailUrl\":\"https:\\\/\\\/www.akuryprodukte.de\\\/wp-content\\\/uploads\\\/2023\\\/11\\\/S-42.png\",\"datePublished\":\"2023-11-01T11:10:09+00:00\",\"dateModified\":\"2023-11-01T11:13:17+00:00\",\"breadcrumb\":{\"@id\":\"https:\\\/\\\/www.akuryprodukte.de\\\/en\\\/shop\\\/s-42-hydrastis-canadensis-kanadische-gelbwurz\\\/#breadcrumb\"},\"inLanguage\":\"en-US\",\"potentialAction\":[{\"@type\":\"ReadAction\",\"target\":[\"https:\\\/\\\/www.akuryprodukte.de\\\/en\\\/shop\\\/s-42-hydrastis-canadensis-kanadische-gelbwurz\\\/\"]}]},{\"@type\":\"ImageObject\",\"inLanguage\":\"en-US\",\"@id\":\"https:\\\/\\\/www.akuryprodukte.de\\\/en\\\/shop\\\/s-42-hydrastis-canadensis-kanadische-gelbwurz\\\/#primaryimage\",\"url\":\"https:\\\/\\\/www.akuryprodukte.de\\\/wp-content\\\/uploads\\\/2023\\\/11\\\/S-42.png\",\"contentUrl\":\"https:\\\/\\\/www.akuryprodukte.de\\\/wp-content\\\/uploads\\\/2023\\\/11\\\/S-42.png\",\"width\":575,\"height\":575},{\"@type\":\"BreadcrumbList\",\"@id\":\"https:\\\/\\\/www.akuryprodukte.de\\\/en\\\/shop\\\/s-42-hydrastis-canadensis-kanadische-gelbwurz\\\/#breadcrumb\",\"itemListElement\":[{\"@type\":\"ListItem\",\"position\":1,\"name\":\"Startseite\",\"item\":\"https:\\\/\\\/www.akuryprodukte.de\\\/en\\\/\"},{\"@type\":\"ListItem\",\"position\":2,\"name\":\"Shop\",\"item\":\"https:\\\/\\\/www.akuryprodukte.de\\\/en\\\/shop-en\\\/\"},{\"@type\":\"ListItem\",\"position\":3,\"name\":\"S 42 Hydrastis canadensis (Kanadische Gelbwurz)\"}]},{\"@type\":\"WebSite\",\"@id\":\"https:\\\/\\\/www.akuryprodukte.de\\\/en\\\/#website\",\"url\":\"https:\\\/\\\/www.akuryprodukte.de\\\/en\\\/\",\"name\":\"akury\",\"description\":\"Produkte f\u00fcr Ihr Wohlbefinden\",\"publisher\":{\"@id\":\"https:\\\/\\\/www.akuryprodukte.de\\\/en\\\/#organization\"},\"potentialAction\":[{\"@type\":\"SearchAction\",\"target\":{\"@type\":\"EntryPoint\",\"urlTemplate\":\"https:\\\/\\\/www.akuryprodukte.de\\\/en\\\/?s={search_term_string}\"},\"query-input\":{\"@type\":\"PropertyValueSpecification\",\"valueRequired\":true,\"valueName\":\"search_term_string\"}}],\"inLanguage\":\"en-US\"},{\"@type\":\"Organization\",\"@id\":\"https:\\\/\\\/www.akuryprodukte.de\\\/en\\\/#organization\",\"name\":\"AkuRy GmbH\",\"url\":\"https:\\\/\\\/www.akuryprodukte.de\\\/en\\\/\",\"logo\":{\"@type\":\"ImageObject\",\"inLanguage\":\"en-US\",\"@id\":\"https:\\\/\\\/www.akuryprodukte.de\\\/en\\\/#\\\/schema\\\/logo\\\/image\\\/\",\"url\":\"https:\\\/\\\/www.akuryprodukte.de\\\/wp-content\\\/uploads\\\/2020\\\/09\\\/Logo_AKY-p-512.jpg\",\"contentUrl\":\"https:\\\/\\\/www.akuryprodukte.de\\\/wp-content\\\/uploads\\\/2020\\\/09\\\/Logo_AKY-p-512.jpg\",\"width\":512,\"height\":512,\"caption\":\"AkuRy GmbH\"},\"image\":{\"@id\":\"https:\\\/\\\/www.akuryprodukte.de\\\/en\\\/#\\\/schema\\\/logo\\\/image\\\/\"},\"sameAs\":[\"https:\\\/\\\/de-de.facebook.com\\\/bioenergetischesinformationsmanagement\\\/\",\"https:\\\/\\\/x.com\\\/heiko_wenner\",\"https:\\\/\\\/www.instagram.com\\\/akury_gmbh\\\/\",\"https:\\\/\\\/www.youtube.com\\\/channel\\\/UCyItRPbJUon1m0Gq6kV2Izw\"]}]}<\/script>\n<!-- \/ Yoast SEO plugin. -->","yoast_head_json":{"title":"S 42 Hydrastis canadensis (Kanadische Gelbwurz) - akury","robots":{"index":"index","follow":"follow","max-snippet":"max-snippet:-1","max-image-preview":"max-image-preview:large","max-video-preview":"max-video-preview:-1"},"canonical":"https:\/\/www.akuryprodukte.de\/en\/shop\/s-42-hydrastis-canadensis-kanadische-gelbwurz\/","og_locale":"en_US","og_type":"article","og_title":"S 42 Hydrastis canadensis (Kanadische Gelbwurz) - akury","og_description":"Hydrastis\u00a0zeigt gute Wirkungen bei Schleimhautentz\u00fcndungen, die zum Chronisch werden neigen. Die Essenz greift dabei am geschw\u00e4chten Stoffwechsel an und aktiviert diesen. Kennzeichen dieser Stoffwechseltr\u00e4gheit ist oft eine Schw\u00e4che. Entz\u00fcndungserscheinungen, bei denen die spagyrische Hydrastis-Essenz h\u00e4ufig eingesetzt wird, sind z.B. Nebenh\u00f6hlenentz\u00fcndungen, Blasenentz\u00fcndungen, Entz\u00fcndungen im Verdauungskanal und im Unterleib. Transformationsziele k\u00f6rperlich: \u2013 Entz\u00fcndete Schleimh\u00e4ute rasch und folgenlos [&hellip;]","og_url":"https:\/\/www.akuryprodukte.de\/en\/shop\/s-42-hydrastis-canadensis-kanadische-gelbwurz\/","og_site_name":"akury","article_publisher":"https:\/\/de-de.facebook.com\/bioenergetischesinformationsmanagement\/","article_modified_time":"2023-11-01T11:13:17+00:00","og_image":[{"width":575,"height":575,"url":"https:\/\/www.akuryprodukte.de\/wp-content\/uploads\/2023\/11\/S-42.png","type":"image\/png"}],"twitter_card":"summary_large_image","twitter_site":"@heiko_wenner","twitter_misc":{"Est. reading time":"1 minute"},"schema":{"@context":"https:\/\/schema.org","@graph":[{"@type":"WebPage","@id":"https:\/\/www.akuryprodukte.de\/en\/shop\/s-42-hydrastis-canadensis-kanadische-gelbwurz\/","url":"https:\/\/www.akuryprodukte.de\/en\/shop\/s-42-hydrastis-canadensis-kanadische-gelbwurz\/","name":"S 42 Hydrastis canadensis (Kanadische Gelbwurz) - akury","isPartOf":{"@id":"https:\/\/www.akuryprodukte.de\/en\/#website"},"primaryImageOfPage":{"@id":"https:\/\/www.akuryprodukte.de\/en\/shop\/s-42-hydrastis-canadensis-kanadische-gelbwurz\/#primaryimage"},"image":{"@id":"https:\/\/www.akuryprodukte.de\/en\/shop\/s-42-hydrastis-canadensis-kanadische-gelbwurz\/#primaryimage"},"thumbnailUrl":"https:\/\/www.akuryprodukte.de\/wp-content\/uploads\/2023\/11\/S-42.png","datePublished":"2023-11-01T11:10:09+00:00","dateModified":"2023-11-01T11:13:17+00:00","breadcrumb":{"@id":"https:\/\/www.akuryprodukte.de\/en\/shop\/s-42-hydrastis-canadensis-kanadische-gelbwurz\/#breadcrumb"},"inLanguage":"en-US","potentialAction":[{"@type":"ReadAction","target":["https:\/\/www.akuryprodukte.de\/en\/shop\/s-42-hydrastis-canadensis-kanadische-gelbwurz\/"]}]},{"@type":"ImageObject","inLanguage":"en-US","@id":"https:\/\/www.akuryprodukte.de\/en\/shop\/s-42-hydrastis-canadensis-kanadische-gelbwurz\/#primaryimage","url":"https:\/\/www.akuryprodukte.de\/wp-content\/uploads\/2023\/11\/S-42.png","contentUrl":"https:\/\/www.akuryprodukte.de\/wp-content\/uploads\/2023\/11\/S-42.png","width":575,"height":575},{"@type":"BreadcrumbList","@id":"https:\/\/www.akuryprodukte.de\/en\/shop\/s-42-hydrastis-canadensis-kanadische-gelbwurz\/#breadcrumb","itemListElement":[{"@type":"ListItem","position":1,"name":"Startseite","item":"https:\/\/www.akuryprodukte.de\/en\/"},{"@type":"ListItem","position":2,"name":"Shop","item":"https:\/\/www.akuryprodukte.de\/en\/shop-en\/"},{"@type":"ListItem","position":3,"name":"S 42 Hydrastis canadensis (Kanadische Gelbwurz)"}]},{"@type":"WebSite","@id":"https:\/\/www.akuryprodukte.de\/en\/#website","url":"https:\/\/www.akuryprodukte.de\/en\/","name":"akury","description":"Produkte f\u00fcr Ihr Wohlbefinden","publisher":{"@id":"https:\/\/www.akuryprodukte.de\/en\/#organization"},"potentialAction":[{"@type":"SearchAction","target":{"@type":"EntryPoint","urlTemplate":"https:\/\/www.akuryprodukte.de\/en\/?s={search_term_string}"},"query-input":{"@type":"PropertyValueSpecification","valueRequired":true,"valueName":"search_term_string"}}],"inLanguage":"en-US"},{"@type":"Organization","@id":"https:\/\/www.akuryprodukte.de\/en\/#organization","name":"AkuRy GmbH","url":"https:\/\/www.akuryprodukte.de\/en\/","logo":{"@type":"ImageObject","inLanguage":"en-US","@id":"https:\/\/www.akuryprodukte.de\/en\/#\/schema\/logo\/image\/","url":"https:\/\/www.akuryprodukte.de\/wp-content\/uploads\/2020\/09\/Logo_AKY-p-512.jpg","contentUrl":"https:\/\/www.akuryprodukte.de\/wp-content\/uploads\/2020\/09\/Logo_AKY-p-512.jpg","width":512,"height":512,"caption":"AkuRy GmbH"},"image":{"@id":"https:\/\/www.akuryprodukte.de\/en\/#\/schema\/logo\/image\/"},"sameAs":["https:\/\/de-de.facebook.com\/bioenergetischesinformationsmanagement\/","https:\/\/x.com\/heiko_wenner","https:\/\/www.instagram.com\/akury_gmbh\/","https:\/\/www.youtube.com\/channel\/UCyItRPbJUon1m0Gq6kV2Izw"]}]}},"_links":{"self":[{"href":"https:\/\/www.akuryprodukte.de\/en\/wp-json\/wp\/v2\/product\/18894","targetHints":{"allow":["GET"]}}],"collection":[{"href":"https:\/\/www.akuryprodukte.de\/en\/wp-json\/wp\/v2\/product"}],"about":[{"href":"https:\/\/www.akuryprodukte.de\/en\/wp-json\/wp\/v2\/types\/product"}],"replies":[{"embeddable":true,"href":"https:\/\/www.akuryprodukte.de\/en\/wp-json\/wp\/v2\/comments?post=18894"}],"wp:featuredmedia":[{"embeddable":true,"href":"https:\/\/www.akuryprodukte.de\/en\/wp-json\/wp\/v2\/media\/18896"}],"wp:attachment":[{"href":"https:\/\/www.akuryprodukte.de\/en\/wp-json\/wp\/v2\/media?parent=18894"}],"wp:term":[{"taxonomy":"product_brand","embeddable":true,"href":"https:\/\/www.akuryprodukte.de\/en\/wp-json\/wp\/v2\/product_brand?post=18894"},{"taxonomy":"product_cat","embeddable":true,"href":"https:\/\/www.akuryprodukte.de\/en\/wp-json\/wp\/v2\/product_cat?post=18894"},{"taxonomy":"product_tag","embeddable":true,"href":"https:\/\/www.akuryprodukte.de\/en\/wp-json\/wp\/v2\/product_tag?post=18894"}],"curies":[{"name":"wp","href":"https:\/\/api.w.org\/{rel}","templated":true}]}}