{"id":18933,"date":"2023-11-03T12:22:02","date_gmt":"2023-11-03T11:22:02","guid":{"rendered":"https:\/\/www.akuryprodukte.de\/?post_type=product&#038;p=18933"},"modified":"2023-11-08T17:31:55","modified_gmt":"2023-11-08T16:31:55","slug":"sha-schlafapnoe","status":"publish","type":"product","link":"https:\/\/www.akuryprodukte.de\/en\/shop\/sha-schlafapnoe\/","title":{"rendered":"SHA Schlafapnoe"},"content":{"rendered":"<p>Eine Schlafapnoe\u00a0entsteht, wenn die Muskulatur in den oberen Atemwegen erschlafft. Dadurch verengt sich der Atemweg im Rachenbereich oder blockiert sogar ganz, wodurch beim Ein- und Ausatmen laute Schnarchger\u00e4usche entstehen. Durch diese Atmungsst\u00f6rung wird der K\u00f6rper nicht ausreichend mit Sauerstoff versorgt.<\/p>\n<p><strong>\u00a0<\/strong>Zus\u00e4tzlich sinken der Puls und der Blutdruck. Das Atemzentrum im Gehirn schl\u00e4gt Alarm und l\u00f6st einen Weckreitz aus: Man wacht kurz auf, meist ohne es zu merken. Dadurch wird der Schlafrhythmus unterbrochen, das Herz beginnt schneller zu schlagen und der Blutdruck steigt. Diese kurze Aufweckreaktion wird auch \u201eArousal\u201c genannt. Wenn sie in einer Nacht wiederholt auftritt, kann sie verhindern, in den Tiefschlaf zu fallen, der die Nachtruhe erst erholsam macht.<\/p>\n<p>Eine ausgepr\u00e4gte Schlafapnoe f\u00fchrt dazu, dass man sich st\u00e4ndig schlapp und m\u00fcde f\u00fchlt. Ein wenig erholsamer Schlaf schl\u00e4gt zudem auf die Stimmung. Wer sich insgesamt weniger wohlf\u00fchlt als Menschen, die meistens gut schlafen, entwickelt m\u00f6glicherweise auch eher eine Depression<\/p>\n<p>Menschen mit einer Schlafapnoe haben h\u00e4ufiger Bluthochdruck und andere Herz-Kreislauf-Erkrankungen. Sie haben daher ein h\u00f6heres Risiko, einen Herzinfarkt, einen Schlaganfall oder Herzrhythmusst\u00f6rungen zu bekommen.<\/p>\n<p><strong>Der Chip soll unterst\u00fctzend dazu beitragen, die Atemwegsmuskulatur in den oberen Atemwegen zu stabilisieren und die Atemwege im Rachenbereich freizuhalten.<\/strong><\/p>\n","protected":false},"excerpt":{"rendered":"<p>Eine Schlafapnoe\u00a0entsteht, wenn die Muskulatur in den oberen Atemwegen erschlafft. Dadurch verengt sich der Atemweg im Rachenbereich oder blockiert sogar ganz, wodurch beim Ein- und Ausatmen laute Schnarchger\u00e4usche entstehen. Durch diese Atmungsst\u00f6rung wird der K\u00f6rper nicht ausreichend mit Sauerstoff versorgt. \u00a0Zus\u00e4tzlich sinken der Puls und der Blutdruck. Das Atemzentrum im Gehirn schl\u00e4gt Alarm und l\u00f6st [&hellip;]<\/p>\n","protected":false},"featured_media":18930,"comment_status":"closed","ping_status":"closed","template":"","meta":[],"product_brand":[],"product_cat":[3004,3000,34],"product_tag":[],"class_list":{"0":"post-18933","1":"product","2":"type-product","3":"status-publish","4":"has-post-thumbnail","6":"product_cat-info-chips-herzkreislauf","7":"product_cat-info-chips-leistungsoptimierung","8":"product_cat-info-chips-a-z","10":"first","11":"instock","12":"taxable","13":"shipping-taxable","14":"purchasable","15":"product-type-simple"},"yoast_head":"<!-- This site is optimized with the Yoast SEO plugin v27.3 - https:\/\/yoast.com\/product\/yoast-seo-wordpress\/ -->\n<title>SHA Schlafapnoe - akury<\/title>\n<meta name=\"robots\" content=\"index, follow, max-snippet:-1, max-image-preview:large, max-video-preview:-1\" \/>\n<link rel=\"canonical\" href=\"https:\/\/www.akuryprodukte.de\/en\/shop\/sha-schlafapnoe\/\" \/>\n<meta property=\"og:locale\" content=\"en_US\" \/>\n<meta property=\"og:type\" content=\"article\" \/>\n<meta property=\"og:title\" content=\"SHA Schlafapnoe - akury\" \/>\n<meta property=\"og:description\" content=\"Eine Schlafapnoe\u00a0entsteht, wenn die Muskulatur in den oberen Atemwegen erschlafft. Dadurch verengt sich der Atemweg im Rachenbereich oder blockiert sogar ganz, wodurch beim Ein- und Ausatmen laute Schnarchger\u00e4usche entstehen. Durch diese Atmungsst\u00f6rung wird der K\u00f6rper nicht ausreichend mit Sauerstoff versorgt. \u00a0Zus\u00e4tzlich sinken der Puls und der Blutdruck. Das Atemzentrum im Gehirn schl\u00e4gt Alarm und l\u00f6st [&hellip;]\" \/>\n<meta property=\"og:url\" content=\"https:\/\/www.akuryprodukte.de\/en\/shop\/sha-schlafapnoe\/\" \/>\n<meta property=\"og:site_name\" content=\"akury\" \/>\n<meta property=\"article:publisher\" content=\"https:\/\/de-de.facebook.com\/bioenergetischesinformationsmanagement\/\" \/>\n<meta property=\"article:modified_time\" content=\"2023-11-08T16:31:55+00:00\" \/>\n<meta property=\"og:image\" content=\"https:\/\/www.akuryprodukte.de\/wp-content\/uploads\/2023\/11\/SHA-1.png\" \/>\n\t<meta property=\"og:image:width\" content=\"575\" \/>\n\t<meta property=\"og:image:height\" content=\"575\" \/>\n\t<meta property=\"og:image:type\" content=\"image\/png\" \/>\n<meta name=\"twitter:card\" content=\"summary_large_image\" \/>\n<meta name=\"twitter:site\" content=\"@heiko_wenner\" \/>\n<meta name=\"twitter:label1\" content=\"Est. reading time\" \/>\n\t<meta name=\"twitter:data1\" content=\"2 minutes\" \/>\n<script type=\"application\/ld+json\" class=\"yoast-schema-graph\">{\"@context\":\"https:\\\/\\\/schema.org\",\"@graph\":[{\"@type\":\"WebPage\",\"@id\":\"https:\\\/\\\/www.akuryprodukte.de\\\/en\\\/shop\\\/sha-schlafapnoe\\\/\",\"url\":\"https:\\\/\\\/www.akuryprodukte.de\\\/en\\\/shop\\\/sha-schlafapnoe\\\/\",\"name\":\"SHA Schlafapnoe - akury\",\"isPartOf\":{\"@id\":\"https:\\\/\\\/www.akuryprodukte.de\\\/en\\\/#website\"},\"primaryImageOfPage\":{\"@id\":\"https:\\\/\\\/www.akuryprodukte.de\\\/en\\\/shop\\\/sha-schlafapnoe\\\/#primaryimage\"},\"image\":{\"@id\":\"https:\\\/\\\/www.akuryprodukte.de\\\/en\\\/shop\\\/sha-schlafapnoe\\\/#primaryimage\"},\"thumbnailUrl\":\"https:\\\/\\\/www.akuryprodukte.de\\\/wp-content\\\/uploads\\\/2023\\\/11\\\/SHA-1.png\",\"datePublished\":\"2023-11-03T11:22:02+00:00\",\"dateModified\":\"2023-11-08T16:31:55+00:00\",\"breadcrumb\":{\"@id\":\"https:\\\/\\\/www.akuryprodukte.de\\\/en\\\/shop\\\/sha-schlafapnoe\\\/#breadcrumb\"},\"inLanguage\":\"en-US\",\"potentialAction\":[{\"@type\":\"ReadAction\",\"target\":[\"https:\\\/\\\/www.akuryprodukte.de\\\/en\\\/shop\\\/sha-schlafapnoe\\\/\"]}]},{\"@type\":\"ImageObject\",\"inLanguage\":\"en-US\",\"@id\":\"https:\\\/\\\/www.akuryprodukte.de\\\/en\\\/shop\\\/sha-schlafapnoe\\\/#primaryimage\",\"url\":\"https:\\\/\\\/www.akuryprodukte.de\\\/wp-content\\\/uploads\\\/2023\\\/11\\\/SHA-1.png\",\"contentUrl\":\"https:\\\/\\\/www.akuryprodukte.de\\\/wp-content\\\/uploads\\\/2023\\\/11\\\/SHA-1.png\",\"width\":575,\"height\":575},{\"@type\":\"BreadcrumbList\",\"@id\":\"https:\\\/\\\/www.akuryprodukte.de\\\/en\\\/shop\\\/sha-schlafapnoe\\\/#breadcrumb\",\"itemListElement\":[{\"@type\":\"ListItem\",\"position\":1,\"name\":\"Startseite\",\"item\":\"https:\\\/\\\/www.akuryprodukte.de\\\/en\\\/\"},{\"@type\":\"ListItem\",\"position\":2,\"name\":\"Shop\",\"item\":\"https:\\\/\\\/www.akuryprodukte.de\\\/en\\\/shop-en\\\/\"},{\"@type\":\"ListItem\",\"position\":3,\"name\":\"SHA Schlafapnoe\"}]},{\"@type\":\"WebSite\",\"@id\":\"https:\\\/\\\/www.akuryprodukte.de\\\/en\\\/#website\",\"url\":\"https:\\\/\\\/www.akuryprodukte.de\\\/en\\\/\",\"name\":\"akury\",\"description\":\"Produkte f\u00fcr Ihr Wohlbefinden\",\"publisher\":{\"@id\":\"https:\\\/\\\/www.akuryprodukte.de\\\/en\\\/#organization\"},\"potentialAction\":[{\"@type\":\"SearchAction\",\"target\":{\"@type\":\"EntryPoint\",\"urlTemplate\":\"https:\\\/\\\/www.akuryprodukte.de\\\/en\\\/?s={search_term_string}\"},\"query-input\":{\"@type\":\"PropertyValueSpecification\",\"valueRequired\":true,\"valueName\":\"search_term_string\"}}],\"inLanguage\":\"en-US\"},{\"@type\":\"Organization\",\"@id\":\"https:\\\/\\\/www.akuryprodukte.de\\\/en\\\/#organization\",\"name\":\"AkuRy GmbH\",\"url\":\"https:\\\/\\\/www.akuryprodukte.de\\\/en\\\/\",\"logo\":{\"@type\":\"ImageObject\",\"inLanguage\":\"en-US\",\"@id\":\"https:\\\/\\\/www.akuryprodukte.de\\\/en\\\/#\\\/schema\\\/logo\\\/image\\\/\",\"url\":\"https:\\\/\\\/www.akuryprodukte.de\\\/wp-content\\\/uploads\\\/2020\\\/09\\\/Logo_AKY-p-512.jpg\",\"contentUrl\":\"https:\\\/\\\/www.akuryprodukte.de\\\/wp-content\\\/uploads\\\/2020\\\/09\\\/Logo_AKY-p-512.jpg\",\"width\":512,\"height\":512,\"caption\":\"AkuRy GmbH\"},\"image\":{\"@id\":\"https:\\\/\\\/www.akuryprodukte.de\\\/en\\\/#\\\/schema\\\/logo\\\/image\\\/\"},\"sameAs\":[\"https:\\\/\\\/de-de.facebook.com\\\/bioenergetischesinformationsmanagement\\\/\",\"https:\\\/\\\/x.com\\\/heiko_wenner\",\"https:\\\/\\\/www.instagram.com\\\/akury_gmbh\\\/\",\"https:\\\/\\\/www.youtube.com\\\/channel\\\/UCyItRPbJUon1m0Gq6kV2Izw\"]}]}<\/script>\n<!-- \/ Yoast SEO plugin. -->","yoast_head_json":{"title":"SHA Schlafapnoe - akury","robots":{"index":"index","follow":"follow","max-snippet":"max-snippet:-1","max-image-preview":"max-image-preview:large","max-video-preview":"max-video-preview:-1"},"canonical":"https:\/\/www.akuryprodukte.de\/en\/shop\/sha-schlafapnoe\/","og_locale":"en_US","og_type":"article","og_title":"SHA Schlafapnoe - akury","og_description":"Eine Schlafapnoe\u00a0entsteht, wenn die Muskulatur in den oberen Atemwegen erschlafft. Dadurch verengt sich der Atemweg im Rachenbereich oder blockiert sogar ganz, wodurch beim Ein- und Ausatmen laute Schnarchger\u00e4usche entstehen. Durch diese Atmungsst\u00f6rung wird der K\u00f6rper nicht ausreichend mit Sauerstoff versorgt. \u00a0Zus\u00e4tzlich sinken der Puls und der Blutdruck. Das Atemzentrum im Gehirn schl\u00e4gt Alarm und l\u00f6st [&hellip;]","og_url":"https:\/\/www.akuryprodukte.de\/en\/shop\/sha-schlafapnoe\/","og_site_name":"akury","article_publisher":"https:\/\/de-de.facebook.com\/bioenergetischesinformationsmanagement\/","article_modified_time":"2023-11-08T16:31:55+00:00","og_image":[{"width":575,"height":575,"url":"https:\/\/www.akuryprodukte.de\/wp-content\/uploads\/2023\/11\/SHA-1.png","type":"image\/png"}],"twitter_card":"summary_large_image","twitter_site":"@heiko_wenner","twitter_misc":{"Est. reading time":"2 minutes"},"schema":{"@context":"https:\/\/schema.org","@graph":[{"@type":"WebPage","@id":"https:\/\/www.akuryprodukte.de\/en\/shop\/sha-schlafapnoe\/","url":"https:\/\/www.akuryprodukte.de\/en\/shop\/sha-schlafapnoe\/","name":"SHA Schlafapnoe - akury","isPartOf":{"@id":"https:\/\/www.akuryprodukte.de\/en\/#website"},"primaryImageOfPage":{"@id":"https:\/\/www.akuryprodukte.de\/en\/shop\/sha-schlafapnoe\/#primaryimage"},"image":{"@id":"https:\/\/www.akuryprodukte.de\/en\/shop\/sha-schlafapnoe\/#primaryimage"},"thumbnailUrl":"https:\/\/www.akuryprodukte.de\/wp-content\/uploads\/2023\/11\/SHA-1.png","datePublished":"2023-11-03T11:22:02+00:00","dateModified":"2023-11-08T16:31:55+00:00","breadcrumb":{"@id":"https:\/\/www.akuryprodukte.de\/en\/shop\/sha-schlafapnoe\/#breadcrumb"},"inLanguage":"en-US","potentialAction":[{"@type":"ReadAction","target":["https:\/\/www.akuryprodukte.de\/en\/shop\/sha-schlafapnoe\/"]}]},{"@type":"ImageObject","inLanguage":"en-US","@id":"https:\/\/www.akuryprodukte.de\/en\/shop\/sha-schlafapnoe\/#primaryimage","url":"https:\/\/www.akuryprodukte.de\/wp-content\/uploads\/2023\/11\/SHA-1.png","contentUrl":"https:\/\/www.akuryprodukte.de\/wp-content\/uploads\/2023\/11\/SHA-1.png","width":575,"height":575},{"@type":"BreadcrumbList","@id":"https:\/\/www.akuryprodukte.de\/en\/shop\/sha-schlafapnoe\/#breadcrumb","itemListElement":[{"@type":"ListItem","position":1,"name":"Startseite","item":"https:\/\/www.akuryprodukte.de\/en\/"},{"@type":"ListItem","position":2,"name":"Shop","item":"https:\/\/www.akuryprodukte.de\/en\/shop-en\/"},{"@type":"ListItem","position":3,"name":"SHA Schlafapnoe"}]},{"@type":"WebSite","@id":"https:\/\/www.akuryprodukte.de\/en\/#website","url":"https:\/\/www.akuryprodukte.de\/en\/","name":"akury","description":"Produkte f\u00fcr Ihr Wohlbefinden","publisher":{"@id":"https:\/\/www.akuryprodukte.de\/en\/#organization"},"potentialAction":[{"@type":"SearchAction","target":{"@type":"EntryPoint","urlTemplate":"https:\/\/www.akuryprodukte.de\/en\/?s={search_term_string}"},"query-input":{"@type":"PropertyValueSpecification","valueRequired":true,"valueName":"search_term_string"}}],"inLanguage":"en-US"},{"@type":"Organization","@id":"https:\/\/www.akuryprodukte.de\/en\/#organization","name":"AkuRy GmbH","url":"https:\/\/www.akuryprodukte.de\/en\/","logo":{"@type":"ImageObject","inLanguage":"en-US","@id":"https:\/\/www.akuryprodukte.de\/en\/#\/schema\/logo\/image\/","url":"https:\/\/www.akuryprodukte.de\/wp-content\/uploads\/2020\/09\/Logo_AKY-p-512.jpg","contentUrl":"https:\/\/www.akuryprodukte.de\/wp-content\/uploads\/2020\/09\/Logo_AKY-p-512.jpg","width":512,"height":512,"caption":"AkuRy GmbH"},"image":{"@id":"https:\/\/www.akuryprodukte.de\/en\/#\/schema\/logo\/image\/"},"sameAs":["https:\/\/de-de.facebook.com\/bioenergetischesinformationsmanagement\/","https:\/\/x.com\/heiko_wenner","https:\/\/www.instagram.com\/akury_gmbh\/","https:\/\/www.youtube.com\/channel\/UCyItRPbJUon1m0Gq6kV2Izw"]}]}},"_links":{"self":[{"href":"https:\/\/www.akuryprodukte.de\/en\/wp-json\/wp\/v2\/product\/18933","targetHints":{"allow":["GET"]}}],"collection":[{"href":"https:\/\/www.akuryprodukte.de\/en\/wp-json\/wp\/v2\/product"}],"about":[{"href":"https:\/\/www.akuryprodukte.de\/en\/wp-json\/wp\/v2\/types\/product"}],"replies":[{"embeddable":true,"href":"https:\/\/www.akuryprodukte.de\/en\/wp-json\/wp\/v2\/comments?post=18933"}],"wp:featuredmedia":[{"embeddable":true,"href":"https:\/\/www.akuryprodukte.de\/en\/wp-json\/wp\/v2\/media\/18930"}],"wp:attachment":[{"href":"https:\/\/www.akuryprodukte.de\/en\/wp-json\/wp\/v2\/media?parent=18933"}],"wp:term":[{"taxonomy":"product_brand","embeddable":true,"href":"https:\/\/www.akuryprodukte.de\/en\/wp-json\/wp\/v2\/product_brand?post=18933"},{"taxonomy":"product_cat","embeddable":true,"href":"https:\/\/www.akuryprodukte.de\/en\/wp-json\/wp\/v2\/product_cat?post=18933"},{"taxonomy":"product_tag","embeddable":true,"href":"https:\/\/www.akuryprodukte.de\/en\/wp-json\/wp\/v2\/product_tag?post=18933"}],"curies":[{"name":"wp","href":"https:\/\/api.w.org\/{rel}","templated":true}]}}