{"id":18963,"date":"2023-11-08T17:23:40","date_gmt":"2023-11-08T16:23:40","guid":{"rendered":"https:\/\/www.akuryprodukte.de\/?post_type=product&#038;p=18963"},"modified":"2023-11-08T17:26:57","modified_gmt":"2023-11-08T16:26:57","slug":"bip-bipolare-stoerung-manisch-depressiv","status":"publish","type":"product","link":"https:\/\/www.akuryprodukte.de\/en\/shop\/bip-bipolare-stoerung-manisch-depressiv\/","title":{"rendered":"BIP Bipolare St\u00f6rung\/ manisch-depressiv"},"content":{"rendered":"<p style=\"margin: 0cm; background: white; vertical-align: baseline;\"><b><span style=\"font-size: 13.0pt; font-family: 'Arial',sans-serif; color: #454542; background: white;\">BIP Bipolare St\u00f6rung\/ manisch-depressiv<\/span><\/b><\/p>\n<p style=\"margin: 0cm; background: white; vertical-align: baseline;\"><span style=\"font-size: 13.0pt; font-family: 'Arial',sans-serif; color: #454542; background: white;\">\u00a0<\/span><\/p>\n<p style=\"margin: 0cm; background: white; vertical-align: baseline;\"><span style=\"font-size: 13.0pt; font-family: 'Arial',sans-serif; color: #454542; background: white;\">Die Bipolare St\u00f6rung, auch manisch-depressive Erkrankung genannt, bewegt sich zwischen zwei extremen Polen: Auf der einen Seite erleben Betroffene manische Phasen voller Hochgef\u00fchl und Tatendrang, auf der anderen Seite durchlaufen sie depressive Phasen mit Niedergeschlagenheit und einer tief empfundenen Leere. Dazwischen k\u00f6nnen Zeitr\u00e4ume ohne oder mit leichten Beschwerden liegen. Au\u00dferdem kann es zu Episoden kommen, in denen die Stimmung sehr schnell wechselt.\u00a0<\/span><b><\/b><\/p>\n<p style=\"margin: 0cm; background: white; vertical-align: baseline;\"><b><span style=\"font-size: 15.0pt; font-family: 'Arial',sans-serif; color: #202124; background: white;\">\u00a0<\/span><\/b><\/p>\n<p style=\"margin: 0cm; background: white; vertical-align: baseline;\"><span style=\"font-size: 13.0pt; font-family: 'Arial',sans-serif; color: #454542; background: white;\">Eine Bipolare St\u00f6rung, die zu den sogenannten affektiven St\u00f6rungen z\u00e4hlt, kann sehr unterschiedlich verlaufen: Mal dauert sie zwei Wochen, mal ein halbes Jahr. Einige Betroffene durchleben mehrere depressive Phasen nacheinander, bis sich eine manische Episode einstellt. Manchmal kommt es auch zu einem schnellen Wechsel, dem sogenannten Rapid Cycling. Auch Mischzust\u00e4nde, in denen gleichzeitig Merkmale einer Depression und einer Manie oder einer Hypomanie auftreten, sind m\u00f6glich.\u00a0<\/span><b><\/b><\/p>\n<p style=\"margin: 0cm; background: white; vertical-align: baseline;\"><b><span style=\"font-size: 15.0pt; font-family: 'Arial',sans-serif; color: #202124; background: white;\">\u00a0<\/span><\/b><\/p>\n<p style=\"margin: 0cm; background: white; vertical-align: baseline;\"><span style=\"font-size: 13.0pt; font-family: 'Arial',sans-serif; color: #454542; background: white;\"><strong>Der Chip soll dazu beitragen, die extremen Stimmungsschwankungen einer Bipolaren St\u00f6rung auszugleichen<\/strong>.<\/span><\/p>\n<p style=\"margin: 0cm; background: white; vertical-align: baseline;\"><b><span style=\"font-size: 15.0pt; font-family: 'Arial',sans-serif; color: #202124; background: white;\">\u00a0<\/span><\/b><\/p>\n","protected":false},"excerpt":{"rendered":"<p>BIP Bipolare St\u00f6rung\/ manisch-depressiv \u00a0 Die Bipolare St\u00f6rung, auch manisch-depressive Erkrankung genannt, bewegt sich zwischen zwei extremen Polen: Auf der einen Seite erleben Betroffene manische Phasen voller Hochgef\u00fchl und Tatendrang, auf der anderen Seite durchlaufen sie depressive Phasen mit Niedergeschlagenheit und einer tief empfundenen Leere. Dazwischen k\u00f6nnen Zeitr\u00e4ume ohne oder mit leichten Beschwerden liegen. Au\u00dferdem [&hellip;]<\/p>\n","protected":false},"featured_media":18964,"comment_status":"closed","ping_status":"closed","template":"","meta":[],"product_brand":[],"product_cat":[3003,34],"product_tag":[],"class_list":{"0":"post-18963","1":"product","2":"type-product","3":"status-publish","4":"has-post-thumbnail","6":"product_cat-info-chips-gehirn","7":"product_cat-info-chips-a-z","9":"first","10":"instock","11":"taxable","12":"shipping-taxable","13":"purchasable","14":"product-type-simple"},"yoast_head":"<!-- This site is optimized with the Yoast SEO plugin v27.3 - https:\/\/yoast.com\/product\/yoast-seo-wordpress\/ -->\n<title>BIP Bipolare St\u00f6rung\/ manisch-depressiv - akury<\/title>\n<meta name=\"robots\" content=\"index, follow, max-snippet:-1, max-image-preview:large, max-video-preview:-1\" \/>\n<link rel=\"canonical\" href=\"https:\/\/www.akuryprodukte.de\/en\/shop\/bip-bipolare-stoerung-manisch-depressiv\/\" \/>\n<meta property=\"og:locale\" content=\"en_US\" \/>\n<meta property=\"og:type\" content=\"article\" \/>\n<meta property=\"og:title\" content=\"BIP Bipolare St\u00f6rung\/ manisch-depressiv - akury\" \/>\n<meta property=\"og:description\" content=\"BIP Bipolare St\u00f6rung\/ manisch-depressiv \u00a0 Die Bipolare St\u00f6rung, auch manisch-depressive Erkrankung genannt, bewegt sich zwischen zwei extremen Polen: Auf der einen Seite erleben Betroffene manische Phasen voller Hochgef\u00fchl und Tatendrang, auf der anderen Seite durchlaufen sie depressive Phasen mit Niedergeschlagenheit und einer tief empfundenen Leere. Dazwischen k\u00f6nnen Zeitr\u00e4ume ohne oder mit leichten Beschwerden liegen. Au\u00dferdem [&hellip;]\" \/>\n<meta property=\"og:url\" content=\"https:\/\/www.akuryprodukte.de\/en\/shop\/bip-bipolare-stoerung-manisch-depressiv\/\" \/>\n<meta property=\"og:site_name\" content=\"akury\" \/>\n<meta property=\"article:publisher\" content=\"https:\/\/de-de.facebook.com\/bioenergetischesinformationsmanagement\/\" \/>\n<meta property=\"article:modified_time\" content=\"2023-11-08T16:26:57+00:00\" \/>\n<meta property=\"og:image\" content=\"https:\/\/www.akuryprodukte.de\/wp-content\/uploads\/2023\/11\/BIP.png\" \/>\n\t<meta property=\"og:image:width\" content=\"575\" \/>\n\t<meta property=\"og:image:height\" content=\"575\" \/>\n\t<meta property=\"og:image:type\" content=\"image\/png\" \/>\n<meta name=\"twitter:card\" content=\"summary_large_image\" \/>\n<meta name=\"twitter:site\" content=\"@heiko_wenner\" \/>\n<meta name=\"twitter:label1\" content=\"Est. reading time\" \/>\n\t<meta name=\"twitter:data1\" content=\"1 minute\" \/>\n<script type=\"application\/ld+json\" class=\"yoast-schema-graph\">{\"@context\":\"https:\\\/\\\/schema.org\",\"@graph\":[{\"@type\":\"WebPage\",\"@id\":\"https:\\\/\\\/www.akuryprodukte.de\\\/en\\\/shop\\\/bip-bipolare-stoerung-manisch-depressiv\\\/\",\"url\":\"https:\\\/\\\/www.akuryprodukte.de\\\/en\\\/shop\\\/bip-bipolare-stoerung-manisch-depressiv\\\/\",\"name\":\"BIP Bipolare St\u00f6rung\\\/ manisch-depressiv - akury\",\"isPartOf\":{\"@id\":\"https:\\\/\\\/www.akuryprodukte.de\\\/en\\\/#website\"},\"primaryImageOfPage\":{\"@id\":\"https:\\\/\\\/www.akuryprodukte.de\\\/en\\\/shop\\\/bip-bipolare-stoerung-manisch-depressiv\\\/#primaryimage\"},\"image\":{\"@id\":\"https:\\\/\\\/www.akuryprodukte.de\\\/en\\\/shop\\\/bip-bipolare-stoerung-manisch-depressiv\\\/#primaryimage\"},\"thumbnailUrl\":\"https:\\\/\\\/www.akuryprodukte.de\\\/wp-content\\\/uploads\\\/2023\\\/11\\\/BIP.png\",\"datePublished\":\"2023-11-08T16:23:40+00:00\",\"dateModified\":\"2023-11-08T16:26:57+00:00\",\"breadcrumb\":{\"@id\":\"https:\\\/\\\/www.akuryprodukte.de\\\/en\\\/shop\\\/bip-bipolare-stoerung-manisch-depressiv\\\/#breadcrumb\"},\"inLanguage\":\"en-US\",\"potentialAction\":[{\"@type\":\"ReadAction\",\"target\":[\"https:\\\/\\\/www.akuryprodukte.de\\\/en\\\/shop\\\/bip-bipolare-stoerung-manisch-depressiv\\\/\"]}]},{\"@type\":\"ImageObject\",\"inLanguage\":\"en-US\",\"@id\":\"https:\\\/\\\/www.akuryprodukte.de\\\/en\\\/shop\\\/bip-bipolare-stoerung-manisch-depressiv\\\/#primaryimage\",\"url\":\"https:\\\/\\\/www.akuryprodukte.de\\\/wp-content\\\/uploads\\\/2023\\\/11\\\/BIP.png\",\"contentUrl\":\"https:\\\/\\\/www.akuryprodukte.de\\\/wp-content\\\/uploads\\\/2023\\\/11\\\/BIP.png\",\"width\":575,\"height\":575},{\"@type\":\"BreadcrumbList\",\"@id\":\"https:\\\/\\\/www.akuryprodukte.de\\\/en\\\/shop\\\/bip-bipolare-stoerung-manisch-depressiv\\\/#breadcrumb\",\"itemListElement\":[{\"@type\":\"ListItem\",\"position\":1,\"name\":\"Startseite\",\"item\":\"https:\\\/\\\/www.akuryprodukte.de\\\/en\\\/\"},{\"@type\":\"ListItem\",\"position\":2,\"name\":\"Shop\",\"item\":\"https:\\\/\\\/www.akuryprodukte.de\\\/en\\\/shop-en\\\/\"},{\"@type\":\"ListItem\",\"position\":3,\"name\":\"BIP Bipolare St\u00f6rung\\\/ manisch-depressiv\"}]},{\"@type\":\"WebSite\",\"@id\":\"https:\\\/\\\/www.akuryprodukte.de\\\/en\\\/#website\",\"url\":\"https:\\\/\\\/www.akuryprodukte.de\\\/en\\\/\",\"name\":\"akury\",\"description\":\"Produkte f\u00fcr Ihr Wohlbefinden\",\"publisher\":{\"@id\":\"https:\\\/\\\/www.akuryprodukte.de\\\/en\\\/#organization\"},\"potentialAction\":[{\"@type\":\"SearchAction\",\"target\":{\"@type\":\"EntryPoint\",\"urlTemplate\":\"https:\\\/\\\/www.akuryprodukte.de\\\/en\\\/?s={search_term_string}\"},\"query-input\":{\"@type\":\"PropertyValueSpecification\",\"valueRequired\":true,\"valueName\":\"search_term_string\"}}],\"inLanguage\":\"en-US\"},{\"@type\":\"Organization\",\"@id\":\"https:\\\/\\\/www.akuryprodukte.de\\\/en\\\/#organization\",\"name\":\"AkuRy GmbH\",\"url\":\"https:\\\/\\\/www.akuryprodukte.de\\\/en\\\/\",\"logo\":{\"@type\":\"ImageObject\",\"inLanguage\":\"en-US\",\"@id\":\"https:\\\/\\\/www.akuryprodukte.de\\\/en\\\/#\\\/schema\\\/logo\\\/image\\\/\",\"url\":\"https:\\\/\\\/www.akuryprodukte.de\\\/wp-content\\\/uploads\\\/2020\\\/09\\\/Logo_AKY-p-512.jpg\",\"contentUrl\":\"https:\\\/\\\/www.akuryprodukte.de\\\/wp-content\\\/uploads\\\/2020\\\/09\\\/Logo_AKY-p-512.jpg\",\"width\":512,\"height\":512,\"caption\":\"AkuRy GmbH\"},\"image\":{\"@id\":\"https:\\\/\\\/www.akuryprodukte.de\\\/en\\\/#\\\/schema\\\/logo\\\/image\\\/\"},\"sameAs\":[\"https:\\\/\\\/de-de.facebook.com\\\/bioenergetischesinformationsmanagement\\\/\",\"https:\\\/\\\/x.com\\\/heiko_wenner\",\"https:\\\/\\\/www.instagram.com\\\/akury_gmbh\\\/\",\"https:\\\/\\\/www.youtube.com\\\/channel\\\/UCyItRPbJUon1m0Gq6kV2Izw\"]}]}<\/script>\n<!-- \/ Yoast SEO plugin. -->","yoast_head_json":{"title":"BIP Bipolare St\u00f6rung\/ manisch-depressiv - akury","robots":{"index":"index","follow":"follow","max-snippet":"max-snippet:-1","max-image-preview":"max-image-preview:large","max-video-preview":"max-video-preview:-1"},"canonical":"https:\/\/www.akuryprodukte.de\/en\/shop\/bip-bipolare-stoerung-manisch-depressiv\/","og_locale":"en_US","og_type":"article","og_title":"BIP Bipolare St\u00f6rung\/ manisch-depressiv - akury","og_description":"BIP Bipolare St\u00f6rung\/ manisch-depressiv \u00a0 Die Bipolare St\u00f6rung, auch manisch-depressive Erkrankung genannt, bewegt sich zwischen zwei extremen Polen: Auf der einen Seite erleben Betroffene manische Phasen voller Hochgef\u00fchl und Tatendrang, auf der anderen Seite durchlaufen sie depressive Phasen mit Niedergeschlagenheit und einer tief empfundenen Leere. Dazwischen k\u00f6nnen Zeitr\u00e4ume ohne oder mit leichten Beschwerden liegen. Au\u00dferdem [&hellip;]","og_url":"https:\/\/www.akuryprodukte.de\/en\/shop\/bip-bipolare-stoerung-manisch-depressiv\/","og_site_name":"akury","article_publisher":"https:\/\/de-de.facebook.com\/bioenergetischesinformationsmanagement\/","article_modified_time":"2023-11-08T16:26:57+00:00","og_image":[{"width":575,"height":575,"url":"https:\/\/www.akuryprodukte.de\/wp-content\/uploads\/2023\/11\/BIP.png","type":"image\/png"}],"twitter_card":"summary_large_image","twitter_site":"@heiko_wenner","twitter_misc":{"Est. reading time":"1 minute"},"schema":{"@context":"https:\/\/schema.org","@graph":[{"@type":"WebPage","@id":"https:\/\/www.akuryprodukte.de\/en\/shop\/bip-bipolare-stoerung-manisch-depressiv\/","url":"https:\/\/www.akuryprodukte.de\/en\/shop\/bip-bipolare-stoerung-manisch-depressiv\/","name":"BIP Bipolare St\u00f6rung\/ manisch-depressiv - akury","isPartOf":{"@id":"https:\/\/www.akuryprodukte.de\/en\/#website"},"primaryImageOfPage":{"@id":"https:\/\/www.akuryprodukte.de\/en\/shop\/bip-bipolare-stoerung-manisch-depressiv\/#primaryimage"},"image":{"@id":"https:\/\/www.akuryprodukte.de\/en\/shop\/bip-bipolare-stoerung-manisch-depressiv\/#primaryimage"},"thumbnailUrl":"https:\/\/www.akuryprodukte.de\/wp-content\/uploads\/2023\/11\/BIP.png","datePublished":"2023-11-08T16:23:40+00:00","dateModified":"2023-11-08T16:26:57+00:00","breadcrumb":{"@id":"https:\/\/www.akuryprodukte.de\/en\/shop\/bip-bipolare-stoerung-manisch-depressiv\/#breadcrumb"},"inLanguage":"en-US","potentialAction":[{"@type":"ReadAction","target":["https:\/\/www.akuryprodukte.de\/en\/shop\/bip-bipolare-stoerung-manisch-depressiv\/"]}]},{"@type":"ImageObject","inLanguage":"en-US","@id":"https:\/\/www.akuryprodukte.de\/en\/shop\/bip-bipolare-stoerung-manisch-depressiv\/#primaryimage","url":"https:\/\/www.akuryprodukte.de\/wp-content\/uploads\/2023\/11\/BIP.png","contentUrl":"https:\/\/www.akuryprodukte.de\/wp-content\/uploads\/2023\/11\/BIP.png","width":575,"height":575},{"@type":"BreadcrumbList","@id":"https:\/\/www.akuryprodukte.de\/en\/shop\/bip-bipolare-stoerung-manisch-depressiv\/#breadcrumb","itemListElement":[{"@type":"ListItem","position":1,"name":"Startseite","item":"https:\/\/www.akuryprodukte.de\/en\/"},{"@type":"ListItem","position":2,"name":"Shop","item":"https:\/\/www.akuryprodukte.de\/en\/shop-en\/"},{"@type":"ListItem","position":3,"name":"BIP Bipolare St\u00f6rung\/ manisch-depressiv"}]},{"@type":"WebSite","@id":"https:\/\/www.akuryprodukte.de\/en\/#website","url":"https:\/\/www.akuryprodukte.de\/en\/","name":"akury","description":"Produkte f\u00fcr Ihr Wohlbefinden","publisher":{"@id":"https:\/\/www.akuryprodukte.de\/en\/#organization"},"potentialAction":[{"@type":"SearchAction","target":{"@type":"EntryPoint","urlTemplate":"https:\/\/www.akuryprodukte.de\/en\/?s={search_term_string}"},"query-input":{"@type":"PropertyValueSpecification","valueRequired":true,"valueName":"search_term_string"}}],"inLanguage":"en-US"},{"@type":"Organization","@id":"https:\/\/www.akuryprodukte.de\/en\/#organization","name":"AkuRy GmbH","url":"https:\/\/www.akuryprodukte.de\/en\/","logo":{"@type":"ImageObject","inLanguage":"en-US","@id":"https:\/\/www.akuryprodukte.de\/en\/#\/schema\/logo\/image\/","url":"https:\/\/www.akuryprodukte.de\/wp-content\/uploads\/2020\/09\/Logo_AKY-p-512.jpg","contentUrl":"https:\/\/www.akuryprodukte.de\/wp-content\/uploads\/2020\/09\/Logo_AKY-p-512.jpg","width":512,"height":512,"caption":"AkuRy GmbH"},"image":{"@id":"https:\/\/www.akuryprodukte.de\/en\/#\/schema\/logo\/image\/"},"sameAs":["https:\/\/de-de.facebook.com\/bioenergetischesinformationsmanagement\/","https:\/\/x.com\/heiko_wenner","https:\/\/www.instagram.com\/akury_gmbh\/","https:\/\/www.youtube.com\/channel\/UCyItRPbJUon1m0Gq6kV2Izw"]}]}},"_links":{"self":[{"href":"https:\/\/www.akuryprodukte.de\/en\/wp-json\/wp\/v2\/product\/18963","targetHints":{"allow":["GET"]}}],"collection":[{"href":"https:\/\/www.akuryprodukte.de\/en\/wp-json\/wp\/v2\/product"}],"about":[{"href":"https:\/\/www.akuryprodukte.de\/en\/wp-json\/wp\/v2\/types\/product"}],"replies":[{"embeddable":true,"href":"https:\/\/www.akuryprodukte.de\/en\/wp-json\/wp\/v2\/comments?post=18963"}],"wp:featuredmedia":[{"embeddable":true,"href":"https:\/\/www.akuryprodukte.de\/en\/wp-json\/wp\/v2\/media\/18964"}],"wp:attachment":[{"href":"https:\/\/www.akuryprodukte.de\/en\/wp-json\/wp\/v2\/media?parent=18963"}],"wp:term":[{"taxonomy":"product_brand","embeddable":true,"href":"https:\/\/www.akuryprodukte.de\/en\/wp-json\/wp\/v2\/product_brand?post=18963"},{"taxonomy":"product_cat","embeddable":true,"href":"https:\/\/www.akuryprodukte.de\/en\/wp-json\/wp\/v2\/product_cat?post=18963"},{"taxonomy":"product_tag","embeddable":true,"href":"https:\/\/www.akuryprodukte.de\/en\/wp-json\/wp\/v2\/product_tag?post=18963"}],"curies":[{"name":"wp","href":"https:\/\/api.w.org\/{rel}","templated":true}]}}