{"id":20474,"date":"2024-08-07T08:34:01","date_gmt":"2024-08-07T06:34:01","guid":{"rendered":"https:\/\/www.akuryprodukte.de\/?post_type=product&#038;p=20474"},"modified":"2024-08-07T08:43:03","modified_gmt":"2024-08-07T06:43:03","slug":"obk-blutkreislauf","status":"publish","type":"product","link":"https:\/\/www.akuryprodukte.de\/en\/shop\/obk-blutkreislauf\/","title":{"rendered":"OBK &#8211; Blutkreislauf"},"content":{"rendered":"<p style=\"text-align: justify;\"><b><span style=\"font-family: Roboto;\">OBK Optimaler Blutkreislauf<\/span><\/b><\/p>\n<p style=\"text-align: justify;\"><span style=\"font-family: Roboto;\">Der optimale Blutkreislauf ist ein komplexes und effizientes System, das f\u00fcr die Aufrechterhaltung der Gesundheit und Funktion aller Organe und Gewebe im K\u00f6rper unerl\u00e4sslich ist.<\/span><\/p>\n<p style=\"text-align: justify;\"><span style=\"font-family: Roboto;\">Das Herz ist die zentrale Pumpe dieses Systems. Es besteht aus vier Kammern: den beiden oberen Vorh\u00f6fen und den beiden unteren Ventrikeln. Mit jedem Herzschlag pumpt das Herz Blut durch den K\u00f6rper, um Sauerstoff und N\u00e4hrstoffe zu den Zellen zu transportieren und Abfallprodukte zu entfernen.<\/span><\/p>\n<p style=\"text-align: justify;\"><span style=\"font-family: Roboto;\">Der Blutkreislauf besteht aus zwei Hauptteilen: dem systemischen Kreislauf und dem Lungenkreislauf. Im systemischen Kreislauf flie\u00dft sauerstoffreiches Blut vom Herzen zu den Organen und Geweben des K\u00f6rpers. Im Lungenkreislauf flie\u00dft sauerstoffarmes Blut vom Herzen zu den Lungen, wo es Sauerstoff aufnimmt und Kohlendioxid abgibt.<\/span><\/p>\n<p style=\"text-align: justify;\"><span style=\"font-family: Roboto;\">Arterien transportieren sauerstoffreiches Blut vom Herzen zu den Organen und Geweben. Sie haben dicke, muskul\u00f6se W\u00e4nde, die es ihnen erm\u00f6glichen, dem hohen Druck standzuhalten, der durch das Pumpen des Herzens erzeugt wird. Venen transportieren sauerstoffarmes Blut von den Organen und Geweben zur\u00fcck zum Herzen. Sie haben d\u00fcnnere W\u00e4nde und sind mit Ventilen ausgestattet, die den R\u00fcckfluss von Blut verhindern.<\/span><\/p>\n<p style=\"text-align: justify;\"><span style=\"font-family: Roboto;\">Kapillaren sind die kleinsten Blutgef\u00e4\u00dfe und bilden die Verbindung zwischen Arterien und Venen. Sie erm\u00f6glichen den Austausch von Sauerstoff, N\u00e4hrstoffen und Abfallprodukten zwischen dem Blut und den Zellen.<\/span><\/p>\n<p style=\"text-align: justify;\"><span style=\"font-family: Roboto;\">Ein optimaler Blutkreislauf ist entscheidend f\u00fcr die Aufrechterhaltung der Hom\u00f6ostase und der Gesundheit des gesamten K\u00f6rpers. Er erm\u00f6glicht die effiziente Versorgung der Zellen mit Sauerstoff und N\u00e4hrstoffen, die Entfernung von Abfallprodukten und die Regulierung von K\u00f6rpertemperatur und pH-Wert. <\/span><\/p>\n<p style=\"text-align: justify;\"><span style=\"font-family: Roboto;\">Der Chip soll unterst\u00fctzend dazu beitragen, einen optimalen Blutkreislauf zu stabilisieren und aufrecht zu erhalten. <\/span><\/p>\n<p style=\"margin: 0cm; text-align: justify;\"><span style=\"font-family: Roboto;\">\u00a0<\/span><\/p>\n","protected":false},"excerpt":{"rendered":"<p>OBK Optimaler Blutkreislauf Der optimale Blutkreislauf ist ein komplexes und effizientes System, das f\u00fcr die Aufrechterhaltung der Gesundheit und Funktion aller Organe und Gewebe im K\u00f6rper unerl\u00e4sslich ist. Das Herz ist die zentrale Pumpe dieses Systems. Es besteht aus vier Kammern: den beiden oberen Vorh\u00f6fen und den beiden unteren Ventrikeln. Mit jedem Herzschlag pumpt das [&hellip;]<\/p>\n","protected":false},"featured_media":20480,"comment_status":"closed","ping_status":"closed","template":"","meta":[],"product_brand":[],"product_cat":[3004,34],"product_tag":[],"class_list":{"0":"post-20474","1":"product","2":"type-product","3":"status-publish","4":"has-post-thumbnail","6":"product_cat-info-chips-herzkreislauf","7":"product_cat-info-chips-a-z","9":"first","10":"instock","11":"taxable","12":"shipping-taxable","13":"purchasable","14":"product-type-simple"},"yoast_head":"<!-- This site is optimized with the Yoast SEO plugin v27.3 - https:\/\/yoast.com\/product\/yoast-seo-wordpress\/ -->\n<title>OBK - Blutkreislauf - akury<\/title>\n<meta name=\"robots\" content=\"index, follow, max-snippet:-1, max-image-preview:large, max-video-preview:-1\" \/>\n<link rel=\"canonical\" href=\"https:\/\/www.akuryprodukte.de\/en\/shop\/obk-blutkreislauf\/\" \/>\n<meta property=\"og:locale\" content=\"en_US\" \/>\n<meta property=\"og:type\" content=\"article\" \/>\n<meta property=\"og:title\" content=\"OBK - Blutkreislauf - akury\" \/>\n<meta property=\"og:description\" content=\"OBK Optimaler Blutkreislauf Der optimale Blutkreislauf ist ein komplexes und effizientes System, das f\u00fcr die Aufrechterhaltung der Gesundheit und Funktion aller Organe und Gewebe im K\u00f6rper unerl\u00e4sslich ist. Das Herz ist die zentrale Pumpe dieses Systems. Es besteht aus vier Kammern: den beiden oberen Vorh\u00f6fen und den beiden unteren Ventrikeln. Mit jedem Herzschlag pumpt das [&hellip;]\" \/>\n<meta property=\"og:url\" content=\"https:\/\/www.akuryprodukte.de\/en\/shop\/obk-blutkreislauf\/\" \/>\n<meta property=\"og:site_name\" content=\"akury\" \/>\n<meta property=\"article:publisher\" content=\"https:\/\/de-de.facebook.com\/bioenergetischesinformationsmanagement\/\" \/>\n<meta property=\"article:modified_time\" content=\"2024-08-07T06:43:03+00:00\" \/>\n<meta property=\"og:image\" content=\"https:\/\/www.akuryprodukte.de\/wp-content\/uploads\/2024\/08\/OBK-1.png\" \/>\n\t<meta property=\"og:image:width\" content=\"575\" \/>\n\t<meta property=\"og:image:height\" content=\"575\" \/>\n\t<meta property=\"og:image:type\" content=\"image\/png\" \/>\n<meta name=\"twitter:card\" content=\"summary_large_image\" \/>\n<meta name=\"twitter:site\" content=\"@heiko_wenner\" \/>\n<meta name=\"twitter:label1\" content=\"Est. reading time\" \/>\n\t<meta name=\"twitter:data1\" content=\"2 minutes\" \/>\n<script type=\"application\/ld+json\" class=\"yoast-schema-graph\">{\"@context\":\"https:\\\/\\\/schema.org\",\"@graph\":[{\"@type\":\"WebPage\",\"@id\":\"https:\\\/\\\/www.akuryprodukte.de\\\/en\\\/shop\\\/obk-blutkreislauf\\\/\",\"url\":\"https:\\\/\\\/www.akuryprodukte.de\\\/en\\\/shop\\\/obk-blutkreislauf\\\/\",\"name\":\"OBK - Blutkreislauf - akury\",\"isPartOf\":{\"@id\":\"https:\\\/\\\/www.akuryprodukte.de\\\/en\\\/#website\"},\"primaryImageOfPage\":{\"@id\":\"https:\\\/\\\/www.akuryprodukte.de\\\/en\\\/shop\\\/obk-blutkreislauf\\\/#primaryimage\"},\"image\":{\"@id\":\"https:\\\/\\\/www.akuryprodukte.de\\\/en\\\/shop\\\/obk-blutkreislauf\\\/#primaryimage\"},\"thumbnailUrl\":\"https:\\\/\\\/www.akuryprodukte.de\\\/wp-content\\\/uploads\\\/2024\\\/08\\\/OBK-1.png\",\"datePublished\":\"2024-08-07T06:34:01+00:00\",\"dateModified\":\"2024-08-07T06:43:03+00:00\",\"breadcrumb\":{\"@id\":\"https:\\\/\\\/www.akuryprodukte.de\\\/en\\\/shop\\\/obk-blutkreislauf\\\/#breadcrumb\"},\"inLanguage\":\"en-US\",\"potentialAction\":[{\"@type\":\"ReadAction\",\"target\":[\"https:\\\/\\\/www.akuryprodukte.de\\\/en\\\/shop\\\/obk-blutkreislauf\\\/\"]}]},{\"@type\":\"ImageObject\",\"inLanguage\":\"en-US\",\"@id\":\"https:\\\/\\\/www.akuryprodukte.de\\\/en\\\/shop\\\/obk-blutkreislauf\\\/#primaryimage\",\"url\":\"https:\\\/\\\/www.akuryprodukte.de\\\/wp-content\\\/uploads\\\/2024\\\/08\\\/OBK-1.png\",\"contentUrl\":\"https:\\\/\\\/www.akuryprodukte.de\\\/wp-content\\\/uploads\\\/2024\\\/08\\\/OBK-1.png\",\"width\":575,\"height\":575},{\"@type\":\"BreadcrumbList\",\"@id\":\"https:\\\/\\\/www.akuryprodukte.de\\\/en\\\/shop\\\/obk-blutkreislauf\\\/#breadcrumb\",\"itemListElement\":[{\"@type\":\"ListItem\",\"position\":1,\"name\":\"Startseite\",\"item\":\"https:\\\/\\\/www.akuryprodukte.de\\\/en\\\/\"},{\"@type\":\"ListItem\",\"position\":2,\"name\":\"Shop\",\"item\":\"https:\\\/\\\/www.akuryprodukte.de\\\/en\\\/shop-en\\\/\"},{\"@type\":\"ListItem\",\"position\":3,\"name\":\"OBK &#8211; Blutkreislauf\"}]},{\"@type\":\"WebSite\",\"@id\":\"https:\\\/\\\/www.akuryprodukte.de\\\/en\\\/#website\",\"url\":\"https:\\\/\\\/www.akuryprodukte.de\\\/en\\\/\",\"name\":\"akury\",\"description\":\"Produkte f\u00fcr Ihr Wohlbefinden\",\"publisher\":{\"@id\":\"https:\\\/\\\/www.akuryprodukte.de\\\/en\\\/#organization\"},\"potentialAction\":[{\"@type\":\"SearchAction\",\"target\":{\"@type\":\"EntryPoint\",\"urlTemplate\":\"https:\\\/\\\/www.akuryprodukte.de\\\/en\\\/?s={search_term_string}\"},\"query-input\":{\"@type\":\"PropertyValueSpecification\",\"valueRequired\":true,\"valueName\":\"search_term_string\"}}],\"inLanguage\":\"en-US\"},{\"@type\":\"Organization\",\"@id\":\"https:\\\/\\\/www.akuryprodukte.de\\\/en\\\/#organization\",\"name\":\"AkuRy GmbH\",\"url\":\"https:\\\/\\\/www.akuryprodukte.de\\\/en\\\/\",\"logo\":{\"@type\":\"ImageObject\",\"inLanguage\":\"en-US\",\"@id\":\"https:\\\/\\\/www.akuryprodukte.de\\\/en\\\/#\\\/schema\\\/logo\\\/image\\\/\",\"url\":\"https:\\\/\\\/www.akuryprodukte.de\\\/wp-content\\\/uploads\\\/2020\\\/09\\\/Logo_AKY-p-512.jpg\",\"contentUrl\":\"https:\\\/\\\/www.akuryprodukte.de\\\/wp-content\\\/uploads\\\/2020\\\/09\\\/Logo_AKY-p-512.jpg\",\"width\":512,\"height\":512,\"caption\":\"AkuRy GmbH\"},\"image\":{\"@id\":\"https:\\\/\\\/www.akuryprodukte.de\\\/en\\\/#\\\/schema\\\/logo\\\/image\\\/\"},\"sameAs\":[\"https:\\\/\\\/de-de.facebook.com\\\/bioenergetischesinformationsmanagement\\\/\",\"https:\\\/\\\/x.com\\\/heiko_wenner\",\"https:\\\/\\\/www.instagram.com\\\/akury_gmbh\\\/\",\"https:\\\/\\\/www.youtube.com\\\/channel\\\/UCyItRPbJUon1m0Gq6kV2Izw\"]}]}<\/script>\n<!-- \/ Yoast SEO plugin. -->","yoast_head_json":{"title":"OBK - Blutkreislauf - akury","robots":{"index":"index","follow":"follow","max-snippet":"max-snippet:-1","max-image-preview":"max-image-preview:large","max-video-preview":"max-video-preview:-1"},"canonical":"https:\/\/www.akuryprodukte.de\/en\/shop\/obk-blutkreislauf\/","og_locale":"en_US","og_type":"article","og_title":"OBK - Blutkreislauf - akury","og_description":"OBK Optimaler Blutkreislauf Der optimale Blutkreislauf ist ein komplexes und effizientes System, das f\u00fcr die Aufrechterhaltung der Gesundheit und Funktion aller Organe und Gewebe im K\u00f6rper unerl\u00e4sslich ist. Das Herz ist die zentrale Pumpe dieses Systems. Es besteht aus vier Kammern: den beiden oberen Vorh\u00f6fen und den beiden unteren Ventrikeln. Mit jedem Herzschlag pumpt das [&hellip;]","og_url":"https:\/\/www.akuryprodukte.de\/en\/shop\/obk-blutkreislauf\/","og_site_name":"akury","article_publisher":"https:\/\/de-de.facebook.com\/bioenergetischesinformationsmanagement\/","article_modified_time":"2024-08-07T06:43:03+00:00","og_image":[{"width":575,"height":575,"url":"https:\/\/www.akuryprodukte.de\/wp-content\/uploads\/2024\/08\/OBK-1.png","type":"image\/png"}],"twitter_card":"summary_large_image","twitter_site":"@heiko_wenner","twitter_misc":{"Est. reading time":"2 minutes"},"schema":{"@context":"https:\/\/schema.org","@graph":[{"@type":"WebPage","@id":"https:\/\/www.akuryprodukte.de\/en\/shop\/obk-blutkreislauf\/","url":"https:\/\/www.akuryprodukte.de\/en\/shop\/obk-blutkreislauf\/","name":"OBK - Blutkreislauf - akury","isPartOf":{"@id":"https:\/\/www.akuryprodukte.de\/en\/#website"},"primaryImageOfPage":{"@id":"https:\/\/www.akuryprodukte.de\/en\/shop\/obk-blutkreislauf\/#primaryimage"},"image":{"@id":"https:\/\/www.akuryprodukte.de\/en\/shop\/obk-blutkreislauf\/#primaryimage"},"thumbnailUrl":"https:\/\/www.akuryprodukte.de\/wp-content\/uploads\/2024\/08\/OBK-1.png","datePublished":"2024-08-07T06:34:01+00:00","dateModified":"2024-08-07T06:43:03+00:00","breadcrumb":{"@id":"https:\/\/www.akuryprodukte.de\/en\/shop\/obk-blutkreislauf\/#breadcrumb"},"inLanguage":"en-US","potentialAction":[{"@type":"ReadAction","target":["https:\/\/www.akuryprodukte.de\/en\/shop\/obk-blutkreislauf\/"]}]},{"@type":"ImageObject","inLanguage":"en-US","@id":"https:\/\/www.akuryprodukte.de\/en\/shop\/obk-blutkreislauf\/#primaryimage","url":"https:\/\/www.akuryprodukte.de\/wp-content\/uploads\/2024\/08\/OBK-1.png","contentUrl":"https:\/\/www.akuryprodukte.de\/wp-content\/uploads\/2024\/08\/OBK-1.png","width":575,"height":575},{"@type":"BreadcrumbList","@id":"https:\/\/www.akuryprodukte.de\/en\/shop\/obk-blutkreislauf\/#breadcrumb","itemListElement":[{"@type":"ListItem","position":1,"name":"Startseite","item":"https:\/\/www.akuryprodukte.de\/en\/"},{"@type":"ListItem","position":2,"name":"Shop","item":"https:\/\/www.akuryprodukte.de\/en\/shop-en\/"},{"@type":"ListItem","position":3,"name":"OBK &#8211; Blutkreislauf"}]},{"@type":"WebSite","@id":"https:\/\/www.akuryprodukte.de\/en\/#website","url":"https:\/\/www.akuryprodukte.de\/en\/","name":"akury","description":"Produkte f\u00fcr Ihr Wohlbefinden","publisher":{"@id":"https:\/\/www.akuryprodukte.de\/en\/#organization"},"potentialAction":[{"@type":"SearchAction","target":{"@type":"EntryPoint","urlTemplate":"https:\/\/www.akuryprodukte.de\/en\/?s={search_term_string}"},"query-input":{"@type":"PropertyValueSpecification","valueRequired":true,"valueName":"search_term_string"}}],"inLanguage":"en-US"},{"@type":"Organization","@id":"https:\/\/www.akuryprodukte.de\/en\/#organization","name":"AkuRy GmbH","url":"https:\/\/www.akuryprodukte.de\/en\/","logo":{"@type":"ImageObject","inLanguage":"en-US","@id":"https:\/\/www.akuryprodukte.de\/en\/#\/schema\/logo\/image\/","url":"https:\/\/www.akuryprodukte.de\/wp-content\/uploads\/2020\/09\/Logo_AKY-p-512.jpg","contentUrl":"https:\/\/www.akuryprodukte.de\/wp-content\/uploads\/2020\/09\/Logo_AKY-p-512.jpg","width":512,"height":512,"caption":"AkuRy GmbH"},"image":{"@id":"https:\/\/www.akuryprodukte.de\/en\/#\/schema\/logo\/image\/"},"sameAs":["https:\/\/de-de.facebook.com\/bioenergetischesinformationsmanagement\/","https:\/\/x.com\/heiko_wenner","https:\/\/www.instagram.com\/akury_gmbh\/","https:\/\/www.youtube.com\/channel\/UCyItRPbJUon1m0Gq6kV2Izw"]}]}},"_links":{"self":[{"href":"https:\/\/www.akuryprodukte.de\/en\/wp-json\/wp\/v2\/product\/20474","targetHints":{"allow":["GET"]}}],"collection":[{"href":"https:\/\/www.akuryprodukte.de\/en\/wp-json\/wp\/v2\/product"}],"about":[{"href":"https:\/\/www.akuryprodukte.de\/en\/wp-json\/wp\/v2\/types\/product"}],"replies":[{"embeddable":true,"href":"https:\/\/www.akuryprodukte.de\/en\/wp-json\/wp\/v2\/comments?post=20474"}],"wp:featuredmedia":[{"embeddable":true,"href":"https:\/\/www.akuryprodukte.de\/en\/wp-json\/wp\/v2\/media\/20480"}],"wp:attachment":[{"href":"https:\/\/www.akuryprodukte.de\/en\/wp-json\/wp\/v2\/media?parent=20474"}],"wp:term":[{"taxonomy":"product_brand","embeddable":true,"href":"https:\/\/www.akuryprodukte.de\/en\/wp-json\/wp\/v2\/product_brand?post=20474"},{"taxonomy":"product_cat","embeddable":true,"href":"https:\/\/www.akuryprodukte.de\/en\/wp-json\/wp\/v2\/product_cat?post=20474"},{"taxonomy":"product_tag","embeddable":true,"href":"https:\/\/www.akuryprodukte.de\/en\/wp-json\/wp\/v2\/product_tag?post=20474"}],"curies":[{"name":"wp","href":"https:\/\/api.w.org\/{rel}","templated":true}]}}