{"id":20475,"date":"2024-08-07T08:36:37","date_gmt":"2024-08-07T06:36:37","guid":{"rendered":"https:\/\/www.akuryprodukte.de\/?post_type=product&#038;p=20475"},"modified":"2024-08-07T08:40:08","modified_gmt":"2024-08-07T06:40:08","slug":"thr-thrombose","status":"publish","type":"product","link":"https:\/\/www.akuryprodukte.de\/en\/shop\/thr-thrombose\/","title":{"rendered":"THR &#8211; Thrombose"},"content":{"rendered":"<p><strong>THR Thrombose<\/strong><\/p>\n<p>Eine\u00a0Thrombose\u00a0ist ein medizinischer Zustand, der auftritt, wenn sich ein Blutgerinnsel in einem Blutgef\u00e4\u00df bildet. Dies kann in jeder Art von Gef\u00e4\u00df auftreten, einschlie\u00dflich Venen und Arterien. Es ist besonders gef\u00e4hrlich, wenn es in den tiefen Venen des Beins (tiefe Venenthrombose) oder in den Lungen (Lungenembolie) auftritt.<\/p>\n<p>Die Bildung eines Blutgerinnsels kann durch verschiedene Faktoren ausgel\u00f6st werden, darunter:<\/p>\n<ul>\n<li>L\u00e4ngere Inaktivit\u00e4t, wie sie bei langen Flug- oder Autofahrten oder nach Operationen auftritt.<\/li>\n<li>Bestimmte medizinische Bedingungen, die das Blut dicker oder klebriger machen, wie Krebs oder genetische St\u00f6rungen.<\/li>\n<li>Sch\u00e4den an den Blutgef\u00e4\u00dfen durch Verletzungen oder Operationen.<\/li>\n<li>Bestimmte Medikamente, wie die Antibabypille oder Hormonersatztherapie, die das Risiko von Blutgerinnseln erh\u00f6hen k\u00f6nnen.<\/li>\n<\/ul>\n<p>Die Symptome einer Thrombose k\u00f6nnen variieren, abh\u00e4ngig davon, wo das Gerinnsel auftritt. Bei einer tiefen Venenthrombose k\u00f6nnen Symptome Schwellungen, Schmerzen, W\u00e4rme und R\u00f6tungen im betroffenen Bein sein. Bei einer Lungenembolie k\u00f6nnen Symptome pl\u00f6tzliche Atemnot, Brustschmerzen oder ein Gef\u00fchl von Unwohlsein sein.<\/p>\n<p>Der Chip soll dazu beitragen, unterst\u00fctzend einer Thrombose vorzubeugen und die Ursachen zu mildern.<\/p>\n","protected":false},"excerpt":{"rendered":"<p>THR Thrombose Eine\u00a0Thrombose\u00a0ist ein medizinischer Zustand, der auftritt, wenn sich ein Blutgerinnsel in einem Blutgef\u00e4\u00df bildet. Dies kann in jeder Art von Gef\u00e4\u00df auftreten, einschlie\u00dflich Venen und Arterien. Es ist besonders gef\u00e4hrlich, wenn es in den tiefen Venen des Beins (tiefe Venenthrombose) oder in den Lungen (Lungenembolie) auftritt. Die Bildung eines Blutgerinnsels kann durch verschiedene [&hellip;]<\/p>\n","protected":false},"featured_media":20478,"comment_status":"closed","ping_status":"closed","template":"","meta":[],"product_brand":[],"product_cat":[3004,34],"product_tag":[],"class_list":{"0":"post-20475","1":"product","2":"type-product","3":"status-publish","4":"has-post-thumbnail","6":"product_cat-info-chips-herzkreislauf","7":"product_cat-info-chips-a-z","9":"first","10":"instock","11":"taxable","12":"shipping-taxable","13":"purchasable","14":"product-type-simple"},"yoast_head":"<!-- This site is optimized with the Yoast SEO plugin v27.3 - https:\/\/yoast.com\/product\/yoast-seo-wordpress\/ -->\n<title>THR - Thrombose - akury<\/title>\n<meta name=\"robots\" content=\"index, follow, max-snippet:-1, max-image-preview:large, max-video-preview:-1\" \/>\n<link rel=\"canonical\" href=\"https:\/\/www.akuryprodukte.de\/en\/shop\/thr-thrombose\/\" \/>\n<meta property=\"og:locale\" content=\"en_US\" \/>\n<meta property=\"og:type\" content=\"article\" \/>\n<meta property=\"og:title\" content=\"THR - Thrombose - akury\" \/>\n<meta property=\"og:description\" content=\"THR Thrombose Eine\u00a0Thrombose\u00a0ist ein medizinischer Zustand, der auftritt, wenn sich ein Blutgerinnsel in einem Blutgef\u00e4\u00df bildet. Dies kann in jeder Art von Gef\u00e4\u00df auftreten, einschlie\u00dflich Venen und Arterien. Es ist besonders gef\u00e4hrlich, wenn es in den tiefen Venen des Beins (tiefe Venenthrombose) oder in den Lungen (Lungenembolie) auftritt. Die Bildung eines Blutgerinnsels kann durch verschiedene [&hellip;]\" \/>\n<meta property=\"og:url\" content=\"https:\/\/www.akuryprodukte.de\/en\/shop\/thr-thrombose\/\" \/>\n<meta property=\"og:site_name\" content=\"akury\" \/>\n<meta property=\"article:publisher\" content=\"https:\/\/de-de.facebook.com\/bioenergetischesinformationsmanagement\/\" \/>\n<meta property=\"article:modified_time\" content=\"2024-08-07T06:40:08+00:00\" \/>\n<meta property=\"og:image\" content=\"https:\/\/www.akuryprodukte.de\/wp-content\/uploads\/2024\/08\/THR-1.png\" \/>\n\t<meta property=\"og:image:width\" content=\"575\" \/>\n\t<meta property=\"og:image:height\" content=\"575\" \/>\n\t<meta property=\"og:image:type\" content=\"image\/png\" \/>\n<meta name=\"twitter:card\" content=\"summary_large_image\" \/>\n<meta name=\"twitter:site\" content=\"@heiko_wenner\" \/>\n<meta name=\"twitter:label1\" content=\"Est. reading time\" \/>\n\t<meta name=\"twitter:data1\" content=\"2 minutes\" \/>\n<script type=\"application\/ld+json\" class=\"yoast-schema-graph\">{\"@context\":\"https:\\\/\\\/schema.org\",\"@graph\":[{\"@type\":\"WebPage\",\"@id\":\"https:\\\/\\\/www.akuryprodukte.de\\\/en\\\/shop\\\/thr-thrombose\\\/\",\"url\":\"https:\\\/\\\/www.akuryprodukte.de\\\/en\\\/shop\\\/thr-thrombose\\\/\",\"name\":\"THR - Thrombose - akury\",\"isPartOf\":{\"@id\":\"https:\\\/\\\/www.akuryprodukte.de\\\/en\\\/#website\"},\"primaryImageOfPage\":{\"@id\":\"https:\\\/\\\/www.akuryprodukte.de\\\/en\\\/shop\\\/thr-thrombose\\\/#primaryimage\"},\"image\":{\"@id\":\"https:\\\/\\\/www.akuryprodukte.de\\\/en\\\/shop\\\/thr-thrombose\\\/#primaryimage\"},\"thumbnailUrl\":\"https:\\\/\\\/www.akuryprodukte.de\\\/wp-content\\\/uploads\\\/2024\\\/08\\\/THR-1.png\",\"datePublished\":\"2024-08-07T06:36:37+00:00\",\"dateModified\":\"2024-08-07T06:40:08+00:00\",\"breadcrumb\":{\"@id\":\"https:\\\/\\\/www.akuryprodukte.de\\\/en\\\/shop\\\/thr-thrombose\\\/#breadcrumb\"},\"inLanguage\":\"en-US\",\"potentialAction\":[{\"@type\":\"ReadAction\",\"target\":[\"https:\\\/\\\/www.akuryprodukte.de\\\/en\\\/shop\\\/thr-thrombose\\\/\"]}]},{\"@type\":\"ImageObject\",\"inLanguage\":\"en-US\",\"@id\":\"https:\\\/\\\/www.akuryprodukte.de\\\/en\\\/shop\\\/thr-thrombose\\\/#primaryimage\",\"url\":\"https:\\\/\\\/www.akuryprodukte.de\\\/wp-content\\\/uploads\\\/2024\\\/08\\\/THR-1.png\",\"contentUrl\":\"https:\\\/\\\/www.akuryprodukte.de\\\/wp-content\\\/uploads\\\/2024\\\/08\\\/THR-1.png\",\"width\":575,\"height\":575},{\"@type\":\"BreadcrumbList\",\"@id\":\"https:\\\/\\\/www.akuryprodukte.de\\\/en\\\/shop\\\/thr-thrombose\\\/#breadcrumb\",\"itemListElement\":[{\"@type\":\"ListItem\",\"position\":1,\"name\":\"Startseite\",\"item\":\"https:\\\/\\\/www.akuryprodukte.de\\\/en\\\/\"},{\"@type\":\"ListItem\",\"position\":2,\"name\":\"Shop\",\"item\":\"https:\\\/\\\/www.akuryprodukte.de\\\/en\\\/shop-en\\\/\"},{\"@type\":\"ListItem\",\"position\":3,\"name\":\"THR &#8211; Thrombose\"}]},{\"@type\":\"WebSite\",\"@id\":\"https:\\\/\\\/www.akuryprodukte.de\\\/en\\\/#website\",\"url\":\"https:\\\/\\\/www.akuryprodukte.de\\\/en\\\/\",\"name\":\"akury\",\"description\":\"Produkte f\u00fcr Ihr Wohlbefinden\",\"publisher\":{\"@id\":\"https:\\\/\\\/www.akuryprodukte.de\\\/en\\\/#organization\"},\"potentialAction\":[{\"@type\":\"SearchAction\",\"target\":{\"@type\":\"EntryPoint\",\"urlTemplate\":\"https:\\\/\\\/www.akuryprodukte.de\\\/en\\\/?s={search_term_string}\"},\"query-input\":{\"@type\":\"PropertyValueSpecification\",\"valueRequired\":true,\"valueName\":\"search_term_string\"}}],\"inLanguage\":\"en-US\"},{\"@type\":\"Organization\",\"@id\":\"https:\\\/\\\/www.akuryprodukte.de\\\/en\\\/#organization\",\"name\":\"AkuRy GmbH\",\"url\":\"https:\\\/\\\/www.akuryprodukte.de\\\/en\\\/\",\"logo\":{\"@type\":\"ImageObject\",\"inLanguage\":\"en-US\",\"@id\":\"https:\\\/\\\/www.akuryprodukte.de\\\/en\\\/#\\\/schema\\\/logo\\\/image\\\/\",\"url\":\"https:\\\/\\\/www.akuryprodukte.de\\\/wp-content\\\/uploads\\\/2020\\\/09\\\/Logo_AKY-p-512.jpg\",\"contentUrl\":\"https:\\\/\\\/www.akuryprodukte.de\\\/wp-content\\\/uploads\\\/2020\\\/09\\\/Logo_AKY-p-512.jpg\",\"width\":512,\"height\":512,\"caption\":\"AkuRy GmbH\"},\"image\":{\"@id\":\"https:\\\/\\\/www.akuryprodukte.de\\\/en\\\/#\\\/schema\\\/logo\\\/image\\\/\"},\"sameAs\":[\"https:\\\/\\\/de-de.facebook.com\\\/bioenergetischesinformationsmanagement\\\/\",\"https:\\\/\\\/x.com\\\/heiko_wenner\",\"https:\\\/\\\/www.instagram.com\\\/akury_gmbh\\\/\",\"https:\\\/\\\/www.youtube.com\\\/channel\\\/UCyItRPbJUon1m0Gq6kV2Izw\"]}]}<\/script>\n<!-- \/ Yoast SEO plugin. -->","yoast_head_json":{"title":"THR - Thrombose - akury","robots":{"index":"index","follow":"follow","max-snippet":"max-snippet:-1","max-image-preview":"max-image-preview:large","max-video-preview":"max-video-preview:-1"},"canonical":"https:\/\/www.akuryprodukte.de\/en\/shop\/thr-thrombose\/","og_locale":"en_US","og_type":"article","og_title":"THR - Thrombose - akury","og_description":"THR Thrombose Eine\u00a0Thrombose\u00a0ist ein medizinischer Zustand, der auftritt, wenn sich ein Blutgerinnsel in einem Blutgef\u00e4\u00df bildet. Dies kann in jeder Art von Gef\u00e4\u00df auftreten, einschlie\u00dflich Venen und Arterien. Es ist besonders gef\u00e4hrlich, wenn es in den tiefen Venen des Beins (tiefe Venenthrombose) oder in den Lungen (Lungenembolie) auftritt. Die Bildung eines Blutgerinnsels kann durch verschiedene [&hellip;]","og_url":"https:\/\/www.akuryprodukte.de\/en\/shop\/thr-thrombose\/","og_site_name":"akury","article_publisher":"https:\/\/de-de.facebook.com\/bioenergetischesinformationsmanagement\/","article_modified_time":"2024-08-07T06:40:08+00:00","og_image":[{"width":575,"height":575,"url":"https:\/\/www.akuryprodukte.de\/wp-content\/uploads\/2024\/08\/THR-1.png","type":"image\/png"}],"twitter_card":"summary_large_image","twitter_site":"@heiko_wenner","twitter_misc":{"Est. reading time":"2 minutes"},"schema":{"@context":"https:\/\/schema.org","@graph":[{"@type":"WebPage","@id":"https:\/\/www.akuryprodukte.de\/en\/shop\/thr-thrombose\/","url":"https:\/\/www.akuryprodukte.de\/en\/shop\/thr-thrombose\/","name":"THR - Thrombose - akury","isPartOf":{"@id":"https:\/\/www.akuryprodukte.de\/en\/#website"},"primaryImageOfPage":{"@id":"https:\/\/www.akuryprodukte.de\/en\/shop\/thr-thrombose\/#primaryimage"},"image":{"@id":"https:\/\/www.akuryprodukte.de\/en\/shop\/thr-thrombose\/#primaryimage"},"thumbnailUrl":"https:\/\/www.akuryprodukte.de\/wp-content\/uploads\/2024\/08\/THR-1.png","datePublished":"2024-08-07T06:36:37+00:00","dateModified":"2024-08-07T06:40:08+00:00","breadcrumb":{"@id":"https:\/\/www.akuryprodukte.de\/en\/shop\/thr-thrombose\/#breadcrumb"},"inLanguage":"en-US","potentialAction":[{"@type":"ReadAction","target":["https:\/\/www.akuryprodukte.de\/en\/shop\/thr-thrombose\/"]}]},{"@type":"ImageObject","inLanguage":"en-US","@id":"https:\/\/www.akuryprodukte.de\/en\/shop\/thr-thrombose\/#primaryimage","url":"https:\/\/www.akuryprodukte.de\/wp-content\/uploads\/2024\/08\/THR-1.png","contentUrl":"https:\/\/www.akuryprodukte.de\/wp-content\/uploads\/2024\/08\/THR-1.png","width":575,"height":575},{"@type":"BreadcrumbList","@id":"https:\/\/www.akuryprodukte.de\/en\/shop\/thr-thrombose\/#breadcrumb","itemListElement":[{"@type":"ListItem","position":1,"name":"Startseite","item":"https:\/\/www.akuryprodukte.de\/en\/"},{"@type":"ListItem","position":2,"name":"Shop","item":"https:\/\/www.akuryprodukte.de\/en\/shop-en\/"},{"@type":"ListItem","position":3,"name":"THR &#8211; Thrombose"}]},{"@type":"WebSite","@id":"https:\/\/www.akuryprodukte.de\/en\/#website","url":"https:\/\/www.akuryprodukte.de\/en\/","name":"akury","description":"Produkte f\u00fcr Ihr Wohlbefinden","publisher":{"@id":"https:\/\/www.akuryprodukte.de\/en\/#organization"},"potentialAction":[{"@type":"SearchAction","target":{"@type":"EntryPoint","urlTemplate":"https:\/\/www.akuryprodukte.de\/en\/?s={search_term_string}"},"query-input":{"@type":"PropertyValueSpecification","valueRequired":true,"valueName":"search_term_string"}}],"inLanguage":"en-US"},{"@type":"Organization","@id":"https:\/\/www.akuryprodukte.de\/en\/#organization","name":"AkuRy GmbH","url":"https:\/\/www.akuryprodukte.de\/en\/","logo":{"@type":"ImageObject","inLanguage":"en-US","@id":"https:\/\/www.akuryprodukte.de\/en\/#\/schema\/logo\/image\/","url":"https:\/\/www.akuryprodukte.de\/wp-content\/uploads\/2020\/09\/Logo_AKY-p-512.jpg","contentUrl":"https:\/\/www.akuryprodukte.de\/wp-content\/uploads\/2020\/09\/Logo_AKY-p-512.jpg","width":512,"height":512,"caption":"AkuRy GmbH"},"image":{"@id":"https:\/\/www.akuryprodukte.de\/en\/#\/schema\/logo\/image\/"},"sameAs":["https:\/\/de-de.facebook.com\/bioenergetischesinformationsmanagement\/","https:\/\/x.com\/heiko_wenner","https:\/\/www.instagram.com\/akury_gmbh\/","https:\/\/www.youtube.com\/channel\/UCyItRPbJUon1m0Gq6kV2Izw"]}]}},"_links":{"self":[{"href":"https:\/\/www.akuryprodukte.de\/en\/wp-json\/wp\/v2\/product\/20475","targetHints":{"allow":["GET"]}}],"collection":[{"href":"https:\/\/www.akuryprodukte.de\/en\/wp-json\/wp\/v2\/product"}],"about":[{"href":"https:\/\/www.akuryprodukte.de\/en\/wp-json\/wp\/v2\/types\/product"}],"replies":[{"embeddable":true,"href":"https:\/\/www.akuryprodukte.de\/en\/wp-json\/wp\/v2\/comments?post=20475"}],"wp:featuredmedia":[{"embeddable":true,"href":"https:\/\/www.akuryprodukte.de\/en\/wp-json\/wp\/v2\/media\/20478"}],"wp:attachment":[{"href":"https:\/\/www.akuryprodukte.de\/en\/wp-json\/wp\/v2\/media?parent=20475"}],"wp:term":[{"taxonomy":"product_brand","embeddable":true,"href":"https:\/\/www.akuryprodukte.de\/en\/wp-json\/wp\/v2\/product_brand?post=20475"},{"taxonomy":"product_cat","embeddable":true,"href":"https:\/\/www.akuryprodukte.de\/en\/wp-json\/wp\/v2\/product_cat?post=20475"},{"taxonomy":"product_tag","embeddable":true,"href":"https:\/\/www.akuryprodukte.de\/en\/wp-json\/wp\/v2\/product_tag?post=20475"}],"curies":[{"name":"wp","href":"https:\/\/api.w.org\/{rel}","templated":true}]}}