{"id":20482,"date":"2024-08-07T08:44:01","date_gmt":"2024-08-07T06:44:01","guid":{"rendered":"https:\/\/www.akuryprodukte.de\/?post_type=product&#038;p=20482"},"modified":"2024-08-07T08:46:07","modified_gmt":"2024-08-07T06:46:07","slug":"auv-arterien-und-venen","status":"publish","type":"product","link":"https:\/\/www.akuryprodukte.de\/en\/shop\/auv-arterien-und-venen\/","title":{"rendered":"AUV &#8211; Arterien und Venen"},"content":{"rendered":"<p><strong>AUV\u00a0 Arterien und Venen<\/strong><\/p>\n<p>Arterien transportieren sauerstoffreiches Blut vom Herzen zum K\u00f6rper, w\u00e4hrend Venen sauerstoffarmes Blut vom K\u00f6rper zum Herzen zur\u00fcckf\u00fchren. Ihre optimale Funktion ist entscheidend f\u00fcr die Aufrechterhaltung eines stabilen Blutdrucks und die Versorgung der Organe mit Sauerstoff und N\u00e4hrstoffen.<\/p>\n<p>Es gibt verschiedene Erkrankungen, die Arterien und Venen betreffen k\u00f6nnen. Hier sind einige davon:<\/p>\n<p><a href=\"https:\/\/www.zavamed.com\/de\/gefaesserkrankungen.html\">H\u00e4ufige arterielle Erkrankungen<\/a>:<\/p>\n<ul>\n<li><a href=\"https:\/\/www.zavamed.com\/de\/gefaesserkrankungen.html\">Periphere arterielle Verschlusskrankheit (PAVK): Sie betrifft die Arterien der Gliedma\u00dfen, insbesondere die im Becken und in den Unterschenkeln<\/a>.<\/li>\n<li><a href=\"https:\/\/www.zavamed.com\/de\/gefaesserkrankungen.html\">Gef\u00e4\u00dfverschl\u00fcsse: Diese entstehen meist durch Thromben, also Blutgerinnsel in den Gef\u00e4\u00dfen<\/a>.<\/li>\n<li><a href=\"https:\/\/www.zavamed.com\/de\/gefaesserkrankungen.html\">Aussackung in einer oder mehreren Arterien: Dies ist eine Erweiterung oder Ausbuchtung in der Wand einer Arterie<\/a>.<\/li>\n<li><a href=\"https:\/\/www.zavamed.com\/de\/gefaesserkrankungen.html\">Entz\u00fcndliche Erscheinungen der Arterien: Dies kann eine Vielzahl von Zust\u00e4nden umfassen, einschlie\u00dflich Arteriitis und Atherosklerose<\/a>.<\/li>\n<\/ul>\n<p><a href=\"https:\/\/www.zavamed.com\/de\/gefaesserkrankungen.html\">H\u00e4ufige Venenerkrankungen<\/a>:<\/p>\n<ul>\n<li><a href=\"https:\/\/www.zavamed.com\/de\/gefaesserkrankungen.html\">Besenreiser: Dies sind kleine, erweiterte Blutgef\u00e4\u00dfe, die nahe der Hautoberfl\u00e4che sichtbar sind<\/a>.<\/li>\n<li><a href=\"https:\/\/www.zavamed.com\/de\/gefaesserkrankungen.html\">Chronische Veneninsuffizienz (CVI): Dies ist ein Zustand, bei dem die Venen nicht effektiv Blut zum Herzen zur\u00fcckf\u00fchren<\/a>.<\/li>\n<li><a href=\"https:\/\/www.zavamed.com\/de\/gefaesserkrankungen.html\">Krampfadern (Varizen): Dies sind erweiterte, geschl\u00e4ngelte Venen, die oft an den Beinen sichtbar sind<\/a>.<\/li>\n<li><a href=\"https:\/\/www.zavamed.com\/de\/gefaesserkrankungen.html\">Offenes Bein (Ulcus cruris venosum): Dies ist ein offenes Geschw\u00fcr, das sich meist am Unterschenkel entwickelt und oft das Ergebnis einer lang anhaltenden Venenkrankheit ist<\/a>.<\/li>\n<li><a href=\"https:\/\/www.zavamed.com\/de\/gefaesserkrankungen.html\">Venenthrombose: Dies ist ein Blutgerinnsel in einer Vene, meist in den tiefen Venen des Beins<\/a>.<\/li>\n<li><a href=\"https:\/\/www.zavamed.com\/de\/gefaesserkrankungen.html\">Venenentz\u00fcndung (Phlebitis): Dies ist eine Entz\u00fcndung der Venenwand<\/a>.<\/li>\n<\/ul>\n<p>&nbsp;<\/p>\n<p>Der Chip soll dazu beitragen, die optimale Funktion der Arterien und Venen zu unterst\u00fctzen.<\/p>\n<p><strong>\u00a0<\/strong><\/p>\n","protected":false},"excerpt":{"rendered":"<p>AUV\u00a0 Arterien und Venen Arterien transportieren sauerstoffreiches Blut vom Herzen zum K\u00f6rper, w\u00e4hrend Venen sauerstoffarmes Blut vom K\u00f6rper zum Herzen zur\u00fcckf\u00fchren. Ihre optimale Funktion ist entscheidend f\u00fcr die Aufrechterhaltung eines stabilen Blutdrucks und die Versorgung der Organe mit Sauerstoff und N\u00e4hrstoffen. Es gibt verschiedene Erkrankungen, die Arterien und Venen betreffen k\u00f6nnen. Hier sind einige davon: [&hellip;]<\/p>\n","protected":false},"featured_media":20476,"comment_status":"closed","ping_status":"closed","template":"","meta":[],"product_brand":[],"product_cat":[3004,34],"product_tag":[],"class_list":{"0":"post-20482","1":"product","2":"type-product","3":"status-publish","4":"has-post-thumbnail","6":"product_cat-info-chips-herzkreislauf","7":"product_cat-info-chips-a-z","9":"first","10":"instock","11":"taxable","12":"shipping-taxable","13":"purchasable","14":"product-type-simple"},"yoast_head":"<!-- This site is optimized with the Yoast SEO plugin v27.3 - https:\/\/yoast.com\/product\/yoast-seo-wordpress\/ -->\n<title>AUV - Arterien und Venen - akury<\/title>\n<meta name=\"robots\" content=\"index, follow, max-snippet:-1, max-image-preview:large, max-video-preview:-1\" \/>\n<link rel=\"canonical\" href=\"https:\/\/www.akuryprodukte.de\/en\/shop\/auv-arterien-und-venen\/\" \/>\n<meta property=\"og:locale\" content=\"en_US\" \/>\n<meta property=\"og:type\" content=\"article\" \/>\n<meta property=\"og:title\" content=\"AUV - Arterien und Venen - akury\" \/>\n<meta property=\"og:description\" content=\"AUV\u00a0 Arterien und Venen Arterien transportieren sauerstoffreiches Blut vom Herzen zum K\u00f6rper, w\u00e4hrend Venen sauerstoffarmes Blut vom K\u00f6rper zum Herzen zur\u00fcckf\u00fchren. Ihre optimale Funktion ist entscheidend f\u00fcr die Aufrechterhaltung eines stabilen Blutdrucks und die Versorgung der Organe mit Sauerstoff und N\u00e4hrstoffen. Es gibt verschiedene Erkrankungen, die Arterien und Venen betreffen k\u00f6nnen. Hier sind einige davon: [&hellip;]\" \/>\n<meta property=\"og:url\" content=\"https:\/\/www.akuryprodukte.de\/en\/shop\/auv-arterien-und-venen\/\" \/>\n<meta property=\"og:site_name\" content=\"akury\" \/>\n<meta property=\"article:publisher\" content=\"https:\/\/de-de.facebook.com\/bioenergetischesinformationsmanagement\/\" \/>\n<meta property=\"article:modified_time\" content=\"2024-08-07T06:46:07+00:00\" \/>\n<meta property=\"og:image\" content=\"https:\/\/www.akuryprodukte.de\/wp-content\/uploads\/2024\/08\/AUV-1.png\" \/>\n\t<meta property=\"og:image:width\" content=\"575\" \/>\n\t<meta property=\"og:image:height\" content=\"575\" \/>\n\t<meta property=\"og:image:type\" content=\"image\/png\" \/>\n<meta name=\"twitter:card\" content=\"summary_large_image\" \/>\n<meta name=\"twitter:site\" content=\"@heiko_wenner\" \/>\n<meta name=\"twitter:label1\" content=\"Est. reading time\" \/>\n\t<meta name=\"twitter:data1\" content=\"2 minutes\" \/>\n<script type=\"application\/ld+json\" class=\"yoast-schema-graph\">{\"@context\":\"https:\\\/\\\/schema.org\",\"@graph\":[{\"@type\":\"WebPage\",\"@id\":\"https:\\\/\\\/www.akuryprodukte.de\\\/en\\\/shop\\\/auv-arterien-und-venen\\\/\",\"url\":\"https:\\\/\\\/www.akuryprodukte.de\\\/en\\\/shop\\\/auv-arterien-und-venen\\\/\",\"name\":\"AUV - Arterien und Venen - akury\",\"isPartOf\":{\"@id\":\"https:\\\/\\\/www.akuryprodukte.de\\\/en\\\/#website\"},\"primaryImageOfPage\":{\"@id\":\"https:\\\/\\\/www.akuryprodukte.de\\\/en\\\/shop\\\/auv-arterien-und-venen\\\/#primaryimage\"},\"image\":{\"@id\":\"https:\\\/\\\/www.akuryprodukte.de\\\/en\\\/shop\\\/auv-arterien-und-venen\\\/#primaryimage\"},\"thumbnailUrl\":\"https:\\\/\\\/www.akuryprodukte.de\\\/wp-content\\\/uploads\\\/2024\\\/08\\\/AUV-1.png\",\"datePublished\":\"2024-08-07T06:44:01+00:00\",\"dateModified\":\"2024-08-07T06:46:07+00:00\",\"breadcrumb\":{\"@id\":\"https:\\\/\\\/www.akuryprodukte.de\\\/en\\\/shop\\\/auv-arterien-und-venen\\\/#breadcrumb\"},\"inLanguage\":\"en-US\",\"potentialAction\":[{\"@type\":\"ReadAction\",\"target\":[\"https:\\\/\\\/www.akuryprodukte.de\\\/en\\\/shop\\\/auv-arterien-und-venen\\\/\"]}]},{\"@type\":\"ImageObject\",\"inLanguage\":\"en-US\",\"@id\":\"https:\\\/\\\/www.akuryprodukte.de\\\/en\\\/shop\\\/auv-arterien-und-venen\\\/#primaryimage\",\"url\":\"https:\\\/\\\/www.akuryprodukte.de\\\/wp-content\\\/uploads\\\/2024\\\/08\\\/AUV-1.png\",\"contentUrl\":\"https:\\\/\\\/www.akuryprodukte.de\\\/wp-content\\\/uploads\\\/2024\\\/08\\\/AUV-1.png\",\"width\":575,\"height\":575},{\"@type\":\"BreadcrumbList\",\"@id\":\"https:\\\/\\\/www.akuryprodukte.de\\\/en\\\/shop\\\/auv-arterien-und-venen\\\/#breadcrumb\",\"itemListElement\":[{\"@type\":\"ListItem\",\"position\":1,\"name\":\"Startseite\",\"item\":\"https:\\\/\\\/www.akuryprodukte.de\\\/en\\\/\"},{\"@type\":\"ListItem\",\"position\":2,\"name\":\"Shop\",\"item\":\"https:\\\/\\\/www.akuryprodukte.de\\\/en\\\/shop-en\\\/\"},{\"@type\":\"ListItem\",\"position\":3,\"name\":\"AUV &#8211; Arterien und Venen\"}]},{\"@type\":\"WebSite\",\"@id\":\"https:\\\/\\\/www.akuryprodukte.de\\\/en\\\/#website\",\"url\":\"https:\\\/\\\/www.akuryprodukte.de\\\/en\\\/\",\"name\":\"akury\",\"description\":\"Produkte f\u00fcr Ihr Wohlbefinden\",\"publisher\":{\"@id\":\"https:\\\/\\\/www.akuryprodukte.de\\\/en\\\/#organization\"},\"potentialAction\":[{\"@type\":\"SearchAction\",\"target\":{\"@type\":\"EntryPoint\",\"urlTemplate\":\"https:\\\/\\\/www.akuryprodukte.de\\\/en\\\/?s={search_term_string}\"},\"query-input\":{\"@type\":\"PropertyValueSpecification\",\"valueRequired\":true,\"valueName\":\"search_term_string\"}}],\"inLanguage\":\"en-US\"},{\"@type\":\"Organization\",\"@id\":\"https:\\\/\\\/www.akuryprodukte.de\\\/en\\\/#organization\",\"name\":\"AkuRy GmbH\",\"url\":\"https:\\\/\\\/www.akuryprodukte.de\\\/en\\\/\",\"logo\":{\"@type\":\"ImageObject\",\"inLanguage\":\"en-US\",\"@id\":\"https:\\\/\\\/www.akuryprodukte.de\\\/en\\\/#\\\/schema\\\/logo\\\/image\\\/\",\"url\":\"https:\\\/\\\/www.akuryprodukte.de\\\/wp-content\\\/uploads\\\/2020\\\/09\\\/Logo_AKY-p-512.jpg\",\"contentUrl\":\"https:\\\/\\\/www.akuryprodukte.de\\\/wp-content\\\/uploads\\\/2020\\\/09\\\/Logo_AKY-p-512.jpg\",\"width\":512,\"height\":512,\"caption\":\"AkuRy GmbH\"},\"image\":{\"@id\":\"https:\\\/\\\/www.akuryprodukte.de\\\/en\\\/#\\\/schema\\\/logo\\\/image\\\/\"},\"sameAs\":[\"https:\\\/\\\/de-de.facebook.com\\\/bioenergetischesinformationsmanagement\\\/\",\"https:\\\/\\\/x.com\\\/heiko_wenner\",\"https:\\\/\\\/www.instagram.com\\\/akury_gmbh\\\/\",\"https:\\\/\\\/www.youtube.com\\\/channel\\\/UCyItRPbJUon1m0Gq6kV2Izw\"]}]}<\/script>\n<!-- \/ Yoast SEO plugin. -->","yoast_head_json":{"title":"AUV - Arterien und Venen - akury","robots":{"index":"index","follow":"follow","max-snippet":"max-snippet:-1","max-image-preview":"max-image-preview:large","max-video-preview":"max-video-preview:-1"},"canonical":"https:\/\/www.akuryprodukte.de\/en\/shop\/auv-arterien-und-venen\/","og_locale":"en_US","og_type":"article","og_title":"AUV - Arterien und Venen - akury","og_description":"AUV\u00a0 Arterien und Venen Arterien transportieren sauerstoffreiches Blut vom Herzen zum K\u00f6rper, w\u00e4hrend Venen sauerstoffarmes Blut vom K\u00f6rper zum Herzen zur\u00fcckf\u00fchren. Ihre optimale Funktion ist entscheidend f\u00fcr die Aufrechterhaltung eines stabilen Blutdrucks und die Versorgung der Organe mit Sauerstoff und N\u00e4hrstoffen. Es gibt verschiedene Erkrankungen, die Arterien und Venen betreffen k\u00f6nnen. Hier sind einige davon: [&hellip;]","og_url":"https:\/\/www.akuryprodukte.de\/en\/shop\/auv-arterien-und-venen\/","og_site_name":"akury","article_publisher":"https:\/\/de-de.facebook.com\/bioenergetischesinformationsmanagement\/","article_modified_time":"2024-08-07T06:46:07+00:00","og_image":[{"width":575,"height":575,"url":"https:\/\/www.akuryprodukte.de\/wp-content\/uploads\/2024\/08\/AUV-1.png","type":"image\/png"}],"twitter_card":"summary_large_image","twitter_site":"@heiko_wenner","twitter_misc":{"Est. reading time":"2 minutes"},"schema":{"@context":"https:\/\/schema.org","@graph":[{"@type":"WebPage","@id":"https:\/\/www.akuryprodukte.de\/en\/shop\/auv-arterien-und-venen\/","url":"https:\/\/www.akuryprodukte.de\/en\/shop\/auv-arterien-und-venen\/","name":"AUV - Arterien und Venen - akury","isPartOf":{"@id":"https:\/\/www.akuryprodukte.de\/en\/#website"},"primaryImageOfPage":{"@id":"https:\/\/www.akuryprodukte.de\/en\/shop\/auv-arterien-und-venen\/#primaryimage"},"image":{"@id":"https:\/\/www.akuryprodukte.de\/en\/shop\/auv-arterien-und-venen\/#primaryimage"},"thumbnailUrl":"https:\/\/www.akuryprodukte.de\/wp-content\/uploads\/2024\/08\/AUV-1.png","datePublished":"2024-08-07T06:44:01+00:00","dateModified":"2024-08-07T06:46:07+00:00","breadcrumb":{"@id":"https:\/\/www.akuryprodukte.de\/en\/shop\/auv-arterien-und-venen\/#breadcrumb"},"inLanguage":"en-US","potentialAction":[{"@type":"ReadAction","target":["https:\/\/www.akuryprodukte.de\/en\/shop\/auv-arterien-und-venen\/"]}]},{"@type":"ImageObject","inLanguage":"en-US","@id":"https:\/\/www.akuryprodukte.de\/en\/shop\/auv-arterien-und-venen\/#primaryimage","url":"https:\/\/www.akuryprodukte.de\/wp-content\/uploads\/2024\/08\/AUV-1.png","contentUrl":"https:\/\/www.akuryprodukte.de\/wp-content\/uploads\/2024\/08\/AUV-1.png","width":575,"height":575},{"@type":"BreadcrumbList","@id":"https:\/\/www.akuryprodukte.de\/en\/shop\/auv-arterien-und-venen\/#breadcrumb","itemListElement":[{"@type":"ListItem","position":1,"name":"Startseite","item":"https:\/\/www.akuryprodukte.de\/en\/"},{"@type":"ListItem","position":2,"name":"Shop","item":"https:\/\/www.akuryprodukte.de\/en\/shop-en\/"},{"@type":"ListItem","position":3,"name":"AUV &#8211; Arterien und Venen"}]},{"@type":"WebSite","@id":"https:\/\/www.akuryprodukte.de\/en\/#website","url":"https:\/\/www.akuryprodukte.de\/en\/","name":"akury","description":"Produkte f\u00fcr Ihr Wohlbefinden","publisher":{"@id":"https:\/\/www.akuryprodukte.de\/en\/#organization"},"potentialAction":[{"@type":"SearchAction","target":{"@type":"EntryPoint","urlTemplate":"https:\/\/www.akuryprodukte.de\/en\/?s={search_term_string}"},"query-input":{"@type":"PropertyValueSpecification","valueRequired":true,"valueName":"search_term_string"}}],"inLanguage":"en-US"},{"@type":"Organization","@id":"https:\/\/www.akuryprodukte.de\/en\/#organization","name":"AkuRy GmbH","url":"https:\/\/www.akuryprodukte.de\/en\/","logo":{"@type":"ImageObject","inLanguage":"en-US","@id":"https:\/\/www.akuryprodukte.de\/en\/#\/schema\/logo\/image\/","url":"https:\/\/www.akuryprodukte.de\/wp-content\/uploads\/2020\/09\/Logo_AKY-p-512.jpg","contentUrl":"https:\/\/www.akuryprodukte.de\/wp-content\/uploads\/2020\/09\/Logo_AKY-p-512.jpg","width":512,"height":512,"caption":"AkuRy GmbH"},"image":{"@id":"https:\/\/www.akuryprodukte.de\/en\/#\/schema\/logo\/image\/"},"sameAs":["https:\/\/de-de.facebook.com\/bioenergetischesinformationsmanagement\/","https:\/\/x.com\/heiko_wenner","https:\/\/www.instagram.com\/akury_gmbh\/","https:\/\/www.youtube.com\/channel\/UCyItRPbJUon1m0Gq6kV2Izw"]}]}},"_links":{"self":[{"href":"https:\/\/www.akuryprodukte.de\/en\/wp-json\/wp\/v2\/product\/20482","targetHints":{"allow":["GET"]}}],"collection":[{"href":"https:\/\/www.akuryprodukte.de\/en\/wp-json\/wp\/v2\/product"}],"about":[{"href":"https:\/\/www.akuryprodukte.de\/en\/wp-json\/wp\/v2\/types\/product"}],"replies":[{"embeddable":true,"href":"https:\/\/www.akuryprodukte.de\/en\/wp-json\/wp\/v2\/comments?post=20482"}],"wp:featuredmedia":[{"embeddable":true,"href":"https:\/\/www.akuryprodukte.de\/en\/wp-json\/wp\/v2\/media\/20476"}],"wp:attachment":[{"href":"https:\/\/www.akuryprodukte.de\/en\/wp-json\/wp\/v2\/media?parent=20482"}],"wp:term":[{"taxonomy":"product_brand","embeddable":true,"href":"https:\/\/www.akuryprodukte.de\/en\/wp-json\/wp\/v2\/product_brand?post=20482"},{"taxonomy":"product_cat","embeddable":true,"href":"https:\/\/www.akuryprodukte.de\/en\/wp-json\/wp\/v2\/product_cat?post=20482"},{"taxonomy":"product_tag","embeddable":true,"href":"https:\/\/www.akuryprodukte.de\/en\/wp-json\/wp\/v2\/product_tag?post=20482"}],"curies":[{"name":"wp","href":"https:\/\/api.w.org\/{rel}","templated":true}]}}