{"id":20913,"date":"2024-11-12T10:05:53","date_gmt":"2024-11-12T09:05:51","guid":{"rendered":"https:\/\/www.akuryprodukte.de\/?post_type=product&#038;p=20913"},"modified":"2024-11-12T10:34:34","modified_gmt":"2024-11-12T09:34:34","slug":"s-47-mandragora-alraune","status":"publish","type":"product","link":"https:\/\/www.akuryprodukte.de\/en\/shop\/s-47-mandragora-alraune\/","title":{"rendered":"S 47 Mandragora (Alraune)"},"content":{"rendered":"<p style=\"text-align: justify;\"><strong><span style=\"font-family: Roboto; color: #111111;\">S 47 Mandragora officinalis ( Alraune)<\/span><\/strong><\/p>\n<p style=\"text-align: justify;\"><span style=\"font-family: Roboto; color: #111111;\">Bei der Essenz Mandragora sind vor allem die Organe im Oberbauch geschw\u00e4cht und st\u00f6ranf\u00e4llig. Es besteht eine allgemeine Magenschw\u00e4che, die mit Funktionsst\u00f6rungen von Leber, Galle und Bauchspeicheldr\u00fcse verkn\u00fcpft ist. Dabei besteht eine Neigung zu Verkrampfungen, die sich in h\u00e4ufigen Bauchkr\u00e4mpfen oder einer spastischen Verstopfung \u00e4ussern kann. Ausl\u00f6ser der Verdauungsbeschwerden sind oftmals Genussmittel, fetthaltige Mahlzeiten oder auch eine unregelm\u00e4ssige Nahrungsaufnahme. Als Folge der Belastung k\u00f6nnen Geschw\u00fcre im Magen und Zw\u00f6lffingerdarm entstehen. Als Fernsymptome der Magen- und Leberbelastung stellen sich mitunter Kopfschmerzen ein, die mit st\u00f6renden Ohrger\u00e4uschen verbunden sind. Die Schmerzen k\u00f6nnen rechtsseitig betont sein, melden sich meist bei leerem Magen und bessern sich durch Essen<\/span><\/p>\n<p style=\"text-align: justify;\"><b><span style=\"font-family: Roboto; color: #111111;\">Transformationsziele k\u00f6rperlich:<\/span><\/b><\/p>\n<p style=\"margin: 0cm; text-align: justify;\"><span style=\"font-family: Roboto; color: #111111;\">\u2013 Die Funktionen der Organe des Oberbauchs anregen und stabilisieren.<\/span><\/p>\n<p style=\"margin: 0cm; text-align: justify;\"><span style=\"font-family: Roboto; color: #111111;\">-Bei Verdauungsschw\u00e4che Fernwirkungen auf Herz, Gef\u00e4\u00dfe und Nerven eind\u00e4mmen.<\/span><\/p>\n<p style=\"margin: 0cm; text-align: justify;\"><span style=\"font-family: Roboto; color: #111111;\">\u2013 Schmerzhafte Ver\u00e4nderungen im Bereich des Bewegungsapparates regulieren k\u00f6nnen.<\/span><\/p>\n<p style=\"text-align: justify;\"><b><span style=\"font-family: Roboto; color: #111111;\">Transformationsziele seelisch-geistig<\/span><\/b><\/p>\n<p style=\"margin-bottom: 0cm; text-align: justify;\"><span style=\"font-family: Roboto; color: #111111;\">\u2013 Sicherheit und Vertrauen in sich selbst finden.<\/span><\/p>\n<p style=\"margin: 0cm; text-align: justify;\"><span style=\"font-family: Roboto; color: #111111;\">\u2013 Sich der Welt bewusst \u00f6ffnen und sich ohne Zwang in die Gemeinschaft eingliedern k\u00f6nnen.<\/span><\/p>\n<p style=\"margin: 0cm; text-align: justify;\"><span style=\"font-family: Roboto; color: #111111;\">\u2013 Neuen Lebensmut entwickeln.<\/span><\/p>\n<p style=\"margin-bottom: 0cm; text-align: justify;\"><b><span style=\"font-family: Roboto; color: #111111;\">Der S 47 Chip enth\u00e4lt Frequenzen und Informationen, welche die Eigenschaften und Transformationsziele der Alraune auf der k\u00f6rperlichen, wie auch auf der seelisch geistigen Ebene unterst\u00fctzen soll.<\/span><\/b><\/p>\n","protected":false},"excerpt":{"rendered":"<p>S 47 Mandragora officinalis ( Alraune) Bei der Essenz Mandragora sind vor allem die Organe im Oberbauch geschw\u00e4cht und st\u00f6ranf\u00e4llig. Es besteht eine allgemeine Magenschw\u00e4che, die mit Funktionsst\u00f6rungen von Leber, Galle und Bauchspeicheldr\u00fcse verkn\u00fcpft ist. Dabei besteht eine Neigung zu Verkrampfungen, die sich in h\u00e4ufigen Bauchkr\u00e4mpfen oder einer spastischen Verstopfung \u00e4ussern kann. Ausl\u00f6ser der Verdauungsbeschwerden [&hellip;]<\/p>\n","protected":false},"featured_media":20915,"comment_status":"closed","ping_status":"closed","template":"","meta":[],"product_brand":[],"product_cat":[3005,1367,1705],"product_tag":[],"class_list":{"0":"post-20913","1":"product","2":"type-product","3":"status-publish","4":"has-post-thumbnail","6":"product_cat-info-chips-schmerzen","7":"product_cat-info-chips-spagyrik","8":"product_cat-info-chips-spagyrik-essenzen","10":"first","11":"instock","12":"taxable","13":"shipping-taxable","14":"purchasable","15":"product-type-simple"},"yoast_head":"<!-- This site is optimized with the Yoast SEO plugin v27.3 - https:\/\/yoast.com\/product\/yoast-seo-wordpress\/ -->\n<title>S 47 Mandragora (Alraune) - akury<\/title>\n<meta name=\"robots\" content=\"index, follow, max-snippet:-1, max-image-preview:large, max-video-preview:-1\" \/>\n<link rel=\"canonical\" href=\"https:\/\/www.akuryprodukte.de\/en\/shop\/s-47-mandragora-alraune\/\" \/>\n<meta property=\"og:locale\" content=\"en_US\" \/>\n<meta property=\"og:type\" content=\"article\" \/>\n<meta property=\"og:title\" content=\"S 47 Mandragora (Alraune) - akury\" \/>\n<meta property=\"og:description\" content=\"S 47 Mandragora officinalis ( Alraune) Bei der Essenz Mandragora sind vor allem die Organe im Oberbauch geschw\u00e4cht und st\u00f6ranf\u00e4llig. Es besteht eine allgemeine Magenschw\u00e4che, die mit Funktionsst\u00f6rungen von Leber, Galle und Bauchspeicheldr\u00fcse verkn\u00fcpft ist. Dabei besteht eine Neigung zu Verkrampfungen, die sich in h\u00e4ufigen Bauchkr\u00e4mpfen oder einer spastischen Verstopfung \u00e4ussern kann. Ausl\u00f6ser der Verdauungsbeschwerden [&hellip;]\" \/>\n<meta property=\"og:url\" content=\"https:\/\/www.akuryprodukte.de\/en\/shop\/s-47-mandragora-alraune\/\" \/>\n<meta property=\"og:site_name\" content=\"akury\" \/>\n<meta property=\"article:publisher\" content=\"https:\/\/de-de.facebook.com\/bioenergetischesinformationsmanagement\/\" \/>\n<meta property=\"article:modified_time\" content=\"2024-11-12T09:34:34+00:00\" \/>\n<meta property=\"og:image\" content=\"https:\/\/www.akuryprodukte.de\/wp-content\/uploads\/2024\/11\/S-47-1.png\" \/>\n\t<meta property=\"og:image:width\" content=\"575\" \/>\n\t<meta property=\"og:image:height\" content=\"575\" \/>\n\t<meta property=\"og:image:type\" content=\"image\/png\" \/>\n<meta name=\"twitter:card\" content=\"summary_large_image\" \/>\n<meta name=\"twitter:site\" content=\"@heiko_wenner\" \/>\n<meta name=\"twitter:label1\" content=\"Est. reading time\" \/>\n\t<meta name=\"twitter:data1\" content=\"2 minutes\" \/>\n<script type=\"application\/ld+json\" class=\"yoast-schema-graph\">{\"@context\":\"https:\\\/\\\/schema.org\",\"@graph\":[{\"@type\":\"WebPage\",\"@id\":\"https:\\\/\\\/www.akuryprodukte.de\\\/en\\\/shop\\\/s-47-mandragora-alraune\\\/\",\"url\":\"https:\\\/\\\/www.akuryprodukte.de\\\/en\\\/shop\\\/s-47-mandragora-alraune\\\/\",\"name\":\"S 47 Mandragora (Alraune) - akury\",\"isPartOf\":{\"@id\":\"https:\\\/\\\/www.akuryprodukte.de\\\/en\\\/#website\"},\"primaryImageOfPage\":{\"@id\":\"https:\\\/\\\/www.akuryprodukte.de\\\/en\\\/shop\\\/s-47-mandragora-alraune\\\/#primaryimage\"},\"image\":{\"@id\":\"https:\\\/\\\/www.akuryprodukte.de\\\/en\\\/shop\\\/s-47-mandragora-alraune\\\/#primaryimage\"},\"thumbnailUrl\":\"https:\\\/\\\/www.akuryprodukte.de\\\/wp-content\\\/uploads\\\/2024\\\/11\\\/S-47-1.png\",\"datePublished\":\"2024-11-12T09:05:51+00:00\",\"dateModified\":\"2024-11-12T09:34:34+00:00\",\"breadcrumb\":{\"@id\":\"https:\\\/\\\/www.akuryprodukte.de\\\/en\\\/shop\\\/s-47-mandragora-alraune\\\/#breadcrumb\"},\"inLanguage\":\"en-US\",\"potentialAction\":[{\"@type\":\"ReadAction\",\"target\":[\"https:\\\/\\\/www.akuryprodukte.de\\\/en\\\/shop\\\/s-47-mandragora-alraune\\\/\"]}]},{\"@type\":\"ImageObject\",\"inLanguage\":\"en-US\",\"@id\":\"https:\\\/\\\/www.akuryprodukte.de\\\/en\\\/shop\\\/s-47-mandragora-alraune\\\/#primaryimage\",\"url\":\"https:\\\/\\\/www.akuryprodukte.de\\\/wp-content\\\/uploads\\\/2024\\\/11\\\/S-47-1.png\",\"contentUrl\":\"https:\\\/\\\/www.akuryprodukte.de\\\/wp-content\\\/uploads\\\/2024\\\/11\\\/S-47-1.png\",\"width\":575,\"height\":575},{\"@type\":\"BreadcrumbList\",\"@id\":\"https:\\\/\\\/www.akuryprodukte.de\\\/en\\\/shop\\\/s-47-mandragora-alraune\\\/#breadcrumb\",\"itemListElement\":[{\"@type\":\"ListItem\",\"position\":1,\"name\":\"Startseite\",\"item\":\"https:\\\/\\\/www.akuryprodukte.de\\\/en\\\/\"},{\"@type\":\"ListItem\",\"position\":2,\"name\":\"Shop\",\"item\":\"https:\\\/\\\/www.akuryprodukte.de\\\/en\\\/shop-en\\\/\"},{\"@type\":\"ListItem\",\"position\":3,\"name\":\"S 47 Mandragora (Alraune)\"}]},{\"@type\":\"WebSite\",\"@id\":\"https:\\\/\\\/www.akuryprodukte.de\\\/en\\\/#website\",\"url\":\"https:\\\/\\\/www.akuryprodukte.de\\\/en\\\/\",\"name\":\"akury\",\"description\":\"Produkte f\u00fcr Ihr Wohlbefinden\",\"publisher\":{\"@id\":\"https:\\\/\\\/www.akuryprodukte.de\\\/en\\\/#organization\"},\"potentialAction\":[{\"@type\":\"SearchAction\",\"target\":{\"@type\":\"EntryPoint\",\"urlTemplate\":\"https:\\\/\\\/www.akuryprodukte.de\\\/en\\\/?s={search_term_string}\"},\"query-input\":{\"@type\":\"PropertyValueSpecification\",\"valueRequired\":true,\"valueName\":\"search_term_string\"}}],\"inLanguage\":\"en-US\"},{\"@type\":\"Organization\",\"@id\":\"https:\\\/\\\/www.akuryprodukte.de\\\/en\\\/#organization\",\"name\":\"AkuRy GmbH\",\"url\":\"https:\\\/\\\/www.akuryprodukte.de\\\/en\\\/\",\"logo\":{\"@type\":\"ImageObject\",\"inLanguage\":\"en-US\",\"@id\":\"https:\\\/\\\/www.akuryprodukte.de\\\/en\\\/#\\\/schema\\\/logo\\\/image\\\/\",\"url\":\"https:\\\/\\\/www.akuryprodukte.de\\\/wp-content\\\/uploads\\\/2020\\\/09\\\/Logo_AKY-p-512.jpg\",\"contentUrl\":\"https:\\\/\\\/www.akuryprodukte.de\\\/wp-content\\\/uploads\\\/2020\\\/09\\\/Logo_AKY-p-512.jpg\",\"width\":512,\"height\":512,\"caption\":\"AkuRy GmbH\"},\"image\":{\"@id\":\"https:\\\/\\\/www.akuryprodukte.de\\\/en\\\/#\\\/schema\\\/logo\\\/image\\\/\"},\"sameAs\":[\"https:\\\/\\\/de-de.facebook.com\\\/bioenergetischesinformationsmanagement\\\/\",\"https:\\\/\\\/x.com\\\/heiko_wenner\",\"https:\\\/\\\/www.instagram.com\\\/akury_gmbh\\\/\",\"https:\\\/\\\/www.youtube.com\\\/channel\\\/UCyItRPbJUon1m0Gq6kV2Izw\"]}]}<\/script>\n<!-- \/ Yoast SEO plugin. -->","yoast_head_json":{"title":"S 47 Mandragora (Alraune) - akury","robots":{"index":"index","follow":"follow","max-snippet":"max-snippet:-1","max-image-preview":"max-image-preview:large","max-video-preview":"max-video-preview:-1"},"canonical":"https:\/\/www.akuryprodukte.de\/en\/shop\/s-47-mandragora-alraune\/","og_locale":"en_US","og_type":"article","og_title":"S 47 Mandragora (Alraune) - akury","og_description":"S 47 Mandragora officinalis ( Alraune) Bei der Essenz Mandragora sind vor allem die Organe im Oberbauch geschw\u00e4cht und st\u00f6ranf\u00e4llig. Es besteht eine allgemeine Magenschw\u00e4che, die mit Funktionsst\u00f6rungen von Leber, Galle und Bauchspeicheldr\u00fcse verkn\u00fcpft ist. Dabei besteht eine Neigung zu Verkrampfungen, die sich in h\u00e4ufigen Bauchkr\u00e4mpfen oder einer spastischen Verstopfung \u00e4ussern kann. Ausl\u00f6ser der Verdauungsbeschwerden [&hellip;]","og_url":"https:\/\/www.akuryprodukte.de\/en\/shop\/s-47-mandragora-alraune\/","og_site_name":"akury","article_publisher":"https:\/\/de-de.facebook.com\/bioenergetischesinformationsmanagement\/","article_modified_time":"2024-11-12T09:34:34+00:00","og_image":[{"width":575,"height":575,"url":"https:\/\/www.akuryprodukte.de\/wp-content\/uploads\/2024\/11\/S-47-1.png","type":"image\/png"}],"twitter_card":"summary_large_image","twitter_site":"@heiko_wenner","twitter_misc":{"Est. reading time":"2 minutes"},"schema":{"@context":"https:\/\/schema.org","@graph":[{"@type":"WebPage","@id":"https:\/\/www.akuryprodukte.de\/en\/shop\/s-47-mandragora-alraune\/","url":"https:\/\/www.akuryprodukte.de\/en\/shop\/s-47-mandragora-alraune\/","name":"S 47 Mandragora (Alraune) - akury","isPartOf":{"@id":"https:\/\/www.akuryprodukte.de\/en\/#website"},"primaryImageOfPage":{"@id":"https:\/\/www.akuryprodukte.de\/en\/shop\/s-47-mandragora-alraune\/#primaryimage"},"image":{"@id":"https:\/\/www.akuryprodukte.de\/en\/shop\/s-47-mandragora-alraune\/#primaryimage"},"thumbnailUrl":"https:\/\/www.akuryprodukte.de\/wp-content\/uploads\/2024\/11\/S-47-1.png","datePublished":"2024-11-12T09:05:51+00:00","dateModified":"2024-11-12T09:34:34+00:00","breadcrumb":{"@id":"https:\/\/www.akuryprodukte.de\/en\/shop\/s-47-mandragora-alraune\/#breadcrumb"},"inLanguage":"en-US","potentialAction":[{"@type":"ReadAction","target":["https:\/\/www.akuryprodukte.de\/en\/shop\/s-47-mandragora-alraune\/"]}]},{"@type":"ImageObject","inLanguage":"en-US","@id":"https:\/\/www.akuryprodukte.de\/en\/shop\/s-47-mandragora-alraune\/#primaryimage","url":"https:\/\/www.akuryprodukte.de\/wp-content\/uploads\/2024\/11\/S-47-1.png","contentUrl":"https:\/\/www.akuryprodukte.de\/wp-content\/uploads\/2024\/11\/S-47-1.png","width":575,"height":575},{"@type":"BreadcrumbList","@id":"https:\/\/www.akuryprodukte.de\/en\/shop\/s-47-mandragora-alraune\/#breadcrumb","itemListElement":[{"@type":"ListItem","position":1,"name":"Startseite","item":"https:\/\/www.akuryprodukte.de\/en\/"},{"@type":"ListItem","position":2,"name":"Shop","item":"https:\/\/www.akuryprodukte.de\/en\/shop-en\/"},{"@type":"ListItem","position":3,"name":"S 47 Mandragora (Alraune)"}]},{"@type":"WebSite","@id":"https:\/\/www.akuryprodukte.de\/en\/#website","url":"https:\/\/www.akuryprodukte.de\/en\/","name":"akury","description":"Produkte f\u00fcr Ihr Wohlbefinden","publisher":{"@id":"https:\/\/www.akuryprodukte.de\/en\/#organization"},"potentialAction":[{"@type":"SearchAction","target":{"@type":"EntryPoint","urlTemplate":"https:\/\/www.akuryprodukte.de\/en\/?s={search_term_string}"},"query-input":{"@type":"PropertyValueSpecification","valueRequired":true,"valueName":"search_term_string"}}],"inLanguage":"en-US"},{"@type":"Organization","@id":"https:\/\/www.akuryprodukte.de\/en\/#organization","name":"AkuRy GmbH","url":"https:\/\/www.akuryprodukte.de\/en\/","logo":{"@type":"ImageObject","inLanguage":"en-US","@id":"https:\/\/www.akuryprodukte.de\/en\/#\/schema\/logo\/image\/","url":"https:\/\/www.akuryprodukte.de\/wp-content\/uploads\/2020\/09\/Logo_AKY-p-512.jpg","contentUrl":"https:\/\/www.akuryprodukte.de\/wp-content\/uploads\/2020\/09\/Logo_AKY-p-512.jpg","width":512,"height":512,"caption":"AkuRy GmbH"},"image":{"@id":"https:\/\/www.akuryprodukte.de\/en\/#\/schema\/logo\/image\/"},"sameAs":["https:\/\/de-de.facebook.com\/bioenergetischesinformationsmanagement\/","https:\/\/x.com\/heiko_wenner","https:\/\/www.instagram.com\/akury_gmbh\/","https:\/\/www.youtube.com\/channel\/UCyItRPbJUon1m0Gq6kV2Izw"]}]}},"_links":{"self":[{"href":"https:\/\/www.akuryprodukte.de\/en\/wp-json\/wp\/v2\/product\/20913","targetHints":{"allow":["GET"]}}],"collection":[{"href":"https:\/\/www.akuryprodukte.de\/en\/wp-json\/wp\/v2\/product"}],"about":[{"href":"https:\/\/www.akuryprodukte.de\/en\/wp-json\/wp\/v2\/types\/product"}],"replies":[{"embeddable":true,"href":"https:\/\/www.akuryprodukte.de\/en\/wp-json\/wp\/v2\/comments?post=20913"}],"wp:featuredmedia":[{"embeddable":true,"href":"https:\/\/www.akuryprodukte.de\/en\/wp-json\/wp\/v2\/media\/20915"}],"wp:attachment":[{"href":"https:\/\/www.akuryprodukte.de\/en\/wp-json\/wp\/v2\/media?parent=20913"}],"wp:term":[{"taxonomy":"product_brand","embeddable":true,"href":"https:\/\/www.akuryprodukte.de\/en\/wp-json\/wp\/v2\/product_brand?post=20913"},{"taxonomy":"product_cat","embeddable":true,"href":"https:\/\/www.akuryprodukte.de\/en\/wp-json\/wp\/v2\/product_cat?post=20913"},{"taxonomy":"product_tag","embeddable":true,"href":"https:\/\/www.akuryprodukte.de\/en\/wp-json\/wp\/v2\/product_tag?post=20913"}],"curies":[{"name":"wp","href":"https:\/\/api.w.org\/{rel}","templated":true}]}}