{"id":20919,"date":"2024-11-12T10:25:28","date_gmt":"2024-11-12T09:25:26","guid":{"rendered":"https:\/\/www.akuryprodukte.de\/?post_type=product&#038;p=20919"},"modified":"2024-11-12T10:31:28","modified_gmt":"2024-11-12T09:31:28","slug":"s-49-melilotus-steinklee","status":"publish","type":"product","link":"https:\/\/www.akuryprodukte.de\/en\/shop\/s-49-melilotus-steinklee\/","title":{"rendered":"S 49 Melilotus (Steinklee)"},"content":{"rendered":"<p style=\"text-align: justify;\"><strong><span style=\"font-family: Roboto; color: #111111;\">S 49 Melilotus (Steinklee)<\/span><\/strong><\/p>\n<p style=\"text-align: justify;\"><span style=\"font-family: Roboto; color: #111111;\">Die Essenz ist eine wertvolle Hilfe zur Behandlung von Venenerkrankungen aller Art. Ihr entstauender Effekt zeigt sich bei Krampfadern und ven\u00f6sen Stauungen mit Wassereinlagerung. Zudem kann sie entz\u00fcndliche Reizungen der Venen mildern, was ihren Einsatz bei Venenentz\u00fcndungen sinnvoll macht.<\/span><\/p>\n<p style=\"text-align: justify;\"><span style=\"font-family: Roboto; color: #111111;\">Transformationsziele k\u00f6rperlich:<\/span><\/p>\n<p style=\"margin: 0cm; text-align: justify;\"><span style=\"font-family: Roboto; color: #111111;\">\u2013 Stauungen und Entz\u00fcndungen der Venen rasch beheben und ausheilen.<\/span><\/p>\n<p style=\"margin: 0cm; text-align: justify;\"><span style=\"font-family: Roboto; color: #111111;\">\u2013 Blutstauungen zu inneren Organen l\u00f6sen und entsprechende Beschwerden lindern.<\/span><\/p>\n<p style=\"margin: 0cm; text-align: justify;\"><span style=\"font-family: Roboto; color: #111111;\">\u2013 Durch Blutandrang ausgel\u00f6ste Kopfschmerzen mildern und Begleitsymptome beruhigen.<\/span><\/p>\n<p style=\"text-align: justify;\"><span style=\"font-family: Roboto; color: #111111;\">Transformationsziele seelisch-geistig:<\/span><\/p>\n<p style=\"margin: 0cm; text-align: justify;\"><span style=\"font-family: Roboto; color: #111111;\">\u2013 In Stresssituationen klar und \u00fcberlegt denken k\u00f6nnen.<\/span><\/p>\n<p style=\"margin: 0cm; text-align: justify;\"><span style=\"font-family: Roboto; color: #111111;\">\u2013 Bedrohliche Situationen richtig einsch\u00e4tzen und zielgerichtet darauf reagieren.<\/span><\/p>\n<p style=\"margin: 0cm; text-align: justify;\"><span style=\"font-family: Roboto; color: #111111;\">\u2013 Innere Ruhe und Sicherheit entwickeln und auf das Leben vertrauen k\u00f6nnen.<\/span><\/p>\n<p style=\"margin-bottom: 0cm; text-align: justify;\"><b><span style=\"font-family: Roboto; color: #111111;\">Der S 49 Chip enth\u00e4lt Frequenzen und Informationen, welche die Eigenschaften und Transformationsziele des Steinklees auf der k\u00f6rperlichen, wie auch auf der seelisch geistigen Ebene unterst\u00fctzen soll.<\/span><\/b><\/p>\n","protected":false},"excerpt":{"rendered":"<p>S 49 Melilotus (Steinklee) Die Essenz ist eine wertvolle Hilfe zur Behandlung von Venenerkrankungen aller Art. Ihr entstauender Effekt zeigt sich bei Krampfadern und ven\u00f6sen Stauungen mit Wassereinlagerung. Zudem kann sie entz\u00fcndliche Reizungen der Venen mildern, was ihren Einsatz bei Venenentz\u00fcndungen sinnvoll macht. Transformationsziele k\u00f6rperlich: \u2013 Stauungen und Entz\u00fcndungen der Venen rasch beheben und ausheilen. [&hellip;]<\/p>\n","protected":false},"featured_media":20917,"comment_status":"closed","ping_status":"closed","template":"","meta":[],"product_brand":[],"product_cat":[3010,1367,1705],"product_tag":[],"class_list":{"0":"post-20919","1":"product","2":"type-product","3":"status-publish","4":"has-post-thumbnail","6":"product_cat-info-chips-organe-blutgefaesse-gewebe","7":"product_cat-info-chips-spagyrik","8":"product_cat-info-chips-spagyrik-essenzen","10":"first","11":"instock","12":"taxable","13":"shipping-taxable","14":"purchasable","15":"product-type-simple"},"yoast_head":"<!-- This site is optimized with the Yoast SEO plugin v27.3 - https:\/\/yoast.com\/product\/yoast-seo-wordpress\/ -->\n<title>S 49 Melilotus (Steinklee) - akury<\/title>\n<meta name=\"robots\" content=\"index, follow, max-snippet:-1, max-image-preview:large, max-video-preview:-1\" \/>\n<link rel=\"canonical\" href=\"https:\/\/www.akuryprodukte.de\/en\/shop\/s-49-melilotus-steinklee\/\" \/>\n<meta property=\"og:locale\" content=\"en_US\" \/>\n<meta property=\"og:type\" content=\"article\" \/>\n<meta property=\"og:title\" content=\"S 49 Melilotus (Steinklee) - akury\" \/>\n<meta property=\"og:description\" content=\"S 49 Melilotus (Steinklee) Die Essenz ist eine wertvolle Hilfe zur Behandlung von Venenerkrankungen aller Art. Ihr entstauender Effekt zeigt sich bei Krampfadern und ven\u00f6sen Stauungen mit Wassereinlagerung. Zudem kann sie entz\u00fcndliche Reizungen der Venen mildern, was ihren Einsatz bei Venenentz\u00fcndungen sinnvoll macht. Transformationsziele k\u00f6rperlich: \u2013 Stauungen und Entz\u00fcndungen der Venen rasch beheben und ausheilen. [&hellip;]\" \/>\n<meta property=\"og:url\" content=\"https:\/\/www.akuryprodukte.de\/en\/shop\/s-49-melilotus-steinklee\/\" \/>\n<meta property=\"og:site_name\" content=\"akury\" \/>\n<meta property=\"article:publisher\" content=\"https:\/\/de-de.facebook.com\/bioenergetischesinformationsmanagement\/\" \/>\n<meta property=\"article:modified_time\" content=\"2024-11-12T09:31:28+00:00\" \/>\n<meta property=\"og:image\" content=\"https:\/\/www.akuryprodukte.de\/wp-content\/uploads\/2024\/11\/S-49-1.png\" \/>\n\t<meta property=\"og:image:width\" content=\"575\" \/>\n\t<meta property=\"og:image:height\" content=\"575\" \/>\n\t<meta property=\"og:image:type\" content=\"image\/png\" \/>\n<meta name=\"twitter:card\" content=\"summary_large_image\" \/>\n<meta name=\"twitter:site\" content=\"@heiko_wenner\" \/>\n<meta name=\"twitter:label1\" content=\"Est. reading time\" \/>\n\t<meta name=\"twitter:data1\" content=\"1 minute\" \/>\n<script type=\"application\/ld+json\" class=\"yoast-schema-graph\">{\"@context\":\"https:\\\/\\\/schema.org\",\"@graph\":[{\"@type\":\"WebPage\",\"@id\":\"https:\\\/\\\/www.akuryprodukte.de\\\/en\\\/shop\\\/s-49-melilotus-steinklee\\\/\",\"url\":\"https:\\\/\\\/www.akuryprodukte.de\\\/en\\\/shop\\\/s-49-melilotus-steinklee\\\/\",\"name\":\"S 49 Melilotus (Steinklee) - akury\",\"isPartOf\":{\"@id\":\"https:\\\/\\\/www.akuryprodukte.de\\\/en\\\/#website\"},\"primaryImageOfPage\":{\"@id\":\"https:\\\/\\\/www.akuryprodukte.de\\\/en\\\/shop\\\/s-49-melilotus-steinklee\\\/#primaryimage\"},\"image\":{\"@id\":\"https:\\\/\\\/www.akuryprodukte.de\\\/en\\\/shop\\\/s-49-melilotus-steinklee\\\/#primaryimage\"},\"thumbnailUrl\":\"https:\\\/\\\/www.akuryprodukte.de\\\/wp-content\\\/uploads\\\/2024\\\/11\\\/S-49-1.png\",\"datePublished\":\"2024-11-12T09:25:26+00:00\",\"dateModified\":\"2024-11-12T09:31:28+00:00\",\"breadcrumb\":{\"@id\":\"https:\\\/\\\/www.akuryprodukte.de\\\/en\\\/shop\\\/s-49-melilotus-steinklee\\\/#breadcrumb\"},\"inLanguage\":\"en-US\",\"potentialAction\":[{\"@type\":\"ReadAction\",\"target\":[\"https:\\\/\\\/www.akuryprodukte.de\\\/en\\\/shop\\\/s-49-melilotus-steinklee\\\/\"]}]},{\"@type\":\"ImageObject\",\"inLanguage\":\"en-US\",\"@id\":\"https:\\\/\\\/www.akuryprodukte.de\\\/en\\\/shop\\\/s-49-melilotus-steinklee\\\/#primaryimage\",\"url\":\"https:\\\/\\\/www.akuryprodukte.de\\\/wp-content\\\/uploads\\\/2024\\\/11\\\/S-49-1.png\",\"contentUrl\":\"https:\\\/\\\/www.akuryprodukte.de\\\/wp-content\\\/uploads\\\/2024\\\/11\\\/S-49-1.png\",\"width\":575,\"height\":575},{\"@type\":\"BreadcrumbList\",\"@id\":\"https:\\\/\\\/www.akuryprodukte.de\\\/en\\\/shop\\\/s-49-melilotus-steinklee\\\/#breadcrumb\",\"itemListElement\":[{\"@type\":\"ListItem\",\"position\":1,\"name\":\"Startseite\",\"item\":\"https:\\\/\\\/www.akuryprodukte.de\\\/en\\\/\"},{\"@type\":\"ListItem\",\"position\":2,\"name\":\"Shop\",\"item\":\"https:\\\/\\\/www.akuryprodukte.de\\\/en\\\/shop-en\\\/\"},{\"@type\":\"ListItem\",\"position\":3,\"name\":\"S 49 Melilotus (Steinklee)\"}]},{\"@type\":\"WebSite\",\"@id\":\"https:\\\/\\\/www.akuryprodukte.de\\\/en\\\/#website\",\"url\":\"https:\\\/\\\/www.akuryprodukte.de\\\/en\\\/\",\"name\":\"akury\",\"description\":\"Produkte f\u00fcr Ihr Wohlbefinden\",\"publisher\":{\"@id\":\"https:\\\/\\\/www.akuryprodukte.de\\\/en\\\/#organization\"},\"potentialAction\":[{\"@type\":\"SearchAction\",\"target\":{\"@type\":\"EntryPoint\",\"urlTemplate\":\"https:\\\/\\\/www.akuryprodukte.de\\\/en\\\/?s={search_term_string}\"},\"query-input\":{\"@type\":\"PropertyValueSpecification\",\"valueRequired\":true,\"valueName\":\"search_term_string\"}}],\"inLanguage\":\"en-US\"},{\"@type\":\"Organization\",\"@id\":\"https:\\\/\\\/www.akuryprodukte.de\\\/en\\\/#organization\",\"name\":\"AkuRy GmbH\",\"url\":\"https:\\\/\\\/www.akuryprodukte.de\\\/en\\\/\",\"logo\":{\"@type\":\"ImageObject\",\"inLanguage\":\"en-US\",\"@id\":\"https:\\\/\\\/www.akuryprodukte.de\\\/en\\\/#\\\/schema\\\/logo\\\/image\\\/\",\"url\":\"https:\\\/\\\/www.akuryprodukte.de\\\/wp-content\\\/uploads\\\/2020\\\/09\\\/Logo_AKY-p-512.jpg\",\"contentUrl\":\"https:\\\/\\\/www.akuryprodukte.de\\\/wp-content\\\/uploads\\\/2020\\\/09\\\/Logo_AKY-p-512.jpg\",\"width\":512,\"height\":512,\"caption\":\"AkuRy GmbH\"},\"image\":{\"@id\":\"https:\\\/\\\/www.akuryprodukte.de\\\/en\\\/#\\\/schema\\\/logo\\\/image\\\/\"},\"sameAs\":[\"https:\\\/\\\/de-de.facebook.com\\\/bioenergetischesinformationsmanagement\\\/\",\"https:\\\/\\\/x.com\\\/heiko_wenner\",\"https:\\\/\\\/www.instagram.com\\\/akury_gmbh\\\/\",\"https:\\\/\\\/www.youtube.com\\\/channel\\\/UCyItRPbJUon1m0Gq6kV2Izw\"]}]}<\/script>\n<!-- \/ Yoast SEO plugin. -->","yoast_head_json":{"title":"S 49 Melilotus (Steinklee) - akury","robots":{"index":"index","follow":"follow","max-snippet":"max-snippet:-1","max-image-preview":"max-image-preview:large","max-video-preview":"max-video-preview:-1"},"canonical":"https:\/\/www.akuryprodukte.de\/en\/shop\/s-49-melilotus-steinklee\/","og_locale":"en_US","og_type":"article","og_title":"S 49 Melilotus (Steinklee) - akury","og_description":"S 49 Melilotus (Steinklee) Die Essenz ist eine wertvolle Hilfe zur Behandlung von Venenerkrankungen aller Art. Ihr entstauender Effekt zeigt sich bei Krampfadern und ven\u00f6sen Stauungen mit Wassereinlagerung. Zudem kann sie entz\u00fcndliche Reizungen der Venen mildern, was ihren Einsatz bei Venenentz\u00fcndungen sinnvoll macht. Transformationsziele k\u00f6rperlich: \u2013 Stauungen und Entz\u00fcndungen der Venen rasch beheben und ausheilen. [&hellip;]","og_url":"https:\/\/www.akuryprodukte.de\/en\/shop\/s-49-melilotus-steinklee\/","og_site_name":"akury","article_publisher":"https:\/\/de-de.facebook.com\/bioenergetischesinformationsmanagement\/","article_modified_time":"2024-11-12T09:31:28+00:00","og_image":[{"width":575,"height":575,"url":"https:\/\/www.akuryprodukte.de\/wp-content\/uploads\/2024\/11\/S-49-1.png","type":"image\/png"}],"twitter_card":"summary_large_image","twitter_site":"@heiko_wenner","twitter_misc":{"Est. reading time":"1 minute"},"schema":{"@context":"https:\/\/schema.org","@graph":[{"@type":"WebPage","@id":"https:\/\/www.akuryprodukte.de\/en\/shop\/s-49-melilotus-steinklee\/","url":"https:\/\/www.akuryprodukte.de\/en\/shop\/s-49-melilotus-steinklee\/","name":"S 49 Melilotus (Steinklee) - akury","isPartOf":{"@id":"https:\/\/www.akuryprodukte.de\/en\/#website"},"primaryImageOfPage":{"@id":"https:\/\/www.akuryprodukte.de\/en\/shop\/s-49-melilotus-steinklee\/#primaryimage"},"image":{"@id":"https:\/\/www.akuryprodukte.de\/en\/shop\/s-49-melilotus-steinklee\/#primaryimage"},"thumbnailUrl":"https:\/\/www.akuryprodukte.de\/wp-content\/uploads\/2024\/11\/S-49-1.png","datePublished":"2024-11-12T09:25:26+00:00","dateModified":"2024-11-12T09:31:28+00:00","breadcrumb":{"@id":"https:\/\/www.akuryprodukte.de\/en\/shop\/s-49-melilotus-steinklee\/#breadcrumb"},"inLanguage":"en-US","potentialAction":[{"@type":"ReadAction","target":["https:\/\/www.akuryprodukte.de\/en\/shop\/s-49-melilotus-steinklee\/"]}]},{"@type":"ImageObject","inLanguage":"en-US","@id":"https:\/\/www.akuryprodukte.de\/en\/shop\/s-49-melilotus-steinklee\/#primaryimage","url":"https:\/\/www.akuryprodukte.de\/wp-content\/uploads\/2024\/11\/S-49-1.png","contentUrl":"https:\/\/www.akuryprodukte.de\/wp-content\/uploads\/2024\/11\/S-49-1.png","width":575,"height":575},{"@type":"BreadcrumbList","@id":"https:\/\/www.akuryprodukte.de\/en\/shop\/s-49-melilotus-steinklee\/#breadcrumb","itemListElement":[{"@type":"ListItem","position":1,"name":"Startseite","item":"https:\/\/www.akuryprodukte.de\/en\/"},{"@type":"ListItem","position":2,"name":"Shop","item":"https:\/\/www.akuryprodukte.de\/en\/shop-en\/"},{"@type":"ListItem","position":3,"name":"S 49 Melilotus (Steinklee)"}]},{"@type":"WebSite","@id":"https:\/\/www.akuryprodukte.de\/en\/#website","url":"https:\/\/www.akuryprodukte.de\/en\/","name":"akury","description":"Produkte f\u00fcr Ihr Wohlbefinden","publisher":{"@id":"https:\/\/www.akuryprodukte.de\/en\/#organization"},"potentialAction":[{"@type":"SearchAction","target":{"@type":"EntryPoint","urlTemplate":"https:\/\/www.akuryprodukte.de\/en\/?s={search_term_string}"},"query-input":{"@type":"PropertyValueSpecification","valueRequired":true,"valueName":"search_term_string"}}],"inLanguage":"en-US"},{"@type":"Organization","@id":"https:\/\/www.akuryprodukte.de\/en\/#organization","name":"AkuRy GmbH","url":"https:\/\/www.akuryprodukte.de\/en\/","logo":{"@type":"ImageObject","inLanguage":"en-US","@id":"https:\/\/www.akuryprodukte.de\/en\/#\/schema\/logo\/image\/","url":"https:\/\/www.akuryprodukte.de\/wp-content\/uploads\/2020\/09\/Logo_AKY-p-512.jpg","contentUrl":"https:\/\/www.akuryprodukte.de\/wp-content\/uploads\/2020\/09\/Logo_AKY-p-512.jpg","width":512,"height":512,"caption":"AkuRy GmbH"},"image":{"@id":"https:\/\/www.akuryprodukte.de\/en\/#\/schema\/logo\/image\/"},"sameAs":["https:\/\/de-de.facebook.com\/bioenergetischesinformationsmanagement\/","https:\/\/x.com\/heiko_wenner","https:\/\/www.instagram.com\/akury_gmbh\/","https:\/\/www.youtube.com\/channel\/UCyItRPbJUon1m0Gq6kV2Izw"]}]}},"_links":{"self":[{"href":"https:\/\/www.akuryprodukte.de\/en\/wp-json\/wp\/v2\/product\/20919","targetHints":{"allow":["GET"]}}],"collection":[{"href":"https:\/\/www.akuryprodukte.de\/en\/wp-json\/wp\/v2\/product"}],"about":[{"href":"https:\/\/www.akuryprodukte.de\/en\/wp-json\/wp\/v2\/types\/product"}],"replies":[{"embeddable":true,"href":"https:\/\/www.akuryprodukte.de\/en\/wp-json\/wp\/v2\/comments?post=20919"}],"wp:featuredmedia":[{"embeddable":true,"href":"https:\/\/www.akuryprodukte.de\/en\/wp-json\/wp\/v2\/media\/20917"}],"wp:attachment":[{"href":"https:\/\/www.akuryprodukte.de\/en\/wp-json\/wp\/v2\/media?parent=20919"}],"wp:term":[{"taxonomy":"product_brand","embeddable":true,"href":"https:\/\/www.akuryprodukte.de\/en\/wp-json\/wp\/v2\/product_brand?post=20919"},{"taxonomy":"product_cat","embeddable":true,"href":"https:\/\/www.akuryprodukte.de\/en\/wp-json\/wp\/v2\/product_cat?post=20919"},{"taxonomy":"product_tag","embeddable":true,"href":"https:\/\/www.akuryprodukte.de\/en\/wp-json\/wp\/v2\/product_tag?post=20919"}],"curies":[{"name":"wp","href":"https:\/\/api.w.org\/{rel}","templated":true}]}}