{"id":21481,"date":"2025-03-28T12:10:20","date_gmt":"2025-03-28T11:10:20","guid":{"rendered":"https:\/\/www.akuryprodukte.de\/?post_type=product&#038;p=21481"},"modified":"2025-03-28T12:21:09","modified_gmt":"2025-03-28T11:21:09","slug":"skt-sozial-kompetenz-tape","status":"publish","type":"product","link":"https:\/\/www.akuryprodukte.de\/en\/shop\/skt-sozial-kompetenz-tape\/","title":{"rendered":"SKT &#8211; Sozial-Kompetenz-Tape"},"content":{"rendered":"<p>Die Entwicklung sozialer Kompetenzen ist ein entscheidender Faktor f\u00fcr den pers\u00f6nlichen und beruflichen Erfolg. Es liegt in der Verantwortung der Gesellschaft, Kinder und Jugendliche dabei zu unterst\u00fctzen, einen gesunden Umgang mit digitalen Medien zu finden und gleichzeitig ihre F\u00e4higkeiten zur pers\u00f6nlichen Kommunikation und Interaktion zu st\u00e4rken. Nur so kann sichergestellt werden, dass die n\u00e4chste Generation trotz der digitalen Revolution in der Lage ist, bedeutungsvolle zwischenmenschliche Beziehungen aufzubauen und zu pflegen.<\/p>\n<p>Das AkuRy Sozial-Kompetenz-Tape enth\u00e4lt Frequenzen, welche die Sucht nach dem Smartphone und den digitalen Medien zu lindern und gleichzeitig die pers\u00f6nliche Kommunikation und Interaktion zu st\u00e4rken.<\/p>\n<p>&nbsp;<\/p>\n","protected":false},"excerpt":{"rendered":"<p>Die Entwicklung sozialer Kompetenzen ist ein entscheidender Faktor f\u00fcr den pers\u00f6nlichen und beruflichen Erfolg. Es liegt in der Verantwortung der Gesellschaft, Kinder und Jugendliche dabei zu unterst\u00fctzen, einen gesunden Umgang mit digitalen Medien zu finden und gleichzeitig ihre F\u00e4higkeiten zur pers\u00f6nlichen Kommunikation und Interaktion zu st\u00e4rken. Nur so kann sichergestellt werden, dass die n\u00e4chste Generation [&hellip;]<\/p>\n","protected":false},"featured_media":21483,"comment_status":"closed","ping_status":"closed","template":"","meta":[],"product_brand":[],"product_cat":[36],"product_tag":[],"class_list":{"0":"post-21481","1":"product","2":"type-product","3":"status-publish","4":"has-post-thumbnail","6":"product_cat-tapes","8":"first","9":"instock","10":"taxable","11":"shipping-taxable","12":"purchasable","13":"product-type-simple"},"yoast_head":"<!-- This site is optimized with the Yoast SEO plugin v27.3 - https:\/\/yoast.com\/product\/yoast-seo-wordpress\/ -->\n<title>SKT - Sozial-Kompetenz-Tape - akury<\/title>\n<meta name=\"robots\" content=\"index, follow, max-snippet:-1, max-image-preview:large, max-video-preview:-1\" \/>\n<link rel=\"canonical\" href=\"https:\/\/www.akuryprodukte.de\/en\/shop\/skt-sozial-kompetenz-tape\/\" \/>\n<meta property=\"og:locale\" content=\"en_US\" \/>\n<meta property=\"og:type\" content=\"article\" \/>\n<meta property=\"og:title\" content=\"SKT - Sozial-Kompetenz-Tape - akury\" \/>\n<meta property=\"og:description\" content=\"Die Entwicklung sozialer Kompetenzen ist ein entscheidender Faktor f\u00fcr den pers\u00f6nlichen und beruflichen Erfolg. Es liegt in der Verantwortung der Gesellschaft, Kinder und Jugendliche dabei zu unterst\u00fctzen, einen gesunden Umgang mit digitalen Medien zu finden und gleichzeitig ihre F\u00e4higkeiten zur pers\u00f6nlichen Kommunikation und Interaktion zu st\u00e4rken. Nur so kann sichergestellt werden, dass die n\u00e4chste Generation [&hellip;]\" \/>\n<meta property=\"og:url\" content=\"https:\/\/www.akuryprodukte.de\/en\/shop\/skt-sozial-kompetenz-tape\/\" \/>\n<meta property=\"og:site_name\" content=\"akury\" \/>\n<meta property=\"article:publisher\" content=\"https:\/\/de-de.facebook.com\/bioenergetischesinformationsmanagement\/\" \/>\n<meta property=\"article:modified_time\" content=\"2025-03-28T11:21:09+00:00\" \/>\n<meta property=\"og:image\" content=\"https:\/\/www.akuryprodukte.de\/wp-content\/uploads\/2025\/03\/SKT-Tape.png\" \/>\n\t<meta property=\"og:image:width\" content=\"1000\" \/>\n\t<meta property=\"og:image:height\" content=\"838\" \/>\n\t<meta property=\"og:image:type\" content=\"image\/png\" \/>\n<meta name=\"twitter:card\" content=\"summary_large_image\" \/>\n<meta name=\"twitter:site\" content=\"@heiko_wenner\" \/>\n<meta name=\"twitter:label1\" content=\"Est. reading time\" \/>\n\t<meta name=\"twitter:data1\" content=\"1 minute\" \/>\n<script type=\"application\/ld+json\" class=\"yoast-schema-graph\">{\"@context\":\"https:\\\/\\\/schema.org\",\"@graph\":[{\"@type\":\"WebPage\",\"@id\":\"https:\\\/\\\/www.akuryprodukte.de\\\/en\\\/shop\\\/skt-sozial-kompetenz-tape\\\/\",\"url\":\"https:\\\/\\\/www.akuryprodukte.de\\\/en\\\/shop\\\/skt-sozial-kompetenz-tape\\\/\",\"name\":\"SKT - Sozial-Kompetenz-Tape - akury\",\"isPartOf\":{\"@id\":\"https:\\\/\\\/www.akuryprodukte.de\\\/en\\\/#website\"},\"primaryImageOfPage\":{\"@id\":\"https:\\\/\\\/www.akuryprodukte.de\\\/en\\\/shop\\\/skt-sozial-kompetenz-tape\\\/#primaryimage\"},\"image\":{\"@id\":\"https:\\\/\\\/www.akuryprodukte.de\\\/en\\\/shop\\\/skt-sozial-kompetenz-tape\\\/#primaryimage\"},\"thumbnailUrl\":\"https:\\\/\\\/www.akuryprodukte.de\\\/wp-content\\\/uploads\\\/2025\\\/03\\\/SKT-Tape.png\",\"datePublished\":\"2025-03-28T11:10:20+00:00\",\"dateModified\":\"2025-03-28T11:21:09+00:00\",\"breadcrumb\":{\"@id\":\"https:\\\/\\\/www.akuryprodukte.de\\\/en\\\/shop\\\/skt-sozial-kompetenz-tape\\\/#breadcrumb\"},\"inLanguage\":\"en-US\",\"potentialAction\":[{\"@type\":\"ReadAction\",\"target\":[\"https:\\\/\\\/www.akuryprodukte.de\\\/en\\\/shop\\\/skt-sozial-kompetenz-tape\\\/\"]}]},{\"@type\":\"ImageObject\",\"inLanguage\":\"en-US\",\"@id\":\"https:\\\/\\\/www.akuryprodukte.de\\\/en\\\/shop\\\/skt-sozial-kompetenz-tape\\\/#primaryimage\",\"url\":\"https:\\\/\\\/www.akuryprodukte.de\\\/wp-content\\\/uploads\\\/2025\\\/03\\\/SKT-Tape.png\",\"contentUrl\":\"https:\\\/\\\/www.akuryprodukte.de\\\/wp-content\\\/uploads\\\/2025\\\/03\\\/SKT-Tape.png\",\"width\":1000,\"height\":838},{\"@type\":\"BreadcrumbList\",\"@id\":\"https:\\\/\\\/www.akuryprodukte.de\\\/en\\\/shop\\\/skt-sozial-kompetenz-tape\\\/#breadcrumb\",\"itemListElement\":[{\"@type\":\"ListItem\",\"position\":1,\"name\":\"Startseite\",\"item\":\"https:\\\/\\\/www.akuryprodukte.de\\\/en\\\/\"},{\"@type\":\"ListItem\",\"position\":2,\"name\":\"Shop\",\"item\":\"https:\\\/\\\/www.akuryprodukte.de\\\/en\\\/shop-en\\\/\"},{\"@type\":\"ListItem\",\"position\":3,\"name\":\"SKT &#8211; Sozial-Kompetenz-Tape\"}]},{\"@type\":\"WebSite\",\"@id\":\"https:\\\/\\\/www.akuryprodukte.de\\\/en\\\/#website\",\"url\":\"https:\\\/\\\/www.akuryprodukte.de\\\/en\\\/\",\"name\":\"akury\",\"description\":\"Produkte f\u00fcr Ihr Wohlbefinden\",\"publisher\":{\"@id\":\"https:\\\/\\\/www.akuryprodukte.de\\\/en\\\/#organization\"},\"potentialAction\":[{\"@type\":\"SearchAction\",\"target\":{\"@type\":\"EntryPoint\",\"urlTemplate\":\"https:\\\/\\\/www.akuryprodukte.de\\\/en\\\/?s={search_term_string}\"},\"query-input\":{\"@type\":\"PropertyValueSpecification\",\"valueRequired\":true,\"valueName\":\"search_term_string\"}}],\"inLanguage\":\"en-US\"},{\"@type\":\"Organization\",\"@id\":\"https:\\\/\\\/www.akuryprodukte.de\\\/en\\\/#organization\",\"name\":\"AkuRy GmbH\",\"url\":\"https:\\\/\\\/www.akuryprodukte.de\\\/en\\\/\",\"logo\":{\"@type\":\"ImageObject\",\"inLanguage\":\"en-US\",\"@id\":\"https:\\\/\\\/www.akuryprodukte.de\\\/en\\\/#\\\/schema\\\/logo\\\/image\\\/\",\"url\":\"https:\\\/\\\/www.akuryprodukte.de\\\/wp-content\\\/uploads\\\/2020\\\/09\\\/Logo_AKY-p-512.jpg\",\"contentUrl\":\"https:\\\/\\\/www.akuryprodukte.de\\\/wp-content\\\/uploads\\\/2020\\\/09\\\/Logo_AKY-p-512.jpg\",\"width\":512,\"height\":512,\"caption\":\"AkuRy GmbH\"},\"image\":{\"@id\":\"https:\\\/\\\/www.akuryprodukte.de\\\/en\\\/#\\\/schema\\\/logo\\\/image\\\/\"},\"sameAs\":[\"https:\\\/\\\/de-de.facebook.com\\\/bioenergetischesinformationsmanagement\\\/\",\"https:\\\/\\\/x.com\\\/heiko_wenner\",\"https:\\\/\\\/www.instagram.com\\\/akury_gmbh\\\/\",\"https:\\\/\\\/www.youtube.com\\\/channel\\\/UCyItRPbJUon1m0Gq6kV2Izw\"]}]}<\/script>\n<!-- \/ Yoast SEO plugin. -->","yoast_head_json":{"title":"SKT - Sozial-Kompetenz-Tape - akury","robots":{"index":"index","follow":"follow","max-snippet":"max-snippet:-1","max-image-preview":"max-image-preview:large","max-video-preview":"max-video-preview:-1"},"canonical":"https:\/\/www.akuryprodukte.de\/en\/shop\/skt-sozial-kompetenz-tape\/","og_locale":"en_US","og_type":"article","og_title":"SKT - Sozial-Kompetenz-Tape - akury","og_description":"Die Entwicklung sozialer Kompetenzen ist ein entscheidender Faktor f\u00fcr den pers\u00f6nlichen und beruflichen Erfolg. Es liegt in der Verantwortung der Gesellschaft, Kinder und Jugendliche dabei zu unterst\u00fctzen, einen gesunden Umgang mit digitalen Medien zu finden und gleichzeitig ihre F\u00e4higkeiten zur pers\u00f6nlichen Kommunikation und Interaktion zu st\u00e4rken. Nur so kann sichergestellt werden, dass die n\u00e4chste Generation [&hellip;]","og_url":"https:\/\/www.akuryprodukte.de\/en\/shop\/skt-sozial-kompetenz-tape\/","og_site_name":"akury","article_publisher":"https:\/\/de-de.facebook.com\/bioenergetischesinformationsmanagement\/","article_modified_time":"2025-03-28T11:21:09+00:00","og_image":[{"width":1000,"height":838,"url":"https:\/\/www.akuryprodukte.de\/wp-content\/uploads\/2025\/03\/SKT-Tape.png","type":"image\/png"}],"twitter_card":"summary_large_image","twitter_site":"@heiko_wenner","twitter_misc":{"Est. reading time":"1 minute"},"schema":{"@context":"https:\/\/schema.org","@graph":[{"@type":"WebPage","@id":"https:\/\/www.akuryprodukte.de\/en\/shop\/skt-sozial-kompetenz-tape\/","url":"https:\/\/www.akuryprodukte.de\/en\/shop\/skt-sozial-kompetenz-tape\/","name":"SKT - Sozial-Kompetenz-Tape - akury","isPartOf":{"@id":"https:\/\/www.akuryprodukte.de\/en\/#website"},"primaryImageOfPage":{"@id":"https:\/\/www.akuryprodukte.de\/en\/shop\/skt-sozial-kompetenz-tape\/#primaryimage"},"image":{"@id":"https:\/\/www.akuryprodukte.de\/en\/shop\/skt-sozial-kompetenz-tape\/#primaryimage"},"thumbnailUrl":"https:\/\/www.akuryprodukte.de\/wp-content\/uploads\/2025\/03\/SKT-Tape.png","datePublished":"2025-03-28T11:10:20+00:00","dateModified":"2025-03-28T11:21:09+00:00","breadcrumb":{"@id":"https:\/\/www.akuryprodukte.de\/en\/shop\/skt-sozial-kompetenz-tape\/#breadcrumb"},"inLanguage":"en-US","potentialAction":[{"@type":"ReadAction","target":["https:\/\/www.akuryprodukte.de\/en\/shop\/skt-sozial-kompetenz-tape\/"]}]},{"@type":"ImageObject","inLanguage":"en-US","@id":"https:\/\/www.akuryprodukte.de\/en\/shop\/skt-sozial-kompetenz-tape\/#primaryimage","url":"https:\/\/www.akuryprodukte.de\/wp-content\/uploads\/2025\/03\/SKT-Tape.png","contentUrl":"https:\/\/www.akuryprodukte.de\/wp-content\/uploads\/2025\/03\/SKT-Tape.png","width":1000,"height":838},{"@type":"BreadcrumbList","@id":"https:\/\/www.akuryprodukte.de\/en\/shop\/skt-sozial-kompetenz-tape\/#breadcrumb","itemListElement":[{"@type":"ListItem","position":1,"name":"Startseite","item":"https:\/\/www.akuryprodukte.de\/en\/"},{"@type":"ListItem","position":2,"name":"Shop","item":"https:\/\/www.akuryprodukte.de\/en\/shop-en\/"},{"@type":"ListItem","position":3,"name":"SKT &#8211; Sozial-Kompetenz-Tape"}]},{"@type":"WebSite","@id":"https:\/\/www.akuryprodukte.de\/en\/#website","url":"https:\/\/www.akuryprodukte.de\/en\/","name":"akury","description":"Produkte f\u00fcr Ihr Wohlbefinden","publisher":{"@id":"https:\/\/www.akuryprodukte.de\/en\/#organization"},"potentialAction":[{"@type":"SearchAction","target":{"@type":"EntryPoint","urlTemplate":"https:\/\/www.akuryprodukte.de\/en\/?s={search_term_string}"},"query-input":{"@type":"PropertyValueSpecification","valueRequired":true,"valueName":"search_term_string"}}],"inLanguage":"en-US"},{"@type":"Organization","@id":"https:\/\/www.akuryprodukte.de\/en\/#organization","name":"AkuRy GmbH","url":"https:\/\/www.akuryprodukte.de\/en\/","logo":{"@type":"ImageObject","inLanguage":"en-US","@id":"https:\/\/www.akuryprodukte.de\/en\/#\/schema\/logo\/image\/","url":"https:\/\/www.akuryprodukte.de\/wp-content\/uploads\/2020\/09\/Logo_AKY-p-512.jpg","contentUrl":"https:\/\/www.akuryprodukte.de\/wp-content\/uploads\/2020\/09\/Logo_AKY-p-512.jpg","width":512,"height":512,"caption":"AkuRy GmbH"},"image":{"@id":"https:\/\/www.akuryprodukte.de\/en\/#\/schema\/logo\/image\/"},"sameAs":["https:\/\/de-de.facebook.com\/bioenergetischesinformationsmanagement\/","https:\/\/x.com\/heiko_wenner","https:\/\/www.instagram.com\/akury_gmbh\/","https:\/\/www.youtube.com\/channel\/UCyItRPbJUon1m0Gq6kV2Izw"]}]}},"_links":{"self":[{"href":"https:\/\/www.akuryprodukte.de\/en\/wp-json\/wp\/v2\/product\/21481","targetHints":{"allow":["GET"]}}],"collection":[{"href":"https:\/\/www.akuryprodukte.de\/en\/wp-json\/wp\/v2\/product"}],"about":[{"href":"https:\/\/www.akuryprodukte.de\/en\/wp-json\/wp\/v2\/types\/product"}],"replies":[{"embeddable":true,"href":"https:\/\/www.akuryprodukte.de\/en\/wp-json\/wp\/v2\/comments?post=21481"}],"wp:featuredmedia":[{"embeddable":true,"href":"https:\/\/www.akuryprodukte.de\/en\/wp-json\/wp\/v2\/media\/21483"}],"wp:attachment":[{"href":"https:\/\/www.akuryprodukte.de\/en\/wp-json\/wp\/v2\/media?parent=21481"}],"wp:term":[{"taxonomy":"product_brand","embeddable":true,"href":"https:\/\/www.akuryprodukte.de\/en\/wp-json\/wp\/v2\/product_brand?post=21481"},{"taxonomy":"product_cat","embeddable":true,"href":"https:\/\/www.akuryprodukte.de\/en\/wp-json\/wp\/v2\/product_cat?post=21481"},{"taxonomy":"product_tag","embeddable":true,"href":"https:\/\/www.akuryprodukte.de\/en\/wp-json\/wp\/v2\/product_tag?post=21481"}],"curies":[{"name":"wp","href":"https:\/\/api.w.org\/{rel}","templated":true}]}}