{"id":21964,"date":"2025-07-21T18:00:55","date_gmt":"2025-07-21T16:00:55","guid":{"rendered":"https:\/\/www.akuryprodukte.de\/?post_type=product&#038;p=21964"},"modified":"2025-07-21T18:05:44","modified_gmt":"2025-07-21T16:05:44","slug":"ext-12-quercetin","status":"publish","type":"product","link":"https:\/\/www.akuryprodukte.de\/en\/shop\/ext-12-quercetin\/","title":{"rendered":"EXT 12 &#8211; Quercetin"},"content":{"rendered":"<p><strong>EXT 12\u00a0 Quercetin<\/strong><\/p>\n<p>Quercetin ist ein gelber Naturfarbstoff, der zu den\u00a0<a href=\"https:\/\/www.google.com\/search?sca_esv=0f3f3d91d2ee70a0&amp;cs=0&amp;sxsrf=AE3TifOsQFFkW9ahUGDTqc9juCyd5PHI6w%3A1752566116454&amp;q=Flavonoiden&amp;sa=X&amp;ved=2ahUKEwiO46HGsb6OAxWA9gIHHfaZOgwQxccNegQIAhAB&amp;mstk=AUtExfDq_d4h9eWWWKTQoJ8LxBe85n3fe_73NSKsSitWy8o-2EGVHVREADNzclAVry-EiYEyi3-fFXoBu66VLHYyPm5ESq2dhSq5x-cITKfP-PiS1m0lbwomGhJ87u6d7CRolnnfCYs9IUji-3mrQNubAMx4Ce_V6AELU8O8INqTl0MK-PY&amp;csui=3\">Flavonoiden<\/a>\u00a0geh\u00f6rt und in vielen Pflanzen, wie z.B. \u00c4pfeln, Zwiebeln und Beeren vorkommt.\u00a0Es ist bekannt f\u00fcr seine\u00a0<a href=\"https:\/\/www.google.com\/search?sca_esv=0f3f3d91d2ee70a0&amp;cs=0&amp;sxsrf=AE3TifOsQFFkW9ahUGDTqc9juCyd5PHI6w%3A1752566116454&amp;q=antioxidativen&amp;sa=X&amp;ved=2ahUKEwiO46HGsb6OAxWA9gIHHfaZOgwQxccNegQIBBAB&amp;mstk=AUtExfDq_d4h9eWWWKTQoJ8LxBe85n3fe_73NSKsSitWy8o-2EGVHVREADNzclAVry-EiYEyi3-fFXoBu66VLHYyPm5ESq2dhSq5x-cITKfP-PiS1m0lbwomGhJ87u6d7CRolnnfCYs9IUji-3mrQNubAMx4Ce_V6AELU8O8INqTl0MK-PY&amp;csui=3\">antioxidativen<\/a>,\u00a0<a href=\"https:\/\/www.google.com\/search?sca_esv=0f3f3d91d2ee70a0&amp;cs=0&amp;sxsrf=AE3TifOsQFFkW9ahUGDTqc9juCyd5PHI6w%3A1752566116454&amp;q=entz%C3%BCndungshemmenden&amp;sa=X&amp;ved=2ahUKEwiO46HGsb6OAxWA9gIHHfaZOgwQxccNegQIBBAC&amp;mstk=AUtExfDq_d4h9eWWWKTQoJ8LxBe85n3fe_73NSKsSitWy8o-2EGVHVREADNzclAVry-EiYEyi3-fFXoBu66VLHYyPm5ESq2dhSq5x-cITKfP-PiS1m0lbwomGhJ87u6d7CRolnnfCYs9IUji-3mrQNubAMx4Ce_V6AELU8O8INqTl0MK-PY&amp;csui=3\">entz\u00fcndungshemmenden<\/a>\u00a0und\u00a0<a href=\"https:\/\/www.google.com\/search?sca_esv=0f3f3d91d2ee70a0&amp;cs=0&amp;sxsrf=AE3TifOsQFFkW9ahUGDTqc9juCyd5PHI6w%3A1752566116454&amp;q=antihistaminischen&amp;sa=X&amp;ved=2ahUKEwiO46HGsb6OAxWA9gIHHfaZOgwQxccNegQIBBAD&amp;mstk=AUtExfDq_d4h9eWWWKTQoJ8LxBe85n3fe_73NSKsSitWy8o-2EGVHVREADNzclAVry-EiYEyi3-fFXoBu66VLHYyPm5ESq2dhSq5x-cITKfP-PiS1m0lbwomGhJ87u6d7CRolnnfCYs9IUji-3mrQNubAMx4Ce_V6AELU8O8INqTl0MK-PY&amp;csui=3\">antihistaminischen<\/a>\u00a0Eigenschaften.\u00a0Quercetin kann dazu beitragen, den K\u00f6rper vor freien Radikalen zu sch\u00fctzen und Entz\u00fcndungen zu reduzieren.\u00a0Es wird auch als m\u00f6gliches\u00a0<a href=\"https:\/\/www.google.com\/search?sca_esv=0f3f3d91d2ee70a0&amp;cs=0&amp;sxsrf=AE3TifOsQFFkW9ahUGDTqc9juCyd5PHI6w%3A1752566116454&amp;q=Antihistaminikum&amp;sa=X&amp;ved=2ahUKEwiO46HGsb6OAxWA9gIHHfaZOgwQxccNegQIDRAB&amp;mstk=AUtExfDq_d4h9eWWWKTQoJ8LxBe85n3fe_73NSKsSitWy8o-2EGVHVREADNzclAVry-EiYEyi3-fFXoBu66VLHYyPm5ESq2dhSq5x-cITKfP-PiS1m0lbwomGhJ87u6d7CRolnnfCYs9IUji-3mrQNubAMx4Ce_V6AELU8O8INqTl0MK-PY&amp;csui=3\">Antihistaminikum<\/a>\u00a0bei Allergien untersucht, da es die Freisetzung von Histamin hemmen kann.<\/p>\n<p>Einsatzm\u00f6glichkeiten von Quercetin<\/p>\n<p>Quercetin kann unterst\u00fctzend eingesetzt werden bei:<\/p>\n<ul>\n<li>Heuschnupfen (allergische Rhinitis)<\/li>\n<li>Asthma bronchiale<\/li>\n<li>Kontaktallergien und Hautausschl\u00e4gen<\/li>\n<li>Lebensmittelallergien<\/li>\n<li>Histaminintoleranz<\/li>\n<li>Chronisch-entz\u00fcndlichen Erkrankungen mit allergischer Komponente<\/li>\n<\/ul>\n<p>Der Chip enth\u00e4lt Frequenzen und Informationen von Quercetin, die zur Linderung der oben genannten Symptome\/Anwendungsbereiche beitragen sollen.<\/p>\n<p><strong>\u00a0<\/strong><\/p>\n","protected":false},"excerpt":{"rendered":"<p>EXT 12\u00a0 Quercetin Quercetin ist ein gelber Naturfarbstoff, der zu den\u00a0Flavonoiden\u00a0geh\u00f6rt und in vielen Pflanzen, wie z.B. \u00c4pfeln, Zwiebeln und Beeren vorkommt.\u00a0Es ist bekannt f\u00fcr seine\u00a0antioxidativen,\u00a0entz\u00fcndungshemmenden\u00a0und\u00a0antihistaminischen\u00a0Eigenschaften.\u00a0Quercetin kann dazu beitragen, den K\u00f6rper vor freien Radikalen zu sch\u00fctzen und Entz\u00fcndungen zu reduzieren.\u00a0Es wird auch als m\u00f6gliches\u00a0Antihistaminikum\u00a0bei Allergien untersucht, da es die Freisetzung von Histamin hemmen kann. Einsatzm\u00f6glichkeiten [&hellip;]<\/p>\n","protected":false},"featured_media":21967,"comment_status":"open","ping_status":"closed","template":"","meta":[],"product_brand":[],"product_cat":[3002,3008,2743,551,553],"product_tag":[],"class_list":{"0":"post-21964","1":"product","2":"type-product","3":"status-publish","4":"has-post-thumbnail","6":"product_cat-info-chips-immunsystem","7":"product_cat-info-chips-stuetz-und-bewegungsapparat-haut-schleimhaut","8":"product_cat-info-chips-extrakte","9":"product_cat-info-chips-allergien","10":"product_cat-allergien-linderung","12":"first","13":"instock","14":"taxable","15":"shipping-taxable","16":"purchasable","17":"product-type-simple"},"yoast_head":"<!-- This site is optimized with the Yoast SEO plugin v27.3 - https:\/\/yoast.com\/product\/yoast-seo-wordpress\/ -->\n<title>EXT 12 - Quercetin - akury<\/title>\n<meta name=\"robots\" content=\"index, follow, max-snippet:-1, max-image-preview:large, max-video-preview:-1\" \/>\n<link rel=\"canonical\" href=\"https:\/\/www.akuryprodukte.de\/en\/shop\/ext-12-quercetin\/\" \/>\n<meta property=\"og:locale\" content=\"en_US\" \/>\n<meta property=\"og:type\" content=\"article\" \/>\n<meta property=\"og:title\" content=\"EXT 12 - Quercetin - akury\" \/>\n<meta property=\"og:description\" content=\"EXT 12\u00a0 Quercetin Quercetin ist ein gelber Naturfarbstoff, der zu den\u00a0Flavonoiden\u00a0geh\u00f6rt und in vielen Pflanzen, wie z.B. \u00c4pfeln, Zwiebeln und Beeren vorkommt.\u00a0Es ist bekannt f\u00fcr seine\u00a0antioxidativen,\u00a0entz\u00fcndungshemmenden\u00a0und\u00a0antihistaminischen\u00a0Eigenschaften.\u00a0Quercetin kann dazu beitragen, den K\u00f6rper vor freien Radikalen zu sch\u00fctzen und Entz\u00fcndungen zu reduzieren.\u00a0Es wird auch als m\u00f6gliches\u00a0Antihistaminikum\u00a0bei Allergien untersucht, da es die Freisetzung von Histamin hemmen kann. Einsatzm\u00f6glichkeiten [&hellip;]\" \/>\n<meta property=\"og:url\" content=\"https:\/\/www.akuryprodukte.de\/en\/shop\/ext-12-quercetin\/\" \/>\n<meta property=\"og:site_name\" content=\"akury\" \/>\n<meta property=\"article:publisher\" content=\"https:\/\/de-de.facebook.com\/bioenergetischesinformationsmanagement\/\" \/>\n<meta property=\"article:modified_time\" content=\"2025-07-21T16:05:44+00:00\" \/>\n<meta property=\"og:image\" content=\"https:\/\/www.akuryprodukte.de\/wp-content\/uploads\/2025\/07\/EXT-12-n-1.png\" \/>\n\t<meta property=\"og:image:width\" content=\"575\" \/>\n\t<meta property=\"og:image:height\" content=\"575\" \/>\n\t<meta property=\"og:image:type\" content=\"image\/png\" \/>\n<meta name=\"twitter:card\" content=\"summary_large_image\" \/>\n<meta name=\"twitter:site\" content=\"@heiko_wenner\" \/>\n<meta name=\"twitter:label1\" content=\"Est. reading time\" \/>\n\t<meta name=\"twitter:data1\" content=\"1 minute\" \/>\n<script type=\"application\/ld+json\" class=\"yoast-schema-graph\">{\"@context\":\"https:\\\/\\\/schema.org\",\"@graph\":[{\"@type\":\"WebPage\",\"@id\":\"https:\\\/\\\/www.akuryprodukte.de\\\/en\\\/shop\\\/ext-12-quercetin\\\/\",\"url\":\"https:\\\/\\\/www.akuryprodukte.de\\\/en\\\/shop\\\/ext-12-quercetin\\\/\",\"name\":\"EXT 12 - Quercetin - akury\",\"isPartOf\":{\"@id\":\"https:\\\/\\\/www.akuryprodukte.de\\\/en\\\/#website\"},\"primaryImageOfPage\":{\"@id\":\"https:\\\/\\\/www.akuryprodukte.de\\\/en\\\/shop\\\/ext-12-quercetin\\\/#primaryimage\"},\"image\":{\"@id\":\"https:\\\/\\\/www.akuryprodukte.de\\\/en\\\/shop\\\/ext-12-quercetin\\\/#primaryimage\"},\"thumbnailUrl\":\"https:\\\/\\\/www.akuryprodukte.de\\\/wp-content\\\/uploads\\\/2025\\\/07\\\/EXT-12-n-1.png\",\"datePublished\":\"2025-07-21T16:00:55+00:00\",\"dateModified\":\"2025-07-21T16:05:44+00:00\",\"breadcrumb\":{\"@id\":\"https:\\\/\\\/www.akuryprodukte.de\\\/en\\\/shop\\\/ext-12-quercetin\\\/#breadcrumb\"},\"inLanguage\":\"en-US\",\"potentialAction\":[{\"@type\":\"ReadAction\",\"target\":[\"https:\\\/\\\/www.akuryprodukte.de\\\/en\\\/shop\\\/ext-12-quercetin\\\/\"]}]},{\"@type\":\"ImageObject\",\"inLanguage\":\"en-US\",\"@id\":\"https:\\\/\\\/www.akuryprodukte.de\\\/en\\\/shop\\\/ext-12-quercetin\\\/#primaryimage\",\"url\":\"https:\\\/\\\/www.akuryprodukte.de\\\/wp-content\\\/uploads\\\/2025\\\/07\\\/EXT-12-n-1.png\",\"contentUrl\":\"https:\\\/\\\/www.akuryprodukte.de\\\/wp-content\\\/uploads\\\/2025\\\/07\\\/EXT-12-n-1.png\",\"width\":575,\"height\":575},{\"@type\":\"BreadcrumbList\",\"@id\":\"https:\\\/\\\/www.akuryprodukte.de\\\/en\\\/shop\\\/ext-12-quercetin\\\/#breadcrumb\",\"itemListElement\":[{\"@type\":\"ListItem\",\"position\":1,\"name\":\"Startseite\",\"item\":\"https:\\\/\\\/www.akuryprodukte.de\\\/en\\\/\"},{\"@type\":\"ListItem\",\"position\":2,\"name\":\"Shop\",\"item\":\"https:\\\/\\\/www.akuryprodukte.de\\\/en\\\/shop-en\\\/\"},{\"@type\":\"ListItem\",\"position\":3,\"name\":\"EXT 12 &#8211; Quercetin\"}]},{\"@type\":\"WebSite\",\"@id\":\"https:\\\/\\\/www.akuryprodukte.de\\\/en\\\/#website\",\"url\":\"https:\\\/\\\/www.akuryprodukte.de\\\/en\\\/\",\"name\":\"akury\",\"description\":\"Produkte f\u00fcr Ihr Wohlbefinden\",\"publisher\":{\"@id\":\"https:\\\/\\\/www.akuryprodukte.de\\\/en\\\/#organization\"},\"potentialAction\":[{\"@type\":\"SearchAction\",\"target\":{\"@type\":\"EntryPoint\",\"urlTemplate\":\"https:\\\/\\\/www.akuryprodukte.de\\\/en\\\/?s={search_term_string}\"},\"query-input\":{\"@type\":\"PropertyValueSpecification\",\"valueRequired\":true,\"valueName\":\"search_term_string\"}}],\"inLanguage\":\"en-US\"},{\"@type\":\"Organization\",\"@id\":\"https:\\\/\\\/www.akuryprodukte.de\\\/en\\\/#organization\",\"name\":\"AkuRy GmbH\",\"url\":\"https:\\\/\\\/www.akuryprodukte.de\\\/en\\\/\",\"logo\":{\"@type\":\"ImageObject\",\"inLanguage\":\"en-US\",\"@id\":\"https:\\\/\\\/www.akuryprodukte.de\\\/en\\\/#\\\/schema\\\/logo\\\/image\\\/\",\"url\":\"https:\\\/\\\/www.akuryprodukte.de\\\/wp-content\\\/uploads\\\/2020\\\/09\\\/Logo_AKY-p-512.jpg\",\"contentUrl\":\"https:\\\/\\\/www.akuryprodukte.de\\\/wp-content\\\/uploads\\\/2020\\\/09\\\/Logo_AKY-p-512.jpg\",\"width\":512,\"height\":512,\"caption\":\"AkuRy GmbH\"},\"image\":{\"@id\":\"https:\\\/\\\/www.akuryprodukte.de\\\/en\\\/#\\\/schema\\\/logo\\\/image\\\/\"},\"sameAs\":[\"https:\\\/\\\/de-de.facebook.com\\\/bioenergetischesinformationsmanagement\\\/\",\"https:\\\/\\\/x.com\\\/heiko_wenner\",\"https:\\\/\\\/www.instagram.com\\\/akury_gmbh\\\/\",\"https:\\\/\\\/www.youtube.com\\\/channel\\\/UCyItRPbJUon1m0Gq6kV2Izw\"]}]}<\/script>\n<!-- \/ Yoast SEO plugin. -->","yoast_head_json":{"title":"EXT 12 - Quercetin - akury","robots":{"index":"index","follow":"follow","max-snippet":"max-snippet:-1","max-image-preview":"max-image-preview:large","max-video-preview":"max-video-preview:-1"},"canonical":"https:\/\/www.akuryprodukte.de\/en\/shop\/ext-12-quercetin\/","og_locale":"en_US","og_type":"article","og_title":"EXT 12 - Quercetin - akury","og_description":"EXT 12\u00a0 Quercetin Quercetin ist ein gelber Naturfarbstoff, der zu den\u00a0Flavonoiden\u00a0geh\u00f6rt und in vielen Pflanzen, wie z.B. \u00c4pfeln, Zwiebeln und Beeren vorkommt.\u00a0Es ist bekannt f\u00fcr seine\u00a0antioxidativen,\u00a0entz\u00fcndungshemmenden\u00a0und\u00a0antihistaminischen\u00a0Eigenschaften.\u00a0Quercetin kann dazu beitragen, den K\u00f6rper vor freien Radikalen zu sch\u00fctzen und Entz\u00fcndungen zu reduzieren.\u00a0Es wird auch als m\u00f6gliches\u00a0Antihistaminikum\u00a0bei Allergien untersucht, da es die Freisetzung von Histamin hemmen kann. Einsatzm\u00f6glichkeiten [&hellip;]","og_url":"https:\/\/www.akuryprodukte.de\/en\/shop\/ext-12-quercetin\/","og_site_name":"akury","article_publisher":"https:\/\/de-de.facebook.com\/bioenergetischesinformationsmanagement\/","article_modified_time":"2025-07-21T16:05:44+00:00","og_image":[{"width":575,"height":575,"url":"https:\/\/www.akuryprodukte.de\/wp-content\/uploads\/2025\/07\/EXT-12-n-1.png","type":"image\/png"}],"twitter_card":"summary_large_image","twitter_site":"@heiko_wenner","twitter_misc":{"Est. reading time":"1 minute"},"schema":{"@context":"https:\/\/schema.org","@graph":[{"@type":"WebPage","@id":"https:\/\/www.akuryprodukte.de\/en\/shop\/ext-12-quercetin\/","url":"https:\/\/www.akuryprodukte.de\/en\/shop\/ext-12-quercetin\/","name":"EXT 12 - Quercetin - akury","isPartOf":{"@id":"https:\/\/www.akuryprodukte.de\/en\/#website"},"primaryImageOfPage":{"@id":"https:\/\/www.akuryprodukte.de\/en\/shop\/ext-12-quercetin\/#primaryimage"},"image":{"@id":"https:\/\/www.akuryprodukte.de\/en\/shop\/ext-12-quercetin\/#primaryimage"},"thumbnailUrl":"https:\/\/www.akuryprodukte.de\/wp-content\/uploads\/2025\/07\/EXT-12-n-1.png","datePublished":"2025-07-21T16:00:55+00:00","dateModified":"2025-07-21T16:05:44+00:00","breadcrumb":{"@id":"https:\/\/www.akuryprodukte.de\/en\/shop\/ext-12-quercetin\/#breadcrumb"},"inLanguage":"en-US","potentialAction":[{"@type":"ReadAction","target":["https:\/\/www.akuryprodukte.de\/en\/shop\/ext-12-quercetin\/"]}]},{"@type":"ImageObject","inLanguage":"en-US","@id":"https:\/\/www.akuryprodukte.de\/en\/shop\/ext-12-quercetin\/#primaryimage","url":"https:\/\/www.akuryprodukte.de\/wp-content\/uploads\/2025\/07\/EXT-12-n-1.png","contentUrl":"https:\/\/www.akuryprodukte.de\/wp-content\/uploads\/2025\/07\/EXT-12-n-1.png","width":575,"height":575},{"@type":"BreadcrumbList","@id":"https:\/\/www.akuryprodukte.de\/en\/shop\/ext-12-quercetin\/#breadcrumb","itemListElement":[{"@type":"ListItem","position":1,"name":"Startseite","item":"https:\/\/www.akuryprodukte.de\/en\/"},{"@type":"ListItem","position":2,"name":"Shop","item":"https:\/\/www.akuryprodukte.de\/en\/shop-en\/"},{"@type":"ListItem","position":3,"name":"EXT 12 &#8211; Quercetin"}]},{"@type":"WebSite","@id":"https:\/\/www.akuryprodukte.de\/en\/#website","url":"https:\/\/www.akuryprodukte.de\/en\/","name":"akury","description":"Produkte f\u00fcr Ihr Wohlbefinden","publisher":{"@id":"https:\/\/www.akuryprodukte.de\/en\/#organization"},"potentialAction":[{"@type":"SearchAction","target":{"@type":"EntryPoint","urlTemplate":"https:\/\/www.akuryprodukte.de\/en\/?s={search_term_string}"},"query-input":{"@type":"PropertyValueSpecification","valueRequired":true,"valueName":"search_term_string"}}],"inLanguage":"en-US"},{"@type":"Organization","@id":"https:\/\/www.akuryprodukte.de\/en\/#organization","name":"AkuRy GmbH","url":"https:\/\/www.akuryprodukte.de\/en\/","logo":{"@type":"ImageObject","inLanguage":"en-US","@id":"https:\/\/www.akuryprodukte.de\/en\/#\/schema\/logo\/image\/","url":"https:\/\/www.akuryprodukte.de\/wp-content\/uploads\/2020\/09\/Logo_AKY-p-512.jpg","contentUrl":"https:\/\/www.akuryprodukte.de\/wp-content\/uploads\/2020\/09\/Logo_AKY-p-512.jpg","width":512,"height":512,"caption":"AkuRy GmbH"},"image":{"@id":"https:\/\/www.akuryprodukte.de\/en\/#\/schema\/logo\/image\/"},"sameAs":["https:\/\/de-de.facebook.com\/bioenergetischesinformationsmanagement\/","https:\/\/x.com\/heiko_wenner","https:\/\/www.instagram.com\/akury_gmbh\/","https:\/\/www.youtube.com\/channel\/UCyItRPbJUon1m0Gq6kV2Izw"]}]}},"_links":{"self":[{"href":"https:\/\/www.akuryprodukte.de\/en\/wp-json\/wp\/v2\/product\/21964","targetHints":{"allow":["GET"]}}],"collection":[{"href":"https:\/\/www.akuryprodukte.de\/en\/wp-json\/wp\/v2\/product"}],"about":[{"href":"https:\/\/www.akuryprodukte.de\/en\/wp-json\/wp\/v2\/types\/product"}],"replies":[{"embeddable":true,"href":"https:\/\/www.akuryprodukte.de\/en\/wp-json\/wp\/v2\/comments?post=21964"}],"wp:featuredmedia":[{"embeddable":true,"href":"https:\/\/www.akuryprodukte.de\/en\/wp-json\/wp\/v2\/media\/21967"}],"wp:attachment":[{"href":"https:\/\/www.akuryprodukte.de\/en\/wp-json\/wp\/v2\/media?parent=21964"}],"wp:term":[{"taxonomy":"product_brand","embeddable":true,"href":"https:\/\/www.akuryprodukte.de\/en\/wp-json\/wp\/v2\/product_brand?post=21964"},{"taxonomy":"product_cat","embeddable":true,"href":"https:\/\/www.akuryprodukte.de\/en\/wp-json\/wp\/v2\/product_cat?post=21964"},{"taxonomy":"product_tag","embeddable":true,"href":"https:\/\/www.akuryprodukte.de\/en\/wp-json\/wp\/v2\/product_tag?post=21964"}],"curies":[{"name":"wp","href":"https:\/\/api.w.org\/{rel}","templated":true}]}}