{"id":21972,"date":"2025-07-22T08:27:39","date_gmt":"2025-07-22T06:27:39","guid":{"rendered":"https:\/\/www.akuryprodukte.de\/?post_type=product&#038;p=21972"},"modified":"2025-07-22T08:32:22","modified_gmt":"2025-07-22T06:32:22","slug":"ext-13-berberin","status":"publish","type":"product","link":"https:\/\/www.akuryprodukte.de\/en\/shop\/ext-13-berberin\/","title":{"rendered":"EXT 13 &#8211; Berberin"},"content":{"rendered":"<p><strong>EXT 13 Berberin<\/strong><\/p>\n<p>Berberin ist ein Pflanzenalkaloid, das in verschiedenen Pflanzen, wie der Berberitze, vorkommt.\u00a0Es wird als Nahrungserg\u00e4nzungsmittel verwendet und soll positive Auswirkungen auf den Blutzuckerspiegel, den Fettstoffwechsel und die Herzgesundheit haben.\u00a0Es wird auch in der traditionellen chinesischen und ayurvedischen Medizin eingesetzt.<\/p>\n<p><strong>Wirkung und Anwendungsgebiete:<\/strong><\/p>\n<ul>\n<li>Blutzuckerspiegel:<\/li>\n<\/ul>\n<p>Berberin kann die Insulinresistenz verbessern und somit den Blutzuckerspiegel positiv beeinflussen.<\/p>\n<ul>\n<li>Fettstoffwechsel:<\/li>\n<\/ul>\n<p>Es kann den Cholesterinspiegel senken und den Fettstoffwechsel unterst\u00fctzen.<\/p>\n<ul>\n<li>Herzgesundheit:<\/li>\n<\/ul>\n<p>Berberin kann sich positiv auf die Herzgesundheit auswirken, indem es die Herzfunktion unterst\u00fctzt.<\/p>\n<ul>\n<li>Entz\u00fcndungshemmend:<\/li>\n<\/ul>\n<p>Es wirkt entz\u00fcndungshemmend und kann bei verschiedenen Entz\u00fcndungen im K\u00f6rper helfen.<\/p>\n<ul>\n<li>Antioxidativ:<\/li>\n<\/ul>\n<p>Berberin wirkt antioxidativ und kann freie Radikale bek\u00e4mpfen.<\/p>\n<ul>\n<li>Weitere Anwendungsgebiete:<\/li>\n<\/ul>\n<p>Es wird auch bei Verdauungsbeschwerden, Durchfall und Infektionen eingesetzt.<\/p>\n<p>Der Chip enth\u00e4lt Frequenzen und Informationen von Berberin, welche die Linderung der oben genannten Symptome\/Anwendungsbereiche unterst\u00fctzen soll.<\/p>\n<p><strong>\u00a0<\/strong><\/p>\n","protected":false},"excerpt":{"rendered":"<p>EXT 13 Berberin Berberin ist ein Pflanzenalkaloid, das in verschiedenen Pflanzen, wie der Berberitze, vorkommt.\u00a0Es wird als Nahrungserg\u00e4nzungsmittel verwendet und soll positive Auswirkungen auf den Blutzuckerspiegel, den Fettstoffwechsel und die Herzgesundheit haben.\u00a0Es wird auch in der traditionellen chinesischen und ayurvedischen Medizin eingesetzt. Wirkung und Anwendungsgebiete: Blutzuckerspiegel: Berberin kann die Insulinresistenz verbessern und somit den Blutzuckerspiegel [&hellip;]<\/p>\n","protected":false},"featured_media":21973,"comment_status":"open","ping_status":"closed","template":"","meta":[],"product_brand":[],"product_cat":[3004,2743,2007,551],"product_tag":[],"class_list":{"0":"post-21972","1":"product","2":"type-product","3":"status-publish","4":"has-post-thumbnail","6":"product_cat-info-chips-herzkreislauf","7":"product_cat-info-chips-extrakte","8":"product_cat-info-chips-stoffwechsel","9":"product_cat-info-chips-allergien","11":"first","12":"instock","13":"taxable","14":"shipping-taxable","15":"purchasable","16":"product-type-simple"},"yoast_head":"<!-- This site is optimized with the Yoast SEO plugin v27.3 - https:\/\/yoast.com\/product\/yoast-seo-wordpress\/ -->\n<title>EXT 13 - Berberin - akury<\/title>\n<meta name=\"robots\" content=\"index, follow, max-snippet:-1, max-image-preview:large, max-video-preview:-1\" \/>\n<link rel=\"canonical\" href=\"https:\/\/www.akuryprodukte.de\/en\/shop\/ext-13-berberin\/\" \/>\n<meta property=\"og:locale\" content=\"en_US\" \/>\n<meta property=\"og:type\" content=\"article\" \/>\n<meta property=\"og:title\" content=\"EXT 13 - Berberin - akury\" \/>\n<meta property=\"og:description\" content=\"EXT 13 Berberin Berberin ist ein Pflanzenalkaloid, das in verschiedenen Pflanzen, wie der Berberitze, vorkommt.\u00a0Es wird als Nahrungserg\u00e4nzungsmittel verwendet und soll positive Auswirkungen auf den Blutzuckerspiegel, den Fettstoffwechsel und die Herzgesundheit haben.\u00a0Es wird auch in der traditionellen chinesischen und ayurvedischen Medizin eingesetzt. Wirkung und Anwendungsgebiete: Blutzuckerspiegel: Berberin kann die Insulinresistenz verbessern und somit den Blutzuckerspiegel [&hellip;]\" \/>\n<meta property=\"og:url\" content=\"https:\/\/www.akuryprodukte.de\/en\/shop\/ext-13-berberin\/\" \/>\n<meta property=\"og:site_name\" content=\"akury\" \/>\n<meta property=\"article:publisher\" content=\"https:\/\/de-de.facebook.com\/bioenergetischesinformationsmanagement\/\" \/>\n<meta property=\"article:modified_time\" content=\"2025-07-22T06:32:22+00:00\" \/>\n<meta property=\"og:image\" content=\"https:\/\/www.akuryprodukte.de\/wp-content\/uploads\/2025\/07\/EXT-13-a.png\" \/>\n\t<meta property=\"og:image:width\" content=\"575\" \/>\n\t<meta property=\"og:image:height\" content=\"575\" \/>\n\t<meta property=\"og:image:type\" content=\"image\/png\" \/>\n<meta name=\"twitter:card\" content=\"summary_large_image\" \/>\n<meta name=\"twitter:site\" content=\"@heiko_wenner\" \/>\n<meta name=\"twitter:label1\" content=\"Est. reading time\" \/>\n\t<meta name=\"twitter:data1\" content=\"1 minute\" \/>\n<script type=\"application\/ld+json\" class=\"yoast-schema-graph\">{\"@context\":\"https:\\\/\\\/schema.org\",\"@graph\":[{\"@type\":\"WebPage\",\"@id\":\"https:\\\/\\\/www.akuryprodukte.de\\\/en\\\/shop\\\/ext-13-berberin\\\/\",\"url\":\"https:\\\/\\\/www.akuryprodukte.de\\\/en\\\/shop\\\/ext-13-berberin\\\/\",\"name\":\"EXT 13 - Berberin - akury\",\"isPartOf\":{\"@id\":\"https:\\\/\\\/www.akuryprodukte.de\\\/en\\\/#website\"},\"primaryImageOfPage\":{\"@id\":\"https:\\\/\\\/www.akuryprodukte.de\\\/en\\\/shop\\\/ext-13-berberin\\\/#primaryimage\"},\"image\":{\"@id\":\"https:\\\/\\\/www.akuryprodukte.de\\\/en\\\/shop\\\/ext-13-berberin\\\/#primaryimage\"},\"thumbnailUrl\":\"https:\\\/\\\/www.akuryprodukte.de\\\/wp-content\\\/uploads\\\/2025\\\/07\\\/EXT-13-a.png\",\"datePublished\":\"2025-07-22T06:27:39+00:00\",\"dateModified\":\"2025-07-22T06:32:22+00:00\",\"breadcrumb\":{\"@id\":\"https:\\\/\\\/www.akuryprodukte.de\\\/en\\\/shop\\\/ext-13-berberin\\\/#breadcrumb\"},\"inLanguage\":\"en-US\",\"potentialAction\":[{\"@type\":\"ReadAction\",\"target\":[\"https:\\\/\\\/www.akuryprodukte.de\\\/en\\\/shop\\\/ext-13-berberin\\\/\"]}]},{\"@type\":\"ImageObject\",\"inLanguage\":\"en-US\",\"@id\":\"https:\\\/\\\/www.akuryprodukte.de\\\/en\\\/shop\\\/ext-13-berberin\\\/#primaryimage\",\"url\":\"https:\\\/\\\/www.akuryprodukte.de\\\/wp-content\\\/uploads\\\/2025\\\/07\\\/EXT-13-a.png\",\"contentUrl\":\"https:\\\/\\\/www.akuryprodukte.de\\\/wp-content\\\/uploads\\\/2025\\\/07\\\/EXT-13-a.png\",\"width\":575,\"height\":575},{\"@type\":\"BreadcrumbList\",\"@id\":\"https:\\\/\\\/www.akuryprodukte.de\\\/en\\\/shop\\\/ext-13-berberin\\\/#breadcrumb\",\"itemListElement\":[{\"@type\":\"ListItem\",\"position\":1,\"name\":\"Startseite\",\"item\":\"https:\\\/\\\/www.akuryprodukte.de\\\/en\\\/\"},{\"@type\":\"ListItem\",\"position\":2,\"name\":\"Shop\",\"item\":\"https:\\\/\\\/www.akuryprodukte.de\\\/en\\\/shop-en\\\/\"},{\"@type\":\"ListItem\",\"position\":3,\"name\":\"EXT 13 &#8211; Berberin\"}]},{\"@type\":\"WebSite\",\"@id\":\"https:\\\/\\\/www.akuryprodukte.de\\\/en\\\/#website\",\"url\":\"https:\\\/\\\/www.akuryprodukte.de\\\/en\\\/\",\"name\":\"akury\",\"description\":\"Produkte f\u00fcr Ihr Wohlbefinden\",\"publisher\":{\"@id\":\"https:\\\/\\\/www.akuryprodukte.de\\\/en\\\/#organization\"},\"potentialAction\":[{\"@type\":\"SearchAction\",\"target\":{\"@type\":\"EntryPoint\",\"urlTemplate\":\"https:\\\/\\\/www.akuryprodukte.de\\\/en\\\/?s={search_term_string}\"},\"query-input\":{\"@type\":\"PropertyValueSpecification\",\"valueRequired\":true,\"valueName\":\"search_term_string\"}}],\"inLanguage\":\"en-US\"},{\"@type\":\"Organization\",\"@id\":\"https:\\\/\\\/www.akuryprodukte.de\\\/en\\\/#organization\",\"name\":\"AkuRy GmbH\",\"url\":\"https:\\\/\\\/www.akuryprodukte.de\\\/en\\\/\",\"logo\":{\"@type\":\"ImageObject\",\"inLanguage\":\"en-US\",\"@id\":\"https:\\\/\\\/www.akuryprodukte.de\\\/en\\\/#\\\/schema\\\/logo\\\/image\\\/\",\"url\":\"https:\\\/\\\/www.akuryprodukte.de\\\/wp-content\\\/uploads\\\/2020\\\/09\\\/Logo_AKY-p-512.jpg\",\"contentUrl\":\"https:\\\/\\\/www.akuryprodukte.de\\\/wp-content\\\/uploads\\\/2020\\\/09\\\/Logo_AKY-p-512.jpg\",\"width\":512,\"height\":512,\"caption\":\"AkuRy GmbH\"},\"image\":{\"@id\":\"https:\\\/\\\/www.akuryprodukte.de\\\/en\\\/#\\\/schema\\\/logo\\\/image\\\/\"},\"sameAs\":[\"https:\\\/\\\/de-de.facebook.com\\\/bioenergetischesinformationsmanagement\\\/\",\"https:\\\/\\\/x.com\\\/heiko_wenner\",\"https:\\\/\\\/www.instagram.com\\\/akury_gmbh\\\/\",\"https:\\\/\\\/www.youtube.com\\\/channel\\\/UCyItRPbJUon1m0Gq6kV2Izw\"]}]}<\/script>\n<!-- \/ Yoast SEO plugin. -->","yoast_head_json":{"title":"EXT 13 - Berberin - akury","robots":{"index":"index","follow":"follow","max-snippet":"max-snippet:-1","max-image-preview":"max-image-preview:large","max-video-preview":"max-video-preview:-1"},"canonical":"https:\/\/www.akuryprodukte.de\/en\/shop\/ext-13-berberin\/","og_locale":"en_US","og_type":"article","og_title":"EXT 13 - Berberin - akury","og_description":"EXT 13 Berberin Berberin ist ein Pflanzenalkaloid, das in verschiedenen Pflanzen, wie der Berberitze, vorkommt.\u00a0Es wird als Nahrungserg\u00e4nzungsmittel verwendet und soll positive Auswirkungen auf den Blutzuckerspiegel, den Fettstoffwechsel und die Herzgesundheit haben.\u00a0Es wird auch in der traditionellen chinesischen und ayurvedischen Medizin eingesetzt. Wirkung und Anwendungsgebiete: Blutzuckerspiegel: Berberin kann die Insulinresistenz verbessern und somit den Blutzuckerspiegel [&hellip;]","og_url":"https:\/\/www.akuryprodukte.de\/en\/shop\/ext-13-berberin\/","og_site_name":"akury","article_publisher":"https:\/\/de-de.facebook.com\/bioenergetischesinformationsmanagement\/","article_modified_time":"2025-07-22T06:32:22+00:00","og_image":[{"width":575,"height":575,"url":"https:\/\/www.akuryprodukte.de\/wp-content\/uploads\/2025\/07\/EXT-13-a.png","type":"image\/png"}],"twitter_card":"summary_large_image","twitter_site":"@heiko_wenner","twitter_misc":{"Est. reading time":"1 minute"},"schema":{"@context":"https:\/\/schema.org","@graph":[{"@type":"WebPage","@id":"https:\/\/www.akuryprodukte.de\/en\/shop\/ext-13-berberin\/","url":"https:\/\/www.akuryprodukte.de\/en\/shop\/ext-13-berberin\/","name":"EXT 13 - Berberin - akury","isPartOf":{"@id":"https:\/\/www.akuryprodukte.de\/en\/#website"},"primaryImageOfPage":{"@id":"https:\/\/www.akuryprodukte.de\/en\/shop\/ext-13-berberin\/#primaryimage"},"image":{"@id":"https:\/\/www.akuryprodukte.de\/en\/shop\/ext-13-berberin\/#primaryimage"},"thumbnailUrl":"https:\/\/www.akuryprodukte.de\/wp-content\/uploads\/2025\/07\/EXT-13-a.png","datePublished":"2025-07-22T06:27:39+00:00","dateModified":"2025-07-22T06:32:22+00:00","breadcrumb":{"@id":"https:\/\/www.akuryprodukte.de\/en\/shop\/ext-13-berberin\/#breadcrumb"},"inLanguage":"en-US","potentialAction":[{"@type":"ReadAction","target":["https:\/\/www.akuryprodukte.de\/en\/shop\/ext-13-berberin\/"]}]},{"@type":"ImageObject","inLanguage":"en-US","@id":"https:\/\/www.akuryprodukte.de\/en\/shop\/ext-13-berberin\/#primaryimage","url":"https:\/\/www.akuryprodukte.de\/wp-content\/uploads\/2025\/07\/EXT-13-a.png","contentUrl":"https:\/\/www.akuryprodukte.de\/wp-content\/uploads\/2025\/07\/EXT-13-a.png","width":575,"height":575},{"@type":"BreadcrumbList","@id":"https:\/\/www.akuryprodukte.de\/en\/shop\/ext-13-berberin\/#breadcrumb","itemListElement":[{"@type":"ListItem","position":1,"name":"Startseite","item":"https:\/\/www.akuryprodukte.de\/en\/"},{"@type":"ListItem","position":2,"name":"Shop","item":"https:\/\/www.akuryprodukte.de\/en\/shop-en\/"},{"@type":"ListItem","position":3,"name":"EXT 13 &#8211; Berberin"}]},{"@type":"WebSite","@id":"https:\/\/www.akuryprodukte.de\/en\/#website","url":"https:\/\/www.akuryprodukte.de\/en\/","name":"akury","description":"Produkte f\u00fcr Ihr Wohlbefinden","publisher":{"@id":"https:\/\/www.akuryprodukte.de\/en\/#organization"},"potentialAction":[{"@type":"SearchAction","target":{"@type":"EntryPoint","urlTemplate":"https:\/\/www.akuryprodukte.de\/en\/?s={search_term_string}"},"query-input":{"@type":"PropertyValueSpecification","valueRequired":true,"valueName":"search_term_string"}}],"inLanguage":"en-US"},{"@type":"Organization","@id":"https:\/\/www.akuryprodukte.de\/en\/#organization","name":"AkuRy GmbH","url":"https:\/\/www.akuryprodukte.de\/en\/","logo":{"@type":"ImageObject","inLanguage":"en-US","@id":"https:\/\/www.akuryprodukte.de\/en\/#\/schema\/logo\/image\/","url":"https:\/\/www.akuryprodukte.de\/wp-content\/uploads\/2020\/09\/Logo_AKY-p-512.jpg","contentUrl":"https:\/\/www.akuryprodukte.de\/wp-content\/uploads\/2020\/09\/Logo_AKY-p-512.jpg","width":512,"height":512,"caption":"AkuRy GmbH"},"image":{"@id":"https:\/\/www.akuryprodukte.de\/en\/#\/schema\/logo\/image\/"},"sameAs":["https:\/\/de-de.facebook.com\/bioenergetischesinformationsmanagement\/","https:\/\/x.com\/heiko_wenner","https:\/\/www.instagram.com\/akury_gmbh\/","https:\/\/www.youtube.com\/channel\/UCyItRPbJUon1m0Gq6kV2Izw"]}]}},"_links":{"self":[{"href":"https:\/\/www.akuryprodukte.de\/en\/wp-json\/wp\/v2\/product\/21972","targetHints":{"allow":["GET"]}}],"collection":[{"href":"https:\/\/www.akuryprodukte.de\/en\/wp-json\/wp\/v2\/product"}],"about":[{"href":"https:\/\/www.akuryprodukte.de\/en\/wp-json\/wp\/v2\/types\/product"}],"replies":[{"embeddable":true,"href":"https:\/\/www.akuryprodukte.de\/en\/wp-json\/wp\/v2\/comments?post=21972"}],"wp:featuredmedia":[{"embeddable":true,"href":"https:\/\/www.akuryprodukte.de\/en\/wp-json\/wp\/v2\/media\/21973"}],"wp:attachment":[{"href":"https:\/\/www.akuryprodukte.de\/en\/wp-json\/wp\/v2\/media?parent=21972"}],"wp:term":[{"taxonomy":"product_brand","embeddable":true,"href":"https:\/\/www.akuryprodukte.de\/en\/wp-json\/wp\/v2\/product_brand?post=21972"},{"taxonomy":"product_cat","embeddable":true,"href":"https:\/\/www.akuryprodukte.de\/en\/wp-json\/wp\/v2\/product_cat?post=21972"},{"taxonomy":"product_tag","embeddable":true,"href":"https:\/\/www.akuryprodukte.de\/en\/wp-json\/wp\/v2\/product_tag?post=21972"}],"curies":[{"name":"wp","href":"https:\/\/api.w.org\/{rel}","templated":true}]}}