{"id":21976,"date":"2025-07-22T08:38:51","date_gmt":"2025-07-22T06:38:51","guid":{"rendered":"https:\/\/www.akuryprodukte.de\/?post_type=product&#038;p=21976"},"modified":"2025-07-22T08:43:24","modified_gmt":"2025-07-22T06:43:24","slug":"ext-14-astaxanthin","status":"publish","type":"product","link":"https:\/\/www.akuryprodukte.de\/en\/shop\/ext-14-astaxanthin\/","title":{"rendered":"EXT 14 &#8211; Astaxanthin"},"content":{"rendered":"<p><strong>EXT 14 Astaxanthin<\/strong><\/p>\n<p>Astaxanthin ist ein starkes Antioxidans, das f\u00fcr seine positiven Auswirkungen auf die Gesundheit bekannt ist.\u00a0Es wird oft als wirksam gegen Hautalterung, f\u00fcr die Unterst\u00fctzung der Augengesundheit und zur Verbesserung der sportlichen Leistung angepriesen.\u00a0Dar\u00fcber hinaus wird ihm eine Rolle bei der Herz-Kreislauf-Gesundheit, der Unterst\u00fctzung des Immunsystems und der Verringerung von Entz\u00fcndungen zugeschrieben.<\/p>\n<p>Konkret ist Astaxanthin gut f\u00fcr:<\/p>\n<ul>\n<li>Antioxidativer Schutz:<\/li>\n<li>Hautgesundheit:<\/li>\n<li>Augengesundheit:<\/li>\n<li>Herz-Kreislauf-Gesundheit:<\/li>\n<\/ul>\n<p>Astaxanthin kann zur Senkung des Blutdrucks und zur Verbesserung der Durchblutung beitragen.<\/p>\n<ul>\n<li>Sportliche Leistung:<\/li>\n<\/ul>\n<p>Es kann die Ausdauer und die Erholung nach dem Training verbessern, indem es die Muskelkraft und -ausdauer erh\u00f6ht und Muskelerm\u00fcdung reduziert.<\/p>\n<ul>\n<li>Entz\u00fcndungshemmung:<\/li>\n<\/ul>\n<p>Astaxanthin kann Entz\u00fcndungen im K\u00f6rper reduzieren, was bei verschiedenen entz\u00fcndlichen Erkrankungen von Vorteil sein kann.<\/p>\n<ul>\n<li>Immunsystem:<\/li>\n<\/ul>\n<p>Es kann das Immunsystem unterst\u00fctzen und die Widerstandsf\u00e4higkeit gegen Infektionen verbessern.<\/p>\n<ul>\n<li>Neuroprotektion:<\/li>\n<\/ul>\n<p>Astaxanthin k\u00f6nnte eine Rolle bei der Vorbeugung neurodegenerativer Erkrankungen wie Alzheimer spielen und die kognitive Funktion verbessern.<\/p>\n<p>Der Chip enth\u00e4lt Frequenzen und Informationen von Astaxanthin, welche die Linderung der oben genannten Symptome\/Anwendungsbereiche unterst\u00fctzen soll.<\/p>\n","protected":false},"excerpt":{"rendered":"<p>EXT 14 Astaxanthin Astaxanthin ist ein starkes Antioxidans, das f\u00fcr seine positiven Auswirkungen auf die Gesundheit bekannt ist.\u00a0Es wird oft als wirksam gegen Hautalterung, f\u00fcr die Unterst\u00fctzung der Augengesundheit und zur Verbesserung der sportlichen Leistung angepriesen.\u00a0Dar\u00fcber hinaus wird ihm eine Rolle bei der Herz-Kreislauf-Gesundheit, der Unterst\u00fctzung des Immunsystems und der Verringerung von Entz\u00fcndungen zugeschrieben. Konkret [&hellip;]<\/p>\n","protected":false},"featured_media":21977,"comment_status":"open","ping_status":"closed","template":"","meta":[],"product_brand":[],"product_cat":[3003,2979,3004,3000,3001,2743],"product_tag":[],"class_list":{"0":"post-21976","1":"product","2":"type-product","3":"status-publish","4":"has-post-thumbnail","6":"product_cat-info-chips-gehirn","7":"product_cat-info-chips-hautprobleme","8":"product_cat-info-chips-herzkreislauf","9":"product_cat-info-chips-leistungsoptimierung","10":"product_cat-info-chips-nerven-hormone-neurotransmitter","11":"product_cat-info-chips-extrakte","13":"first","14":"instock","15":"taxable","16":"shipping-taxable","17":"purchasable","18":"product-type-simple"},"yoast_head":"<!-- This site is optimized with the Yoast SEO plugin v27.3 - https:\/\/yoast.com\/product\/yoast-seo-wordpress\/ -->\n<title>EXT 14 - Astaxanthin - akury<\/title>\n<meta name=\"robots\" content=\"index, follow, max-snippet:-1, max-image-preview:large, max-video-preview:-1\" \/>\n<link rel=\"canonical\" href=\"https:\/\/www.akuryprodukte.de\/en\/shop\/ext-14-astaxanthin\/\" \/>\n<meta property=\"og:locale\" content=\"en_US\" \/>\n<meta property=\"og:type\" content=\"article\" \/>\n<meta property=\"og:title\" content=\"EXT 14 - Astaxanthin - akury\" \/>\n<meta property=\"og:description\" content=\"EXT 14 Astaxanthin Astaxanthin ist ein starkes Antioxidans, das f\u00fcr seine positiven Auswirkungen auf die Gesundheit bekannt ist.\u00a0Es wird oft als wirksam gegen Hautalterung, f\u00fcr die Unterst\u00fctzung der Augengesundheit und zur Verbesserung der sportlichen Leistung angepriesen.\u00a0Dar\u00fcber hinaus wird ihm eine Rolle bei der Herz-Kreislauf-Gesundheit, der Unterst\u00fctzung des Immunsystems und der Verringerung von Entz\u00fcndungen zugeschrieben. Konkret [&hellip;]\" \/>\n<meta property=\"og:url\" content=\"https:\/\/www.akuryprodukte.de\/en\/shop\/ext-14-astaxanthin\/\" \/>\n<meta property=\"og:site_name\" content=\"akury\" \/>\n<meta property=\"article:publisher\" content=\"https:\/\/de-de.facebook.com\/bioenergetischesinformationsmanagement\/\" \/>\n<meta property=\"article:modified_time\" content=\"2025-07-22T06:43:24+00:00\" \/>\n<meta property=\"og:image\" content=\"https:\/\/www.akuryprodukte.de\/wp-content\/uploads\/2025\/07\/EXT-14-a.png\" \/>\n\t<meta property=\"og:image:width\" content=\"575\" \/>\n\t<meta property=\"og:image:height\" content=\"575\" \/>\n\t<meta property=\"og:image:type\" content=\"image\/png\" \/>\n<meta name=\"twitter:card\" content=\"summary_large_image\" \/>\n<meta name=\"twitter:site\" content=\"@heiko_wenner\" \/>\n<meta name=\"twitter:label1\" content=\"Est. reading time\" \/>\n\t<meta name=\"twitter:data1\" content=\"2 minutes\" \/>\n<script type=\"application\/ld+json\" class=\"yoast-schema-graph\">{\"@context\":\"https:\\\/\\\/schema.org\",\"@graph\":[{\"@type\":\"WebPage\",\"@id\":\"https:\\\/\\\/www.akuryprodukte.de\\\/en\\\/shop\\\/ext-14-astaxanthin\\\/\",\"url\":\"https:\\\/\\\/www.akuryprodukte.de\\\/en\\\/shop\\\/ext-14-astaxanthin\\\/\",\"name\":\"EXT 14 - Astaxanthin - akury\",\"isPartOf\":{\"@id\":\"https:\\\/\\\/www.akuryprodukte.de\\\/en\\\/#website\"},\"primaryImageOfPage\":{\"@id\":\"https:\\\/\\\/www.akuryprodukte.de\\\/en\\\/shop\\\/ext-14-astaxanthin\\\/#primaryimage\"},\"image\":{\"@id\":\"https:\\\/\\\/www.akuryprodukte.de\\\/en\\\/shop\\\/ext-14-astaxanthin\\\/#primaryimage\"},\"thumbnailUrl\":\"https:\\\/\\\/www.akuryprodukte.de\\\/wp-content\\\/uploads\\\/2025\\\/07\\\/EXT-14-a.png\",\"datePublished\":\"2025-07-22T06:38:51+00:00\",\"dateModified\":\"2025-07-22T06:43:24+00:00\",\"breadcrumb\":{\"@id\":\"https:\\\/\\\/www.akuryprodukte.de\\\/en\\\/shop\\\/ext-14-astaxanthin\\\/#breadcrumb\"},\"inLanguage\":\"en-US\",\"potentialAction\":[{\"@type\":\"ReadAction\",\"target\":[\"https:\\\/\\\/www.akuryprodukte.de\\\/en\\\/shop\\\/ext-14-astaxanthin\\\/\"]}]},{\"@type\":\"ImageObject\",\"inLanguage\":\"en-US\",\"@id\":\"https:\\\/\\\/www.akuryprodukte.de\\\/en\\\/shop\\\/ext-14-astaxanthin\\\/#primaryimage\",\"url\":\"https:\\\/\\\/www.akuryprodukte.de\\\/wp-content\\\/uploads\\\/2025\\\/07\\\/EXT-14-a.png\",\"contentUrl\":\"https:\\\/\\\/www.akuryprodukte.de\\\/wp-content\\\/uploads\\\/2025\\\/07\\\/EXT-14-a.png\",\"width\":575,\"height\":575},{\"@type\":\"BreadcrumbList\",\"@id\":\"https:\\\/\\\/www.akuryprodukte.de\\\/en\\\/shop\\\/ext-14-astaxanthin\\\/#breadcrumb\",\"itemListElement\":[{\"@type\":\"ListItem\",\"position\":1,\"name\":\"Startseite\",\"item\":\"https:\\\/\\\/www.akuryprodukte.de\\\/en\\\/\"},{\"@type\":\"ListItem\",\"position\":2,\"name\":\"Shop\",\"item\":\"https:\\\/\\\/www.akuryprodukte.de\\\/en\\\/shop-en\\\/\"},{\"@type\":\"ListItem\",\"position\":3,\"name\":\"EXT 14 &#8211; Astaxanthin\"}]},{\"@type\":\"WebSite\",\"@id\":\"https:\\\/\\\/www.akuryprodukte.de\\\/en\\\/#website\",\"url\":\"https:\\\/\\\/www.akuryprodukte.de\\\/en\\\/\",\"name\":\"akury\",\"description\":\"Produkte f\u00fcr Ihr Wohlbefinden\",\"publisher\":{\"@id\":\"https:\\\/\\\/www.akuryprodukte.de\\\/en\\\/#organization\"},\"potentialAction\":[{\"@type\":\"SearchAction\",\"target\":{\"@type\":\"EntryPoint\",\"urlTemplate\":\"https:\\\/\\\/www.akuryprodukte.de\\\/en\\\/?s={search_term_string}\"},\"query-input\":{\"@type\":\"PropertyValueSpecification\",\"valueRequired\":true,\"valueName\":\"search_term_string\"}}],\"inLanguage\":\"en-US\"},{\"@type\":\"Organization\",\"@id\":\"https:\\\/\\\/www.akuryprodukte.de\\\/en\\\/#organization\",\"name\":\"AkuRy GmbH\",\"url\":\"https:\\\/\\\/www.akuryprodukte.de\\\/en\\\/\",\"logo\":{\"@type\":\"ImageObject\",\"inLanguage\":\"en-US\",\"@id\":\"https:\\\/\\\/www.akuryprodukte.de\\\/en\\\/#\\\/schema\\\/logo\\\/image\\\/\",\"url\":\"https:\\\/\\\/www.akuryprodukte.de\\\/wp-content\\\/uploads\\\/2020\\\/09\\\/Logo_AKY-p-512.jpg\",\"contentUrl\":\"https:\\\/\\\/www.akuryprodukte.de\\\/wp-content\\\/uploads\\\/2020\\\/09\\\/Logo_AKY-p-512.jpg\",\"width\":512,\"height\":512,\"caption\":\"AkuRy GmbH\"},\"image\":{\"@id\":\"https:\\\/\\\/www.akuryprodukte.de\\\/en\\\/#\\\/schema\\\/logo\\\/image\\\/\"},\"sameAs\":[\"https:\\\/\\\/de-de.facebook.com\\\/bioenergetischesinformationsmanagement\\\/\",\"https:\\\/\\\/x.com\\\/heiko_wenner\",\"https:\\\/\\\/www.instagram.com\\\/akury_gmbh\\\/\",\"https:\\\/\\\/www.youtube.com\\\/channel\\\/UCyItRPbJUon1m0Gq6kV2Izw\"]}]}<\/script>\n<!-- \/ Yoast SEO plugin. -->","yoast_head_json":{"title":"EXT 14 - Astaxanthin - akury","robots":{"index":"index","follow":"follow","max-snippet":"max-snippet:-1","max-image-preview":"max-image-preview:large","max-video-preview":"max-video-preview:-1"},"canonical":"https:\/\/www.akuryprodukte.de\/en\/shop\/ext-14-astaxanthin\/","og_locale":"en_US","og_type":"article","og_title":"EXT 14 - Astaxanthin - akury","og_description":"EXT 14 Astaxanthin Astaxanthin ist ein starkes Antioxidans, das f\u00fcr seine positiven Auswirkungen auf die Gesundheit bekannt ist.\u00a0Es wird oft als wirksam gegen Hautalterung, f\u00fcr die Unterst\u00fctzung der Augengesundheit und zur Verbesserung der sportlichen Leistung angepriesen.\u00a0Dar\u00fcber hinaus wird ihm eine Rolle bei der Herz-Kreislauf-Gesundheit, der Unterst\u00fctzung des Immunsystems und der Verringerung von Entz\u00fcndungen zugeschrieben. Konkret [&hellip;]","og_url":"https:\/\/www.akuryprodukte.de\/en\/shop\/ext-14-astaxanthin\/","og_site_name":"akury","article_publisher":"https:\/\/de-de.facebook.com\/bioenergetischesinformationsmanagement\/","article_modified_time":"2025-07-22T06:43:24+00:00","og_image":[{"width":575,"height":575,"url":"https:\/\/www.akuryprodukte.de\/wp-content\/uploads\/2025\/07\/EXT-14-a.png","type":"image\/png"}],"twitter_card":"summary_large_image","twitter_site":"@heiko_wenner","twitter_misc":{"Est. reading time":"2 minutes"},"schema":{"@context":"https:\/\/schema.org","@graph":[{"@type":"WebPage","@id":"https:\/\/www.akuryprodukte.de\/en\/shop\/ext-14-astaxanthin\/","url":"https:\/\/www.akuryprodukte.de\/en\/shop\/ext-14-astaxanthin\/","name":"EXT 14 - Astaxanthin - akury","isPartOf":{"@id":"https:\/\/www.akuryprodukte.de\/en\/#website"},"primaryImageOfPage":{"@id":"https:\/\/www.akuryprodukte.de\/en\/shop\/ext-14-astaxanthin\/#primaryimage"},"image":{"@id":"https:\/\/www.akuryprodukte.de\/en\/shop\/ext-14-astaxanthin\/#primaryimage"},"thumbnailUrl":"https:\/\/www.akuryprodukte.de\/wp-content\/uploads\/2025\/07\/EXT-14-a.png","datePublished":"2025-07-22T06:38:51+00:00","dateModified":"2025-07-22T06:43:24+00:00","breadcrumb":{"@id":"https:\/\/www.akuryprodukte.de\/en\/shop\/ext-14-astaxanthin\/#breadcrumb"},"inLanguage":"en-US","potentialAction":[{"@type":"ReadAction","target":["https:\/\/www.akuryprodukte.de\/en\/shop\/ext-14-astaxanthin\/"]}]},{"@type":"ImageObject","inLanguage":"en-US","@id":"https:\/\/www.akuryprodukte.de\/en\/shop\/ext-14-astaxanthin\/#primaryimage","url":"https:\/\/www.akuryprodukte.de\/wp-content\/uploads\/2025\/07\/EXT-14-a.png","contentUrl":"https:\/\/www.akuryprodukte.de\/wp-content\/uploads\/2025\/07\/EXT-14-a.png","width":575,"height":575},{"@type":"BreadcrumbList","@id":"https:\/\/www.akuryprodukte.de\/en\/shop\/ext-14-astaxanthin\/#breadcrumb","itemListElement":[{"@type":"ListItem","position":1,"name":"Startseite","item":"https:\/\/www.akuryprodukte.de\/en\/"},{"@type":"ListItem","position":2,"name":"Shop","item":"https:\/\/www.akuryprodukte.de\/en\/shop-en\/"},{"@type":"ListItem","position":3,"name":"EXT 14 &#8211; Astaxanthin"}]},{"@type":"WebSite","@id":"https:\/\/www.akuryprodukte.de\/en\/#website","url":"https:\/\/www.akuryprodukte.de\/en\/","name":"akury","description":"Produkte f\u00fcr Ihr Wohlbefinden","publisher":{"@id":"https:\/\/www.akuryprodukte.de\/en\/#organization"},"potentialAction":[{"@type":"SearchAction","target":{"@type":"EntryPoint","urlTemplate":"https:\/\/www.akuryprodukte.de\/en\/?s={search_term_string}"},"query-input":{"@type":"PropertyValueSpecification","valueRequired":true,"valueName":"search_term_string"}}],"inLanguage":"en-US"},{"@type":"Organization","@id":"https:\/\/www.akuryprodukte.de\/en\/#organization","name":"AkuRy GmbH","url":"https:\/\/www.akuryprodukte.de\/en\/","logo":{"@type":"ImageObject","inLanguage":"en-US","@id":"https:\/\/www.akuryprodukte.de\/en\/#\/schema\/logo\/image\/","url":"https:\/\/www.akuryprodukte.de\/wp-content\/uploads\/2020\/09\/Logo_AKY-p-512.jpg","contentUrl":"https:\/\/www.akuryprodukte.de\/wp-content\/uploads\/2020\/09\/Logo_AKY-p-512.jpg","width":512,"height":512,"caption":"AkuRy GmbH"},"image":{"@id":"https:\/\/www.akuryprodukte.de\/en\/#\/schema\/logo\/image\/"},"sameAs":["https:\/\/de-de.facebook.com\/bioenergetischesinformationsmanagement\/","https:\/\/x.com\/heiko_wenner","https:\/\/www.instagram.com\/akury_gmbh\/","https:\/\/www.youtube.com\/channel\/UCyItRPbJUon1m0Gq6kV2Izw"]}]}},"_links":{"self":[{"href":"https:\/\/www.akuryprodukte.de\/en\/wp-json\/wp\/v2\/product\/21976","targetHints":{"allow":["GET"]}}],"collection":[{"href":"https:\/\/www.akuryprodukte.de\/en\/wp-json\/wp\/v2\/product"}],"about":[{"href":"https:\/\/www.akuryprodukte.de\/en\/wp-json\/wp\/v2\/types\/product"}],"replies":[{"embeddable":true,"href":"https:\/\/www.akuryprodukte.de\/en\/wp-json\/wp\/v2\/comments?post=21976"}],"wp:featuredmedia":[{"embeddable":true,"href":"https:\/\/www.akuryprodukte.de\/en\/wp-json\/wp\/v2\/media\/21977"}],"wp:attachment":[{"href":"https:\/\/www.akuryprodukte.de\/en\/wp-json\/wp\/v2\/media?parent=21976"}],"wp:term":[{"taxonomy":"product_brand","embeddable":true,"href":"https:\/\/www.akuryprodukte.de\/en\/wp-json\/wp\/v2\/product_brand?post=21976"},{"taxonomy":"product_cat","embeddable":true,"href":"https:\/\/www.akuryprodukte.de\/en\/wp-json\/wp\/v2\/product_cat?post=21976"},{"taxonomy":"product_tag","embeddable":true,"href":"https:\/\/www.akuryprodukte.de\/en\/wp-json\/wp\/v2\/product_tag?post=21976"}],"curies":[{"name":"wp","href":"https:\/\/api.w.org\/{rel}","templated":true}]}}