{"id":21979,"date":"2025-07-22T08:44:05","date_gmt":"2025-07-22T06:44:05","guid":{"rendered":"https:\/\/www.akuryprodukte.de\/?post_type=product&#038;p=21979"},"modified":"2025-07-22T08:47:38","modified_gmt":"2025-07-22T06:47:38","slug":"ext-15-resveratrol","status":"publish","type":"product","link":"https:\/\/www.akuryprodukte.de\/en\/shop\/ext-15-resveratrol\/","title":{"rendered":"EXT 15 &#8211; Resveratrol"},"content":{"rendered":"<p><b><span style=\"font-family: Roboto;\">EXT 15 Resveratrol<\/span><\/b><\/p>\n<p><span style=\"font-family: Roboto;\">Resveratrol ist ein nat\u00fcrlich vorkommender\u00a0<\/span><a href=\"https:\/\/www.google.com\/search?sca_esv=0f3f3d91d2ee70a0&amp;cs=0&amp;sxsrf=AE3TifNQXEpgmhlGUup2tQDbozp5s8526g%3A1752567315703&amp;q=sekund%C3%A4rer+Pflanzenstoff&amp;sa=X&amp;ved=2ahUKEwiA0YmCtr6OAxVV8LsIHXuJBvUQxccNegQIAhAB&amp;mstk=AUtExfBoooJtAWF3MJPEpW2Z48wCwftNow_PAhjX9x_Ldyl7YSqGja5MjonjJEkw_E5H_XJrhpqKj7sqcPQf_inps_7pqPTnpRZOYPOSIh2lFm8dCgdWMPaRZPQvdokuXoLp2NE6trt_ZM8dPw4X73oomKMyb-_Cjyfqc-JQPq8ROtPT8aZzABUMUtHF00sHzxxLXRlaYh0-LJs0wqQZNafyXMXBl0hRUPnkBUVDJEfqyEtmwSIQZdFEqK2go8N0wzWif4ZHyCzSQGKnbMss8MqiDM34tiqMPw6AIxtyuHE1nbrANIddV3QfED1Dbbyu13jMRojOCwJ64TD4qwrjL1VhFr--GSi_bl1zreKAUu6BKcbs&amp;csui=3\" target=\"_blank\" rel=\"noopener\"><span style=\"font-family: Roboto; color: windowtext; text-decoration: none; text-underline: none;\">sekund\u00e4rer Pflanzenstoff<\/span><\/a><span style=\"font-family: Roboto;\">\u00a0aus der Gruppe der\u00a0<\/span><a href=\"https:\/\/www.google.com\/search?sca_esv=0f3f3d91d2ee70a0&amp;cs=0&amp;sxsrf=AE3TifNQXEpgmhlGUup2tQDbozp5s8526g%3A1752567315703&amp;q=Polyphenole&amp;sa=X&amp;ved=2ahUKEwiA0YmCtr6OAxVV8LsIHXuJBvUQxccNegQIAhAC&amp;mstk=AUtExfBoooJtAWF3MJPEpW2Z48wCwftNow_PAhjX9x_Ldyl7YSqGja5MjonjJEkw_E5H_XJrhpqKj7sqcPQf_inps_7pqPTnpRZOYPOSIh2lFm8dCgdWMPaRZPQvdokuXoLp2NE6trt_ZM8dPw4X73oomKMyb-_Cjyfqc-JQPq8ROtPT8aZzABUMUtHF00sHzxxLXRlaYh0-LJs0wqQZNafyXMXBl0hRUPnkBUVDJEfqyEtmwSIQZdFEqK2go8N0wzWif4ZHyCzSQGKnbMss8MqiDM34tiqMPw6AIxtyuHE1nbrANIddV3QfED1Dbbyu13jMRojOCwJ64TD4qwrjL1VhFr--GSi_bl1zreKAUu6BKcbs&amp;csui=3\" target=\"_blank\" rel=\"noopener\"><span style=\"font-family: Roboto; color: windowtext; text-decoration: none; text-underline: none;\">Polyphenole<\/span><\/a><span style=\"font-family: Roboto;\">,\u00a0der in verschiedenen Pflanzen wie roten Trauben, Himbeeren, Blaubeeren, \u00c4pfeln und Erdn\u00fcssen vorkommt.\u00a0Er ist bekannt f\u00fcr seine antioxidativen und\u00a0<\/span><a href=\"https:\/\/www.google.com\/search?sca_esv=0f3f3d91d2ee70a0&amp;cs=0&amp;sxsrf=AE3TifNQXEpgmhlGUup2tQDbozp5s8526g%3A1752567315703&amp;q=entz%C3%BCndungshemmenden+Eigenschaften&amp;sa=X&amp;ved=2ahUKEwiA0YmCtr6OAxVV8LsIHXuJBvUQxccNegQIBBAB&amp;mstk=AUtExfBoooJtAWF3MJPEpW2Z48wCwftNow_PAhjX9x_Ldyl7YSqGja5MjonjJEkw_E5H_XJrhpqKj7sqcPQf_inps_7pqPTnpRZOYPOSIh2lFm8dCgdWMPaRZPQvdokuXoLp2NE6trt_ZM8dPw4X73oomKMyb-_Cjyfqc-JQPq8ROtPT8aZzABUMUtHF00sHzxxLXRlaYh0-LJs0wqQZNafyXMXBl0hRUPnkBUVDJEfqyEtmwSIQZdFEqK2go8N0wzWif4ZHyCzSQGKnbMss8MqiDM34tiqMPw6AIxtyuHE1nbrANIddV3QfED1Dbbyu13jMRojOCwJ64TD4qwrjL1VhFr--GSi_bl1zreKAUu6BKcbs&amp;csui=3\" target=\"_blank\" rel=\"noopener\"><span style=\"font-family: Roboto; color: windowtext; text-decoration: none; text-underline: none;\">entz\u00fcndungshemmenden Eigenschaften<\/span><\/a><span style=\"font-family: Roboto;\">.\u00a0Resveratrol ist auch Gegenstand zahlreicher Studien, die seine potenziellen gesundheitlichen Vorteile untersuchen, darunter seine Rolle bei der F\u00f6rderung der Herzgesundheit, der Bek\u00e4mpfung von Entz\u00fcndungen und der m\u00f6glichen Unterst\u00fctzung bei altersbedingten Krankheiten.\u00a0<\/span><\/p>\n<p><span style=\"font-family: Roboto;\">Potenzielle gesundheitliche Vorteile:<\/span><\/p>\n<p><span style=\"font-family: Roboto;\">Studien legen nahe, dass Resveratrol antioxidative und entz\u00fcndungshemmende Wirkungen hat, was sich positiv auf die Herzgesundheit, die Zellalterung und verschiedene Krankheiten auswirken k\u00f6nnte.\u00a0<\/span><\/p>\n<p><span style=\"font-family: Roboto;\">Verwendung in der Hautpflege:<\/span><\/p>\n<p><span style=\"font-family: Roboto;\">Resveratrol wird auch in der Hautpflege eingesetzt, um die Haut vor vorzeitiger Alterung zu sch\u00fctzen, Entz\u00fcndungen zu reduzieren und die Kollagenproduktion anzuregen.\u00a0<\/span><\/p>\n<p><span style=\"font-family: Roboto; color: #111111;\">Der Chip enth\u00e4lt Frequenzen und Informationen von Resveratrol, welche zur Vorsorge und Linderung der oben genannten Symptome\/Anwendungsbereiche beitragen soll.<\/span><\/p>\n","protected":false},"excerpt":{"rendered":"<p>EXT 15 Resveratrol Resveratrol ist ein nat\u00fcrlich vorkommender\u00a0sekund\u00e4rer Pflanzenstoff\u00a0aus der Gruppe der\u00a0Polyphenole,\u00a0der in verschiedenen Pflanzen wie roten Trauben, Himbeeren, Blaubeeren, \u00c4pfeln und Erdn\u00fcssen vorkommt.\u00a0Er ist bekannt f\u00fcr seine antioxidativen und\u00a0entz\u00fcndungshemmenden Eigenschaften.\u00a0Resveratrol ist auch Gegenstand zahlreicher Studien, die seine potenziellen gesundheitlichen Vorteile untersuchen, darunter seine Rolle bei der F\u00f6rderung der Herzgesundheit, der Bek\u00e4mpfung von Entz\u00fcndungen und [&hellip;]<\/p>\n","protected":false},"featured_media":21980,"comment_status":"open","ping_status":"closed","template":"","meta":[],"product_brand":[],"product_cat":[2979,3004,3001,2743],"product_tag":[],"class_list":{"0":"post-21979","1":"product","2":"type-product","3":"status-publish","4":"has-post-thumbnail","6":"product_cat-info-chips-hautprobleme","7":"product_cat-info-chips-herzkreislauf","8":"product_cat-info-chips-nerven-hormone-neurotransmitter","9":"product_cat-info-chips-extrakte","11":"first","12":"instock","13":"taxable","14":"shipping-taxable","15":"purchasable","16":"product-type-simple"},"yoast_head":"<!-- This site is optimized with the Yoast SEO plugin v27.3 - https:\/\/yoast.com\/product\/yoast-seo-wordpress\/ -->\n<title>EXT 15 - Resveratrol - akury<\/title>\n<meta name=\"robots\" content=\"index, follow, max-snippet:-1, max-image-preview:large, max-video-preview:-1\" \/>\n<link rel=\"canonical\" href=\"https:\/\/www.akuryprodukte.de\/en\/shop\/ext-15-resveratrol\/\" \/>\n<meta property=\"og:locale\" content=\"en_US\" \/>\n<meta property=\"og:type\" content=\"article\" \/>\n<meta property=\"og:title\" content=\"EXT 15 - Resveratrol - akury\" \/>\n<meta property=\"og:description\" content=\"EXT 15 Resveratrol Resveratrol ist ein nat\u00fcrlich vorkommender\u00a0sekund\u00e4rer Pflanzenstoff\u00a0aus der Gruppe der\u00a0Polyphenole,\u00a0der in verschiedenen Pflanzen wie roten Trauben, Himbeeren, Blaubeeren, \u00c4pfeln und Erdn\u00fcssen vorkommt.\u00a0Er ist bekannt f\u00fcr seine antioxidativen und\u00a0entz\u00fcndungshemmenden Eigenschaften.\u00a0Resveratrol ist auch Gegenstand zahlreicher Studien, die seine potenziellen gesundheitlichen Vorteile untersuchen, darunter seine Rolle bei der F\u00f6rderung der Herzgesundheit, der Bek\u00e4mpfung von Entz\u00fcndungen und [&hellip;]\" \/>\n<meta property=\"og:url\" content=\"https:\/\/www.akuryprodukte.de\/en\/shop\/ext-15-resveratrol\/\" \/>\n<meta property=\"og:site_name\" content=\"akury\" \/>\n<meta property=\"article:publisher\" content=\"https:\/\/de-de.facebook.com\/bioenergetischesinformationsmanagement\/\" \/>\n<meta property=\"article:modified_time\" content=\"2025-07-22T06:47:38+00:00\" \/>\n<meta property=\"og:image\" content=\"https:\/\/www.akuryprodukte.de\/wp-content\/uploads\/2025\/07\/EXT-15-a.png\" \/>\n\t<meta property=\"og:image:width\" content=\"575\" \/>\n\t<meta property=\"og:image:height\" content=\"575\" \/>\n\t<meta property=\"og:image:type\" content=\"image\/png\" \/>\n<meta name=\"twitter:card\" content=\"summary_large_image\" \/>\n<meta name=\"twitter:site\" content=\"@heiko_wenner\" \/>\n<meta name=\"twitter:label1\" content=\"Est. reading time\" \/>\n\t<meta name=\"twitter:data1\" content=\"1 minute\" \/>\n<script type=\"application\/ld+json\" class=\"yoast-schema-graph\">{\"@context\":\"https:\\\/\\\/schema.org\",\"@graph\":[{\"@type\":\"WebPage\",\"@id\":\"https:\\\/\\\/www.akuryprodukte.de\\\/en\\\/shop\\\/ext-15-resveratrol\\\/\",\"url\":\"https:\\\/\\\/www.akuryprodukte.de\\\/en\\\/shop\\\/ext-15-resveratrol\\\/\",\"name\":\"EXT 15 - Resveratrol - akury\",\"isPartOf\":{\"@id\":\"https:\\\/\\\/www.akuryprodukte.de\\\/en\\\/#website\"},\"primaryImageOfPage\":{\"@id\":\"https:\\\/\\\/www.akuryprodukte.de\\\/en\\\/shop\\\/ext-15-resveratrol\\\/#primaryimage\"},\"image\":{\"@id\":\"https:\\\/\\\/www.akuryprodukte.de\\\/en\\\/shop\\\/ext-15-resveratrol\\\/#primaryimage\"},\"thumbnailUrl\":\"https:\\\/\\\/www.akuryprodukte.de\\\/wp-content\\\/uploads\\\/2025\\\/07\\\/EXT-15-a.png\",\"datePublished\":\"2025-07-22T06:44:05+00:00\",\"dateModified\":\"2025-07-22T06:47:38+00:00\",\"breadcrumb\":{\"@id\":\"https:\\\/\\\/www.akuryprodukte.de\\\/en\\\/shop\\\/ext-15-resveratrol\\\/#breadcrumb\"},\"inLanguage\":\"en-US\",\"potentialAction\":[{\"@type\":\"ReadAction\",\"target\":[\"https:\\\/\\\/www.akuryprodukte.de\\\/en\\\/shop\\\/ext-15-resveratrol\\\/\"]}]},{\"@type\":\"ImageObject\",\"inLanguage\":\"en-US\",\"@id\":\"https:\\\/\\\/www.akuryprodukte.de\\\/en\\\/shop\\\/ext-15-resveratrol\\\/#primaryimage\",\"url\":\"https:\\\/\\\/www.akuryprodukte.de\\\/wp-content\\\/uploads\\\/2025\\\/07\\\/EXT-15-a.png\",\"contentUrl\":\"https:\\\/\\\/www.akuryprodukte.de\\\/wp-content\\\/uploads\\\/2025\\\/07\\\/EXT-15-a.png\",\"width\":575,\"height\":575},{\"@type\":\"BreadcrumbList\",\"@id\":\"https:\\\/\\\/www.akuryprodukte.de\\\/en\\\/shop\\\/ext-15-resveratrol\\\/#breadcrumb\",\"itemListElement\":[{\"@type\":\"ListItem\",\"position\":1,\"name\":\"Startseite\",\"item\":\"https:\\\/\\\/www.akuryprodukte.de\\\/en\\\/\"},{\"@type\":\"ListItem\",\"position\":2,\"name\":\"Shop\",\"item\":\"https:\\\/\\\/www.akuryprodukte.de\\\/en\\\/shop-en\\\/\"},{\"@type\":\"ListItem\",\"position\":3,\"name\":\"EXT 15 &#8211; Resveratrol\"}]},{\"@type\":\"WebSite\",\"@id\":\"https:\\\/\\\/www.akuryprodukte.de\\\/en\\\/#website\",\"url\":\"https:\\\/\\\/www.akuryprodukte.de\\\/en\\\/\",\"name\":\"akury\",\"description\":\"Produkte f\u00fcr Ihr Wohlbefinden\",\"publisher\":{\"@id\":\"https:\\\/\\\/www.akuryprodukte.de\\\/en\\\/#organization\"},\"potentialAction\":[{\"@type\":\"SearchAction\",\"target\":{\"@type\":\"EntryPoint\",\"urlTemplate\":\"https:\\\/\\\/www.akuryprodukte.de\\\/en\\\/?s={search_term_string}\"},\"query-input\":{\"@type\":\"PropertyValueSpecification\",\"valueRequired\":true,\"valueName\":\"search_term_string\"}}],\"inLanguage\":\"en-US\"},{\"@type\":\"Organization\",\"@id\":\"https:\\\/\\\/www.akuryprodukte.de\\\/en\\\/#organization\",\"name\":\"AkuRy GmbH\",\"url\":\"https:\\\/\\\/www.akuryprodukte.de\\\/en\\\/\",\"logo\":{\"@type\":\"ImageObject\",\"inLanguage\":\"en-US\",\"@id\":\"https:\\\/\\\/www.akuryprodukte.de\\\/en\\\/#\\\/schema\\\/logo\\\/image\\\/\",\"url\":\"https:\\\/\\\/www.akuryprodukte.de\\\/wp-content\\\/uploads\\\/2020\\\/09\\\/Logo_AKY-p-512.jpg\",\"contentUrl\":\"https:\\\/\\\/www.akuryprodukte.de\\\/wp-content\\\/uploads\\\/2020\\\/09\\\/Logo_AKY-p-512.jpg\",\"width\":512,\"height\":512,\"caption\":\"AkuRy GmbH\"},\"image\":{\"@id\":\"https:\\\/\\\/www.akuryprodukte.de\\\/en\\\/#\\\/schema\\\/logo\\\/image\\\/\"},\"sameAs\":[\"https:\\\/\\\/de-de.facebook.com\\\/bioenergetischesinformationsmanagement\\\/\",\"https:\\\/\\\/x.com\\\/heiko_wenner\",\"https:\\\/\\\/www.instagram.com\\\/akury_gmbh\\\/\",\"https:\\\/\\\/www.youtube.com\\\/channel\\\/UCyItRPbJUon1m0Gq6kV2Izw\"]}]}<\/script>\n<!-- \/ Yoast SEO plugin. -->","yoast_head_json":{"title":"EXT 15 - Resveratrol - akury","robots":{"index":"index","follow":"follow","max-snippet":"max-snippet:-1","max-image-preview":"max-image-preview:large","max-video-preview":"max-video-preview:-1"},"canonical":"https:\/\/www.akuryprodukte.de\/en\/shop\/ext-15-resveratrol\/","og_locale":"en_US","og_type":"article","og_title":"EXT 15 - Resveratrol - akury","og_description":"EXT 15 Resveratrol Resveratrol ist ein nat\u00fcrlich vorkommender\u00a0sekund\u00e4rer Pflanzenstoff\u00a0aus der Gruppe der\u00a0Polyphenole,\u00a0der in verschiedenen Pflanzen wie roten Trauben, Himbeeren, Blaubeeren, \u00c4pfeln und Erdn\u00fcssen vorkommt.\u00a0Er ist bekannt f\u00fcr seine antioxidativen und\u00a0entz\u00fcndungshemmenden Eigenschaften.\u00a0Resveratrol ist auch Gegenstand zahlreicher Studien, die seine potenziellen gesundheitlichen Vorteile untersuchen, darunter seine Rolle bei der F\u00f6rderung der Herzgesundheit, der Bek\u00e4mpfung von Entz\u00fcndungen und [&hellip;]","og_url":"https:\/\/www.akuryprodukte.de\/en\/shop\/ext-15-resveratrol\/","og_site_name":"akury","article_publisher":"https:\/\/de-de.facebook.com\/bioenergetischesinformationsmanagement\/","article_modified_time":"2025-07-22T06:47:38+00:00","og_image":[{"width":575,"height":575,"url":"https:\/\/www.akuryprodukte.de\/wp-content\/uploads\/2025\/07\/EXT-15-a.png","type":"image\/png"}],"twitter_card":"summary_large_image","twitter_site":"@heiko_wenner","twitter_misc":{"Est. reading time":"1 minute"},"schema":{"@context":"https:\/\/schema.org","@graph":[{"@type":"WebPage","@id":"https:\/\/www.akuryprodukte.de\/en\/shop\/ext-15-resveratrol\/","url":"https:\/\/www.akuryprodukte.de\/en\/shop\/ext-15-resveratrol\/","name":"EXT 15 - Resveratrol - akury","isPartOf":{"@id":"https:\/\/www.akuryprodukte.de\/en\/#website"},"primaryImageOfPage":{"@id":"https:\/\/www.akuryprodukte.de\/en\/shop\/ext-15-resveratrol\/#primaryimage"},"image":{"@id":"https:\/\/www.akuryprodukte.de\/en\/shop\/ext-15-resveratrol\/#primaryimage"},"thumbnailUrl":"https:\/\/www.akuryprodukte.de\/wp-content\/uploads\/2025\/07\/EXT-15-a.png","datePublished":"2025-07-22T06:44:05+00:00","dateModified":"2025-07-22T06:47:38+00:00","breadcrumb":{"@id":"https:\/\/www.akuryprodukte.de\/en\/shop\/ext-15-resveratrol\/#breadcrumb"},"inLanguage":"en-US","potentialAction":[{"@type":"ReadAction","target":["https:\/\/www.akuryprodukte.de\/en\/shop\/ext-15-resveratrol\/"]}]},{"@type":"ImageObject","inLanguage":"en-US","@id":"https:\/\/www.akuryprodukte.de\/en\/shop\/ext-15-resveratrol\/#primaryimage","url":"https:\/\/www.akuryprodukte.de\/wp-content\/uploads\/2025\/07\/EXT-15-a.png","contentUrl":"https:\/\/www.akuryprodukte.de\/wp-content\/uploads\/2025\/07\/EXT-15-a.png","width":575,"height":575},{"@type":"BreadcrumbList","@id":"https:\/\/www.akuryprodukte.de\/en\/shop\/ext-15-resveratrol\/#breadcrumb","itemListElement":[{"@type":"ListItem","position":1,"name":"Startseite","item":"https:\/\/www.akuryprodukte.de\/en\/"},{"@type":"ListItem","position":2,"name":"Shop","item":"https:\/\/www.akuryprodukte.de\/en\/shop-en\/"},{"@type":"ListItem","position":3,"name":"EXT 15 &#8211; Resveratrol"}]},{"@type":"WebSite","@id":"https:\/\/www.akuryprodukte.de\/en\/#website","url":"https:\/\/www.akuryprodukte.de\/en\/","name":"akury","description":"Produkte f\u00fcr Ihr Wohlbefinden","publisher":{"@id":"https:\/\/www.akuryprodukte.de\/en\/#organization"},"potentialAction":[{"@type":"SearchAction","target":{"@type":"EntryPoint","urlTemplate":"https:\/\/www.akuryprodukte.de\/en\/?s={search_term_string}"},"query-input":{"@type":"PropertyValueSpecification","valueRequired":true,"valueName":"search_term_string"}}],"inLanguage":"en-US"},{"@type":"Organization","@id":"https:\/\/www.akuryprodukte.de\/en\/#organization","name":"AkuRy GmbH","url":"https:\/\/www.akuryprodukte.de\/en\/","logo":{"@type":"ImageObject","inLanguage":"en-US","@id":"https:\/\/www.akuryprodukte.de\/en\/#\/schema\/logo\/image\/","url":"https:\/\/www.akuryprodukte.de\/wp-content\/uploads\/2020\/09\/Logo_AKY-p-512.jpg","contentUrl":"https:\/\/www.akuryprodukte.de\/wp-content\/uploads\/2020\/09\/Logo_AKY-p-512.jpg","width":512,"height":512,"caption":"AkuRy GmbH"},"image":{"@id":"https:\/\/www.akuryprodukte.de\/en\/#\/schema\/logo\/image\/"},"sameAs":["https:\/\/de-de.facebook.com\/bioenergetischesinformationsmanagement\/","https:\/\/x.com\/heiko_wenner","https:\/\/www.instagram.com\/akury_gmbh\/","https:\/\/www.youtube.com\/channel\/UCyItRPbJUon1m0Gq6kV2Izw"]}]}},"_links":{"self":[{"href":"https:\/\/www.akuryprodukte.de\/en\/wp-json\/wp\/v2\/product\/21979","targetHints":{"allow":["GET"]}}],"collection":[{"href":"https:\/\/www.akuryprodukte.de\/en\/wp-json\/wp\/v2\/product"}],"about":[{"href":"https:\/\/www.akuryprodukte.de\/en\/wp-json\/wp\/v2\/types\/product"}],"replies":[{"embeddable":true,"href":"https:\/\/www.akuryprodukte.de\/en\/wp-json\/wp\/v2\/comments?post=21979"}],"wp:featuredmedia":[{"embeddable":true,"href":"https:\/\/www.akuryprodukte.de\/en\/wp-json\/wp\/v2\/media\/21980"}],"wp:attachment":[{"href":"https:\/\/www.akuryprodukte.de\/en\/wp-json\/wp\/v2\/media?parent=21979"}],"wp:term":[{"taxonomy":"product_brand","embeddable":true,"href":"https:\/\/www.akuryprodukte.de\/en\/wp-json\/wp\/v2\/product_brand?post=21979"},{"taxonomy":"product_cat","embeddable":true,"href":"https:\/\/www.akuryprodukte.de\/en\/wp-json\/wp\/v2\/product_cat?post=21979"},{"taxonomy":"product_tag","embeddable":true,"href":"https:\/\/www.akuryprodukte.de\/en\/wp-json\/wp\/v2\/product_tag?post=21979"}],"curies":[{"name":"wp","href":"https:\/\/api.w.org\/{rel}","templated":true}]}}