{"id":21985,"date":"2025-07-22T08:53:38","date_gmt":"2025-07-22T06:53:38","guid":{"rendered":"https:\/\/www.akuryprodukte.de\/?post_type=product&#038;p=21985"},"modified":"2025-07-22T08:56:30","modified_gmt":"2025-07-22T06:56:30","slug":"ext-17-coprinus-comatus","status":"publish","type":"product","link":"https:\/\/www.akuryprodukte.de\/en\/shop\/ext-17-coprinus-comatus\/","title":{"rendered":"EXT 17 &#8211; Coprinus comatus"},"content":{"rendered":"<p><strong>EXT 17 Coprinus comatus<\/strong><\/p>\n<p>Der Coprinus comatus, auch Schopftintling genannt, wird in der Naturheilkunde f\u00fcr seine vielf\u00e4ltigen Wirkungen gesch\u00e4tzt.\u00a0Er wird oft zur Regulierung des Blutzuckerspiegels bei Diabetes, zur Unterst\u00fctzung der Verdauung und zur St\u00e4rkung des Immunsystems eingesetzt.\u00a0Zudem wird ihm eine antioxidative, antitumoral und antibakterielle Wirkung zugeschrieben.<\/p>\n<p>Ausf\u00fchrliche Wirkungen des Coprinus comatus:<\/p>\n<ul>\n<li>Blutzuckerregulierung:<\/li>\n<\/ul>\n<p>Coprinus comatus kann bei Diabetes mellitus Typ 1 und 2 unterst\u00fctzend wirken, indem er den Blutzuckerspiegel reguliert und die Glukosetoleranz verbessert.<\/p>\n<ul>\n<li>Verdauungsf\u00f6rderung:<\/li>\n<\/ul>\n<p>Der Pilz kann bei Verdauungsbeschwerden helfen und die Schleimh\u00e4ute im Magen-Darm-Trakt befeuchten.<\/p>\n<ul>\n<li>Immunsystem:<\/li>\n<\/ul>\n<p>Coprinus comatus enth\u00e4lt wertvolle Inhaltsstoffe, die das Immunsystem st\u00e4rken k\u00f6nnen.<\/p>\n<ul>\n<li>Antioxidative Wirkung:<\/li>\n<\/ul>\n<p>Er wirkt als Radikalf\u00e4nger und sch\u00fctzt die Zellen vor Sch\u00e4den durch freie Radikale.<\/p>\n<ul>\n<li>Antitumorale Wirkung:<\/li>\n<\/ul>\n<p>Studien deuten darauf hin, dass Coprinus comatus eine hemmende Wirkung auf bestimmte Tumorzellen haben kann.<\/p>\n<ul>\n<li>Weitere Wirkungen:<\/li>\n<\/ul>\n<p>Coprinus comatus wird auch mit positiven Effekten bei H\u00e4morrhoiden, entz\u00fcndeten Analdr\u00fcsen, antibakteriellen und antifungalen Eigenschaften sowie mit einer lebersch\u00fctzenden Wirkung in Verbindung gebracht.<\/p>\n<p>Der Chip enth\u00e4lt Frequenzen und Informationen des Coprinus comatus , welche zur Vorsorge und Linderung der oben genannten Symptome\/Anwendungsbereiche beitragen soll.<\/p>\n","protected":false},"excerpt":{"rendered":"<p>EXT 17 Coprinus comatus Der Coprinus comatus, auch Schopftintling genannt, wird in der Naturheilkunde f\u00fcr seine vielf\u00e4ltigen Wirkungen gesch\u00e4tzt.\u00a0Er wird oft zur Regulierung des Blutzuckerspiegels bei Diabetes, zur Unterst\u00fctzung der Verdauung und zur St\u00e4rkung des Immunsystems eingesetzt.\u00a0Zudem wird ihm eine antioxidative, antitumoral und antibakterielle Wirkung zugeschrieben. Ausf\u00fchrliche Wirkungen des Coprinus comatus: Blutzuckerregulierung: Coprinus comatus kann [&hellip;]<\/p>\n","protected":false},"featured_media":21986,"comment_status":"open","ping_status":"closed","template":"","meta":[],"product_brand":[],"product_cat":[3009,2743,2007],"product_tag":[],"class_list":{"0":"post-21985","1":"product","2":"type-product","3":"status-publish","4":"has-post-thumbnail","6":"product_cat-info-chips-gewichtsprobleme","7":"product_cat-info-chips-extrakte","8":"product_cat-info-chips-stoffwechsel","10":"first","11":"instock","12":"taxable","13":"shipping-taxable","14":"purchasable","15":"product-type-simple"},"yoast_head":"<!-- This site is optimized with the Yoast SEO plugin v27.3 - https:\/\/yoast.com\/product\/yoast-seo-wordpress\/ -->\n<title>EXT 17 - Coprinus comatus - akury<\/title>\n<meta name=\"robots\" content=\"index, follow, max-snippet:-1, max-image-preview:large, max-video-preview:-1\" \/>\n<link rel=\"canonical\" href=\"https:\/\/www.akuryprodukte.de\/en\/shop\/ext-17-coprinus-comatus\/\" \/>\n<meta property=\"og:locale\" content=\"en_US\" \/>\n<meta property=\"og:type\" content=\"article\" \/>\n<meta property=\"og:title\" content=\"EXT 17 - Coprinus comatus - akury\" \/>\n<meta property=\"og:description\" content=\"EXT 17 Coprinus comatus Der Coprinus comatus, auch Schopftintling genannt, wird in der Naturheilkunde f\u00fcr seine vielf\u00e4ltigen Wirkungen gesch\u00e4tzt.\u00a0Er wird oft zur Regulierung des Blutzuckerspiegels bei Diabetes, zur Unterst\u00fctzung der Verdauung und zur St\u00e4rkung des Immunsystems eingesetzt.\u00a0Zudem wird ihm eine antioxidative, antitumoral und antibakterielle Wirkung zugeschrieben. Ausf\u00fchrliche Wirkungen des Coprinus comatus: Blutzuckerregulierung: Coprinus comatus kann [&hellip;]\" \/>\n<meta property=\"og:url\" content=\"https:\/\/www.akuryprodukte.de\/en\/shop\/ext-17-coprinus-comatus\/\" \/>\n<meta property=\"og:site_name\" content=\"akury\" \/>\n<meta property=\"article:publisher\" content=\"https:\/\/de-de.facebook.com\/bioenergetischesinformationsmanagement\/\" \/>\n<meta property=\"article:modified_time\" content=\"2025-07-22T06:56:30+00:00\" \/>\n<meta property=\"og:image\" content=\"https:\/\/www.akuryprodukte.de\/wp-content\/uploads\/2025\/07\/EXT-17-a.png\" \/>\n\t<meta property=\"og:image:width\" content=\"575\" \/>\n\t<meta property=\"og:image:height\" content=\"575\" \/>\n\t<meta property=\"og:image:type\" content=\"image\/png\" \/>\n<meta name=\"twitter:card\" content=\"summary_large_image\" \/>\n<meta name=\"twitter:site\" content=\"@heiko_wenner\" \/>\n<meta name=\"twitter:label1\" content=\"Est. reading time\" \/>\n\t<meta name=\"twitter:data1\" content=\"2 minutes\" \/>\n<script type=\"application\/ld+json\" class=\"yoast-schema-graph\">{\"@context\":\"https:\\\/\\\/schema.org\",\"@graph\":[{\"@type\":\"WebPage\",\"@id\":\"https:\\\/\\\/www.akuryprodukte.de\\\/en\\\/shop\\\/ext-17-coprinus-comatus\\\/\",\"url\":\"https:\\\/\\\/www.akuryprodukte.de\\\/en\\\/shop\\\/ext-17-coprinus-comatus\\\/\",\"name\":\"EXT 17 - Coprinus comatus - akury\",\"isPartOf\":{\"@id\":\"https:\\\/\\\/www.akuryprodukte.de\\\/en\\\/#website\"},\"primaryImageOfPage\":{\"@id\":\"https:\\\/\\\/www.akuryprodukte.de\\\/en\\\/shop\\\/ext-17-coprinus-comatus\\\/#primaryimage\"},\"image\":{\"@id\":\"https:\\\/\\\/www.akuryprodukte.de\\\/en\\\/shop\\\/ext-17-coprinus-comatus\\\/#primaryimage\"},\"thumbnailUrl\":\"https:\\\/\\\/www.akuryprodukte.de\\\/wp-content\\\/uploads\\\/2025\\\/07\\\/EXT-17-a.png\",\"datePublished\":\"2025-07-22T06:53:38+00:00\",\"dateModified\":\"2025-07-22T06:56:30+00:00\",\"breadcrumb\":{\"@id\":\"https:\\\/\\\/www.akuryprodukte.de\\\/en\\\/shop\\\/ext-17-coprinus-comatus\\\/#breadcrumb\"},\"inLanguage\":\"en-US\",\"potentialAction\":[{\"@type\":\"ReadAction\",\"target\":[\"https:\\\/\\\/www.akuryprodukte.de\\\/en\\\/shop\\\/ext-17-coprinus-comatus\\\/\"]}]},{\"@type\":\"ImageObject\",\"inLanguage\":\"en-US\",\"@id\":\"https:\\\/\\\/www.akuryprodukte.de\\\/en\\\/shop\\\/ext-17-coprinus-comatus\\\/#primaryimage\",\"url\":\"https:\\\/\\\/www.akuryprodukte.de\\\/wp-content\\\/uploads\\\/2025\\\/07\\\/EXT-17-a.png\",\"contentUrl\":\"https:\\\/\\\/www.akuryprodukte.de\\\/wp-content\\\/uploads\\\/2025\\\/07\\\/EXT-17-a.png\",\"width\":575,\"height\":575},{\"@type\":\"BreadcrumbList\",\"@id\":\"https:\\\/\\\/www.akuryprodukte.de\\\/en\\\/shop\\\/ext-17-coprinus-comatus\\\/#breadcrumb\",\"itemListElement\":[{\"@type\":\"ListItem\",\"position\":1,\"name\":\"Startseite\",\"item\":\"https:\\\/\\\/www.akuryprodukte.de\\\/en\\\/\"},{\"@type\":\"ListItem\",\"position\":2,\"name\":\"Shop\",\"item\":\"https:\\\/\\\/www.akuryprodukte.de\\\/en\\\/shop-en\\\/\"},{\"@type\":\"ListItem\",\"position\":3,\"name\":\"EXT 17 &#8211; Coprinus comatus\"}]},{\"@type\":\"WebSite\",\"@id\":\"https:\\\/\\\/www.akuryprodukte.de\\\/en\\\/#website\",\"url\":\"https:\\\/\\\/www.akuryprodukte.de\\\/en\\\/\",\"name\":\"akury\",\"description\":\"Produkte f\u00fcr Ihr Wohlbefinden\",\"publisher\":{\"@id\":\"https:\\\/\\\/www.akuryprodukte.de\\\/en\\\/#organization\"},\"potentialAction\":[{\"@type\":\"SearchAction\",\"target\":{\"@type\":\"EntryPoint\",\"urlTemplate\":\"https:\\\/\\\/www.akuryprodukte.de\\\/en\\\/?s={search_term_string}\"},\"query-input\":{\"@type\":\"PropertyValueSpecification\",\"valueRequired\":true,\"valueName\":\"search_term_string\"}}],\"inLanguage\":\"en-US\"},{\"@type\":\"Organization\",\"@id\":\"https:\\\/\\\/www.akuryprodukte.de\\\/en\\\/#organization\",\"name\":\"AkuRy GmbH\",\"url\":\"https:\\\/\\\/www.akuryprodukte.de\\\/en\\\/\",\"logo\":{\"@type\":\"ImageObject\",\"inLanguage\":\"en-US\",\"@id\":\"https:\\\/\\\/www.akuryprodukte.de\\\/en\\\/#\\\/schema\\\/logo\\\/image\\\/\",\"url\":\"https:\\\/\\\/www.akuryprodukte.de\\\/wp-content\\\/uploads\\\/2020\\\/09\\\/Logo_AKY-p-512.jpg\",\"contentUrl\":\"https:\\\/\\\/www.akuryprodukte.de\\\/wp-content\\\/uploads\\\/2020\\\/09\\\/Logo_AKY-p-512.jpg\",\"width\":512,\"height\":512,\"caption\":\"AkuRy GmbH\"},\"image\":{\"@id\":\"https:\\\/\\\/www.akuryprodukte.de\\\/en\\\/#\\\/schema\\\/logo\\\/image\\\/\"},\"sameAs\":[\"https:\\\/\\\/de-de.facebook.com\\\/bioenergetischesinformationsmanagement\\\/\",\"https:\\\/\\\/x.com\\\/heiko_wenner\",\"https:\\\/\\\/www.instagram.com\\\/akury_gmbh\\\/\",\"https:\\\/\\\/www.youtube.com\\\/channel\\\/UCyItRPbJUon1m0Gq6kV2Izw\"]}]}<\/script>\n<!-- \/ Yoast SEO plugin. -->","yoast_head_json":{"title":"EXT 17 - Coprinus comatus - akury","robots":{"index":"index","follow":"follow","max-snippet":"max-snippet:-1","max-image-preview":"max-image-preview:large","max-video-preview":"max-video-preview:-1"},"canonical":"https:\/\/www.akuryprodukte.de\/en\/shop\/ext-17-coprinus-comatus\/","og_locale":"en_US","og_type":"article","og_title":"EXT 17 - Coprinus comatus - akury","og_description":"EXT 17 Coprinus comatus Der Coprinus comatus, auch Schopftintling genannt, wird in der Naturheilkunde f\u00fcr seine vielf\u00e4ltigen Wirkungen gesch\u00e4tzt.\u00a0Er wird oft zur Regulierung des Blutzuckerspiegels bei Diabetes, zur Unterst\u00fctzung der Verdauung und zur St\u00e4rkung des Immunsystems eingesetzt.\u00a0Zudem wird ihm eine antioxidative, antitumoral und antibakterielle Wirkung zugeschrieben. Ausf\u00fchrliche Wirkungen des Coprinus comatus: Blutzuckerregulierung: Coprinus comatus kann [&hellip;]","og_url":"https:\/\/www.akuryprodukte.de\/en\/shop\/ext-17-coprinus-comatus\/","og_site_name":"akury","article_publisher":"https:\/\/de-de.facebook.com\/bioenergetischesinformationsmanagement\/","article_modified_time":"2025-07-22T06:56:30+00:00","og_image":[{"width":575,"height":575,"url":"https:\/\/www.akuryprodukte.de\/wp-content\/uploads\/2025\/07\/EXT-17-a.png","type":"image\/png"}],"twitter_card":"summary_large_image","twitter_site":"@heiko_wenner","twitter_misc":{"Est. reading time":"2 minutes"},"schema":{"@context":"https:\/\/schema.org","@graph":[{"@type":"WebPage","@id":"https:\/\/www.akuryprodukte.de\/en\/shop\/ext-17-coprinus-comatus\/","url":"https:\/\/www.akuryprodukte.de\/en\/shop\/ext-17-coprinus-comatus\/","name":"EXT 17 - Coprinus comatus - akury","isPartOf":{"@id":"https:\/\/www.akuryprodukte.de\/en\/#website"},"primaryImageOfPage":{"@id":"https:\/\/www.akuryprodukte.de\/en\/shop\/ext-17-coprinus-comatus\/#primaryimage"},"image":{"@id":"https:\/\/www.akuryprodukte.de\/en\/shop\/ext-17-coprinus-comatus\/#primaryimage"},"thumbnailUrl":"https:\/\/www.akuryprodukte.de\/wp-content\/uploads\/2025\/07\/EXT-17-a.png","datePublished":"2025-07-22T06:53:38+00:00","dateModified":"2025-07-22T06:56:30+00:00","breadcrumb":{"@id":"https:\/\/www.akuryprodukte.de\/en\/shop\/ext-17-coprinus-comatus\/#breadcrumb"},"inLanguage":"en-US","potentialAction":[{"@type":"ReadAction","target":["https:\/\/www.akuryprodukte.de\/en\/shop\/ext-17-coprinus-comatus\/"]}]},{"@type":"ImageObject","inLanguage":"en-US","@id":"https:\/\/www.akuryprodukte.de\/en\/shop\/ext-17-coprinus-comatus\/#primaryimage","url":"https:\/\/www.akuryprodukte.de\/wp-content\/uploads\/2025\/07\/EXT-17-a.png","contentUrl":"https:\/\/www.akuryprodukte.de\/wp-content\/uploads\/2025\/07\/EXT-17-a.png","width":575,"height":575},{"@type":"BreadcrumbList","@id":"https:\/\/www.akuryprodukte.de\/en\/shop\/ext-17-coprinus-comatus\/#breadcrumb","itemListElement":[{"@type":"ListItem","position":1,"name":"Startseite","item":"https:\/\/www.akuryprodukte.de\/en\/"},{"@type":"ListItem","position":2,"name":"Shop","item":"https:\/\/www.akuryprodukte.de\/en\/shop-en\/"},{"@type":"ListItem","position":3,"name":"EXT 17 &#8211; Coprinus comatus"}]},{"@type":"WebSite","@id":"https:\/\/www.akuryprodukte.de\/en\/#website","url":"https:\/\/www.akuryprodukte.de\/en\/","name":"akury","description":"Produkte f\u00fcr Ihr Wohlbefinden","publisher":{"@id":"https:\/\/www.akuryprodukte.de\/en\/#organization"},"potentialAction":[{"@type":"SearchAction","target":{"@type":"EntryPoint","urlTemplate":"https:\/\/www.akuryprodukte.de\/en\/?s={search_term_string}"},"query-input":{"@type":"PropertyValueSpecification","valueRequired":true,"valueName":"search_term_string"}}],"inLanguage":"en-US"},{"@type":"Organization","@id":"https:\/\/www.akuryprodukte.de\/en\/#organization","name":"AkuRy GmbH","url":"https:\/\/www.akuryprodukte.de\/en\/","logo":{"@type":"ImageObject","inLanguage":"en-US","@id":"https:\/\/www.akuryprodukte.de\/en\/#\/schema\/logo\/image\/","url":"https:\/\/www.akuryprodukte.de\/wp-content\/uploads\/2020\/09\/Logo_AKY-p-512.jpg","contentUrl":"https:\/\/www.akuryprodukte.de\/wp-content\/uploads\/2020\/09\/Logo_AKY-p-512.jpg","width":512,"height":512,"caption":"AkuRy GmbH"},"image":{"@id":"https:\/\/www.akuryprodukte.de\/en\/#\/schema\/logo\/image\/"},"sameAs":["https:\/\/de-de.facebook.com\/bioenergetischesinformationsmanagement\/","https:\/\/x.com\/heiko_wenner","https:\/\/www.instagram.com\/akury_gmbh\/","https:\/\/www.youtube.com\/channel\/UCyItRPbJUon1m0Gq6kV2Izw"]}]}},"_links":{"self":[{"href":"https:\/\/www.akuryprodukte.de\/en\/wp-json\/wp\/v2\/product\/21985","targetHints":{"allow":["GET"]}}],"collection":[{"href":"https:\/\/www.akuryprodukte.de\/en\/wp-json\/wp\/v2\/product"}],"about":[{"href":"https:\/\/www.akuryprodukte.de\/en\/wp-json\/wp\/v2\/types\/product"}],"replies":[{"embeddable":true,"href":"https:\/\/www.akuryprodukte.de\/en\/wp-json\/wp\/v2\/comments?post=21985"}],"wp:featuredmedia":[{"embeddable":true,"href":"https:\/\/www.akuryprodukte.de\/en\/wp-json\/wp\/v2\/media\/21986"}],"wp:attachment":[{"href":"https:\/\/www.akuryprodukte.de\/en\/wp-json\/wp\/v2\/media?parent=21985"}],"wp:term":[{"taxonomy":"product_brand","embeddable":true,"href":"https:\/\/www.akuryprodukte.de\/en\/wp-json\/wp\/v2\/product_brand?post=21985"},{"taxonomy":"product_cat","embeddable":true,"href":"https:\/\/www.akuryprodukte.de\/en\/wp-json\/wp\/v2\/product_cat?post=21985"},{"taxonomy":"product_tag","embeddable":true,"href":"https:\/\/www.akuryprodukte.de\/en\/wp-json\/wp\/v2\/product_tag?post=21985"}],"curies":[{"name":"wp","href":"https:\/\/api.w.org\/{rel}","templated":true}]}}