{"id":21988,"date":"2025-07-22T08:56:59","date_gmt":"2025-07-22T06:56:59","guid":{"rendered":"https:\/\/www.akuryprodukte.de\/?post_type=product&#038;p=21988"},"modified":"2025-07-22T09:00:39","modified_gmt":"2025-07-22T07:00:39","slug":"ext-18-cordyceps","status":"publish","type":"product","link":"https:\/\/www.akuryprodukte.de\/en\/shop\/ext-18-cordyceps\/","title":{"rendered":"EXT 18 &#8211; Cordyceps"},"content":{"rendered":"<p><strong>EXT 18 Cordyceps<\/strong><\/p>\n<p>Cordyceps, ein Vitalpilz, wird in der traditionellen chinesischen Medizin (TCM) und auch zunehmend in der westlichen Welt f\u00fcr seine vielf\u00e4ltigen positiven Wirkungen auf K\u00f6rper und Geist gesch\u00e4tzt.\u00a0Er soll die k\u00f6rperliche Leistungsf\u00e4higkeit steigern, das Immunsystem st\u00e4rken, die Stressresistenz verbessern und antioxidative Eigenschaften besitzen.<\/p>\n<p>Ausf\u00fchrliche Wirkungen von Cordyceps:<\/p>\n<ul>\n<li>Energiesteigerung und Leistungsf\u00e4higkeit:<\/li>\n<\/ul>\n<p>Cordyceps wird oft zur Verbesserung der k\u00f6rperlichen Leistungsf\u00e4higkeit eingesetzt, insbesondere im Ausdauerbereich.\u00a0Es wird angenommen, dass der Pilz die Sauerstoffaufnahme verbessert und die Produktion von Adenosintriphosphat (ATP), dem Hauptenergielieferanten der Zellen, anregen kann.<\/p>\n<ul>\n<li>Stressreduktion und psychische Stabilit\u00e4t:<\/li>\n<\/ul>\n<p>Cordyceps kann das Stressempfinden reduzieren und die allgemeine Belastbarkeit erh\u00f6hen.\u00a0Studien deuten darauf hin, dass der Pilz die Produktion von Corticosteroiden steigern kann, was zur Stressresistenz beitr\u00e4gt.<\/p>\n<ul>\n<li>St\u00e4rkung des Immunsystems:<\/li>\n<\/ul>\n<p>Die in Cordyceps enthaltenen Polysaccharide k\u00f6nnen das Immunsystem modulieren, indem sie verschiedene Immunzellen stimulieren und die Produktion von Schl\u00fcsselimmunmolek\u00fclen erh\u00f6hen.<\/p>\n<ul>\n<li>Antioxidative Wirkung:<\/li>\n<\/ul>\n<p>Cordyceps enth\u00e4lt Antioxidantien, die freie Radikale neutralisieren und so vor Zellsch\u00e4den sch\u00fctzen k\u00f6nnen, die durch oxidativen Stress entstehen.<\/p>\n<ul>\n<li>Unterst\u00fctzung der Herzgesundheit:<\/li>\n<\/ul>\n<p>Steroide in Cordyceps k\u00f6nnten eine cholesterinsenkende Wirkung haben und somit zur Verbesserung der Herzgesundheit beitragen.<\/p>\n<ul>\n<li>Weitere potenzielle Wirkungen:<\/li>\n<\/ul>\n<p>Cordyceps wird auch bei Atemwegserkrankungen, zur Unterst\u00fctzung der Leberfunktion und bei Fruchtbarkeitsst\u00f6rungen diskutiert.<\/p>\n<p>Der Chip enth\u00e4lt Frequenzen und Informationen des Cordyceps , welche zur Vorsorge und Linderung der oben genannten Symptome\/Anwendungsbereiche beitragen soll.<\/p>\n<p><strong>\u00a0<\/strong><\/p>\n","protected":false},"excerpt":{"rendered":"<p>EXT 18 Cordyceps Cordyceps, ein Vitalpilz, wird in der traditionellen chinesischen Medizin (TCM) und auch zunehmend in der westlichen Welt f\u00fcr seine vielf\u00e4ltigen positiven Wirkungen auf K\u00f6rper und Geist gesch\u00e4tzt.\u00a0Er soll die k\u00f6rperliche Leistungsf\u00e4higkeit steigern, das Immunsystem st\u00e4rken, die Stressresistenz verbessern und antioxidative Eigenschaften besitzen. Ausf\u00fchrliche Wirkungen von Cordyceps: Energiesteigerung und Leistungsf\u00e4higkeit: Cordyceps wird oft [&hellip;]<\/p>\n","protected":false},"featured_media":21989,"comment_status":"open","ping_status":"closed","template":"","meta":[],"product_brand":[],"product_cat":[3004,3002,3000,3001,2743,1440],"product_tag":[],"class_list":{"0":"post-21988","1":"product","2":"type-product","3":"status-publish","4":"has-post-thumbnail","6":"product_cat-info-chips-herzkreislauf","7":"product_cat-info-chips-immunsystem","8":"product_cat-info-chips-leistungsoptimierung","9":"product_cat-info-chips-nerven-hormone-neurotransmitter","10":"product_cat-info-chips-extrakte","11":"product_cat-info-chips-psyche","13":"first","14":"instock","15":"taxable","16":"shipping-taxable","17":"purchasable","18":"product-type-simple"},"yoast_head":"<!-- This site is optimized with the Yoast SEO plugin v27.4 - https:\/\/yoast.com\/product\/yoast-seo-wordpress\/ -->\n<title>EXT 18 - Cordyceps - akury<\/title>\n<meta name=\"robots\" content=\"index, follow, max-snippet:-1, max-image-preview:large, max-video-preview:-1\" \/>\n<link rel=\"canonical\" href=\"https:\/\/www.akuryprodukte.de\/en\/shop\/ext-18-cordyceps\/\" \/>\n<meta property=\"og:locale\" content=\"en_US\" \/>\n<meta property=\"og:type\" content=\"article\" \/>\n<meta property=\"og:title\" content=\"EXT 18 - Cordyceps - akury\" \/>\n<meta property=\"og:description\" content=\"EXT 18 Cordyceps Cordyceps, ein Vitalpilz, wird in der traditionellen chinesischen Medizin (TCM) und auch zunehmend in der westlichen Welt f\u00fcr seine vielf\u00e4ltigen positiven Wirkungen auf K\u00f6rper und Geist gesch\u00e4tzt.\u00a0Er soll die k\u00f6rperliche Leistungsf\u00e4higkeit steigern, das Immunsystem st\u00e4rken, die Stressresistenz verbessern und antioxidative Eigenschaften besitzen. Ausf\u00fchrliche Wirkungen von Cordyceps: Energiesteigerung und Leistungsf\u00e4higkeit: Cordyceps wird oft [&hellip;]\" \/>\n<meta property=\"og:url\" content=\"https:\/\/www.akuryprodukte.de\/en\/shop\/ext-18-cordyceps\/\" \/>\n<meta property=\"og:site_name\" content=\"akury\" \/>\n<meta property=\"article:publisher\" content=\"https:\/\/de-de.facebook.com\/bioenergetischesinformationsmanagement\/\" \/>\n<meta property=\"article:modified_time\" content=\"2025-07-22T07:00:39+00:00\" \/>\n<meta property=\"og:image\" content=\"https:\/\/www.akuryprodukte.de\/wp-content\/uploads\/2025\/07\/EXT-18-a.png\" \/>\n\t<meta property=\"og:image:width\" content=\"575\" \/>\n\t<meta property=\"og:image:height\" content=\"575\" \/>\n\t<meta property=\"og:image:type\" content=\"image\/png\" \/>\n<meta name=\"twitter:card\" content=\"summary_large_image\" \/>\n<meta name=\"twitter:site\" content=\"@heiko_wenner\" \/>\n<meta name=\"twitter:label1\" content=\"Est. reading time\" \/>\n\t<meta name=\"twitter:data1\" content=\"2 minutes\" \/>\n<script type=\"application\/ld+json\" class=\"yoast-schema-graph\">{\"@context\":\"https:\\\/\\\/schema.org\",\"@graph\":[{\"@type\":\"WebPage\",\"@id\":\"https:\\\/\\\/www.akuryprodukte.de\\\/en\\\/shop\\\/ext-18-cordyceps\\\/\",\"url\":\"https:\\\/\\\/www.akuryprodukte.de\\\/en\\\/shop\\\/ext-18-cordyceps\\\/\",\"name\":\"EXT 18 - Cordyceps - akury\",\"isPartOf\":{\"@id\":\"https:\\\/\\\/www.akuryprodukte.de\\\/en\\\/#website\"},\"primaryImageOfPage\":{\"@id\":\"https:\\\/\\\/www.akuryprodukte.de\\\/en\\\/shop\\\/ext-18-cordyceps\\\/#primaryimage\"},\"image\":{\"@id\":\"https:\\\/\\\/www.akuryprodukte.de\\\/en\\\/shop\\\/ext-18-cordyceps\\\/#primaryimage\"},\"thumbnailUrl\":\"https:\\\/\\\/www.akuryprodukte.de\\\/wp-content\\\/uploads\\\/2025\\\/07\\\/EXT-18-a.png\",\"datePublished\":\"2025-07-22T06:56:59+00:00\",\"dateModified\":\"2025-07-22T07:00:39+00:00\",\"breadcrumb\":{\"@id\":\"https:\\\/\\\/www.akuryprodukte.de\\\/en\\\/shop\\\/ext-18-cordyceps\\\/#breadcrumb\"},\"inLanguage\":\"en-US\",\"potentialAction\":[{\"@type\":\"ReadAction\",\"target\":[\"https:\\\/\\\/www.akuryprodukte.de\\\/en\\\/shop\\\/ext-18-cordyceps\\\/\"]}]},{\"@type\":\"ImageObject\",\"inLanguage\":\"en-US\",\"@id\":\"https:\\\/\\\/www.akuryprodukte.de\\\/en\\\/shop\\\/ext-18-cordyceps\\\/#primaryimage\",\"url\":\"https:\\\/\\\/www.akuryprodukte.de\\\/wp-content\\\/uploads\\\/2025\\\/07\\\/EXT-18-a.png\",\"contentUrl\":\"https:\\\/\\\/www.akuryprodukte.de\\\/wp-content\\\/uploads\\\/2025\\\/07\\\/EXT-18-a.png\",\"width\":575,\"height\":575},{\"@type\":\"BreadcrumbList\",\"@id\":\"https:\\\/\\\/www.akuryprodukte.de\\\/en\\\/shop\\\/ext-18-cordyceps\\\/#breadcrumb\",\"itemListElement\":[{\"@type\":\"ListItem\",\"position\":1,\"name\":\"Startseite\",\"item\":\"https:\\\/\\\/www.akuryprodukte.de\\\/en\\\/\"},{\"@type\":\"ListItem\",\"position\":2,\"name\":\"Shop\",\"item\":\"https:\\\/\\\/www.akuryprodukte.de\\\/en\\\/shop-en\\\/\"},{\"@type\":\"ListItem\",\"position\":3,\"name\":\"EXT 18 &#8211; Cordyceps\"}]},{\"@type\":\"WebSite\",\"@id\":\"https:\\\/\\\/www.akuryprodukte.de\\\/en\\\/#website\",\"url\":\"https:\\\/\\\/www.akuryprodukte.de\\\/en\\\/\",\"name\":\"akury\",\"description\":\"Produkte f\u00fcr Ihr Wohlbefinden\",\"publisher\":{\"@id\":\"https:\\\/\\\/www.akuryprodukte.de\\\/en\\\/#organization\"},\"potentialAction\":[{\"@type\":\"SearchAction\",\"target\":{\"@type\":\"EntryPoint\",\"urlTemplate\":\"https:\\\/\\\/www.akuryprodukte.de\\\/en\\\/?s={search_term_string}\"},\"query-input\":{\"@type\":\"PropertyValueSpecification\",\"valueRequired\":true,\"valueName\":\"search_term_string\"}}],\"inLanguage\":\"en-US\"},{\"@type\":\"Organization\",\"@id\":\"https:\\\/\\\/www.akuryprodukte.de\\\/en\\\/#organization\",\"name\":\"AkuRy GmbH\",\"url\":\"https:\\\/\\\/www.akuryprodukte.de\\\/en\\\/\",\"logo\":{\"@type\":\"ImageObject\",\"inLanguage\":\"en-US\",\"@id\":\"https:\\\/\\\/www.akuryprodukte.de\\\/en\\\/#\\\/schema\\\/logo\\\/image\\\/\",\"url\":\"https:\\\/\\\/www.akuryprodukte.de\\\/wp-content\\\/uploads\\\/2020\\\/09\\\/Logo_AKY-p-512.jpg\",\"contentUrl\":\"https:\\\/\\\/www.akuryprodukte.de\\\/wp-content\\\/uploads\\\/2020\\\/09\\\/Logo_AKY-p-512.jpg\",\"width\":512,\"height\":512,\"caption\":\"AkuRy GmbH\"},\"image\":{\"@id\":\"https:\\\/\\\/www.akuryprodukte.de\\\/en\\\/#\\\/schema\\\/logo\\\/image\\\/\"},\"sameAs\":[\"https:\\\/\\\/de-de.facebook.com\\\/bioenergetischesinformationsmanagement\\\/\",\"https:\\\/\\\/x.com\\\/heiko_wenner\",\"https:\\\/\\\/www.instagram.com\\\/akury_gmbh\\\/\",\"https:\\\/\\\/www.youtube.com\\\/channel\\\/UCyItRPbJUon1m0Gq6kV2Izw\"]}]}<\/script>\n<!-- \/ Yoast SEO plugin. -->","yoast_head_json":{"title":"EXT 18 - Cordyceps - akury","robots":{"index":"index","follow":"follow","max-snippet":"max-snippet:-1","max-image-preview":"max-image-preview:large","max-video-preview":"max-video-preview:-1"},"canonical":"https:\/\/www.akuryprodukte.de\/en\/shop\/ext-18-cordyceps\/","og_locale":"en_US","og_type":"article","og_title":"EXT 18 - Cordyceps - akury","og_description":"EXT 18 Cordyceps Cordyceps, ein Vitalpilz, wird in der traditionellen chinesischen Medizin (TCM) und auch zunehmend in der westlichen Welt f\u00fcr seine vielf\u00e4ltigen positiven Wirkungen auf K\u00f6rper und Geist gesch\u00e4tzt.\u00a0Er soll die k\u00f6rperliche Leistungsf\u00e4higkeit steigern, das Immunsystem st\u00e4rken, die Stressresistenz verbessern und antioxidative Eigenschaften besitzen. Ausf\u00fchrliche Wirkungen von Cordyceps: Energiesteigerung und Leistungsf\u00e4higkeit: Cordyceps wird oft [&hellip;]","og_url":"https:\/\/www.akuryprodukte.de\/en\/shop\/ext-18-cordyceps\/","og_site_name":"akury","article_publisher":"https:\/\/de-de.facebook.com\/bioenergetischesinformationsmanagement\/","article_modified_time":"2025-07-22T07:00:39+00:00","og_image":[{"width":575,"height":575,"url":"https:\/\/www.akuryprodukte.de\/wp-content\/uploads\/2025\/07\/EXT-18-a.png","type":"image\/png"}],"twitter_card":"summary_large_image","twitter_site":"@heiko_wenner","twitter_misc":{"Est. reading time":"2 minutes"},"schema":{"@context":"https:\/\/schema.org","@graph":[{"@type":"WebPage","@id":"https:\/\/www.akuryprodukte.de\/en\/shop\/ext-18-cordyceps\/","url":"https:\/\/www.akuryprodukte.de\/en\/shop\/ext-18-cordyceps\/","name":"EXT 18 - Cordyceps - akury","isPartOf":{"@id":"https:\/\/www.akuryprodukte.de\/en\/#website"},"primaryImageOfPage":{"@id":"https:\/\/www.akuryprodukte.de\/en\/shop\/ext-18-cordyceps\/#primaryimage"},"image":{"@id":"https:\/\/www.akuryprodukte.de\/en\/shop\/ext-18-cordyceps\/#primaryimage"},"thumbnailUrl":"https:\/\/www.akuryprodukte.de\/wp-content\/uploads\/2025\/07\/EXT-18-a.png","datePublished":"2025-07-22T06:56:59+00:00","dateModified":"2025-07-22T07:00:39+00:00","breadcrumb":{"@id":"https:\/\/www.akuryprodukte.de\/en\/shop\/ext-18-cordyceps\/#breadcrumb"},"inLanguage":"en-US","potentialAction":[{"@type":"ReadAction","target":["https:\/\/www.akuryprodukte.de\/en\/shop\/ext-18-cordyceps\/"]}]},{"@type":"ImageObject","inLanguage":"en-US","@id":"https:\/\/www.akuryprodukte.de\/en\/shop\/ext-18-cordyceps\/#primaryimage","url":"https:\/\/www.akuryprodukte.de\/wp-content\/uploads\/2025\/07\/EXT-18-a.png","contentUrl":"https:\/\/www.akuryprodukte.de\/wp-content\/uploads\/2025\/07\/EXT-18-a.png","width":575,"height":575},{"@type":"BreadcrumbList","@id":"https:\/\/www.akuryprodukte.de\/en\/shop\/ext-18-cordyceps\/#breadcrumb","itemListElement":[{"@type":"ListItem","position":1,"name":"Startseite","item":"https:\/\/www.akuryprodukte.de\/en\/"},{"@type":"ListItem","position":2,"name":"Shop","item":"https:\/\/www.akuryprodukte.de\/en\/shop-en\/"},{"@type":"ListItem","position":3,"name":"EXT 18 &#8211; Cordyceps"}]},{"@type":"WebSite","@id":"https:\/\/www.akuryprodukte.de\/en\/#website","url":"https:\/\/www.akuryprodukte.de\/en\/","name":"akury","description":"Produkte f\u00fcr Ihr Wohlbefinden","publisher":{"@id":"https:\/\/www.akuryprodukte.de\/en\/#organization"},"potentialAction":[{"@type":"SearchAction","target":{"@type":"EntryPoint","urlTemplate":"https:\/\/www.akuryprodukte.de\/en\/?s={search_term_string}"},"query-input":{"@type":"PropertyValueSpecification","valueRequired":true,"valueName":"search_term_string"}}],"inLanguage":"en-US"},{"@type":"Organization","@id":"https:\/\/www.akuryprodukte.de\/en\/#organization","name":"AkuRy GmbH","url":"https:\/\/www.akuryprodukte.de\/en\/","logo":{"@type":"ImageObject","inLanguage":"en-US","@id":"https:\/\/www.akuryprodukte.de\/en\/#\/schema\/logo\/image\/","url":"https:\/\/www.akuryprodukte.de\/wp-content\/uploads\/2020\/09\/Logo_AKY-p-512.jpg","contentUrl":"https:\/\/www.akuryprodukte.de\/wp-content\/uploads\/2020\/09\/Logo_AKY-p-512.jpg","width":512,"height":512,"caption":"AkuRy GmbH"},"image":{"@id":"https:\/\/www.akuryprodukte.de\/en\/#\/schema\/logo\/image\/"},"sameAs":["https:\/\/de-de.facebook.com\/bioenergetischesinformationsmanagement\/","https:\/\/x.com\/heiko_wenner","https:\/\/www.instagram.com\/akury_gmbh\/","https:\/\/www.youtube.com\/channel\/UCyItRPbJUon1m0Gq6kV2Izw"]}]}},"_links":{"self":[{"href":"https:\/\/www.akuryprodukte.de\/en\/wp-json\/wp\/v2\/product\/21988","targetHints":{"allow":["GET"]}}],"collection":[{"href":"https:\/\/www.akuryprodukte.de\/en\/wp-json\/wp\/v2\/product"}],"about":[{"href":"https:\/\/www.akuryprodukte.de\/en\/wp-json\/wp\/v2\/types\/product"}],"replies":[{"embeddable":true,"href":"https:\/\/www.akuryprodukte.de\/en\/wp-json\/wp\/v2\/comments?post=21988"}],"wp:featuredmedia":[{"embeddable":true,"href":"https:\/\/www.akuryprodukte.de\/en\/wp-json\/wp\/v2\/media\/21989"}],"wp:attachment":[{"href":"https:\/\/www.akuryprodukte.de\/en\/wp-json\/wp\/v2\/media?parent=21988"}],"wp:term":[{"taxonomy":"product_brand","embeddable":true,"href":"https:\/\/www.akuryprodukte.de\/en\/wp-json\/wp\/v2\/product_brand?post=21988"},{"taxonomy":"product_cat","embeddable":true,"href":"https:\/\/www.akuryprodukte.de\/en\/wp-json\/wp\/v2\/product_cat?post=21988"},{"taxonomy":"product_tag","embeddable":true,"href":"https:\/\/www.akuryprodukte.de\/en\/wp-json\/wp\/v2\/product_tag?post=21988"}],"curies":[{"name":"wp","href":"https:\/\/api.w.org\/{rel}","templated":true}]}}