{"id":21994,"date":"2025-07-22T09:45:16","date_gmt":"2025-07-22T07:45:16","guid":{"rendered":"https:\/\/www.akuryprodukte.de\/?post_type=product&#038;p=21994"},"modified":"2025-07-22T09:48:21","modified_gmt":"2025-07-22T07:48:21","slug":"hdn-4-maha-meha","status":"publish","type":"product","link":"https:\/\/www.akuryprodukte.de\/en\/shop\/hdn-4-maha-meha\/","title":{"rendered":"HDN 4 &#8211; Maha Meha"},"content":{"rendered":"<p><strong>HDN 4 Maha Meha<\/strong><\/p>\n<p><strong>Die Wirkung von Maha Meha<\/strong><\/p>\n<ul>\n<li>Blutzuckermanagement: Die meisten Inhaltsstoffe (z. B. Gymnema sylvestre, Eugenia jambolana, Momordica charantia, Trigonella foenum-graecum) sind in der Ayurveda f\u00fcr ihre F\u00e4higkeit bekannt, den Blutzuckerspiegel zu regulieren, die Zuckeraufnahme zu reduzieren und die Insulinsensitivit\u00e4t zu verbessern. Dies macht die Formulierung besonders relevant f\u00fcr Personen mit Pr\u00e4diabetes oder Typ-2-Diabetes.<\/li>\n<li>Antioxidative und entz\u00fcndungshemmende Unterst\u00fctzung: Inhaltsstoffe wie Shilajit, Curcuma longa und Emblica officinalis bieten starke antioxidative und entz\u00fcndungshemmende Wirkungen, die vor oxidativem Stress und Entz\u00fcndungen sch\u00fctzen.<\/li>\n<li>Energie und Vitalit\u00e4t: Shilajit, Tinospora cordifolia und Ocimum sanctum f\u00f6rdern die Energieproduktion, reduzieren Stress und steigern die allgemeine Vitalit\u00e4t.<\/li>\n<li>Verdauungs- und Stoffwechselgesundheit: Viele dieser Kr\u00e4uter unterst\u00fctzen die Verdauung, die Leberfunktion und Stoffwechselprozesse, die f\u00fcr das allgemeine Wohlbefinden entscheidend sind.<\/li>\n<\/ul>\n<p>Der Chip enth\u00e4lt Frequenzen und Informationen des Maha Meha, welche zur Vorsorge und Linderung der oben genannten Symptome\/Anwendungsbereiche beitragen soll.<\/p>\n","protected":false},"excerpt":{"rendered":"<p>HDN 4 Maha Meha Die Wirkung von Maha Meha Blutzuckermanagement: Die meisten Inhaltsstoffe (z. B. Gymnema sylvestre, Eugenia jambolana, Momordica charantia, Trigonella foenum-graecum) sind in der Ayurveda f\u00fcr ihre F\u00e4higkeit bekannt, den Blutzuckerspiegel zu regulieren, die Zuckeraufnahme zu reduzieren und die Insulinsensitivit\u00e4t zu verbessern. Dies macht die Formulierung besonders relevant f\u00fcr Personen mit Pr\u00e4diabetes oder [&hellip;]<\/p>\n","protected":false},"featured_media":21995,"comment_status":"closed","ping_status":"closed","template":"","meta":[],"product_brand":[],"product_cat":[3038,3010,3008,2007],"product_tag":[],"class_list":{"0":"post-21994","1":"product","2":"type-product","3":"status-publish","4":"has-post-thumbnail","6":"product_cat-heilung-aus-der-natur","7":"product_cat-info-chips-organe-blutgefaesse-gewebe","8":"product_cat-info-chips-stuetz-und-bewegungsapparat-haut-schleimhaut","9":"product_cat-info-chips-stoffwechsel","11":"first","12":"instock","13":"taxable","14":"shipping-taxable","15":"purchasable","16":"product-type-simple"},"yoast_head":"<!-- This site is optimized with the Yoast SEO plugin v27.4 - https:\/\/yoast.com\/product\/yoast-seo-wordpress\/ -->\n<title>HDN 4 - Maha Meha - akury<\/title>\n<meta name=\"robots\" content=\"index, follow, max-snippet:-1, max-image-preview:large, max-video-preview:-1\" \/>\n<link rel=\"canonical\" href=\"https:\/\/www.akuryprodukte.de\/en\/shop\/hdn-4-maha-meha\/\" \/>\n<meta property=\"og:locale\" content=\"en_US\" \/>\n<meta property=\"og:type\" content=\"article\" \/>\n<meta property=\"og:title\" content=\"HDN 4 - Maha Meha - akury\" \/>\n<meta property=\"og:description\" content=\"HDN 4 Maha Meha Die Wirkung von Maha Meha Blutzuckermanagement: Die meisten Inhaltsstoffe (z. B. Gymnema sylvestre, Eugenia jambolana, Momordica charantia, Trigonella foenum-graecum) sind in der Ayurveda f\u00fcr ihre F\u00e4higkeit bekannt, den Blutzuckerspiegel zu regulieren, die Zuckeraufnahme zu reduzieren und die Insulinsensitivit\u00e4t zu verbessern. Dies macht die Formulierung besonders relevant f\u00fcr Personen mit Pr\u00e4diabetes oder [&hellip;]\" \/>\n<meta property=\"og:url\" content=\"https:\/\/www.akuryprodukte.de\/en\/shop\/hdn-4-maha-meha\/\" \/>\n<meta property=\"og:site_name\" content=\"akury\" \/>\n<meta property=\"article:publisher\" content=\"https:\/\/de-de.facebook.com\/bioenergetischesinformationsmanagement\/\" \/>\n<meta property=\"article:modified_time\" content=\"2025-07-22T07:48:21+00:00\" \/>\n<meta property=\"og:image\" content=\"https:\/\/www.akuryprodukte.de\/wp-content\/uploads\/2025\/07\/HDN-4-a.png\" \/>\n\t<meta property=\"og:image:width\" content=\"575\" \/>\n\t<meta property=\"og:image:height\" content=\"575\" \/>\n\t<meta property=\"og:image:type\" content=\"image\/png\" \/>\n<meta name=\"twitter:card\" content=\"summary_large_image\" \/>\n<meta name=\"twitter:site\" content=\"@heiko_wenner\" \/>\n<meta name=\"twitter:label1\" content=\"Est. reading time\" \/>\n\t<meta name=\"twitter:data1\" content=\"1 minute\" \/>\n<script type=\"application\/ld+json\" class=\"yoast-schema-graph\">{\"@context\":\"https:\\\/\\\/schema.org\",\"@graph\":[{\"@type\":\"WebPage\",\"@id\":\"https:\\\/\\\/www.akuryprodukte.de\\\/en\\\/shop\\\/hdn-4-maha-meha\\\/\",\"url\":\"https:\\\/\\\/www.akuryprodukte.de\\\/en\\\/shop\\\/hdn-4-maha-meha\\\/\",\"name\":\"HDN 4 - Maha Meha - akury\",\"isPartOf\":{\"@id\":\"https:\\\/\\\/www.akuryprodukte.de\\\/en\\\/#website\"},\"primaryImageOfPage\":{\"@id\":\"https:\\\/\\\/www.akuryprodukte.de\\\/en\\\/shop\\\/hdn-4-maha-meha\\\/#primaryimage\"},\"image\":{\"@id\":\"https:\\\/\\\/www.akuryprodukte.de\\\/en\\\/shop\\\/hdn-4-maha-meha\\\/#primaryimage\"},\"thumbnailUrl\":\"https:\\\/\\\/www.akuryprodukte.de\\\/wp-content\\\/uploads\\\/2025\\\/07\\\/HDN-4-a.png\",\"datePublished\":\"2025-07-22T07:45:16+00:00\",\"dateModified\":\"2025-07-22T07:48:21+00:00\",\"breadcrumb\":{\"@id\":\"https:\\\/\\\/www.akuryprodukte.de\\\/en\\\/shop\\\/hdn-4-maha-meha\\\/#breadcrumb\"},\"inLanguage\":\"en-US\",\"potentialAction\":[{\"@type\":\"ReadAction\",\"target\":[\"https:\\\/\\\/www.akuryprodukte.de\\\/en\\\/shop\\\/hdn-4-maha-meha\\\/\"]}]},{\"@type\":\"ImageObject\",\"inLanguage\":\"en-US\",\"@id\":\"https:\\\/\\\/www.akuryprodukte.de\\\/en\\\/shop\\\/hdn-4-maha-meha\\\/#primaryimage\",\"url\":\"https:\\\/\\\/www.akuryprodukte.de\\\/wp-content\\\/uploads\\\/2025\\\/07\\\/HDN-4-a.png\",\"contentUrl\":\"https:\\\/\\\/www.akuryprodukte.de\\\/wp-content\\\/uploads\\\/2025\\\/07\\\/HDN-4-a.png\",\"width\":575,\"height\":575},{\"@type\":\"BreadcrumbList\",\"@id\":\"https:\\\/\\\/www.akuryprodukte.de\\\/en\\\/shop\\\/hdn-4-maha-meha\\\/#breadcrumb\",\"itemListElement\":[{\"@type\":\"ListItem\",\"position\":1,\"name\":\"Startseite\",\"item\":\"https:\\\/\\\/www.akuryprodukte.de\\\/en\\\/\"},{\"@type\":\"ListItem\",\"position\":2,\"name\":\"Shop\",\"item\":\"https:\\\/\\\/www.akuryprodukte.de\\\/en\\\/shop-en\\\/\"},{\"@type\":\"ListItem\",\"position\":3,\"name\":\"HDN 4 &#8211; Maha Meha\"}]},{\"@type\":\"WebSite\",\"@id\":\"https:\\\/\\\/www.akuryprodukte.de\\\/en\\\/#website\",\"url\":\"https:\\\/\\\/www.akuryprodukte.de\\\/en\\\/\",\"name\":\"akury\",\"description\":\"Produkte f\u00fcr Ihr Wohlbefinden\",\"publisher\":{\"@id\":\"https:\\\/\\\/www.akuryprodukte.de\\\/en\\\/#organization\"},\"potentialAction\":[{\"@type\":\"SearchAction\",\"target\":{\"@type\":\"EntryPoint\",\"urlTemplate\":\"https:\\\/\\\/www.akuryprodukte.de\\\/en\\\/?s={search_term_string}\"},\"query-input\":{\"@type\":\"PropertyValueSpecification\",\"valueRequired\":true,\"valueName\":\"search_term_string\"}}],\"inLanguage\":\"en-US\"},{\"@type\":\"Organization\",\"@id\":\"https:\\\/\\\/www.akuryprodukte.de\\\/en\\\/#organization\",\"name\":\"AkuRy GmbH\",\"url\":\"https:\\\/\\\/www.akuryprodukte.de\\\/en\\\/\",\"logo\":{\"@type\":\"ImageObject\",\"inLanguage\":\"en-US\",\"@id\":\"https:\\\/\\\/www.akuryprodukte.de\\\/en\\\/#\\\/schema\\\/logo\\\/image\\\/\",\"url\":\"https:\\\/\\\/www.akuryprodukte.de\\\/wp-content\\\/uploads\\\/2020\\\/09\\\/Logo_AKY-p-512.jpg\",\"contentUrl\":\"https:\\\/\\\/www.akuryprodukte.de\\\/wp-content\\\/uploads\\\/2020\\\/09\\\/Logo_AKY-p-512.jpg\",\"width\":512,\"height\":512,\"caption\":\"AkuRy GmbH\"},\"image\":{\"@id\":\"https:\\\/\\\/www.akuryprodukte.de\\\/en\\\/#\\\/schema\\\/logo\\\/image\\\/\"},\"sameAs\":[\"https:\\\/\\\/de-de.facebook.com\\\/bioenergetischesinformationsmanagement\\\/\",\"https:\\\/\\\/x.com\\\/heiko_wenner\",\"https:\\\/\\\/www.instagram.com\\\/akury_gmbh\\\/\",\"https:\\\/\\\/www.youtube.com\\\/channel\\\/UCyItRPbJUon1m0Gq6kV2Izw\"]}]}<\/script>\n<!-- \/ Yoast SEO plugin. -->","yoast_head_json":{"title":"HDN 4 - Maha Meha - akury","robots":{"index":"index","follow":"follow","max-snippet":"max-snippet:-1","max-image-preview":"max-image-preview:large","max-video-preview":"max-video-preview:-1"},"canonical":"https:\/\/www.akuryprodukte.de\/en\/shop\/hdn-4-maha-meha\/","og_locale":"en_US","og_type":"article","og_title":"HDN 4 - Maha Meha - akury","og_description":"HDN 4 Maha Meha Die Wirkung von Maha Meha Blutzuckermanagement: Die meisten Inhaltsstoffe (z. B. Gymnema sylvestre, Eugenia jambolana, Momordica charantia, Trigonella foenum-graecum) sind in der Ayurveda f\u00fcr ihre F\u00e4higkeit bekannt, den Blutzuckerspiegel zu regulieren, die Zuckeraufnahme zu reduzieren und die Insulinsensitivit\u00e4t zu verbessern. Dies macht die Formulierung besonders relevant f\u00fcr Personen mit Pr\u00e4diabetes oder [&hellip;]","og_url":"https:\/\/www.akuryprodukte.de\/en\/shop\/hdn-4-maha-meha\/","og_site_name":"akury","article_publisher":"https:\/\/de-de.facebook.com\/bioenergetischesinformationsmanagement\/","article_modified_time":"2025-07-22T07:48:21+00:00","og_image":[{"width":575,"height":575,"url":"https:\/\/www.akuryprodukte.de\/wp-content\/uploads\/2025\/07\/HDN-4-a.png","type":"image\/png"}],"twitter_card":"summary_large_image","twitter_site":"@heiko_wenner","twitter_misc":{"Est. reading time":"1 minute"},"schema":{"@context":"https:\/\/schema.org","@graph":[{"@type":"WebPage","@id":"https:\/\/www.akuryprodukte.de\/en\/shop\/hdn-4-maha-meha\/","url":"https:\/\/www.akuryprodukte.de\/en\/shop\/hdn-4-maha-meha\/","name":"HDN 4 - Maha Meha - akury","isPartOf":{"@id":"https:\/\/www.akuryprodukte.de\/en\/#website"},"primaryImageOfPage":{"@id":"https:\/\/www.akuryprodukte.de\/en\/shop\/hdn-4-maha-meha\/#primaryimage"},"image":{"@id":"https:\/\/www.akuryprodukte.de\/en\/shop\/hdn-4-maha-meha\/#primaryimage"},"thumbnailUrl":"https:\/\/www.akuryprodukte.de\/wp-content\/uploads\/2025\/07\/HDN-4-a.png","datePublished":"2025-07-22T07:45:16+00:00","dateModified":"2025-07-22T07:48:21+00:00","breadcrumb":{"@id":"https:\/\/www.akuryprodukte.de\/en\/shop\/hdn-4-maha-meha\/#breadcrumb"},"inLanguage":"en-US","potentialAction":[{"@type":"ReadAction","target":["https:\/\/www.akuryprodukte.de\/en\/shop\/hdn-4-maha-meha\/"]}]},{"@type":"ImageObject","inLanguage":"en-US","@id":"https:\/\/www.akuryprodukte.de\/en\/shop\/hdn-4-maha-meha\/#primaryimage","url":"https:\/\/www.akuryprodukte.de\/wp-content\/uploads\/2025\/07\/HDN-4-a.png","contentUrl":"https:\/\/www.akuryprodukte.de\/wp-content\/uploads\/2025\/07\/HDN-4-a.png","width":575,"height":575},{"@type":"BreadcrumbList","@id":"https:\/\/www.akuryprodukte.de\/en\/shop\/hdn-4-maha-meha\/#breadcrumb","itemListElement":[{"@type":"ListItem","position":1,"name":"Startseite","item":"https:\/\/www.akuryprodukte.de\/en\/"},{"@type":"ListItem","position":2,"name":"Shop","item":"https:\/\/www.akuryprodukte.de\/en\/shop-en\/"},{"@type":"ListItem","position":3,"name":"HDN 4 &#8211; Maha Meha"}]},{"@type":"WebSite","@id":"https:\/\/www.akuryprodukte.de\/en\/#website","url":"https:\/\/www.akuryprodukte.de\/en\/","name":"akury","description":"Produkte f\u00fcr Ihr Wohlbefinden","publisher":{"@id":"https:\/\/www.akuryprodukte.de\/en\/#organization"},"potentialAction":[{"@type":"SearchAction","target":{"@type":"EntryPoint","urlTemplate":"https:\/\/www.akuryprodukte.de\/en\/?s={search_term_string}"},"query-input":{"@type":"PropertyValueSpecification","valueRequired":true,"valueName":"search_term_string"}}],"inLanguage":"en-US"},{"@type":"Organization","@id":"https:\/\/www.akuryprodukte.de\/en\/#organization","name":"AkuRy GmbH","url":"https:\/\/www.akuryprodukte.de\/en\/","logo":{"@type":"ImageObject","inLanguage":"en-US","@id":"https:\/\/www.akuryprodukte.de\/en\/#\/schema\/logo\/image\/","url":"https:\/\/www.akuryprodukte.de\/wp-content\/uploads\/2020\/09\/Logo_AKY-p-512.jpg","contentUrl":"https:\/\/www.akuryprodukte.de\/wp-content\/uploads\/2020\/09\/Logo_AKY-p-512.jpg","width":512,"height":512,"caption":"AkuRy GmbH"},"image":{"@id":"https:\/\/www.akuryprodukte.de\/en\/#\/schema\/logo\/image\/"},"sameAs":["https:\/\/de-de.facebook.com\/bioenergetischesinformationsmanagement\/","https:\/\/x.com\/heiko_wenner","https:\/\/www.instagram.com\/akury_gmbh\/","https:\/\/www.youtube.com\/channel\/UCyItRPbJUon1m0Gq6kV2Izw"]}]}},"_links":{"self":[{"href":"https:\/\/www.akuryprodukte.de\/en\/wp-json\/wp\/v2\/product\/21994","targetHints":{"allow":["GET"]}}],"collection":[{"href":"https:\/\/www.akuryprodukte.de\/en\/wp-json\/wp\/v2\/product"}],"about":[{"href":"https:\/\/www.akuryprodukte.de\/en\/wp-json\/wp\/v2\/types\/product"}],"replies":[{"embeddable":true,"href":"https:\/\/www.akuryprodukte.de\/en\/wp-json\/wp\/v2\/comments?post=21994"}],"wp:featuredmedia":[{"embeddable":true,"href":"https:\/\/www.akuryprodukte.de\/en\/wp-json\/wp\/v2\/media\/21995"}],"wp:attachment":[{"href":"https:\/\/www.akuryprodukte.de\/en\/wp-json\/wp\/v2\/media?parent=21994"}],"wp:term":[{"taxonomy":"product_brand","embeddable":true,"href":"https:\/\/www.akuryprodukte.de\/en\/wp-json\/wp\/v2\/product_brand?post=21994"},{"taxonomy":"product_cat","embeddable":true,"href":"https:\/\/www.akuryprodukte.de\/en\/wp-json\/wp\/v2\/product_cat?post=21994"},{"taxonomy":"product_tag","embeddable":true,"href":"https:\/\/www.akuryprodukte.de\/en\/wp-json\/wp\/v2\/product_tag?post=21994"}],"curies":[{"name":"wp","href":"https:\/\/api.w.org\/{rel}","templated":true}]}}