{"id":21997,"date":"2025-07-22T09:48:57","date_gmt":"2025-07-22T07:48:57","guid":{"rendered":"https:\/\/www.akuryprodukte.de\/?post_type=product&#038;p=21997"},"modified":"2025-07-22T09:51:20","modified_gmt":"2025-07-22T07:51:20","slug":"hdn-5-medohara-guggulu","status":"publish","type":"product","link":"https:\/\/www.akuryprodukte.de\/en\/shop\/hdn-5-medohara-guggulu\/","title":{"rendered":"HDN 5 &#8211; Medohara Guggulu"},"content":{"rendered":"<p><strong>HDN 5 Medohara Guggulu<\/strong><\/p>\n<p>Medohara Guggulu wird in der ayurvedischen Medizin haupts\u00e4chlich zur Unterst\u00fctzung des Fettstoffwechsels und zur Gewichtsreduktion eingesetzt. Es ist besonders f\u00fcr Menschen geeignet, die an \u00dcbergewicht oder Fettstoffwechselst\u00f6rungen leiden. Laut ayurvedischer Lehre reduziert es das Kapha-Dosha, das f\u00fcr Fettansammlung und Tr\u00e4gheit im K\u00f6rper verantwortlich ist, und regt das Verdauungsfeuer (Agni) an. Zu den Hauptanwendungsgebieten geh\u00f6ren:<\/p>\n<ul>\n<li>Behandlung von \u00dcbergewicht: F\u00f6rdert die Verbrennung von \u00fcbersch\u00fcssigem K\u00f6rperfett durch Anregung des Stoffwechsels.<\/li>\n<li>Unterst\u00fctzung bei Fettstoffwechselst\u00f6rungen: Kann helfen, Cholesterin- und Triglyceridwerte zu regulieren.<\/li>\n<li>Muskuloskelettale Beschwerden: Wirksam bei rheumatischen Erkrankungen, Arthritis und Gelenkschmerzen durch seine entz\u00fcndungshemmenden Eigenschaften.<\/li>\n<li>F\u00f6rderung der Verdauung: Verbessert die Verdauungsfunktion und unterst\u00fctzt die Entgiftung des K\u00f6rpers.<\/li>\n<li>Detox: Unterst\u00fctzt die Beseitigung von Ama (Giftstoffen) aus dem K\u00f6rper, was das allgemeine Wohlbefinden f\u00f6rdert.<\/li>\n<\/ul>\n<p>Der Chip enth\u00e4lt Frequenzen und Informationen des Medohara Guggulu, welche zur Vorsorge und Linderung der oben genannten Symptome\/Anwendungsbereiche beitragen soll.<\/p>\n","protected":false},"excerpt":{"rendered":"<p>HDN 5 Medohara Guggulu Medohara Guggulu wird in der ayurvedischen Medizin haupts\u00e4chlich zur Unterst\u00fctzung des Fettstoffwechsels und zur Gewichtsreduktion eingesetzt. Es ist besonders f\u00fcr Menschen geeignet, die an \u00dcbergewicht oder Fettstoffwechselst\u00f6rungen leiden. Laut ayurvedischer Lehre reduziert es das Kapha-Dosha, das f\u00fcr Fettansammlung und Tr\u00e4gheit im K\u00f6rper verantwortlich ist, und regt das Verdauungsfeuer (Agni) an. Zu [&hellip;]<\/p>\n","protected":false},"featured_media":21998,"comment_status":"closed","ping_status":"closed","template":"","meta":[],"product_brand":[],"product_cat":[3038,3009,3010,3008,2007],"product_tag":[],"class_list":{"0":"post-21997","1":"product","2":"type-product","3":"status-publish","4":"has-post-thumbnail","6":"product_cat-heilung-aus-der-natur","7":"product_cat-info-chips-gewichtsprobleme","8":"product_cat-info-chips-organe-blutgefaesse-gewebe","9":"product_cat-info-chips-stuetz-und-bewegungsapparat-haut-schleimhaut","10":"product_cat-info-chips-stoffwechsel","12":"first","13":"instock","14":"taxable","15":"shipping-taxable","16":"purchasable","17":"product-type-simple"},"yoast_head":"<!-- This site is optimized with the Yoast SEO plugin v27.4 - https:\/\/yoast.com\/product\/yoast-seo-wordpress\/ -->\n<title>HDN 5 - Medohara Guggulu - akury<\/title>\n<meta name=\"robots\" content=\"index, follow, max-snippet:-1, max-image-preview:large, max-video-preview:-1\" \/>\n<link rel=\"canonical\" href=\"https:\/\/www.akuryprodukte.de\/en\/shop\/hdn-5-medohara-guggulu\/\" \/>\n<meta property=\"og:locale\" content=\"en_US\" \/>\n<meta property=\"og:type\" content=\"article\" \/>\n<meta property=\"og:title\" content=\"HDN 5 - Medohara Guggulu - akury\" \/>\n<meta property=\"og:description\" content=\"HDN 5 Medohara Guggulu Medohara Guggulu wird in der ayurvedischen Medizin haupts\u00e4chlich zur Unterst\u00fctzung des Fettstoffwechsels und zur Gewichtsreduktion eingesetzt. Es ist besonders f\u00fcr Menschen geeignet, die an \u00dcbergewicht oder Fettstoffwechselst\u00f6rungen leiden. Laut ayurvedischer Lehre reduziert es das Kapha-Dosha, das f\u00fcr Fettansammlung und Tr\u00e4gheit im K\u00f6rper verantwortlich ist, und regt das Verdauungsfeuer (Agni) an. Zu [&hellip;]\" \/>\n<meta property=\"og:url\" content=\"https:\/\/www.akuryprodukte.de\/en\/shop\/hdn-5-medohara-guggulu\/\" \/>\n<meta property=\"og:site_name\" content=\"akury\" \/>\n<meta property=\"article:publisher\" content=\"https:\/\/de-de.facebook.com\/bioenergetischesinformationsmanagement\/\" \/>\n<meta property=\"article:modified_time\" content=\"2025-07-22T07:51:20+00:00\" \/>\n<meta property=\"og:image\" content=\"https:\/\/www.akuryprodukte.de\/wp-content\/uploads\/2025\/07\/HDN-5-a.png\" \/>\n\t<meta property=\"og:image:width\" content=\"575\" \/>\n\t<meta property=\"og:image:height\" content=\"575\" \/>\n\t<meta property=\"og:image:type\" content=\"image\/png\" \/>\n<meta name=\"twitter:card\" content=\"summary_large_image\" \/>\n<meta name=\"twitter:site\" content=\"@heiko_wenner\" \/>\n<meta name=\"twitter:label1\" content=\"Est. reading time\" \/>\n\t<meta name=\"twitter:data1\" content=\"1 minute\" \/>\n<script type=\"application\/ld+json\" class=\"yoast-schema-graph\">{\"@context\":\"https:\\\/\\\/schema.org\",\"@graph\":[{\"@type\":\"WebPage\",\"@id\":\"https:\\\/\\\/www.akuryprodukte.de\\\/en\\\/shop\\\/hdn-5-medohara-guggulu\\\/\",\"url\":\"https:\\\/\\\/www.akuryprodukte.de\\\/en\\\/shop\\\/hdn-5-medohara-guggulu\\\/\",\"name\":\"HDN 5 - Medohara Guggulu - akury\",\"isPartOf\":{\"@id\":\"https:\\\/\\\/www.akuryprodukte.de\\\/en\\\/#website\"},\"primaryImageOfPage\":{\"@id\":\"https:\\\/\\\/www.akuryprodukte.de\\\/en\\\/shop\\\/hdn-5-medohara-guggulu\\\/#primaryimage\"},\"image\":{\"@id\":\"https:\\\/\\\/www.akuryprodukte.de\\\/en\\\/shop\\\/hdn-5-medohara-guggulu\\\/#primaryimage\"},\"thumbnailUrl\":\"https:\\\/\\\/www.akuryprodukte.de\\\/wp-content\\\/uploads\\\/2025\\\/07\\\/HDN-5-a.png\",\"datePublished\":\"2025-07-22T07:48:57+00:00\",\"dateModified\":\"2025-07-22T07:51:20+00:00\",\"breadcrumb\":{\"@id\":\"https:\\\/\\\/www.akuryprodukte.de\\\/en\\\/shop\\\/hdn-5-medohara-guggulu\\\/#breadcrumb\"},\"inLanguage\":\"en-US\",\"potentialAction\":[{\"@type\":\"ReadAction\",\"target\":[\"https:\\\/\\\/www.akuryprodukte.de\\\/en\\\/shop\\\/hdn-5-medohara-guggulu\\\/\"]}]},{\"@type\":\"ImageObject\",\"inLanguage\":\"en-US\",\"@id\":\"https:\\\/\\\/www.akuryprodukte.de\\\/en\\\/shop\\\/hdn-5-medohara-guggulu\\\/#primaryimage\",\"url\":\"https:\\\/\\\/www.akuryprodukte.de\\\/wp-content\\\/uploads\\\/2025\\\/07\\\/HDN-5-a.png\",\"contentUrl\":\"https:\\\/\\\/www.akuryprodukte.de\\\/wp-content\\\/uploads\\\/2025\\\/07\\\/HDN-5-a.png\",\"width\":575,\"height\":575},{\"@type\":\"BreadcrumbList\",\"@id\":\"https:\\\/\\\/www.akuryprodukte.de\\\/en\\\/shop\\\/hdn-5-medohara-guggulu\\\/#breadcrumb\",\"itemListElement\":[{\"@type\":\"ListItem\",\"position\":1,\"name\":\"Startseite\",\"item\":\"https:\\\/\\\/www.akuryprodukte.de\\\/en\\\/\"},{\"@type\":\"ListItem\",\"position\":2,\"name\":\"Shop\",\"item\":\"https:\\\/\\\/www.akuryprodukte.de\\\/en\\\/shop-en\\\/\"},{\"@type\":\"ListItem\",\"position\":3,\"name\":\"HDN 5 &#8211; Medohara Guggulu\"}]},{\"@type\":\"WebSite\",\"@id\":\"https:\\\/\\\/www.akuryprodukte.de\\\/en\\\/#website\",\"url\":\"https:\\\/\\\/www.akuryprodukte.de\\\/en\\\/\",\"name\":\"akury\",\"description\":\"Produkte f\u00fcr Ihr Wohlbefinden\",\"publisher\":{\"@id\":\"https:\\\/\\\/www.akuryprodukte.de\\\/en\\\/#organization\"},\"potentialAction\":[{\"@type\":\"SearchAction\",\"target\":{\"@type\":\"EntryPoint\",\"urlTemplate\":\"https:\\\/\\\/www.akuryprodukte.de\\\/en\\\/?s={search_term_string}\"},\"query-input\":{\"@type\":\"PropertyValueSpecification\",\"valueRequired\":true,\"valueName\":\"search_term_string\"}}],\"inLanguage\":\"en-US\"},{\"@type\":\"Organization\",\"@id\":\"https:\\\/\\\/www.akuryprodukte.de\\\/en\\\/#organization\",\"name\":\"AkuRy GmbH\",\"url\":\"https:\\\/\\\/www.akuryprodukte.de\\\/en\\\/\",\"logo\":{\"@type\":\"ImageObject\",\"inLanguage\":\"en-US\",\"@id\":\"https:\\\/\\\/www.akuryprodukte.de\\\/en\\\/#\\\/schema\\\/logo\\\/image\\\/\",\"url\":\"https:\\\/\\\/www.akuryprodukte.de\\\/wp-content\\\/uploads\\\/2020\\\/09\\\/Logo_AKY-p-512.jpg\",\"contentUrl\":\"https:\\\/\\\/www.akuryprodukte.de\\\/wp-content\\\/uploads\\\/2020\\\/09\\\/Logo_AKY-p-512.jpg\",\"width\":512,\"height\":512,\"caption\":\"AkuRy GmbH\"},\"image\":{\"@id\":\"https:\\\/\\\/www.akuryprodukte.de\\\/en\\\/#\\\/schema\\\/logo\\\/image\\\/\"},\"sameAs\":[\"https:\\\/\\\/de-de.facebook.com\\\/bioenergetischesinformationsmanagement\\\/\",\"https:\\\/\\\/x.com\\\/heiko_wenner\",\"https:\\\/\\\/www.instagram.com\\\/akury_gmbh\\\/\",\"https:\\\/\\\/www.youtube.com\\\/channel\\\/UCyItRPbJUon1m0Gq6kV2Izw\"]}]}<\/script>\n<!-- \/ Yoast SEO plugin. -->","yoast_head_json":{"title":"HDN 5 - Medohara Guggulu - akury","robots":{"index":"index","follow":"follow","max-snippet":"max-snippet:-1","max-image-preview":"max-image-preview:large","max-video-preview":"max-video-preview:-1"},"canonical":"https:\/\/www.akuryprodukte.de\/en\/shop\/hdn-5-medohara-guggulu\/","og_locale":"en_US","og_type":"article","og_title":"HDN 5 - Medohara Guggulu - akury","og_description":"HDN 5 Medohara Guggulu Medohara Guggulu wird in der ayurvedischen Medizin haupts\u00e4chlich zur Unterst\u00fctzung des Fettstoffwechsels und zur Gewichtsreduktion eingesetzt. Es ist besonders f\u00fcr Menschen geeignet, die an \u00dcbergewicht oder Fettstoffwechselst\u00f6rungen leiden. Laut ayurvedischer Lehre reduziert es das Kapha-Dosha, das f\u00fcr Fettansammlung und Tr\u00e4gheit im K\u00f6rper verantwortlich ist, und regt das Verdauungsfeuer (Agni) an. Zu [&hellip;]","og_url":"https:\/\/www.akuryprodukte.de\/en\/shop\/hdn-5-medohara-guggulu\/","og_site_name":"akury","article_publisher":"https:\/\/de-de.facebook.com\/bioenergetischesinformationsmanagement\/","article_modified_time":"2025-07-22T07:51:20+00:00","og_image":[{"width":575,"height":575,"url":"https:\/\/www.akuryprodukte.de\/wp-content\/uploads\/2025\/07\/HDN-5-a.png","type":"image\/png"}],"twitter_card":"summary_large_image","twitter_site":"@heiko_wenner","twitter_misc":{"Est. reading time":"1 minute"},"schema":{"@context":"https:\/\/schema.org","@graph":[{"@type":"WebPage","@id":"https:\/\/www.akuryprodukte.de\/en\/shop\/hdn-5-medohara-guggulu\/","url":"https:\/\/www.akuryprodukte.de\/en\/shop\/hdn-5-medohara-guggulu\/","name":"HDN 5 - Medohara Guggulu - akury","isPartOf":{"@id":"https:\/\/www.akuryprodukte.de\/en\/#website"},"primaryImageOfPage":{"@id":"https:\/\/www.akuryprodukte.de\/en\/shop\/hdn-5-medohara-guggulu\/#primaryimage"},"image":{"@id":"https:\/\/www.akuryprodukte.de\/en\/shop\/hdn-5-medohara-guggulu\/#primaryimage"},"thumbnailUrl":"https:\/\/www.akuryprodukte.de\/wp-content\/uploads\/2025\/07\/HDN-5-a.png","datePublished":"2025-07-22T07:48:57+00:00","dateModified":"2025-07-22T07:51:20+00:00","breadcrumb":{"@id":"https:\/\/www.akuryprodukte.de\/en\/shop\/hdn-5-medohara-guggulu\/#breadcrumb"},"inLanguage":"en-US","potentialAction":[{"@type":"ReadAction","target":["https:\/\/www.akuryprodukte.de\/en\/shop\/hdn-5-medohara-guggulu\/"]}]},{"@type":"ImageObject","inLanguage":"en-US","@id":"https:\/\/www.akuryprodukte.de\/en\/shop\/hdn-5-medohara-guggulu\/#primaryimage","url":"https:\/\/www.akuryprodukte.de\/wp-content\/uploads\/2025\/07\/HDN-5-a.png","contentUrl":"https:\/\/www.akuryprodukte.de\/wp-content\/uploads\/2025\/07\/HDN-5-a.png","width":575,"height":575},{"@type":"BreadcrumbList","@id":"https:\/\/www.akuryprodukte.de\/en\/shop\/hdn-5-medohara-guggulu\/#breadcrumb","itemListElement":[{"@type":"ListItem","position":1,"name":"Startseite","item":"https:\/\/www.akuryprodukte.de\/en\/"},{"@type":"ListItem","position":2,"name":"Shop","item":"https:\/\/www.akuryprodukte.de\/en\/shop-en\/"},{"@type":"ListItem","position":3,"name":"HDN 5 &#8211; Medohara Guggulu"}]},{"@type":"WebSite","@id":"https:\/\/www.akuryprodukte.de\/en\/#website","url":"https:\/\/www.akuryprodukte.de\/en\/","name":"akury","description":"Produkte f\u00fcr Ihr Wohlbefinden","publisher":{"@id":"https:\/\/www.akuryprodukte.de\/en\/#organization"},"potentialAction":[{"@type":"SearchAction","target":{"@type":"EntryPoint","urlTemplate":"https:\/\/www.akuryprodukte.de\/en\/?s={search_term_string}"},"query-input":{"@type":"PropertyValueSpecification","valueRequired":true,"valueName":"search_term_string"}}],"inLanguage":"en-US"},{"@type":"Organization","@id":"https:\/\/www.akuryprodukte.de\/en\/#organization","name":"AkuRy GmbH","url":"https:\/\/www.akuryprodukte.de\/en\/","logo":{"@type":"ImageObject","inLanguage":"en-US","@id":"https:\/\/www.akuryprodukte.de\/en\/#\/schema\/logo\/image\/","url":"https:\/\/www.akuryprodukte.de\/wp-content\/uploads\/2020\/09\/Logo_AKY-p-512.jpg","contentUrl":"https:\/\/www.akuryprodukte.de\/wp-content\/uploads\/2020\/09\/Logo_AKY-p-512.jpg","width":512,"height":512,"caption":"AkuRy GmbH"},"image":{"@id":"https:\/\/www.akuryprodukte.de\/en\/#\/schema\/logo\/image\/"},"sameAs":["https:\/\/de-de.facebook.com\/bioenergetischesinformationsmanagement\/","https:\/\/x.com\/heiko_wenner","https:\/\/www.instagram.com\/akury_gmbh\/","https:\/\/www.youtube.com\/channel\/UCyItRPbJUon1m0Gq6kV2Izw"]}]}},"_links":{"self":[{"href":"https:\/\/www.akuryprodukte.de\/en\/wp-json\/wp\/v2\/product\/21997","targetHints":{"allow":["GET"]}}],"collection":[{"href":"https:\/\/www.akuryprodukte.de\/en\/wp-json\/wp\/v2\/product"}],"about":[{"href":"https:\/\/www.akuryprodukte.de\/en\/wp-json\/wp\/v2\/types\/product"}],"replies":[{"embeddable":true,"href":"https:\/\/www.akuryprodukte.de\/en\/wp-json\/wp\/v2\/comments?post=21997"}],"wp:featuredmedia":[{"embeddable":true,"href":"https:\/\/www.akuryprodukte.de\/en\/wp-json\/wp\/v2\/media\/21998"}],"wp:attachment":[{"href":"https:\/\/www.akuryprodukte.de\/en\/wp-json\/wp\/v2\/media?parent=21997"}],"wp:term":[{"taxonomy":"product_brand","embeddable":true,"href":"https:\/\/www.akuryprodukte.de\/en\/wp-json\/wp\/v2\/product_brand?post=21997"},{"taxonomy":"product_cat","embeddable":true,"href":"https:\/\/www.akuryprodukte.de\/en\/wp-json\/wp\/v2\/product_cat?post=21997"},{"taxonomy":"product_tag","embeddable":true,"href":"https:\/\/www.akuryprodukte.de\/en\/wp-json\/wp\/v2\/product_tag?post=21997"}],"curies":[{"name":"wp","href":"https:\/\/api.w.org\/{rel}","templated":true}]}}