{"id":22003,"date":"2025-07-22T09:55:38","date_gmt":"2025-07-22T07:55:38","guid":{"rendered":"https:\/\/www.akuryprodukte.de\/?post_type=product&#038;p=22003"},"modified":"2025-07-22T09:58:39","modified_gmt":"2025-07-22T07:58:39","slug":"hdn-7-ayus-forte-man","status":"publish","type":"product","link":"https:\/\/www.akuryprodukte.de\/en\/shop\/hdn-7-ayus-forte-man\/","title":{"rendered":"HDN 7 &#8211; Ayus Forte Man"},"content":{"rendered":"<p><strong>HDN 7 Ayus Forte Man<\/strong><\/p>\n<p>Ayus Forte Man wird im Ayurveda zur Unterst\u00fctzung der m\u00e4nnlichen Gesundheit und Vitalit\u00e4t eingesetzt. Es richtet sich insbesondere an M\u00e4nner, die ihr allgemeines Wohlbefinden, ihre Energie und ihre sexuelle Gesundheit f\u00f6rdern m\u00f6chten. Die Hauptanwendungsgebiete sind:<\/p>\n<ul>\n<li>F\u00f6rderung der sexuellen Gesundheit: Die Inhaltsstoffe, insbesondere Mucuna pruriens und Tribulus terrestris, k\u00f6nnen die Libido, Potenz und sexuelle Ausdauer unterst\u00fctzen.<\/li>\n<li>Steigerung von Energie und Ausdauer: Ashwagandha und andere Kr\u00e4uter wirken st\u00e4rkend und helfen, Stress und Ersch\u00f6pfung zu reduzieren, was die k\u00f6rperliche und mentale Leistungsf\u00e4higkeit f\u00f6rdert.<\/li>\n<li>Hormonelles Gleichgewicht: Unterst\u00fctzt die nat\u00fcrliche Testosteronproduktion und das hormonelle Gleichgewicht, was besonders bei altersbedingter Abnahme der Vitalit\u00e4t hilfreich sein kann.<\/li>\n<li>Verbesserung der Durchblutung: Ingwer und andere Inhaltsstoffe f\u00f6rdern die Durchblutung, was die allgemeine Vitalit\u00e4t und sexuelle Funktion unterst\u00fctzt.<\/li>\n<li>Allgemeine St\u00e4rkung: Das Pr\u00e4parat wirkt als Rasayana (Verj\u00fcngungsmittel), um das Ojas (Lebenskraft) zu st\u00e4rken und die allgemeine Widerstandskraft des K\u00f6rpers zu f\u00f6rdern.<\/li>\n<\/ul>\n<p>Der Chip enth\u00e4lt Frequenzen und Informationen des Ayus forte Man, welche zur Vorsorge und Linderung der oben genannten Symptome\/Anwendungsbereiche beitragen soll.<\/p>\n","protected":false},"excerpt":{"rendered":"<p>HDN 7 Ayus Forte Man Ayus Forte Man wird im Ayurveda zur Unterst\u00fctzung der m\u00e4nnlichen Gesundheit und Vitalit\u00e4t eingesetzt. Es richtet sich insbesondere an M\u00e4nner, die ihr allgemeines Wohlbefinden, ihre Energie und ihre sexuelle Gesundheit f\u00f6rdern m\u00f6chten. Die Hauptanwendungsgebiete sind: F\u00f6rderung der sexuellen Gesundheit: Die Inhaltsstoffe, insbesondere Mucuna pruriens und Tribulus terrestris, k\u00f6nnen die Libido, [&hellip;]<\/p>\n","protected":false},"featured_media":22004,"comment_status":"closed","ping_status":"closed","template":"","meta":[],"product_brand":[],"product_cat":[3038,3012,3002,3000],"product_tag":[],"class_list":{"0":"post-22003","1":"product","2":"type-product","3":"status-publish","4":"has-post-thumbnail","6":"product_cat-heilung-aus-der-natur","7":"product_cat-info-chips-frauen-und-maennerprobleme","8":"product_cat-info-chips-immunsystem","9":"product_cat-info-chips-leistungsoptimierung","11":"first","12":"instock","13":"taxable","14":"shipping-taxable","15":"purchasable","16":"product-type-simple"},"yoast_head":"<!-- This site is optimized with the Yoast SEO plugin v27.4 - https:\/\/yoast.com\/product\/yoast-seo-wordpress\/ -->\n<title>HDN 7 - Ayus Forte Man - akury<\/title>\n<meta name=\"robots\" content=\"index, follow, max-snippet:-1, max-image-preview:large, max-video-preview:-1\" \/>\n<link rel=\"canonical\" href=\"https:\/\/www.akuryprodukte.de\/en\/shop\/hdn-7-ayus-forte-man\/\" \/>\n<meta property=\"og:locale\" content=\"en_US\" \/>\n<meta property=\"og:type\" content=\"article\" \/>\n<meta property=\"og:title\" content=\"HDN 7 - Ayus Forte Man - akury\" \/>\n<meta property=\"og:description\" content=\"HDN 7 Ayus Forte Man Ayus Forte Man wird im Ayurveda zur Unterst\u00fctzung der m\u00e4nnlichen Gesundheit und Vitalit\u00e4t eingesetzt. Es richtet sich insbesondere an M\u00e4nner, die ihr allgemeines Wohlbefinden, ihre Energie und ihre sexuelle Gesundheit f\u00f6rdern m\u00f6chten. Die Hauptanwendungsgebiete sind: F\u00f6rderung der sexuellen Gesundheit: Die Inhaltsstoffe, insbesondere Mucuna pruriens und Tribulus terrestris, k\u00f6nnen die Libido, [&hellip;]\" \/>\n<meta property=\"og:url\" content=\"https:\/\/www.akuryprodukte.de\/en\/shop\/hdn-7-ayus-forte-man\/\" \/>\n<meta property=\"og:site_name\" content=\"akury\" \/>\n<meta property=\"article:publisher\" content=\"https:\/\/de-de.facebook.com\/bioenergetischesinformationsmanagement\/\" \/>\n<meta property=\"article:modified_time\" content=\"2025-07-22T07:58:39+00:00\" \/>\n<meta property=\"og:image\" content=\"https:\/\/www.akuryprodukte.de\/wp-content\/uploads\/2025\/07\/HDN-7-a.png\" \/>\n\t<meta property=\"og:image:width\" content=\"575\" \/>\n\t<meta property=\"og:image:height\" content=\"575\" \/>\n\t<meta property=\"og:image:type\" content=\"image\/png\" \/>\n<meta name=\"twitter:card\" content=\"summary_large_image\" \/>\n<meta name=\"twitter:site\" content=\"@heiko_wenner\" \/>\n<meta name=\"twitter:label1\" content=\"Est. reading time\" \/>\n\t<meta name=\"twitter:data1\" content=\"2 minutes\" \/>\n<script type=\"application\/ld+json\" class=\"yoast-schema-graph\">{\"@context\":\"https:\\\/\\\/schema.org\",\"@graph\":[{\"@type\":\"WebPage\",\"@id\":\"https:\\\/\\\/www.akuryprodukte.de\\\/en\\\/shop\\\/hdn-7-ayus-forte-man\\\/\",\"url\":\"https:\\\/\\\/www.akuryprodukte.de\\\/en\\\/shop\\\/hdn-7-ayus-forte-man\\\/\",\"name\":\"HDN 7 - Ayus Forte Man - akury\",\"isPartOf\":{\"@id\":\"https:\\\/\\\/www.akuryprodukte.de\\\/en\\\/#website\"},\"primaryImageOfPage\":{\"@id\":\"https:\\\/\\\/www.akuryprodukte.de\\\/en\\\/shop\\\/hdn-7-ayus-forte-man\\\/#primaryimage\"},\"image\":{\"@id\":\"https:\\\/\\\/www.akuryprodukte.de\\\/en\\\/shop\\\/hdn-7-ayus-forte-man\\\/#primaryimage\"},\"thumbnailUrl\":\"https:\\\/\\\/www.akuryprodukte.de\\\/wp-content\\\/uploads\\\/2025\\\/07\\\/HDN-7-a.png\",\"datePublished\":\"2025-07-22T07:55:38+00:00\",\"dateModified\":\"2025-07-22T07:58:39+00:00\",\"breadcrumb\":{\"@id\":\"https:\\\/\\\/www.akuryprodukte.de\\\/en\\\/shop\\\/hdn-7-ayus-forte-man\\\/#breadcrumb\"},\"inLanguage\":\"en-US\",\"potentialAction\":[{\"@type\":\"ReadAction\",\"target\":[\"https:\\\/\\\/www.akuryprodukte.de\\\/en\\\/shop\\\/hdn-7-ayus-forte-man\\\/\"]}]},{\"@type\":\"ImageObject\",\"inLanguage\":\"en-US\",\"@id\":\"https:\\\/\\\/www.akuryprodukte.de\\\/en\\\/shop\\\/hdn-7-ayus-forte-man\\\/#primaryimage\",\"url\":\"https:\\\/\\\/www.akuryprodukte.de\\\/wp-content\\\/uploads\\\/2025\\\/07\\\/HDN-7-a.png\",\"contentUrl\":\"https:\\\/\\\/www.akuryprodukte.de\\\/wp-content\\\/uploads\\\/2025\\\/07\\\/HDN-7-a.png\",\"width\":575,\"height\":575},{\"@type\":\"BreadcrumbList\",\"@id\":\"https:\\\/\\\/www.akuryprodukte.de\\\/en\\\/shop\\\/hdn-7-ayus-forte-man\\\/#breadcrumb\",\"itemListElement\":[{\"@type\":\"ListItem\",\"position\":1,\"name\":\"Startseite\",\"item\":\"https:\\\/\\\/www.akuryprodukte.de\\\/en\\\/\"},{\"@type\":\"ListItem\",\"position\":2,\"name\":\"Shop\",\"item\":\"https:\\\/\\\/www.akuryprodukte.de\\\/en\\\/shop-en\\\/\"},{\"@type\":\"ListItem\",\"position\":3,\"name\":\"HDN 7 &#8211; Ayus Forte Man\"}]},{\"@type\":\"WebSite\",\"@id\":\"https:\\\/\\\/www.akuryprodukte.de\\\/en\\\/#website\",\"url\":\"https:\\\/\\\/www.akuryprodukte.de\\\/en\\\/\",\"name\":\"akury\",\"description\":\"Produkte f\u00fcr Ihr Wohlbefinden\",\"publisher\":{\"@id\":\"https:\\\/\\\/www.akuryprodukte.de\\\/en\\\/#organization\"},\"potentialAction\":[{\"@type\":\"SearchAction\",\"target\":{\"@type\":\"EntryPoint\",\"urlTemplate\":\"https:\\\/\\\/www.akuryprodukte.de\\\/en\\\/?s={search_term_string}\"},\"query-input\":{\"@type\":\"PropertyValueSpecification\",\"valueRequired\":true,\"valueName\":\"search_term_string\"}}],\"inLanguage\":\"en-US\"},{\"@type\":\"Organization\",\"@id\":\"https:\\\/\\\/www.akuryprodukte.de\\\/en\\\/#organization\",\"name\":\"AkuRy GmbH\",\"url\":\"https:\\\/\\\/www.akuryprodukte.de\\\/en\\\/\",\"logo\":{\"@type\":\"ImageObject\",\"inLanguage\":\"en-US\",\"@id\":\"https:\\\/\\\/www.akuryprodukte.de\\\/en\\\/#\\\/schema\\\/logo\\\/image\\\/\",\"url\":\"https:\\\/\\\/www.akuryprodukte.de\\\/wp-content\\\/uploads\\\/2020\\\/09\\\/Logo_AKY-p-512.jpg\",\"contentUrl\":\"https:\\\/\\\/www.akuryprodukte.de\\\/wp-content\\\/uploads\\\/2020\\\/09\\\/Logo_AKY-p-512.jpg\",\"width\":512,\"height\":512,\"caption\":\"AkuRy GmbH\"},\"image\":{\"@id\":\"https:\\\/\\\/www.akuryprodukte.de\\\/en\\\/#\\\/schema\\\/logo\\\/image\\\/\"},\"sameAs\":[\"https:\\\/\\\/de-de.facebook.com\\\/bioenergetischesinformationsmanagement\\\/\",\"https:\\\/\\\/x.com\\\/heiko_wenner\",\"https:\\\/\\\/www.instagram.com\\\/akury_gmbh\\\/\",\"https:\\\/\\\/www.youtube.com\\\/channel\\\/UCyItRPbJUon1m0Gq6kV2Izw\"]}]}<\/script>\n<!-- \/ Yoast SEO plugin. -->","yoast_head_json":{"title":"HDN 7 - Ayus Forte Man - akury","robots":{"index":"index","follow":"follow","max-snippet":"max-snippet:-1","max-image-preview":"max-image-preview:large","max-video-preview":"max-video-preview:-1"},"canonical":"https:\/\/www.akuryprodukte.de\/en\/shop\/hdn-7-ayus-forte-man\/","og_locale":"en_US","og_type":"article","og_title":"HDN 7 - Ayus Forte Man - akury","og_description":"HDN 7 Ayus Forte Man Ayus Forte Man wird im Ayurveda zur Unterst\u00fctzung der m\u00e4nnlichen Gesundheit und Vitalit\u00e4t eingesetzt. Es richtet sich insbesondere an M\u00e4nner, die ihr allgemeines Wohlbefinden, ihre Energie und ihre sexuelle Gesundheit f\u00f6rdern m\u00f6chten. Die Hauptanwendungsgebiete sind: F\u00f6rderung der sexuellen Gesundheit: Die Inhaltsstoffe, insbesondere Mucuna pruriens und Tribulus terrestris, k\u00f6nnen die Libido, [&hellip;]","og_url":"https:\/\/www.akuryprodukte.de\/en\/shop\/hdn-7-ayus-forte-man\/","og_site_name":"akury","article_publisher":"https:\/\/de-de.facebook.com\/bioenergetischesinformationsmanagement\/","article_modified_time":"2025-07-22T07:58:39+00:00","og_image":[{"width":575,"height":575,"url":"https:\/\/www.akuryprodukte.de\/wp-content\/uploads\/2025\/07\/HDN-7-a.png","type":"image\/png"}],"twitter_card":"summary_large_image","twitter_site":"@heiko_wenner","twitter_misc":{"Est. reading time":"2 minutes"},"schema":{"@context":"https:\/\/schema.org","@graph":[{"@type":"WebPage","@id":"https:\/\/www.akuryprodukte.de\/en\/shop\/hdn-7-ayus-forte-man\/","url":"https:\/\/www.akuryprodukte.de\/en\/shop\/hdn-7-ayus-forte-man\/","name":"HDN 7 - Ayus Forte Man - akury","isPartOf":{"@id":"https:\/\/www.akuryprodukte.de\/en\/#website"},"primaryImageOfPage":{"@id":"https:\/\/www.akuryprodukte.de\/en\/shop\/hdn-7-ayus-forte-man\/#primaryimage"},"image":{"@id":"https:\/\/www.akuryprodukte.de\/en\/shop\/hdn-7-ayus-forte-man\/#primaryimage"},"thumbnailUrl":"https:\/\/www.akuryprodukte.de\/wp-content\/uploads\/2025\/07\/HDN-7-a.png","datePublished":"2025-07-22T07:55:38+00:00","dateModified":"2025-07-22T07:58:39+00:00","breadcrumb":{"@id":"https:\/\/www.akuryprodukte.de\/en\/shop\/hdn-7-ayus-forte-man\/#breadcrumb"},"inLanguage":"en-US","potentialAction":[{"@type":"ReadAction","target":["https:\/\/www.akuryprodukte.de\/en\/shop\/hdn-7-ayus-forte-man\/"]}]},{"@type":"ImageObject","inLanguage":"en-US","@id":"https:\/\/www.akuryprodukte.de\/en\/shop\/hdn-7-ayus-forte-man\/#primaryimage","url":"https:\/\/www.akuryprodukte.de\/wp-content\/uploads\/2025\/07\/HDN-7-a.png","contentUrl":"https:\/\/www.akuryprodukte.de\/wp-content\/uploads\/2025\/07\/HDN-7-a.png","width":575,"height":575},{"@type":"BreadcrumbList","@id":"https:\/\/www.akuryprodukte.de\/en\/shop\/hdn-7-ayus-forte-man\/#breadcrumb","itemListElement":[{"@type":"ListItem","position":1,"name":"Startseite","item":"https:\/\/www.akuryprodukte.de\/en\/"},{"@type":"ListItem","position":2,"name":"Shop","item":"https:\/\/www.akuryprodukte.de\/en\/shop-en\/"},{"@type":"ListItem","position":3,"name":"HDN 7 &#8211; Ayus Forte Man"}]},{"@type":"WebSite","@id":"https:\/\/www.akuryprodukte.de\/en\/#website","url":"https:\/\/www.akuryprodukte.de\/en\/","name":"akury","description":"Produkte f\u00fcr Ihr Wohlbefinden","publisher":{"@id":"https:\/\/www.akuryprodukte.de\/en\/#organization"},"potentialAction":[{"@type":"SearchAction","target":{"@type":"EntryPoint","urlTemplate":"https:\/\/www.akuryprodukte.de\/en\/?s={search_term_string}"},"query-input":{"@type":"PropertyValueSpecification","valueRequired":true,"valueName":"search_term_string"}}],"inLanguage":"en-US"},{"@type":"Organization","@id":"https:\/\/www.akuryprodukte.de\/en\/#organization","name":"AkuRy GmbH","url":"https:\/\/www.akuryprodukte.de\/en\/","logo":{"@type":"ImageObject","inLanguage":"en-US","@id":"https:\/\/www.akuryprodukte.de\/en\/#\/schema\/logo\/image\/","url":"https:\/\/www.akuryprodukte.de\/wp-content\/uploads\/2020\/09\/Logo_AKY-p-512.jpg","contentUrl":"https:\/\/www.akuryprodukte.de\/wp-content\/uploads\/2020\/09\/Logo_AKY-p-512.jpg","width":512,"height":512,"caption":"AkuRy GmbH"},"image":{"@id":"https:\/\/www.akuryprodukte.de\/en\/#\/schema\/logo\/image\/"},"sameAs":["https:\/\/de-de.facebook.com\/bioenergetischesinformationsmanagement\/","https:\/\/x.com\/heiko_wenner","https:\/\/www.instagram.com\/akury_gmbh\/","https:\/\/www.youtube.com\/channel\/UCyItRPbJUon1m0Gq6kV2Izw"]}]}},"_links":{"self":[{"href":"https:\/\/www.akuryprodukte.de\/en\/wp-json\/wp\/v2\/product\/22003","targetHints":{"allow":["GET"]}}],"collection":[{"href":"https:\/\/www.akuryprodukte.de\/en\/wp-json\/wp\/v2\/product"}],"about":[{"href":"https:\/\/www.akuryprodukte.de\/en\/wp-json\/wp\/v2\/types\/product"}],"replies":[{"embeddable":true,"href":"https:\/\/www.akuryprodukte.de\/en\/wp-json\/wp\/v2\/comments?post=22003"}],"wp:featuredmedia":[{"embeddable":true,"href":"https:\/\/www.akuryprodukte.de\/en\/wp-json\/wp\/v2\/media\/22004"}],"wp:attachment":[{"href":"https:\/\/www.akuryprodukte.de\/en\/wp-json\/wp\/v2\/media?parent=22003"}],"wp:term":[{"taxonomy":"product_brand","embeddable":true,"href":"https:\/\/www.akuryprodukte.de\/en\/wp-json\/wp\/v2\/product_brand?post=22003"},{"taxonomy":"product_cat","embeddable":true,"href":"https:\/\/www.akuryprodukte.de\/en\/wp-json\/wp\/v2\/product_cat?post=22003"},{"taxonomy":"product_tag","embeddable":true,"href":"https:\/\/www.akuryprodukte.de\/en\/wp-json\/wp\/v2\/product_tag?post=22003"}],"curies":[{"name":"wp","href":"https:\/\/api.w.org\/{rel}","templated":true}]}}