{"id":22017,"date":"2025-07-24T12:29:42","date_gmt":"2025-07-24T10:29:42","guid":{"rendered":"https:\/\/www.akuryprodukte.de\/?post_type=product&#038;p=22017"},"modified":"2025-07-24T12:36:07","modified_gmt":"2025-07-24T10:36:07","slug":"zyn-zysten","status":"publish","type":"product","link":"https:\/\/www.akuryprodukte.de\/en\/shop\/zyn-zysten\/","title":{"rendered":"ZYN &#8211; Zysten"},"content":{"rendered":"<p><strong>ZYN Zysten<\/strong><\/p>\n<p>Zysten k\u00f6nnen \u00fcberall im K\u00f6rper entstehen. Die Zystenbildung kann hormonell, genetisch bedingt oder durch Entz\u00fcndungen ausgel\u00f6st werden.<\/p>\n<p>Manche Menschen werden bereits mit Zysten geboren. So sind beispielsweise Zysten an den Galleng\u00e4ngen h\u00e4ufig angeboren. Eine Zyste hat immer eine Wand aus Zellen. Diese Wand bildet eine Kapsel, in der sich d\u00fcnn- oder dickfl\u00fcssiger Inhalt sammeln kann. Dieser Inhalt wird\u00a0<a href=\"https:\/\/www.draco.de\/exsudat\/\">Exsudat<\/a>\u00a0genannt und kann aus Blut, Gewebefl\u00fcssigkeit, Talg, Bakterien, Haaren oder Horn bestehen. Bei echten Zysten bestehen die W\u00e4nde aus Epithelzellen. Bei Pseudozysten werden die W\u00e4nde aus Bindegewebe gebildet.<\/p>\n<p><a href=\"https:\/\/www.draco.de\/serom\/\">Pseudozysten<\/a>\u00a0entstehen vor allem bei degenerativen und entz\u00fcndlichen Prozessen.<\/p>\n<p>Die g\u00e4ngigsten Zysten<\/p>\n<p>Die h\u00e4ufigsten Zysten, die im Bereich der\u00a0Chirurgie\u00a0auftreten, sind:<\/p>\n<ul>\n<li>Leberzysten: Diese Zysten sind h\u00e4ufig angeboren. Weitere Ursachen sind Verletzungen der Leber, Befall mit Parasiten, wie dem Fuchsbandwurm, oder Tumorbildung.<\/li>\n<li>Nierenzysten: Nierenzysten sind ebenfalls h\u00e4ufig angeboren, k\u00f6nnen aber auch durch langj\u00e4hrige Dialyse oder durch Bildung von b\u00f6sartigen Tumoren entstehen.<\/li>\n<\/ul>\n<p>Die\u00a0Dermatologie\u00a0kennt haupts\u00e4chlich diese Zysten:<\/p>\n<ul>\n<li>Atherom oder Gr\u00fctzbeutel: Diese Fisteln treten auf der Kopfhaut und an der \u00fcbrigen Haut auf. Sie enthalten Horn oder Haare. Ein Atherom ist kosmetisch st\u00f6rend, muss aber nicht entfernt werden.<\/li>\n<li>Akne-Zysten: Diese entstehen im Laufe der Akne-Erkrankung, sind oft entz\u00fcndlich und schmerzhaft und enthalten Talg, Hornzellen und Bakterien.<\/li>\n<li>Dermoidzysten: Das Zystenexsudat besteht aus Talg, Hornzellen und Bakterien und ist sehr \u00fcbelriechend.<\/li>\n<\/ul>\n<p>In der\u00a0Frauenheilkunde\u00a0kommen am h\u00e4ufigsten Ovarialzysten vor. Diese entstehen im kleinen Becken der Frau und k\u00f6nnen ab einer bestimmten Gr\u00f6\u00dfe Schmerzen oder Zyklusst\u00f6rungen verursachen.<\/p>\n<p>Der Chip enth\u00e4lt Frequenzen und Informationen, welche zur Vorsorge und Linderung der Zysten beitragen soll.<\/p>\n<p>&nbsp;<\/p>\n","protected":false},"excerpt":{"rendered":"<p>ZYN Zysten Zysten k\u00f6nnen \u00fcberall im K\u00f6rper entstehen. Die Zystenbildung kann hormonell, genetisch bedingt oder durch Entz\u00fcndungen ausgel\u00f6st werden. Manche Menschen werden bereits mit Zysten geboren. So sind beispielsweise Zysten an den Galleng\u00e4ngen h\u00e4ufig angeboren. Eine Zyste hat immer eine Wand aus Zellen. Diese Wand bildet eine Kapsel, in der sich d\u00fcnn- oder dickfl\u00fcssiger Inhalt [&hellip;]<\/p>\n","protected":false},"featured_media":22020,"comment_status":"closed","ping_status":"closed","template":"","meta":[],"product_brand":[],"product_cat":[3012,3008,34],"product_tag":[],"class_list":{"0":"post-22017","1":"product","2":"type-product","3":"status-publish","4":"has-post-thumbnail","6":"product_cat-info-chips-frauen-und-maennerprobleme","7":"product_cat-info-chips-stuetz-und-bewegungsapparat-haut-schleimhaut","8":"product_cat-info-chips-a-z","10":"first","11":"instock","12":"taxable","13":"shipping-taxable","14":"purchasable","15":"product-type-simple"},"yoast_head":"<!-- This site is optimized with the Yoast SEO plugin v27.3 - https:\/\/yoast.com\/product\/yoast-seo-wordpress\/ -->\n<title>ZYN - Zysten - akury<\/title>\n<meta name=\"robots\" content=\"index, follow, max-snippet:-1, max-image-preview:large, max-video-preview:-1\" \/>\n<link rel=\"canonical\" href=\"https:\/\/www.akuryprodukte.de\/en\/shop\/zyn-zysten\/\" \/>\n<meta property=\"og:locale\" content=\"en_US\" \/>\n<meta property=\"og:type\" content=\"article\" \/>\n<meta property=\"og:title\" content=\"ZYN - Zysten - akury\" \/>\n<meta property=\"og:description\" content=\"ZYN Zysten Zysten k\u00f6nnen \u00fcberall im K\u00f6rper entstehen. Die Zystenbildung kann hormonell, genetisch bedingt oder durch Entz\u00fcndungen ausgel\u00f6st werden. Manche Menschen werden bereits mit Zysten geboren. So sind beispielsweise Zysten an den Galleng\u00e4ngen h\u00e4ufig angeboren. Eine Zyste hat immer eine Wand aus Zellen. Diese Wand bildet eine Kapsel, in der sich d\u00fcnn- oder dickfl\u00fcssiger Inhalt [&hellip;]\" \/>\n<meta property=\"og:url\" content=\"https:\/\/www.akuryprodukte.de\/en\/shop\/zyn-zysten\/\" \/>\n<meta property=\"og:site_name\" content=\"akury\" \/>\n<meta property=\"article:publisher\" content=\"https:\/\/de-de.facebook.com\/bioenergetischesinformationsmanagement\/\" \/>\n<meta property=\"article:modified_time\" content=\"2025-07-24T10:36:07+00:00\" \/>\n<meta property=\"og:image\" content=\"https:\/\/www.akuryprodukte.de\/wp-content\/uploads\/2025\/07\/ZYN-a.png\" \/>\n\t<meta property=\"og:image:width\" content=\"767\" \/>\n\t<meta property=\"og:image:height\" content=\"767\" \/>\n\t<meta property=\"og:image:type\" content=\"image\/png\" \/>\n<meta name=\"twitter:card\" content=\"summary_large_image\" \/>\n<meta name=\"twitter:site\" content=\"@heiko_wenner\" \/>\n<meta name=\"twitter:label1\" content=\"Est. reading time\" \/>\n\t<meta name=\"twitter:data1\" content=\"2 minutes\" \/>\n<script type=\"application\/ld+json\" class=\"yoast-schema-graph\">{\"@context\":\"https:\\\/\\\/schema.org\",\"@graph\":[{\"@type\":\"WebPage\",\"@id\":\"https:\\\/\\\/www.akuryprodukte.de\\\/en\\\/shop\\\/zyn-zysten\\\/\",\"url\":\"https:\\\/\\\/www.akuryprodukte.de\\\/en\\\/shop\\\/zyn-zysten\\\/\",\"name\":\"ZYN - Zysten - akury\",\"isPartOf\":{\"@id\":\"https:\\\/\\\/www.akuryprodukte.de\\\/en\\\/#website\"},\"primaryImageOfPage\":{\"@id\":\"https:\\\/\\\/www.akuryprodukte.de\\\/en\\\/shop\\\/zyn-zysten\\\/#primaryimage\"},\"image\":{\"@id\":\"https:\\\/\\\/www.akuryprodukte.de\\\/en\\\/shop\\\/zyn-zysten\\\/#primaryimage\"},\"thumbnailUrl\":\"https:\\\/\\\/www.akuryprodukte.de\\\/wp-content\\\/uploads\\\/2025\\\/07\\\/ZYN-a.png\",\"datePublished\":\"2025-07-24T10:29:42+00:00\",\"dateModified\":\"2025-07-24T10:36:07+00:00\",\"breadcrumb\":{\"@id\":\"https:\\\/\\\/www.akuryprodukte.de\\\/en\\\/shop\\\/zyn-zysten\\\/#breadcrumb\"},\"inLanguage\":\"en-US\",\"potentialAction\":[{\"@type\":\"ReadAction\",\"target\":[\"https:\\\/\\\/www.akuryprodukte.de\\\/en\\\/shop\\\/zyn-zysten\\\/\"]}]},{\"@type\":\"ImageObject\",\"inLanguage\":\"en-US\",\"@id\":\"https:\\\/\\\/www.akuryprodukte.de\\\/en\\\/shop\\\/zyn-zysten\\\/#primaryimage\",\"url\":\"https:\\\/\\\/www.akuryprodukte.de\\\/wp-content\\\/uploads\\\/2025\\\/07\\\/ZYN-a.png\",\"contentUrl\":\"https:\\\/\\\/www.akuryprodukte.de\\\/wp-content\\\/uploads\\\/2025\\\/07\\\/ZYN-a.png\",\"width\":767,\"height\":767},{\"@type\":\"BreadcrumbList\",\"@id\":\"https:\\\/\\\/www.akuryprodukte.de\\\/en\\\/shop\\\/zyn-zysten\\\/#breadcrumb\",\"itemListElement\":[{\"@type\":\"ListItem\",\"position\":1,\"name\":\"Startseite\",\"item\":\"https:\\\/\\\/www.akuryprodukte.de\\\/en\\\/\"},{\"@type\":\"ListItem\",\"position\":2,\"name\":\"Shop\",\"item\":\"https:\\\/\\\/www.akuryprodukte.de\\\/en\\\/shop-en\\\/\"},{\"@type\":\"ListItem\",\"position\":3,\"name\":\"ZYN &#8211; Zysten\"}]},{\"@type\":\"WebSite\",\"@id\":\"https:\\\/\\\/www.akuryprodukte.de\\\/en\\\/#website\",\"url\":\"https:\\\/\\\/www.akuryprodukte.de\\\/en\\\/\",\"name\":\"akury\",\"description\":\"Produkte f\u00fcr Ihr Wohlbefinden\",\"publisher\":{\"@id\":\"https:\\\/\\\/www.akuryprodukte.de\\\/en\\\/#organization\"},\"potentialAction\":[{\"@type\":\"SearchAction\",\"target\":{\"@type\":\"EntryPoint\",\"urlTemplate\":\"https:\\\/\\\/www.akuryprodukte.de\\\/en\\\/?s={search_term_string}\"},\"query-input\":{\"@type\":\"PropertyValueSpecification\",\"valueRequired\":true,\"valueName\":\"search_term_string\"}}],\"inLanguage\":\"en-US\"},{\"@type\":\"Organization\",\"@id\":\"https:\\\/\\\/www.akuryprodukte.de\\\/en\\\/#organization\",\"name\":\"AkuRy GmbH\",\"url\":\"https:\\\/\\\/www.akuryprodukte.de\\\/en\\\/\",\"logo\":{\"@type\":\"ImageObject\",\"inLanguage\":\"en-US\",\"@id\":\"https:\\\/\\\/www.akuryprodukte.de\\\/en\\\/#\\\/schema\\\/logo\\\/image\\\/\",\"url\":\"https:\\\/\\\/www.akuryprodukte.de\\\/wp-content\\\/uploads\\\/2020\\\/09\\\/Logo_AKY-p-512.jpg\",\"contentUrl\":\"https:\\\/\\\/www.akuryprodukte.de\\\/wp-content\\\/uploads\\\/2020\\\/09\\\/Logo_AKY-p-512.jpg\",\"width\":512,\"height\":512,\"caption\":\"AkuRy GmbH\"},\"image\":{\"@id\":\"https:\\\/\\\/www.akuryprodukte.de\\\/en\\\/#\\\/schema\\\/logo\\\/image\\\/\"},\"sameAs\":[\"https:\\\/\\\/de-de.facebook.com\\\/bioenergetischesinformationsmanagement\\\/\",\"https:\\\/\\\/x.com\\\/heiko_wenner\",\"https:\\\/\\\/www.instagram.com\\\/akury_gmbh\\\/\",\"https:\\\/\\\/www.youtube.com\\\/channel\\\/UCyItRPbJUon1m0Gq6kV2Izw\"]}]}<\/script>\n<!-- \/ Yoast SEO plugin. -->","yoast_head_json":{"title":"ZYN - Zysten - akury","robots":{"index":"index","follow":"follow","max-snippet":"max-snippet:-1","max-image-preview":"max-image-preview:large","max-video-preview":"max-video-preview:-1"},"canonical":"https:\/\/www.akuryprodukte.de\/en\/shop\/zyn-zysten\/","og_locale":"en_US","og_type":"article","og_title":"ZYN - Zysten - akury","og_description":"ZYN Zysten Zysten k\u00f6nnen \u00fcberall im K\u00f6rper entstehen. Die Zystenbildung kann hormonell, genetisch bedingt oder durch Entz\u00fcndungen ausgel\u00f6st werden. Manche Menschen werden bereits mit Zysten geboren. So sind beispielsweise Zysten an den Galleng\u00e4ngen h\u00e4ufig angeboren. Eine Zyste hat immer eine Wand aus Zellen. Diese Wand bildet eine Kapsel, in der sich d\u00fcnn- oder dickfl\u00fcssiger Inhalt [&hellip;]","og_url":"https:\/\/www.akuryprodukte.de\/en\/shop\/zyn-zysten\/","og_site_name":"akury","article_publisher":"https:\/\/de-de.facebook.com\/bioenergetischesinformationsmanagement\/","article_modified_time":"2025-07-24T10:36:07+00:00","og_image":[{"width":767,"height":767,"url":"https:\/\/www.akuryprodukte.de\/wp-content\/uploads\/2025\/07\/ZYN-a.png","type":"image\/png"}],"twitter_card":"summary_large_image","twitter_site":"@heiko_wenner","twitter_misc":{"Est. reading time":"2 minutes"},"schema":{"@context":"https:\/\/schema.org","@graph":[{"@type":"WebPage","@id":"https:\/\/www.akuryprodukte.de\/en\/shop\/zyn-zysten\/","url":"https:\/\/www.akuryprodukte.de\/en\/shop\/zyn-zysten\/","name":"ZYN - Zysten - akury","isPartOf":{"@id":"https:\/\/www.akuryprodukte.de\/en\/#website"},"primaryImageOfPage":{"@id":"https:\/\/www.akuryprodukte.de\/en\/shop\/zyn-zysten\/#primaryimage"},"image":{"@id":"https:\/\/www.akuryprodukte.de\/en\/shop\/zyn-zysten\/#primaryimage"},"thumbnailUrl":"https:\/\/www.akuryprodukte.de\/wp-content\/uploads\/2025\/07\/ZYN-a.png","datePublished":"2025-07-24T10:29:42+00:00","dateModified":"2025-07-24T10:36:07+00:00","breadcrumb":{"@id":"https:\/\/www.akuryprodukte.de\/en\/shop\/zyn-zysten\/#breadcrumb"},"inLanguage":"en-US","potentialAction":[{"@type":"ReadAction","target":["https:\/\/www.akuryprodukte.de\/en\/shop\/zyn-zysten\/"]}]},{"@type":"ImageObject","inLanguage":"en-US","@id":"https:\/\/www.akuryprodukte.de\/en\/shop\/zyn-zysten\/#primaryimage","url":"https:\/\/www.akuryprodukte.de\/wp-content\/uploads\/2025\/07\/ZYN-a.png","contentUrl":"https:\/\/www.akuryprodukte.de\/wp-content\/uploads\/2025\/07\/ZYN-a.png","width":767,"height":767},{"@type":"BreadcrumbList","@id":"https:\/\/www.akuryprodukte.de\/en\/shop\/zyn-zysten\/#breadcrumb","itemListElement":[{"@type":"ListItem","position":1,"name":"Startseite","item":"https:\/\/www.akuryprodukte.de\/en\/"},{"@type":"ListItem","position":2,"name":"Shop","item":"https:\/\/www.akuryprodukte.de\/en\/shop-en\/"},{"@type":"ListItem","position":3,"name":"ZYN &#8211; Zysten"}]},{"@type":"WebSite","@id":"https:\/\/www.akuryprodukte.de\/en\/#website","url":"https:\/\/www.akuryprodukte.de\/en\/","name":"akury","description":"Produkte f\u00fcr Ihr Wohlbefinden","publisher":{"@id":"https:\/\/www.akuryprodukte.de\/en\/#organization"},"potentialAction":[{"@type":"SearchAction","target":{"@type":"EntryPoint","urlTemplate":"https:\/\/www.akuryprodukte.de\/en\/?s={search_term_string}"},"query-input":{"@type":"PropertyValueSpecification","valueRequired":true,"valueName":"search_term_string"}}],"inLanguage":"en-US"},{"@type":"Organization","@id":"https:\/\/www.akuryprodukte.de\/en\/#organization","name":"AkuRy GmbH","url":"https:\/\/www.akuryprodukte.de\/en\/","logo":{"@type":"ImageObject","inLanguage":"en-US","@id":"https:\/\/www.akuryprodukte.de\/en\/#\/schema\/logo\/image\/","url":"https:\/\/www.akuryprodukte.de\/wp-content\/uploads\/2020\/09\/Logo_AKY-p-512.jpg","contentUrl":"https:\/\/www.akuryprodukte.de\/wp-content\/uploads\/2020\/09\/Logo_AKY-p-512.jpg","width":512,"height":512,"caption":"AkuRy GmbH"},"image":{"@id":"https:\/\/www.akuryprodukte.de\/en\/#\/schema\/logo\/image\/"},"sameAs":["https:\/\/de-de.facebook.com\/bioenergetischesinformationsmanagement\/","https:\/\/x.com\/heiko_wenner","https:\/\/www.instagram.com\/akury_gmbh\/","https:\/\/www.youtube.com\/channel\/UCyItRPbJUon1m0Gq6kV2Izw"]}]}},"_links":{"self":[{"href":"https:\/\/www.akuryprodukte.de\/en\/wp-json\/wp\/v2\/product\/22017","targetHints":{"allow":["GET"]}}],"collection":[{"href":"https:\/\/www.akuryprodukte.de\/en\/wp-json\/wp\/v2\/product"}],"about":[{"href":"https:\/\/www.akuryprodukte.de\/en\/wp-json\/wp\/v2\/types\/product"}],"replies":[{"embeddable":true,"href":"https:\/\/www.akuryprodukte.de\/en\/wp-json\/wp\/v2\/comments?post=22017"}],"wp:featuredmedia":[{"embeddable":true,"href":"https:\/\/www.akuryprodukte.de\/en\/wp-json\/wp\/v2\/media\/22020"}],"wp:attachment":[{"href":"https:\/\/www.akuryprodukte.de\/en\/wp-json\/wp\/v2\/media?parent=22017"}],"wp:term":[{"taxonomy":"product_brand","embeddable":true,"href":"https:\/\/www.akuryprodukte.de\/en\/wp-json\/wp\/v2\/product_brand?post=22017"},{"taxonomy":"product_cat","embeddable":true,"href":"https:\/\/www.akuryprodukte.de\/en\/wp-json\/wp\/v2\/product_cat?post=22017"},{"taxonomy":"product_tag","embeddable":true,"href":"https:\/\/www.akuryprodukte.de\/en\/wp-json\/wp\/v2\/product_tag?post=22017"}],"curies":[{"name":"wp","href":"https:\/\/api.w.org\/{rel}","templated":true}]}}