{"id":22637,"date":"2026-01-09T12:07:48","date_gmt":"2026-01-09T11:07:48","guid":{"rendered":"https:\/\/www.akuryprodukte.de\/?post_type=product&#038;p=22637"},"modified":"2026-01-09T12:51:40","modified_gmt":"2026-01-09T11:51:40","slug":"abnehm-tape-5er-pack","status":"publish","type":"product","link":"https:\/\/www.akuryprodukte.de\/en\/shop\/abnehm-tape-5er-pack\/","title":{"rendered":"Abnehm Tape (5er Pack)"},"content":{"rendered":"<p>Durch gezielte Impulse werden die Selbstregulierungsmechanismen auf allen Ebenen aktiviert und harmonisiert, so dass u.a. unterdr\u00fcckte emotionale Mangelzust\u00e4nde bewusst werden k\u00f6nnen und nicht durch Essen kompensiert werden m\u00fcssen.<\/p>\n<p><strong>Kurze Klarstellung zur besseren Kundenberatung:<\/strong><\/p>\n<ul>\n<li>Die gl\u00e4nzende Folie auf dem Pflaster ist <strong>kein<\/strong> Originalchip, sondern dient ausschlie\u00dflich als Symbol und optische Kennzeichnung des AkuRy Originalpflasters.<\/li>\n<li><strong>Die wertvollen Informationen und Frequenzen sind direkt im Pflaster (Tape) selbst enthalten.<\/strong> Diese werden <strong>erst nach dem Abziehen der Schutzfolie aktiviert<\/strong>.<\/li>\n<li><strong>Mit \u201eSchutzfolie\u201c ist die abziehbare Klebefolie auf der R\u00fcckseite des Pflasters gemeint<\/strong> \u2013 also die wei\u00dfe Folie, die Sie ganz normal abziehen, bevor Sie das Pflaster auf die Haut kleben.<\/li>\n<li>Die Pflaster sind als <strong>Einmal-Anwendung<\/strong> konzipiert (Schutzfolie abziehen \u2192 aufkleben \u2192 \u00a0fertig).<\/li>\n<li>Trotzdem h\u00e4lt die Wirkkraft nach dem Abziehen der Schutzfolie <strong>bis zu 4 Tage<\/strong> an.<\/li>\n<\/ul>\n","protected":false},"excerpt":{"rendered":"<p>Durch gezielte Impulse werden die Selbstregulierungsmechanismen auf allen Ebenen aktiviert und harmonisiert, so dass u.a. unterdr\u00fcckte emotionale Mangelzust\u00e4nde bewusst werden k\u00f6nnen und nicht durch Essen kompensiert werden m\u00fcssen. Kurze Klarstellung zur besseren Kundenberatung: Die gl\u00e4nzende Folie auf dem Pflaster ist kein Originalchip, sondern dient ausschlie\u00dflich als Symbol und optische Kennzeichnung des AkuRy Originalpflasters. Die wertvollen [&hellip;]<\/p>\n","protected":false},"featured_media":19516,"comment_status":"closed","ping_status":"closed","template":"","meta":[],"product_brand":[],"product_cat":[3009,36],"product_tag":[],"class_list":{"0":"post-22637","1":"product","2":"type-product","3":"status-publish","4":"has-post-thumbnail","6":"product_cat-info-chips-gewichtsprobleme","7":"product_cat-tapes","9":"first","10":"instock","11":"taxable","12":"shipping-taxable","13":"purchasable","14":"product-type-simple"},"yoast_head":"<!-- This site is optimized with the Yoast SEO plugin v27.3 - https:\/\/yoast.com\/product\/yoast-seo-wordpress\/ -->\n<title>Abnehm Tape (5er Pack) - akury<\/title>\n<meta name=\"robots\" content=\"index, follow, max-snippet:-1, max-image-preview:large, max-video-preview:-1\" \/>\n<link rel=\"canonical\" href=\"https:\/\/www.akuryprodukte.de\/en\/shop\/abnehm-tape-5er-pack\/\" \/>\n<meta property=\"og:locale\" content=\"en_US\" \/>\n<meta property=\"og:type\" content=\"article\" \/>\n<meta property=\"og:title\" content=\"Abnehm Tape (5er Pack) - akury\" \/>\n<meta property=\"og:description\" content=\"Durch gezielte Impulse werden die Selbstregulierungsmechanismen auf allen Ebenen aktiviert und harmonisiert, so dass u.a. unterdr\u00fcckte emotionale Mangelzust\u00e4nde bewusst werden k\u00f6nnen und nicht durch Essen kompensiert werden m\u00fcssen. Kurze Klarstellung zur besseren Kundenberatung: Die gl\u00e4nzende Folie auf dem Pflaster ist kein Originalchip, sondern dient ausschlie\u00dflich als Symbol und optische Kennzeichnung des AkuRy Originalpflasters. Die wertvollen [&hellip;]\" \/>\n<meta property=\"og:url\" content=\"https:\/\/www.akuryprodukte.de\/en\/shop\/abnehm-tape-5er-pack\/\" \/>\n<meta property=\"og:site_name\" content=\"akury\" \/>\n<meta property=\"article:publisher\" content=\"https:\/\/de-de.facebook.com\/bioenergetischesinformationsmanagement\/\" \/>\n<meta property=\"article:modified_time\" content=\"2026-01-09T11:51:40+00:00\" \/>\n<meta property=\"og:image\" content=\"https:\/\/www.akuryprodukte.de\/wp-content\/uploads\/2024\/01\/Abnehm-Pflaster-1.png\" \/>\n\t<meta property=\"og:image:width\" content=\"945\" \/>\n\t<meta property=\"og:image:height\" content=\"750\" \/>\n\t<meta property=\"og:image:type\" content=\"image\/png\" \/>\n<meta name=\"twitter:card\" content=\"summary_large_image\" \/>\n<meta name=\"twitter:site\" content=\"@heiko_wenner\" \/>\n<meta name=\"twitter:label1\" content=\"Est. reading time\" \/>\n\t<meta name=\"twitter:data1\" content=\"1 minute\" \/>\n<script type=\"application\/ld+json\" class=\"yoast-schema-graph\">{\"@context\":\"https:\\\/\\\/schema.org\",\"@graph\":[{\"@type\":\"WebPage\",\"@id\":\"https:\\\/\\\/www.akuryprodukte.de\\\/en\\\/shop\\\/abnehm-tape-5er-pack\\\/\",\"url\":\"https:\\\/\\\/www.akuryprodukte.de\\\/en\\\/shop\\\/abnehm-tape-5er-pack\\\/\",\"name\":\"Abnehm Tape (5er Pack) - akury\",\"isPartOf\":{\"@id\":\"https:\\\/\\\/www.akuryprodukte.de\\\/en\\\/#website\"},\"primaryImageOfPage\":{\"@id\":\"https:\\\/\\\/www.akuryprodukte.de\\\/en\\\/shop\\\/abnehm-tape-5er-pack\\\/#primaryimage\"},\"image\":{\"@id\":\"https:\\\/\\\/www.akuryprodukte.de\\\/en\\\/shop\\\/abnehm-tape-5er-pack\\\/#primaryimage\"},\"thumbnailUrl\":\"https:\\\/\\\/www.akuryprodukte.de\\\/wp-content\\\/uploads\\\/2024\\\/01\\\/Abnehm-Pflaster-1.png\",\"datePublished\":\"2026-01-09T11:07:48+00:00\",\"dateModified\":\"2026-01-09T11:51:40+00:00\",\"breadcrumb\":{\"@id\":\"https:\\\/\\\/www.akuryprodukte.de\\\/en\\\/shop\\\/abnehm-tape-5er-pack\\\/#breadcrumb\"},\"inLanguage\":\"en-US\",\"potentialAction\":[{\"@type\":\"ReadAction\",\"target\":[\"https:\\\/\\\/www.akuryprodukte.de\\\/en\\\/shop\\\/abnehm-tape-5er-pack\\\/\"]}]},{\"@type\":\"ImageObject\",\"inLanguage\":\"en-US\",\"@id\":\"https:\\\/\\\/www.akuryprodukte.de\\\/en\\\/shop\\\/abnehm-tape-5er-pack\\\/#primaryimage\",\"url\":\"https:\\\/\\\/www.akuryprodukte.de\\\/wp-content\\\/uploads\\\/2024\\\/01\\\/Abnehm-Pflaster-1.png\",\"contentUrl\":\"https:\\\/\\\/www.akuryprodukte.de\\\/wp-content\\\/uploads\\\/2024\\\/01\\\/Abnehm-Pflaster-1.png\",\"width\":945,\"height\":750},{\"@type\":\"BreadcrumbList\",\"@id\":\"https:\\\/\\\/www.akuryprodukte.de\\\/en\\\/shop\\\/abnehm-tape-5er-pack\\\/#breadcrumb\",\"itemListElement\":[{\"@type\":\"ListItem\",\"position\":1,\"name\":\"Startseite\",\"item\":\"https:\\\/\\\/www.akuryprodukte.de\\\/en\\\/\"},{\"@type\":\"ListItem\",\"position\":2,\"name\":\"Shop\",\"item\":\"https:\\\/\\\/www.akuryprodukte.de\\\/en\\\/shop-en\\\/\"},{\"@type\":\"ListItem\",\"position\":3,\"name\":\"Abnehm Tape (5er Pack)\"}]},{\"@type\":\"WebSite\",\"@id\":\"https:\\\/\\\/www.akuryprodukte.de\\\/en\\\/#website\",\"url\":\"https:\\\/\\\/www.akuryprodukte.de\\\/en\\\/\",\"name\":\"akury\",\"description\":\"Produkte f\u00fcr Ihr Wohlbefinden\",\"publisher\":{\"@id\":\"https:\\\/\\\/www.akuryprodukte.de\\\/en\\\/#organization\"},\"potentialAction\":[{\"@type\":\"SearchAction\",\"target\":{\"@type\":\"EntryPoint\",\"urlTemplate\":\"https:\\\/\\\/www.akuryprodukte.de\\\/en\\\/?s={search_term_string}\"},\"query-input\":{\"@type\":\"PropertyValueSpecification\",\"valueRequired\":true,\"valueName\":\"search_term_string\"}}],\"inLanguage\":\"en-US\"},{\"@type\":\"Organization\",\"@id\":\"https:\\\/\\\/www.akuryprodukte.de\\\/en\\\/#organization\",\"name\":\"AkuRy GmbH\",\"url\":\"https:\\\/\\\/www.akuryprodukte.de\\\/en\\\/\",\"logo\":{\"@type\":\"ImageObject\",\"inLanguage\":\"en-US\",\"@id\":\"https:\\\/\\\/www.akuryprodukte.de\\\/en\\\/#\\\/schema\\\/logo\\\/image\\\/\",\"url\":\"https:\\\/\\\/www.akuryprodukte.de\\\/wp-content\\\/uploads\\\/2020\\\/09\\\/Logo_AKY-p-512.jpg\",\"contentUrl\":\"https:\\\/\\\/www.akuryprodukte.de\\\/wp-content\\\/uploads\\\/2020\\\/09\\\/Logo_AKY-p-512.jpg\",\"width\":512,\"height\":512,\"caption\":\"AkuRy GmbH\"},\"image\":{\"@id\":\"https:\\\/\\\/www.akuryprodukte.de\\\/en\\\/#\\\/schema\\\/logo\\\/image\\\/\"},\"sameAs\":[\"https:\\\/\\\/de-de.facebook.com\\\/bioenergetischesinformationsmanagement\\\/\",\"https:\\\/\\\/x.com\\\/heiko_wenner\",\"https:\\\/\\\/www.instagram.com\\\/akury_gmbh\\\/\",\"https:\\\/\\\/www.youtube.com\\\/channel\\\/UCyItRPbJUon1m0Gq6kV2Izw\"]}]}<\/script>\n<!-- \/ Yoast SEO plugin. -->","yoast_head_json":{"title":"Abnehm Tape (5er Pack) - akury","robots":{"index":"index","follow":"follow","max-snippet":"max-snippet:-1","max-image-preview":"max-image-preview:large","max-video-preview":"max-video-preview:-1"},"canonical":"https:\/\/www.akuryprodukte.de\/en\/shop\/abnehm-tape-5er-pack\/","og_locale":"en_US","og_type":"article","og_title":"Abnehm Tape (5er Pack) - akury","og_description":"Durch gezielte Impulse werden die Selbstregulierungsmechanismen auf allen Ebenen aktiviert und harmonisiert, so dass u.a. unterdr\u00fcckte emotionale Mangelzust\u00e4nde bewusst werden k\u00f6nnen und nicht durch Essen kompensiert werden m\u00fcssen. Kurze Klarstellung zur besseren Kundenberatung: Die gl\u00e4nzende Folie auf dem Pflaster ist kein Originalchip, sondern dient ausschlie\u00dflich als Symbol und optische Kennzeichnung des AkuRy Originalpflasters. Die wertvollen [&hellip;]","og_url":"https:\/\/www.akuryprodukte.de\/en\/shop\/abnehm-tape-5er-pack\/","og_site_name":"akury","article_publisher":"https:\/\/de-de.facebook.com\/bioenergetischesinformationsmanagement\/","article_modified_time":"2026-01-09T11:51:40+00:00","og_image":[{"width":945,"height":750,"url":"https:\/\/www.akuryprodukte.de\/wp-content\/uploads\/2024\/01\/Abnehm-Pflaster-1.png","type":"image\/png"}],"twitter_card":"summary_large_image","twitter_site":"@heiko_wenner","twitter_misc":{"Est. reading time":"1 minute"},"schema":{"@context":"https:\/\/schema.org","@graph":[{"@type":"WebPage","@id":"https:\/\/www.akuryprodukte.de\/en\/shop\/abnehm-tape-5er-pack\/","url":"https:\/\/www.akuryprodukte.de\/en\/shop\/abnehm-tape-5er-pack\/","name":"Abnehm Tape (5er Pack) - akury","isPartOf":{"@id":"https:\/\/www.akuryprodukte.de\/en\/#website"},"primaryImageOfPage":{"@id":"https:\/\/www.akuryprodukte.de\/en\/shop\/abnehm-tape-5er-pack\/#primaryimage"},"image":{"@id":"https:\/\/www.akuryprodukte.de\/en\/shop\/abnehm-tape-5er-pack\/#primaryimage"},"thumbnailUrl":"https:\/\/www.akuryprodukte.de\/wp-content\/uploads\/2024\/01\/Abnehm-Pflaster-1.png","datePublished":"2026-01-09T11:07:48+00:00","dateModified":"2026-01-09T11:51:40+00:00","breadcrumb":{"@id":"https:\/\/www.akuryprodukte.de\/en\/shop\/abnehm-tape-5er-pack\/#breadcrumb"},"inLanguage":"en-US","potentialAction":[{"@type":"ReadAction","target":["https:\/\/www.akuryprodukte.de\/en\/shop\/abnehm-tape-5er-pack\/"]}]},{"@type":"ImageObject","inLanguage":"en-US","@id":"https:\/\/www.akuryprodukte.de\/en\/shop\/abnehm-tape-5er-pack\/#primaryimage","url":"https:\/\/www.akuryprodukte.de\/wp-content\/uploads\/2024\/01\/Abnehm-Pflaster-1.png","contentUrl":"https:\/\/www.akuryprodukte.de\/wp-content\/uploads\/2024\/01\/Abnehm-Pflaster-1.png","width":945,"height":750},{"@type":"BreadcrumbList","@id":"https:\/\/www.akuryprodukte.de\/en\/shop\/abnehm-tape-5er-pack\/#breadcrumb","itemListElement":[{"@type":"ListItem","position":1,"name":"Startseite","item":"https:\/\/www.akuryprodukte.de\/en\/"},{"@type":"ListItem","position":2,"name":"Shop","item":"https:\/\/www.akuryprodukte.de\/en\/shop-en\/"},{"@type":"ListItem","position":3,"name":"Abnehm Tape (5er Pack)"}]},{"@type":"WebSite","@id":"https:\/\/www.akuryprodukte.de\/en\/#website","url":"https:\/\/www.akuryprodukte.de\/en\/","name":"akury","description":"Produkte f\u00fcr Ihr Wohlbefinden","publisher":{"@id":"https:\/\/www.akuryprodukte.de\/en\/#organization"},"potentialAction":[{"@type":"SearchAction","target":{"@type":"EntryPoint","urlTemplate":"https:\/\/www.akuryprodukte.de\/en\/?s={search_term_string}"},"query-input":{"@type":"PropertyValueSpecification","valueRequired":true,"valueName":"search_term_string"}}],"inLanguage":"en-US"},{"@type":"Organization","@id":"https:\/\/www.akuryprodukte.de\/en\/#organization","name":"AkuRy GmbH","url":"https:\/\/www.akuryprodukte.de\/en\/","logo":{"@type":"ImageObject","inLanguage":"en-US","@id":"https:\/\/www.akuryprodukte.de\/en\/#\/schema\/logo\/image\/","url":"https:\/\/www.akuryprodukte.de\/wp-content\/uploads\/2020\/09\/Logo_AKY-p-512.jpg","contentUrl":"https:\/\/www.akuryprodukte.de\/wp-content\/uploads\/2020\/09\/Logo_AKY-p-512.jpg","width":512,"height":512,"caption":"AkuRy GmbH"},"image":{"@id":"https:\/\/www.akuryprodukte.de\/en\/#\/schema\/logo\/image\/"},"sameAs":["https:\/\/de-de.facebook.com\/bioenergetischesinformationsmanagement\/","https:\/\/x.com\/heiko_wenner","https:\/\/www.instagram.com\/akury_gmbh\/","https:\/\/www.youtube.com\/channel\/UCyItRPbJUon1m0Gq6kV2Izw"]}]}},"_links":{"self":[{"href":"https:\/\/www.akuryprodukte.de\/en\/wp-json\/wp\/v2\/product\/22637","targetHints":{"allow":["GET"]}}],"collection":[{"href":"https:\/\/www.akuryprodukte.de\/en\/wp-json\/wp\/v2\/product"}],"about":[{"href":"https:\/\/www.akuryprodukte.de\/en\/wp-json\/wp\/v2\/types\/product"}],"replies":[{"embeddable":true,"href":"https:\/\/www.akuryprodukte.de\/en\/wp-json\/wp\/v2\/comments?post=22637"}],"wp:featuredmedia":[{"embeddable":true,"href":"https:\/\/www.akuryprodukte.de\/en\/wp-json\/wp\/v2\/media\/19516"}],"wp:attachment":[{"href":"https:\/\/www.akuryprodukte.de\/en\/wp-json\/wp\/v2\/media?parent=22637"}],"wp:term":[{"taxonomy":"product_brand","embeddable":true,"href":"https:\/\/www.akuryprodukte.de\/en\/wp-json\/wp\/v2\/product_brand?post=22637"},{"taxonomy":"product_cat","embeddable":true,"href":"https:\/\/www.akuryprodukte.de\/en\/wp-json\/wp\/v2\/product_cat?post=22637"},{"taxonomy":"product_tag","embeddable":true,"href":"https:\/\/www.akuryprodukte.de\/en\/wp-json\/wp\/v2\/product_tag?post=22637"}],"curies":[{"name":"wp","href":"https:\/\/api.w.org\/{rel}","templated":true}]}}