{"id":22643,"date":"2026-01-09T12:16:09","date_gmt":"2026-01-09T11:16:09","guid":{"rendered":"https:\/\/www.akuryprodukte.de\/?post_type=product&#038;p=22643"},"modified":"2026-01-09T12:48:39","modified_gmt":"2026-01-09T11:48:39","slug":"wundheilungs-pflaster-wun-tape-5er-pack","status":"publish","type":"product","link":"https:\/\/www.akuryprodukte.de\/en\/shop\/wundheilungs-pflaster-wun-tape-5er-pack\/","title":{"rendered":"Wundheilungs-Pflaster (WUN Tape) 5er Pack"},"content":{"rendered":"<p><strong>Anwendung<\/strong><br \/>\nDas &#8220;Wundeilungs-Tape&#8221; nicht auf die Wunde sondern in der N\u00e4he der Wunde auf die intakte Haut aufkleben, in dem die wei\u00dfe mit \u201ePino\u201c gekennzeichnete Folie abgezogen wird. Das Tape hat eine starke Haftkraft und kann auch beim Duschen getragen werden. Je nach Klebepunkt kann es bis zu 4 Tagen haften. Danach verliert es seine Wirkkraft.<\/p>\n<p><strong>Hinweis<\/strong><br \/>\nDas Wundheilungs-Tape bitte nicht direkt auf Wunden, Verbrennungen, Schleimh\u00e4uten sowie Mund, Nase oder Augen kleben. Bei der Anwendung des Tapes kann es in seltenen F\u00e4llen zu Hautreizungen oder allergischen Reaktionen kommen. Beim Auftreten von unerw\u00fcnschten Wirkungen ist die Behandlung sofort zu beenden und das Tape von der Haut zu entfernen. Bei bestehender \u00dcberempfindlichkeit gegen Pflaster oder Tapeverb\u00e4nde sollte das Tape zun\u00e4chst an einer kleineren Hautstelle getestet werden. Dabei ist zu bedenken, dass es nicht nur zu allergischen Sofortreaktionen, sondern auch zu Sp\u00e4ttyp-Reaktionen (nach ca. 24-48 Stunden) kommen kann.<\/p>\n<p><strong>Kurze Klarstellung zur besseren Kundenberatung:<\/strong><\/p>\n<ul>\n<li>Die gl\u00e4nzende Folie auf dem Pflaster ist <strong>kein<\/strong> Originalchip, sondern dient ausschlie\u00dflich als Symbol und optische Kennzeichnung des AkuRy Originalpflasters.<\/li>\n<li><strong>Die wertvollen Informationen und Frequenzen sind direkt im Pflaster (Tape) selbst enthalten.<\/strong> Diese werden <strong>erst nach dem Abziehen der Schutzfolie aktiviert<\/strong>.<\/li>\n<li><strong>Mit \u201eSchutzfolie\u201c ist die abziehbare Klebefolie auf der R\u00fcckseite des Pflasters gemeint<\/strong> \u2013 also die wei\u00dfe Folie, die Sie ganz normal abziehen, bevor Sie das Pflaster auf die Haut kleben.<\/li>\n<li>Die Pflaster sind als <strong>Einmal-Anwendung<\/strong> konzipiert (Schutzfolie abziehen \u2192 aufkleben \u2192 \u00a0fertig).<\/li>\n<li>Trotzdem h\u00e4lt die Wirkkraft nach dem Abziehen der Schutzfolie <strong>bis zu 4 Tage<\/strong> an.<\/li>\n<\/ul>\n<p><strong>Pflaster<\/strong><br \/>\nWir haben das Tape von \u201ePino\u201c gew\u00e4hlt und es mit dem Einverst\u00e4ndnis der Firma veredelt. Das Pino-Tape bietet f\u00fcr unsere Anwendungsbereiche optimal Voraussetzungen.<\/p>\n<p>Laut der Produktbeschreibung der Firma \u201ePino\u201c ist das Tape:<\/p>\n<ul>\n<li>universell einsetzbar<\/li>\n<li>h\u00e4lt allen sportlichen Aktivit\u00e4ten stand<\/li>\n<li>mit extrastarker Klebekraft f\u00fcr hohe Beanspruchung<\/li>\n<li>revolution\u00e4res Tr\u00e4germaterial aus leichtem Rayon<\/li>\n<li>besonders wasserabweisend und schnell trocknend<\/li>\n<li>ideal geeignet auch f\u00fcr stark schwitzende Patienten<\/li>\n<li>sehr gute Hautvertr\u00e4glichkeit<\/li>\n<li>besonders lange Tragedauer<\/li>\n<li>latexfrei<\/li>\n<li>Medizinprodukt<\/li>\n<\/ul>\n<p><strong>Hinweis f\u00fcr Therapeuten<\/strong><br \/>\nDas akury Wundheilungs-Pflaster soll eine Vertrauensbr\u00fccke zwischen dem Produkt und dem Kunden bilden. Der Kunde soll sich von der Wirkkraft des akury Wundheilungs-Tapes \u00fcberzeugen und Vertrauen in die Produktqualit\u00e4t der bereits bestehenden akury Informations-Chips gewinnen. Danach wird er sich entscheiden, ob er weitere Tapes kauft oder auf den entsprechenden Informations-Chip umsteigt.<\/p>\n","protected":false},"excerpt":{"rendered":"<p>Anwendung Das &#8220;Wundeilungs-Tape&#8221; nicht auf die Wunde sondern in der N\u00e4he der Wunde auf die intakte Haut aufkleben, in dem die wei\u00dfe mit \u201ePino\u201c gekennzeichnete Folie abgezogen wird. Das Tape hat eine starke Haftkraft und kann auch beim Duschen getragen werden. Je nach Klebepunkt kann es bis zu 4 Tagen haften. Danach verliert es seine [&hellip;]<\/p>\n","protected":false},"featured_media":12466,"comment_status":"open","ping_status":"closed","template":"","meta":[],"product_brand":[],"product_cat":[3005,3008,36],"product_tag":[],"class_list":{"0":"post-22643","1":"product","2":"type-product","3":"status-publish","4":"has-post-thumbnail","6":"product_cat-info-chips-schmerzen","7":"product_cat-info-chips-stuetz-und-bewegungsapparat-haut-schleimhaut","8":"product_cat-tapes","10":"first","11":"instock","12":"taxable","13":"shipping-taxable","14":"purchasable","15":"product-type-simple"},"yoast_head":"<!-- This site is optimized with the Yoast SEO plugin v27.3 - https:\/\/yoast.com\/product\/yoast-seo-wordpress\/ -->\n<title>Wundheilungs-Pflaster (WUN Tape) 5er Pack - akury<\/title>\n<meta name=\"robots\" content=\"index, follow, max-snippet:-1, max-image-preview:large, max-video-preview:-1\" \/>\n<link rel=\"canonical\" href=\"https:\/\/www.akuryprodukte.de\/en\/shop\/wundheilungs-pflaster-wun-tape-5er-pack\/\" \/>\n<meta property=\"og:locale\" content=\"en_US\" \/>\n<meta property=\"og:type\" content=\"article\" \/>\n<meta property=\"og:title\" content=\"Wundheilungs-Pflaster (WUN Tape) 5er Pack - akury\" \/>\n<meta property=\"og:description\" content=\"Anwendung Das &#8220;Wundeilungs-Tape&#8221; nicht auf die Wunde sondern in der N\u00e4he der Wunde auf die intakte Haut aufkleben, in dem die wei\u00dfe mit \u201ePino\u201c gekennzeichnete Folie abgezogen wird. Das Tape hat eine starke Haftkraft und kann auch beim Duschen getragen werden. Je nach Klebepunkt kann es bis zu 4 Tagen haften. Danach verliert es seine [&hellip;]\" \/>\n<meta property=\"og:url\" content=\"https:\/\/www.akuryprodukte.de\/en\/shop\/wundheilungs-pflaster-wun-tape-5er-pack\/\" \/>\n<meta property=\"og:site_name\" content=\"akury\" \/>\n<meta property=\"article:publisher\" content=\"https:\/\/de-de.facebook.com\/bioenergetischesinformationsmanagement\/\" \/>\n<meta property=\"article:modified_time\" content=\"2026-01-09T11:48:39+00:00\" \/>\n<meta property=\"og:image\" content=\"https:\/\/www.akuryprodukte.de\/wp-content\/uploads\/2022\/06\/Akury-Chips-Pino-Pflaster_WUN-hellblau_web.jpg\" \/>\n\t<meta property=\"og:image:width\" content=\"800\" \/>\n\t<meta property=\"og:image:height\" content=\"800\" \/>\n\t<meta property=\"og:image:type\" content=\"image\/jpeg\" \/>\n<meta name=\"twitter:card\" content=\"summary_large_image\" \/>\n<meta name=\"twitter:site\" content=\"@heiko_wenner\" \/>\n<meta name=\"twitter:label1\" content=\"Est. reading time\" \/>\n\t<meta name=\"twitter:data1\" content=\"3 minutes\" \/>\n<script type=\"application\/ld+json\" class=\"yoast-schema-graph\">{\"@context\":\"https:\\\/\\\/schema.org\",\"@graph\":[{\"@type\":\"WebPage\",\"@id\":\"https:\\\/\\\/www.akuryprodukte.de\\\/en\\\/shop\\\/wundheilungs-pflaster-wun-tape-5er-pack\\\/\",\"url\":\"https:\\\/\\\/www.akuryprodukte.de\\\/en\\\/shop\\\/wundheilungs-pflaster-wun-tape-5er-pack\\\/\",\"name\":\"Wundheilungs-Pflaster (WUN Tape) 5er Pack - akury\",\"isPartOf\":{\"@id\":\"https:\\\/\\\/www.akuryprodukte.de\\\/en\\\/#website\"},\"primaryImageOfPage\":{\"@id\":\"https:\\\/\\\/www.akuryprodukte.de\\\/en\\\/shop\\\/wundheilungs-pflaster-wun-tape-5er-pack\\\/#primaryimage\"},\"image\":{\"@id\":\"https:\\\/\\\/www.akuryprodukte.de\\\/en\\\/shop\\\/wundheilungs-pflaster-wun-tape-5er-pack\\\/#primaryimage\"},\"thumbnailUrl\":\"https:\\\/\\\/www.akuryprodukte.de\\\/wp-content\\\/uploads\\\/2022\\\/06\\\/Akury-Chips-Pino-Pflaster_WUN-hellblau_web.jpg\",\"datePublished\":\"2026-01-09T11:16:09+00:00\",\"dateModified\":\"2026-01-09T11:48:39+00:00\",\"breadcrumb\":{\"@id\":\"https:\\\/\\\/www.akuryprodukte.de\\\/en\\\/shop\\\/wundheilungs-pflaster-wun-tape-5er-pack\\\/#breadcrumb\"},\"inLanguage\":\"en-US\",\"potentialAction\":[{\"@type\":\"ReadAction\",\"target\":[\"https:\\\/\\\/www.akuryprodukte.de\\\/en\\\/shop\\\/wundheilungs-pflaster-wun-tape-5er-pack\\\/\"]}]},{\"@type\":\"ImageObject\",\"inLanguage\":\"en-US\",\"@id\":\"https:\\\/\\\/www.akuryprodukte.de\\\/en\\\/shop\\\/wundheilungs-pflaster-wun-tape-5er-pack\\\/#primaryimage\",\"url\":\"https:\\\/\\\/www.akuryprodukte.de\\\/wp-content\\\/uploads\\\/2022\\\/06\\\/Akury-Chips-Pino-Pflaster_WUN-hellblau_web.jpg\",\"contentUrl\":\"https:\\\/\\\/www.akuryprodukte.de\\\/wp-content\\\/uploads\\\/2022\\\/06\\\/Akury-Chips-Pino-Pflaster_WUN-hellblau_web.jpg\",\"width\":800,\"height\":800,\"caption\":\"The Pino Tapes are finished with Akury information chips, Akury GmbH, Heiko Wenner, H\u00f6chst i. Odw., Hesse, Germany\"},{\"@type\":\"BreadcrumbList\",\"@id\":\"https:\\\/\\\/www.akuryprodukte.de\\\/en\\\/shop\\\/wundheilungs-pflaster-wun-tape-5er-pack\\\/#breadcrumb\",\"itemListElement\":[{\"@type\":\"ListItem\",\"position\":1,\"name\":\"Startseite\",\"item\":\"https:\\\/\\\/www.akuryprodukte.de\\\/en\\\/\"},{\"@type\":\"ListItem\",\"position\":2,\"name\":\"Shop\",\"item\":\"https:\\\/\\\/www.akuryprodukte.de\\\/en\\\/shop-en\\\/\"},{\"@type\":\"ListItem\",\"position\":3,\"name\":\"Wundheilungs-Pflaster (WUN Tape) 5er Pack\"}]},{\"@type\":\"WebSite\",\"@id\":\"https:\\\/\\\/www.akuryprodukte.de\\\/en\\\/#website\",\"url\":\"https:\\\/\\\/www.akuryprodukte.de\\\/en\\\/\",\"name\":\"akury\",\"description\":\"Produkte f\u00fcr Ihr Wohlbefinden\",\"publisher\":{\"@id\":\"https:\\\/\\\/www.akuryprodukte.de\\\/en\\\/#organization\"},\"potentialAction\":[{\"@type\":\"SearchAction\",\"target\":{\"@type\":\"EntryPoint\",\"urlTemplate\":\"https:\\\/\\\/www.akuryprodukte.de\\\/en\\\/?s={search_term_string}\"},\"query-input\":{\"@type\":\"PropertyValueSpecification\",\"valueRequired\":true,\"valueName\":\"search_term_string\"}}],\"inLanguage\":\"en-US\"},{\"@type\":\"Organization\",\"@id\":\"https:\\\/\\\/www.akuryprodukte.de\\\/en\\\/#organization\",\"name\":\"AkuRy GmbH\",\"url\":\"https:\\\/\\\/www.akuryprodukte.de\\\/en\\\/\",\"logo\":{\"@type\":\"ImageObject\",\"inLanguage\":\"en-US\",\"@id\":\"https:\\\/\\\/www.akuryprodukte.de\\\/en\\\/#\\\/schema\\\/logo\\\/image\\\/\",\"url\":\"https:\\\/\\\/www.akuryprodukte.de\\\/wp-content\\\/uploads\\\/2020\\\/09\\\/Logo_AKY-p-512.jpg\",\"contentUrl\":\"https:\\\/\\\/www.akuryprodukte.de\\\/wp-content\\\/uploads\\\/2020\\\/09\\\/Logo_AKY-p-512.jpg\",\"width\":512,\"height\":512,\"caption\":\"AkuRy GmbH\"},\"image\":{\"@id\":\"https:\\\/\\\/www.akuryprodukte.de\\\/en\\\/#\\\/schema\\\/logo\\\/image\\\/\"},\"sameAs\":[\"https:\\\/\\\/de-de.facebook.com\\\/bioenergetischesinformationsmanagement\\\/\",\"https:\\\/\\\/x.com\\\/heiko_wenner\",\"https:\\\/\\\/www.instagram.com\\\/akury_gmbh\\\/\",\"https:\\\/\\\/www.youtube.com\\\/channel\\\/UCyItRPbJUon1m0Gq6kV2Izw\"]}]}<\/script>\n<!-- \/ Yoast SEO plugin. -->","yoast_head_json":{"title":"Wundheilungs-Pflaster (WUN Tape) 5er Pack - akury","robots":{"index":"index","follow":"follow","max-snippet":"max-snippet:-1","max-image-preview":"max-image-preview:large","max-video-preview":"max-video-preview:-1"},"canonical":"https:\/\/www.akuryprodukte.de\/en\/shop\/wundheilungs-pflaster-wun-tape-5er-pack\/","og_locale":"en_US","og_type":"article","og_title":"Wundheilungs-Pflaster (WUN Tape) 5er Pack - akury","og_description":"Anwendung Das &#8220;Wundeilungs-Tape&#8221; nicht auf die Wunde sondern in der N\u00e4he der Wunde auf die intakte Haut aufkleben, in dem die wei\u00dfe mit \u201ePino\u201c gekennzeichnete Folie abgezogen wird. Das Tape hat eine starke Haftkraft und kann auch beim Duschen getragen werden. Je nach Klebepunkt kann es bis zu 4 Tagen haften. Danach verliert es seine [&hellip;]","og_url":"https:\/\/www.akuryprodukte.de\/en\/shop\/wundheilungs-pflaster-wun-tape-5er-pack\/","og_site_name":"akury","article_publisher":"https:\/\/de-de.facebook.com\/bioenergetischesinformationsmanagement\/","article_modified_time":"2026-01-09T11:48:39+00:00","og_image":[{"width":800,"height":800,"url":"https:\/\/www.akuryprodukte.de\/wp-content\/uploads\/2022\/06\/Akury-Chips-Pino-Pflaster_WUN-hellblau_web.jpg","type":"image\/jpeg"}],"twitter_card":"summary_large_image","twitter_site":"@heiko_wenner","twitter_misc":{"Est. reading time":"3 minutes"},"schema":{"@context":"https:\/\/schema.org","@graph":[{"@type":"WebPage","@id":"https:\/\/www.akuryprodukte.de\/en\/shop\/wundheilungs-pflaster-wun-tape-5er-pack\/","url":"https:\/\/www.akuryprodukte.de\/en\/shop\/wundheilungs-pflaster-wun-tape-5er-pack\/","name":"Wundheilungs-Pflaster (WUN Tape) 5er Pack - akury","isPartOf":{"@id":"https:\/\/www.akuryprodukte.de\/en\/#website"},"primaryImageOfPage":{"@id":"https:\/\/www.akuryprodukte.de\/en\/shop\/wundheilungs-pflaster-wun-tape-5er-pack\/#primaryimage"},"image":{"@id":"https:\/\/www.akuryprodukte.de\/en\/shop\/wundheilungs-pflaster-wun-tape-5er-pack\/#primaryimage"},"thumbnailUrl":"https:\/\/www.akuryprodukte.de\/wp-content\/uploads\/2022\/06\/Akury-Chips-Pino-Pflaster_WUN-hellblau_web.jpg","datePublished":"2026-01-09T11:16:09+00:00","dateModified":"2026-01-09T11:48:39+00:00","breadcrumb":{"@id":"https:\/\/www.akuryprodukte.de\/en\/shop\/wundheilungs-pflaster-wun-tape-5er-pack\/#breadcrumb"},"inLanguage":"en-US","potentialAction":[{"@type":"ReadAction","target":["https:\/\/www.akuryprodukte.de\/en\/shop\/wundheilungs-pflaster-wun-tape-5er-pack\/"]}]},{"@type":"ImageObject","inLanguage":"en-US","@id":"https:\/\/www.akuryprodukte.de\/en\/shop\/wundheilungs-pflaster-wun-tape-5er-pack\/#primaryimage","url":"https:\/\/www.akuryprodukte.de\/wp-content\/uploads\/2022\/06\/Akury-Chips-Pino-Pflaster_WUN-hellblau_web.jpg","contentUrl":"https:\/\/www.akuryprodukte.de\/wp-content\/uploads\/2022\/06\/Akury-Chips-Pino-Pflaster_WUN-hellblau_web.jpg","width":800,"height":800,"caption":"The Pino Tapes are finished with Akury information chips, Akury GmbH, Heiko Wenner, H\u00f6chst i. Odw., Hesse, Germany"},{"@type":"BreadcrumbList","@id":"https:\/\/www.akuryprodukte.de\/en\/shop\/wundheilungs-pflaster-wun-tape-5er-pack\/#breadcrumb","itemListElement":[{"@type":"ListItem","position":1,"name":"Startseite","item":"https:\/\/www.akuryprodukte.de\/en\/"},{"@type":"ListItem","position":2,"name":"Shop","item":"https:\/\/www.akuryprodukte.de\/en\/shop-en\/"},{"@type":"ListItem","position":3,"name":"Wundheilungs-Pflaster (WUN Tape) 5er Pack"}]},{"@type":"WebSite","@id":"https:\/\/www.akuryprodukte.de\/en\/#website","url":"https:\/\/www.akuryprodukte.de\/en\/","name":"akury","description":"Produkte f\u00fcr Ihr Wohlbefinden","publisher":{"@id":"https:\/\/www.akuryprodukte.de\/en\/#organization"},"potentialAction":[{"@type":"SearchAction","target":{"@type":"EntryPoint","urlTemplate":"https:\/\/www.akuryprodukte.de\/en\/?s={search_term_string}"},"query-input":{"@type":"PropertyValueSpecification","valueRequired":true,"valueName":"search_term_string"}}],"inLanguage":"en-US"},{"@type":"Organization","@id":"https:\/\/www.akuryprodukte.de\/en\/#organization","name":"AkuRy GmbH","url":"https:\/\/www.akuryprodukte.de\/en\/","logo":{"@type":"ImageObject","inLanguage":"en-US","@id":"https:\/\/www.akuryprodukte.de\/en\/#\/schema\/logo\/image\/","url":"https:\/\/www.akuryprodukte.de\/wp-content\/uploads\/2020\/09\/Logo_AKY-p-512.jpg","contentUrl":"https:\/\/www.akuryprodukte.de\/wp-content\/uploads\/2020\/09\/Logo_AKY-p-512.jpg","width":512,"height":512,"caption":"AkuRy GmbH"},"image":{"@id":"https:\/\/www.akuryprodukte.de\/en\/#\/schema\/logo\/image\/"},"sameAs":["https:\/\/de-de.facebook.com\/bioenergetischesinformationsmanagement\/","https:\/\/x.com\/heiko_wenner","https:\/\/www.instagram.com\/akury_gmbh\/","https:\/\/www.youtube.com\/channel\/UCyItRPbJUon1m0Gq6kV2Izw"]}]}},"_links":{"self":[{"href":"https:\/\/www.akuryprodukte.de\/en\/wp-json\/wp\/v2\/product\/22643","targetHints":{"allow":["GET"]}}],"collection":[{"href":"https:\/\/www.akuryprodukte.de\/en\/wp-json\/wp\/v2\/product"}],"about":[{"href":"https:\/\/www.akuryprodukte.de\/en\/wp-json\/wp\/v2\/types\/product"}],"replies":[{"embeddable":true,"href":"https:\/\/www.akuryprodukte.de\/en\/wp-json\/wp\/v2\/comments?post=22643"}],"wp:featuredmedia":[{"embeddable":true,"href":"https:\/\/www.akuryprodukte.de\/en\/wp-json\/wp\/v2\/media\/12466"}],"wp:attachment":[{"href":"https:\/\/www.akuryprodukte.de\/en\/wp-json\/wp\/v2\/media?parent=22643"}],"wp:term":[{"taxonomy":"product_brand","embeddable":true,"href":"https:\/\/www.akuryprodukte.de\/en\/wp-json\/wp\/v2\/product_brand?post=22643"},{"taxonomy":"product_cat","embeddable":true,"href":"https:\/\/www.akuryprodukte.de\/en\/wp-json\/wp\/v2\/product_cat?post=22643"},{"taxonomy":"product_tag","embeddable":true,"href":"https:\/\/www.akuryprodukte.de\/en\/wp-json\/wp\/v2\/product_tag?post=22643"}],"curies":[{"name":"wp","href":"https:\/\/api.w.org\/{rel}","templated":true}]}}