{"id":22735,"date":"2026-01-27T11:25:47","date_gmt":"2026-01-27T10:25:47","guid":{"rendered":"https:\/\/www.akuryprodukte.de\/?post_type=product&#038;p=22735"},"modified":"2026-01-27T11:25:48","modified_gmt":"2026-01-27T10:25:48","slug":"s-50-melissa-officinalis-zitronenmelisse","status":"publish","type":"product","link":"https:\/\/www.akuryprodukte.de\/en\/shop\/s-50-melissa-officinalis-zitronenmelisse\/","title":{"rendered":"S 50 Melissa officinalis (Zitronenmelisse)"},"content":{"rendered":"<p><strong>S 50 Melissa officinalis (Zitronenmelisse) <\/strong><\/p>\n<p><strong>Wof\u00fcr es gut ist<\/strong><\/p>\n<p>Melissa officinalis soll Ungleichgewichte im K\u00f6rper harmonisieren und die nat\u00fcrliche Heilungskraft f\u00f6rdern. Traditionell ist die Pflanze f\u00fcr ihre beruhigenden, krampfl\u00f6senden, entz\u00fcndungshemmenden und stimmungsaufhellenden Eigenschaften bekannt. Es eignet sich besonders f\u00fcr Themen wie:<\/p>\n<ul>\n<li>Beruhigung des Nervensystems und Linderung von Unruhe, Stress oder leichter Schlaflosigkeit.<\/li>\n<li>Unterst\u00fctzung bei Verdauungsbeschwerden, z. B. krampfartige Magen-Darm-Probleme, Bl\u00e4hungen oder nerv\u00f6se Magenbeschwerden.<\/li>\n<li>Allgemeine Balancef\u00f6rderung bei k\u00f6rperlichen oder geistigen Beschwerden, die auf ein Ungleichgewicht hindeuten, wie Reizbarkeit, Ersch\u00f6pfung oder leichte depressive Verstimmungen.<\/li>\n<\/ul>\n<p><strong>Transformationsziele auf der k\u00f6rperlichen Ebene<\/strong><\/p>\n<p>Auf k\u00f6rperlicher Ebene zielt die Essenz darauf ab, den Organismus in ein nat\u00fcrliches Gleichgewicht (Hom\u00f6ostase) zur\u00fcckzuf\u00fchren. Spezifische Ziele umfassen:<\/p>\n<ul>\n<li>Linderung von Kr\u00e4mpfen und Spannungen im Verdauungstrakt sowie im vegetativen Nervensystem, was als krampfl\u00f6sendes und beruhigendes Therapeutikum wirkt.<\/li>\n<li>St\u00e4rkung und Regeneration der Schleimh\u00e4ute, z. B. bei Reizungen im Magen-Darm-Bereich oder leichten Entz\u00fcndungen.<\/li>\n<li>Allgemeine Unterst\u00fctzung der k\u00f6rperlichen Heilkr\u00e4fte, um Symptome wie nerv\u00f6se Unruhe, Herzklopfen oder Verdauungsst\u00f6rungen zu transformieren und den \u00dcbergang zu mehr Vitalit\u00e4t, Entspannung und rhythmischer Harmonie zu erm\u00f6glichen. Diese Ziele basieren auf der spagyrischen Idee, dass die Pflanze Informationen tr\u00e4gt, die den K\u00f6rper aus Krisen leiten.<\/li>\n<\/ul>\n<p><strong>Transformationsziele auf der seelisch-geistigen Ebene<\/strong><\/p>\n<p>Spagyrik betrachtet den Menschen ganzheitlich, daher wirkt Melissa officinalis auch auf seelischer und geistiger Ebene. Die Transformationsziele hier sind:<\/p>\n<ul>\n<li>F\u00f6rderung des Loslassens alter Energien oder Muster, um den \u00dcbergang zu neuer, frischer und leichter Energie zu unterst\u00fctzen (symbolisch verbunden mit der erhebenden, sonnigen und herzerfreuenden Qualit\u00e4t der Zitronenmelisse).<\/li>\n<li>Schaffung von innerer Sanftmut, Schutz und emotionaler Geborgenheit, z. B. bei emotionalen Belastungen, Reizbarkeit, innerer Unruhe oder leichter Melancholie.<\/li>\n<li>Harmonisierung von Seele und Geist, um psychosomatische Ungleichgewichte zu beheben und geistige Klarheit, Freude sowie eine ausgeglichene Stimmung zu f\u00f6rdern. Die Essenz hilft, Wege aus mentalen oder psychischen Krisen zu finden, indem sie die Balance zwischen K\u00f6rper, Seele und Geist wiederherstellt und ein Gef\u00fchl von Leichtigkeit und innerem Frieden vermittelt.<\/li>\n<\/ul>\n<p><strong>\u00a0<\/strong>Der AkuRy Chip soll dazu beitragen, die <strong>Frequenzen und Schwingungen<\/strong> der Zitronenmelisse \u2013 also die feinstofflichen, informationshaltigen Muster und harmonisierenden Eigenfrequenzen der Pflanze \u2013 auf sanfte, resonante und kontinuierliche Weise auf den gesamten Organismus zu \u00fcbertragen. Basierend auf dem Prinzip der bioenergetischen Resonanz, dem Naturgesetz der Schwingung und informationsmedizinischen Konzepten soll er die urspr\u00fcnglichen, beruhigenden, herzerfreuenden und krampfl\u00f6senden Schwingungsinformationen der Melisse verst\u00e4rken, stabilisieren und gezielter in den K\u00f6rper und das feinstoffliche Energiesystem einbringen. Dadurch wird die nat\u00fcrliche Informations\u00fcbertragung der spagyrischen Essenz optimiert, sodass diese tiefer, nachhaltiger und umfassender wirken kann \u2013 sowohl auf der materiellen (k\u00f6rperlichen) als auch auf der feinstofflichen (seelisch-geistigen) Ebene.<\/p>\n<p>Konkret unterst\u00fctzt der Chip dabei:<\/p>\n<ul>\n<li>die <strong>Transformationseffekte auf k\u00f6rperlicher Ebene<\/strong> deutlich zu intensivieren, indem er die krampfl\u00f6senden, beruhigenden und regenerierenden Schwingungsmuster der Zitronenmelisse gezielter in Bereiche wie das vegetative Nervensystem, den Verdauungstrakt oder das Herz-Kreislauf-System einstr\u00f6men l\u00e4sst. So kann er helfen, nerv\u00f6se Spannungen, Verdauungskr\u00e4mpfe oder Unruhezust\u00e4nde schneller zu harmonisieren, die Regeneration zu f\u00f6rdern und den Organismus rascher und stabiler in rhythmische Balance und Entspannung zur\u00fcckzuf\u00fchren \u2013 f\u00fcr mehr Vitalit\u00e4t, Leichtigkeit und k\u00f6rperliche Harmonie.<\/li>\n<li>die <strong>Transformationseffekte auf seelischer und geistiger Ebene<\/strong> sp\u00fcrbar zu verst\u00e4rken, indem er die stimmungsaufhellenden, sch\u00fctzenden und loslassf\u00f6rdernden Qualit\u00e4ten der Zitronenmelisse (innere Freude, emotionale Entlastung, \u00dcbergang zu neuer Frische und Leichtigkeit) resonanzst\u00e4rker in das feinstoffliche Energiesystem des Menschen integriert. Dadurch k\u00f6nnen emotionale Belastungen, innere Unruhe, Stressmuster oder leichte depressive Verstimmungen leichter gel\u00f6st werden, w\u00e4hrend gleichzeitig ein Gef\u00fchl von Geborgenheit, Klarheit, Herzensw\u00e4rme und seelischer Erneuerung gest\u00e4rkt wird.<\/li>\n<\/ul>\n","protected":false},"excerpt":{"rendered":"<p>S 50 Melissa officinalis (Zitronenmelisse) Wof\u00fcr es gut ist Melissa officinalis soll Ungleichgewichte im K\u00f6rper harmonisieren und die nat\u00fcrliche Heilungskraft f\u00f6rdern. Traditionell ist die Pflanze f\u00fcr ihre beruhigenden, krampfl\u00f6senden, entz\u00fcndungshemmenden und stimmungsaufhellenden Eigenschaften bekannt. Es eignet sich besonders f\u00fcr Themen wie: Beruhigung des Nervensystems und Linderung von Unruhe, Stress oder leichter Schlaflosigkeit. Unterst\u00fctzung bei Verdauungsbeschwerden, [&hellip;]<\/p>\n","protected":false},"featured_media":22736,"comment_status":"closed","ping_status":"closed","template":"","meta":[],"product_brand":[],"product_cat":[1367,1704],"product_tag":[],"class_list":{"0":"post-22735","1":"product","2":"type-product","3":"status-publish","4":"has-post-thumbnail","6":"product_cat-info-chips-spagyrik","7":"product_cat-info-chips-spagyrik-rezepturen","9":"first","10":"instock","11":"taxable","12":"shipping-taxable","13":"purchasable","14":"product-type-simple"},"yoast_head":"<!-- This site is optimized with the Yoast SEO plugin v27.3 - https:\/\/yoast.com\/product\/yoast-seo-wordpress\/ -->\n<title>S 50 Melissa officinalis (Zitronenmelisse) - akury<\/title>\n<meta name=\"robots\" content=\"index, follow, max-snippet:-1, max-image-preview:large, max-video-preview:-1\" \/>\n<link rel=\"canonical\" href=\"https:\/\/www.akuryprodukte.de\/en\/shop\/s-50-melissa-officinalis-zitronenmelisse\/\" \/>\n<meta property=\"og:locale\" content=\"en_US\" \/>\n<meta property=\"og:type\" content=\"article\" \/>\n<meta property=\"og:title\" content=\"S 50 Melissa officinalis (Zitronenmelisse) - akury\" \/>\n<meta property=\"og:description\" content=\"S 50 Melissa officinalis (Zitronenmelisse) Wof\u00fcr es gut ist Melissa officinalis soll Ungleichgewichte im K\u00f6rper harmonisieren und die nat\u00fcrliche Heilungskraft f\u00f6rdern. Traditionell ist die Pflanze f\u00fcr ihre beruhigenden, krampfl\u00f6senden, entz\u00fcndungshemmenden und stimmungsaufhellenden Eigenschaften bekannt. Es eignet sich besonders f\u00fcr Themen wie: Beruhigung des Nervensystems und Linderung von Unruhe, Stress oder leichter Schlaflosigkeit. Unterst\u00fctzung bei Verdauungsbeschwerden, [&hellip;]\" \/>\n<meta property=\"og:url\" content=\"https:\/\/www.akuryprodukte.de\/en\/shop\/s-50-melissa-officinalis-zitronenmelisse\/\" \/>\n<meta property=\"og:site_name\" content=\"akury\" \/>\n<meta property=\"article:publisher\" content=\"https:\/\/de-de.facebook.com\/bioenergetischesinformationsmanagement\/\" \/>\n<meta property=\"article:modified_time\" content=\"2026-01-27T10:25:48+00:00\" \/>\n<meta property=\"og:image\" content=\"https:\/\/www.akuryprodukte.de\/wp-content\/uploads\/2026\/01\/S-50-1.png\" \/>\n\t<meta property=\"og:image:width\" content=\"1500\" \/>\n\t<meta property=\"og:image:height\" content=\"1500\" \/>\n\t<meta property=\"og:image:type\" content=\"image\/png\" \/>\n<meta name=\"twitter:card\" content=\"summary_large_image\" \/>\n<meta name=\"twitter:site\" content=\"@heiko_wenner\" \/>\n<meta name=\"twitter:label1\" content=\"Est. reading time\" \/>\n\t<meta name=\"twitter:data1\" content=\"4 minutes\" \/>\n<script type=\"application\/ld+json\" class=\"yoast-schema-graph\">{\"@context\":\"https:\\\/\\\/schema.org\",\"@graph\":[{\"@type\":\"WebPage\",\"@id\":\"https:\\\/\\\/www.akuryprodukte.de\\\/en\\\/shop\\\/s-50-melissa-officinalis-zitronenmelisse\\\/\",\"url\":\"https:\\\/\\\/www.akuryprodukte.de\\\/en\\\/shop\\\/s-50-melissa-officinalis-zitronenmelisse\\\/\",\"name\":\"S 50 Melissa officinalis (Zitronenmelisse) - akury\",\"isPartOf\":{\"@id\":\"https:\\\/\\\/www.akuryprodukte.de\\\/en\\\/#website\"},\"primaryImageOfPage\":{\"@id\":\"https:\\\/\\\/www.akuryprodukte.de\\\/en\\\/shop\\\/s-50-melissa-officinalis-zitronenmelisse\\\/#primaryimage\"},\"image\":{\"@id\":\"https:\\\/\\\/www.akuryprodukte.de\\\/en\\\/shop\\\/s-50-melissa-officinalis-zitronenmelisse\\\/#primaryimage\"},\"thumbnailUrl\":\"https:\\\/\\\/www.akuryprodukte.de\\\/wp-content\\\/uploads\\\/2026\\\/01\\\/S-50-1.png\",\"datePublished\":\"2026-01-27T10:25:47+00:00\",\"dateModified\":\"2026-01-27T10:25:48+00:00\",\"breadcrumb\":{\"@id\":\"https:\\\/\\\/www.akuryprodukte.de\\\/en\\\/shop\\\/s-50-melissa-officinalis-zitronenmelisse\\\/#breadcrumb\"},\"inLanguage\":\"en-US\",\"potentialAction\":[{\"@type\":\"ReadAction\",\"target\":[\"https:\\\/\\\/www.akuryprodukte.de\\\/en\\\/shop\\\/s-50-melissa-officinalis-zitronenmelisse\\\/\"]}]},{\"@type\":\"ImageObject\",\"inLanguage\":\"en-US\",\"@id\":\"https:\\\/\\\/www.akuryprodukte.de\\\/en\\\/shop\\\/s-50-melissa-officinalis-zitronenmelisse\\\/#primaryimage\",\"url\":\"https:\\\/\\\/www.akuryprodukte.de\\\/wp-content\\\/uploads\\\/2026\\\/01\\\/S-50-1.png\",\"contentUrl\":\"https:\\\/\\\/www.akuryprodukte.de\\\/wp-content\\\/uploads\\\/2026\\\/01\\\/S-50-1.png\",\"width\":1500,\"height\":1500},{\"@type\":\"BreadcrumbList\",\"@id\":\"https:\\\/\\\/www.akuryprodukte.de\\\/en\\\/shop\\\/s-50-melissa-officinalis-zitronenmelisse\\\/#breadcrumb\",\"itemListElement\":[{\"@type\":\"ListItem\",\"position\":1,\"name\":\"Startseite\",\"item\":\"https:\\\/\\\/www.akuryprodukte.de\\\/en\\\/\"},{\"@type\":\"ListItem\",\"position\":2,\"name\":\"Shop\",\"item\":\"https:\\\/\\\/www.akuryprodukte.de\\\/en\\\/shop-en\\\/\"},{\"@type\":\"ListItem\",\"position\":3,\"name\":\"S 50 Melissa officinalis (Zitronenmelisse)\"}]},{\"@type\":\"WebSite\",\"@id\":\"https:\\\/\\\/www.akuryprodukte.de\\\/en\\\/#website\",\"url\":\"https:\\\/\\\/www.akuryprodukte.de\\\/en\\\/\",\"name\":\"akury\",\"description\":\"Produkte f\u00fcr Ihr Wohlbefinden\",\"publisher\":{\"@id\":\"https:\\\/\\\/www.akuryprodukte.de\\\/en\\\/#organization\"},\"potentialAction\":[{\"@type\":\"SearchAction\",\"target\":{\"@type\":\"EntryPoint\",\"urlTemplate\":\"https:\\\/\\\/www.akuryprodukte.de\\\/en\\\/?s={search_term_string}\"},\"query-input\":{\"@type\":\"PropertyValueSpecification\",\"valueRequired\":true,\"valueName\":\"search_term_string\"}}],\"inLanguage\":\"en-US\"},{\"@type\":\"Organization\",\"@id\":\"https:\\\/\\\/www.akuryprodukte.de\\\/en\\\/#organization\",\"name\":\"AkuRy GmbH\",\"url\":\"https:\\\/\\\/www.akuryprodukte.de\\\/en\\\/\",\"logo\":{\"@type\":\"ImageObject\",\"inLanguage\":\"en-US\",\"@id\":\"https:\\\/\\\/www.akuryprodukte.de\\\/en\\\/#\\\/schema\\\/logo\\\/image\\\/\",\"url\":\"https:\\\/\\\/www.akuryprodukte.de\\\/wp-content\\\/uploads\\\/2020\\\/09\\\/Logo_AKY-p-512.jpg\",\"contentUrl\":\"https:\\\/\\\/www.akuryprodukte.de\\\/wp-content\\\/uploads\\\/2020\\\/09\\\/Logo_AKY-p-512.jpg\",\"width\":512,\"height\":512,\"caption\":\"AkuRy GmbH\"},\"image\":{\"@id\":\"https:\\\/\\\/www.akuryprodukte.de\\\/en\\\/#\\\/schema\\\/logo\\\/image\\\/\"},\"sameAs\":[\"https:\\\/\\\/de-de.facebook.com\\\/bioenergetischesinformationsmanagement\\\/\",\"https:\\\/\\\/x.com\\\/heiko_wenner\",\"https:\\\/\\\/www.instagram.com\\\/akury_gmbh\\\/\",\"https:\\\/\\\/www.youtube.com\\\/channel\\\/UCyItRPbJUon1m0Gq6kV2Izw\"]}]}<\/script>\n<!-- \/ Yoast SEO plugin. -->","yoast_head_json":{"title":"S 50 Melissa officinalis (Zitronenmelisse) - akury","robots":{"index":"index","follow":"follow","max-snippet":"max-snippet:-1","max-image-preview":"max-image-preview:large","max-video-preview":"max-video-preview:-1"},"canonical":"https:\/\/www.akuryprodukte.de\/en\/shop\/s-50-melissa-officinalis-zitronenmelisse\/","og_locale":"en_US","og_type":"article","og_title":"S 50 Melissa officinalis (Zitronenmelisse) - akury","og_description":"S 50 Melissa officinalis (Zitronenmelisse) Wof\u00fcr es gut ist Melissa officinalis soll Ungleichgewichte im K\u00f6rper harmonisieren und die nat\u00fcrliche Heilungskraft f\u00f6rdern. Traditionell ist die Pflanze f\u00fcr ihre beruhigenden, krampfl\u00f6senden, entz\u00fcndungshemmenden und stimmungsaufhellenden Eigenschaften bekannt. Es eignet sich besonders f\u00fcr Themen wie: Beruhigung des Nervensystems und Linderung von Unruhe, Stress oder leichter Schlaflosigkeit. Unterst\u00fctzung bei Verdauungsbeschwerden, [&hellip;]","og_url":"https:\/\/www.akuryprodukte.de\/en\/shop\/s-50-melissa-officinalis-zitronenmelisse\/","og_site_name":"akury","article_publisher":"https:\/\/de-de.facebook.com\/bioenergetischesinformationsmanagement\/","article_modified_time":"2026-01-27T10:25:48+00:00","og_image":[{"width":1500,"height":1500,"url":"https:\/\/www.akuryprodukte.de\/wp-content\/uploads\/2026\/01\/S-50-1.png","type":"image\/png"}],"twitter_card":"summary_large_image","twitter_site":"@heiko_wenner","twitter_misc":{"Est. reading time":"4 minutes"},"schema":{"@context":"https:\/\/schema.org","@graph":[{"@type":"WebPage","@id":"https:\/\/www.akuryprodukte.de\/en\/shop\/s-50-melissa-officinalis-zitronenmelisse\/","url":"https:\/\/www.akuryprodukte.de\/en\/shop\/s-50-melissa-officinalis-zitronenmelisse\/","name":"S 50 Melissa officinalis (Zitronenmelisse) - akury","isPartOf":{"@id":"https:\/\/www.akuryprodukte.de\/en\/#website"},"primaryImageOfPage":{"@id":"https:\/\/www.akuryprodukte.de\/en\/shop\/s-50-melissa-officinalis-zitronenmelisse\/#primaryimage"},"image":{"@id":"https:\/\/www.akuryprodukte.de\/en\/shop\/s-50-melissa-officinalis-zitronenmelisse\/#primaryimage"},"thumbnailUrl":"https:\/\/www.akuryprodukte.de\/wp-content\/uploads\/2026\/01\/S-50-1.png","datePublished":"2026-01-27T10:25:47+00:00","dateModified":"2026-01-27T10:25:48+00:00","breadcrumb":{"@id":"https:\/\/www.akuryprodukte.de\/en\/shop\/s-50-melissa-officinalis-zitronenmelisse\/#breadcrumb"},"inLanguage":"en-US","potentialAction":[{"@type":"ReadAction","target":["https:\/\/www.akuryprodukte.de\/en\/shop\/s-50-melissa-officinalis-zitronenmelisse\/"]}]},{"@type":"ImageObject","inLanguage":"en-US","@id":"https:\/\/www.akuryprodukte.de\/en\/shop\/s-50-melissa-officinalis-zitronenmelisse\/#primaryimage","url":"https:\/\/www.akuryprodukte.de\/wp-content\/uploads\/2026\/01\/S-50-1.png","contentUrl":"https:\/\/www.akuryprodukte.de\/wp-content\/uploads\/2026\/01\/S-50-1.png","width":1500,"height":1500},{"@type":"BreadcrumbList","@id":"https:\/\/www.akuryprodukte.de\/en\/shop\/s-50-melissa-officinalis-zitronenmelisse\/#breadcrumb","itemListElement":[{"@type":"ListItem","position":1,"name":"Startseite","item":"https:\/\/www.akuryprodukte.de\/en\/"},{"@type":"ListItem","position":2,"name":"Shop","item":"https:\/\/www.akuryprodukte.de\/en\/shop-en\/"},{"@type":"ListItem","position":3,"name":"S 50 Melissa officinalis (Zitronenmelisse)"}]},{"@type":"WebSite","@id":"https:\/\/www.akuryprodukte.de\/en\/#website","url":"https:\/\/www.akuryprodukte.de\/en\/","name":"akury","description":"Produkte f\u00fcr Ihr Wohlbefinden","publisher":{"@id":"https:\/\/www.akuryprodukte.de\/en\/#organization"},"potentialAction":[{"@type":"SearchAction","target":{"@type":"EntryPoint","urlTemplate":"https:\/\/www.akuryprodukte.de\/en\/?s={search_term_string}"},"query-input":{"@type":"PropertyValueSpecification","valueRequired":true,"valueName":"search_term_string"}}],"inLanguage":"en-US"},{"@type":"Organization","@id":"https:\/\/www.akuryprodukte.de\/en\/#organization","name":"AkuRy GmbH","url":"https:\/\/www.akuryprodukte.de\/en\/","logo":{"@type":"ImageObject","inLanguage":"en-US","@id":"https:\/\/www.akuryprodukte.de\/en\/#\/schema\/logo\/image\/","url":"https:\/\/www.akuryprodukte.de\/wp-content\/uploads\/2020\/09\/Logo_AKY-p-512.jpg","contentUrl":"https:\/\/www.akuryprodukte.de\/wp-content\/uploads\/2020\/09\/Logo_AKY-p-512.jpg","width":512,"height":512,"caption":"AkuRy GmbH"},"image":{"@id":"https:\/\/www.akuryprodukte.de\/en\/#\/schema\/logo\/image\/"},"sameAs":["https:\/\/de-de.facebook.com\/bioenergetischesinformationsmanagement\/","https:\/\/x.com\/heiko_wenner","https:\/\/www.instagram.com\/akury_gmbh\/","https:\/\/www.youtube.com\/channel\/UCyItRPbJUon1m0Gq6kV2Izw"]}]}},"_links":{"self":[{"href":"https:\/\/www.akuryprodukte.de\/en\/wp-json\/wp\/v2\/product\/22735","targetHints":{"allow":["GET"]}}],"collection":[{"href":"https:\/\/www.akuryprodukte.de\/en\/wp-json\/wp\/v2\/product"}],"about":[{"href":"https:\/\/www.akuryprodukte.de\/en\/wp-json\/wp\/v2\/types\/product"}],"replies":[{"embeddable":true,"href":"https:\/\/www.akuryprodukte.de\/en\/wp-json\/wp\/v2\/comments?post=22735"}],"wp:featuredmedia":[{"embeddable":true,"href":"https:\/\/www.akuryprodukte.de\/en\/wp-json\/wp\/v2\/media\/22736"}],"wp:attachment":[{"href":"https:\/\/www.akuryprodukte.de\/en\/wp-json\/wp\/v2\/media?parent=22735"}],"wp:term":[{"taxonomy":"product_brand","embeddable":true,"href":"https:\/\/www.akuryprodukte.de\/en\/wp-json\/wp\/v2\/product_brand?post=22735"},{"taxonomy":"product_cat","embeddable":true,"href":"https:\/\/www.akuryprodukte.de\/en\/wp-json\/wp\/v2\/product_cat?post=22735"},{"taxonomy":"product_tag","embeddable":true,"href":"https:\/\/www.akuryprodukte.de\/en\/wp-json\/wp\/v2\/product_tag?post=22735"}],"curies":[{"name":"wp","href":"https:\/\/api.w.org\/{rel}","templated":true}]}}