{"id":22816,"date":"2026-02-13T10:58:21","date_gmt":"2026-02-13T09:58:21","guid":{"rendered":"https:\/\/www.akuryprodukte.de\/?post_type=product&#038;p=22816"},"modified":"2026-02-13T10:58:21","modified_gmt":"2026-02-13T09:58:21","slug":"s-54-phytolacca-decandra-kermesbeere","status":"publish","type":"product","link":"https:\/\/www.akuryprodukte.de\/en\/shop\/s-54-phytolacca-decandra-kermesbeere\/","title":{"rendered":"S 54 Phytolacca decandra (Kermesbeere)"},"content":{"rendered":"<p><strong>S 54 Phytolacca decandra (Kermesbeere)<\/strong><\/p>\n<p><strong>Wof\u00fcr es gut ist<\/strong> Phytolacca decandra soll Entz\u00fcndungen und Stauungen in dr\u00fcsigen Geweben und lymphatischen Strukturen harmonisieren und die nat\u00fcrliche Ausleitungs- sowie Regenerationskraft f\u00f6rdern. Traditionell ist die Pflanze f\u00fcr ihre stark entz\u00fcndungshemmenden, abschwellenden, lymphflussf\u00f6rdernden und dr\u00fcsenaktivierenden Eigenschaften bekannt, besonders bei akuten und chronischen Entz\u00fcndungen von Dr\u00fcsen, Schleimh\u00e4uten und Bindegewebe. Es eignet sich besonders f\u00fcr Themen wie: \u00b7 Unterst\u00fctzung bei Entz\u00fcndungen und Schwellungen der Brustdr\u00fcsen, z. B. Milchstau, Mastitis, schmerzhafte, geschwollene oder verh\u00e4rtete Br\u00fcste beim Stillen oder in den Wechseljahren. \u00b7 Linderung von Hals- und Rachenentz\u00fcndungen, z. B. Mandelentz\u00fcndung, Diphtherie-\u00e4hnliche Zust\u00e4nde, starke Schluckbeschwerden mit ausstrahlenden Schmerzen in die Ohren oder starke Schmerzen beim Schlucken. \u00b7 Allgemeine Balancef\u00f6rderung bei rheumatischen Beschwerden, wandernden Schmerzen in Muskeln, Gelenken, Sehnen oder Knochenhaut, bei lymphatischen Stauungen, geschwollenen Dr\u00fcsen (z. B. Parotis, Lymphknoten) oder Hauterkrankungen mit entz\u00fcndlichem Charakter.<\/p>\n<p><strong>Transformationsziele auf der k\u00f6rperlichen Ebene<\/strong> Auf k\u00f6rperlicher Ebene zielt die Essenz darauf ab, entz\u00fcndliche Stauungen und Verh\u00e4rtungen in dr\u00fcsigen und lymphatischen Systemen aufzul\u00f6sen und die Entgiftung sowie den Abfluss zu f\u00f6rdern. Spezifische Ziele umfassen: \u00b7 Intensive F\u00f6rderung der Lymph- und Dr\u00fcsenentlastung, besonders in Brustdr\u00fcsen, Mandeln, Speicheldr\u00fcsen und Lymphknoten, was als eines der wichtigsten lymphaktivierenden und abschwellenden Therapeutika in der Spagyrik gilt. \u00b7 Linderung von entz\u00fcndlichen Schwellungen, Verh\u00e4rtungen und wandernden, stechenden oder rei\u00dfenden Schmerzen in Muskeln, Gelenken, Sehnen, Knochenhaut sowie Schleimh\u00e4uten des Rachens und der oberen Atemwege. \u00b7 Allgemeine Unterst\u00fctzung der k\u00f6rperlichen Selbstheilungskr\u00e4fte, um Symptome wie Mastitis, Mandelentz\u00fcndung, rheumatische Sch\u00fcbe, lymphatische Stauungen oder Folgen von Infekten und Vergiftungen zu transformieren und den \u00dcbergang zu mehr Durchl\u00e4ssigkeit, Leichtigkeit und regenerierter Beweglichkeit zu erm\u00f6glichen. Diese Ziele basieren auf der spagyrischen Idee, dass die Pflanze Informationen tr\u00e4gt, die den K\u00f6rper aus entz\u00fcndlichen und stauenden Krisen herausf\u00fchren.<\/p>\n<p><strong>Transformationsziele auf der seelisch-geistigen Ebene<\/strong> Spagyrik betrachtet den Menschen ganzheitlich, daher wirkt Phytolacca decandra auch auf seelischer und geistiger Ebene. Die Transformationsziele hier sind: \u00b7 F\u00f6rderung des Loslassens von Stauungen und Verh\u00e4rtungen auf energetischer Ebene, um den \u00dcbergang zu neuer Flie\u00dff\u00e4higkeit, Offenheit und innerer Beweglichkeit zu unterst\u00fctzen (symbolisch verbunden mit der \u201eEntstauung\u201c des Geistes von Enge und Starrheit). \u00b7 Schaffung von innerer Weichheit, Schutz vor \u00dcberreizung durch Entz\u00fcndungsimpulse und Wiederherstellung emotionaler Balance, z. B. bei Reizbarkeit, Ruhelosigkeit, Ersch\u00f6pfung oder dem Gef\u00fchl, \u201ealles tut weh\u201c und nichts flie\u00dft mehr frei. \u00b7 Harmonisierung von Seele und Geist, um psychosomatische Verh\u00e4rtungen und Entz\u00fcndungsprozesse zu l\u00f6sen und geistige Klarheit, Geduld sowie eine ausgeglichene, weniger verh\u00e4rtete und schmerzgeplagte Haltung zu f\u00f6rdern. Die Essenz hilft, Wege aus entz\u00fcndlichen oder stauenden Krisen zu finden, indem sie die Balance zwischen K\u00f6rper, Seele und Geist wiederherstellt und ein Gef\u00fchl von innerer Durchl\u00e4ssigkeit, Erleichterung und erneuerter Lebendigkeit vermittelt.<\/p>\n<p>Der <strong>AkuRy Chip<\/strong> soll dazu beitragen, die Frequenzen und Schwingungen der Kermesbeere \u2013 also die feinstofflichen, informationshaltigen Muster und entz\u00fcndungsl\u00f6senden Eigenfrequenzen der Pflanze \u2013 auf sanfte, resonante und kontinuierliche Weise auf den gesamten Organismus zu \u00fcbertragen. Basierend auf dem Prinzip der bioenergetischen Resonanz, dem Naturgesetz der Schwingung und informationsmedizinischen Konzepten soll er die urspr\u00fcnglichen, lymphflussf\u00f6rdernden, abschwellenden, dr\u00fcsenregulierenden und kl\u00e4renden Schwingungsinformationen von Phytolacca decandra verst\u00e4rken, stabilisieren und gezielter in den K\u00f6rper und das feinstoffliche Energiesystem einbringen. Dadurch wird die nat\u00fcrliche Informations\u00fcbertragung der spagyrischen Essenz optimiert, sodass diese tiefer, nachhaltiger und umfassender wirken kann \u2013 sowohl auf der materiellen (k\u00f6rperlichen) als auch auf der feinstofflichen (seelisch-geistigen) Ebene.<\/p>\n<p>Konkret unterst\u00fctzt der Chip dabei:<\/p>\n<ul>\n<li>die Transformationseffekte auf k\u00f6rperlicher Ebene deutlich zu intensivieren, indem er die entz\u00fcndungsl\u00f6senden, lymphaktivierenden und abschwellenden Schwingungsmuster der Kermesbeere gezielter in Bereiche wie Brustdr\u00fcsen, Mandeln, Lymphsystem, Gelenke, Muskeln oder den gesamten Bewegungsapparat einstr\u00f6men l\u00e4sst. So kann er helfen, Mastitis, Mandelentz\u00fcndungen, rheumatische Schmerzen, lymphatische Stauungen oder wandernde Entz\u00fcndungen schneller zu harmonisieren, die Durchl\u00e4ssigkeit zu f\u00f6rdern, die Regeneration zu unterst\u00fctzen und den Organismus rascher und stabiler in flie\u00dfende, entstauende Balance zur\u00fcckzuf\u00fchren \u2013 f\u00fcr mehr Leichtigkeit, Beweglichkeit und k\u00f6rperliche Erneuerung.<\/li>\n<li>die Transformationseffekte auf seelischer und geistiger Ebene sp\u00fcrbar zu verst\u00e4rken, indem er die kl\u00e4renden, erweichenden und flie\u00dff\u00f6rdernden Qualit\u00e4ten der Kermesbeere (innere Durchl\u00e4ssigkeit, emotionale Entlastung, \u00dcbergang zu neuer Weichheit und Ausgeglichenheit) resonanzst\u00e4rker in das feinstoffliche Energiesystem des Menschen integriert. Dadurch k\u00f6nnen Verh\u00e4rtungen, Reizbarkeit, Ruhelosigkeit, wandernde Schmerzen oder das Gef\u00fchl permanenter Enge und Ersch\u00f6pfung leichter gel\u00f6st werden, w\u00e4hrend gleichzeitig ein Gef\u00fchl von innerer Weite, Erleichterung, geistiger Klarheit und seelischer Erneuerung gest\u00e4rkt wird.<\/li>\n<\/ul>\n<p>&nbsp;<\/p>\n","protected":false},"excerpt":{"rendered":"<p>S 54 Phytolacca decandra (Kermesbeere) Wof\u00fcr es gut ist Phytolacca decandra soll Entz\u00fcndungen und Stauungen in dr\u00fcsigen Geweben und lymphatischen Strukturen harmonisieren und die nat\u00fcrliche Ausleitungs- sowie Regenerationskraft f\u00f6rdern. Traditionell ist die Pflanze f\u00fcr ihre stark entz\u00fcndungshemmenden, abschwellenden, lymphflussf\u00f6rdernden und dr\u00fcsenaktivierenden Eigenschaften bekannt, besonders bei akuten und chronischen Entz\u00fcndungen von Dr\u00fcsen, Schleimh\u00e4uten und Bindegewebe. Es [&hellip;]<\/p>\n","protected":false},"featured_media":22817,"comment_status":"closed","ping_status":"closed","template":"","meta":[],"product_brand":[],"product_cat":[1367,1704],"product_tag":[],"class_list":{"0":"post-22816","1":"product","2":"type-product","3":"status-publish","4":"has-post-thumbnail","6":"product_cat-info-chips-spagyrik","7":"product_cat-info-chips-spagyrik-rezepturen","9":"first","10":"instock","11":"taxable","12":"shipping-taxable","13":"purchasable","14":"product-type-simple"},"yoast_head":"<!-- This site is optimized with the Yoast SEO plugin v27.4 - https:\/\/yoast.com\/product\/yoast-seo-wordpress\/ -->\n<title>S 54 Phytolacca decandra (Kermesbeere) - akury<\/title>\n<meta name=\"robots\" content=\"index, follow, max-snippet:-1, max-image-preview:large, max-video-preview:-1\" \/>\n<link rel=\"canonical\" href=\"https:\/\/www.akuryprodukte.de\/en\/shop\/s-54-phytolacca-decandra-kermesbeere\/\" \/>\n<meta property=\"og:locale\" content=\"en_US\" \/>\n<meta property=\"og:type\" content=\"article\" \/>\n<meta property=\"og:title\" content=\"S 54 Phytolacca decandra (Kermesbeere) - akury\" \/>\n<meta property=\"og:description\" content=\"S 54 Phytolacca decandra (Kermesbeere) Wof\u00fcr es gut ist Phytolacca decandra soll Entz\u00fcndungen und Stauungen in dr\u00fcsigen Geweben und lymphatischen Strukturen harmonisieren und die nat\u00fcrliche Ausleitungs- sowie Regenerationskraft f\u00f6rdern. Traditionell ist die Pflanze f\u00fcr ihre stark entz\u00fcndungshemmenden, abschwellenden, lymphflussf\u00f6rdernden und dr\u00fcsenaktivierenden Eigenschaften bekannt, besonders bei akuten und chronischen Entz\u00fcndungen von Dr\u00fcsen, Schleimh\u00e4uten und Bindegewebe. Es [&hellip;]\" \/>\n<meta property=\"og:url\" content=\"https:\/\/www.akuryprodukte.de\/en\/shop\/s-54-phytolacca-decandra-kermesbeere\/\" \/>\n<meta property=\"og:site_name\" content=\"akury\" \/>\n<meta property=\"article:publisher\" content=\"https:\/\/de-de.facebook.com\/bioenergetischesinformationsmanagement\/\" \/>\n<meta property=\"og:image\" content=\"https:\/\/www.akuryprodukte.de\/wp-content\/uploads\/2026\/02\/S-54-1.png\" \/>\n\t<meta property=\"og:image:width\" content=\"1500\" \/>\n\t<meta property=\"og:image:height\" content=\"1500\" \/>\n\t<meta property=\"og:image:type\" content=\"image\/png\" \/>\n<meta name=\"twitter:card\" content=\"summary_large_image\" \/>\n<meta name=\"twitter:site\" content=\"@heiko_wenner\" \/>\n<meta name=\"twitter:label1\" content=\"Est. reading time\" \/>\n\t<meta name=\"twitter:data1\" content=\"4 minutes\" \/>\n<script type=\"application\/ld+json\" class=\"yoast-schema-graph\">{\"@context\":\"https:\\\/\\\/schema.org\",\"@graph\":[{\"@type\":\"WebPage\",\"@id\":\"https:\\\/\\\/www.akuryprodukte.de\\\/en\\\/shop\\\/s-54-phytolacca-decandra-kermesbeere\\\/\",\"url\":\"https:\\\/\\\/www.akuryprodukte.de\\\/en\\\/shop\\\/s-54-phytolacca-decandra-kermesbeere\\\/\",\"name\":\"S 54 Phytolacca decandra (Kermesbeere) - akury\",\"isPartOf\":{\"@id\":\"https:\\\/\\\/www.akuryprodukte.de\\\/en\\\/#website\"},\"primaryImageOfPage\":{\"@id\":\"https:\\\/\\\/www.akuryprodukte.de\\\/en\\\/shop\\\/s-54-phytolacca-decandra-kermesbeere\\\/#primaryimage\"},\"image\":{\"@id\":\"https:\\\/\\\/www.akuryprodukte.de\\\/en\\\/shop\\\/s-54-phytolacca-decandra-kermesbeere\\\/#primaryimage\"},\"thumbnailUrl\":\"https:\\\/\\\/www.akuryprodukte.de\\\/wp-content\\\/uploads\\\/2026\\\/02\\\/S-54-1.png\",\"datePublished\":\"2026-02-13T09:58:21+00:00\",\"breadcrumb\":{\"@id\":\"https:\\\/\\\/www.akuryprodukte.de\\\/en\\\/shop\\\/s-54-phytolacca-decandra-kermesbeere\\\/#breadcrumb\"},\"inLanguage\":\"en-US\",\"potentialAction\":[{\"@type\":\"ReadAction\",\"target\":[\"https:\\\/\\\/www.akuryprodukte.de\\\/en\\\/shop\\\/s-54-phytolacca-decandra-kermesbeere\\\/\"]}]},{\"@type\":\"ImageObject\",\"inLanguage\":\"en-US\",\"@id\":\"https:\\\/\\\/www.akuryprodukte.de\\\/en\\\/shop\\\/s-54-phytolacca-decandra-kermesbeere\\\/#primaryimage\",\"url\":\"https:\\\/\\\/www.akuryprodukte.de\\\/wp-content\\\/uploads\\\/2026\\\/02\\\/S-54-1.png\",\"contentUrl\":\"https:\\\/\\\/www.akuryprodukte.de\\\/wp-content\\\/uploads\\\/2026\\\/02\\\/S-54-1.png\",\"width\":1500,\"height\":1500},{\"@type\":\"BreadcrumbList\",\"@id\":\"https:\\\/\\\/www.akuryprodukte.de\\\/en\\\/shop\\\/s-54-phytolacca-decandra-kermesbeere\\\/#breadcrumb\",\"itemListElement\":[{\"@type\":\"ListItem\",\"position\":1,\"name\":\"Startseite\",\"item\":\"https:\\\/\\\/www.akuryprodukte.de\\\/en\\\/\"},{\"@type\":\"ListItem\",\"position\":2,\"name\":\"Shop\",\"item\":\"https:\\\/\\\/www.akuryprodukte.de\\\/en\\\/shop-en\\\/\"},{\"@type\":\"ListItem\",\"position\":3,\"name\":\"S 54 Phytolacca decandra (Kermesbeere)\"}]},{\"@type\":\"WebSite\",\"@id\":\"https:\\\/\\\/www.akuryprodukte.de\\\/en\\\/#website\",\"url\":\"https:\\\/\\\/www.akuryprodukte.de\\\/en\\\/\",\"name\":\"akury\",\"description\":\"Produkte f\u00fcr Ihr Wohlbefinden\",\"publisher\":{\"@id\":\"https:\\\/\\\/www.akuryprodukte.de\\\/en\\\/#organization\"},\"potentialAction\":[{\"@type\":\"SearchAction\",\"target\":{\"@type\":\"EntryPoint\",\"urlTemplate\":\"https:\\\/\\\/www.akuryprodukte.de\\\/en\\\/?s={search_term_string}\"},\"query-input\":{\"@type\":\"PropertyValueSpecification\",\"valueRequired\":true,\"valueName\":\"search_term_string\"}}],\"inLanguage\":\"en-US\"},{\"@type\":\"Organization\",\"@id\":\"https:\\\/\\\/www.akuryprodukte.de\\\/en\\\/#organization\",\"name\":\"AkuRy GmbH\",\"url\":\"https:\\\/\\\/www.akuryprodukte.de\\\/en\\\/\",\"logo\":{\"@type\":\"ImageObject\",\"inLanguage\":\"en-US\",\"@id\":\"https:\\\/\\\/www.akuryprodukte.de\\\/en\\\/#\\\/schema\\\/logo\\\/image\\\/\",\"url\":\"https:\\\/\\\/www.akuryprodukte.de\\\/wp-content\\\/uploads\\\/2020\\\/09\\\/Logo_AKY-p-512.jpg\",\"contentUrl\":\"https:\\\/\\\/www.akuryprodukte.de\\\/wp-content\\\/uploads\\\/2020\\\/09\\\/Logo_AKY-p-512.jpg\",\"width\":512,\"height\":512,\"caption\":\"AkuRy GmbH\"},\"image\":{\"@id\":\"https:\\\/\\\/www.akuryprodukte.de\\\/en\\\/#\\\/schema\\\/logo\\\/image\\\/\"},\"sameAs\":[\"https:\\\/\\\/de-de.facebook.com\\\/bioenergetischesinformationsmanagement\\\/\",\"https:\\\/\\\/x.com\\\/heiko_wenner\",\"https:\\\/\\\/www.instagram.com\\\/akury_gmbh\\\/\",\"https:\\\/\\\/www.youtube.com\\\/channel\\\/UCyItRPbJUon1m0Gq6kV2Izw\"]}]}<\/script>\n<!-- \/ Yoast SEO plugin. -->","yoast_head_json":{"title":"S 54 Phytolacca decandra (Kermesbeere) - akury","robots":{"index":"index","follow":"follow","max-snippet":"max-snippet:-1","max-image-preview":"max-image-preview:large","max-video-preview":"max-video-preview:-1"},"canonical":"https:\/\/www.akuryprodukte.de\/en\/shop\/s-54-phytolacca-decandra-kermesbeere\/","og_locale":"en_US","og_type":"article","og_title":"S 54 Phytolacca decandra (Kermesbeere) - akury","og_description":"S 54 Phytolacca decandra (Kermesbeere) Wof\u00fcr es gut ist Phytolacca decandra soll Entz\u00fcndungen und Stauungen in dr\u00fcsigen Geweben und lymphatischen Strukturen harmonisieren und die nat\u00fcrliche Ausleitungs- sowie Regenerationskraft f\u00f6rdern. Traditionell ist die Pflanze f\u00fcr ihre stark entz\u00fcndungshemmenden, abschwellenden, lymphflussf\u00f6rdernden und dr\u00fcsenaktivierenden Eigenschaften bekannt, besonders bei akuten und chronischen Entz\u00fcndungen von Dr\u00fcsen, Schleimh\u00e4uten und Bindegewebe. Es [&hellip;]","og_url":"https:\/\/www.akuryprodukte.de\/en\/shop\/s-54-phytolacca-decandra-kermesbeere\/","og_site_name":"akury","article_publisher":"https:\/\/de-de.facebook.com\/bioenergetischesinformationsmanagement\/","og_image":[{"width":1500,"height":1500,"url":"https:\/\/www.akuryprodukte.de\/wp-content\/uploads\/2026\/02\/S-54-1.png","type":"image\/png"}],"twitter_card":"summary_large_image","twitter_site":"@heiko_wenner","twitter_misc":{"Est. reading time":"4 minutes"},"schema":{"@context":"https:\/\/schema.org","@graph":[{"@type":"WebPage","@id":"https:\/\/www.akuryprodukte.de\/en\/shop\/s-54-phytolacca-decandra-kermesbeere\/","url":"https:\/\/www.akuryprodukte.de\/en\/shop\/s-54-phytolacca-decandra-kermesbeere\/","name":"S 54 Phytolacca decandra (Kermesbeere) - akury","isPartOf":{"@id":"https:\/\/www.akuryprodukte.de\/en\/#website"},"primaryImageOfPage":{"@id":"https:\/\/www.akuryprodukte.de\/en\/shop\/s-54-phytolacca-decandra-kermesbeere\/#primaryimage"},"image":{"@id":"https:\/\/www.akuryprodukte.de\/en\/shop\/s-54-phytolacca-decandra-kermesbeere\/#primaryimage"},"thumbnailUrl":"https:\/\/www.akuryprodukte.de\/wp-content\/uploads\/2026\/02\/S-54-1.png","datePublished":"2026-02-13T09:58:21+00:00","breadcrumb":{"@id":"https:\/\/www.akuryprodukte.de\/en\/shop\/s-54-phytolacca-decandra-kermesbeere\/#breadcrumb"},"inLanguage":"en-US","potentialAction":[{"@type":"ReadAction","target":["https:\/\/www.akuryprodukte.de\/en\/shop\/s-54-phytolacca-decandra-kermesbeere\/"]}]},{"@type":"ImageObject","inLanguage":"en-US","@id":"https:\/\/www.akuryprodukte.de\/en\/shop\/s-54-phytolacca-decandra-kermesbeere\/#primaryimage","url":"https:\/\/www.akuryprodukte.de\/wp-content\/uploads\/2026\/02\/S-54-1.png","contentUrl":"https:\/\/www.akuryprodukte.de\/wp-content\/uploads\/2026\/02\/S-54-1.png","width":1500,"height":1500},{"@type":"BreadcrumbList","@id":"https:\/\/www.akuryprodukte.de\/en\/shop\/s-54-phytolacca-decandra-kermesbeere\/#breadcrumb","itemListElement":[{"@type":"ListItem","position":1,"name":"Startseite","item":"https:\/\/www.akuryprodukte.de\/en\/"},{"@type":"ListItem","position":2,"name":"Shop","item":"https:\/\/www.akuryprodukte.de\/en\/shop-en\/"},{"@type":"ListItem","position":3,"name":"S 54 Phytolacca decandra (Kermesbeere)"}]},{"@type":"WebSite","@id":"https:\/\/www.akuryprodukte.de\/en\/#website","url":"https:\/\/www.akuryprodukte.de\/en\/","name":"akury","description":"Produkte f\u00fcr Ihr Wohlbefinden","publisher":{"@id":"https:\/\/www.akuryprodukte.de\/en\/#organization"},"potentialAction":[{"@type":"SearchAction","target":{"@type":"EntryPoint","urlTemplate":"https:\/\/www.akuryprodukte.de\/en\/?s={search_term_string}"},"query-input":{"@type":"PropertyValueSpecification","valueRequired":true,"valueName":"search_term_string"}}],"inLanguage":"en-US"},{"@type":"Organization","@id":"https:\/\/www.akuryprodukte.de\/en\/#organization","name":"AkuRy GmbH","url":"https:\/\/www.akuryprodukte.de\/en\/","logo":{"@type":"ImageObject","inLanguage":"en-US","@id":"https:\/\/www.akuryprodukte.de\/en\/#\/schema\/logo\/image\/","url":"https:\/\/www.akuryprodukte.de\/wp-content\/uploads\/2020\/09\/Logo_AKY-p-512.jpg","contentUrl":"https:\/\/www.akuryprodukte.de\/wp-content\/uploads\/2020\/09\/Logo_AKY-p-512.jpg","width":512,"height":512,"caption":"AkuRy GmbH"},"image":{"@id":"https:\/\/www.akuryprodukte.de\/en\/#\/schema\/logo\/image\/"},"sameAs":["https:\/\/de-de.facebook.com\/bioenergetischesinformationsmanagement\/","https:\/\/x.com\/heiko_wenner","https:\/\/www.instagram.com\/akury_gmbh\/","https:\/\/www.youtube.com\/channel\/UCyItRPbJUon1m0Gq6kV2Izw"]}]}},"_links":{"self":[{"href":"https:\/\/www.akuryprodukte.de\/en\/wp-json\/wp\/v2\/product\/22816","targetHints":{"allow":["GET"]}}],"collection":[{"href":"https:\/\/www.akuryprodukte.de\/en\/wp-json\/wp\/v2\/product"}],"about":[{"href":"https:\/\/www.akuryprodukte.de\/en\/wp-json\/wp\/v2\/types\/product"}],"replies":[{"embeddable":true,"href":"https:\/\/www.akuryprodukte.de\/en\/wp-json\/wp\/v2\/comments?post=22816"}],"wp:featuredmedia":[{"embeddable":true,"href":"https:\/\/www.akuryprodukte.de\/en\/wp-json\/wp\/v2\/media\/22817"}],"wp:attachment":[{"href":"https:\/\/www.akuryprodukte.de\/en\/wp-json\/wp\/v2\/media?parent=22816"}],"wp:term":[{"taxonomy":"product_brand","embeddable":true,"href":"https:\/\/www.akuryprodukte.de\/en\/wp-json\/wp\/v2\/product_brand?post=22816"},{"taxonomy":"product_cat","embeddable":true,"href":"https:\/\/www.akuryprodukte.de\/en\/wp-json\/wp\/v2\/product_cat?post=22816"},{"taxonomy":"product_tag","embeddable":true,"href":"https:\/\/www.akuryprodukte.de\/en\/wp-json\/wp\/v2\/product_tag?post=22816"}],"curies":[{"name":"wp","href":"https:\/\/api.w.org\/{rel}","templated":true}]}}