{"id":22839,"date":"2026-02-13T12:09:08","date_gmt":"2026-02-13T11:09:08","guid":{"rendered":"https:\/\/www.akuryprodukte.de\/?post_type=product&#038;p=22839"},"modified":"2026-02-13T12:09:09","modified_gmt":"2026-02-13T11:09:09","slug":"s-58-rauwolfia-serpentina-rauwolfie-schlangenwurz","status":"publish","type":"product","link":"https:\/\/www.akuryprodukte.de\/en\/shop\/s-58-rauwolfia-serpentina-rauwolfie-schlangenwurz\/","title":{"rendered":"S 58 Rauwolfia serpentina (Rauwolfie \/ Schlangenwurz)"},"content":{"rendered":"<p><strong>S 58 Rauwolfia serpentina (Rauwolfie \/ Schlangenwurz)<\/strong><\/p>\n<p><strong>Wof\u00fcr es gut ist<\/strong> Rauwolfia serpentina soll \u00fcberh\u00f6hten inneren Druck l\u00f6sen, das sympathische Nervensystem d\u00e4mpfen und einen Zustand tiefer, nachhaltiger Ruhe und Entspannung f\u00f6rdern. Traditionell ist die Wurzel der indischen Schlangenwurz bekannt f\u00fcr ihre stark blutdrucksenkenden, beruhigenden, angstl\u00f6senden und antiadrenerg wirkenden Eigenschaften. In der Spagyrik gilt sie als eines der potentesten pflanzlichen Mittel zur Regulierung von \u00dcbererregung, innerer Hitze und chronischem \u201eHochdruck\u201c auf k\u00f6rperlicher und seelischer Ebene \u2013 ohne dabei in dumpfe Sedierung zu f\u00fchren. Es eignet sich besonders f\u00fcr Themen wie: \u00b7 Unterst\u00fctzung bei Bluthochdruck (essentiell oder stressbedingt), Herzklopfen, innerer Unruhe, Hitzeaufwallungen oder Gef\u00e4\u00dfspannung \u00b7 Linderung von Zust\u00e4nden permanenter Alarmbereitschaft, innerer Getriebenheit, Reizbarkeit, Schlaflosigkeit durch inneren Druck oder \u201est\u00e4ndigem Unter-Strom-Stehen\u201c \u00b7 Harmonisierung bei stressinduzierten Beschwerden (Kopfschmerzen vom Spannungstyp, Schwindel, Ohrensausen, Hitze im Kopf, Engegef\u00fchl in der Brust) \u00b7 Allgemeine Druckentlastung bei Menschen, die unter chronischem innerem Hochdruck, Kontrollzwang, unterdr\u00fcckter Wut oder dem Gef\u00fchl stehen, \u201ejederzeit explodieren zu k\u00f6nnen\u201c.<\/p>\n<p><strong>Transformationsziele auf der k\u00f6rperlichen Ebene<\/strong> Auf k\u00f6rperlicher Ebene zielt die Essenz darauf ab, das sympathische Nervensystem nachhaltig zu d\u00e4mpfen, den peripheren und zentralen Gef\u00e4\u00dftonus zu senken und die Stressachse zu beruhigen. Spezifische Ziele umfassen: \u00b7 Intensive Senkung und Regulation von erh\u00f6htem Blutdruck und Gef\u00e4\u00dfspannung \u2013 als eines der klassischen spagyrischen Mittel bei Hypertonie mit vegetativer \u00dcberlagerung. \u00b7 D\u00e4mpfung \u00fcberm\u00e4\u00dfiger sympathischer Aktivit\u00e4t (Herzrasen, Pulsbeschleunigung, Schwitzen, Zittern, Hitzegef\u00fchl, Muskelanspannung), Linderung von stressbedingten Gef\u00e4\u00dfkr\u00e4mpfen und vegetativen Entgleisungen. \u00b7 Unterst\u00fctzung der Entspannung des zentralen und vegetativen Nervensystems, Reduktion von Stresshormonspitzen (Adrenalin, Noradrenalin, Cortisol), Harmonisierung des gesamten kardiovaskul\u00e4ren Systems, um Symptome wie Bluthochdruck, Spannungskopfschmerzen, Schwindel, Tinnitus, Schlafst\u00f6rungen durch inneren Druck oder Folgen langanhaltender \u00dcbererregung zu transformieren und den \u00dcbergang zu mehr Gef\u00e4\u00dfweite, W\u00e4rme in den Extremit\u00e4ten und regenerierter Ruhe zu erm\u00f6glichen. Diese Ziele basieren auf der spagyrischen Idee, dass Rauwolfia die Information der tief in die Erde dringenden, druckregulierenden Wurzel tr\u00e4gt \u2013 die in tropischer Hitze und Enge w\u00e4chst und doch k\u00fchle, beruhigende Kraft entfaltet \u2013 und diese Qualit\u00e4t von Druckentlastung und zentraler Beruhigung auf den menschlichen Organismus \u00fcbertr\u00e4gt.<\/p>\n<p><strong>Transformationsziele auf der seelisch-geistigen Ebene<\/strong> Spagyrik betrachtet den Menschen ganzheitlich, daher wirkt Rauwolfia auch auf seelischer und geistiger Ebene. Die Transformationsziele hier sind: \u00b7 F\u00f6rderung des Loslassens von chronischem innerem Druck, Kontrollzwang, unterdr\u00fcckter Aggression oder permanenter Wachsamkeit, um den \u00dcbergang zu tiefer innerer Entspannung, Vertrauen und gelassener Pr\u00e4senz zu unterst\u00fctzen (symbolisch verbunden mit der Wurzel, die den Druck der Erde aush\u00e4lt und doch k\u00fchle Ruhe spendet). \u00b7 Schaffung von seelischer Weite und Entlastung, Schutz vor mentaler \u00dcberhitzung und Wiederherstellung emotionaler Balance, z. B. bei Reizbarkeit, unterdr\u00fcckter Wut, innerer Enge, Schlaflosigkeit durch Gr\u00fcbeln oder dem Gef\u00fchl \u201eimmer unter Hochspannung zu stehen\u201c. \u00b7 Harmonisierung von Seele und Geist, um psychosomatische Drucksymptome (Hypertonie, Enge, Hitze) zu l\u00f6sen und eine ausgeglichene, weniger getriebene und weniger explosive Haltung zu f\u00f6rdern. Die Essenz hilft, Wege aus chronischer \u00dcbererregung, innerem Hochdruck und unterdr\u00fcckter Emotion zu finden, indem sie die Balance zwischen Aktivit\u00e4t und Ruhe wiederherstellt und ein Gef\u00fchl von tiefer innerer Stille, k\u00fchler Klarheit und erneuerter Gelassenheit vermittelt.<\/p>\n<p><strong>Der AkuRy Chip soll dazu beitragen<\/strong>, die Frequenzen und Schwingungen der Rauwolfie \u2013 also die feinstofflichen, informationshaltigen Muster und druckentlastenden, sympathikusd\u00e4mpfenden Eigenfrequenzen von Rauwolfia serpentina \u2013 auf sanfte, resonante und kontinuierliche Weise auf den gesamten Organismus zu \u00fcbertragen. Basierend auf dem Prinzip der bioenergetischen Resonanz, dem Naturgesetz der Schwingung und informationsmedizinischen Konzepten soll er die urspr\u00fcnglichen, blutdruckregulierenden, beruhigenden, gef\u00e4\u00dferweiternden und zentral d\u00e4mpfenden Schwingungsinformationen von Rauwolfia verst\u00e4rken, stabilisieren und gezielter in den K\u00f6rper und das feinstoffliche Energiesystem einbringen. Dadurch wird die nat\u00fcrliche Informations\u00fcbertragung der spagyrischen Essenz optimiert, sodass diese tiefer, nachhaltiger und umfassender wirken kann \u2013 sowohl auf der materiellen (k\u00f6rperlichen) als auch auf der feinstofflichen (seelisch-geistigen) Ebene.<\/p>\n<p><strong>Konkret unterst\u00fctzt der Chip dabei:<\/strong><\/p>\n<ul>\n<li>die Transformationseffekte auf k\u00f6rperlicher Ebene deutlich zu intensivieren, indem er die drucksenkenden, sympathikusd\u00e4mpfenden und gef\u00e4\u00dfregulierenden Schwingungsmuster von Rauwolfia gezielter in Bereiche wie zentrales Nervensystem, vegetatives System, Herz-Kreislauf, Gef\u00e4\u00dfe, Stressachse oder das gesamte \u00dcbererregungssystem einstr\u00f6men l\u00e4sst. So kann er helfen, Bluthochdruck, innere Hitze, Herzrasen, Spannungskopfschmerzen oder Folgen von Dauerstress schneller zu harmonisieren, die Regeneration zu f\u00f6rdern und den Organismus rascher und stabiler in ruhige, weite Balance zur\u00fcckzuf\u00fchren \u2013 f\u00fcr mehr Gef\u00e4\u00dfentspannung, periphere W\u00e4rme und regenerative Tiefe.<\/li>\n<li>die Transformationseffekte auf seelischer und geistiger Ebene sp\u00fcrbar zu verst\u00e4rken, indem er die entlastenden, k\u00fchlenden und zentrierenden Qualit\u00e4ten von Rauwolfia (innere Ruhe, emotionale Entspannung, \u00dcbergang zu neuer Gelassenheit und k\u00fchler Klarheit) resonanzst\u00e4rker in das feinstoffliche Energiesystem integriert. Dadurch k\u00f6nnen innerer Druck, Reizbarkeit, unterdr\u00fcckte Aggression, mentale \u00dcberhitzung oder das Gef\u00fchl permanenter Hochspannung leichter gel\u00f6st werden, w\u00e4hrend gleichzeitig ein Gef\u00fchl von tiefer Stille, emotionaler Weite, geistiger Klarheit und seelischer Erneuerung gest\u00e4rkt wird.<\/li>\n<\/ul>\n<p>&nbsp;<\/p>\n","protected":false},"excerpt":{"rendered":"<p>S 58 Rauwolfia serpentina (Rauwolfie \/ Schlangenwurz) Wof\u00fcr es gut ist Rauwolfia serpentina soll \u00fcberh\u00f6hten inneren Druck l\u00f6sen, das sympathische Nervensystem d\u00e4mpfen und einen Zustand tiefer, nachhaltiger Ruhe und Entspannung f\u00f6rdern. Traditionell ist die Wurzel der indischen Schlangenwurz bekannt f\u00fcr ihre stark blutdrucksenkenden, beruhigenden, angstl\u00f6senden und antiadrenerg wirkenden Eigenschaften. In der Spagyrik gilt sie als [&hellip;]<\/p>\n","protected":false},"featured_media":22825,"comment_status":"closed","ping_status":"closed","template":"","meta":[],"product_brand":[],"product_cat":[1367,1704],"product_tag":[],"class_list":{"0":"post-22839","1":"product","2":"type-product","3":"status-publish","4":"has-post-thumbnail","6":"product_cat-info-chips-spagyrik","7":"product_cat-info-chips-spagyrik-rezepturen","9":"first","10":"instock","11":"taxable","12":"shipping-taxable","13":"purchasable","14":"product-type-simple"},"yoast_head":"<!-- This site is optimized with the Yoast SEO plugin v27.4 - https:\/\/yoast.com\/product\/yoast-seo-wordpress\/ -->\n<title>S 58 Rauwolfia serpentina (Rauwolfie \/ Schlangenwurz) - akury<\/title>\n<meta name=\"robots\" content=\"index, follow, max-snippet:-1, max-image-preview:large, max-video-preview:-1\" \/>\n<link rel=\"canonical\" href=\"https:\/\/www.akuryprodukte.de\/en\/shop\/s-58-rauwolfia-serpentina-rauwolfie-schlangenwurz\/\" \/>\n<meta property=\"og:locale\" content=\"en_US\" \/>\n<meta property=\"og:type\" content=\"article\" \/>\n<meta property=\"og:title\" content=\"S 58 Rauwolfia serpentina (Rauwolfie \/ Schlangenwurz) - akury\" \/>\n<meta property=\"og:description\" content=\"S 58 Rauwolfia serpentina (Rauwolfie \/ Schlangenwurz) Wof\u00fcr es gut ist Rauwolfia serpentina soll \u00fcberh\u00f6hten inneren Druck l\u00f6sen, das sympathische Nervensystem d\u00e4mpfen und einen Zustand tiefer, nachhaltiger Ruhe und Entspannung f\u00f6rdern. Traditionell ist die Wurzel der indischen Schlangenwurz bekannt f\u00fcr ihre stark blutdrucksenkenden, beruhigenden, angstl\u00f6senden und antiadrenerg wirkenden Eigenschaften. In der Spagyrik gilt sie als [&hellip;]\" \/>\n<meta property=\"og:url\" content=\"https:\/\/www.akuryprodukte.de\/en\/shop\/s-58-rauwolfia-serpentina-rauwolfie-schlangenwurz\/\" \/>\n<meta property=\"og:site_name\" content=\"akury\" \/>\n<meta property=\"article:publisher\" content=\"https:\/\/de-de.facebook.com\/bioenergetischesinformationsmanagement\/\" \/>\n<meta property=\"article:modified_time\" content=\"2026-02-13T11:09:09+00:00\" \/>\n<meta property=\"og:image\" content=\"https:\/\/www.akuryprodukte.de\/wp-content\/uploads\/2026\/02\/S-58-1.png\" \/>\n\t<meta property=\"og:image:width\" content=\"767\" \/>\n\t<meta property=\"og:image:height\" content=\"767\" \/>\n\t<meta property=\"og:image:type\" content=\"image\/png\" \/>\n<meta name=\"twitter:card\" content=\"summary_large_image\" \/>\n<meta name=\"twitter:site\" content=\"@heiko_wenner\" \/>\n<meta name=\"twitter:label1\" content=\"Est. reading time\" \/>\n\t<meta name=\"twitter:data1\" content=\"5 minutes\" \/>\n<script type=\"application\/ld+json\" class=\"yoast-schema-graph\">{\"@context\":\"https:\\\/\\\/schema.org\",\"@graph\":[{\"@type\":\"WebPage\",\"@id\":\"https:\\\/\\\/www.akuryprodukte.de\\\/en\\\/shop\\\/s-58-rauwolfia-serpentina-rauwolfie-schlangenwurz\\\/\",\"url\":\"https:\\\/\\\/www.akuryprodukte.de\\\/en\\\/shop\\\/s-58-rauwolfia-serpentina-rauwolfie-schlangenwurz\\\/\",\"name\":\"S 58 Rauwolfia serpentina (Rauwolfie \\\/ Schlangenwurz) - akury\",\"isPartOf\":{\"@id\":\"https:\\\/\\\/www.akuryprodukte.de\\\/en\\\/#website\"},\"primaryImageOfPage\":{\"@id\":\"https:\\\/\\\/www.akuryprodukte.de\\\/en\\\/shop\\\/s-58-rauwolfia-serpentina-rauwolfie-schlangenwurz\\\/#primaryimage\"},\"image\":{\"@id\":\"https:\\\/\\\/www.akuryprodukte.de\\\/en\\\/shop\\\/s-58-rauwolfia-serpentina-rauwolfie-schlangenwurz\\\/#primaryimage\"},\"thumbnailUrl\":\"https:\\\/\\\/www.akuryprodukte.de\\\/wp-content\\\/uploads\\\/2026\\\/02\\\/S-58-1.png\",\"datePublished\":\"2026-02-13T11:09:08+00:00\",\"dateModified\":\"2026-02-13T11:09:09+00:00\",\"breadcrumb\":{\"@id\":\"https:\\\/\\\/www.akuryprodukte.de\\\/en\\\/shop\\\/s-58-rauwolfia-serpentina-rauwolfie-schlangenwurz\\\/#breadcrumb\"},\"inLanguage\":\"en-US\",\"potentialAction\":[{\"@type\":\"ReadAction\",\"target\":[\"https:\\\/\\\/www.akuryprodukte.de\\\/en\\\/shop\\\/s-58-rauwolfia-serpentina-rauwolfie-schlangenwurz\\\/\"]}]},{\"@type\":\"ImageObject\",\"inLanguage\":\"en-US\",\"@id\":\"https:\\\/\\\/www.akuryprodukte.de\\\/en\\\/shop\\\/s-58-rauwolfia-serpentina-rauwolfie-schlangenwurz\\\/#primaryimage\",\"url\":\"https:\\\/\\\/www.akuryprodukte.de\\\/wp-content\\\/uploads\\\/2026\\\/02\\\/S-58-1.png\",\"contentUrl\":\"https:\\\/\\\/www.akuryprodukte.de\\\/wp-content\\\/uploads\\\/2026\\\/02\\\/S-58-1.png\",\"width\":767,\"height\":767},{\"@type\":\"BreadcrumbList\",\"@id\":\"https:\\\/\\\/www.akuryprodukte.de\\\/en\\\/shop\\\/s-58-rauwolfia-serpentina-rauwolfie-schlangenwurz\\\/#breadcrumb\",\"itemListElement\":[{\"@type\":\"ListItem\",\"position\":1,\"name\":\"Startseite\",\"item\":\"https:\\\/\\\/www.akuryprodukte.de\\\/en\\\/\"},{\"@type\":\"ListItem\",\"position\":2,\"name\":\"Shop\",\"item\":\"https:\\\/\\\/www.akuryprodukte.de\\\/en\\\/shop-en\\\/\"},{\"@type\":\"ListItem\",\"position\":3,\"name\":\"S 58 Rauwolfia serpentina (Rauwolfie \\\/ Schlangenwurz)\"}]},{\"@type\":\"WebSite\",\"@id\":\"https:\\\/\\\/www.akuryprodukte.de\\\/en\\\/#website\",\"url\":\"https:\\\/\\\/www.akuryprodukte.de\\\/en\\\/\",\"name\":\"akury\",\"description\":\"Produkte f\u00fcr Ihr Wohlbefinden\",\"publisher\":{\"@id\":\"https:\\\/\\\/www.akuryprodukte.de\\\/en\\\/#organization\"},\"potentialAction\":[{\"@type\":\"SearchAction\",\"target\":{\"@type\":\"EntryPoint\",\"urlTemplate\":\"https:\\\/\\\/www.akuryprodukte.de\\\/en\\\/?s={search_term_string}\"},\"query-input\":{\"@type\":\"PropertyValueSpecification\",\"valueRequired\":true,\"valueName\":\"search_term_string\"}}],\"inLanguage\":\"en-US\"},{\"@type\":\"Organization\",\"@id\":\"https:\\\/\\\/www.akuryprodukte.de\\\/en\\\/#organization\",\"name\":\"AkuRy GmbH\",\"url\":\"https:\\\/\\\/www.akuryprodukte.de\\\/en\\\/\",\"logo\":{\"@type\":\"ImageObject\",\"inLanguage\":\"en-US\",\"@id\":\"https:\\\/\\\/www.akuryprodukte.de\\\/en\\\/#\\\/schema\\\/logo\\\/image\\\/\",\"url\":\"https:\\\/\\\/www.akuryprodukte.de\\\/wp-content\\\/uploads\\\/2020\\\/09\\\/Logo_AKY-p-512.jpg\",\"contentUrl\":\"https:\\\/\\\/www.akuryprodukte.de\\\/wp-content\\\/uploads\\\/2020\\\/09\\\/Logo_AKY-p-512.jpg\",\"width\":512,\"height\":512,\"caption\":\"AkuRy GmbH\"},\"image\":{\"@id\":\"https:\\\/\\\/www.akuryprodukte.de\\\/en\\\/#\\\/schema\\\/logo\\\/image\\\/\"},\"sameAs\":[\"https:\\\/\\\/de-de.facebook.com\\\/bioenergetischesinformationsmanagement\\\/\",\"https:\\\/\\\/x.com\\\/heiko_wenner\",\"https:\\\/\\\/www.instagram.com\\\/akury_gmbh\\\/\",\"https:\\\/\\\/www.youtube.com\\\/channel\\\/UCyItRPbJUon1m0Gq6kV2Izw\"]}]}<\/script>\n<!-- \/ Yoast SEO plugin. -->","yoast_head_json":{"title":"S 58 Rauwolfia serpentina (Rauwolfie \/ Schlangenwurz) - akury","robots":{"index":"index","follow":"follow","max-snippet":"max-snippet:-1","max-image-preview":"max-image-preview:large","max-video-preview":"max-video-preview:-1"},"canonical":"https:\/\/www.akuryprodukte.de\/en\/shop\/s-58-rauwolfia-serpentina-rauwolfie-schlangenwurz\/","og_locale":"en_US","og_type":"article","og_title":"S 58 Rauwolfia serpentina (Rauwolfie \/ Schlangenwurz) - akury","og_description":"S 58 Rauwolfia serpentina (Rauwolfie \/ Schlangenwurz) Wof\u00fcr es gut ist Rauwolfia serpentina soll \u00fcberh\u00f6hten inneren Druck l\u00f6sen, das sympathische Nervensystem d\u00e4mpfen und einen Zustand tiefer, nachhaltiger Ruhe und Entspannung f\u00f6rdern. Traditionell ist die Wurzel der indischen Schlangenwurz bekannt f\u00fcr ihre stark blutdrucksenkenden, beruhigenden, angstl\u00f6senden und antiadrenerg wirkenden Eigenschaften. In der Spagyrik gilt sie als [&hellip;]","og_url":"https:\/\/www.akuryprodukte.de\/en\/shop\/s-58-rauwolfia-serpentina-rauwolfie-schlangenwurz\/","og_site_name":"akury","article_publisher":"https:\/\/de-de.facebook.com\/bioenergetischesinformationsmanagement\/","article_modified_time":"2026-02-13T11:09:09+00:00","og_image":[{"width":767,"height":767,"url":"https:\/\/www.akuryprodukte.de\/wp-content\/uploads\/2026\/02\/S-58-1.png","type":"image\/png"}],"twitter_card":"summary_large_image","twitter_site":"@heiko_wenner","twitter_misc":{"Est. reading time":"5 minutes"},"schema":{"@context":"https:\/\/schema.org","@graph":[{"@type":"WebPage","@id":"https:\/\/www.akuryprodukte.de\/en\/shop\/s-58-rauwolfia-serpentina-rauwolfie-schlangenwurz\/","url":"https:\/\/www.akuryprodukte.de\/en\/shop\/s-58-rauwolfia-serpentina-rauwolfie-schlangenwurz\/","name":"S 58 Rauwolfia serpentina (Rauwolfie \/ Schlangenwurz) - akury","isPartOf":{"@id":"https:\/\/www.akuryprodukte.de\/en\/#website"},"primaryImageOfPage":{"@id":"https:\/\/www.akuryprodukte.de\/en\/shop\/s-58-rauwolfia-serpentina-rauwolfie-schlangenwurz\/#primaryimage"},"image":{"@id":"https:\/\/www.akuryprodukte.de\/en\/shop\/s-58-rauwolfia-serpentina-rauwolfie-schlangenwurz\/#primaryimage"},"thumbnailUrl":"https:\/\/www.akuryprodukte.de\/wp-content\/uploads\/2026\/02\/S-58-1.png","datePublished":"2026-02-13T11:09:08+00:00","dateModified":"2026-02-13T11:09:09+00:00","breadcrumb":{"@id":"https:\/\/www.akuryprodukte.de\/en\/shop\/s-58-rauwolfia-serpentina-rauwolfie-schlangenwurz\/#breadcrumb"},"inLanguage":"en-US","potentialAction":[{"@type":"ReadAction","target":["https:\/\/www.akuryprodukte.de\/en\/shop\/s-58-rauwolfia-serpentina-rauwolfie-schlangenwurz\/"]}]},{"@type":"ImageObject","inLanguage":"en-US","@id":"https:\/\/www.akuryprodukte.de\/en\/shop\/s-58-rauwolfia-serpentina-rauwolfie-schlangenwurz\/#primaryimage","url":"https:\/\/www.akuryprodukte.de\/wp-content\/uploads\/2026\/02\/S-58-1.png","contentUrl":"https:\/\/www.akuryprodukte.de\/wp-content\/uploads\/2026\/02\/S-58-1.png","width":767,"height":767},{"@type":"BreadcrumbList","@id":"https:\/\/www.akuryprodukte.de\/en\/shop\/s-58-rauwolfia-serpentina-rauwolfie-schlangenwurz\/#breadcrumb","itemListElement":[{"@type":"ListItem","position":1,"name":"Startseite","item":"https:\/\/www.akuryprodukte.de\/en\/"},{"@type":"ListItem","position":2,"name":"Shop","item":"https:\/\/www.akuryprodukte.de\/en\/shop-en\/"},{"@type":"ListItem","position":3,"name":"S 58 Rauwolfia serpentina (Rauwolfie \/ Schlangenwurz)"}]},{"@type":"WebSite","@id":"https:\/\/www.akuryprodukte.de\/en\/#website","url":"https:\/\/www.akuryprodukte.de\/en\/","name":"akury","description":"Produkte f\u00fcr Ihr Wohlbefinden","publisher":{"@id":"https:\/\/www.akuryprodukte.de\/en\/#organization"},"potentialAction":[{"@type":"SearchAction","target":{"@type":"EntryPoint","urlTemplate":"https:\/\/www.akuryprodukte.de\/en\/?s={search_term_string}"},"query-input":{"@type":"PropertyValueSpecification","valueRequired":true,"valueName":"search_term_string"}}],"inLanguage":"en-US"},{"@type":"Organization","@id":"https:\/\/www.akuryprodukte.de\/en\/#organization","name":"AkuRy GmbH","url":"https:\/\/www.akuryprodukte.de\/en\/","logo":{"@type":"ImageObject","inLanguage":"en-US","@id":"https:\/\/www.akuryprodukte.de\/en\/#\/schema\/logo\/image\/","url":"https:\/\/www.akuryprodukte.de\/wp-content\/uploads\/2020\/09\/Logo_AKY-p-512.jpg","contentUrl":"https:\/\/www.akuryprodukte.de\/wp-content\/uploads\/2020\/09\/Logo_AKY-p-512.jpg","width":512,"height":512,"caption":"AkuRy GmbH"},"image":{"@id":"https:\/\/www.akuryprodukte.de\/en\/#\/schema\/logo\/image\/"},"sameAs":["https:\/\/de-de.facebook.com\/bioenergetischesinformationsmanagement\/","https:\/\/x.com\/heiko_wenner","https:\/\/www.instagram.com\/akury_gmbh\/","https:\/\/www.youtube.com\/channel\/UCyItRPbJUon1m0Gq6kV2Izw"]}]}},"_links":{"self":[{"href":"https:\/\/www.akuryprodukte.de\/en\/wp-json\/wp\/v2\/product\/22839","targetHints":{"allow":["GET"]}}],"collection":[{"href":"https:\/\/www.akuryprodukte.de\/en\/wp-json\/wp\/v2\/product"}],"about":[{"href":"https:\/\/www.akuryprodukte.de\/en\/wp-json\/wp\/v2\/types\/product"}],"replies":[{"embeddable":true,"href":"https:\/\/www.akuryprodukte.de\/en\/wp-json\/wp\/v2\/comments?post=22839"}],"wp:featuredmedia":[{"embeddable":true,"href":"https:\/\/www.akuryprodukte.de\/en\/wp-json\/wp\/v2\/media\/22825"}],"wp:attachment":[{"href":"https:\/\/www.akuryprodukte.de\/en\/wp-json\/wp\/v2\/media?parent=22839"}],"wp:term":[{"taxonomy":"product_brand","embeddable":true,"href":"https:\/\/www.akuryprodukte.de\/en\/wp-json\/wp\/v2\/product_brand?post=22839"},{"taxonomy":"product_cat","embeddable":true,"href":"https:\/\/www.akuryprodukte.de\/en\/wp-json\/wp\/v2\/product_cat?post=22839"},{"taxonomy":"product_tag","embeddable":true,"href":"https:\/\/www.akuryprodukte.de\/en\/wp-json\/wp\/v2\/product_tag?post=22839"}],"curies":[{"name":"wp","href":"https:\/\/api.w.org\/{rel}","templated":true}]}}