{"id":22905,"date":"2026-02-24T17:39:04","date_gmt":"2026-02-24T16:39:04","guid":{"rendered":"https:\/\/www.akuryprodukte.de\/?post_type=product&#038;p=22905"},"modified":"2026-02-24T17:39:05","modified_gmt":"2026-02-24T16:39:05","slug":"s-69-thuja-occidentalis-lebensbaum-abendlaendischer-lebensbaum","status":"publish","type":"product","link":"https:\/\/www.akuryprodukte.de\/en\/shop\/s-69-thuja-occidentalis-lebensbaum-abendlaendischer-lebensbaum\/","title":{"rendered":"S 69 Thuja occidentalis (Lebensbaum \/ Abendl\u00e4ndischer Lebensbaum)"},"content":{"rendered":"<p><strong>S 69 Thuja occidentalis (Lebensbaum \/ Abendl\u00e4ndischer Lebensbaum)<\/strong><\/p>\n<p><strong>Wof\u00fcr es gut ist<\/strong><\/p>\n<p>Thuja occidentalis soll \u00fcberm\u00e4\u00dfige Wucherungen aufl\u00f6sen, verborgene Belastungen und Fremdinformationen ausleiten, das Immun- und Lymphsystem harmonisieren und einen Zustand von innerer Klarheit, nat\u00fcrlicher Abgrenzung und regenerierter Eigenkraft f\u00f6rdern. Traditionell ist der immergr\u00fcne Lebensbaum bekannt f\u00fcr seine stark <strong>wartenaufl\u00f6senden<\/strong>, <strong>antiviralen<\/strong>, <strong>lymphreinigenden<\/strong>, <strong>antisykotischen<\/strong> und <strong>impf-folgenausgleichenden<\/strong> Eigenschaften. In der Spagyrik gilt sie als eines der klassischen \u201eAufl\u00f6sungs- und Abgrenzungsmittel\u201c, das besonders bei chronischen, wuchernden, viral bedingten oder impfassoziierten Belastungen hilft \u2013 ohne den Organismus zu schw\u00e4chen. Es eignet sich besonders f\u00fcr Themen wie: \u00b7 Unterst\u00fctzung bei allen Arten von Warzen (Stielwarzen, Feigwarzen, Dornwarzen, Dellwarzen), Polypen, Kondylomen, Papillomen, Herpesausbr\u00fcchen oder Hautwucherungen \u00b7 Linderung von Impffolgen, Impfreaktionen, chronischen Entz\u00fcndungen nach Impfungen, Lymphstau, Autoimmun-Tendenzen oder dem Gef\u00fchl \u201efremde Information sitzt im K\u00f6rper fest\u201c \u00b7 Harmonisierung bei langanhaltender Ersch\u00f6pfung durch virale Belastung, wiederkehrende Haut- und Schleimhautprobleme, Prostatahypertrophie, Nageldeformit\u00e4ten oder dem Gef\u00fchl permanenter innerer \u201e\u00dcberwucherung\u201c und Fremdbestimmung \u00b7 Allgemeine Ausleitungs- und Abgrenzungsf\u00f6rderung bei Menschen mit \u201everschmiertem\u201c Immunsystem, Neigung zu Wucherungen, Impfbelastung als Ausdruck tiefer St\u00f6rung oder dem Bed\u00fcrfnis nach tiefer, nachhaltiger Reinigung und Wiederherstellung der eigenen Grenzen.<\/p>\n<p><strong>Transformationsziele auf der k\u00f6rperlichen Ebene<\/strong> Auf k\u00f6rperlicher Ebene zielt die Essenz darauf ab, pathologische Wucherungen aufzul\u00f6sen, die Lymphe zu reinigen, virale und fremde Belastungen zu mobilisieren und das Immunsystem in seine nat\u00fcrliche Balance zur\u00fcckzuf\u00fchren. Spezifische Ziele umfassen: \u00b7 Intensive F\u00f6rderung der Aufl\u00f6sung von Wucherungen und Fremdgeweben \u2013 als eines der st\u00e4rksten pflanzlichen Mittel in der Spagyrik bei Warzen, Polypen, Kondylomen und impfassoziierten St\u00f6rungen. \u00b7 Aktivierung der Lymph- und Immunreinigung, Linderung entz\u00fcndlicher und wuchernder Prozesse auf Haut und Schleimh\u00e4uten, Unterst\u00fctzung der Ausleitung, Reduktion chronischer Belastungen durch Viren, Impfstoffe oder Toxine. \u00b7 Unterst\u00fctzung der nat\u00fcrlichen Abgrenzung und Regeneration, Harmonisierung des gesamten Ausscheidungs- und Immunsystems, St\u00e4rkung der Eigenregulation, um Symptome wie hartn\u00e4ckige Warzen, Impfreaktionen, chronische Hautausschl\u00e4ge, Prostata-Beschwerden, Nagelerkrankungen, rheumatische Folgen, Herpesrezidive oder Folgen langanhaltender Belastung durch Impfungen, virale Infekte oder Umweltgifte zu transformieren und den \u00dcbergang zu mehr Klarheit, glatter Haut und regenerierter Abwehrkraft zu erm\u00f6glichen. Diese Ziele basieren auf der spagyrischen Idee, dass Thuja occidentalis die Information der immergr\u00fcnen, dichten, sch\u00fctzenden Pflanze tr\u00e4gt \u2013 die sich mit harziger Kraft gegen Eindringlinge abschirmt, \u00fcbersch\u00fcssiges aufl\u00f6st und zugleich ewig vital bleibt \u2013 und diese Qualit\u00e4t von Abgrenzung, Aufl\u00f6sung und Regeneration auf den menschlichen Organismus \u00fcbertr\u00e4gt.<\/p>\n<p><strong>Transformationsziele auf der seelisch-geistigen Ebene<\/strong> Spagyrik betrachtet den Menschen ganzheitlich, daher wirkt Thuja occidentalis auch auf seelischer und geistiger Ebene. Die Transformationsziele hier sind: \u00b7 F\u00f6rderung des Loslassens von innerer \u201e\u00dcberwucherung\u201c, Gef\u00fchlen von Fremdbestimmung, Scham \u00fcber den eigenen K\u00f6rper, unterdr\u00fcckter Wut \u00fcber Verletzungen der Grenzen oder dem Gef\u00fchl \u201einnerlich nicht mehr ich selbst\u201c zu sein, um den \u00dcbergang zu neuer innerer Klarheit, Selbstbestimmung und gesunder Abgrenzung zu unterst\u00fctzen (symbolisch verbunden mit der Pflanze, die sich mit dichter Schale sch\u00fctzt und zugleich ewig gr\u00fcn und lebendig bleibt). \u00b7 Schaffung von emotionaler Reinigung und Schutz, Abgrenzung vor mentaler \u201eVergiftung\u201c durch alte Traumata, Manipulation, toxische Beziehungen oder Impf-assoziierte Schuldgef\u00fchle und Wiederherstellung seelischer Balance, z. B. bei depressiver Verstimmung mit Fremdheitsgef\u00fchl, Gereiztheit durch innere Belastung, Scham \u00fcber Hautwucherungen oder dem Gef\u00fchl \u201enie wirklich frei und eigen zu sein\u201c. \u00b7 Harmonisierung von Seele und Geist, um psychosomatische Haut-, Lymph- und Immunbeschwerden als Ausdruck unterdr\u00fcckter Grenzverletzungen oder fremder Einfl\u00fcsse zu l\u00f6sen und eine ausgeglichene, klare und zugleich vitale Haltung zu f\u00f6rdern. Die Essenz hilft, Wege aus chronischer innerer Fremdbestimmung, Selbstzweifeln, toxischen Bindungen oder dem Gef\u00fchl permanenter \u201e\u00dcbernahme\u201c zu finden, indem sie die Balance zwischen Schutz und Offenheit, Aufl\u00f6sung und Regeneration wiederherstellt und ein Gef\u00fchl von tiefer Eigenkraft, emotionaler Klarheit und erneuerter Lebensfreude vermittelt.<\/p>\n<p><strong>Der AkuRy Chip<\/strong> soll dazu beitragen, die Frequenzen und Schwingungen der Thuja occidentalis \u2013 also die feinstofflichen, informationshaltigen Muster und aufl\u00f6senden, abgrenzenden, lymphreinigenden Eigenfrequenzen des Lebensbaums \u2013 auf sanfte, resonante und kontinuierliche Weise auf den gesamten Organismus zu \u00fcbertragen. Basierend auf dem Prinzip der bioenergetischen Resonanz, dem Naturgesetz der Schwingung und informationsmedizinischen Konzepten soll er die urspr\u00fcnglichen, wuchsenaufl\u00f6senden, antiviralen, impffolgenharmonisierenden und regenerierenden Schwingungsinformationen von Thuja occidentalis verst\u00e4rken, stabilisieren und gezielter in den K\u00f6rper und das feinstoffliche Energiesystem einbringen. Dadurch wird die nat\u00fcrliche Informations\u00fcbertragung der spagyrischen Essenz optimiert, sodass diese tiefer, nachhaltiger und umfassender wirken kann \u2013 sowohl auf der materiellen (k\u00f6rperlichen) als auch auf der feinstofflichen (seelisch-geistigen) Ebene.<\/p>\n<p><strong>Konkret unterst\u00fctzt der Chip dabei:<\/strong><\/p>\n<ul>\n<li>die Transformationseffekte auf k\u00f6rperlicher Ebene deutlich zu intensivieren, indem er die aufl\u00f6senden, reinigenden und abgrenzenden Schwingungsmuster von Thuja occidentalis gezielter in Bereiche wie Haut, Schleimh\u00e4ute, Lymphe, Immunsystem, Prostata, Gelenke oder das gesamte Wucherungs- und Belastungssystem einstr\u00f6men l\u00e4sst. So kann er helfen, Warzen, Impffolgen, chronische Haut- und Schleimhautprobleme, Lymphstau oder Folgen langanhaltender Fremdbelastung schneller zu harmonisieren, die Regeneration zu f\u00f6rdern und den Organismus rascher und stabiler in klare, eigene Balance zur\u00fcckzuf\u00fchren \u2013 f\u00fcr mehr Hautreinheit, Immunkraft und regenerative Tiefe.<\/li>\n<li>die Transformationseffekte auf seelischer und geistiger Ebene sp\u00fcrbar zu verst\u00e4rken, indem er die kl\u00e4renden, sch\u00fctzenden und selbstbestimmungsf\u00f6rdernden Qualit\u00e4ten von Thuja occidentalis (innere Abgrenzung, emotionale Klarheit, \u00dcbergang zu neuer Eigenkraft und Selbstschutz) resonanzst\u00e4rker in das feinstoffliche Energiesystem integriert. Dadurch k\u00f6nnen Gef\u00fchle von Fremdbestimmung, Scham, toxischen Einfl\u00fcssen, innerer \u00dcberwucherung oder Grenzverletzungen leichter gel\u00f6st werden, w\u00e4hrend gleichzeitig ein Gef\u00fchl von tiefer Klarheit, emotionaler St\u00e4rke, geistiger Reinheit und seelischer Erneuerung gest\u00e4rkt wird.<\/li>\n<\/ul>\n<p>&nbsp;<\/p>\n","protected":false},"excerpt":{"rendered":"<p>S 69 Thuja occidentalis (Lebensbaum \/ Abendl\u00e4ndischer Lebensbaum) Wof\u00fcr es gut ist Thuja occidentalis soll \u00fcberm\u00e4\u00dfige Wucherungen aufl\u00f6sen, verborgene Belastungen und Fremdinformationen ausleiten, das Immun- und Lymphsystem harmonisieren und einen Zustand von innerer Klarheit, nat\u00fcrlicher Abgrenzung und regenerierter Eigenkraft f\u00f6rdern. Traditionell ist der immergr\u00fcne Lebensbaum bekannt f\u00fcr seine stark wartenaufl\u00f6senden, antiviralen, lymphreinigenden, antisykotischen und impf-folgenausgleichenden [&hellip;]<\/p>\n","protected":false},"featured_media":22897,"comment_status":"closed","ping_status":"closed","template":"","meta":[],"product_brand":[],"product_cat":[1367],"product_tag":[],"class_list":{"0":"post-22905","1":"product","2":"type-product","3":"status-publish","4":"has-post-thumbnail","6":"product_cat-info-chips-spagyrik","8":"first","9":"instock","10":"taxable","11":"shipping-taxable","12":"purchasable","13":"product-type-simple"},"yoast_head":"<!-- This site is optimized with the Yoast SEO plugin v27.3 - https:\/\/yoast.com\/product\/yoast-seo-wordpress\/ -->\n<title>S 69 Thuja occidentalis (Lebensbaum \/ Abendl\u00e4ndischer Lebensbaum) - akury<\/title>\n<meta name=\"robots\" content=\"index, follow, max-snippet:-1, max-image-preview:large, max-video-preview:-1\" \/>\n<link rel=\"canonical\" href=\"https:\/\/www.akuryprodukte.de\/en\/shop\/s-69-thuja-occidentalis-lebensbaum-abendlaendischer-lebensbaum\/\" \/>\n<meta property=\"og:locale\" content=\"en_US\" \/>\n<meta property=\"og:type\" content=\"article\" \/>\n<meta property=\"og:title\" content=\"S 69 Thuja occidentalis (Lebensbaum \/ Abendl\u00e4ndischer Lebensbaum) - akury\" \/>\n<meta property=\"og:description\" content=\"S 69 Thuja occidentalis (Lebensbaum \/ Abendl\u00e4ndischer Lebensbaum) Wof\u00fcr es gut ist Thuja occidentalis soll \u00fcberm\u00e4\u00dfige Wucherungen aufl\u00f6sen, verborgene Belastungen und Fremdinformationen ausleiten, das Immun- und Lymphsystem harmonisieren und einen Zustand von innerer Klarheit, nat\u00fcrlicher Abgrenzung und regenerierter Eigenkraft f\u00f6rdern. Traditionell ist der immergr\u00fcne Lebensbaum bekannt f\u00fcr seine stark wartenaufl\u00f6senden, antiviralen, lymphreinigenden, antisykotischen und impf-folgenausgleichenden [&hellip;]\" \/>\n<meta property=\"og:url\" content=\"https:\/\/www.akuryprodukte.de\/en\/shop\/s-69-thuja-occidentalis-lebensbaum-abendlaendischer-lebensbaum\/\" \/>\n<meta property=\"og:site_name\" content=\"akury\" \/>\n<meta property=\"article:publisher\" content=\"https:\/\/de-de.facebook.com\/bioenergetischesinformationsmanagement\/\" \/>\n<meta property=\"article:modified_time\" content=\"2026-02-24T16:39:05+00:00\" \/>\n<meta property=\"og:image\" content=\"https:\/\/www.akuryprodukte.de\/wp-content\/uploads\/2026\/02\/S-69-1.png\" \/>\n\t<meta property=\"og:image:width\" content=\"1500\" \/>\n\t<meta property=\"og:image:height\" content=\"1500\" \/>\n\t<meta property=\"og:image:type\" content=\"image\/png\" \/>\n<meta name=\"twitter:card\" content=\"summary_large_image\" \/>\n<meta name=\"twitter:site\" content=\"@heiko_wenner\" \/>\n<meta name=\"twitter:label1\" content=\"Est. reading time\" \/>\n\t<meta name=\"twitter:data1\" content=\"5 minutes\" \/>\n<script type=\"application\/ld+json\" class=\"yoast-schema-graph\">{\"@context\":\"https:\\\/\\\/schema.org\",\"@graph\":[{\"@type\":\"WebPage\",\"@id\":\"https:\\\/\\\/www.akuryprodukte.de\\\/en\\\/shop\\\/s-69-thuja-occidentalis-lebensbaum-abendlaendischer-lebensbaum\\\/\",\"url\":\"https:\\\/\\\/www.akuryprodukte.de\\\/en\\\/shop\\\/s-69-thuja-occidentalis-lebensbaum-abendlaendischer-lebensbaum\\\/\",\"name\":\"S 69 Thuja occidentalis (Lebensbaum \\\/ Abendl\u00e4ndischer Lebensbaum) - akury\",\"isPartOf\":{\"@id\":\"https:\\\/\\\/www.akuryprodukte.de\\\/en\\\/#website\"},\"primaryImageOfPage\":{\"@id\":\"https:\\\/\\\/www.akuryprodukte.de\\\/en\\\/shop\\\/s-69-thuja-occidentalis-lebensbaum-abendlaendischer-lebensbaum\\\/#primaryimage\"},\"image\":{\"@id\":\"https:\\\/\\\/www.akuryprodukte.de\\\/en\\\/shop\\\/s-69-thuja-occidentalis-lebensbaum-abendlaendischer-lebensbaum\\\/#primaryimage\"},\"thumbnailUrl\":\"https:\\\/\\\/www.akuryprodukte.de\\\/wp-content\\\/uploads\\\/2026\\\/02\\\/S-69-1.png\",\"datePublished\":\"2026-02-24T16:39:04+00:00\",\"dateModified\":\"2026-02-24T16:39:05+00:00\",\"breadcrumb\":{\"@id\":\"https:\\\/\\\/www.akuryprodukte.de\\\/en\\\/shop\\\/s-69-thuja-occidentalis-lebensbaum-abendlaendischer-lebensbaum\\\/#breadcrumb\"},\"inLanguage\":\"en-US\",\"potentialAction\":[{\"@type\":\"ReadAction\",\"target\":[\"https:\\\/\\\/www.akuryprodukte.de\\\/en\\\/shop\\\/s-69-thuja-occidentalis-lebensbaum-abendlaendischer-lebensbaum\\\/\"]}]},{\"@type\":\"ImageObject\",\"inLanguage\":\"en-US\",\"@id\":\"https:\\\/\\\/www.akuryprodukte.de\\\/en\\\/shop\\\/s-69-thuja-occidentalis-lebensbaum-abendlaendischer-lebensbaum\\\/#primaryimage\",\"url\":\"https:\\\/\\\/www.akuryprodukte.de\\\/wp-content\\\/uploads\\\/2026\\\/02\\\/S-69-1.png\",\"contentUrl\":\"https:\\\/\\\/www.akuryprodukte.de\\\/wp-content\\\/uploads\\\/2026\\\/02\\\/S-69-1.png\",\"width\":1500,\"height\":1500},{\"@type\":\"BreadcrumbList\",\"@id\":\"https:\\\/\\\/www.akuryprodukte.de\\\/en\\\/shop\\\/s-69-thuja-occidentalis-lebensbaum-abendlaendischer-lebensbaum\\\/#breadcrumb\",\"itemListElement\":[{\"@type\":\"ListItem\",\"position\":1,\"name\":\"Startseite\",\"item\":\"https:\\\/\\\/www.akuryprodukte.de\\\/en\\\/\"},{\"@type\":\"ListItem\",\"position\":2,\"name\":\"Shop\",\"item\":\"https:\\\/\\\/www.akuryprodukte.de\\\/en\\\/shop-en\\\/\"},{\"@type\":\"ListItem\",\"position\":3,\"name\":\"S 69 Thuja occidentalis (Lebensbaum \\\/ Abendl\u00e4ndischer Lebensbaum)\"}]},{\"@type\":\"WebSite\",\"@id\":\"https:\\\/\\\/www.akuryprodukte.de\\\/en\\\/#website\",\"url\":\"https:\\\/\\\/www.akuryprodukte.de\\\/en\\\/\",\"name\":\"akury\",\"description\":\"Produkte f\u00fcr Ihr Wohlbefinden\",\"publisher\":{\"@id\":\"https:\\\/\\\/www.akuryprodukte.de\\\/en\\\/#organization\"},\"potentialAction\":[{\"@type\":\"SearchAction\",\"target\":{\"@type\":\"EntryPoint\",\"urlTemplate\":\"https:\\\/\\\/www.akuryprodukte.de\\\/en\\\/?s={search_term_string}\"},\"query-input\":{\"@type\":\"PropertyValueSpecification\",\"valueRequired\":true,\"valueName\":\"search_term_string\"}}],\"inLanguage\":\"en-US\"},{\"@type\":\"Organization\",\"@id\":\"https:\\\/\\\/www.akuryprodukte.de\\\/en\\\/#organization\",\"name\":\"AkuRy GmbH\",\"url\":\"https:\\\/\\\/www.akuryprodukte.de\\\/en\\\/\",\"logo\":{\"@type\":\"ImageObject\",\"inLanguage\":\"en-US\",\"@id\":\"https:\\\/\\\/www.akuryprodukte.de\\\/en\\\/#\\\/schema\\\/logo\\\/image\\\/\",\"url\":\"https:\\\/\\\/www.akuryprodukte.de\\\/wp-content\\\/uploads\\\/2020\\\/09\\\/Logo_AKY-p-512.jpg\",\"contentUrl\":\"https:\\\/\\\/www.akuryprodukte.de\\\/wp-content\\\/uploads\\\/2020\\\/09\\\/Logo_AKY-p-512.jpg\",\"width\":512,\"height\":512,\"caption\":\"AkuRy GmbH\"},\"image\":{\"@id\":\"https:\\\/\\\/www.akuryprodukte.de\\\/en\\\/#\\\/schema\\\/logo\\\/image\\\/\"},\"sameAs\":[\"https:\\\/\\\/de-de.facebook.com\\\/bioenergetischesinformationsmanagement\\\/\",\"https:\\\/\\\/x.com\\\/heiko_wenner\",\"https:\\\/\\\/www.instagram.com\\\/akury_gmbh\\\/\",\"https:\\\/\\\/www.youtube.com\\\/channel\\\/UCyItRPbJUon1m0Gq6kV2Izw\"]}]}<\/script>\n<!-- \/ Yoast SEO plugin. -->","yoast_head_json":{"title":"S 69 Thuja occidentalis (Lebensbaum \/ Abendl\u00e4ndischer Lebensbaum) - akury","robots":{"index":"index","follow":"follow","max-snippet":"max-snippet:-1","max-image-preview":"max-image-preview:large","max-video-preview":"max-video-preview:-1"},"canonical":"https:\/\/www.akuryprodukte.de\/en\/shop\/s-69-thuja-occidentalis-lebensbaum-abendlaendischer-lebensbaum\/","og_locale":"en_US","og_type":"article","og_title":"S 69 Thuja occidentalis (Lebensbaum \/ Abendl\u00e4ndischer Lebensbaum) - akury","og_description":"S 69 Thuja occidentalis (Lebensbaum \/ Abendl\u00e4ndischer Lebensbaum) Wof\u00fcr es gut ist Thuja occidentalis soll \u00fcberm\u00e4\u00dfige Wucherungen aufl\u00f6sen, verborgene Belastungen und Fremdinformationen ausleiten, das Immun- und Lymphsystem harmonisieren und einen Zustand von innerer Klarheit, nat\u00fcrlicher Abgrenzung und regenerierter Eigenkraft f\u00f6rdern. Traditionell ist der immergr\u00fcne Lebensbaum bekannt f\u00fcr seine stark wartenaufl\u00f6senden, antiviralen, lymphreinigenden, antisykotischen und impf-folgenausgleichenden [&hellip;]","og_url":"https:\/\/www.akuryprodukte.de\/en\/shop\/s-69-thuja-occidentalis-lebensbaum-abendlaendischer-lebensbaum\/","og_site_name":"akury","article_publisher":"https:\/\/de-de.facebook.com\/bioenergetischesinformationsmanagement\/","article_modified_time":"2026-02-24T16:39:05+00:00","og_image":[{"width":1500,"height":1500,"url":"https:\/\/www.akuryprodukte.de\/wp-content\/uploads\/2026\/02\/S-69-1.png","type":"image\/png"}],"twitter_card":"summary_large_image","twitter_site":"@heiko_wenner","twitter_misc":{"Est. reading time":"5 minutes"},"schema":{"@context":"https:\/\/schema.org","@graph":[{"@type":"WebPage","@id":"https:\/\/www.akuryprodukte.de\/en\/shop\/s-69-thuja-occidentalis-lebensbaum-abendlaendischer-lebensbaum\/","url":"https:\/\/www.akuryprodukte.de\/en\/shop\/s-69-thuja-occidentalis-lebensbaum-abendlaendischer-lebensbaum\/","name":"S 69 Thuja occidentalis (Lebensbaum \/ Abendl\u00e4ndischer Lebensbaum) - akury","isPartOf":{"@id":"https:\/\/www.akuryprodukte.de\/en\/#website"},"primaryImageOfPage":{"@id":"https:\/\/www.akuryprodukte.de\/en\/shop\/s-69-thuja-occidentalis-lebensbaum-abendlaendischer-lebensbaum\/#primaryimage"},"image":{"@id":"https:\/\/www.akuryprodukte.de\/en\/shop\/s-69-thuja-occidentalis-lebensbaum-abendlaendischer-lebensbaum\/#primaryimage"},"thumbnailUrl":"https:\/\/www.akuryprodukte.de\/wp-content\/uploads\/2026\/02\/S-69-1.png","datePublished":"2026-02-24T16:39:04+00:00","dateModified":"2026-02-24T16:39:05+00:00","breadcrumb":{"@id":"https:\/\/www.akuryprodukte.de\/en\/shop\/s-69-thuja-occidentalis-lebensbaum-abendlaendischer-lebensbaum\/#breadcrumb"},"inLanguage":"en-US","potentialAction":[{"@type":"ReadAction","target":["https:\/\/www.akuryprodukte.de\/en\/shop\/s-69-thuja-occidentalis-lebensbaum-abendlaendischer-lebensbaum\/"]}]},{"@type":"ImageObject","inLanguage":"en-US","@id":"https:\/\/www.akuryprodukte.de\/en\/shop\/s-69-thuja-occidentalis-lebensbaum-abendlaendischer-lebensbaum\/#primaryimage","url":"https:\/\/www.akuryprodukte.de\/wp-content\/uploads\/2026\/02\/S-69-1.png","contentUrl":"https:\/\/www.akuryprodukte.de\/wp-content\/uploads\/2026\/02\/S-69-1.png","width":1500,"height":1500},{"@type":"BreadcrumbList","@id":"https:\/\/www.akuryprodukte.de\/en\/shop\/s-69-thuja-occidentalis-lebensbaum-abendlaendischer-lebensbaum\/#breadcrumb","itemListElement":[{"@type":"ListItem","position":1,"name":"Startseite","item":"https:\/\/www.akuryprodukte.de\/en\/"},{"@type":"ListItem","position":2,"name":"Shop","item":"https:\/\/www.akuryprodukte.de\/en\/shop-en\/"},{"@type":"ListItem","position":3,"name":"S 69 Thuja occidentalis (Lebensbaum \/ Abendl\u00e4ndischer Lebensbaum)"}]},{"@type":"WebSite","@id":"https:\/\/www.akuryprodukte.de\/en\/#website","url":"https:\/\/www.akuryprodukte.de\/en\/","name":"akury","description":"Produkte f\u00fcr Ihr Wohlbefinden","publisher":{"@id":"https:\/\/www.akuryprodukte.de\/en\/#organization"},"potentialAction":[{"@type":"SearchAction","target":{"@type":"EntryPoint","urlTemplate":"https:\/\/www.akuryprodukte.de\/en\/?s={search_term_string}"},"query-input":{"@type":"PropertyValueSpecification","valueRequired":true,"valueName":"search_term_string"}}],"inLanguage":"en-US"},{"@type":"Organization","@id":"https:\/\/www.akuryprodukte.de\/en\/#organization","name":"AkuRy GmbH","url":"https:\/\/www.akuryprodukte.de\/en\/","logo":{"@type":"ImageObject","inLanguage":"en-US","@id":"https:\/\/www.akuryprodukte.de\/en\/#\/schema\/logo\/image\/","url":"https:\/\/www.akuryprodukte.de\/wp-content\/uploads\/2020\/09\/Logo_AKY-p-512.jpg","contentUrl":"https:\/\/www.akuryprodukte.de\/wp-content\/uploads\/2020\/09\/Logo_AKY-p-512.jpg","width":512,"height":512,"caption":"AkuRy GmbH"},"image":{"@id":"https:\/\/www.akuryprodukte.de\/en\/#\/schema\/logo\/image\/"},"sameAs":["https:\/\/de-de.facebook.com\/bioenergetischesinformationsmanagement\/","https:\/\/x.com\/heiko_wenner","https:\/\/www.instagram.com\/akury_gmbh\/","https:\/\/www.youtube.com\/channel\/UCyItRPbJUon1m0Gq6kV2Izw"]}]}},"_links":{"self":[{"href":"https:\/\/www.akuryprodukte.de\/en\/wp-json\/wp\/v2\/product\/22905","targetHints":{"allow":["GET"]}}],"collection":[{"href":"https:\/\/www.akuryprodukte.de\/en\/wp-json\/wp\/v2\/product"}],"about":[{"href":"https:\/\/www.akuryprodukte.de\/en\/wp-json\/wp\/v2\/types\/product"}],"replies":[{"embeddable":true,"href":"https:\/\/www.akuryprodukte.de\/en\/wp-json\/wp\/v2\/comments?post=22905"}],"wp:featuredmedia":[{"embeddable":true,"href":"https:\/\/www.akuryprodukte.de\/en\/wp-json\/wp\/v2\/media\/22897"}],"wp:attachment":[{"href":"https:\/\/www.akuryprodukte.de\/en\/wp-json\/wp\/v2\/media?parent=22905"}],"wp:term":[{"taxonomy":"product_brand","embeddable":true,"href":"https:\/\/www.akuryprodukte.de\/en\/wp-json\/wp\/v2\/product_brand?post=22905"},{"taxonomy":"product_cat","embeddable":true,"href":"https:\/\/www.akuryprodukte.de\/en\/wp-json\/wp\/v2\/product_cat?post=22905"},{"taxonomy":"product_tag","embeddable":true,"href":"https:\/\/www.akuryprodukte.de\/en\/wp-json\/wp\/v2\/product_tag?post=22905"}],"curies":[{"name":"wp","href":"https:\/\/api.w.org\/{rel}","templated":true}]}}