{"id":6218,"date":"2021-03-05T22:49:38","date_gmt":"2021-03-05T21:49:38","guid":{"rendered":"https:\/\/www.akuryprodukte.de\/?post_type=product&#038;p=6218"},"modified":"2023-05-23T14:43:37","modified_gmt":"2023-05-23T12:43:37","slug":"s-01-scharfgabe-achillea-millefolium","status":"publish","type":"product","link":"https:\/\/www.akuryprodukte.de\/en\/shop\/s-01-scharfgabe-achillea-millefolium\/","title":{"rendered":"S 01 &#8211; Schafgabe \/ Achillea millefolium"},"content":{"rendered":"<p><strong>Energetischer Aspekt<\/strong><\/p>\n<ul>\n<li>Wir sind oft durch Meinungen anderer gepr\u00e4gt, viele befinden sich mit ihrem Bewusstsein oft im Au\u00dfen. Wir nehmen oft kaum wahr wo unsere eigenen Bed\u00fcrfnisse liegen.<br \/>\nBefreiung von sozialen Gebr\u00e4uchen (Angst, was werden die anderen sagen)<\/li>\n<li>sich trauen zu sagen was man m\u00f6chte<\/li>\n<li>Demut &#8211; sich um das Wohl der Gruppe, Gemeinschaft bem\u00fchen<\/li>\n<li>seine Potentiale wiederfinden, wieder mehr bei sich selbst sein, Kraft f\u00fcr eigene Bed\u00fcrfnisse bekommen<\/li>\n<li>hilft Frauen und M\u00e4nnern die weibl. Seite (Yin-Energie) zu entwickeln &#8211; Minderwertigkeitsgef\u00fchle \u00fcberwinden<\/li>\n<\/ul>\n<p><strong>Eines der gr\u00f6\u00dften Frauenmittel.<\/strong><\/p>\n<p><strong>K\u00f6rperliche Aspekte<\/strong><\/p>\n<ul>\n<li>Mittel f\u00fcr Leber-, Blasen- und Nierenbeschwerden<\/li>\n<li>F\u00f6rderung der Gallensekretion<\/li>\n<li>Wechseljahre, Hitzewallungen<\/li>\n<li>Blutkreislauf: blutstillend<\/li>\n<li>Hautflechte, Ekzeme, Akne etc.<\/li>\n<li>Zysten<\/li>\n<\/ul>\n<p>Der S 01 Chip enth\u00e4lt Frequenzen und Informationen, die eine koh\u00e4rente Schwingung erzeugen, welchen die inkoh\u00e4renten energetischen und k\u00f6rperlichen Aspekte wieder ordnen und den Regenerationsprozess unterst\u00fctzen sollen.<\/p>\n","protected":false},"excerpt":{"rendered":"<p>Energetischer Aspekt Wir sind oft durch Meinungen anderer gepr\u00e4gt, viele befinden sich mit ihrem Bewusstsein oft im Au\u00dfen. Wir nehmen oft kaum wahr wo unsere eigenen Bed\u00fcrfnisse liegen. Befreiung von sozialen Gebr\u00e4uchen (Angst, was werden die anderen sagen) sich trauen zu sagen was man m\u00f6chte Demut &#8211; sich um das Wohl der Gruppe, Gemeinschaft bem\u00fchen [&hellip;]<\/p>\n","protected":false},"featured_media":7098,"comment_status":"open","ping_status":"closed","template":"","meta":[],"product_brand":[],"product_cat":[3012,490,1367,1705],"product_tag":[],"class_list":{"0":"post-6218","1":"product","2":"type-product","3":"status-publish","4":"has-post-thumbnail","6":"product_cat-info-chips-frauen-und-maennerprobleme","7":"product_cat-info-chips-themenbereiche","8":"product_cat-info-chips-spagyrik","9":"product_cat-info-chips-spagyrik-essenzen","11":"first","12":"instock","13":"taxable","14":"shipping-taxable","15":"purchasable","16":"product-type-simple"},"yoast_head":"<!-- This site is optimized with the Yoast SEO plugin v27.3 - https:\/\/yoast.com\/product\/yoast-seo-wordpress\/ -->\n<title>S 01 - Schafgabe \/ Achillea millefolium - akury<\/title>\n<meta name=\"robots\" content=\"index, follow, max-snippet:-1, max-image-preview:large, max-video-preview:-1\" \/>\n<link rel=\"canonical\" href=\"https:\/\/www.akuryprodukte.de\/en\/shop\/s-01-scharfgabe-achillea-millefolium\/\" \/>\n<meta property=\"og:locale\" content=\"en_US\" \/>\n<meta property=\"og:type\" content=\"article\" \/>\n<meta property=\"og:title\" content=\"S 01 - Schafgabe \/ Achillea millefolium - akury\" \/>\n<meta property=\"og:description\" content=\"Energetischer Aspekt Wir sind oft durch Meinungen anderer gepr\u00e4gt, viele befinden sich mit ihrem Bewusstsein oft im Au\u00dfen. Wir nehmen oft kaum wahr wo unsere eigenen Bed\u00fcrfnisse liegen. Befreiung von sozialen Gebr\u00e4uchen (Angst, was werden die anderen sagen) sich trauen zu sagen was man m\u00f6chte Demut &#8211; sich um das Wohl der Gruppe, Gemeinschaft bem\u00fchen [&hellip;]\" \/>\n<meta property=\"og:url\" content=\"https:\/\/www.akuryprodukte.de\/en\/shop\/s-01-scharfgabe-achillea-millefolium\/\" \/>\n<meta property=\"og:site_name\" content=\"akury\" \/>\n<meta property=\"article:publisher\" content=\"https:\/\/de-de.facebook.com\/bioenergetischesinformationsmanagement\/\" \/>\n<meta property=\"article:modified_time\" content=\"2023-05-23T12:43:37+00:00\" \/>\n<meta property=\"og:image\" content=\"https:\/\/www.akuryprodukte.de\/wp-content\/uploads\/2021\/05\/S_01_0453.jpg\" \/>\n\t<meta property=\"og:image:width\" content=\"550\" \/>\n\t<meta property=\"og:image:height\" content=\"550\" \/>\n\t<meta property=\"og:image:type\" content=\"image\/jpeg\" \/>\n<meta name=\"twitter:card\" content=\"summary_large_image\" \/>\n<meta name=\"twitter:site\" content=\"@heiko_wenner\" \/>\n<meta name=\"twitter:label1\" content=\"Est. reading time\" \/>\n\t<meta name=\"twitter:data1\" content=\"1 minute\" \/>\n<script type=\"application\/ld+json\" class=\"yoast-schema-graph\">{\"@context\":\"https:\\\/\\\/schema.org\",\"@graph\":[{\"@type\":\"WebPage\",\"@id\":\"https:\\\/\\\/www.akuryprodukte.de\\\/en\\\/shop\\\/s-01-scharfgabe-achillea-millefolium\\\/\",\"url\":\"https:\\\/\\\/www.akuryprodukte.de\\\/en\\\/shop\\\/s-01-scharfgabe-achillea-millefolium\\\/\",\"name\":\"S 01 - Schafgabe \\\/ Achillea millefolium - akury\",\"isPartOf\":{\"@id\":\"https:\\\/\\\/www.akuryprodukte.de\\\/en\\\/#website\"},\"primaryImageOfPage\":{\"@id\":\"https:\\\/\\\/www.akuryprodukte.de\\\/en\\\/shop\\\/s-01-scharfgabe-achillea-millefolium\\\/#primaryimage\"},\"image\":{\"@id\":\"https:\\\/\\\/www.akuryprodukte.de\\\/en\\\/shop\\\/s-01-scharfgabe-achillea-millefolium\\\/#primaryimage\"},\"thumbnailUrl\":\"https:\\\/\\\/www.akuryprodukte.de\\\/wp-content\\\/uploads\\\/2021\\\/05\\\/S_01_0453.jpg\",\"datePublished\":\"2021-03-05T21:49:38+00:00\",\"dateModified\":\"2023-05-23T12:43:37+00:00\",\"breadcrumb\":{\"@id\":\"https:\\\/\\\/www.akuryprodukte.de\\\/en\\\/shop\\\/s-01-scharfgabe-achillea-millefolium\\\/#breadcrumb\"},\"inLanguage\":\"en-US\",\"potentialAction\":[{\"@type\":\"ReadAction\",\"target\":[\"https:\\\/\\\/www.akuryprodukte.de\\\/en\\\/shop\\\/s-01-scharfgabe-achillea-millefolium\\\/\"]}]},{\"@type\":\"ImageObject\",\"inLanguage\":\"en-US\",\"@id\":\"https:\\\/\\\/www.akuryprodukte.de\\\/en\\\/shop\\\/s-01-scharfgabe-achillea-millefolium\\\/#primaryimage\",\"url\":\"https:\\\/\\\/www.akuryprodukte.de\\\/wp-content\\\/uploads\\\/2021\\\/05\\\/S_01_0453.jpg\",\"contentUrl\":\"https:\\\/\\\/www.akuryprodukte.de\\\/wp-content\\\/uploads\\\/2021\\\/05\\\/S_01_0453.jpg\",\"width\":550,\"height\":550,\"caption\":\"akury Information-Chips - Spagyric\"},{\"@type\":\"BreadcrumbList\",\"@id\":\"https:\\\/\\\/www.akuryprodukte.de\\\/en\\\/shop\\\/s-01-scharfgabe-achillea-millefolium\\\/#breadcrumb\",\"itemListElement\":[{\"@type\":\"ListItem\",\"position\":1,\"name\":\"Startseite\",\"item\":\"https:\\\/\\\/www.akuryprodukte.de\\\/en\\\/\"},{\"@type\":\"ListItem\",\"position\":2,\"name\":\"Shop\",\"item\":\"https:\\\/\\\/www.akuryprodukte.de\\\/en\\\/shop-en\\\/\"},{\"@type\":\"ListItem\",\"position\":3,\"name\":\"S 01 &#8211; Schafgabe \\\/ Achillea millefolium\"}]},{\"@type\":\"WebSite\",\"@id\":\"https:\\\/\\\/www.akuryprodukte.de\\\/en\\\/#website\",\"url\":\"https:\\\/\\\/www.akuryprodukte.de\\\/en\\\/\",\"name\":\"akury\",\"description\":\"Produkte f\u00fcr Ihr Wohlbefinden\",\"publisher\":{\"@id\":\"https:\\\/\\\/www.akuryprodukte.de\\\/en\\\/#organization\"},\"potentialAction\":[{\"@type\":\"SearchAction\",\"target\":{\"@type\":\"EntryPoint\",\"urlTemplate\":\"https:\\\/\\\/www.akuryprodukte.de\\\/en\\\/?s={search_term_string}\"},\"query-input\":{\"@type\":\"PropertyValueSpecification\",\"valueRequired\":true,\"valueName\":\"search_term_string\"}}],\"inLanguage\":\"en-US\"},{\"@type\":\"Organization\",\"@id\":\"https:\\\/\\\/www.akuryprodukte.de\\\/en\\\/#organization\",\"name\":\"AkuRy GmbH\",\"url\":\"https:\\\/\\\/www.akuryprodukte.de\\\/en\\\/\",\"logo\":{\"@type\":\"ImageObject\",\"inLanguage\":\"en-US\",\"@id\":\"https:\\\/\\\/www.akuryprodukte.de\\\/en\\\/#\\\/schema\\\/logo\\\/image\\\/\",\"url\":\"https:\\\/\\\/www.akuryprodukte.de\\\/wp-content\\\/uploads\\\/2020\\\/09\\\/Logo_AKY-p-512.jpg\",\"contentUrl\":\"https:\\\/\\\/www.akuryprodukte.de\\\/wp-content\\\/uploads\\\/2020\\\/09\\\/Logo_AKY-p-512.jpg\",\"width\":512,\"height\":512,\"caption\":\"AkuRy GmbH\"},\"image\":{\"@id\":\"https:\\\/\\\/www.akuryprodukte.de\\\/en\\\/#\\\/schema\\\/logo\\\/image\\\/\"},\"sameAs\":[\"https:\\\/\\\/de-de.facebook.com\\\/bioenergetischesinformationsmanagement\\\/\",\"https:\\\/\\\/x.com\\\/heiko_wenner\",\"https:\\\/\\\/www.instagram.com\\\/akury_gmbh\\\/\",\"https:\\\/\\\/www.youtube.com\\\/channel\\\/UCyItRPbJUon1m0Gq6kV2Izw\"]}]}<\/script>\n<!-- \/ Yoast SEO plugin. -->","yoast_head_json":{"title":"S 01 - Schafgabe \/ Achillea millefolium - akury","robots":{"index":"index","follow":"follow","max-snippet":"max-snippet:-1","max-image-preview":"max-image-preview:large","max-video-preview":"max-video-preview:-1"},"canonical":"https:\/\/www.akuryprodukte.de\/en\/shop\/s-01-scharfgabe-achillea-millefolium\/","og_locale":"en_US","og_type":"article","og_title":"S 01 - Schafgabe \/ Achillea millefolium - akury","og_description":"Energetischer Aspekt Wir sind oft durch Meinungen anderer gepr\u00e4gt, viele befinden sich mit ihrem Bewusstsein oft im Au\u00dfen. Wir nehmen oft kaum wahr wo unsere eigenen Bed\u00fcrfnisse liegen. Befreiung von sozialen Gebr\u00e4uchen (Angst, was werden die anderen sagen) sich trauen zu sagen was man m\u00f6chte Demut &#8211; sich um das Wohl der Gruppe, Gemeinschaft bem\u00fchen [&hellip;]","og_url":"https:\/\/www.akuryprodukte.de\/en\/shop\/s-01-scharfgabe-achillea-millefolium\/","og_site_name":"akury","article_publisher":"https:\/\/de-de.facebook.com\/bioenergetischesinformationsmanagement\/","article_modified_time":"2023-05-23T12:43:37+00:00","og_image":[{"width":550,"height":550,"url":"https:\/\/www.akuryprodukte.de\/wp-content\/uploads\/2021\/05\/S_01_0453.jpg","type":"image\/jpeg"}],"twitter_card":"summary_large_image","twitter_site":"@heiko_wenner","twitter_misc":{"Est. reading time":"1 minute"},"schema":{"@context":"https:\/\/schema.org","@graph":[{"@type":"WebPage","@id":"https:\/\/www.akuryprodukte.de\/en\/shop\/s-01-scharfgabe-achillea-millefolium\/","url":"https:\/\/www.akuryprodukte.de\/en\/shop\/s-01-scharfgabe-achillea-millefolium\/","name":"S 01 - Schafgabe \/ Achillea millefolium - akury","isPartOf":{"@id":"https:\/\/www.akuryprodukte.de\/en\/#website"},"primaryImageOfPage":{"@id":"https:\/\/www.akuryprodukte.de\/en\/shop\/s-01-scharfgabe-achillea-millefolium\/#primaryimage"},"image":{"@id":"https:\/\/www.akuryprodukte.de\/en\/shop\/s-01-scharfgabe-achillea-millefolium\/#primaryimage"},"thumbnailUrl":"https:\/\/www.akuryprodukte.de\/wp-content\/uploads\/2021\/05\/S_01_0453.jpg","datePublished":"2021-03-05T21:49:38+00:00","dateModified":"2023-05-23T12:43:37+00:00","breadcrumb":{"@id":"https:\/\/www.akuryprodukte.de\/en\/shop\/s-01-scharfgabe-achillea-millefolium\/#breadcrumb"},"inLanguage":"en-US","potentialAction":[{"@type":"ReadAction","target":["https:\/\/www.akuryprodukte.de\/en\/shop\/s-01-scharfgabe-achillea-millefolium\/"]}]},{"@type":"ImageObject","inLanguage":"en-US","@id":"https:\/\/www.akuryprodukte.de\/en\/shop\/s-01-scharfgabe-achillea-millefolium\/#primaryimage","url":"https:\/\/www.akuryprodukte.de\/wp-content\/uploads\/2021\/05\/S_01_0453.jpg","contentUrl":"https:\/\/www.akuryprodukte.de\/wp-content\/uploads\/2021\/05\/S_01_0453.jpg","width":550,"height":550,"caption":"akury Information-Chips - Spagyric"},{"@type":"BreadcrumbList","@id":"https:\/\/www.akuryprodukte.de\/en\/shop\/s-01-scharfgabe-achillea-millefolium\/#breadcrumb","itemListElement":[{"@type":"ListItem","position":1,"name":"Startseite","item":"https:\/\/www.akuryprodukte.de\/en\/"},{"@type":"ListItem","position":2,"name":"Shop","item":"https:\/\/www.akuryprodukte.de\/en\/shop-en\/"},{"@type":"ListItem","position":3,"name":"S 01 &#8211; Schafgabe \/ Achillea millefolium"}]},{"@type":"WebSite","@id":"https:\/\/www.akuryprodukte.de\/en\/#website","url":"https:\/\/www.akuryprodukte.de\/en\/","name":"akury","description":"Produkte f\u00fcr Ihr Wohlbefinden","publisher":{"@id":"https:\/\/www.akuryprodukte.de\/en\/#organization"},"potentialAction":[{"@type":"SearchAction","target":{"@type":"EntryPoint","urlTemplate":"https:\/\/www.akuryprodukte.de\/en\/?s={search_term_string}"},"query-input":{"@type":"PropertyValueSpecification","valueRequired":true,"valueName":"search_term_string"}}],"inLanguage":"en-US"},{"@type":"Organization","@id":"https:\/\/www.akuryprodukte.de\/en\/#organization","name":"AkuRy GmbH","url":"https:\/\/www.akuryprodukte.de\/en\/","logo":{"@type":"ImageObject","inLanguage":"en-US","@id":"https:\/\/www.akuryprodukte.de\/en\/#\/schema\/logo\/image\/","url":"https:\/\/www.akuryprodukte.de\/wp-content\/uploads\/2020\/09\/Logo_AKY-p-512.jpg","contentUrl":"https:\/\/www.akuryprodukte.de\/wp-content\/uploads\/2020\/09\/Logo_AKY-p-512.jpg","width":512,"height":512,"caption":"AkuRy GmbH"},"image":{"@id":"https:\/\/www.akuryprodukte.de\/en\/#\/schema\/logo\/image\/"},"sameAs":["https:\/\/de-de.facebook.com\/bioenergetischesinformationsmanagement\/","https:\/\/x.com\/heiko_wenner","https:\/\/www.instagram.com\/akury_gmbh\/","https:\/\/www.youtube.com\/channel\/UCyItRPbJUon1m0Gq6kV2Izw"]}]}},"_links":{"self":[{"href":"https:\/\/www.akuryprodukte.de\/en\/wp-json\/wp\/v2\/product\/6218","targetHints":{"allow":["GET"]}}],"collection":[{"href":"https:\/\/www.akuryprodukte.de\/en\/wp-json\/wp\/v2\/product"}],"about":[{"href":"https:\/\/www.akuryprodukte.de\/en\/wp-json\/wp\/v2\/types\/product"}],"replies":[{"embeddable":true,"href":"https:\/\/www.akuryprodukte.de\/en\/wp-json\/wp\/v2\/comments?post=6218"}],"wp:featuredmedia":[{"embeddable":true,"href":"https:\/\/www.akuryprodukte.de\/en\/wp-json\/wp\/v2\/media\/7098"}],"wp:attachment":[{"href":"https:\/\/www.akuryprodukte.de\/en\/wp-json\/wp\/v2\/media?parent=6218"}],"wp:term":[{"taxonomy":"product_brand","embeddable":true,"href":"https:\/\/www.akuryprodukte.de\/en\/wp-json\/wp\/v2\/product_brand?post=6218"},{"taxonomy":"product_cat","embeddable":true,"href":"https:\/\/www.akuryprodukte.de\/en\/wp-json\/wp\/v2\/product_cat?post=6218"},{"taxonomy":"product_tag","embeddable":true,"href":"https:\/\/www.akuryprodukte.de\/en\/wp-json\/wp\/v2\/product_tag?post=6218"}],"curies":[{"name":"wp","href":"https:\/\/api.w.org\/{rel}","templated":true}]}}