{"id":6222,"date":"2021-03-06T14:43:31","date_gmt":"2021-03-06T13:43:31","guid":{"rendered":"https:\/\/www.akuryprodukte.de\/?post_type=product&#038;p=6222"},"modified":"2023-05-24T10:32:26","modified_gmt":"2023-05-24T08:32:26","slug":"s-32-schachtelhalm-equisetum-arvense","status":"publish","type":"product","link":"https:\/\/www.akuryprodukte.de\/en\/shop\/s-32-schachtelhalm-equisetum-arvense\/","title":{"rendered":"S 32 &#8211; Schachtelhalm \/ Equisetum arvense"},"content":{"rendered":"<p><strong>Energetischer Aspekt<\/strong><\/p>\n<ul>\n<li>Hindernisse und Schwierigkeiten im Leben \u00fcberwinden oder umgehen und dabei im Gleichgewicht bleiben<\/li>\n<li>Gleichgewicht, um die zahlreichen Anforderungen seines Umfeldes zu meistern, um Problem f\u00fcr Problem zu l\u00f6sen<\/li>\n<li>Pflanze der Stabilit\u00e4t = Wirbels\u00e4ule. Sich aufrichten. Vertikalit\u00e4t des Menschen. Gibt uns Vertrauen, hilft, Entscheidungen zu treffen. Realismus.<\/li>\n<\/ul>\n<p><strong>K\u00f6rperliche Aspekte<\/strong><\/p>\n<ul>\n<li>Blase\/Nierenpflanze, Ausleitung.<\/li>\n<li>Schwierigkeiten beim Harnlassen, Sand im Urin, Blase ist empfindlich auf Ber\u00fchrung, Brennen beim Urinieren, Zystitis, Bettn\u00e4ssen, geschwollene Tr\u00e4nens\u00e4cke; Nierensteine<\/li>\n<li>\u00d6deme<\/li>\n<li>Knochen- und Hautsystem: remineralisierend durch hohen Anteil an Silizium: Knochen, Z\u00e4hne, Haare, N\u00e4gel, stimuliert die Collagenproduktion, f\u00f6rdert die Regenerierung von besch\u00e4digtem\/verletztem Gewebe (Geschw\u00fcre \u2026)<\/li>\n<li>Osteoporose, Rheuma, Arthrose, Knochenbr\u00fcche. enth\u00e4lt viel Silizium Knochensystem. Enth\u00e4lt nach Cynara die meisten Mineralsalze, erh\u00f6ht die Resistenz des Bindegewebes, Kniebeschwerden.<\/li>\n<\/ul>\n<p>Der S 32 Chip enth\u00e4lt Frequenzen und Informationen, die eine koh\u00e4rente Schwingung erzeugen, welchen die inkoh\u00e4renten energetischen und k\u00f6rperlichen Aspekte wieder ordnen und den Regenerationsprozess unterst\u00fctzen sollen.<\/p>\n","protected":false},"excerpt":{"rendered":"<p>Energetischer Aspekt Hindernisse und Schwierigkeiten im Leben \u00fcberwinden oder umgehen und dabei im Gleichgewicht bleiben Gleichgewicht, um die zahlreichen Anforderungen seines Umfeldes zu meistern, um Problem f\u00fcr Problem zu l\u00f6sen Pflanze der Stabilit\u00e4t = Wirbels\u00e4ule. Sich aufrichten. Vertikalit\u00e4t des Menschen. Gibt uns Vertrauen, hilft, Entscheidungen zu treffen. Realismus. K\u00f6rperliche Aspekte Blase\/Nierenpflanze, Ausleitung. Schwierigkeiten beim Harnlassen, [&hellip;]<\/p>\n","protected":false},"featured_media":7100,"comment_status":"open","ping_status":"closed","template":"","meta":[],"product_brand":[],"product_cat":[3010,2007,1367,1705],"product_tag":[],"class_list":{"0":"post-6222","1":"product","2":"type-product","3":"status-publish","4":"has-post-thumbnail","6":"product_cat-info-chips-organe-blutgefaesse-gewebe","7":"product_cat-info-chips-stoffwechsel","8":"product_cat-info-chips-spagyrik","9":"product_cat-info-chips-spagyrik-essenzen","11":"first","12":"instock","13":"taxable","14":"shipping-taxable","15":"purchasable","16":"product-type-simple"},"yoast_head":"<!-- This site is optimized with the Yoast SEO plugin v27.4 - https:\/\/yoast.com\/product\/yoast-seo-wordpress\/ -->\n<title>S 32 - Schachtelhalm \/ Equisetum arvense - akury<\/title>\n<meta name=\"robots\" content=\"index, follow, max-snippet:-1, max-image-preview:large, max-video-preview:-1\" \/>\n<link rel=\"canonical\" href=\"https:\/\/www.akuryprodukte.de\/en\/shop\/s-32-schachtelhalm-equisetum-arvense\/\" \/>\n<meta property=\"og:locale\" content=\"en_US\" \/>\n<meta property=\"og:type\" content=\"article\" \/>\n<meta property=\"og:title\" content=\"S 32 - Schachtelhalm \/ Equisetum arvense - akury\" \/>\n<meta property=\"og:description\" content=\"Energetischer Aspekt Hindernisse und Schwierigkeiten im Leben \u00fcberwinden oder umgehen und dabei im Gleichgewicht bleiben Gleichgewicht, um die zahlreichen Anforderungen seines Umfeldes zu meistern, um Problem f\u00fcr Problem zu l\u00f6sen Pflanze der Stabilit\u00e4t = Wirbels\u00e4ule. Sich aufrichten. Vertikalit\u00e4t des Menschen. Gibt uns Vertrauen, hilft, Entscheidungen zu treffen. Realismus. K\u00f6rperliche Aspekte Blase\/Nierenpflanze, Ausleitung. Schwierigkeiten beim Harnlassen, [&hellip;]\" \/>\n<meta property=\"og:url\" content=\"https:\/\/www.akuryprodukte.de\/en\/shop\/s-32-schachtelhalm-equisetum-arvense\/\" \/>\n<meta property=\"og:site_name\" content=\"akury\" \/>\n<meta property=\"article:publisher\" content=\"https:\/\/de-de.facebook.com\/bioenergetischesinformationsmanagement\/\" \/>\n<meta property=\"article:modified_time\" content=\"2023-05-24T08:32:26+00:00\" \/>\n<meta property=\"og:image\" content=\"https:\/\/www.akuryprodukte.de\/wp-content\/uploads\/2021\/05\/S_32_0454.jpg\" \/>\n\t<meta property=\"og:image:width\" content=\"550\" \/>\n\t<meta property=\"og:image:height\" content=\"550\" \/>\n\t<meta property=\"og:image:type\" content=\"image\/jpeg\" \/>\n<meta name=\"twitter:card\" content=\"summary_large_image\" \/>\n<meta name=\"twitter:site\" content=\"@heiko_wenner\" \/>\n<meta name=\"twitter:label1\" content=\"Est. reading time\" \/>\n\t<meta name=\"twitter:data1\" content=\"1 minute\" \/>\n<script type=\"application\/ld+json\" class=\"yoast-schema-graph\">{\"@context\":\"https:\\\/\\\/schema.org\",\"@graph\":[{\"@type\":\"WebPage\",\"@id\":\"https:\\\/\\\/www.akuryprodukte.de\\\/en\\\/shop\\\/s-32-schachtelhalm-equisetum-arvense\\\/\",\"url\":\"https:\\\/\\\/www.akuryprodukte.de\\\/en\\\/shop\\\/s-32-schachtelhalm-equisetum-arvense\\\/\",\"name\":\"S 32 - Schachtelhalm \\\/ Equisetum arvense - akury\",\"isPartOf\":{\"@id\":\"https:\\\/\\\/www.akuryprodukte.de\\\/en\\\/#website\"},\"primaryImageOfPage\":{\"@id\":\"https:\\\/\\\/www.akuryprodukte.de\\\/en\\\/shop\\\/s-32-schachtelhalm-equisetum-arvense\\\/#primaryimage\"},\"image\":{\"@id\":\"https:\\\/\\\/www.akuryprodukte.de\\\/en\\\/shop\\\/s-32-schachtelhalm-equisetum-arvense\\\/#primaryimage\"},\"thumbnailUrl\":\"https:\\\/\\\/www.akuryprodukte.de\\\/wp-content\\\/uploads\\\/2021\\\/05\\\/S_32_0454.jpg\",\"datePublished\":\"2021-03-06T13:43:31+00:00\",\"dateModified\":\"2023-05-24T08:32:26+00:00\",\"breadcrumb\":{\"@id\":\"https:\\\/\\\/www.akuryprodukte.de\\\/en\\\/shop\\\/s-32-schachtelhalm-equisetum-arvense\\\/#breadcrumb\"},\"inLanguage\":\"en-US\",\"potentialAction\":[{\"@type\":\"ReadAction\",\"target\":[\"https:\\\/\\\/www.akuryprodukte.de\\\/en\\\/shop\\\/s-32-schachtelhalm-equisetum-arvense\\\/\"]}]},{\"@type\":\"ImageObject\",\"inLanguage\":\"en-US\",\"@id\":\"https:\\\/\\\/www.akuryprodukte.de\\\/en\\\/shop\\\/s-32-schachtelhalm-equisetum-arvense\\\/#primaryimage\",\"url\":\"https:\\\/\\\/www.akuryprodukte.de\\\/wp-content\\\/uploads\\\/2021\\\/05\\\/S_32_0454.jpg\",\"contentUrl\":\"https:\\\/\\\/www.akuryprodukte.de\\\/wp-content\\\/uploads\\\/2021\\\/05\\\/S_32_0454.jpg\",\"width\":550,\"height\":550,\"caption\":\"akury Information-Chips - Spagyric\"},{\"@type\":\"BreadcrumbList\",\"@id\":\"https:\\\/\\\/www.akuryprodukte.de\\\/en\\\/shop\\\/s-32-schachtelhalm-equisetum-arvense\\\/#breadcrumb\",\"itemListElement\":[{\"@type\":\"ListItem\",\"position\":1,\"name\":\"Startseite\",\"item\":\"https:\\\/\\\/www.akuryprodukte.de\\\/en\\\/\"},{\"@type\":\"ListItem\",\"position\":2,\"name\":\"Shop\",\"item\":\"https:\\\/\\\/www.akuryprodukte.de\\\/en\\\/shop-en\\\/\"},{\"@type\":\"ListItem\",\"position\":3,\"name\":\"S 32 &#8211; Schachtelhalm \\\/ Equisetum arvense\"}]},{\"@type\":\"WebSite\",\"@id\":\"https:\\\/\\\/www.akuryprodukte.de\\\/en\\\/#website\",\"url\":\"https:\\\/\\\/www.akuryprodukte.de\\\/en\\\/\",\"name\":\"akury\",\"description\":\"Produkte f\u00fcr Ihr Wohlbefinden\",\"publisher\":{\"@id\":\"https:\\\/\\\/www.akuryprodukte.de\\\/en\\\/#organization\"},\"potentialAction\":[{\"@type\":\"SearchAction\",\"target\":{\"@type\":\"EntryPoint\",\"urlTemplate\":\"https:\\\/\\\/www.akuryprodukte.de\\\/en\\\/?s={search_term_string}\"},\"query-input\":{\"@type\":\"PropertyValueSpecification\",\"valueRequired\":true,\"valueName\":\"search_term_string\"}}],\"inLanguage\":\"en-US\"},{\"@type\":\"Organization\",\"@id\":\"https:\\\/\\\/www.akuryprodukte.de\\\/en\\\/#organization\",\"name\":\"AkuRy GmbH\",\"url\":\"https:\\\/\\\/www.akuryprodukte.de\\\/en\\\/\",\"logo\":{\"@type\":\"ImageObject\",\"inLanguage\":\"en-US\",\"@id\":\"https:\\\/\\\/www.akuryprodukte.de\\\/en\\\/#\\\/schema\\\/logo\\\/image\\\/\",\"url\":\"https:\\\/\\\/www.akuryprodukte.de\\\/wp-content\\\/uploads\\\/2020\\\/09\\\/Logo_AKY-p-512.jpg\",\"contentUrl\":\"https:\\\/\\\/www.akuryprodukte.de\\\/wp-content\\\/uploads\\\/2020\\\/09\\\/Logo_AKY-p-512.jpg\",\"width\":512,\"height\":512,\"caption\":\"AkuRy GmbH\"},\"image\":{\"@id\":\"https:\\\/\\\/www.akuryprodukte.de\\\/en\\\/#\\\/schema\\\/logo\\\/image\\\/\"},\"sameAs\":[\"https:\\\/\\\/de-de.facebook.com\\\/bioenergetischesinformationsmanagement\\\/\",\"https:\\\/\\\/x.com\\\/heiko_wenner\",\"https:\\\/\\\/www.instagram.com\\\/akury_gmbh\\\/\",\"https:\\\/\\\/www.youtube.com\\\/channel\\\/UCyItRPbJUon1m0Gq6kV2Izw\"]}]}<\/script>\n<!-- \/ Yoast SEO plugin. -->","yoast_head_json":{"title":"S 32 - Schachtelhalm \/ Equisetum arvense - akury","robots":{"index":"index","follow":"follow","max-snippet":"max-snippet:-1","max-image-preview":"max-image-preview:large","max-video-preview":"max-video-preview:-1"},"canonical":"https:\/\/www.akuryprodukte.de\/en\/shop\/s-32-schachtelhalm-equisetum-arvense\/","og_locale":"en_US","og_type":"article","og_title":"S 32 - Schachtelhalm \/ Equisetum arvense - akury","og_description":"Energetischer Aspekt Hindernisse und Schwierigkeiten im Leben \u00fcberwinden oder umgehen und dabei im Gleichgewicht bleiben Gleichgewicht, um die zahlreichen Anforderungen seines Umfeldes zu meistern, um Problem f\u00fcr Problem zu l\u00f6sen Pflanze der Stabilit\u00e4t = Wirbels\u00e4ule. Sich aufrichten. Vertikalit\u00e4t des Menschen. Gibt uns Vertrauen, hilft, Entscheidungen zu treffen. Realismus. K\u00f6rperliche Aspekte Blase\/Nierenpflanze, Ausleitung. Schwierigkeiten beim Harnlassen, [&hellip;]","og_url":"https:\/\/www.akuryprodukte.de\/en\/shop\/s-32-schachtelhalm-equisetum-arvense\/","og_site_name":"akury","article_publisher":"https:\/\/de-de.facebook.com\/bioenergetischesinformationsmanagement\/","article_modified_time":"2023-05-24T08:32:26+00:00","og_image":[{"width":550,"height":550,"url":"https:\/\/www.akuryprodukte.de\/wp-content\/uploads\/2021\/05\/S_32_0454.jpg","type":"image\/jpeg"}],"twitter_card":"summary_large_image","twitter_site":"@heiko_wenner","twitter_misc":{"Est. reading time":"1 minute"},"schema":{"@context":"https:\/\/schema.org","@graph":[{"@type":"WebPage","@id":"https:\/\/www.akuryprodukte.de\/en\/shop\/s-32-schachtelhalm-equisetum-arvense\/","url":"https:\/\/www.akuryprodukte.de\/en\/shop\/s-32-schachtelhalm-equisetum-arvense\/","name":"S 32 - Schachtelhalm \/ Equisetum arvense - akury","isPartOf":{"@id":"https:\/\/www.akuryprodukte.de\/en\/#website"},"primaryImageOfPage":{"@id":"https:\/\/www.akuryprodukte.de\/en\/shop\/s-32-schachtelhalm-equisetum-arvense\/#primaryimage"},"image":{"@id":"https:\/\/www.akuryprodukte.de\/en\/shop\/s-32-schachtelhalm-equisetum-arvense\/#primaryimage"},"thumbnailUrl":"https:\/\/www.akuryprodukte.de\/wp-content\/uploads\/2021\/05\/S_32_0454.jpg","datePublished":"2021-03-06T13:43:31+00:00","dateModified":"2023-05-24T08:32:26+00:00","breadcrumb":{"@id":"https:\/\/www.akuryprodukte.de\/en\/shop\/s-32-schachtelhalm-equisetum-arvense\/#breadcrumb"},"inLanguage":"en-US","potentialAction":[{"@type":"ReadAction","target":["https:\/\/www.akuryprodukte.de\/en\/shop\/s-32-schachtelhalm-equisetum-arvense\/"]}]},{"@type":"ImageObject","inLanguage":"en-US","@id":"https:\/\/www.akuryprodukte.de\/en\/shop\/s-32-schachtelhalm-equisetum-arvense\/#primaryimage","url":"https:\/\/www.akuryprodukte.de\/wp-content\/uploads\/2021\/05\/S_32_0454.jpg","contentUrl":"https:\/\/www.akuryprodukte.de\/wp-content\/uploads\/2021\/05\/S_32_0454.jpg","width":550,"height":550,"caption":"akury Information-Chips - Spagyric"},{"@type":"BreadcrumbList","@id":"https:\/\/www.akuryprodukte.de\/en\/shop\/s-32-schachtelhalm-equisetum-arvense\/#breadcrumb","itemListElement":[{"@type":"ListItem","position":1,"name":"Startseite","item":"https:\/\/www.akuryprodukte.de\/en\/"},{"@type":"ListItem","position":2,"name":"Shop","item":"https:\/\/www.akuryprodukte.de\/en\/shop-en\/"},{"@type":"ListItem","position":3,"name":"S 32 &#8211; Schachtelhalm \/ Equisetum arvense"}]},{"@type":"WebSite","@id":"https:\/\/www.akuryprodukte.de\/en\/#website","url":"https:\/\/www.akuryprodukte.de\/en\/","name":"akury","description":"Produkte f\u00fcr Ihr Wohlbefinden","publisher":{"@id":"https:\/\/www.akuryprodukte.de\/en\/#organization"},"potentialAction":[{"@type":"SearchAction","target":{"@type":"EntryPoint","urlTemplate":"https:\/\/www.akuryprodukte.de\/en\/?s={search_term_string}"},"query-input":{"@type":"PropertyValueSpecification","valueRequired":true,"valueName":"search_term_string"}}],"inLanguage":"en-US"},{"@type":"Organization","@id":"https:\/\/www.akuryprodukte.de\/en\/#organization","name":"AkuRy GmbH","url":"https:\/\/www.akuryprodukte.de\/en\/","logo":{"@type":"ImageObject","inLanguage":"en-US","@id":"https:\/\/www.akuryprodukte.de\/en\/#\/schema\/logo\/image\/","url":"https:\/\/www.akuryprodukte.de\/wp-content\/uploads\/2020\/09\/Logo_AKY-p-512.jpg","contentUrl":"https:\/\/www.akuryprodukte.de\/wp-content\/uploads\/2020\/09\/Logo_AKY-p-512.jpg","width":512,"height":512,"caption":"AkuRy GmbH"},"image":{"@id":"https:\/\/www.akuryprodukte.de\/en\/#\/schema\/logo\/image\/"},"sameAs":["https:\/\/de-de.facebook.com\/bioenergetischesinformationsmanagement\/","https:\/\/x.com\/heiko_wenner","https:\/\/www.instagram.com\/akury_gmbh\/","https:\/\/www.youtube.com\/channel\/UCyItRPbJUon1m0Gq6kV2Izw"]}]}},"_links":{"self":[{"href":"https:\/\/www.akuryprodukte.de\/en\/wp-json\/wp\/v2\/product\/6222","targetHints":{"allow":["GET"]}}],"collection":[{"href":"https:\/\/www.akuryprodukte.de\/en\/wp-json\/wp\/v2\/product"}],"about":[{"href":"https:\/\/www.akuryprodukte.de\/en\/wp-json\/wp\/v2\/types\/product"}],"replies":[{"embeddable":true,"href":"https:\/\/www.akuryprodukte.de\/en\/wp-json\/wp\/v2\/comments?post=6222"}],"wp:featuredmedia":[{"embeddable":true,"href":"https:\/\/www.akuryprodukte.de\/en\/wp-json\/wp\/v2\/media\/7100"}],"wp:attachment":[{"href":"https:\/\/www.akuryprodukte.de\/en\/wp-json\/wp\/v2\/media?parent=6222"}],"wp:term":[{"taxonomy":"product_brand","embeddable":true,"href":"https:\/\/www.akuryprodukte.de\/en\/wp-json\/wp\/v2\/product_brand?post=6222"},{"taxonomy":"product_cat","embeddable":true,"href":"https:\/\/www.akuryprodukte.de\/en\/wp-json\/wp\/v2\/product_cat?post=6222"},{"taxonomy":"product_tag","embeddable":true,"href":"https:\/\/www.akuryprodukte.de\/en\/wp-json\/wp\/v2\/product_tag?post=6222"}],"curies":[{"name":"wp","href":"https:\/\/api.w.org\/{rel}","templated":true}]}}