{"id":6229,"date":"2021-03-06T15:18:46","date_gmt":"2021-03-06T14:18:46","guid":{"rendered":"https:\/\/www.akuryprodukte.de\/?post_type=product&#038;p=6229"},"modified":"2023-05-24T10:21:22","modified_gmt":"2023-05-24T08:21:22","slug":"s-43-johanniskraut-hypericum-perforatum","status":"publish","type":"product","link":"https:\/\/www.akuryprodukte.de\/en\/shop\/s-43-johanniskraut-hypericum-perforatum\/","title":{"rendered":"S 43 &#8211; Johanniskraut \/ Hypericum perforatum"},"content":{"rendered":"<p><strong>Energetischer Aspekt<\/strong><\/p>\n<ul>\n<li>Bringt Sonne in das Herz. Lichtempfindlichkeit.<\/li>\n<li>Angst vor dem Dunkel (Tunnel, Nacht, \u2026). Dunkle (schwierige) Zeiten, gibt Kraft zu genesen; den Winter nicht m\u00f6gen, nur die Sonne. \u201eAlles schwarz sehen\u201c<\/li>\n<li>Geistiger VATER. Fehlende m\u00e4nnliche Liebe (Vater, Ehemann), Mittel der Waisenkinder (v\u00e4terlicherseits)<\/li>\n<li>Depressionen in Zusammenhang mit M\u00e4nnern<\/li>\n<\/ul>\n<p><strong>K\u00f6rperliche Aspekte<\/strong><\/p>\n<ul>\n<li>Schleimhauterkrankungen und -entz\u00fcndungen (Augen, Nase, Mund, Magen, Darm, Vagina, Harnwege Trockenheit, Reizung, chronischer Katarrh: gelbe, z\u00e4hfl\u00fcssige, dicke und chronische Ausscheidungen Schleimhautinfektionen: + Allium cepa, Salvia, Tropaeolum, Echinacea, Propolis, Thuja Person erk\u00e4ltet und verstopft<\/li>\n<li>Kopfschmerzen (Stirnbereich)<\/li>\n<li>Aphthen, Geschw\u00fcre, Rachenentz\u00fcndung<\/li>\n<li>Ohrentrompetenkatarrh, vermindertes H\u00f6rverm\u00f6gen, chronische und frontale Sinusitis, dicker und gelber Ausfluss (weckt pl\u00f6tzlich den Patienten)<\/li>\n<li>Kleinere Augeninfekte, Augenentz\u00fcndung<\/li>\n<li>Magenschleimhautentz\u00fcndung, Geschw\u00fcre, Durstlosigkeit und fehlender Appetit<\/li>\n<li>Hydratation der Zellen<\/li>\n<li>H\u00e4morrhoiden, Verstopfung, infolge missbr\u00e4uchlicher Anwendung von Abf\u00fchrmitteln, Analfissuren<\/li>\n<li>Vaginaltrockenheit, Infektionen der Harnwege, Vaginalmykose, Weissfluss &#8220;Geb\u00e4rmutterpflanze&#8221;<\/li>\n<li>Hautprobleme: Hautentz\u00fcndungen, Ekzem entlang dem Haaransatz, Abszesse, Wunden, Akne, ungesunde gelbe, welke Haut<\/li>\n<\/ul>\n<p>Der S 43 Chip enth\u00e4lt Frequenzen und Informationen, die eine koh\u00e4rente Schwingung erzeugen, welchen die inkoh\u00e4renten energetischen und k\u00f6rperlichen Aspekte wieder ordnen und den Regenerationsprozess unterst\u00fctzen sollen.<\/p>\n","protected":false},"excerpt":{"rendered":"<p>Energetischer Aspekt Bringt Sonne in das Herz. Lichtempfindlichkeit. Angst vor dem Dunkel (Tunnel, Nacht, \u2026). Dunkle (schwierige) Zeiten, gibt Kraft zu genesen; den Winter nicht m\u00f6gen, nur die Sonne. \u201eAlles schwarz sehen\u201c Geistiger VATER. Fehlende m\u00e4nnliche Liebe (Vater, Ehemann), Mittel der Waisenkinder (v\u00e4terlicherseits) Depressionen in Zusammenhang mit M\u00e4nnern K\u00f6rperliche Aspekte Schleimhauterkrankungen und -entz\u00fcndungen (Augen, Nase, [&hellip;]<\/p>\n","protected":false},"featured_media":7102,"comment_status":"open","ping_status":"closed","template":"","meta":[],"product_brand":[],"product_cat":[3012,3001,3010,3005,490,1440,1367,1705],"product_tag":[],"class_list":{"0":"post-6229","1":"product","2":"type-product","3":"status-publish","4":"has-post-thumbnail","6":"product_cat-info-chips-frauen-und-maennerprobleme","7":"product_cat-info-chips-nerven-hormone-neurotransmitter","8":"product_cat-info-chips-organe-blutgefaesse-gewebe","9":"product_cat-info-chips-schmerzen","10":"product_cat-info-chips-themenbereiche","11":"product_cat-info-chips-psyche","12":"product_cat-info-chips-spagyrik","13":"product_cat-info-chips-spagyrik-essenzen","15":"first","16":"instock","17":"taxable","18":"shipping-taxable","19":"purchasable","20":"product-type-simple"},"yoast_head":"<!-- This site is optimized with the Yoast SEO plugin v27.4 - https:\/\/yoast.com\/product\/yoast-seo-wordpress\/ -->\n<title>S 43 - Johanniskraut \/ Hypericum perforatum - akury<\/title>\n<meta name=\"robots\" content=\"index, follow, max-snippet:-1, max-image-preview:large, max-video-preview:-1\" \/>\n<link rel=\"canonical\" href=\"https:\/\/www.akuryprodukte.de\/en\/shop\/s-43-johanniskraut-hypericum-perforatum\/\" \/>\n<meta property=\"og:locale\" content=\"en_US\" \/>\n<meta property=\"og:type\" content=\"article\" \/>\n<meta property=\"og:title\" content=\"S 43 - Johanniskraut \/ Hypericum perforatum - akury\" \/>\n<meta property=\"og:description\" content=\"Energetischer Aspekt Bringt Sonne in das Herz. Lichtempfindlichkeit. Angst vor dem Dunkel (Tunnel, Nacht, \u2026). Dunkle (schwierige) Zeiten, gibt Kraft zu genesen; den Winter nicht m\u00f6gen, nur die Sonne. \u201eAlles schwarz sehen\u201c Geistiger VATER. Fehlende m\u00e4nnliche Liebe (Vater, Ehemann), Mittel der Waisenkinder (v\u00e4terlicherseits) Depressionen in Zusammenhang mit M\u00e4nnern K\u00f6rperliche Aspekte Schleimhauterkrankungen und -entz\u00fcndungen (Augen, Nase, [&hellip;]\" \/>\n<meta property=\"og:url\" content=\"https:\/\/www.akuryprodukte.de\/en\/shop\/s-43-johanniskraut-hypericum-perforatum\/\" \/>\n<meta property=\"og:site_name\" content=\"akury\" \/>\n<meta property=\"article:publisher\" content=\"https:\/\/de-de.facebook.com\/bioenergetischesinformationsmanagement\/\" \/>\n<meta property=\"article:modified_time\" content=\"2023-05-24T08:21:22+00:00\" \/>\n<meta property=\"og:image\" content=\"https:\/\/www.akuryprodukte.de\/wp-content\/uploads\/2021\/05\/S_43_0455.jpg\" \/>\n\t<meta property=\"og:image:width\" content=\"550\" \/>\n\t<meta property=\"og:image:height\" content=\"550\" \/>\n\t<meta property=\"og:image:type\" content=\"image\/jpeg\" \/>\n<meta name=\"twitter:card\" content=\"summary_large_image\" \/>\n<meta name=\"twitter:site\" content=\"@heiko_wenner\" \/>\n<meta name=\"twitter:label1\" content=\"Est. reading time\" \/>\n\t<meta name=\"twitter:data1\" content=\"1 minute\" \/>\n<script type=\"application\/ld+json\" class=\"yoast-schema-graph\">{\"@context\":\"https:\\\/\\\/schema.org\",\"@graph\":[{\"@type\":\"WebPage\",\"@id\":\"https:\\\/\\\/www.akuryprodukte.de\\\/en\\\/shop\\\/s-43-johanniskraut-hypericum-perforatum\\\/\",\"url\":\"https:\\\/\\\/www.akuryprodukte.de\\\/en\\\/shop\\\/s-43-johanniskraut-hypericum-perforatum\\\/\",\"name\":\"S 43 - Johanniskraut \\\/ Hypericum perforatum - akury\",\"isPartOf\":{\"@id\":\"https:\\\/\\\/www.akuryprodukte.de\\\/en\\\/#website\"},\"primaryImageOfPage\":{\"@id\":\"https:\\\/\\\/www.akuryprodukte.de\\\/en\\\/shop\\\/s-43-johanniskraut-hypericum-perforatum\\\/#primaryimage\"},\"image\":{\"@id\":\"https:\\\/\\\/www.akuryprodukte.de\\\/en\\\/shop\\\/s-43-johanniskraut-hypericum-perforatum\\\/#primaryimage\"},\"thumbnailUrl\":\"https:\\\/\\\/www.akuryprodukte.de\\\/wp-content\\\/uploads\\\/2021\\\/05\\\/S_43_0455.jpg\",\"datePublished\":\"2021-03-06T14:18:46+00:00\",\"dateModified\":\"2023-05-24T08:21:22+00:00\",\"breadcrumb\":{\"@id\":\"https:\\\/\\\/www.akuryprodukte.de\\\/en\\\/shop\\\/s-43-johanniskraut-hypericum-perforatum\\\/#breadcrumb\"},\"inLanguage\":\"en-US\",\"potentialAction\":[{\"@type\":\"ReadAction\",\"target\":[\"https:\\\/\\\/www.akuryprodukte.de\\\/en\\\/shop\\\/s-43-johanniskraut-hypericum-perforatum\\\/\"]}]},{\"@type\":\"ImageObject\",\"inLanguage\":\"en-US\",\"@id\":\"https:\\\/\\\/www.akuryprodukte.de\\\/en\\\/shop\\\/s-43-johanniskraut-hypericum-perforatum\\\/#primaryimage\",\"url\":\"https:\\\/\\\/www.akuryprodukte.de\\\/wp-content\\\/uploads\\\/2021\\\/05\\\/S_43_0455.jpg\",\"contentUrl\":\"https:\\\/\\\/www.akuryprodukte.de\\\/wp-content\\\/uploads\\\/2021\\\/05\\\/S_43_0455.jpg\",\"width\":550,\"height\":550,\"caption\":\"akury Information-Chips - Spagyric\"},{\"@type\":\"BreadcrumbList\",\"@id\":\"https:\\\/\\\/www.akuryprodukte.de\\\/en\\\/shop\\\/s-43-johanniskraut-hypericum-perforatum\\\/#breadcrumb\",\"itemListElement\":[{\"@type\":\"ListItem\",\"position\":1,\"name\":\"Startseite\",\"item\":\"https:\\\/\\\/www.akuryprodukte.de\\\/en\\\/\"},{\"@type\":\"ListItem\",\"position\":2,\"name\":\"Shop\",\"item\":\"https:\\\/\\\/www.akuryprodukte.de\\\/en\\\/shop-en\\\/\"},{\"@type\":\"ListItem\",\"position\":3,\"name\":\"S 43 &#8211; Johanniskraut \\\/ Hypericum perforatum\"}]},{\"@type\":\"WebSite\",\"@id\":\"https:\\\/\\\/www.akuryprodukte.de\\\/en\\\/#website\",\"url\":\"https:\\\/\\\/www.akuryprodukte.de\\\/en\\\/\",\"name\":\"akury\",\"description\":\"Produkte f\u00fcr Ihr Wohlbefinden\",\"publisher\":{\"@id\":\"https:\\\/\\\/www.akuryprodukte.de\\\/en\\\/#organization\"},\"potentialAction\":[{\"@type\":\"SearchAction\",\"target\":{\"@type\":\"EntryPoint\",\"urlTemplate\":\"https:\\\/\\\/www.akuryprodukte.de\\\/en\\\/?s={search_term_string}\"},\"query-input\":{\"@type\":\"PropertyValueSpecification\",\"valueRequired\":true,\"valueName\":\"search_term_string\"}}],\"inLanguage\":\"en-US\"},{\"@type\":\"Organization\",\"@id\":\"https:\\\/\\\/www.akuryprodukte.de\\\/en\\\/#organization\",\"name\":\"AkuRy GmbH\",\"url\":\"https:\\\/\\\/www.akuryprodukte.de\\\/en\\\/\",\"logo\":{\"@type\":\"ImageObject\",\"inLanguage\":\"en-US\",\"@id\":\"https:\\\/\\\/www.akuryprodukte.de\\\/en\\\/#\\\/schema\\\/logo\\\/image\\\/\",\"url\":\"https:\\\/\\\/www.akuryprodukte.de\\\/wp-content\\\/uploads\\\/2020\\\/09\\\/Logo_AKY-p-512.jpg\",\"contentUrl\":\"https:\\\/\\\/www.akuryprodukte.de\\\/wp-content\\\/uploads\\\/2020\\\/09\\\/Logo_AKY-p-512.jpg\",\"width\":512,\"height\":512,\"caption\":\"AkuRy GmbH\"},\"image\":{\"@id\":\"https:\\\/\\\/www.akuryprodukte.de\\\/en\\\/#\\\/schema\\\/logo\\\/image\\\/\"},\"sameAs\":[\"https:\\\/\\\/de-de.facebook.com\\\/bioenergetischesinformationsmanagement\\\/\",\"https:\\\/\\\/x.com\\\/heiko_wenner\",\"https:\\\/\\\/www.instagram.com\\\/akury_gmbh\\\/\",\"https:\\\/\\\/www.youtube.com\\\/channel\\\/UCyItRPbJUon1m0Gq6kV2Izw\"]}]}<\/script>\n<!-- \/ Yoast SEO plugin. -->","yoast_head_json":{"title":"S 43 - Johanniskraut \/ Hypericum perforatum - akury","robots":{"index":"index","follow":"follow","max-snippet":"max-snippet:-1","max-image-preview":"max-image-preview:large","max-video-preview":"max-video-preview:-1"},"canonical":"https:\/\/www.akuryprodukte.de\/en\/shop\/s-43-johanniskraut-hypericum-perforatum\/","og_locale":"en_US","og_type":"article","og_title":"S 43 - Johanniskraut \/ Hypericum perforatum - akury","og_description":"Energetischer Aspekt Bringt Sonne in das Herz. Lichtempfindlichkeit. Angst vor dem Dunkel (Tunnel, Nacht, \u2026). Dunkle (schwierige) Zeiten, gibt Kraft zu genesen; den Winter nicht m\u00f6gen, nur die Sonne. \u201eAlles schwarz sehen\u201c Geistiger VATER. Fehlende m\u00e4nnliche Liebe (Vater, Ehemann), Mittel der Waisenkinder (v\u00e4terlicherseits) Depressionen in Zusammenhang mit M\u00e4nnern K\u00f6rperliche Aspekte Schleimhauterkrankungen und -entz\u00fcndungen (Augen, Nase, [&hellip;]","og_url":"https:\/\/www.akuryprodukte.de\/en\/shop\/s-43-johanniskraut-hypericum-perforatum\/","og_site_name":"akury","article_publisher":"https:\/\/de-de.facebook.com\/bioenergetischesinformationsmanagement\/","article_modified_time":"2023-05-24T08:21:22+00:00","og_image":[{"width":550,"height":550,"url":"https:\/\/www.akuryprodukte.de\/wp-content\/uploads\/2021\/05\/S_43_0455.jpg","type":"image\/jpeg"}],"twitter_card":"summary_large_image","twitter_site":"@heiko_wenner","twitter_misc":{"Est. reading time":"1 minute"},"schema":{"@context":"https:\/\/schema.org","@graph":[{"@type":"WebPage","@id":"https:\/\/www.akuryprodukte.de\/en\/shop\/s-43-johanniskraut-hypericum-perforatum\/","url":"https:\/\/www.akuryprodukte.de\/en\/shop\/s-43-johanniskraut-hypericum-perforatum\/","name":"S 43 - Johanniskraut \/ Hypericum perforatum - akury","isPartOf":{"@id":"https:\/\/www.akuryprodukte.de\/en\/#website"},"primaryImageOfPage":{"@id":"https:\/\/www.akuryprodukte.de\/en\/shop\/s-43-johanniskraut-hypericum-perforatum\/#primaryimage"},"image":{"@id":"https:\/\/www.akuryprodukte.de\/en\/shop\/s-43-johanniskraut-hypericum-perforatum\/#primaryimage"},"thumbnailUrl":"https:\/\/www.akuryprodukte.de\/wp-content\/uploads\/2021\/05\/S_43_0455.jpg","datePublished":"2021-03-06T14:18:46+00:00","dateModified":"2023-05-24T08:21:22+00:00","breadcrumb":{"@id":"https:\/\/www.akuryprodukte.de\/en\/shop\/s-43-johanniskraut-hypericum-perforatum\/#breadcrumb"},"inLanguage":"en-US","potentialAction":[{"@type":"ReadAction","target":["https:\/\/www.akuryprodukte.de\/en\/shop\/s-43-johanniskraut-hypericum-perforatum\/"]}]},{"@type":"ImageObject","inLanguage":"en-US","@id":"https:\/\/www.akuryprodukte.de\/en\/shop\/s-43-johanniskraut-hypericum-perforatum\/#primaryimage","url":"https:\/\/www.akuryprodukte.de\/wp-content\/uploads\/2021\/05\/S_43_0455.jpg","contentUrl":"https:\/\/www.akuryprodukte.de\/wp-content\/uploads\/2021\/05\/S_43_0455.jpg","width":550,"height":550,"caption":"akury Information-Chips - Spagyric"},{"@type":"BreadcrumbList","@id":"https:\/\/www.akuryprodukte.de\/en\/shop\/s-43-johanniskraut-hypericum-perforatum\/#breadcrumb","itemListElement":[{"@type":"ListItem","position":1,"name":"Startseite","item":"https:\/\/www.akuryprodukte.de\/en\/"},{"@type":"ListItem","position":2,"name":"Shop","item":"https:\/\/www.akuryprodukte.de\/en\/shop-en\/"},{"@type":"ListItem","position":3,"name":"S 43 &#8211; Johanniskraut \/ Hypericum perforatum"}]},{"@type":"WebSite","@id":"https:\/\/www.akuryprodukte.de\/en\/#website","url":"https:\/\/www.akuryprodukte.de\/en\/","name":"akury","description":"Produkte f\u00fcr Ihr Wohlbefinden","publisher":{"@id":"https:\/\/www.akuryprodukte.de\/en\/#organization"},"potentialAction":[{"@type":"SearchAction","target":{"@type":"EntryPoint","urlTemplate":"https:\/\/www.akuryprodukte.de\/en\/?s={search_term_string}"},"query-input":{"@type":"PropertyValueSpecification","valueRequired":true,"valueName":"search_term_string"}}],"inLanguage":"en-US"},{"@type":"Organization","@id":"https:\/\/www.akuryprodukte.de\/en\/#organization","name":"AkuRy GmbH","url":"https:\/\/www.akuryprodukte.de\/en\/","logo":{"@type":"ImageObject","inLanguage":"en-US","@id":"https:\/\/www.akuryprodukte.de\/en\/#\/schema\/logo\/image\/","url":"https:\/\/www.akuryprodukte.de\/wp-content\/uploads\/2020\/09\/Logo_AKY-p-512.jpg","contentUrl":"https:\/\/www.akuryprodukte.de\/wp-content\/uploads\/2020\/09\/Logo_AKY-p-512.jpg","width":512,"height":512,"caption":"AkuRy GmbH"},"image":{"@id":"https:\/\/www.akuryprodukte.de\/en\/#\/schema\/logo\/image\/"},"sameAs":["https:\/\/de-de.facebook.com\/bioenergetischesinformationsmanagement\/","https:\/\/x.com\/heiko_wenner","https:\/\/www.instagram.com\/akury_gmbh\/","https:\/\/www.youtube.com\/channel\/UCyItRPbJUon1m0Gq6kV2Izw"]}]}},"_links":{"self":[{"href":"https:\/\/www.akuryprodukte.de\/en\/wp-json\/wp\/v2\/product\/6229","targetHints":{"allow":["GET"]}}],"collection":[{"href":"https:\/\/www.akuryprodukte.de\/en\/wp-json\/wp\/v2\/product"}],"about":[{"href":"https:\/\/www.akuryprodukte.de\/en\/wp-json\/wp\/v2\/types\/product"}],"replies":[{"embeddable":true,"href":"https:\/\/www.akuryprodukte.de\/en\/wp-json\/wp\/v2\/comments?post=6229"}],"wp:featuredmedia":[{"embeddable":true,"href":"https:\/\/www.akuryprodukte.de\/en\/wp-json\/wp\/v2\/media\/7102"}],"wp:attachment":[{"href":"https:\/\/www.akuryprodukte.de\/en\/wp-json\/wp\/v2\/media?parent=6229"}],"wp:term":[{"taxonomy":"product_brand","embeddable":true,"href":"https:\/\/www.akuryprodukte.de\/en\/wp-json\/wp\/v2\/product_brand?post=6229"},{"taxonomy":"product_cat","embeddable":true,"href":"https:\/\/www.akuryprodukte.de\/en\/wp-json\/wp\/v2\/product_cat?post=6229"},{"taxonomy":"product_tag","embeddable":true,"href":"https:\/\/www.akuryprodukte.de\/en\/wp-json\/wp\/v2\/product_tag?post=6229"}],"curies":[{"name":"wp","href":"https:\/\/api.w.org\/{rel}","templated":true}]}}