{"id":6232,"date":"2021-03-06T15:30:12","date_gmt":"2021-03-06T14:30:12","guid":{"rendered":"https:\/\/www.akuryprodukte.de\/?post_type=product&#038;p=6232"},"modified":"2023-05-24T09:50:52","modified_gmt":"2023-05-24T07:50:52","slug":"s-64-holunder-sambucus-nigra","status":"publish","type":"product","link":"https:\/\/www.akuryprodukte.de\/en\/shop\/s-64-holunder-sambucus-nigra\/","title":{"rendered":"S 64 &#8211; Holunder \/ Sambucus nigra"},"content":{"rendered":"<p><strong>Energetischer Aspekt<\/strong><\/p>\n<ul>\n<li>L\u00f6scht alte Programme und die negative Energie aus unseren Zellen; programmiert sie neu.<\/li>\n<li>Bringt uns zu unserer freien Wahl\/freien Entscheidung, zu Neutralit\u00e4t, Autonomie, verbunden mit Bewusstseinswerdung.<\/li>\n<li>Deprogrammierung von planetarischen und karmischen Einfl\u00fcssen, wenn es etwas konkretes ist Sch\u00fctzt uns vor allen physischen, seelischen und energetischen Einfl\u00fcssen.<\/li>\n<\/ul>\n<p><strong>K\u00f6rperliche Aspekte<\/strong><\/p>\n<ul>\n<li>Chronische Infektionen<\/li>\n<li>Erbkrankheiten<\/li>\n<li>Blase-Nierenmittel: ausleitend, reinigend, globaler Ausleiter, nicht nur im Lungenbereich<\/li>\n<li>Immunsystem, Erk\u00e4ltungskrankheiten, Fieber, Grippe, Bronchitis, Sinusitis, Halsschmerzen, Schnupfen, verschiedene virale Infektionen; Zystitis.<\/li>\n<li>Atmungsorgane und Nervensystem = Tuberkulin<\/li>\n<li>Blutreinigend<\/li>\n<li>Antischmerzmittel bei Muskel- und Gelenkrheuma<\/li>\n<li>Allergien, Asthma<\/li>\n<li>Zysten<\/li>\n<li>Pl\u00f6tzliches Erwachen, schweissgebadet mit dem Gef\u00fchl zu ersticken; Blausucht um Mitternacht herum; Neugeborene und Personen mit trockenem Schnupfen erwachen mit Erstickungshusten (Pseudokrupp), mit verstopfter Nase und \u00fcberm\u00e4ssigem Schwitzen; starkes Schwitzen nach dem Erwachen; Gef\u00fchl des Erstickens bringt einem zum Erwachen, danach schl\u00e4ft man wieder ein und erwacht erneut in dieser Form (Krise), beim nochmaligen Einschlafen \u201egeht es von vorn los\u201c<\/li>\n<li>Regulierung der Transpiration; alle Probleme im Zusammenhang mit \u00fcberm\u00e4ssigem Schwitzen, schweisstreibend<\/li>\n<li>Zahnamalgam; Ausleitung<\/li>\n<li>Folge von TBC-, BCG-Impfung<\/li>\n<li>Brustkrebspr\u00e4vention: Sambucus-Ruta-Viscum<\/li>\n<li>\u201eCrohn\u201c-Krankheit<\/li>\n<\/ul>\n<p>Der S 64 Chip enth\u00e4lt Frequenzen und Informationen, die eine koh\u00e4rente Schwingung erzeugen, welchen die inkoh\u00e4renten energetischen und k\u00f6rperlichen Aspekte wieder ordnen und den Regenerationsprozess unterst\u00fctzen sollen.<\/p>\n<p>&nbsp;<\/p>\n","protected":false},"excerpt":{"rendered":"<p>Energetischer Aspekt L\u00f6scht alte Programme und die negative Energie aus unseren Zellen; programmiert sie neu. Bringt uns zu unserer freien Wahl\/freien Entscheidung, zu Neutralit\u00e4t, Autonomie, verbunden mit Bewusstseinswerdung. Deprogrammierung von planetarischen und karmischen Einfl\u00fcssen, wenn es etwas konkretes ist Sch\u00fctzt uns vor allen physischen, seelischen und energetischen Einfl\u00fcssen. K\u00f6rperliche Aspekte Chronische Infektionen Erbkrankheiten Blase-Nierenmittel: ausleitend, [&hellip;]<\/p>\n","protected":false},"featured_media":7104,"comment_status":"open","ping_status":"closed","template":"","meta":[],"product_brand":[],"product_cat":[3011,3010,3005,1367,1705],"product_tag":[],"class_list":{"0":"post-6232","1":"product","2":"type-product","3":"status-publish","4":"has-post-thumbnail","6":"product_cat-info-chips-infektion-entzuendung","7":"product_cat-info-chips-organe-blutgefaesse-gewebe","8":"product_cat-info-chips-schmerzen","9":"product_cat-info-chips-spagyrik","10":"product_cat-info-chips-spagyrik-essenzen","12":"first","13":"instock","14":"taxable","15":"shipping-taxable","16":"purchasable","17":"product-type-simple"},"yoast_head":"<!-- This site is optimized with the Yoast SEO plugin v27.5 - https:\/\/yoast.com\/product\/yoast-seo-wordpress\/ -->\n<title>S 64 - Holunder \/ Sambucus nigra - akury<\/title>\n<meta name=\"robots\" content=\"index, follow, max-snippet:-1, max-image-preview:large, max-video-preview:-1\" \/>\n<link rel=\"canonical\" href=\"https:\/\/www.akuryprodukte.de\/en\/shop\/s-64-holunder-sambucus-nigra\/\" \/>\n<meta property=\"og:locale\" content=\"en_US\" \/>\n<meta property=\"og:type\" content=\"article\" \/>\n<meta property=\"og:title\" content=\"S 64 - Holunder \/ Sambucus nigra - akury\" \/>\n<meta property=\"og:description\" content=\"Energetischer Aspekt L\u00f6scht alte Programme und die negative Energie aus unseren Zellen; programmiert sie neu. Bringt uns zu unserer freien Wahl\/freien Entscheidung, zu Neutralit\u00e4t, Autonomie, verbunden mit Bewusstseinswerdung. Deprogrammierung von planetarischen und karmischen Einfl\u00fcssen, wenn es etwas konkretes ist Sch\u00fctzt uns vor allen physischen, seelischen und energetischen Einfl\u00fcssen. K\u00f6rperliche Aspekte Chronische Infektionen Erbkrankheiten Blase-Nierenmittel: ausleitend, [&hellip;]\" \/>\n<meta property=\"og:url\" content=\"https:\/\/www.akuryprodukte.de\/en\/shop\/s-64-holunder-sambucus-nigra\/\" \/>\n<meta property=\"og:site_name\" content=\"akury\" \/>\n<meta property=\"article:publisher\" content=\"https:\/\/de-de.facebook.com\/bioenergetischesinformationsmanagement\/\" \/>\n<meta property=\"article:modified_time\" content=\"2023-05-24T07:50:52+00:00\" \/>\n<meta property=\"og:image\" content=\"https:\/\/www.akuryprodukte.de\/wp-content\/uploads\/2021\/05\/S_64_0456.jpg\" \/>\n\t<meta property=\"og:image:width\" content=\"550\" \/>\n\t<meta property=\"og:image:height\" content=\"550\" \/>\n\t<meta property=\"og:image:type\" content=\"image\/jpeg\" \/>\n<meta name=\"twitter:card\" content=\"summary_large_image\" \/>\n<meta name=\"twitter:site\" content=\"@heiko_wenner\" \/>\n<meta name=\"twitter:label1\" content=\"Est. reading time\" \/>\n\t<meta name=\"twitter:data1\" content=\"1 minute\" \/>\n<script type=\"application\/ld+json\" class=\"yoast-schema-graph\">{\"@context\":\"https:\\\/\\\/schema.org\",\"@graph\":[{\"@type\":\"WebPage\",\"@id\":\"https:\\\/\\\/www.akuryprodukte.de\\\/en\\\/shop\\\/s-64-holunder-sambucus-nigra\\\/\",\"url\":\"https:\\\/\\\/www.akuryprodukte.de\\\/en\\\/shop\\\/s-64-holunder-sambucus-nigra\\\/\",\"name\":\"S 64 - Holunder \\\/ Sambucus nigra - akury\",\"isPartOf\":{\"@id\":\"https:\\\/\\\/www.akuryprodukte.de\\\/en\\\/#website\"},\"primaryImageOfPage\":{\"@id\":\"https:\\\/\\\/www.akuryprodukte.de\\\/en\\\/shop\\\/s-64-holunder-sambucus-nigra\\\/#primaryimage\"},\"image\":{\"@id\":\"https:\\\/\\\/www.akuryprodukte.de\\\/en\\\/shop\\\/s-64-holunder-sambucus-nigra\\\/#primaryimage\"},\"thumbnailUrl\":\"https:\\\/\\\/www.akuryprodukte.de\\\/wp-content\\\/uploads\\\/2021\\\/05\\\/S_64_0456.jpg\",\"datePublished\":\"2021-03-06T14:30:12+00:00\",\"dateModified\":\"2023-05-24T07:50:52+00:00\",\"breadcrumb\":{\"@id\":\"https:\\\/\\\/www.akuryprodukte.de\\\/en\\\/shop\\\/s-64-holunder-sambucus-nigra\\\/#breadcrumb\"},\"inLanguage\":\"en-US\",\"potentialAction\":[{\"@type\":\"ReadAction\",\"target\":[\"https:\\\/\\\/www.akuryprodukte.de\\\/en\\\/shop\\\/s-64-holunder-sambucus-nigra\\\/\"]}]},{\"@type\":\"ImageObject\",\"inLanguage\":\"en-US\",\"@id\":\"https:\\\/\\\/www.akuryprodukte.de\\\/en\\\/shop\\\/s-64-holunder-sambucus-nigra\\\/#primaryimage\",\"url\":\"https:\\\/\\\/www.akuryprodukte.de\\\/wp-content\\\/uploads\\\/2021\\\/05\\\/S_64_0456.jpg\",\"contentUrl\":\"https:\\\/\\\/www.akuryprodukte.de\\\/wp-content\\\/uploads\\\/2021\\\/05\\\/S_64_0456.jpg\",\"width\":550,\"height\":550,\"caption\":\"akury Information-Chips - Spagyric\"},{\"@type\":\"BreadcrumbList\",\"@id\":\"https:\\\/\\\/www.akuryprodukte.de\\\/en\\\/shop\\\/s-64-holunder-sambucus-nigra\\\/#breadcrumb\",\"itemListElement\":[{\"@type\":\"ListItem\",\"position\":1,\"name\":\"Startseite\",\"item\":\"https:\\\/\\\/www.akuryprodukte.de\\\/en\\\/\"},{\"@type\":\"ListItem\",\"position\":2,\"name\":\"Shop\",\"item\":\"https:\\\/\\\/www.akuryprodukte.de\\\/en\\\/shop-en\\\/\"},{\"@type\":\"ListItem\",\"position\":3,\"name\":\"S 64 &#8211; Holunder \\\/ Sambucus nigra\"}]},{\"@type\":\"WebSite\",\"@id\":\"https:\\\/\\\/www.akuryprodukte.de\\\/en\\\/#website\",\"url\":\"https:\\\/\\\/www.akuryprodukte.de\\\/en\\\/\",\"name\":\"akury\",\"description\":\"Produkte f\u00fcr Ihr Wohlbefinden\",\"publisher\":{\"@id\":\"https:\\\/\\\/www.akuryprodukte.de\\\/en\\\/#organization\"},\"potentialAction\":[{\"@type\":\"SearchAction\",\"target\":{\"@type\":\"EntryPoint\",\"urlTemplate\":\"https:\\\/\\\/www.akuryprodukte.de\\\/en\\\/?s={search_term_string}\"},\"query-input\":{\"@type\":\"PropertyValueSpecification\",\"valueRequired\":true,\"valueName\":\"search_term_string\"}}],\"inLanguage\":\"en-US\"},{\"@type\":\"Organization\",\"@id\":\"https:\\\/\\\/www.akuryprodukte.de\\\/en\\\/#organization\",\"name\":\"AkuRy GmbH\",\"url\":\"https:\\\/\\\/www.akuryprodukte.de\\\/en\\\/\",\"logo\":{\"@type\":\"ImageObject\",\"inLanguage\":\"en-US\",\"@id\":\"https:\\\/\\\/www.akuryprodukte.de\\\/en\\\/#\\\/schema\\\/logo\\\/image\\\/\",\"url\":\"https:\\\/\\\/www.akuryprodukte.de\\\/wp-content\\\/uploads\\\/2020\\\/09\\\/Logo_AKY-p-512.jpg\",\"contentUrl\":\"https:\\\/\\\/www.akuryprodukte.de\\\/wp-content\\\/uploads\\\/2020\\\/09\\\/Logo_AKY-p-512.jpg\",\"width\":512,\"height\":512,\"caption\":\"AkuRy GmbH\"},\"image\":{\"@id\":\"https:\\\/\\\/www.akuryprodukte.de\\\/en\\\/#\\\/schema\\\/logo\\\/image\\\/\"},\"sameAs\":[\"https:\\\/\\\/de-de.facebook.com\\\/bioenergetischesinformationsmanagement\\\/\",\"https:\\\/\\\/x.com\\\/heiko_wenner\",\"https:\\\/\\\/www.instagram.com\\\/akury_gmbh\\\/\",\"https:\\\/\\\/www.youtube.com\\\/channel\\\/UCyItRPbJUon1m0Gq6kV2Izw\"]}]}<\/script>\n<!-- \/ Yoast SEO plugin. -->","yoast_head_json":{"title":"S 64 - Holunder \/ Sambucus nigra - akury","robots":{"index":"index","follow":"follow","max-snippet":"max-snippet:-1","max-image-preview":"max-image-preview:large","max-video-preview":"max-video-preview:-1"},"canonical":"https:\/\/www.akuryprodukte.de\/en\/shop\/s-64-holunder-sambucus-nigra\/","og_locale":"en_US","og_type":"article","og_title":"S 64 - Holunder \/ Sambucus nigra - akury","og_description":"Energetischer Aspekt L\u00f6scht alte Programme und die negative Energie aus unseren Zellen; programmiert sie neu. Bringt uns zu unserer freien Wahl\/freien Entscheidung, zu Neutralit\u00e4t, Autonomie, verbunden mit Bewusstseinswerdung. Deprogrammierung von planetarischen und karmischen Einfl\u00fcssen, wenn es etwas konkretes ist Sch\u00fctzt uns vor allen physischen, seelischen und energetischen Einfl\u00fcssen. K\u00f6rperliche Aspekte Chronische Infektionen Erbkrankheiten Blase-Nierenmittel: ausleitend, [&hellip;]","og_url":"https:\/\/www.akuryprodukte.de\/en\/shop\/s-64-holunder-sambucus-nigra\/","og_site_name":"akury","article_publisher":"https:\/\/de-de.facebook.com\/bioenergetischesinformationsmanagement\/","article_modified_time":"2023-05-24T07:50:52+00:00","og_image":[{"width":550,"height":550,"url":"https:\/\/www.akuryprodukte.de\/wp-content\/uploads\/2021\/05\/S_64_0456.jpg","type":"image\/jpeg"}],"twitter_card":"summary_large_image","twitter_site":"@heiko_wenner","twitter_misc":{"Est. reading time":"1 minute"},"schema":{"@context":"https:\/\/schema.org","@graph":[{"@type":"WebPage","@id":"https:\/\/www.akuryprodukte.de\/en\/shop\/s-64-holunder-sambucus-nigra\/","url":"https:\/\/www.akuryprodukte.de\/en\/shop\/s-64-holunder-sambucus-nigra\/","name":"S 64 - Holunder \/ Sambucus nigra - akury","isPartOf":{"@id":"https:\/\/www.akuryprodukte.de\/en\/#website"},"primaryImageOfPage":{"@id":"https:\/\/www.akuryprodukte.de\/en\/shop\/s-64-holunder-sambucus-nigra\/#primaryimage"},"image":{"@id":"https:\/\/www.akuryprodukte.de\/en\/shop\/s-64-holunder-sambucus-nigra\/#primaryimage"},"thumbnailUrl":"https:\/\/www.akuryprodukte.de\/wp-content\/uploads\/2021\/05\/S_64_0456.jpg","datePublished":"2021-03-06T14:30:12+00:00","dateModified":"2023-05-24T07:50:52+00:00","breadcrumb":{"@id":"https:\/\/www.akuryprodukte.de\/en\/shop\/s-64-holunder-sambucus-nigra\/#breadcrumb"},"inLanguage":"en-US","potentialAction":[{"@type":"ReadAction","target":["https:\/\/www.akuryprodukte.de\/en\/shop\/s-64-holunder-sambucus-nigra\/"]}]},{"@type":"ImageObject","inLanguage":"en-US","@id":"https:\/\/www.akuryprodukte.de\/en\/shop\/s-64-holunder-sambucus-nigra\/#primaryimage","url":"https:\/\/www.akuryprodukte.de\/wp-content\/uploads\/2021\/05\/S_64_0456.jpg","contentUrl":"https:\/\/www.akuryprodukte.de\/wp-content\/uploads\/2021\/05\/S_64_0456.jpg","width":550,"height":550,"caption":"akury Information-Chips - Spagyric"},{"@type":"BreadcrumbList","@id":"https:\/\/www.akuryprodukte.de\/en\/shop\/s-64-holunder-sambucus-nigra\/#breadcrumb","itemListElement":[{"@type":"ListItem","position":1,"name":"Startseite","item":"https:\/\/www.akuryprodukte.de\/en\/"},{"@type":"ListItem","position":2,"name":"Shop","item":"https:\/\/www.akuryprodukte.de\/en\/shop-en\/"},{"@type":"ListItem","position":3,"name":"S 64 &#8211; Holunder \/ Sambucus nigra"}]},{"@type":"WebSite","@id":"https:\/\/www.akuryprodukte.de\/en\/#website","url":"https:\/\/www.akuryprodukte.de\/en\/","name":"akury","description":"Produkte f\u00fcr Ihr Wohlbefinden","publisher":{"@id":"https:\/\/www.akuryprodukte.de\/en\/#organization"},"potentialAction":[{"@type":"SearchAction","target":{"@type":"EntryPoint","urlTemplate":"https:\/\/www.akuryprodukte.de\/en\/?s={search_term_string}"},"query-input":{"@type":"PropertyValueSpecification","valueRequired":true,"valueName":"search_term_string"}}],"inLanguage":"en-US"},{"@type":"Organization","@id":"https:\/\/www.akuryprodukte.de\/en\/#organization","name":"AkuRy GmbH","url":"https:\/\/www.akuryprodukte.de\/en\/","logo":{"@type":"ImageObject","inLanguage":"en-US","@id":"https:\/\/www.akuryprodukte.de\/en\/#\/schema\/logo\/image\/","url":"https:\/\/www.akuryprodukte.de\/wp-content\/uploads\/2020\/09\/Logo_AKY-p-512.jpg","contentUrl":"https:\/\/www.akuryprodukte.de\/wp-content\/uploads\/2020\/09\/Logo_AKY-p-512.jpg","width":512,"height":512,"caption":"AkuRy GmbH"},"image":{"@id":"https:\/\/www.akuryprodukte.de\/en\/#\/schema\/logo\/image\/"},"sameAs":["https:\/\/de-de.facebook.com\/bioenergetischesinformationsmanagement\/","https:\/\/x.com\/heiko_wenner","https:\/\/www.instagram.com\/akury_gmbh\/","https:\/\/www.youtube.com\/channel\/UCyItRPbJUon1m0Gq6kV2Izw"]}]}},"_links":{"self":[{"href":"https:\/\/www.akuryprodukte.de\/en\/wp-json\/wp\/v2\/product\/6232","targetHints":{"allow":["GET"]}}],"collection":[{"href":"https:\/\/www.akuryprodukte.de\/en\/wp-json\/wp\/v2\/product"}],"about":[{"href":"https:\/\/www.akuryprodukte.de\/en\/wp-json\/wp\/v2\/types\/product"}],"replies":[{"embeddable":true,"href":"https:\/\/www.akuryprodukte.de\/en\/wp-json\/wp\/v2\/comments?post=6232"}],"wp:featuredmedia":[{"embeddable":true,"href":"https:\/\/www.akuryprodukte.de\/en\/wp-json\/wp\/v2\/media\/7104"}],"wp:attachment":[{"href":"https:\/\/www.akuryprodukte.de\/en\/wp-json\/wp\/v2\/media?parent=6232"}],"wp:term":[{"taxonomy":"product_brand","embeddable":true,"href":"https:\/\/www.akuryprodukte.de\/en\/wp-json\/wp\/v2\/product_brand?post=6232"},{"taxonomy":"product_cat","embeddable":true,"href":"https:\/\/www.akuryprodukte.de\/en\/wp-json\/wp\/v2\/product_cat?post=6232"},{"taxonomy":"product_tag","embeddable":true,"href":"https:\/\/www.akuryprodukte.de\/en\/wp-json\/wp\/v2\/product_tag?post=6232"}],"curies":[{"name":"wp","href":"https:\/\/api.w.org\/{rel}","templated":true}]}}