{"id":6235,"date":"2021-03-06T15:49:05","date_gmt":"2021-03-06T14:49:05","guid":{"rendered":"https:\/\/www.akuryprodukte.de\/?post_type=product&#038;p=6235"},"modified":"2023-05-24T09:44:50","modified_gmt":"2023-05-24T07:44:50","slug":"s-68-loewenzahn-taraxacum","status":"publish","type":"product","link":"https:\/\/www.akuryprodukte.de\/en\/shop\/s-68-loewenzahn-taraxacum\/","title":{"rendered":"S 68 &#8211; L\u00f6wenzahn \/ Taraxacum"},"content":{"rendered":"<p><strong>Energetischer Aspekt<\/strong><\/p>\n<ul>\n<li>F\u00fcr Personen, die sich selbst und die anderen nicht m\u00f6gen. Schlecht gelaunt, ohne Ausstrahlung, die sich \u00fcber alles beschweren, sind der Meinung, dass ihnen niemand helfen kann. Hilft uns, sich selbst zu akzeptieren (Eigenliebe)<\/li>\n<li>Soziale Pflanze. Hilft, sich anderen gegen\u00fcber zu \u00f6ffnen, sich dem Leben, der Erweiterung zu \u00f6ffnen, Liebe zu geben. Sich f\u00fcr vieles zu interessieren. Bringt uns Geduld, \u00f6ffnet das Herz.<\/li>\n<li>\u00d6ffnung: das Wissen erweitern<\/li>\n<\/ul>\n<p><strong>K\u00f6rperlicher Aspekt<\/strong><\/p>\n<ul>\n<li>Leber-Galle Pflanze (23.00-3.00 Uhr), cholagisch und choleretisch, stimuliert die Gallenblase (Hypocholesterin\u00e4mie), beugt der Bildung von Gallensteinen vor.<\/li>\n<li>Gut kombinierbar mit Chelidonium und Carduus<\/li>\n<li>Pankreas, Milz, Magen, Verdauung<\/li>\n<li>Magens\u00e4ure, gut kombinierbar mit Gentiana<\/li>\n<li>Kopfschmerzen gastrischen Ursprungs<\/li>\n<li>Mildes Abf\u00fchrungsmittel<\/li>\n<li>Harntreibend, Verh\u00fctung von Nierensteinen<\/li>\n<li>Ged\u00e4chtnis, Konzentration<\/li>\n<li>Lymphsystem Allergien (Mineralien, Pflanzen, Tiere)<\/li>\n<li>Diabetes, abnehmen (Kur)<\/li>\n<li>Schwachpunkte: H\u00fcften, Oberschenkel, kleines Becken, Leber, Ges\u00e4ss, Ischias, Ekzeme\/Psoriasis geeignet f\u00fcr eine Person, die sich selbst nicht mag: z.B. Hautprobleme: Akne Synergie mit Arnica: Rheumaschmerzen, Muskelschmerzen (S\u00e4ure greift die Muskeln an)<\/li>\n<li>Menstruationsbeschwerden, PMS, Hitzewallungen: unterst\u00fctzt die Stoffwechselarbeit der Hormone durch die Leber<\/li>\n<li>Pflanze der Zellentgiftung, blutreinigend, Fr\u00fchjahrskur; Ausleitung von Schwermetallen (breiter als Sambucus, speziell bei Amalgamausleitung)<\/li>\n<\/ul>\n<p>Der S 68 Chip enth\u00e4lt Frequenzen und Informationen, die eine koh\u00e4rente Schwingung erzeugen, welchen die inkoh\u00e4renten energetischen und k\u00f6rperlichen Aspekte wieder ordnen und den Regenerationsprozess unterst\u00fctzen sollen.<\/p>\n<p>&nbsp;<\/p>\n<p>&nbsp;<\/p>\n","protected":false},"excerpt":{"rendered":"<p>Energetischer Aspekt F\u00fcr Personen, die sich selbst und die anderen nicht m\u00f6gen. Schlecht gelaunt, ohne Ausstrahlung, die sich \u00fcber alles beschweren, sind der Meinung, dass ihnen niemand helfen kann. Hilft uns, sich selbst zu akzeptieren (Eigenliebe) Soziale Pflanze. Hilft, sich anderen gegen\u00fcber zu \u00f6ffnen, sich dem Leben, der Erweiterung zu \u00f6ffnen, Liebe zu geben. Sich [&hellip;]<\/p>\n","protected":false},"featured_media":7106,"comment_status":"open","ping_status":"closed","template":"","meta":[],"product_brand":[],"product_cat":[3007,3009,3010,3005,3008,1367,1705],"product_tag":[],"class_list":{"0":"post-6235","1":"product","2":"type-product","3":"status-publish","4":"has-post-thumbnail","6":"product_cat-info-chips-autoimmunerkrankungen","7":"product_cat-info-chips-gewichtsprobleme","8":"product_cat-info-chips-organe-blutgefaesse-gewebe","9":"product_cat-info-chips-schmerzen","10":"product_cat-info-chips-stuetz-und-bewegungsapparat-haut-schleimhaut","11":"product_cat-info-chips-spagyrik","12":"product_cat-info-chips-spagyrik-essenzen","14":"first","15":"instock","16":"taxable","17":"shipping-taxable","18":"purchasable","19":"product-type-simple"},"yoast_head":"<!-- This site is optimized with the Yoast SEO plugin v27.3 - https:\/\/yoast.com\/product\/yoast-seo-wordpress\/ -->\n<title>S 68 - L\u00f6wenzahn \/ Taraxacum - akury<\/title>\n<meta name=\"robots\" content=\"index, follow, max-snippet:-1, max-image-preview:large, max-video-preview:-1\" \/>\n<link rel=\"canonical\" href=\"https:\/\/www.akuryprodukte.de\/en\/shop\/s-68-loewenzahn-taraxacum\/\" \/>\n<meta property=\"og:locale\" content=\"en_US\" \/>\n<meta property=\"og:type\" content=\"article\" \/>\n<meta property=\"og:title\" content=\"S 68 - L\u00f6wenzahn \/ Taraxacum - akury\" \/>\n<meta property=\"og:description\" content=\"Energetischer Aspekt F\u00fcr Personen, die sich selbst und die anderen nicht m\u00f6gen. Schlecht gelaunt, ohne Ausstrahlung, die sich \u00fcber alles beschweren, sind der Meinung, dass ihnen niemand helfen kann. Hilft uns, sich selbst zu akzeptieren (Eigenliebe) Soziale Pflanze. Hilft, sich anderen gegen\u00fcber zu \u00f6ffnen, sich dem Leben, der Erweiterung zu \u00f6ffnen, Liebe zu geben. Sich [&hellip;]\" \/>\n<meta property=\"og:url\" content=\"https:\/\/www.akuryprodukte.de\/en\/shop\/s-68-loewenzahn-taraxacum\/\" \/>\n<meta property=\"og:site_name\" content=\"akury\" \/>\n<meta property=\"article:publisher\" content=\"https:\/\/de-de.facebook.com\/bioenergetischesinformationsmanagement\/\" \/>\n<meta property=\"article:modified_time\" content=\"2023-05-24T07:44:50+00:00\" \/>\n<meta property=\"og:image\" content=\"https:\/\/www.akuryprodukte.de\/wp-content\/uploads\/2021\/05\/S_68_0457.jpg\" \/>\n\t<meta property=\"og:image:width\" content=\"550\" \/>\n\t<meta property=\"og:image:height\" content=\"550\" \/>\n\t<meta property=\"og:image:type\" content=\"image\/jpeg\" \/>\n<meta name=\"twitter:card\" content=\"summary_large_image\" \/>\n<meta name=\"twitter:site\" content=\"@heiko_wenner\" \/>\n<meta name=\"twitter:label1\" content=\"Est. reading time\" \/>\n\t<meta name=\"twitter:data1\" content=\"1 minute\" \/>\n<script type=\"application\/ld+json\" class=\"yoast-schema-graph\">{\"@context\":\"https:\\\/\\\/schema.org\",\"@graph\":[{\"@type\":\"WebPage\",\"@id\":\"https:\\\/\\\/www.akuryprodukte.de\\\/en\\\/shop\\\/s-68-loewenzahn-taraxacum\\\/\",\"url\":\"https:\\\/\\\/www.akuryprodukte.de\\\/en\\\/shop\\\/s-68-loewenzahn-taraxacum\\\/\",\"name\":\"S 68 - L\u00f6wenzahn \\\/ Taraxacum - akury\",\"isPartOf\":{\"@id\":\"https:\\\/\\\/www.akuryprodukte.de\\\/en\\\/#website\"},\"primaryImageOfPage\":{\"@id\":\"https:\\\/\\\/www.akuryprodukte.de\\\/en\\\/shop\\\/s-68-loewenzahn-taraxacum\\\/#primaryimage\"},\"image\":{\"@id\":\"https:\\\/\\\/www.akuryprodukte.de\\\/en\\\/shop\\\/s-68-loewenzahn-taraxacum\\\/#primaryimage\"},\"thumbnailUrl\":\"https:\\\/\\\/www.akuryprodukte.de\\\/wp-content\\\/uploads\\\/2021\\\/05\\\/S_68_0457.jpg\",\"datePublished\":\"2021-03-06T14:49:05+00:00\",\"dateModified\":\"2023-05-24T07:44:50+00:00\",\"breadcrumb\":{\"@id\":\"https:\\\/\\\/www.akuryprodukte.de\\\/en\\\/shop\\\/s-68-loewenzahn-taraxacum\\\/#breadcrumb\"},\"inLanguage\":\"en-US\",\"potentialAction\":[{\"@type\":\"ReadAction\",\"target\":[\"https:\\\/\\\/www.akuryprodukte.de\\\/en\\\/shop\\\/s-68-loewenzahn-taraxacum\\\/\"]}]},{\"@type\":\"ImageObject\",\"inLanguage\":\"en-US\",\"@id\":\"https:\\\/\\\/www.akuryprodukte.de\\\/en\\\/shop\\\/s-68-loewenzahn-taraxacum\\\/#primaryimage\",\"url\":\"https:\\\/\\\/www.akuryprodukte.de\\\/wp-content\\\/uploads\\\/2021\\\/05\\\/S_68_0457.jpg\",\"contentUrl\":\"https:\\\/\\\/www.akuryprodukte.de\\\/wp-content\\\/uploads\\\/2021\\\/05\\\/S_68_0457.jpg\",\"width\":550,\"height\":550,\"caption\":\"akury Information-Chips - Spagyric\"},{\"@type\":\"BreadcrumbList\",\"@id\":\"https:\\\/\\\/www.akuryprodukte.de\\\/en\\\/shop\\\/s-68-loewenzahn-taraxacum\\\/#breadcrumb\",\"itemListElement\":[{\"@type\":\"ListItem\",\"position\":1,\"name\":\"Startseite\",\"item\":\"https:\\\/\\\/www.akuryprodukte.de\\\/en\\\/\"},{\"@type\":\"ListItem\",\"position\":2,\"name\":\"Shop\",\"item\":\"https:\\\/\\\/www.akuryprodukte.de\\\/en\\\/shop-en\\\/\"},{\"@type\":\"ListItem\",\"position\":3,\"name\":\"S 68 &#8211; L\u00f6wenzahn \\\/ Taraxacum\"}]},{\"@type\":\"WebSite\",\"@id\":\"https:\\\/\\\/www.akuryprodukte.de\\\/en\\\/#website\",\"url\":\"https:\\\/\\\/www.akuryprodukte.de\\\/en\\\/\",\"name\":\"akury\",\"description\":\"Produkte f\u00fcr Ihr Wohlbefinden\",\"publisher\":{\"@id\":\"https:\\\/\\\/www.akuryprodukte.de\\\/en\\\/#organization\"},\"potentialAction\":[{\"@type\":\"SearchAction\",\"target\":{\"@type\":\"EntryPoint\",\"urlTemplate\":\"https:\\\/\\\/www.akuryprodukte.de\\\/en\\\/?s={search_term_string}\"},\"query-input\":{\"@type\":\"PropertyValueSpecification\",\"valueRequired\":true,\"valueName\":\"search_term_string\"}}],\"inLanguage\":\"en-US\"},{\"@type\":\"Organization\",\"@id\":\"https:\\\/\\\/www.akuryprodukte.de\\\/en\\\/#organization\",\"name\":\"AkuRy GmbH\",\"url\":\"https:\\\/\\\/www.akuryprodukte.de\\\/en\\\/\",\"logo\":{\"@type\":\"ImageObject\",\"inLanguage\":\"en-US\",\"@id\":\"https:\\\/\\\/www.akuryprodukte.de\\\/en\\\/#\\\/schema\\\/logo\\\/image\\\/\",\"url\":\"https:\\\/\\\/www.akuryprodukte.de\\\/wp-content\\\/uploads\\\/2020\\\/09\\\/Logo_AKY-p-512.jpg\",\"contentUrl\":\"https:\\\/\\\/www.akuryprodukte.de\\\/wp-content\\\/uploads\\\/2020\\\/09\\\/Logo_AKY-p-512.jpg\",\"width\":512,\"height\":512,\"caption\":\"AkuRy GmbH\"},\"image\":{\"@id\":\"https:\\\/\\\/www.akuryprodukte.de\\\/en\\\/#\\\/schema\\\/logo\\\/image\\\/\"},\"sameAs\":[\"https:\\\/\\\/de-de.facebook.com\\\/bioenergetischesinformationsmanagement\\\/\",\"https:\\\/\\\/x.com\\\/heiko_wenner\",\"https:\\\/\\\/www.instagram.com\\\/akury_gmbh\\\/\",\"https:\\\/\\\/www.youtube.com\\\/channel\\\/UCyItRPbJUon1m0Gq6kV2Izw\"]}]}<\/script>\n<!-- \/ Yoast SEO plugin. -->","yoast_head_json":{"title":"S 68 - L\u00f6wenzahn \/ Taraxacum - akury","robots":{"index":"index","follow":"follow","max-snippet":"max-snippet:-1","max-image-preview":"max-image-preview:large","max-video-preview":"max-video-preview:-1"},"canonical":"https:\/\/www.akuryprodukte.de\/en\/shop\/s-68-loewenzahn-taraxacum\/","og_locale":"en_US","og_type":"article","og_title":"S 68 - L\u00f6wenzahn \/ Taraxacum - akury","og_description":"Energetischer Aspekt F\u00fcr Personen, die sich selbst und die anderen nicht m\u00f6gen. Schlecht gelaunt, ohne Ausstrahlung, die sich \u00fcber alles beschweren, sind der Meinung, dass ihnen niemand helfen kann. Hilft uns, sich selbst zu akzeptieren (Eigenliebe) Soziale Pflanze. Hilft, sich anderen gegen\u00fcber zu \u00f6ffnen, sich dem Leben, der Erweiterung zu \u00f6ffnen, Liebe zu geben. Sich [&hellip;]","og_url":"https:\/\/www.akuryprodukte.de\/en\/shop\/s-68-loewenzahn-taraxacum\/","og_site_name":"akury","article_publisher":"https:\/\/de-de.facebook.com\/bioenergetischesinformationsmanagement\/","article_modified_time":"2023-05-24T07:44:50+00:00","og_image":[{"width":550,"height":550,"url":"https:\/\/www.akuryprodukte.de\/wp-content\/uploads\/2021\/05\/S_68_0457.jpg","type":"image\/jpeg"}],"twitter_card":"summary_large_image","twitter_site":"@heiko_wenner","twitter_misc":{"Est. reading time":"1 minute"},"schema":{"@context":"https:\/\/schema.org","@graph":[{"@type":"WebPage","@id":"https:\/\/www.akuryprodukte.de\/en\/shop\/s-68-loewenzahn-taraxacum\/","url":"https:\/\/www.akuryprodukte.de\/en\/shop\/s-68-loewenzahn-taraxacum\/","name":"S 68 - L\u00f6wenzahn \/ Taraxacum - akury","isPartOf":{"@id":"https:\/\/www.akuryprodukte.de\/en\/#website"},"primaryImageOfPage":{"@id":"https:\/\/www.akuryprodukte.de\/en\/shop\/s-68-loewenzahn-taraxacum\/#primaryimage"},"image":{"@id":"https:\/\/www.akuryprodukte.de\/en\/shop\/s-68-loewenzahn-taraxacum\/#primaryimage"},"thumbnailUrl":"https:\/\/www.akuryprodukte.de\/wp-content\/uploads\/2021\/05\/S_68_0457.jpg","datePublished":"2021-03-06T14:49:05+00:00","dateModified":"2023-05-24T07:44:50+00:00","breadcrumb":{"@id":"https:\/\/www.akuryprodukte.de\/en\/shop\/s-68-loewenzahn-taraxacum\/#breadcrumb"},"inLanguage":"en-US","potentialAction":[{"@type":"ReadAction","target":["https:\/\/www.akuryprodukte.de\/en\/shop\/s-68-loewenzahn-taraxacum\/"]}]},{"@type":"ImageObject","inLanguage":"en-US","@id":"https:\/\/www.akuryprodukte.de\/en\/shop\/s-68-loewenzahn-taraxacum\/#primaryimage","url":"https:\/\/www.akuryprodukte.de\/wp-content\/uploads\/2021\/05\/S_68_0457.jpg","contentUrl":"https:\/\/www.akuryprodukte.de\/wp-content\/uploads\/2021\/05\/S_68_0457.jpg","width":550,"height":550,"caption":"akury Information-Chips - Spagyric"},{"@type":"BreadcrumbList","@id":"https:\/\/www.akuryprodukte.de\/en\/shop\/s-68-loewenzahn-taraxacum\/#breadcrumb","itemListElement":[{"@type":"ListItem","position":1,"name":"Startseite","item":"https:\/\/www.akuryprodukte.de\/en\/"},{"@type":"ListItem","position":2,"name":"Shop","item":"https:\/\/www.akuryprodukte.de\/en\/shop-en\/"},{"@type":"ListItem","position":3,"name":"S 68 &#8211; L\u00f6wenzahn \/ Taraxacum"}]},{"@type":"WebSite","@id":"https:\/\/www.akuryprodukte.de\/en\/#website","url":"https:\/\/www.akuryprodukte.de\/en\/","name":"akury","description":"Produkte f\u00fcr Ihr Wohlbefinden","publisher":{"@id":"https:\/\/www.akuryprodukte.de\/en\/#organization"},"potentialAction":[{"@type":"SearchAction","target":{"@type":"EntryPoint","urlTemplate":"https:\/\/www.akuryprodukte.de\/en\/?s={search_term_string}"},"query-input":{"@type":"PropertyValueSpecification","valueRequired":true,"valueName":"search_term_string"}}],"inLanguage":"en-US"},{"@type":"Organization","@id":"https:\/\/www.akuryprodukte.de\/en\/#organization","name":"AkuRy GmbH","url":"https:\/\/www.akuryprodukte.de\/en\/","logo":{"@type":"ImageObject","inLanguage":"en-US","@id":"https:\/\/www.akuryprodukte.de\/en\/#\/schema\/logo\/image\/","url":"https:\/\/www.akuryprodukte.de\/wp-content\/uploads\/2020\/09\/Logo_AKY-p-512.jpg","contentUrl":"https:\/\/www.akuryprodukte.de\/wp-content\/uploads\/2020\/09\/Logo_AKY-p-512.jpg","width":512,"height":512,"caption":"AkuRy GmbH"},"image":{"@id":"https:\/\/www.akuryprodukte.de\/en\/#\/schema\/logo\/image\/"},"sameAs":["https:\/\/de-de.facebook.com\/bioenergetischesinformationsmanagement\/","https:\/\/x.com\/heiko_wenner","https:\/\/www.instagram.com\/akury_gmbh\/","https:\/\/www.youtube.com\/channel\/UCyItRPbJUon1m0Gq6kV2Izw"]}]}},"_links":{"self":[{"href":"https:\/\/www.akuryprodukte.de\/en\/wp-json\/wp\/v2\/product\/6235","targetHints":{"allow":["GET"]}}],"collection":[{"href":"https:\/\/www.akuryprodukte.de\/en\/wp-json\/wp\/v2\/product"}],"about":[{"href":"https:\/\/www.akuryprodukte.de\/en\/wp-json\/wp\/v2\/types\/product"}],"replies":[{"embeddable":true,"href":"https:\/\/www.akuryprodukte.de\/en\/wp-json\/wp\/v2\/comments?post=6235"}],"wp:featuredmedia":[{"embeddable":true,"href":"https:\/\/www.akuryprodukte.de\/en\/wp-json\/wp\/v2\/media\/7106"}],"wp:attachment":[{"href":"https:\/\/www.akuryprodukte.de\/en\/wp-json\/wp\/v2\/media?parent=6235"}],"wp:term":[{"taxonomy":"product_brand","embeddable":true,"href":"https:\/\/www.akuryprodukte.de\/en\/wp-json\/wp\/v2\/product_brand?post=6235"},{"taxonomy":"product_cat","embeddable":true,"href":"https:\/\/www.akuryprodukte.de\/en\/wp-json\/wp\/v2\/product_cat?post=6235"},{"taxonomy":"product_tag","embeddable":true,"href":"https:\/\/www.akuryprodukte.de\/en\/wp-json\/wp\/v2\/product_tag?post=6235"}],"curies":[{"name":"wp","href":"https:\/\/api.w.org\/{rel}","templated":true}]}}