{"id":6238,"date":"2021-03-06T17:22:40","date_gmt":"2021-03-06T16:22:40","guid":{"rendered":"https:\/\/www.akuryprodukte.de\/?post_type=product&#038;p=6238"},"modified":"2023-05-23T15:44:28","modified_gmt":"2023-05-23T13:44:28","slug":"s-72-brennesel-urtica","status":"publish","type":"product","link":"https:\/\/www.akuryprodukte.de\/en\/shop\/s-72-brennesel-urtica\/","title":{"rendered":"S 72 &#8211; Brennnessel \/ Urtica"},"content":{"rendered":"<p><strong>Energetischer Aspekt<\/strong><\/p>\n<ul>\n<li>Sch\u00fctzende und st\u00e4rkende Essenz f\u00fcr unser Nervensystem in vielen Bereichen: elektromagnetische Felder, energetische Verunreinigungen verschiedenster Ursachen, st\u00f6rende Wellen der Erdkruste, Angriffe auf unsere energetische DNS, von negativen Menschen ausgehende sch\u00e4dliche oder destabilisierende Energien, Menschen, die man nicht mag, die aggressiv sind, vor denen man sich sch\u00fctzen m\u00f6chte (bewusst oder unbewusst).<\/li>\n<li>Hilft, die innere Reinheit wiederzufinden, die den Zugang zu neuen Vibrations-&#8220;Feldern&#8221; und &#8220;Kl\u00e4ngen&#8221; des Planeten erm\u00f6glicht.<\/li>\n<li>Verk\u00f6rpert die Kommunikation; in aller Ruhe reden.<\/li>\n<li>Wirkt wie eine Trommel, die durch Vibration von negativen Energien befreit, die durch unser Umfeld hervorgebracht werden<\/li>\n<li>Befreiung von Stress<\/li>\n<li>\u00c4usserer Schutz (innerer Schutz: Betula)<\/li>\n<li>Muskelkraft, Manneskraft, manchmal falscher Eindruck von Kraft, kann aggressiv und impulsiv sein, hat \u201ehauchd\u00fcnne\u201c Nerven<\/li>\n<li>Symbolisiert die Haut, unsere sch\u00fctzende Schicht<\/li>\n<li>Nieren, unsere Lebensenergie (Reinigung, befreit unsere Emotionen), leitet \u00c4ngste aus<\/li>\n<li>Reaktion in der Tiefe, vom Inneren der Knochen bis zur Oberfl\u00e4che, erlaubt die funktionelle Restrukturierung unseres physischen K\u00f6rpers \u00fcber seine psychische Aktivit\u00e4t<\/li>\n<li>Ausleitung chemischer Gifte, \u00fcbersch\u00fcssiger K\u00f6rpers\u00e4ure, von all dem, was nicht mehr im Einklang mit unserer Energie steht (Gef\u00fchl des Unwohlseins, diverse Schmerzen von K\u00f6rper und Seele, alte destruktive Muster)<\/li>\n<\/ul>\n<p><strong>K\u00f6rperliche Aspekte<\/strong><\/p>\n<ul>\n<li>Nieren-Pflanze, gut kombinierbar mit Solidago, Sabal, Tropaeolum oder mit anderen Leber-Galle Pflanzen<\/li>\n<li>Drainage von Leber und Nieren<\/li>\n<li>Adaptogen: Immunabwehr und k\u00f6rperliche Widerstandskraft: allgemeines St\u00e4rkungsmittel, Entschlackung und Blutregenerierung<\/li>\n<li>Remineralisation<\/li>\n<li>Patient f\u00fchlt sich m\u00fcde, verschlackt, \u00fcbers\u00e4uert, in der Genesungsphase<\/li>\n<li>Harntrakt: unterst\u00fctzt die Nierenfunktion, regeneriert das Nierengewebe<\/li>\n<li>Lithiasis; \u00d6deme<\/li>\n<li>Allgemeines St\u00e4rkungsmittel, blutreinigend, blutregenerierend K\u00f6rperentgiftung, \u00dcbers\u00e4uerung im Blut und Urin, Eliminierung von Harns\u00e4ure, \u00fcberh\u00f6hte Milchs\u00e4ure.<\/li>\n<li>Gef\u00fchl des Brennens der Haut (rotes Gesicht), wie von der Brennnessel gestochen, Augen- und Ohrenentz\u00fcndung Muskelsystem, Knochen, Gelenke<\/li>\n<li>Schmerzen, Rheuma, Arthrose, Knochen, Gelenke; st\u00e4rkt den Gelenkknorpel;<\/li>\n<li>Ischias<\/li>\n<li>Wachstum: St\u00f6rungen des Knochenaufbaus, Zahnung<\/li>\n<li>Reich an Mineralien (Osteoporose, Demineralisation: beg\u00fcnstigt Kalziumaufnahme); Adaptogen und Tonikum der Nebennieren, stoffwechselregulierend, vermindert die verh\u00e4ngnisvollen Wirkungen von Stress<\/li>\n<li>Benigne Vergr\u00f6sserung der Prostata, Harninkontinenz, Enuresie, Zystitis<\/li>\n<li>Hitzewellen mit \u00dcberschuss an Histamin (Stress, unangemessene Nahrung, Rauchen und Alkohol)<\/li>\n<li>Haut und Schleimh\u00e4ute: Gef\u00fchl, als w\u00fcrde die Haut brennen (rotes Gesicht), Eindruck, als sei man von der Brennessel gestochen<\/li>\n<li>Ohren- und Augenentz\u00fcndung<\/li>\n<li>Personen, bei denen Stress zu Hautreaktionen f\u00fchrt<\/li>\n<li>Juckreiz (Haut, Vagina, stressbedingt), Ekzeme, Pickel, Psoriasis, Flechten, Nesselsucht (Urticaria) durch Meeresfr\u00fcchte, Vergiftung durch Fisch oder Muscheln, Windpocken, Herpes, Akne, \u00f6lige Haut, Hautreizungen<\/li>\n<\/ul>\n<p>Der S 72 Chip enth\u00e4lt Frequenzen und Informationen, die eine koh\u00e4rente Schwingung erzeugen, welchen die inkoh\u00e4renten energetischen und k\u00f6rperlichen Aspekte wieder ordnen und den Regenerationsprozess unterst\u00fctzen sollen.<\/p>\n<p>&nbsp;<\/p>\n","protected":false},"excerpt":{"rendered":"<p>Energetischer Aspekt Sch\u00fctzende und st\u00e4rkende Essenz f\u00fcr unser Nervensystem in vielen Bereichen: elektromagnetische Felder, energetische Verunreinigungen verschiedenster Ursachen, st\u00f6rende Wellen der Erdkruste, Angriffe auf unsere energetische DNS, von negativen Menschen ausgehende sch\u00e4dliche oder destabilisierende Energien, Menschen, die man nicht mag, die aggressiv sind, vor denen man sich sch\u00fctzen m\u00f6chte (bewusst oder unbewusst). Hilft, die innere [&hellip;]<\/p>\n","protected":false},"featured_media":7108,"comment_status":"open","ping_status":"closed","template":"","meta":[],"product_brand":[],"product_cat":[3008,85,1367,1705],"product_tag":[],"class_list":{"0":"post-6238","1":"product","2":"type-product","3":"status-publish","4":"has-post-thumbnail","6":"product_cat-info-chips-stuetz-und-bewegungsapparat-haut-schleimhaut","7":"product_cat-info-chips-ausleitung-von-giftstoffen","8":"product_cat-info-chips-spagyrik","9":"product_cat-info-chips-spagyrik-essenzen","11":"first","12":"instock","13":"taxable","14":"shipping-taxable","15":"purchasable","16":"product-type-simple"},"yoast_head":"<!-- This site is optimized with the Yoast SEO plugin v27.3 - https:\/\/yoast.com\/product\/yoast-seo-wordpress\/ -->\n<title>S 72 - Brennnessel \/ Urtica - akury<\/title>\n<meta name=\"robots\" content=\"index, follow, max-snippet:-1, max-image-preview:large, max-video-preview:-1\" \/>\n<link rel=\"canonical\" href=\"https:\/\/www.akuryprodukte.de\/en\/shop\/s-72-brennesel-urtica\/\" \/>\n<meta property=\"og:locale\" content=\"en_US\" \/>\n<meta property=\"og:type\" content=\"article\" \/>\n<meta property=\"og:title\" content=\"S 72 - Brennnessel \/ Urtica - akury\" \/>\n<meta property=\"og:description\" content=\"Energetischer Aspekt Sch\u00fctzende und st\u00e4rkende Essenz f\u00fcr unser Nervensystem in vielen Bereichen: elektromagnetische Felder, energetische Verunreinigungen verschiedenster Ursachen, st\u00f6rende Wellen der Erdkruste, Angriffe auf unsere energetische DNS, von negativen Menschen ausgehende sch\u00e4dliche oder destabilisierende Energien, Menschen, die man nicht mag, die aggressiv sind, vor denen man sich sch\u00fctzen m\u00f6chte (bewusst oder unbewusst). Hilft, die innere [&hellip;]\" \/>\n<meta property=\"og:url\" content=\"https:\/\/www.akuryprodukte.de\/en\/shop\/s-72-brennesel-urtica\/\" \/>\n<meta property=\"og:site_name\" content=\"akury\" \/>\n<meta property=\"article:publisher\" content=\"https:\/\/de-de.facebook.com\/bioenergetischesinformationsmanagement\/\" \/>\n<meta property=\"article:modified_time\" content=\"2023-05-23T13:44:28+00:00\" \/>\n<meta property=\"og:image\" content=\"https:\/\/www.akuryprodukte.de\/wp-content\/uploads\/2021\/05\/S_72_0458.jpg\" \/>\n\t<meta property=\"og:image:width\" content=\"550\" \/>\n\t<meta property=\"og:image:height\" content=\"550\" \/>\n\t<meta property=\"og:image:type\" content=\"image\/jpeg\" \/>\n<meta name=\"twitter:card\" content=\"summary_large_image\" \/>\n<meta name=\"twitter:site\" content=\"@heiko_wenner\" \/>\n<meta name=\"twitter:label1\" content=\"Est. reading time\" \/>\n\t<meta name=\"twitter:data1\" content=\"2 minutes\" \/>\n<script type=\"application\/ld+json\" class=\"yoast-schema-graph\">{\"@context\":\"https:\\\/\\\/schema.org\",\"@graph\":[{\"@type\":\"WebPage\",\"@id\":\"https:\\\/\\\/www.akuryprodukte.de\\\/en\\\/shop\\\/s-72-brennesel-urtica\\\/\",\"url\":\"https:\\\/\\\/www.akuryprodukte.de\\\/en\\\/shop\\\/s-72-brennesel-urtica\\\/\",\"name\":\"S 72 - Brennnessel \\\/ Urtica - akury\",\"isPartOf\":{\"@id\":\"https:\\\/\\\/www.akuryprodukte.de\\\/en\\\/#website\"},\"primaryImageOfPage\":{\"@id\":\"https:\\\/\\\/www.akuryprodukte.de\\\/en\\\/shop\\\/s-72-brennesel-urtica\\\/#primaryimage\"},\"image\":{\"@id\":\"https:\\\/\\\/www.akuryprodukte.de\\\/en\\\/shop\\\/s-72-brennesel-urtica\\\/#primaryimage\"},\"thumbnailUrl\":\"https:\\\/\\\/www.akuryprodukte.de\\\/wp-content\\\/uploads\\\/2021\\\/05\\\/S_72_0458.jpg\",\"datePublished\":\"2021-03-06T16:22:40+00:00\",\"dateModified\":\"2023-05-23T13:44:28+00:00\",\"breadcrumb\":{\"@id\":\"https:\\\/\\\/www.akuryprodukte.de\\\/en\\\/shop\\\/s-72-brennesel-urtica\\\/#breadcrumb\"},\"inLanguage\":\"en-US\",\"potentialAction\":[{\"@type\":\"ReadAction\",\"target\":[\"https:\\\/\\\/www.akuryprodukte.de\\\/en\\\/shop\\\/s-72-brennesel-urtica\\\/\"]}]},{\"@type\":\"ImageObject\",\"inLanguage\":\"en-US\",\"@id\":\"https:\\\/\\\/www.akuryprodukte.de\\\/en\\\/shop\\\/s-72-brennesel-urtica\\\/#primaryimage\",\"url\":\"https:\\\/\\\/www.akuryprodukte.de\\\/wp-content\\\/uploads\\\/2021\\\/05\\\/S_72_0458.jpg\",\"contentUrl\":\"https:\\\/\\\/www.akuryprodukte.de\\\/wp-content\\\/uploads\\\/2021\\\/05\\\/S_72_0458.jpg\",\"width\":550,\"height\":550,\"caption\":\"akury Information-Chips - Spagyric\"},{\"@type\":\"BreadcrumbList\",\"@id\":\"https:\\\/\\\/www.akuryprodukte.de\\\/en\\\/shop\\\/s-72-brennesel-urtica\\\/#breadcrumb\",\"itemListElement\":[{\"@type\":\"ListItem\",\"position\":1,\"name\":\"Startseite\",\"item\":\"https:\\\/\\\/www.akuryprodukte.de\\\/en\\\/\"},{\"@type\":\"ListItem\",\"position\":2,\"name\":\"Shop\",\"item\":\"https:\\\/\\\/www.akuryprodukte.de\\\/en\\\/shop-en\\\/\"},{\"@type\":\"ListItem\",\"position\":3,\"name\":\"S 72 &#8211; Brennnessel \\\/ Urtica\"}]},{\"@type\":\"WebSite\",\"@id\":\"https:\\\/\\\/www.akuryprodukte.de\\\/en\\\/#website\",\"url\":\"https:\\\/\\\/www.akuryprodukte.de\\\/en\\\/\",\"name\":\"akury\",\"description\":\"Produkte f\u00fcr Ihr Wohlbefinden\",\"publisher\":{\"@id\":\"https:\\\/\\\/www.akuryprodukte.de\\\/en\\\/#organization\"},\"potentialAction\":[{\"@type\":\"SearchAction\",\"target\":{\"@type\":\"EntryPoint\",\"urlTemplate\":\"https:\\\/\\\/www.akuryprodukte.de\\\/en\\\/?s={search_term_string}\"},\"query-input\":{\"@type\":\"PropertyValueSpecification\",\"valueRequired\":true,\"valueName\":\"search_term_string\"}}],\"inLanguage\":\"en-US\"},{\"@type\":\"Organization\",\"@id\":\"https:\\\/\\\/www.akuryprodukte.de\\\/en\\\/#organization\",\"name\":\"AkuRy GmbH\",\"url\":\"https:\\\/\\\/www.akuryprodukte.de\\\/en\\\/\",\"logo\":{\"@type\":\"ImageObject\",\"inLanguage\":\"en-US\",\"@id\":\"https:\\\/\\\/www.akuryprodukte.de\\\/en\\\/#\\\/schema\\\/logo\\\/image\\\/\",\"url\":\"https:\\\/\\\/www.akuryprodukte.de\\\/wp-content\\\/uploads\\\/2020\\\/09\\\/Logo_AKY-p-512.jpg\",\"contentUrl\":\"https:\\\/\\\/www.akuryprodukte.de\\\/wp-content\\\/uploads\\\/2020\\\/09\\\/Logo_AKY-p-512.jpg\",\"width\":512,\"height\":512,\"caption\":\"AkuRy GmbH\"},\"image\":{\"@id\":\"https:\\\/\\\/www.akuryprodukte.de\\\/en\\\/#\\\/schema\\\/logo\\\/image\\\/\"},\"sameAs\":[\"https:\\\/\\\/de-de.facebook.com\\\/bioenergetischesinformationsmanagement\\\/\",\"https:\\\/\\\/x.com\\\/heiko_wenner\",\"https:\\\/\\\/www.instagram.com\\\/akury_gmbh\\\/\",\"https:\\\/\\\/www.youtube.com\\\/channel\\\/UCyItRPbJUon1m0Gq6kV2Izw\"]}]}<\/script>\n<!-- \/ Yoast SEO plugin. -->","yoast_head_json":{"title":"S 72 - Brennnessel \/ Urtica - akury","robots":{"index":"index","follow":"follow","max-snippet":"max-snippet:-1","max-image-preview":"max-image-preview:large","max-video-preview":"max-video-preview:-1"},"canonical":"https:\/\/www.akuryprodukte.de\/en\/shop\/s-72-brennesel-urtica\/","og_locale":"en_US","og_type":"article","og_title":"S 72 - Brennnessel \/ Urtica - akury","og_description":"Energetischer Aspekt Sch\u00fctzende und st\u00e4rkende Essenz f\u00fcr unser Nervensystem in vielen Bereichen: elektromagnetische Felder, energetische Verunreinigungen verschiedenster Ursachen, st\u00f6rende Wellen der Erdkruste, Angriffe auf unsere energetische DNS, von negativen Menschen ausgehende sch\u00e4dliche oder destabilisierende Energien, Menschen, die man nicht mag, die aggressiv sind, vor denen man sich sch\u00fctzen m\u00f6chte (bewusst oder unbewusst). Hilft, die innere [&hellip;]","og_url":"https:\/\/www.akuryprodukte.de\/en\/shop\/s-72-brennesel-urtica\/","og_site_name":"akury","article_publisher":"https:\/\/de-de.facebook.com\/bioenergetischesinformationsmanagement\/","article_modified_time":"2023-05-23T13:44:28+00:00","og_image":[{"width":550,"height":550,"url":"https:\/\/www.akuryprodukte.de\/wp-content\/uploads\/2021\/05\/S_72_0458.jpg","type":"image\/jpeg"}],"twitter_card":"summary_large_image","twitter_site":"@heiko_wenner","twitter_misc":{"Est. reading time":"2 minutes"},"schema":{"@context":"https:\/\/schema.org","@graph":[{"@type":"WebPage","@id":"https:\/\/www.akuryprodukte.de\/en\/shop\/s-72-brennesel-urtica\/","url":"https:\/\/www.akuryprodukte.de\/en\/shop\/s-72-brennesel-urtica\/","name":"S 72 - Brennnessel \/ Urtica - akury","isPartOf":{"@id":"https:\/\/www.akuryprodukte.de\/en\/#website"},"primaryImageOfPage":{"@id":"https:\/\/www.akuryprodukte.de\/en\/shop\/s-72-brennesel-urtica\/#primaryimage"},"image":{"@id":"https:\/\/www.akuryprodukte.de\/en\/shop\/s-72-brennesel-urtica\/#primaryimage"},"thumbnailUrl":"https:\/\/www.akuryprodukte.de\/wp-content\/uploads\/2021\/05\/S_72_0458.jpg","datePublished":"2021-03-06T16:22:40+00:00","dateModified":"2023-05-23T13:44:28+00:00","breadcrumb":{"@id":"https:\/\/www.akuryprodukte.de\/en\/shop\/s-72-brennesel-urtica\/#breadcrumb"},"inLanguage":"en-US","potentialAction":[{"@type":"ReadAction","target":["https:\/\/www.akuryprodukte.de\/en\/shop\/s-72-brennesel-urtica\/"]}]},{"@type":"ImageObject","inLanguage":"en-US","@id":"https:\/\/www.akuryprodukte.de\/en\/shop\/s-72-brennesel-urtica\/#primaryimage","url":"https:\/\/www.akuryprodukte.de\/wp-content\/uploads\/2021\/05\/S_72_0458.jpg","contentUrl":"https:\/\/www.akuryprodukte.de\/wp-content\/uploads\/2021\/05\/S_72_0458.jpg","width":550,"height":550,"caption":"akury Information-Chips - Spagyric"},{"@type":"BreadcrumbList","@id":"https:\/\/www.akuryprodukte.de\/en\/shop\/s-72-brennesel-urtica\/#breadcrumb","itemListElement":[{"@type":"ListItem","position":1,"name":"Startseite","item":"https:\/\/www.akuryprodukte.de\/en\/"},{"@type":"ListItem","position":2,"name":"Shop","item":"https:\/\/www.akuryprodukte.de\/en\/shop-en\/"},{"@type":"ListItem","position":3,"name":"S 72 &#8211; Brennnessel \/ Urtica"}]},{"@type":"WebSite","@id":"https:\/\/www.akuryprodukte.de\/en\/#website","url":"https:\/\/www.akuryprodukte.de\/en\/","name":"akury","description":"Produkte f\u00fcr Ihr Wohlbefinden","publisher":{"@id":"https:\/\/www.akuryprodukte.de\/en\/#organization"},"potentialAction":[{"@type":"SearchAction","target":{"@type":"EntryPoint","urlTemplate":"https:\/\/www.akuryprodukte.de\/en\/?s={search_term_string}"},"query-input":{"@type":"PropertyValueSpecification","valueRequired":true,"valueName":"search_term_string"}}],"inLanguage":"en-US"},{"@type":"Organization","@id":"https:\/\/www.akuryprodukte.de\/en\/#organization","name":"AkuRy GmbH","url":"https:\/\/www.akuryprodukte.de\/en\/","logo":{"@type":"ImageObject","inLanguage":"en-US","@id":"https:\/\/www.akuryprodukte.de\/en\/#\/schema\/logo\/image\/","url":"https:\/\/www.akuryprodukte.de\/wp-content\/uploads\/2020\/09\/Logo_AKY-p-512.jpg","contentUrl":"https:\/\/www.akuryprodukte.de\/wp-content\/uploads\/2020\/09\/Logo_AKY-p-512.jpg","width":512,"height":512,"caption":"AkuRy GmbH"},"image":{"@id":"https:\/\/www.akuryprodukte.de\/en\/#\/schema\/logo\/image\/"},"sameAs":["https:\/\/de-de.facebook.com\/bioenergetischesinformationsmanagement\/","https:\/\/x.com\/heiko_wenner","https:\/\/www.instagram.com\/akury_gmbh\/","https:\/\/www.youtube.com\/channel\/UCyItRPbJUon1m0Gq6kV2Izw"]}]}},"_links":{"self":[{"href":"https:\/\/www.akuryprodukte.de\/en\/wp-json\/wp\/v2\/product\/6238","targetHints":{"allow":["GET"]}}],"collection":[{"href":"https:\/\/www.akuryprodukte.de\/en\/wp-json\/wp\/v2\/product"}],"about":[{"href":"https:\/\/www.akuryprodukte.de\/en\/wp-json\/wp\/v2\/types\/product"}],"replies":[{"embeddable":true,"href":"https:\/\/www.akuryprodukte.de\/en\/wp-json\/wp\/v2\/comments?post=6238"}],"wp:featuredmedia":[{"embeddable":true,"href":"https:\/\/www.akuryprodukte.de\/en\/wp-json\/wp\/v2\/media\/7108"}],"wp:attachment":[{"href":"https:\/\/www.akuryprodukte.de\/en\/wp-json\/wp\/v2\/media?parent=6238"}],"wp:term":[{"taxonomy":"product_brand","embeddable":true,"href":"https:\/\/www.akuryprodukte.de\/en\/wp-json\/wp\/v2\/product_brand?post=6238"},{"taxonomy":"product_cat","embeddable":true,"href":"https:\/\/www.akuryprodukte.de\/en\/wp-json\/wp\/v2\/product_cat?post=6238"},{"taxonomy":"product_tag","embeddable":true,"href":"https:\/\/www.akuryprodukte.de\/en\/wp-json\/wp\/v2\/product_tag?post=6238"}],"curies":[{"name":"wp","href":"https:\/\/api.w.org\/{rel}","templated":true}]}}