{"id":6242,"date":"2021-03-06T17:33:33","date_gmt":"2021-03-06T16:33:33","guid":{"rendered":"https:\/\/www.akuryprodukte.de\/?post_type=product&#038;p=6242"},"modified":"2023-05-24T10:32:26","modified_gmt":"2023-05-24T08:32:26","slug":"s-76-mistel-viscum-album","status":"publish","type":"product","link":"https:\/\/www.akuryprodukte.de\/en\/shop\/s-76-mistel-viscum-album\/","title":{"rendered":"S 76 &#8211; Mistel \/ Viscum album"},"content":{"rendered":"<p><strong>Energetischer Aspekt<\/strong><\/p>\n<ul>\n<li>Symbolisiert die geistige Mutter. Fehlende Mutterliebe (z. B. Mutter zu fr\u00fch verstorben).<\/li>\n<li>Fehlende Trauer um die verstorbene Mutter. Seite links, in Zusammenhang mit der Mutter, der Vergangenheit, der weiblichen Energie Repr\u00e4sentiert den Mond &#8220;Die Nacht bringt Rat&#8221;,<\/li>\n<li>Zeichen des Krebses, Montag, lebt in der Vergangenheit, Traurigkeit, Nostalgie, Kenntnis und Bewusstsein der Vergangenheit<\/li>\n<li>Pflanze der Reinigung von schlechten Gewohnheiten, von Fehlern, Blockaden der Vergangenheit Wissen und Bewusstsein (das wir schon aus der Vergangenheit mitbringen)<\/li>\n<\/ul>\n<p><strong>K\u00f6rperliche Aspekte<\/strong><\/p>\n<ul>\n<li>Mittel der Verletzungspathologien<\/li>\n<li>Ausscheidungsorgane ersch\u00f6pft<\/li>\n<li>Gewebs\u00fcbers\u00e4uerung, Arteriosklerose<\/li>\n<li>Radikalf\u00e4nger. Alterung, Begleittherapie bei Krebs, Synergie mit Quercus, Pr\u00e4kanzerose, Melanom, Fibrom, Zysten, Warzen, Vaginalherpes (+ Betula = Synergie)<\/li>\n<li>Durchblutungsst\u00f6rungen, Schwindel, Ohrensausen, Bluthochdruck. Herzinfarkt. Atmungsorgane, Herz und Kreislaufsystem, blutstillend, reguliert zu hohen oder zu niedrigen Blutdruck, Herztonikum (+ Crataegus)<\/li>\n<li>Atemnot und Asthma<\/li>\n<li>Durchblutung: Pr\u00e4vention von Arteriosklerose, blutungshemmend<\/li>\n<li>Stoffwechselst\u00f6rungen (Diabetes etc.), blutreinigend<\/li>\n<li>Analgetisch<\/li>\n<li>Rheumatismus durch \u00dcberbeanspruchung (Gicht) und degenerativ (Arthrose); Ischias; Neuralgien<\/li>\n<li>Migr\u00e4ne<\/li>\n<li>Kr\u00e4mpfe, \u00dcbelkeit, Beklemmung<\/li>\n<li>Epilepsie (durch Hysterie ausgel\u00f6st)<\/li>\n<li>Blase. Diuretisch, f\u00f6rdert die Harnstoff-Ausscheidung. Wasserverhaltung. \u00d6deme. (Gezeiten des Mondes).<\/li>\n<li>Schlaflosigkeit. \u00c4ngstlich. Angst (besonders in Verbindung mit dem Mond), Nachtangst, Depressionen, Traurigkeit, Melancholie<\/li>\n<li>Nerv\u00f6se Leiden, Kr\u00e4mpfe, Zittern<\/li>\n<li>Verdauungssystem, System der Sinne<\/li>\n<li>Verst\u00e4rkt das H\u00f6rempfinden (+ Humulus); Ohrenger\u00e4usche; Sehst\u00f6rungen<\/li>\n<li>\u201eWeibliches Reproduktionssystem\u201c. Reguliert den Zyklus der Frau (Reinigung der Frau), Verstopfung vor der Regel.<\/li>\n<li>Wechseljahresbeschwerden mit Hitzewallungen, Wasseransammlung, Herzrasen und kurzer Atem;<\/li>\n<li>Dysplasie des Geb\u00e4rmutterhalses; Eierstockschmerzen links; heftige Schmerzen in Zusammenhang mit der Geb\u00e4rmutter; Weissfluss; chronische Infektionen im Bereich des Genitalapparats<\/li>\n<li>Linke Brust (Zysten). Brustdr\u00fcse<\/li>\n<li>HNO-Bereich: Asthma, Pseudokrupp, zu wenig Luft zum Atmen, Angst zu sterben<\/li>\n<li>Stimuliert das Immunsystem<\/li>\n<li>Einmal pro Monat krank<\/li>\n<li>MOND, monds\u00fcchtig, d\u00f6sen<\/li>\n<li>Immer durstig<\/li>\n<li>Lebt in der Vergangenheit, &#8220;bl\u00e4ttert im Album&#8221;<\/li>\n<\/ul>\n<p>Der S 76 Chip enth\u00e4lt Frequenzen und Informationen, die eine koh\u00e4rente Schwingung erzeugen, welchen die inkoh\u00e4renten energetischen und k\u00f6rperlichen Aspekte wieder ordnen und den Regenerationsprozess unterst\u00fctzen sollen.<\/p>\n<p>&nbsp;<\/p>\n","protected":false},"excerpt":{"rendered":"<p>Energetischer Aspekt Symbolisiert die geistige Mutter. Fehlende Mutterliebe (z. B. Mutter zu fr\u00fch verstorben). Fehlende Trauer um die verstorbene Mutter. Seite links, in Zusammenhang mit der Mutter, der Vergangenheit, der weiblichen Energie Repr\u00e4sentiert den Mond &#8220;Die Nacht bringt Rat&#8221;, Zeichen des Krebses, Montag, lebt in der Vergangenheit, Traurigkeit, Nostalgie, Kenntnis und Bewusstsein der Vergangenheit Pflanze [&hellip;]<\/p>\n","protected":false},"featured_media":7110,"comment_status":"open","ping_status":"closed","template":"","meta":[],"product_brand":[],"product_cat":[3004,3010,3008,2007,1367,1705],"product_tag":[],"class_list":{"0":"post-6242","1":"product","2":"type-product","3":"status-publish","4":"has-post-thumbnail","6":"product_cat-info-chips-herzkreislauf","7":"product_cat-info-chips-organe-blutgefaesse-gewebe","8":"product_cat-info-chips-stuetz-und-bewegungsapparat-haut-schleimhaut","9":"product_cat-info-chips-stoffwechsel","10":"product_cat-info-chips-spagyrik","11":"product_cat-info-chips-spagyrik-essenzen","13":"first","14":"instock","15":"taxable","16":"shipping-taxable","17":"purchasable","18":"product-type-simple"},"yoast_head":"<!-- This site is optimized with the Yoast SEO plugin v27.3 - https:\/\/yoast.com\/product\/yoast-seo-wordpress\/ -->\n<title>S 76 - Mistel \/ Viscum album - akury<\/title>\n<meta name=\"robots\" content=\"index, follow, max-snippet:-1, max-image-preview:large, max-video-preview:-1\" \/>\n<link rel=\"canonical\" href=\"https:\/\/www.akuryprodukte.de\/en\/shop\/s-76-mistel-viscum-album\/\" \/>\n<meta property=\"og:locale\" content=\"en_US\" \/>\n<meta property=\"og:type\" content=\"article\" \/>\n<meta property=\"og:title\" content=\"S 76 - Mistel \/ Viscum album - akury\" \/>\n<meta property=\"og:description\" content=\"Energetischer Aspekt Symbolisiert die geistige Mutter. Fehlende Mutterliebe (z. B. Mutter zu fr\u00fch verstorben). Fehlende Trauer um die verstorbene Mutter. Seite links, in Zusammenhang mit der Mutter, der Vergangenheit, der weiblichen Energie Repr\u00e4sentiert den Mond &#8220;Die Nacht bringt Rat&#8221;, Zeichen des Krebses, Montag, lebt in der Vergangenheit, Traurigkeit, Nostalgie, Kenntnis und Bewusstsein der Vergangenheit Pflanze [&hellip;]\" \/>\n<meta property=\"og:url\" content=\"https:\/\/www.akuryprodukte.de\/en\/shop\/s-76-mistel-viscum-album\/\" \/>\n<meta property=\"og:site_name\" content=\"akury\" \/>\n<meta property=\"article:publisher\" content=\"https:\/\/de-de.facebook.com\/bioenergetischesinformationsmanagement\/\" \/>\n<meta property=\"article:modified_time\" content=\"2023-05-24T08:32:26+00:00\" \/>\n<meta property=\"og:image\" content=\"https:\/\/www.akuryprodukte.de\/wp-content\/uploads\/2021\/05\/S_76_0459.jpg\" \/>\n\t<meta property=\"og:image:width\" content=\"550\" \/>\n\t<meta property=\"og:image:height\" content=\"550\" \/>\n\t<meta property=\"og:image:type\" content=\"image\/jpeg\" \/>\n<meta name=\"twitter:card\" content=\"summary_large_image\" \/>\n<meta name=\"twitter:site\" content=\"@heiko_wenner\" \/>\n<meta name=\"twitter:label1\" content=\"Est. reading time\" \/>\n\t<meta name=\"twitter:data1\" content=\"2 minutes\" \/>\n<script type=\"application\/ld+json\" class=\"yoast-schema-graph\">{\"@context\":\"https:\\\/\\\/schema.org\",\"@graph\":[{\"@type\":\"WebPage\",\"@id\":\"https:\\\/\\\/www.akuryprodukte.de\\\/en\\\/shop\\\/s-76-mistel-viscum-album\\\/\",\"url\":\"https:\\\/\\\/www.akuryprodukte.de\\\/en\\\/shop\\\/s-76-mistel-viscum-album\\\/\",\"name\":\"S 76 - Mistel \\\/ Viscum album - akury\",\"isPartOf\":{\"@id\":\"https:\\\/\\\/www.akuryprodukte.de\\\/en\\\/#website\"},\"primaryImageOfPage\":{\"@id\":\"https:\\\/\\\/www.akuryprodukte.de\\\/en\\\/shop\\\/s-76-mistel-viscum-album\\\/#primaryimage\"},\"image\":{\"@id\":\"https:\\\/\\\/www.akuryprodukte.de\\\/en\\\/shop\\\/s-76-mistel-viscum-album\\\/#primaryimage\"},\"thumbnailUrl\":\"https:\\\/\\\/www.akuryprodukte.de\\\/wp-content\\\/uploads\\\/2021\\\/05\\\/S_76_0459.jpg\",\"datePublished\":\"2021-03-06T16:33:33+00:00\",\"dateModified\":\"2023-05-24T08:32:26+00:00\",\"breadcrumb\":{\"@id\":\"https:\\\/\\\/www.akuryprodukte.de\\\/en\\\/shop\\\/s-76-mistel-viscum-album\\\/#breadcrumb\"},\"inLanguage\":\"en-US\",\"potentialAction\":[{\"@type\":\"ReadAction\",\"target\":[\"https:\\\/\\\/www.akuryprodukte.de\\\/en\\\/shop\\\/s-76-mistel-viscum-album\\\/\"]}]},{\"@type\":\"ImageObject\",\"inLanguage\":\"en-US\",\"@id\":\"https:\\\/\\\/www.akuryprodukte.de\\\/en\\\/shop\\\/s-76-mistel-viscum-album\\\/#primaryimage\",\"url\":\"https:\\\/\\\/www.akuryprodukte.de\\\/wp-content\\\/uploads\\\/2021\\\/05\\\/S_76_0459.jpg\",\"contentUrl\":\"https:\\\/\\\/www.akuryprodukte.de\\\/wp-content\\\/uploads\\\/2021\\\/05\\\/S_76_0459.jpg\",\"width\":550,\"height\":550,\"caption\":\"akury Information-Chips - Spagyric\"},{\"@type\":\"BreadcrumbList\",\"@id\":\"https:\\\/\\\/www.akuryprodukte.de\\\/en\\\/shop\\\/s-76-mistel-viscum-album\\\/#breadcrumb\",\"itemListElement\":[{\"@type\":\"ListItem\",\"position\":1,\"name\":\"Startseite\",\"item\":\"https:\\\/\\\/www.akuryprodukte.de\\\/en\\\/\"},{\"@type\":\"ListItem\",\"position\":2,\"name\":\"Shop\",\"item\":\"https:\\\/\\\/www.akuryprodukte.de\\\/en\\\/shop-en\\\/\"},{\"@type\":\"ListItem\",\"position\":3,\"name\":\"S 76 &#8211; Mistel \\\/ Viscum album\"}]},{\"@type\":\"WebSite\",\"@id\":\"https:\\\/\\\/www.akuryprodukte.de\\\/en\\\/#website\",\"url\":\"https:\\\/\\\/www.akuryprodukte.de\\\/en\\\/\",\"name\":\"akury\",\"description\":\"Produkte f\u00fcr Ihr Wohlbefinden\",\"publisher\":{\"@id\":\"https:\\\/\\\/www.akuryprodukte.de\\\/en\\\/#organization\"},\"potentialAction\":[{\"@type\":\"SearchAction\",\"target\":{\"@type\":\"EntryPoint\",\"urlTemplate\":\"https:\\\/\\\/www.akuryprodukte.de\\\/en\\\/?s={search_term_string}\"},\"query-input\":{\"@type\":\"PropertyValueSpecification\",\"valueRequired\":true,\"valueName\":\"search_term_string\"}}],\"inLanguage\":\"en-US\"},{\"@type\":\"Organization\",\"@id\":\"https:\\\/\\\/www.akuryprodukte.de\\\/en\\\/#organization\",\"name\":\"AkuRy GmbH\",\"url\":\"https:\\\/\\\/www.akuryprodukte.de\\\/en\\\/\",\"logo\":{\"@type\":\"ImageObject\",\"inLanguage\":\"en-US\",\"@id\":\"https:\\\/\\\/www.akuryprodukte.de\\\/en\\\/#\\\/schema\\\/logo\\\/image\\\/\",\"url\":\"https:\\\/\\\/www.akuryprodukte.de\\\/wp-content\\\/uploads\\\/2020\\\/09\\\/Logo_AKY-p-512.jpg\",\"contentUrl\":\"https:\\\/\\\/www.akuryprodukte.de\\\/wp-content\\\/uploads\\\/2020\\\/09\\\/Logo_AKY-p-512.jpg\",\"width\":512,\"height\":512,\"caption\":\"AkuRy GmbH\"},\"image\":{\"@id\":\"https:\\\/\\\/www.akuryprodukte.de\\\/en\\\/#\\\/schema\\\/logo\\\/image\\\/\"},\"sameAs\":[\"https:\\\/\\\/de-de.facebook.com\\\/bioenergetischesinformationsmanagement\\\/\",\"https:\\\/\\\/x.com\\\/heiko_wenner\",\"https:\\\/\\\/www.instagram.com\\\/akury_gmbh\\\/\",\"https:\\\/\\\/www.youtube.com\\\/channel\\\/UCyItRPbJUon1m0Gq6kV2Izw\"]}]}<\/script>\n<!-- \/ Yoast SEO plugin. -->","yoast_head_json":{"title":"S 76 - Mistel \/ Viscum album - akury","robots":{"index":"index","follow":"follow","max-snippet":"max-snippet:-1","max-image-preview":"max-image-preview:large","max-video-preview":"max-video-preview:-1"},"canonical":"https:\/\/www.akuryprodukte.de\/en\/shop\/s-76-mistel-viscum-album\/","og_locale":"en_US","og_type":"article","og_title":"S 76 - Mistel \/ Viscum album - akury","og_description":"Energetischer Aspekt Symbolisiert die geistige Mutter. Fehlende Mutterliebe (z. B. Mutter zu fr\u00fch verstorben). Fehlende Trauer um die verstorbene Mutter. Seite links, in Zusammenhang mit der Mutter, der Vergangenheit, der weiblichen Energie Repr\u00e4sentiert den Mond &#8220;Die Nacht bringt Rat&#8221;, Zeichen des Krebses, Montag, lebt in der Vergangenheit, Traurigkeit, Nostalgie, Kenntnis und Bewusstsein der Vergangenheit Pflanze [&hellip;]","og_url":"https:\/\/www.akuryprodukte.de\/en\/shop\/s-76-mistel-viscum-album\/","og_site_name":"akury","article_publisher":"https:\/\/de-de.facebook.com\/bioenergetischesinformationsmanagement\/","article_modified_time":"2023-05-24T08:32:26+00:00","og_image":[{"width":550,"height":550,"url":"https:\/\/www.akuryprodukte.de\/wp-content\/uploads\/2021\/05\/S_76_0459.jpg","type":"image\/jpeg"}],"twitter_card":"summary_large_image","twitter_site":"@heiko_wenner","twitter_misc":{"Est. reading time":"2 minutes"},"schema":{"@context":"https:\/\/schema.org","@graph":[{"@type":"WebPage","@id":"https:\/\/www.akuryprodukte.de\/en\/shop\/s-76-mistel-viscum-album\/","url":"https:\/\/www.akuryprodukte.de\/en\/shop\/s-76-mistel-viscum-album\/","name":"S 76 - Mistel \/ Viscum album - akury","isPartOf":{"@id":"https:\/\/www.akuryprodukte.de\/en\/#website"},"primaryImageOfPage":{"@id":"https:\/\/www.akuryprodukte.de\/en\/shop\/s-76-mistel-viscum-album\/#primaryimage"},"image":{"@id":"https:\/\/www.akuryprodukte.de\/en\/shop\/s-76-mistel-viscum-album\/#primaryimage"},"thumbnailUrl":"https:\/\/www.akuryprodukte.de\/wp-content\/uploads\/2021\/05\/S_76_0459.jpg","datePublished":"2021-03-06T16:33:33+00:00","dateModified":"2023-05-24T08:32:26+00:00","breadcrumb":{"@id":"https:\/\/www.akuryprodukte.de\/en\/shop\/s-76-mistel-viscum-album\/#breadcrumb"},"inLanguage":"en-US","potentialAction":[{"@type":"ReadAction","target":["https:\/\/www.akuryprodukte.de\/en\/shop\/s-76-mistel-viscum-album\/"]}]},{"@type":"ImageObject","inLanguage":"en-US","@id":"https:\/\/www.akuryprodukte.de\/en\/shop\/s-76-mistel-viscum-album\/#primaryimage","url":"https:\/\/www.akuryprodukte.de\/wp-content\/uploads\/2021\/05\/S_76_0459.jpg","contentUrl":"https:\/\/www.akuryprodukte.de\/wp-content\/uploads\/2021\/05\/S_76_0459.jpg","width":550,"height":550,"caption":"akury Information-Chips - Spagyric"},{"@type":"BreadcrumbList","@id":"https:\/\/www.akuryprodukte.de\/en\/shop\/s-76-mistel-viscum-album\/#breadcrumb","itemListElement":[{"@type":"ListItem","position":1,"name":"Startseite","item":"https:\/\/www.akuryprodukte.de\/en\/"},{"@type":"ListItem","position":2,"name":"Shop","item":"https:\/\/www.akuryprodukte.de\/en\/shop-en\/"},{"@type":"ListItem","position":3,"name":"S 76 &#8211; Mistel \/ Viscum album"}]},{"@type":"WebSite","@id":"https:\/\/www.akuryprodukte.de\/en\/#website","url":"https:\/\/www.akuryprodukte.de\/en\/","name":"akury","description":"Produkte f\u00fcr Ihr Wohlbefinden","publisher":{"@id":"https:\/\/www.akuryprodukte.de\/en\/#organization"},"potentialAction":[{"@type":"SearchAction","target":{"@type":"EntryPoint","urlTemplate":"https:\/\/www.akuryprodukte.de\/en\/?s={search_term_string}"},"query-input":{"@type":"PropertyValueSpecification","valueRequired":true,"valueName":"search_term_string"}}],"inLanguage":"en-US"},{"@type":"Organization","@id":"https:\/\/www.akuryprodukte.de\/en\/#organization","name":"AkuRy GmbH","url":"https:\/\/www.akuryprodukte.de\/en\/","logo":{"@type":"ImageObject","inLanguage":"en-US","@id":"https:\/\/www.akuryprodukte.de\/en\/#\/schema\/logo\/image\/","url":"https:\/\/www.akuryprodukte.de\/wp-content\/uploads\/2020\/09\/Logo_AKY-p-512.jpg","contentUrl":"https:\/\/www.akuryprodukte.de\/wp-content\/uploads\/2020\/09\/Logo_AKY-p-512.jpg","width":512,"height":512,"caption":"AkuRy GmbH"},"image":{"@id":"https:\/\/www.akuryprodukte.de\/en\/#\/schema\/logo\/image\/"},"sameAs":["https:\/\/de-de.facebook.com\/bioenergetischesinformationsmanagement\/","https:\/\/x.com\/heiko_wenner","https:\/\/www.instagram.com\/akury_gmbh\/","https:\/\/www.youtube.com\/channel\/UCyItRPbJUon1m0Gq6kV2Izw"]}]}},"_links":{"self":[{"href":"https:\/\/www.akuryprodukte.de\/en\/wp-json\/wp\/v2\/product\/6242","targetHints":{"allow":["GET"]}}],"collection":[{"href":"https:\/\/www.akuryprodukte.de\/en\/wp-json\/wp\/v2\/product"}],"about":[{"href":"https:\/\/www.akuryprodukte.de\/en\/wp-json\/wp\/v2\/types\/product"}],"replies":[{"embeddable":true,"href":"https:\/\/www.akuryprodukte.de\/en\/wp-json\/wp\/v2\/comments?post=6242"}],"wp:featuredmedia":[{"embeddable":true,"href":"https:\/\/www.akuryprodukte.de\/en\/wp-json\/wp\/v2\/media\/7110"}],"wp:attachment":[{"href":"https:\/\/www.akuryprodukte.de\/en\/wp-json\/wp\/v2\/media?parent=6242"}],"wp:term":[{"taxonomy":"product_brand","embeddable":true,"href":"https:\/\/www.akuryprodukte.de\/en\/wp-json\/wp\/v2\/product_brand?post=6242"},{"taxonomy":"product_cat","embeddable":true,"href":"https:\/\/www.akuryprodukte.de\/en\/wp-json\/wp\/v2\/product_cat?post=6242"},{"taxonomy":"product_tag","embeddable":true,"href":"https:\/\/www.akuryprodukte.de\/en\/wp-json\/wp\/v2\/product_tag?post=6242"}],"curies":[{"name":"wp","href":"https:\/\/api.w.org\/{rel}","templated":true}]}}