{"id":6689,"date":"2021-04-26T21:57:03","date_gmt":"2021-04-26T20:57:03","guid":{"rendered":"https:\/\/www.akuryprodukte.de\/?post_type=product&#038;p=6689"},"modified":"2023-05-23T15:21:02","modified_gmt":"2023-05-23T13:21:02","slug":"s-61-weinraute","status":"publish","type":"product","link":"https:\/\/www.akuryprodukte.de\/en\/shop\/s-61-weinraute\/","title":{"rendered":"S 61 &#8211; Weinraute Ruta graveolens"},"content":{"rendered":"<p><strong>S 61 Ruta graveolens\u00a0 (Weinraute)<\/strong><\/p>\n<p>Die Weinraute z\u00e4hlt zur Familie der Rautengew\u00e4chse und ist ein Halbstrauch, der bis zu einem Meter hoch werden kann. Sie ist in S\u00fcdeuropa heimisch und w\u00e4chst wild in den Mittelmeerl\u00e4ndern und vom Balkan bis zur Krim<\/p>\n<p><strong>Transformationsziele k\u00f6rperlich<\/strong><\/p>\n<p>\u2013 F\u00fcr einen guten Blutfluss in den Venen sorgen.<\/p>\n<p>\u2013 Verletzungen an Knochen, Knochenhaut und Sehen gut ausheilen.<\/p>\n<p>\u2013 Die Funktionen der Augen bei angestrengtem Sehen widerstandsf\u00e4hig und stabil halten.<\/p>\n<p><strong>Transformationsziele seelisch-geistig<\/strong><\/p>\n<p>\u2013 Notwendige Kritik an anderen offen und ohne zu verletzen \u00e4ussern.<\/p>\n<p>\u2013 Negative Erfahrungen rasch verarbeiten und \u00fcberwinden.<\/p>\n<p>\u2013 Vertrauen in sich und andere entwickeln.<\/p>\n<p>&nbsp;<\/p>\n<p>&nbsp;<\/p>\n","protected":false},"excerpt":{"rendered":"<p>S 61 Ruta graveolens\u00a0 (Weinraute) Die Weinraute z\u00e4hlt zur Familie der Rautengew\u00e4chse und ist ein Halbstrauch, der bis zu einem Meter hoch werden kann. Sie ist in S\u00fcdeuropa heimisch und w\u00e4chst wild in den Mittelmeerl\u00e4ndern und vom Balkan bis zur Krim Transformationsziele k\u00f6rperlich \u2013 F\u00fcr einen guten Blutfluss in den Venen sorgen. \u2013 Verletzungen an [&hellip;]<\/p>\n","protected":false},"featured_media":7071,"comment_status":"open","ping_status":"closed","template":"","meta":[],"product_brand":[],"product_cat":[3005,1367,1705],"product_tag":[],"class_list":{"0":"post-6689","1":"product","2":"type-product","3":"status-publish","4":"has-post-thumbnail","6":"product_cat-info-chips-schmerzen","7":"product_cat-info-chips-spagyrik","8":"product_cat-info-chips-spagyrik-essenzen","10":"first","11":"instock","12":"taxable","13":"shipping-taxable","14":"purchasable","15":"product-type-simple"},"yoast_head":"<!-- This site is optimized with the Yoast SEO plugin v27.4 - https:\/\/yoast.com\/product\/yoast-seo-wordpress\/ -->\n<title>S 61 - Weinraute Ruta graveolens - akury<\/title>\n<meta name=\"robots\" content=\"index, follow, max-snippet:-1, max-image-preview:large, max-video-preview:-1\" \/>\n<link rel=\"canonical\" href=\"https:\/\/www.akuryprodukte.de\/en\/shop\/s-61-weinraute\/\" \/>\n<meta property=\"og:locale\" content=\"en_US\" \/>\n<meta property=\"og:type\" content=\"article\" \/>\n<meta property=\"og:title\" content=\"S 61 - Weinraute Ruta graveolens - akury\" \/>\n<meta property=\"og:description\" content=\"S 61 Ruta graveolens\u00a0 (Weinraute) Die Weinraute z\u00e4hlt zur Familie der Rautengew\u00e4chse und ist ein Halbstrauch, der bis zu einem Meter hoch werden kann. Sie ist in S\u00fcdeuropa heimisch und w\u00e4chst wild in den Mittelmeerl\u00e4ndern und vom Balkan bis zur Krim Transformationsziele k\u00f6rperlich \u2013 F\u00fcr einen guten Blutfluss in den Venen sorgen. \u2013 Verletzungen an [&hellip;]\" \/>\n<meta property=\"og:url\" content=\"https:\/\/www.akuryprodukte.de\/en\/shop\/s-61-weinraute\/\" \/>\n<meta property=\"og:site_name\" content=\"akury\" \/>\n<meta property=\"article:publisher\" content=\"https:\/\/de-de.facebook.com\/bioenergetischesinformationsmanagement\/\" \/>\n<meta property=\"article:modified_time\" content=\"2023-05-23T13:21:02+00:00\" \/>\n<meta property=\"og:image\" content=\"https:\/\/www.akuryprodukte.de\/wp-content\/uploads\/2021\/05\/S_61_0551.jpg\" \/>\n\t<meta property=\"og:image:width\" content=\"550\" \/>\n\t<meta property=\"og:image:height\" content=\"550\" \/>\n\t<meta property=\"og:image:type\" content=\"image\/jpeg\" \/>\n<meta name=\"twitter:card\" content=\"summary_large_image\" \/>\n<meta name=\"twitter:site\" content=\"@heiko_wenner\" \/>\n<meta name=\"twitter:label1\" content=\"Est. reading time\" \/>\n\t<meta name=\"twitter:data1\" content=\"1 minute\" \/>\n<script type=\"application\/ld+json\" class=\"yoast-schema-graph\">{\"@context\":\"https:\\\/\\\/schema.org\",\"@graph\":[{\"@type\":\"WebPage\",\"@id\":\"https:\\\/\\\/www.akuryprodukte.de\\\/en\\\/shop\\\/s-61-weinraute\\\/\",\"url\":\"https:\\\/\\\/www.akuryprodukte.de\\\/en\\\/shop\\\/s-61-weinraute\\\/\",\"name\":\"S 61 - Weinraute Ruta graveolens - akury\",\"isPartOf\":{\"@id\":\"https:\\\/\\\/www.akuryprodukte.de\\\/en\\\/#website\"},\"primaryImageOfPage\":{\"@id\":\"https:\\\/\\\/www.akuryprodukte.de\\\/en\\\/shop\\\/s-61-weinraute\\\/#primaryimage\"},\"image\":{\"@id\":\"https:\\\/\\\/www.akuryprodukte.de\\\/en\\\/shop\\\/s-61-weinraute\\\/#primaryimage\"},\"thumbnailUrl\":\"https:\\\/\\\/www.akuryprodukte.de\\\/wp-content\\\/uploads\\\/2021\\\/05\\\/S_61_0551.jpg\",\"datePublished\":\"2021-04-26T20:57:03+00:00\",\"dateModified\":\"2023-05-23T13:21:02+00:00\",\"breadcrumb\":{\"@id\":\"https:\\\/\\\/www.akuryprodukte.de\\\/en\\\/shop\\\/s-61-weinraute\\\/#breadcrumb\"},\"inLanguage\":\"en-US\",\"potentialAction\":[{\"@type\":\"ReadAction\",\"target\":[\"https:\\\/\\\/www.akuryprodukte.de\\\/en\\\/shop\\\/s-61-weinraute\\\/\"]}]},{\"@type\":\"ImageObject\",\"inLanguage\":\"en-US\",\"@id\":\"https:\\\/\\\/www.akuryprodukte.de\\\/en\\\/shop\\\/s-61-weinraute\\\/#primaryimage\",\"url\":\"https:\\\/\\\/www.akuryprodukte.de\\\/wp-content\\\/uploads\\\/2021\\\/05\\\/S_61_0551.jpg\",\"contentUrl\":\"https:\\\/\\\/www.akuryprodukte.de\\\/wp-content\\\/uploads\\\/2021\\\/05\\\/S_61_0551.jpg\",\"width\":550,\"height\":550,\"caption\":\"akury Information-Chips - Spagyric\"},{\"@type\":\"BreadcrumbList\",\"@id\":\"https:\\\/\\\/www.akuryprodukte.de\\\/en\\\/shop\\\/s-61-weinraute\\\/#breadcrumb\",\"itemListElement\":[{\"@type\":\"ListItem\",\"position\":1,\"name\":\"Startseite\",\"item\":\"https:\\\/\\\/www.akuryprodukte.de\\\/en\\\/\"},{\"@type\":\"ListItem\",\"position\":2,\"name\":\"Shop\",\"item\":\"https:\\\/\\\/www.akuryprodukte.de\\\/en\\\/shop-en\\\/\"},{\"@type\":\"ListItem\",\"position\":3,\"name\":\"S 61 &#8211; Weinraute Ruta graveolens\"}]},{\"@type\":\"WebSite\",\"@id\":\"https:\\\/\\\/www.akuryprodukte.de\\\/en\\\/#website\",\"url\":\"https:\\\/\\\/www.akuryprodukte.de\\\/en\\\/\",\"name\":\"akury\",\"description\":\"Produkte f\u00fcr Ihr Wohlbefinden\",\"publisher\":{\"@id\":\"https:\\\/\\\/www.akuryprodukte.de\\\/en\\\/#organization\"},\"potentialAction\":[{\"@type\":\"SearchAction\",\"target\":{\"@type\":\"EntryPoint\",\"urlTemplate\":\"https:\\\/\\\/www.akuryprodukte.de\\\/en\\\/?s={search_term_string}\"},\"query-input\":{\"@type\":\"PropertyValueSpecification\",\"valueRequired\":true,\"valueName\":\"search_term_string\"}}],\"inLanguage\":\"en-US\"},{\"@type\":\"Organization\",\"@id\":\"https:\\\/\\\/www.akuryprodukte.de\\\/en\\\/#organization\",\"name\":\"AkuRy GmbH\",\"url\":\"https:\\\/\\\/www.akuryprodukte.de\\\/en\\\/\",\"logo\":{\"@type\":\"ImageObject\",\"inLanguage\":\"en-US\",\"@id\":\"https:\\\/\\\/www.akuryprodukte.de\\\/en\\\/#\\\/schema\\\/logo\\\/image\\\/\",\"url\":\"https:\\\/\\\/www.akuryprodukte.de\\\/wp-content\\\/uploads\\\/2020\\\/09\\\/Logo_AKY-p-512.jpg\",\"contentUrl\":\"https:\\\/\\\/www.akuryprodukte.de\\\/wp-content\\\/uploads\\\/2020\\\/09\\\/Logo_AKY-p-512.jpg\",\"width\":512,\"height\":512,\"caption\":\"AkuRy GmbH\"},\"image\":{\"@id\":\"https:\\\/\\\/www.akuryprodukte.de\\\/en\\\/#\\\/schema\\\/logo\\\/image\\\/\"},\"sameAs\":[\"https:\\\/\\\/de-de.facebook.com\\\/bioenergetischesinformationsmanagement\\\/\",\"https:\\\/\\\/x.com\\\/heiko_wenner\",\"https:\\\/\\\/www.instagram.com\\\/akury_gmbh\\\/\",\"https:\\\/\\\/www.youtube.com\\\/channel\\\/UCyItRPbJUon1m0Gq6kV2Izw\"]}]}<\/script>\n<!-- \/ Yoast SEO plugin. -->","yoast_head_json":{"title":"S 61 - Weinraute Ruta graveolens - akury","robots":{"index":"index","follow":"follow","max-snippet":"max-snippet:-1","max-image-preview":"max-image-preview:large","max-video-preview":"max-video-preview:-1"},"canonical":"https:\/\/www.akuryprodukte.de\/en\/shop\/s-61-weinraute\/","og_locale":"en_US","og_type":"article","og_title":"S 61 - Weinraute Ruta graveolens - akury","og_description":"S 61 Ruta graveolens\u00a0 (Weinraute) Die Weinraute z\u00e4hlt zur Familie der Rautengew\u00e4chse und ist ein Halbstrauch, der bis zu einem Meter hoch werden kann. Sie ist in S\u00fcdeuropa heimisch und w\u00e4chst wild in den Mittelmeerl\u00e4ndern und vom Balkan bis zur Krim Transformationsziele k\u00f6rperlich \u2013 F\u00fcr einen guten Blutfluss in den Venen sorgen. \u2013 Verletzungen an [&hellip;]","og_url":"https:\/\/www.akuryprodukte.de\/en\/shop\/s-61-weinraute\/","og_site_name":"akury","article_publisher":"https:\/\/de-de.facebook.com\/bioenergetischesinformationsmanagement\/","article_modified_time":"2023-05-23T13:21:02+00:00","og_image":[{"width":550,"height":550,"url":"https:\/\/www.akuryprodukte.de\/wp-content\/uploads\/2021\/05\/S_61_0551.jpg","type":"image\/jpeg"}],"twitter_card":"summary_large_image","twitter_site":"@heiko_wenner","twitter_misc":{"Est. reading time":"1 minute"},"schema":{"@context":"https:\/\/schema.org","@graph":[{"@type":"WebPage","@id":"https:\/\/www.akuryprodukte.de\/en\/shop\/s-61-weinraute\/","url":"https:\/\/www.akuryprodukte.de\/en\/shop\/s-61-weinraute\/","name":"S 61 - Weinraute Ruta graveolens - akury","isPartOf":{"@id":"https:\/\/www.akuryprodukte.de\/en\/#website"},"primaryImageOfPage":{"@id":"https:\/\/www.akuryprodukte.de\/en\/shop\/s-61-weinraute\/#primaryimage"},"image":{"@id":"https:\/\/www.akuryprodukte.de\/en\/shop\/s-61-weinraute\/#primaryimage"},"thumbnailUrl":"https:\/\/www.akuryprodukte.de\/wp-content\/uploads\/2021\/05\/S_61_0551.jpg","datePublished":"2021-04-26T20:57:03+00:00","dateModified":"2023-05-23T13:21:02+00:00","breadcrumb":{"@id":"https:\/\/www.akuryprodukte.de\/en\/shop\/s-61-weinraute\/#breadcrumb"},"inLanguage":"en-US","potentialAction":[{"@type":"ReadAction","target":["https:\/\/www.akuryprodukte.de\/en\/shop\/s-61-weinraute\/"]}]},{"@type":"ImageObject","inLanguage":"en-US","@id":"https:\/\/www.akuryprodukte.de\/en\/shop\/s-61-weinraute\/#primaryimage","url":"https:\/\/www.akuryprodukte.de\/wp-content\/uploads\/2021\/05\/S_61_0551.jpg","contentUrl":"https:\/\/www.akuryprodukte.de\/wp-content\/uploads\/2021\/05\/S_61_0551.jpg","width":550,"height":550,"caption":"akury Information-Chips - Spagyric"},{"@type":"BreadcrumbList","@id":"https:\/\/www.akuryprodukte.de\/en\/shop\/s-61-weinraute\/#breadcrumb","itemListElement":[{"@type":"ListItem","position":1,"name":"Startseite","item":"https:\/\/www.akuryprodukte.de\/en\/"},{"@type":"ListItem","position":2,"name":"Shop","item":"https:\/\/www.akuryprodukte.de\/en\/shop-en\/"},{"@type":"ListItem","position":3,"name":"S 61 &#8211; Weinraute Ruta graveolens"}]},{"@type":"WebSite","@id":"https:\/\/www.akuryprodukte.de\/en\/#website","url":"https:\/\/www.akuryprodukte.de\/en\/","name":"akury","description":"Produkte f\u00fcr Ihr Wohlbefinden","publisher":{"@id":"https:\/\/www.akuryprodukte.de\/en\/#organization"},"potentialAction":[{"@type":"SearchAction","target":{"@type":"EntryPoint","urlTemplate":"https:\/\/www.akuryprodukte.de\/en\/?s={search_term_string}"},"query-input":{"@type":"PropertyValueSpecification","valueRequired":true,"valueName":"search_term_string"}}],"inLanguage":"en-US"},{"@type":"Organization","@id":"https:\/\/www.akuryprodukte.de\/en\/#organization","name":"AkuRy GmbH","url":"https:\/\/www.akuryprodukte.de\/en\/","logo":{"@type":"ImageObject","inLanguage":"en-US","@id":"https:\/\/www.akuryprodukte.de\/en\/#\/schema\/logo\/image\/","url":"https:\/\/www.akuryprodukte.de\/wp-content\/uploads\/2020\/09\/Logo_AKY-p-512.jpg","contentUrl":"https:\/\/www.akuryprodukte.de\/wp-content\/uploads\/2020\/09\/Logo_AKY-p-512.jpg","width":512,"height":512,"caption":"AkuRy GmbH"},"image":{"@id":"https:\/\/www.akuryprodukte.de\/en\/#\/schema\/logo\/image\/"},"sameAs":["https:\/\/de-de.facebook.com\/bioenergetischesinformationsmanagement\/","https:\/\/x.com\/heiko_wenner","https:\/\/www.instagram.com\/akury_gmbh\/","https:\/\/www.youtube.com\/channel\/UCyItRPbJUon1m0Gq6kV2Izw"]}]}},"_links":{"self":[{"href":"https:\/\/www.akuryprodukte.de\/en\/wp-json\/wp\/v2\/product\/6689","targetHints":{"allow":["GET"]}}],"collection":[{"href":"https:\/\/www.akuryprodukte.de\/en\/wp-json\/wp\/v2\/product"}],"about":[{"href":"https:\/\/www.akuryprodukte.de\/en\/wp-json\/wp\/v2\/types\/product"}],"replies":[{"embeddable":true,"href":"https:\/\/www.akuryprodukte.de\/en\/wp-json\/wp\/v2\/comments?post=6689"}],"wp:featuredmedia":[{"embeddable":true,"href":"https:\/\/www.akuryprodukte.de\/en\/wp-json\/wp\/v2\/media\/7071"}],"wp:attachment":[{"href":"https:\/\/www.akuryprodukte.de\/en\/wp-json\/wp\/v2\/media?parent=6689"}],"wp:term":[{"taxonomy":"product_brand","embeddable":true,"href":"https:\/\/www.akuryprodukte.de\/en\/wp-json\/wp\/v2\/product_brand?post=6689"},{"taxonomy":"product_cat","embeddable":true,"href":"https:\/\/www.akuryprodukte.de\/en\/wp-json\/wp\/v2\/product_cat?post=6689"},{"taxonomy":"product_tag","embeddable":true,"href":"https:\/\/www.akuryprodukte.de\/en\/wp-json\/wp\/v2\/product_tag?post=6689"}],"curies":[{"name":"wp","href":"https:\/\/api.w.org\/{rel}","templated":true}]}}